{"id":114,"date":"2021-04-07T19:02:41","date_gmt":"2021-04-07T17:02:41","guid":{"rendered":"https:\/\/inzain.bike\/?page_id=114"},"modified":"2021-04-07T19:02:41","modified_gmt":"2021-04-07T17:02:41","slug":"gravel-pa-mallorca-ride-report","status":"publish","type":"page","link":"https:\/\/inzain.bike\/da\/gravel-pa-mallorca-ride-report\/","title":{"rendered":"Grus p\u00e5 Mallorca Ride Report"},"content":{"rendered":"<div class=\"wp-block-group alignfull has-background-background-color has-background is-layout-flow wp-block-group-is-layout-flow\">\n<div class=\"wp-block-jetpack-layout-grid alignfull column1-desktop-grid__span-10 column1-desktop-grid__start-2 column1-desktop-grid__row-1 column1-tablet-grid__span-8 column1-tablet-grid__row-1 column1-mobile-grid__span-4 column1-mobile-grid__row-1\">\n<div class=\"wp-block-jetpack-layout-grid-column wp-block-jetpack-layout-grid__padding-none\">\n<div class=\"wp-block-image\"><figure class=\"aligncenter size-large\"><img loading=\"lazy\" decoding=\"async\" width=\"3602\" height=\"3265\" src=\"https:\/\/inzain.bike\/wp-content\/uploads\/2021\/04\/g0013561.jpg?w=1024\" alt=\"\" class=\"wp-image-116\" \/><\/figure><\/div>\n<\/div>\n<\/div>\n\n\n\n<div class=\"wp-block-jetpack-layout-grid alignfull column1-desktop-grid__span-12 column1-desktop-grid__row-1 column1-tablet-grid__span-8 column1-tablet-grid__row-1 column1-mobile-grid__span-4 column1-mobile-grid__row-1\">\n<div class=\"wp-block-jetpack-layout-grid-column wp-block-jetpack-layout-grid__padding-none\">\n<p><strong>Mallorca \u2013 For\u00e5r \u2013 Landevejscykling<\/strong>? <\/p>\n\n\n\n<p class=\"margin-top-half\">Nej, slet ikke, Mallorca har mange fantastiske grusveje at opdage, og det gjorde vi!<\/p>\n\n\n\n<figure class=\"wp-block-image size-large\"><img loading=\"lazy\" decoding=\"async\" width=\"4000\" height=\"3000\" src=\"https:\/\/inzain.bike\/wp-content\/uploads\/2021\/04\/20210405_095406.jpg?w=1024\" alt=\"\" class=\"wp-image-119\" \/><\/figure>\n\n\n\n<p>Men alt fra begyndelsen. Oprindeligt var vi 26 mennesker, som skulle til Alar\u00f3, en lille landsby ved foden af Orienten. Det har vi gjort i flere \u00e5r, vi bor fantastisk i vores eget pal\u00e6 med pool, yogarum, egen vink\u00e6lder og en sk\u00f8n have. Vores v\u00e6rtinde fork\u00e6ler os, vi cykler, spiser godt og nyder livet med vinsmagninger og tapas udover alle de fantastiske ture.<\/p>\n\n\n\n<figure class=\"wp-block-image size-large\"><img loading=\"lazy\" decoding=\"async\" width=\"4032\" height=\"3024\" src=\"https:\/\/inzain.bike\/wp-content\/uploads\/2021\/04\/165411931_466150988137609_3865724078445421573_n.jpg?w=1024\" alt=\"\" class=\"wp-image-117\" \/><\/figure>\n\n\n\n<p>I \u00e5r var vi syv, s\u00e5 Can Fressas nu 1.100 kvadratmeter boligareal var mildest talt sparsomt beboet.<br><br>N\u00e5r alle er samlet og k\u00f8rt deres check-out tur, m\u00f8der vi vores Guide, Martin til f\u00f8rste grusrunde. Blandet asfalt, flot grusvej og s\u00e5 nogle str\u00e6kninger med enkeltspor. Det er Mallorca, s\u00e5 vi fik selvf\u00f8lgelig ogs\u00e5 lidt h\u00f8jde. Heldigvis havde han tid til b\u00e5de frokost og kaffe p\u00e5 de omkring 73 km og 730 m. Den v\u00e6rste bakke havde en 20% h\u00e6ldning, s\u00e5 selvom antallet af meter ikke er skr\u00e6mmende, s\u00e5 svier det stadig, n\u00e5r det meste er ret stejlt. God tr\u00e6ning.<\/p>\n\n\n\n<figure class=\"wp-block-image size-large\"><img loading=\"lazy\" decoding=\"async\" width=\"5184\" height=\"3888\" src=\"https:\/\/inzain.bike\/wp-content\/uploads\/2021\/04\/g0011386.jpg?w=1024\" alt=\"\" class=\"wp-image-121\" \/><\/figure>\n\n\n\n<p>Temperaturen stiger, og det er som en varm sommerdag, det f\u00f8les magisk at tage vintert\u00f8jet af, cykle med bare ben og arme. Martin passer godt p\u00e5 os, hj\u00e6lper endda, n\u00e5r en af os bliver punket (G\u00e6t slang eller TL \ud83d\ude42 ).<\/p>\n\n\n\n<p>Vi har i f\u00e6llesskab besluttet, at vi spiser i vores boble, vi har hele huset for os selv, s\u00e5 vi laver selv mad, eller bestiller mad, der bliver leveret direkte til huset. En god m\u00e5de at socialisere p\u00e5<\/p>\n\n\n\n<figure class=\"wp-block-image size-large\"><img loading=\"lazy\" decoding=\"async\" width=\"3024\" height=\"4032\" src=\"https:\/\/inzain.bike\/wp-content\/uploads\/2021\/04\/received_163475168963992.jpeg?w=768\" alt=\"\" class=\"wp-image-124\" \/><\/figure>\n\n\n\n<p>N\u00e6ste dag beslutter vi os for at tage Dan op p\u00e5 ses Rotes tilbud om at komme hjem til dem efter cykelturen, pr\u00f8ve deres egne vine, se p\u00e5 deres fantastiske heste og spise noget ost. Meget flot og l\u00e6rerigt omkring hvordan vin laves og smagen er designet, vi fik ogs\u00e5 appelsinvin, noget der var nyt for mig. Dan og hans svenske kone Ellie har boet p\u00e5 Mallorca i en \u00e5rr\u00e6kke for at give deres d\u00f8tre den bedst mulige opdragelse, kloge valg.<\/p>\n\n\n\n<p><\/p>\n\n\n\n<figure class=\"wp-block-image size-large\"><img loading=\"lazy\" decoding=\"async\" width=\"4000\" height=\"3000\" src=\"https:\/\/inzain.bike\/wp-content\/uploads\/2021\/04\/20210331_163817.jpg?w=1024\" alt=\"\" class=\"wp-image-125\" \/><\/figure>\n\n\n\n<p><\/p>\n\n\n\n<div class=\"wp-block-buttons is-layout-flex wp-block-buttons-is-layout-flex\"><\/div>\n\n\n\n<p>N\u00e6ste dag beslutter vi os for at pr\u00f8ve en grustur givet os af Dan, men p\u00e5 egen h\u00e5nd. Det bliver en utrolig flot tur med en stor andel grus og dejlige veje.<\/p>\n\n\n\n<figure class=\"wp-block-image size-large\"><img decoding=\"async\" src=\"https:\/\/inzain.bike\/wp-content\/uploads\/2021\/04\/20210401_125754.jpg?w=1024\" alt=\"\" class=\"wp-image-127\" \/><\/figure>\n\n\n\n<p>St\u00f8vede veje, all\u00e9er og gamle flodlejer blandes med k\u00f8lige lunde og sm\u00e5 bakker. Kilometerne ruller let forbi, og for mig viser det sig at v\u00e6re en af mine bedste dage p\u00e5 \u00f8en.<\/p>\n\n\n\n<figure class=\"wp-block-image size-large\"><img decoding=\"async\" src=\"https:\/\/inzain.bike\/wp-content\/uploads\/2021\/04\/g0012041.jpg?w=1024\" alt=\"\" class=\"wp-image-130\" \/><\/figure>\n\n\n\n<p>Turen bliver omkring 10 miles og 850 meter i h\u00f8jden. Vi har tid til frokost og kaffe.<\/p>\n\n\n\n<figure class=\"wp-block-image size-large\"><img decoding=\"async\" src=\"https:\/\/inzain.bike\/wp-content\/uploads\/2021\/04\/g0012084.jpg?w=1024\" alt=\"\" class=\"wp-image-132\" \/><\/figure>\n\n\n\n<p>Om aftenen tilberedes Hot Zucchini-gryderet og jeg introducerer banden for den herlige spill\u00f8gner, eller lur som det hedder p\u00e5 LiTH og KTH. M\u00e6rkeligt nok vinder jeg ogs\u00e5 :).<br><br>Vinen, som Helga, vores v\u00e6rtinde, fremtryller fra Sa Portassa, vores egen vink\u00e6lder er faktisk i topklasse, vi har det uhyggeligt godt her p\u00e5 paradis\u00f8en.<\/p>\n\n\n\n<figure class=\"wp-block-image size-large\"><img decoding=\"async\" src=\"https:\/\/inzain.bike\/wp-content\/uploads\/2021\/04\/g0012664.jpg?w=1024\" alt=\"\" class=\"wp-image-133\" \/><\/figure>\n\n\n\n<p>Mallorca har ogs\u00e5 asfalt, og nu er det tid til at pr\u00f8ve s\u00e5dan en tur. Vi har besluttet at cykle Lluc hill eller col de Batalla og s\u00e5 videre til Puerto Pollenca, til frokost og s\u00e5 hjem ad mindre bagveje, som jeg spejdede ved en anden lejlighed. Klatringen op til &quot;Tankstette&quot;, stedet p\u00e5 toppen, er en favorit, flotte serpentiner og noget skygge parret med en fantastisk udsigt og s\u00e5 en &quot;falsk flat&quot; efter 2\/3, s\u00e5 du kan hvile et minut.<\/p>\n\n\n\n<p>Snart bliver det en fantastisk nedtur til Pollenca via col de Femenia, men f\u00f8rst en kop kaffe og et par sm\u00e5 bakker til toppen. Denne nedstigning er virkelig sjov med gode omskiftninger og \u00e6gte udsigter, derefter et langt l\u00f8b til Puerto Pollenca, for en bedre frokost ved havet.<\/p>\n\n\n\n<figure class=\"wp-block-image size-large\"><img decoding=\"async\" src=\"https:\/\/inzain.bike\/wp-content\/uploads\/2021\/04\/g0033027.jpg?w=1024\" alt=\"\" class=\"wp-image-135\" \/><\/figure>\n\n\n\n<p>For mig begynder den bedste del dog med dagen nu, at f\u00f8lge disse sm\u00e5 veje, som Mallorca er fuld af, ingen biler, endel\u00f8se g\u00e5rdhaver med stenmure, blomsterdufte og ren nydelse.<\/p>\n\n\n\n<figure class=\"wp-block-image size-large\"><img decoding=\"async\" src=\"https:\/\/inzain.bike\/wp-content\/uploads\/2021\/04\/g0033177.jpg?w=1024\" alt=\"\" class=\"wp-image-137\" \/><\/figure>\n\n\n\n<p><br>Om aftenen f\u00e5r vi let grillet tun med chilisalater af forskellig art og s\u00e5 Cr\u00e9me Brul\u00e9, livet kunne v\u00e6re v\u00e6rre.<\/p>\n\n\n\n<p><strong>Parc de Llevant<\/strong><\/p>\n\n\n\n<p>I den nord\u00f8stlige del af Mallorca ligger Llevant National Park, det er en helt ny del for mig, og jeg var sp\u00e6ndt p\u00e5 at se, hvad den kunne tilbyde. Vi havde lavet en rute, der startede ved parkens parkeringsplads og arrangeret at transportere os og vores cykler dertil. Det er lidt k\u00f8ligt i luften, men den f\u00f8rste stigning l\u00f8ser varmen. S\u00e5 begynder vores rejse mod havet. Det er nok noget af det smukkeste jeg har set fra en cykelsadel.<br>Vi tabte alle sammen lidt pusten.<\/p>\n\n\n\n<figure class=\"wp-block-image size-large\"><img decoding=\"async\" src=\"https:\/\/inzain.bike\/wp-content\/uploads\/2021\/04\/20210404_094354.jpg?w=1024\" alt=\"\" class=\"wp-image-139\" \/><\/figure>\n\n\n\n<p>Mange dele ned var ret stejle og dem med smalle d\u00e6k valgte nogle gange at g\u00e5 ned, jeg havde mine 52 mm MTB d\u00e6k og fandt vejgreb. Vejen snor sig ned, men hele tiden ser vi havet og bjergene foran os.<\/p>\n\n\n\n<p>Vel nede p\u00e5 stranden ville vi \u00f8nske, at vi havde taget en lille madpakke med, men vi nyder lyden og udsigten, inden den besv\u00e6rlige rejse tilbage begynder.<\/p>\n\n\n\n<figure class=\"wp-block-image size-large\"><img decoding=\"async\" src=\"https:\/\/inzain.bike\/wp-content\/uploads\/2021\/04\/20210404_102625.jpg?w=1024\" alt=\"\" class=\"wp-image-141\" \/><\/figure>\n\n\n\n<p>Der er mange h\u00e5rde partier med teknisk grus og ogs\u00e5 nogle stejle partier, mest 22%. Min garmin Climb Pro-funktion tog en farve, jeg ikke har set f\u00f8r, sort! Men vi rejste os. Det tog omkring tre timer for 18 km, noget af en rekord i sig selv. At kunne rulle ned til Arta p\u00e5 asfalt var ret rart, ligesom en pastafrokost p\u00e5 pladsen.<\/p>\n\n\n\n<p>N\u00e6ste del af turen g\u00e5r ned til Manacor, og vi valgte at pr\u00f8ve Vias Verde, en gammel jernbaned\u00e6mning p\u00e5 tre miles, der er blevet omdannet til en grusvej, alle stationerne er der stadig, og det hele er ret sjovt og en lidt m\u00e6rkeligt, fordi det er s\u00e5 moderne. Hvorfor blev skinnerne fjernet? Det var i hvert fald heldigt for os.<\/p>\n\n\n\n<figure class=\"wp-block-image size-large\"><img decoding=\"async\" src=\"https:\/\/inzain.bike\/wp-content\/uploads\/2021\/04\/g0023909.jpg?w=1024\" alt=\"\" class=\"wp-image-143\" \/><\/figure>\n\n\n\n<p>Da vi ankom til Manacor f\u00f8lte vi, at det var nok for i dag, og bekvemt nok er der tog p\u00e5 Mallorca. Selvf\u00f8lgelig er cykler velkomne, det er trods alt et civiliseret land...<\/p>\n\n\n\n<p>Om aftenen har Helga arrangeret vinsmagning og Tapas, fantastisk hyggeligt og l\u00e6kkert. Jeg fik selv l\u00e6rt, at man m\u00e5ske skulle bruge spyttekarret nogle gange, der var mange glas vin. Vi kom ogs\u00e5 til den konklusion, at vi har brug for bandenavne, s\u00e5 Shiny Rider, Shady Riser, Slack Blatter, Dark Klingon, Ghost Rider og bedst af alt Dirk Diggler blev f\u00f8dt.<\/p>\n\n\n\n<p>P\u00e5 den sidste dag valgte nogle en bjergtur med col de Soller og Puig Major (alias Piggen), mens andre tog en blidere grustur p\u00e5 flade, inden det var tid til at pakke cyklerne sammen, rense k\u00f8leskabet og begynde at gl\u00e6de sig. til n\u00e6ste tur hertil, som heldigvis bliver det allerede i oktober, s\u00e5 vil vi ogs\u00e5 benytte lejligheden til at teste Gravel p\u00e5 Menorca og Martin har nogle nye overraskelser, g\u00e5 ikke glip af det.<br><br><\/p>\n\n\n\n<figure class=\"wp-block-image size-large\"><img decoding=\"async\" src=\"https:\/\/inzain.bike\/wp-content\/uploads\/2021\/04\/20210405_090449.jpg?w=1024\" alt=\"\" class=\"wp-image-145\" \/><\/figure>\n\n\n\n<figure class=\"wp-block-image size-large\"><img decoding=\"async\" src=\"https:\/\/inzain.bike\/wp-content\/uploads\/2021\/04\/20210405_090456.jpg?w=1024\" alt=\"\" class=\"wp-image-146\" \/><\/figure>\n\n\n\n<p><br><\/p>\n\n\n\n<p><br><\/p>\n<\/div>\n<\/div>\n<\/div>","protected":false},"excerpt":{"rendered":"<p>Mallorca &#8211; V\u00e5r &#8211; Landsv\u00e4gscykling? Nejd\u00e5 inte alls, Mallorca har m\u00e5nga grymma grusv\u00e4gar att uppt\u00e4cka, och det gjorde vi! Men allt fr\u00e5n b\u00f6rjan. Ursprungligen var vi 26 personer som skulle \u00e5ka till Alar\u00f3, en liten by vid foten av Orient. Vi har gjort s\u00e5 i flera \u00e5r, vi bor fantastiskt i ett eget mansion med [&hellip;]<\/p>\n","protected":false},"author":135133094,"featured_media":0,"parent":0,"menu_order":0,"comment_status":"closed","ping_status":"closed","template":"","meta":{"_coblocks_attr":"","_coblocks_dimensions":"","_coblocks_responsive_height":"","_coblocks_accordion_ie_support":"","footnotes":""},"class_list":["post-114","page","type-page","status-publish","hentry"],"yoast_head":"<!-- This site is optimized with the Yoast SEO plugin v27.2 - https:\/\/yoast.com\/product\/yoast-seo-wordpress\/ -->\n<title>Gravel p\u00e5 Mallorca Ride Report - INZAIN Cycling EXPERIENCES<\/title>\n<meta name=\"robots\" content=\"index, follow, max-snippet:-1, max-image-preview:large, max-video-preview:-1\" \/>\n<link rel=\"canonical\" href=\"https:\/\/inzain.bike\/da\/gravel-pa-mallorca-ride-report\/\" \/>\n<meta property=\"og:locale\" content=\"da_DK\" \/>\n<meta property=\"og:type\" content=\"article\" \/>\n<meta property=\"og:title\" content=\"Gravel p\u00e5 Mallorca Ride Report - INZAIN Cycling EXPERIENCES\" \/>\n<meta property=\"og:description\" content=\"Mallorca &#8211; V\u00e5r &#8211; Landsv\u00e4gscykling? Nejd\u00e5 inte alls, Mallorca har m\u00e5nga grymma grusv\u00e4gar att uppt\u00e4cka, och det gjorde vi! Men allt fr\u00e5n b\u00f6rjan. Ursprungligen var vi 26 personer som skulle \u00e5ka till Alar\u00f3, en liten by vid foten av Orient. Vi har gjort s\u00e5 i flera \u00e5r, vi bor fantastiskt i ett eget mansion med [&hellip;]\" \/>\n<meta property=\"og:url\" content=\"https:\/\/inzain.bike\/da\/gravel-pa-mallorca-ride-report\/\" \/>\n<meta property=\"og:site_name\" content=\"INZAIN Cycling EXPERIENCES\" \/>\n<meta property=\"article:publisher\" content=\"https:\/\/www.facebook.com\/Inzain.bike\" \/>\n<meta property=\"og:image\" content=\"https:\/\/inzain.bike\/wp-content\/uploads\/2021\/04\/g0013561.jpg?w=1024\" \/>\n<meta name=\"twitter:card\" content=\"summary_large_image\" \/>\n<meta name=\"twitter:label1\" content=\"Estimeret l\u00e6setid\" \/>\n\t<meta name=\"twitter:data1\" content=\"6 minutter\" \/>\n<script type=\"application\/ld+json\" class=\"yoast-schema-graph\">{\"@context\":\"https:\/\/schema.org\",\"@graph\":[{\"@type\":\"WebPage\",\"@id\":\"https:\/\/inzain.bike\/en_gb\/gravel-pa-mallorca-ride-report\/\",\"url\":\"https:\/\/inzain.bike\/en_gb\/gravel-pa-mallorca-ride-report\/\",\"name\":\"Gravel p\u00e5 Mallorca Ride Report - INZAIN Cycling EXPERIENCES\",\"isPartOf\":{\"@id\":\"https:\/\/inzain.bike\/fr_be\/#website\"},\"primaryImageOfPage\":{\"@id\":\"https:\/\/inzain.bike\/en_gb\/gravel-pa-mallorca-ride-report\/#primaryimage\"},\"image\":{\"@id\":\"https:\/\/inzain.bike\/en_gb\/gravel-pa-mallorca-ride-report\/#primaryimage\"},\"thumbnailUrl\":\"https:\/\/inzain.bike\/wp-content\/uploads\/2021\/04\/g0013561.jpg?w=1024\",\"datePublished\":\"2021-04-07T17:02:41+00:00\",\"breadcrumb\":{\"@id\":\"https:\/\/inzain.bike\/en_gb\/gravel-pa-mallorca-ride-report\/#breadcrumb\"},\"inLanguage\":\"da-DK\",\"potentialAction\":[{\"@type\":\"ReadAction\",\"target\":[\"https:\/\/inzain.bike\/en_gb\/gravel-pa-mallorca-ride-report\/\"]}]},{\"@type\":\"ImageObject\",\"inLanguage\":\"da-DK\",\"@id\":\"https:\/\/inzain.bike\/en_gb\/gravel-pa-mallorca-ride-report\/#primaryimage\",\"url\":\"https:\/\/inzain.bike\/wp-content\/uploads\/2021\/04\/g0013561.jpg?w=1024\",\"contentUrl\":\"https:\/\/inzain.bike\/wp-content\/uploads\/2021\/04\/g0013561.jpg?w=1024\"},{\"@type\":\"BreadcrumbList\",\"@id\":\"https:\/\/inzain.bike\/en_gb\/gravel-pa-mallorca-ride-report\/#breadcrumb\",\"itemListElement\":[{\"@type\":\"ListItem\",\"position\":1,\"name\":\"Hem\",\"item\":\"https:\/\/inzain.bike\/fr_be\/\"},{\"@type\":\"ListItem\",\"position\":2,\"name\":\"Gravel p\u00e5 Mallorca Ride Report\"}]},{\"@type\":\"WebSite\",\"@id\":\"https:\/\/inzain.bike\/fr_be\/#website\",\"url\":\"https:\/\/inzain.bike\/fr_be\/\",\"name\":\"INZAIN Cycling EXPERIENCES\",\"description\":\"Cyckling Adventures  - for everyone\",\"publisher\":{\"@id\":\"https:\/\/inzain.bike\/fr_be\/#organization\"},\"alternateName\":\"INZAIN Gravel & Travel\",\"potentialAction\":[{\"@type\":\"SearchAction\",\"target\":{\"@type\":\"EntryPoint\",\"urlTemplate\":\"https:\/\/inzain.bike\/fr_be\/?s={search_term_string}\"},\"query-input\":{\"@type\":\"PropertyValueSpecification\",\"valueRequired\":true,\"valueName\":\"search_term_string\"}}],\"inLanguage\":\"da-DK\"},{\"@type\":\"Organization\",\"@id\":\"https:\/\/inzain.bike\/fr_be\/#organization\",\"name\":\"INZAIN Cycling EXPERIENCES\",\"url\":\"https:\/\/inzain.bike\/fr_be\/\",\"logo\":{\"@type\":\"ImageObject\",\"inLanguage\":\"da-DK\",\"@id\":\"https:\/\/inzain.bike\/fr_be\/#\/schema\/logo\/image\/\",\"url\":\"https:\/\/i0.wp.com\/inzain.bike\/wp-content\/uploads\/2023\/09\/cropped-INZAIN_512x512_white.png?fit=512%2C512&ssl=1\",\"contentUrl\":\"https:\/\/i0.wp.com\/inzain.bike\/wp-content\/uploads\/2023\/09\/cropped-INZAIN_512x512_white.png?fit=512%2C512&ssl=1\",\"width\":512,\"height\":512,\"caption\":\"INZAIN Cycling EXPERIENCES\"},\"image\":{\"@id\":\"https:\/\/inzain.bike\/fr_be\/#\/schema\/logo\/image\/\"},\"sameAs\":[\"https:\/\/www.facebook.com\/Inzain.bike\",\"https:\/\/www.instagram.com\/inzainbike\"]}]}<\/script>\n<!-- \/ Yoast SEO plugin. -->","yoast_head_json":{"title":"Turrapport om grusvej p\u00e5 Mallorca - INZAIN Cycling EXPERIENCES","robots":{"index":"index","follow":"follow","max-snippet":"max-snippet:-1","max-image-preview":"max-image-preview:large","max-video-preview":"max-video-preview:-1"},"canonical":"https:\/\/inzain.bike\/da\/gravel-pa-mallorca-ride-report\/","og_locale":"da_DK","og_type":"article","og_title":"Gravel p\u00e5 Mallorca Ride Report - INZAIN Cycling EXPERIENCES","og_description":"Mallorca &#8211; V\u00e5r &#8211; Landsv\u00e4gscykling? Nejd\u00e5 inte alls, Mallorca har m\u00e5nga grymma grusv\u00e4gar att uppt\u00e4cka, och det gjorde vi! Men allt fr\u00e5n b\u00f6rjan. Ursprungligen var vi 26 personer som skulle \u00e5ka till Alar\u00f3, en liten by vid foten av Orient. Vi har gjort s\u00e5 i flera \u00e5r, vi bor fantastiskt i ett eget mansion med [&hellip;]","og_url":"https:\/\/inzain.bike\/da\/gravel-pa-mallorca-ride-report\/","og_site_name":"INZAIN Cycling EXPERIENCES","article_publisher":"https:\/\/www.facebook.com\/Inzain.bike","og_image":[{"url":"https:\/\/inzain.bike\/wp-content\/uploads\/2021\/04\/g0013561.jpg?w=1024","type":"","width":"","height":""}],"twitter_card":"summary_large_image","twitter_misc":{"Estimeret l\u00e6setid":"6 minutter"},"schema":{"@context":"https:\/\/schema.org","@graph":[{"@type":"WebPage","@id":"https:\/\/inzain.bike\/en_gb\/gravel-pa-mallorca-ride-report\/","url":"https:\/\/inzain.bike\/en_gb\/gravel-pa-mallorca-ride-report\/","name":"Turrapport om grusvej p\u00e5 Mallorca - INZAIN Cycling EXPERIENCES","isPartOf":{"@id":"https:\/\/inzain.bike\/fr_be\/#website"},"primaryImageOfPage":{"@id":"https:\/\/inzain.bike\/en_gb\/gravel-pa-mallorca-ride-report\/#primaryimage"},"image":{"@id":"https:\/\/inzain.bike\/en_gb\/gravel-pa-mallorca-ride-report\/#primaryimage"},"thumbnailUrl":"https:\/\/inzain.bike\/wp-content\/uploads\/2021\/04\/g0013561.jpg?w=1024","datePublished":"2021-04-07T17:02:41+00:00","breadcrumb":{"@id":"https:\/\/inzain.bike\/en_gb\/gravel-pa-mallorca-ride-report\/#breadcrumb"},"inLanguage":"da-DK","potentialAction":[{"@type":"ReadAction","target":["https:\/\/inzain.bike\/en_gb\/gravel-pa-mallorca-ride-report\/"]}]},{"@type":"ImageObject","inLanguage":"da-DK","@id":"https:\/\/inzain.bike\/en_gb\/gravel-pa-mallorca-ride-report\/#primaryimage","url":"https:\/\/inzain.bike\/wp-content\/uploads\/2021\/04\/g0013561.jpg?w=1024","contentUrl":"https:\/\/inzain.bike\/wp-content\/uploads\/2021\/04\/g0013561.jpg?w=1024"},{"@type":"BreadcrumbList","@id":"https:\/\/inzain.bike\/en_gb\/gravel-pa-mallorca-ride-report\/#breadcrumb","itemListElement":[{"@type":"ListItem","position":1,"name":"Hem","item":"https:\/\/inzain.bike\/fr_be\/"},{"@type":"ListItem","position":2,"name":"Gravel p\u00e5 Mallorca Ride Report"}]},{"@type":"WebSite","@id":"https:\/\/inzain.bike\/fr_be\/#website","url":"https:\/\/inzain.bike\/fr_be\/","name":"INZAIN CykelOPLEVELSER","description":"Cykeleventyr - for alle","publisher":{"@id":"https:\/\/inzain.bike\/fr_be\/#organization"},"alternateName":"INZAIN Gravel & Travel","potentialAction":[{"@type":"SearchAction","target":{"@type":"EntryPoint","urlTemplate":"https:\/\/inzain.bike\/fr_be\/?s={search_term_string}"},"query-input":{"@type":"PropertyValueSpecification","valueRequired":true,"valueName":"search_term_string"}}],"inLanguage":"da-DK"},{"@type":"Organization","@id":"https:\/\/inzain.bike\/fr_be\/#organization","name":"INZAIN CykelOPLEVELSER","url":"https:\/\/inzain.bike\/fr_be\/","logo":{"@type":"ImageObject","inLanguage":"da-DK","@id":"https:\/\/inzain.bike\/fr_be\/#\/schema\/logo\/image\/","url":"https:\/\/i0.wp.com\/inzain.bike\/wp-content\/uploads\/2023\/09\/cropped-INZAIN_512x512_white.png?fit=512%2C512&ssl=1","contentUrl":"https:\/\/i0.wp.com\/inzain.bike\/wp-content\/uploads\/2023\/09\/cropped-INZAIN_512x512_white.png?fit=512%2C512&ssl=1","width":512,"height":512,"caption":"INZAIN Cycling EXPERIENCES"},"image":{"@id":"https:\/\/inzain.bike\/fr_be\/#\/schema\/logo\/image\/"},"sameAs":["https:\/\/www.facebook.com\/Inzain.bike","https:\/\/www.instagram.com\/inzainbike"]}]}},"amp_enabled":true,"_links":{"self":[{"href":"https:\/\/inzain.bike\/da\/wp-json\/wp\/v2\/pages\/114","targetHints":{"allow":["GET"]}}],"collection":[{"href":"https:\/\/inzain.bike\/da\/wp-json\/wp\/v2\/pages"}],"about":[{"href":"https:\/\/inzain.bike\/da\/wp-json\/wp\/v2\/types\/page"}],"author":[{"embeddable":true,"href":"https:\/\/inzain.bike\/da\/wp-json\/wp\/v2\/users\/135133094"}],"replies":[{"embeddable":true,"href":"https:\/\/inzain.bike\/da\/wp-json\/wp\/v2\/comments?post=114"}],"version-history":[{"count":0,"href":"https:\/\/inzain.bike\/da\/wp-json\/wp\/v2\/pages\/114\/revisions"}],"wp:attachment":[{"href":"https:\/\/inzain.bike\/da\/wp-json\/wp\/v2\/media?parent=114"}],"curies":[{"name":"wp","href":"https:\/\/api.w.org\/{rel}","templated":true}]}}