{"id":1454,"date":"2022-01-18T12:54:23","date_gmt":"2022-01-18T11:54:23","guid":{"rendered":"https:\/\/inzain.bike\/?page_id=1454"},"modified":"2023-03-22T16:57:39","modified_gmt":"2023-03-22T15:57:39","slug":"villkor-deltagande","status":"publish","type":"page","link":"https:\/\/inzain.bike\/da\/villkor-deltagande\/","title":{"rendered":"Betingelser Deltagelse"},"content":{"rendered":"<h4 class=\"wp-block-heading\" id=\"dina-skyldigheter\"><strong>Dine forpligtelser&nbsp;<\/strong><\/h4>\n\n\n\n<p>Du skal: f\u00f8lge guidernes instruktioner under hele turen, b\u00e6re hjelm, mens du cykler; rid ikke mens du er p\u00e5virket af alkohol eller stoffer; s\u00f8rg for at have en rejseforsikring, der d\u00e6kker bagage, cykeludstyr og udgifter til l\u00e6gebehandling.<\/p>\n\n\n\n<h4 class=\"wp-block-heading\" id=\"vara-rattigheter\"><strong>Vores rettigheder<\/strong><\/h4>\n\n\n\n<p>Vi forbeholder os retten til at annullere eller \u00e6ndre din rejse til enhver tid f\u00f8r afgang; p\u00e5 grund af begivenheder uden for vores kontrol, s\u00e5som, men ikke begr\u00e6nset til: force majeure, oversv\u00f8mmelse, t\u00f8rke, jordsk\u00e6lv eller anden naturkatastrofe; epidemi eller pandemi; terrorangreb, borgerkrig, opstand, strejke eller opt\u00f8jer, krig, trussel om eller forberedelse til krig, v\u00e6bnet konflikt, p\u00e5l\u00e6ggelse af sanktioner, embargo eller afslutning af diplomatiske forbindelser; nuklear, kemisk eller biologisk forurening; eller kollaps af bygninger, brand, eksplosion eller ulykke (samlet &quot;Begivenheder uden for vores kontrol&quot;). Vi forbeholder os ogs\u00e5 retten til at annullere eller \u00e6ndre din rejse p\u00e5 et hvilket som helst tidspunkt f\u00f8r afrejse (efter vores eget sk\u00f8n), selvom vi forsikrer dig om, at vi kun vil bestr\u00e6be os p\u00e5 at g\u00f8re det, n\u00e5r det er absolut n\u00f8dvendigt. Rejsen er en grupperejse, hvis der ikke er nok tilmeldte, kan den blive aflyst, i s\u00e5 fald vil der blive foretaget en refusion, for flybilletter g\u00e6lder s\u00e6rlige betingelser.<\/p>\n\n\n\n<h4 class=\"wp-block-heading\" id=\"overfora-resan\"><strong>Overf\u00f8r turen&nbsp;<\/strong><\/h4>\n\n\n\n<p>Hvis en forretningsm\u00e6ssig eller personlig n\u00f8dsituation ville forhindre dig i at rejse p\u00e5 din rejse, kan du flytte til en anden rejse, der: har pladser tilbage p\u00e5 den og er planlagt til at afg\u00e5 inden for to \u00e5r efter den rejse, du oprindeligt tilmeldte dig. Der er intet gebyr for at overf\u00f8re alle dine betalinger til en anden rejse. <\/p>\n\n\n\n<h4 class=\"wp-block-heading\" id=\"andringar-av-din-resa\"><strong>\u00c6ndringer p\u00e5 din rejse<\/strong><\/h4>\n\n\n\n<p>Vi vil g\u00f8re vores bedste for at sikre, at rejseplanen for din rejse ikke skal \u00e6ndres. Men hvis der opst\u00e5r en begivenhed uden for vores kontrol (vi er muligvis ikke i stand til at f\u00f8lge vores annoncerede rejseplaner eller tidsplaner). Hvis yderligere omkostninger, der er p\u00e5l\u00f8bet som f\u00f8lge af forsinkelse, ulykke eller afbrydelse af den planlagte rejseplan, skyldes begivenheder uden for vores kontrol, kan vi ikke refundere dig for s\u00e5danne omkostninger.<\/p>\n\n\n\n<h4 class=\"wp-block-heading\" id=\"upphavande\"><strong>Oph\u00e6ve&nbsp;<\/strong><\/h4>\n\n\n\n<p>Ved booking: accepterer du, at du har modtaget og l\u00e6st alle oplysninger, vi har givet dig vedr\u00f8rende rejsen; du accepterer, at eventuelle anbefalinger fra os vedr\u00f8rende klima, t\u00f8j, specialudstyr, topografi osv. er lavet i god tro, men at vi ikke kan garantere deres n\u00f8jagtighed eller fuldst\u00e6ndighed; du accepterer, at det er dit ansvar at arrangere en forsikring, der d\u00e6kker dig i hele rejsens varighed; du bekr\u00e6fter din bevidsthed om den fysisk kr\u00e6vende karakter af vores ture og accepterer risici og farer ved vores ture, herunder farer, mens du cykler enten p\u00e5 eller terr\u00e6n og enhver risiko, der opst\u00e5r som f\u00f8lge af (blandt andet) d\u00e5rligt vejr og vejens varierende tilstand og\/eller spor; accepterer risikoen for (blandt andet) forsinkelser, \u00e6ndringer, tab af eller beskadigelse af ejendom, besv\u00e6r og besv\u00e6r; og accepterer nedenst\u00e5ende punkt, deltager du i turen og rider p\u00e5 eget ansvar.<\/p>\n\n\n\n<h4 class=\"wp-block-heading\" id=\"tillamplig-lag-och-jurisdiktion\"><strong>G\u00e6ldende lov og jurisdiktion<\/strong><\/h4>\n\n\n\n<p>Enhver tvist skal afg\u00f8res efter dette:<a href=\"https:\/\/sccinstitute.se\/vara-tjanster\/forenklat-skiljeforfarande\/\">https:\/\/sccinstitute.se\/vara-tjanster\/forenklat-skiljeforfarande\/<\/a><\/p>","protected":false},"excerpt":{"rendered":"<p>Dina skyldigheter&nbsp; Du ska: f\u00f6lja instruktionerna fr\u00e5n guiderna under hela turen, b\u00e4ra hj\u00e4lm under cykling; inte cykla n\u00e4r du \u00e4r p\u00e5verkad av alkohol eller droger; f\u00f6rs\u00e4kra dig om att du har en resef\u00f6rs\u00e4kring som t\u00e4cker bagage, cykelutrustning och sjukv\u00e5rdskostnader. V\u00e5ra r\u00e4ttigheter Vi f\u00f6rbeh\u00e5ller oss r\u00e4tten att avbryta eller \u00e4ndra din resa n\u00e4r som helst innan [&hellip;]<\/p>\n","protected":false},"author":135133094,"featured_media":0,"parent":0,"menu_order":0,"comment_status":"closed","ping_status":"closed","template":"","meta":{"_coblocks_attr":"","_coblocks_dimensions":"","_coblocks_responsive_height":"","_coblocks_accordion_ie_support":"","footnotes":""},"class_list":["post-1454","page","type-page","status-publish","hentry"],"yoast_head":"<!-- This site is optimized with the Yoast SEO plugin v27.2 - https:\/\/yoast.com\/product\/yoast-seo-wordpress\/ -->\n<title>Villkor Deltagande - INZAIN Cycling EXPERIENCES<\/title>\n<meta name=\"robots\" content=\"index, follow, max-snippet:-1, max-image-preview:large, max-video-preview:-1\" \/>\n<link rel=\"canonical\" href=\"https:\/\/inzain.bike\/da\/villkor-deltagande\/\" \/>\n<meta property=\"og:locale\" content=\"da_DK\" \/>\n<meta property=\"og:type\" content=\"article\" \/>\n<meta property=\"og:title\" content=\"Villkor Deltagande - INZAIN Cycling EXPERIENCES\" \/>\n<meta property=\"og:description\" content=\"Dina skyldigheter&nbsp; Du ska: f\u00f6lja instruktionerna fr\u00e5n guiderna under hela turen, b\u00e4ra hj\u00e4lm under cykling; inte cykla n\u00e4r du \u00e4r p\u00e5verkad av alkohol eller droger; f\u00f6rs\u00e4kra dig om att du har en resef\u00f6rs\u00e4kring som t\u00e4cker bagage, cykelutrustning och sjukv\u00e5rdskostnader. V\u00e5ra r\u00e4ttigheter Vi f\u00f6rbeh\u00e5ller oss r\u00e4tten att avbryta eller \u00e4ndra din resa n\u00e4r som helst innan [&hellip;]\" \/>\n<meta property=\"og:url\" content=\"https:\/\/inzain.bike\/da\/villkor-deltagande\/\" \/>\n<meta property=\"og:site_name\" content=\"INZAIN Cycling EXPERIENCES\" \/>\n<meta property=\"article:publisher\" content=\"https:\/\/www.facebook.com\/Inzain.bike\" \/>\n<meta property=\"article:modified_time\" content=\"2023-03-22T15:57:39+00:00\" \/>\n<meta name=\"twitter:card\" content=\"summary_large_image\" \/>\n<meta name=\"twitter:label1\" content=\"Estimeret l\u00e6setid\" \/>\n\t<meta name=\"twitter:data1\" content=\"3 minutter\" \/>\n<script type=\"application\/ld+json\" class=\"yoast-schema-graph\">{\"@context\":\"https:\/\/schema.org\",\"@graph\":[{\"@type\":\"WebPage\",\"@id\":\"https:\/\/inzain.bike\/en_gb\/villkor-deltagande\/\",\"url\":\"https:\/\/inzain.bike\/en_gb\/villkor-deltagande\/\",\"name\":\"Villkor Deltagande - INZAIN Cycling EXPERIENCES\",\"isPartOf\":{\"@id\":\"https:\/\/inzain.bike\/fr_be\/#website\"},\"datePublished\":\"2022-01-18T11:54:23+00:00\",\"dateModified\":\"2023-03-22T15:57:39+00:00\",\"breadcrumb\":{\"@id\":\"https:\/\/inzain.bike\/en_gb\/villkor-deltagande\/#breadcrumb\"},\"inLanguage\":\"da-DK\",\"potentialAction\":[{\"@type\":\"ReadAction\",\"target\":[\"https:\/\/inzain.bike\/en_gb\/villkor-deltagande\/\"]}]},{\"@type\":\"BreadcrumbList\",\"@id\":\"https:\/\/inzain.bike\/en_gb\/villkor-deltagande\/#breadcrumb\",\"itemListElement\":[{\"@type\":\"ListItem\",\"position\":1,\"name\":\"Hem\",\"item\":\"https:\/\/inzain.bike\/fr_be\/\"},{\"@type\":\"ListItem\",\"position\":2,\"name\":\"Villkor Deltagande\"}]},{\"@type\":\"WebSite\",\"@id\":\"https:\/\/inzain.bike\/fr_be\/#website\",\"url\":\"https:\/\/inzain.bike\/fr_be\/\",\"name\":\"INZAIN Cycling EXPERIENCES\",\"description\":\"Cyckling Adventures  - for everyone\",\"publisher\":{\"@id\":\"https:\/\/inzain.bike\/fr_be\/#organization\"},\"alternateName\":\"INZAIN Gravel & Travel\",\"potentialAction\":[{\"@type\":\"SearchAction\",\"target\":{\"@type\":\"EntryPoint\",\"urlTemplate\":\"https:\/\/inzain.bike\/fr_be\/?s={search_term_string}\"},\"query-input\":{\"@type\":\"PropertyValueSpecification\",\"valueRequired\":true,\"valueName\":\"search_term_string\"}}],\"inLanguage\":\"da-DK\"},{\"@type\":\"Organization\",\"@id\":\"https:\/\/inzain.bike\/fr_be\/#organization\",\"name\":\"INZAIN Cycling EXPERIENCES\",\"url\":\"https:\/\/inzain.bike\/fr_be\/\",\"logo\":{\"@type\":\"ImageObject\",\"inLanguage\":\"da-DK\",\"@id\":\"https:\/\/inzain.bike\/fr_be\/#\/schema\/logo\/image\/\",\"url\":\"https:\/\/i0.wp.com\/inzain.bike\/wp-content\/uploads\/2023\/09\/cropped-INZAIN_512x512_white.png?fit=512%2C512&ssl=1\",\"contentUrl\":\"https:\/\/i0.wp.com\/inzain.bike\/wp-content\/uploads\/2023\/09\/cropped-INZAIN_512x512_white.png?fit=512%2C512&ssl=1\",\"width\":512,\"height\":512,\"caption\":\"INZAIN Cycling EXPERIENCES\"},\"image\":{\"@id\":\"https:\/\/inzain.bike\/fr_be\/#\/schema\/logo\/image\/\"},\"sameAs\":[\"https:\/\/www.facebook.com\/Inzain.bike\",\"https:\/\/www.instagram.com\/inzainbike\"]}]}<\/script>\n<!-- \/ Yoast SEO plugin. -->","yoast_head_json":{"title":"Deltagelsesbetingelser - INZAIN Cycling EXPERIENCES","robots":{"index":"index","follow":"follow","max-snippet":"max-snippet:-1","max-image-preview":"max-image-preview:large","max-video-preview":"max-video-preview:-1"},"canonical":"https:\/\/inzain.bike\/da\/villkor-deltagande\/","og_locale":"da_DK","og_type":"article","og_title":"Villkor Deltagande - INZAIN Cycling EXPERIENCES","og_description":"Dina skyldigheter&nbsp; Du ska: f\u00f6lja instruktionerna fr\u00e5n guiderna under hela turen, b\u00e4ra hj\u00e4lm under cykling; inte cykla n\u00e4r du \u00e4r p\u00e5verkad av alkohol eller droger; f\u00f6rs\u00e4kra dig om att du har en resef\u00f6rs\u00e4kring som t\u00e4cker bagage, cykelutrustning och sjukv\u00e5rdskostnader. V\u00e5ra r\u00e4ttigheter Vi f\u00f6rbeh\u00e5ller oss r\u00e4tten att avbryta eller \u00e4ndra din resa n\u00e4r som helst innan [&hellip;]","og_url":"https:\/\/inzain.bike\/da\/villkor-deltagande\/","og_site_name":"INZAIN Cycling EXPERIENCES","article_publisher":"https:\/\/www.facebook.com\/Inzain.bike","article_modified_time":"2023-03-22T15:57:39+00:00","twitter_card":"summary_large_image","twitter_misc":{"Estimeret l\u00e6setid":"3 minutter"},"schema":{"@context":"https:\/\/schema.org","@graph":[{"@type":"WebPage","@id":"https:\/\/inzain.bike\/en_gb\/villkor-deltagande\/","url":"https:\/\/inzain.bike\/en_gb\/villkor-deltagande\/","name":"Deltagelsesbetingelser - INZAIN Cycling EXPERIENCES","isPartOf":{"@id":"https:\/\/inzain.bike\/fr_be\/#website"},"datePublished":"2022-01-18T11:54:23+00:00","dateModified":"2023-03-22T15:57:39+00:00","breadcrumb":{"@id":"https:\/\/inzain.bike\/en_gb\/villkor-deltagande\/#breadcrumb"},"inLanguage":"da-DK","potentialAction":[{"@type":"ReadAction","target":["https:\/\/inzain.bike\/en_gb\/villkor-deltagande\/"]}]},{"@type":"BreadcrumbList","@id":"https:\/\/inzain.bike\/en_gb\/villkor-deltagande\/#breadcrumb","itemListElement":[{"@type":"ListItem","position":1,"name":"Hem","item":"https:\/\/inzain.bike\/fr_be\/"},{"@type":"ListItem","position":2,"name":"Villkor Deltagande"}]},{"@type":"WebSite","@id":"https:\/\/inzain.bike\/fr_be\/#website","url":"https:\/\/inzain.bike\/fr_be\/","name":"INZAIN CykelOPLEVELSER","description":"Cykeleventyr - for alle","publisher":{"@id":"https:\/\/inzain.bike\/fr_be\/#organization"},"alternateName":"INZAIN Gravel & Travel","potentialAction":[{"@type":"SearchAction","target":{"@type":"EntryPoint","urlTemplate":"https:\/\/inzain.bike\/fr_be\/?s={search_term_string}"},"query-input":{"@type":"PropertyValueSpecification","valueRequired":true,"valueName":"search_term_string"}}],"inLanguage":"da-DK"},{"@type":"Organization","@id":"https:\/\/inzain.bike\/fr_be\/#organization","name":"INZAIN CykelOPLEVELSER","url":"https:\/\/inzain.bike\/fr_be\/","logo":{"@type":"ImageObject","inLanguage":"da-DK","@id":"https:\/\/inzain.bike\/fr_be\/#\/schema\/logo\/image\/","url":"https:\/\/i0.wp.com\/inzain.bike\/wp-content\/uploads\/2023\/09\/cropped-INZAIN_512x512_white.png?fit=512%2C512&ssl=1","contentUrl":"https:\/\/i0.wp.com\/inzain.bike\/wp-content\/uploads\/2023\/09\/cropped-INZAIN_512x512_white.png?fit=512%2C512&ssl=1","width":512,"height":512,"caption":"INZAIN Cycling EXPERIENCES"},"image":{"@id":"https:\/\/inzain.bike\/fr_be\/#\/schema\/logo\/image\/"},"sameAs":["https:\/\/www.facebook.com\/Inzain.bike","https:\/\/www.instagram.com\/inzainbike"]}]}},"amp_enabled":true,"_links":{"self":[{"href":"https:\/\/inzain.bike\/da\/wp-json\/wp\/v2\/pages\/1454","targetHints":{"allow":["GET"]}}],"collection":[{"href":"https:\/\/inzain.bike\/da\/wp-json\/wp\/v2\/pages"}],"about":[{"href":"https:\/\/inzain.bike\/da\/wp-json\/wp\/v2\/types\/page"}],"author":[{"embeddable":true,"href":"https:\/\/inzain.bike\/da\/wp-json\/wp\/v2\/users\/135133094"}],"replies":[{"embeddable":true,"href":"https:\/\/inzain.bike\/da\/wp-json\/wp\/v2\/comments?post=1454"}],"version-history":[{"count":0,"href":"https:\/\/inzain.bike\/da\/wp-json\/wp\/v2\/pages\/1454\/revisions"}],"wp:attachment":[{"href":"https:\/\/inzain.bike\/da\/wp-json\/wp\/v2\/media?parent=1454"}],"curies":[{"name":"wp","href":"https:\/\/api.w.org\/{rel}","templated":true}]}}