{"id":1585,"date":"2022-03-08T11:05:33","date_gmt":"2022-03-08T10:05:33","guid":{"rendered":"https:\/\/inzain.bike\/?page_id=1585"},"modified":"2024-03-10T14:31:42","modified_gmt":"2024-03-10T13:31:42","slug":"terms","status":"publish","type":"page","link":"https:\/\/inzain.bike\/da\/terms\/","title":{"rendered":"Betingelser for arrangementet"},"content":{"rendered":"<h4 class=\"wp-block-heading\" id=\"dina-skyldigheter\"><strong>Dine forpligtelser&nbsp;<\/strong><\/h4>\n\n\n\n<p><strong>Du skal:<\/strong><\/p>\n\n\n\n<ul class=\"wp-block-list\">\n<li>F\u00f8lg guidernes instruktioner under hele turen<\/li>\n\n\n\n<li>B\u00e6r hjelm, mens du cykler<\/li>\n\n\n\n<li>K\u00f8r ikke p\u00e5 cykel, mens du er p\u00e5virket af alkohol eller stoffer<\/li>\n\n\n\n<li>S\u00f8rg for at have en rejseforsikring, der d\u00e6kker bagage, cykeludstyr og l\u00e6geudgifter.<\/li>\n<\/ul>\n\n\n\n<h4 class=\"wp-block-heading\" id=\"vara-rattigheter\"><strong>Vores rettigheder<\/strong><\/h4>\n\n\n\n<p>Vi forbeholder os retten til at annullere eller \u00e6ndre din rejse p\u00e5 et hvilket som helst tidspunkt f\u00f8r afgang p\u00e5 grund af begivenheder uden for vores kontrol, s\u00e5som, men ikke begr\u00e6nset til:<\/p>\n\n\n\n<ul class=\"wp-block-list\">\n<li>Force majeure; Oversv\u00f8mmelse; T\u00f8rke; Atomv\u00e5ben, kemisk eller biologisk forurening, kollaps af bygninger, brand, eksplosion eller ulykke (samlet &quot;Begivenheder uden for vores kontrol&quot;).<\/li>\n<\/ul>\n\n\n\n<p>Vi forbeholder os ogs\u00e5 retten til at annullere eller \u00e6ndre din rejse p\u00e5 et hvilket som helst tidspunkt f\u00f8r afrejse (efter vores eget sk\u00f8n), selvom vi forsikrer dig om, at vi kun vil bestr\u00e6be os p\u00e5 at g\u00f8re det, n\u00e5r det er absolut n\u00f8dvendigt.<\/p>\n\n\n\n<h4 class=\"wp-block-heading\" id=\"overfora-resan\"><strong>Overf\u00f8r turen&nbsp;<\/strong><\/h4>\n\n\n\n<p>Hvis en forretningsm\u00e6ssig eller personlig n\u00f8dsituation ville forhindre dig i at tage p\u00e5 din rejse, kan du overf\u00f8re den til en anden person for at blive godkendt af INZAIN. Hvis personen bliver godkendt, afregner du og din afl\u00f8ser udgiften.<br>INZAIN foretager ikke refusion, medmindre annullering sker inden for den fastsatte tid, se afsnittet refusioner.<\/p>\n\n\n\n<h4 class=\"wp-block-heading\" id=\"andringar-av-din-resa\"><strong>\u00c6ndringer p\u00e5 din rejse<\/strong><\/h4>\n\n\n\n<p>Vi vil g\u00f8re vores bedste for at sikre, at rejseplanen for din rejse ikke skal \u00e6ndres. Men hvis der opst\u00e5r en begivenhed uden for vores kontrol (vi er muligvis ikke i stand til at f\u00f8lge vores annoncerede rejseplaner eller tidsplaner). Hvis yderligere omkostninger, der er p\u00e5l\u00f8bet som f\u00f8lge af forsinkelse, ulykke eller afbrydelse af den planlagte rejseplan, skyldes begivenheder uden for vores kontrol, kan vi ikke refundere dig for s\u00e5danne omkostninger.<\/p>\n\n\n\n<h4 class=\"wp-block-heading\" id=\"upphavande\"><strong>Oph\u00e6ve&nbsp;<\/strong><\/h4>\n\n\n\n<p><strong>Ved booking:<\/strong><\/p>\n\n\n\n<ul class=\"wp-block-list\">\n<li>Du accepterer, at du har modtaget og l\u00e6st alle de oplysninger, vi har givet dig vedr\u00f8rende rejsen<\/li>\n\n\n\n<li>Du accepterer, at eventuelle anbefalinger fra os vedr\u00f8rende klima, bekl\u00e6dning, specialudstyr, topografi osv. er lavet i god tro, men at vi ikke kan garantere deres n\u00f8jagtighed eller fuldst\u00e6ndighed<\/li>\n\n\n\n<li>Du accepterer, at det er dit ansvar at s\u00f8rge for en forsikring, der d\u00e6kker dig for hele rejsen<\/li>\n\n\n\n<li>Du anerkender din bevidsthed om den fysisk kr\u00e6vende karakter af vores ture og accepterer risici og farer ved vores ture, herunder farer, mens du cykler enten p\u00e5 eller terr\u00e6n og enhver risiko, der opst\u00e5r som f\u00f8lge af (blandt andet) d\u00e5rligt vejr og vejens varierende tilstand og\/eller spor<\/li>\n\n\n\n<li>Accepterer risikoen for (blandt andet) forsinkelser, \u00e6ndringer, tab af eller skade p\u00e5 ejendom, gener og gener<\/li>\n\n\n\n<li>Udover at acceptere f\u00f8lgende af punkterne nedenfor, deltager du i turen og rider p\u00e5 eget ansvar.<\/li>\n<\/ul>\n\n\n\n<h4 class=\"wp-block-heading\" id=\"tillamplig-lag-och-jurisdiktion\"><strong>G\u00e6ldende lov og jurisdiktion<\/strong><\/h4>\n\n\n\n<p>Enhver tvist skal afg\u00f8res efter dette: <a href=\"https:\/\/sccinstitute.se\/vara-tjanster\/forenklat-skiljeforfarande\/\">https:\/\/sccinstitute.se\/vara-tjanster\/forenklat-skiljeforfarande\/<\/a>\u2018&#039;\u2018<\/p>\n\n\n\n<p><strong>Sygdom<\/strong><\/p>\n\n\n\n<p>Som deltager b\u00f8r du gennemg\u00e5 din forsikring, s\u00e5 den d\u00e6kker udgiften, hvis du m\u00e5 melde afbud p\u00e5 grund af sygdom. INZAIN har intet ansvar for refusion i tilf\u00e6lde af sygdom, hvis dette sker efter betaling er sket<\/p>\n\n\n\n<p><strong>Tilbagebetale<\/strong><\/p>\n\n\n\n<p>Ved bestilling betales rejsen. Hvis du v\u00e6lger at annullere, g\u00e6lder f\u00f8lgende:<br>30% refunderes aldrig, det er reservationsgebyret.<br>70% refunderes ved afbestilling senest 120 dage f\u00f8r afrejse, herefter er der ingen refusion.<\/p>\n\n\n\n<p><\/p>\n\n\n\n<p><\/p>","protected":false},"excerpt":{"rendered":"<p>Dina skyldigheter&nbsp; Du skall: V\u00e5ra r\u00e4ttigheter Vi f\u00f6rbeh\u00e5ller oss r\u00e4tten att avbryta eller \u00e4ndra din resa n\u00e4r som helst innan avresa p\u00e5 grund av h\u00e4ndelser utanf\u00f6r v\u00e5r kontroll, s\u00e5som men inte begr\u00e4nsat till: Vi f\u00f6rbeh\u00e5ller oss ocks\u00e5 r\u00e4tten att st\u00e4lla in eller \u00e4ndra din resa n\u00e4r som helst f\u00f6re avresa (efter eget godtycke), \u00e4ven om [&hellip;]<\/p>\n","protected":false},"author":135133094,"featured_media":0,"parent":0,"menu_order":0,"comment_status":"closed","ping_status":"closed","template":"","meta":{"_coblocks_attr":"","_coblocks_dimensions":"","_coblocks_responsive_height":"","_coblocks_accordion_ie_support":"","footnotes":""},"class_list":["post-1585","page","type-page","status-publish","hentry"],"yoast_head":"<!-- This site is optimized with the Yoast SEO plugin v27.2 - https:\/\/yoast.com\/product\/yoast-seo-wordpress\/ -->\n<title>Villkor f\u00f6r eventet - INZAIN Cycling EXPERIENCES<\/title>\n<meta name=\"robots\" content=\"index, follow, max-snippet:-1, max-image-preview:large, max-video-preview:-1\" \/>\n<link rel=\"canonical\" href=\"https:\/\/inzain.bike\/da\/terms\/\" \/>\n<meta property=\"og:locale\" content=\"da_DK\" \/>\n<meta property=\"og:type\" content=\"article\" \/>\n<meta property=\"og:title\" content=\"Villkor f\u00f6r eventet - INZAIN Cycling EXPERIENCES\" \/>\n<meta property=\"og:description\" content=\"Dina skyldigheter&nbsp; Du skall: V\u00e5ra r\u00e4ttigheter Vi f\u00f6rbeh\u00e5ller oss r\u00e4tten att avbryta eller \u00e4ndra din resa n\u00e4r som helst innan avresa p\u00e5 grund av h\u00e4ndelser utanf\u00f6r v\u00e5r kontroll, s\u00e5som men inte begr\u00e4nsat till: Vi f\u00f6rbeh\u00e5ller oss ocks\u00e5 r\u00e4tten att st\u00e4lla in eller \u00e4ndra din resa n\u00e4r som helst f\u00f6re avresa (efter eget godtycke), \u00e4ven om [&hellip;]\" \/>\n<meta property=\"og:url\" content=\"https:\/\/inzain.bike\/da\/terms\/\" \/>\n<meta property=\"og:site_name\" content=\"INZAIN Cycling EXPERIENCES\" \/>\n<meta property=\"article:publisher\" content=\"https:\/\/www.facebook.com\/Inzain.bike\" \/>\n<meta property=\"article:modified_time\" content=\"2024-03-10T13:31:42+00:00\" \/>\n<meta name=\"twitter:card\" content=\"summary_large_image\" \/>\n<meta name=\"twitter:label1\" content=\"Estimeret l\u00e6setid\" \/>\n\t<meta name=\"twitter:data1\" content=\"3 minutter\" \/>\n<script type=\"application\/ld+json\" class=\"yoast-schema-graph\">{\"@context\":\"https:\/\/schema.org\",\"@graph\":[{\"@type\":\"WebPage\",\"@id\":\"https:\/\/inzain.bike\/nl_be\/terms\/\",\"url\":\"https:\/\/inzain.bike\/nl_be\/terms\/\",\"name\":\"Villkor f\u00f6r eventet - INZAIN Cycling EXPERIENCES\",\"isPartOf\":{\"@id\":\"https:\/\/inzain.bike\/fr_be\/#website\"},\"datePublished\":\"2022-03-08T10:05:33+00:00\",\"dateModified\":\"2024-03-10T13:31:42+00:00\",\"breadcrumb\":{\"@id\":\"https:\/\/inzain.bike\/nl_be\/terms\/#breadcrumb\"},\"inLanguage\":\"da-DK\",\"potentialAction\":[{\"@type\":\"ReadAction\",\"target\":[\"https:\/\/inzain.bike\/nl_be\/terms\/\"]}]},{\"@type\":\"BreadcrumbList\",\"@id\":\"https:\/\/inzain.bike\/nl_be\/terms\/#breadcrumb\",\"itemListElement\":[{\"@type\":\"ListItem\",\"position\":1,\"name\":\"Hem\",\"item\":\"https:\/\/inzain.bike\/fr_be\/\"},{\"@type\":\"ListItem\",\"position\":2,\"name\":\"Villkor f\u00f6r eventet\"}]},{\"@type\":\"WebSite\",\"@id\":\"https:\/\/inzain.bike\/fr_be\/#website\",\"url\":\"https:\/\/inzain.bike\/fr_be\/\",\"name\":\"INZAIN Cycling EXPERIENCES\",\"description\":\"Cyckling Adventures  - for everyone\",\"publisher\":{\"@id\":\"https:\/\/inzain.bike\/fr_be\/#organization\"},\"alternateName\":\"INZAIN Gravel & Travel\",\"potentialAction\":[{\"@type\":\"SearchAction\",\"target\":{\"@type\":\"EntryPoint\",\"urlTemplate\":\"https:\/\/inzain.bike\/fr_be\/?s={search_term_string}\"},\"query-input\":{\"@type\":\"PropertyValueSpecification\",\"valueRequired\":true,\"valueName\":\"search_term_string\"}}],\"inLanguage\":\"da-DK\"},{\"@type\":\"Organization\",\"@id\":\"https:\/\/inzain.bike\/fr_be\/#organization\",\"name\":\"INZAIN Cycling EXPERIENCES\",\"url\":\"https:\/\/inzain.bike\/fr_be\/\",\"logo\":{\"@type\":\"ImageObject\",\"inLanguage\":\"da-DK\",\"@id\":\"https:\/\/inzain.bike\/fr_be\/#\/schema\/logo\/image\/\",\"url\":\"https:\/\/i0.wp.com\/inzain.bike\/wp-content\/uploads\/2023\/09\/cropped-INZAIN_512x512_white.png?fit=512%2C512&ssl=1\",\"contentUrl\":\"https:\/\/i0.wp.com\/inzain.bike\/wp-content\/uploads\/2023\/09\/cropped-INZAIN_512x512_white.png?fit=512%2C512&ssl=1\",\"width\":512,\"height\":512,\"caption\":\"INZAIN Cycling EXPERIENCES\"},\"image\":{\"@id\":\"https:\/\/inzain.bike\/fr_be\/#\/schema\/logo\/image\/\"},\"sameAs\":[\"https:\/\/www.facebook.com\/Inzain.bike\",\"https:\/\/www.instagram.com\/inzainbike\"]}]}<\/script>\n<!-- \/ Yoast SEO plugin. -->","yoast_head_json":{"title":"Betingelser og vilk\u00e5r for begivenheder - INZAIN Cycling EXPERIENCES","robots":{"index":"index","follow":"follow","max-snippet":"max-snippet:-1","max-image-preview":"max-image-preview:large","max-video-preview":"max-video-preview:-1"},"canonical":"https:\/\/inzain.bike\/da\/terms\/","og_locale":"da_DK","og_type":"article","og_title":"Villkor f\u00f6r eventet - INZAIN Cycling EXPERIENCES","og_description":"Dina skyldigheter&nbsp; Du skall: V\u00e5ra r\u00e4ttigheter Vi f\u00f6rbeh\u00e5ller oss r\u00e4tten att avbryta eller \u00e4ndra din resa n\u00e4r som helst innan avresa p\u00e5 grund av h\u00e4ndelser utanf\u00f6r v\u00e5r kontroll, s\u00e5som men inte begr\u00e4nsat till: Vi f\u00f6rbeh\u00e5ller oss ocks\u00e5 r\u00e4tten att st\u00e4lla in eller \u00e4ndra din resa n\u00e4r som helst f\u00f6re avresa (efter eget godtycke), \u00e4ven om [&hellip;]","og_url":"https:\/\/inzain.bike\/da\/terms\/","og_site_name":"INZAIN Cycling EXPERIENCES","article_publisher":"https:\/\/www.facebook.com\/Inzain.bike","article_modified_time":"2024-03-10T13:31:42+00:00","twitter_card":"summary_large_image","twitter_misc":{"Estimeret l\u00e6setid":"3 minutter"},"schema":{"@context":"https:\/\/schema.org","@graph":[{"@type":"WebPage","@id":"https:\/\/inzain.bike\/nl_be\/terms\/","url":"https:\/\/inzain.bike\/nl_be\/terms\/","name":"Betingelser og vilk\u00e5r for begivenheder - INZAIN Cycling EXPERIENCES","isPartOf":{"@id":"https:\/\/inzain.bike\/fr_be\/#website"},"datePublished":"2022-03-08T10:05:33+00:00","dateModified":"2024-03-10T13:31:42+00:00","breadcrumb":{"@id":"https:\/\/inzain.bike\/nl_be\/terms\/#breadcrumb"},"inLanguage":"da-DK","potentialAction":[{"@type":"ReadAction","target":["https:\/\/inzain.bike\/nl_be\/terms\/"]}]},{"@type":"BreadcrumbList","@id":"https:\/\/inzain.bike\/nl_be\/terms\/#breadcrumb","itemListElement":[{"@type":"ListItem","position":1,"name":"Hem","item":"https:\/\/inzain.bike\/fr_be\/"},{"@type":"ListItem","position":2,"name":"Villkor f\u00f6r eventet"}]},{"@type":"WebSite","@id":"https:\/\/inzain.bike\/fr_be\/#website","url":"https:\/\/inzain.bike\/fr_be\/","name":"INZAIN CykelOPLEVELSER","description":"Cykeleventyr - for alle","publisher":{"@id":"https:\/\/inzain.bike\/fr_be\/#organization"},"alternateName":"INZAIN Gravel & Travel","potentialAction":[{"@type":"SearchAction","target":{"@type":"EntryPoint","urlTemplate":"https:\/\/inzain.bike\/fr_be\/?s={search_term_string}"},"query-input":{"@type":"PropertyValueSpecification","valueRequired":true,"valueName":"search_term_string"}}],"inLanguage":"da-DK"},{"@type":"Organization","@id":"https:\/\/inzain.bike\/fr_be\/#organization","name":"INZAIN CykelOPLEVELSER","url":"https:\/\/inzain.bike\/fr_be\/","logo":{"@type":"ImageObject","inLanguage":"da-DK","@id":"https:\/\/inzain.bike\/fr_be\/#\/schema\/logo\/image\/","url":"https:\/\/i0.wp.com\/inzain.bike\/wp-content\/uploads\/2023\/09\/cropped-INZAIN_512x512_white.png?fit=512%2C512&ssl=1","contentUrl":"https:\/\/i0.wp.com\/inzain.bike\/wp-content\/uploads\/2023\/09\/cropped-INZAIN_512x512_white.png?fit=512%2C512&ssl=1","width":512,"height":512,"caption":"INZAIN Cycling EXPERIENCES"},"image":{"@id":"https:\/\/inzain.bike\/fr_be\/#\/schema\/logo\/image\/"},"sameAs":["https:\/\/www.facebook.com\/Inzain.bike","https:\/\/www.instagram.com\/inzainbike"]}]}},"amp_enabled":true,"_links":{"self":[{"href":"https:\/\/inzain.bike\/da\/wp-json\/wp\/v2\/pages\/1585","targetHints":{"allow":["GET"]}}],"collection":[{"href":"https:\/\/inzain.bike\/da\/wp-json\/wp\/v2\/pages"}],"about":[{"href":"https:\/\/inzain.bike\/da\/wp-json\/wp\/v2\/types\/page"}],"author":[{"embeddable":true,"href":"https:\/\/inzain.bike\/da\/wp-json\/wp\/v2\/users\/135133094"}],"replies":[{"embeddable":true,"href":"https:\/\/inzain.bike\/da\/wp-json\/wp\/v2\/comments?post=1585"}],"version-history":[{"count":0,"href":"https:\/\/inzain.bike\/da\/wp-json\/wp\/v2\/pages\/1585\/revisions"}],"wp:attachment":[{"href":"https:\/\/inzain.bike\/da\/wp-json\/wp\/v2\/media?parent=1585"}],"curies":[{"name":"wp","href":"https:\/\/api.w.org\/{rel}","templated":true}]}}