{"id":1986,"date":"2022-10-02T18:29:56","date_gmt":"2022-10-02T16:29:56","guid":{"rendered":"https:\/\/inzain.bike\/?page_id=1986"},"modified":"2023-07-28T09:18:04","modified_gmt":"2023-07-28T07:18:04","slug":"savenfors-gravel-camp","status":"publish","type":"page","link":"https:\/\/inzain.bike\/da\/savenfors-gravel-camp\/","title":{"rendered":"S\u00e4venfors Gruslejr"},"content":{"rendered":"<p>Velkommen til en fantastisk weekend med Grus i Norra Bergslagen<\/p>\n\n\n\n<figure class=\"wp-block-image size-large\"><img loading=\"lazy\" decoding=\"async\" width=\"1024\" height=\"682\" src=\"https:\/\/inzain.bike\/wp-content\/uploads\/2022\/10\/sav3-1024x682.jpg\" alt=\"\" class=\"wp-image-2113\" srcset=\"https:\/\/inzain.bike\/wp-content\/uploads\/2022\/10\/sav3-1024x682.jpg 1024w, https:\/\/inzain.bike\/wp-content\/uploads\/2022\/10\/sav3-300x200.jpg 300w, https:\/\/inzain.bike\/wp-content\/uploads\/2022\/10\/sav3-768x512.jpg 768w, https:\/\/inzain.bike\/wp-content\/uploads\/2022\/10\/sav3-1536x1024.jpg 1536w, https:\/\/inzain.bike\/wp-content\/uploads\/2022\/10\/sav3-18x12.jpg 18w, https:\/\/inzain.bike\/wp-content\/uploads\/2022\/10\/sav3-1320x880.jpg 1320w, https:\/\/inzain.bike\/wp-content\/uploads\/2022\/10\/sav3-600x400.jpg 600w, https:\/\/inzain.bike\/wp-content\/uploads\/2022\/10\/sav3.jpg 2000w\" sizes=\"auto, (max-width: 1024px) 100vw, 1024px\" \/><\/figure>\n\n\n\n<p><strong>Hvorn\u00e5r<\/strong>: 29.-30. juli 2023.<br><strong>Hvor<\/strong>: S\u00e4venfors, Bergslagen<br><strong>Hvordan<\/strong>: Gravel Camp p\u00e5 fantastiske veje<br><strong>S\u00f8vn<\/strong>: Vi bor i <a href=\"https:\/\/savenforslodge.se\/\">S\u00e4venfors Lodge<\/a><br><strong>Spise<\/strong>: Morgenmad p\u00e5 anl\u00e6gget, aftensmad om aftenen er inkluderet i pakken. Du betaler selv for frokost og kaffe p\u00e5 turene.<br><strong>Pris<\/strong>: Selve arrangementet er gratis, men vi har arrangeret overnatningspakker til dem, der har lyst. <br><strong>Grundpakke<\/strong>: Middag l\u00f8rdag, overnatning med afslapning og morgenmad s\u00f8ndag 2.200 SEK<br><strong>Tilf\u00f8jelse<\/strong>: Middag fredag, overnatning med afslapning og morgenmad l\u00f8rdag, 1.800 SEK<\/p>\n\n\n\n<p><strong>Hvad kan du forvente?<\/strong><br>Vi cykler for at have det sjovt, der er ingen intervaller og det handler ikke om at cykle hurtigst men at have den bedste oplevelse. Vil du spr\u00e6lle er det selvf\u00f8lgelig fint, du venter videre. Vi kan ogs\u00e5 dele gruppen op, hvis det viser sig at blive bedre. Vores guider har stor erfaring med at arrangere og afholde disse ture.<\/p>\n\n\n\n<p><strong>Arrangement<\/strong><\/p>\n\n\n\n<p><strong>Grundpakke<\/strong>:<br>Cykell\u00f8rdag, overnatning og bedre middag p\u00e5 S\u00e4venfors Lodge, samt adgang til afslapningsafdelingen.<br>Morgenmad s\u00f8ndag og cykels\u00f8ndag.<br><strong>Tilf\u00f8jelse<\/strong>:<br>Sov p\u00e5 S\u00e4venfors Lodge fredag med middag og morgenmad l\u00f8rdag<br>Prolog: For dem der kan og vil tilbydes en prolog der starter fredag morgen.<br><strong>Bare cykling:<\/strong><br>Hvis du bare vil cykle med os, er det ogs\u00e5 fint, s\u00e5 kan du v\u00e6lge, om du vil spise middag hos os l\u00f8rdag aften.<\/p>\n\n\n\n<figure class=\"wp-block-image size-large\"><img loading=\"lazy\" decoding=\"async\" width=\"1024\" height=\"682\" src=\"https:\/\/inzain.bike\/wp-content\/uploads\/2022\/10\/sav2-1024x682.jpg\" alt=\"\" class=\"wp-image-2116\" srcset=\"https:\/\/inzain.bike\/wp-content\/uploads\/2022\/10\/sav2-1024x682.jpg 1024w, https:\/\/inzain.bike\/wp-content\/uploads\/2022\/10\/sav2-300x200.jpg 300w, https:\/\/inzain.bike\/wp-content\/uploads\/2022\/10\/sav2-768x512.jpg 768w, https:\/\/inzain.bike\/wp-content\/uploads\/2022\/10\/sav2-1536x1024.jpg 1536w, https:\/\/inzain.bike\/wp-content\/uploads\/2022\/10\/sav2-18x12.jpg 18w, https:\/\/inzain.bike\/wp-content\/uploads\/2022\/10\/sav2-1320x880.jpg 1320w, https:\/\/inzain.bike\/wp-content\/uploads\/2022\/10\/sav2-600x400.jpg 600w, https:\/\/inzain.bike\/wp-content\/uploads\/2022\/10\/sav2.jpg 2000w\" sizes=\"auto, (max-width: 1024px) 100vw, 1024px\" \/><\/figure>\n\n\n\n<p><strong>Fredag<\/strong><br>Prolog, for dem der kan og vil cykle selv om fredagen. Ruten er 154 km, men kan forkortes p\u00e5 et par forskellige m\u00e5der. 70 km\/95 km\/110 km. Frokost i Kopparberg. En r\u00e6kke sp\u00e6ndende steder bes\u00f8ges, s\u00e5som en gammel bunker, en Opera(!), udsigtst\u00e5rn med mere. Tager du den fulde rute, er der 2.043 hm at nyde.<br><br><strong>l\u00f8rdag<\/strong> <br>Turen starter og slutter ved lodgen, har to stigninger, mulighed for at sv\u00f8mme, i &quot;lille Hawaii&quot;. Det kan du l\u00e6se lidt mere om <a href=\"https:\/\/teamutangranser.se\/savenfors-gravendal-deluxe\/\">her<\/a>.<\/p>\n\n\n\n<p><strong>S\u00f8ndag<\/strong> <br>En lidt kortere, men lige s\u00e5 smuk tur, der starter efter morgenmad og check-out p\u00e5 lodgen.<br>Vi skal cykle rundt om to elge og tage to figner, en ved Grythyttan og en ved Bl\u00e5 Ost i Bredsj\u00f6. Vel fremme er der vores mobile cykelvask og mulighed for bad og omkl\u00e6dning inden hjemrejsen.<\/p>\n\n\n\n<p><strong>Ruter<\/strong><\/p>\n\n\n\n<p>l\u00f8rdag<\/p>\n\n\n\n<p><iframe src=\"https:\/\/ridewithgps.com\/embeds?type=route&amp;id=36968206&amp;metricUnits=true&amp;sampleGraph=true\" style=\"width: 1px; min-width: 100%; height: 700px; border: none;\" scrolling=\"no\"><\/iframe><\/p>\n\n\n\n<p>S\u00f8ndag<\/p>\n\n\n\n<p><iframe src=\"https:\/\/ridewithgps.com\/embeds?type=route&amp;id=39371456&amp;metricUnits=true&amp;sampleGraph=true\" style=\"width: 1px; min-width: 100%; height: 700px; border: none;\" scrolling=\"no\"><\/iframe> <\/p>\n\n\n\n<p><br><strong>Vi cykler efter Grusets V\u00e4nners principper.<\/strong><br>* Ingen st\u00e5r alene, alle skal v\u00e6re med<br>* Afvisningen g\u00e5r godt, vent til senere<br>* Vi passer p\u00e5 og hj\u00e6lper hinanden i tilf\u00e6lde af punkere eller andre ting.<br>* Vi cykler sikkert og holder afstand, husk tre sekunders reglen.<br>* Det handler om at have en hyggelig dag.<\/p>\n\n\n\n<figure class=\"wp-block-image size-large\"><img loading=\"lazy\" decoding=\"async\" width=\"1024\" height=\"673\" src=\"https:\/\/inzain.bike\/wp-content\/uploads\/2022\/11\/G0023196-1024x673.jpg\" alt=\"\" class=\"wp-image-2434\" srcset=\"https:\/\/inzain.bike\/wp-content\/uploads\/2022\/11\/G0023196-1024x673.jpg 1024w, https:\/\/inzain.bike\/wp-content\/uploads\/2022\/11\/G0023196-300x197.jpg 300w, https:\/\/inzain.bike\/wp-content\/uploads\/2022\/11\/G0023196-768x505.jpg 768w, https:\/\/inzain.bike\/wp-content\/uploads\/2022\/11\/G0023196-1536x1009.jpg 1536w, https:\/\/inzain.bike\/wp-content\/uploads\/2022\/11\/G0023196-2048x1346.jpg 2048w, https:\/\/inzain.bike\/wp-content\/uploads\/2022\/11\/G0023196-18x12.jpg 18w, https:\/\/inzain.bike\/wp-content\/uploads\/2022\/11\/G0023196-1320x868.jpg 1320w, https:\/\/inzain.bike\/wp-content\/uploads\/2022\/11\/G0023196-600x394.jpg 600w\" sizes=\"auto, (max-width: 1024px) 100vw, 1024px\" \/><\/figure>\n\n\n\n<p><strong>Priser<\/strong>:<br>Kun cykling, gratis<br>Grundpakke (Se ovenfor), 2.200 kr<br>Ekstra nattill\u00e6g (Se ovenfor) 1.800 SEK<br>Du betaler selv for kaffe\/frokost p\u00e5 turene.<br><\/p>\n\n\n\n<p><strong>Notifikation<\/strong> <strong>Lukket<\/strong><\/p>","protected":false},"excerpt":{"rendered":"<p>V\u00e4lkommen till en fantastisk helg med Gravel i Norra Bergslagen N\u00e4r: 29-30 juli 2023.Var: S\u00e4venfors, BergslagenHur: Gravel Camp p\u00e5 fantastiska v\u00e4garSova: Vi bor p\u00e5 S\u00e4venfors Lodge\u00c4ta: Frukost p\u00e5 anl\u00e4ggningen, middag p\u00e5 kv\u00e4llen ing\u00e5r i paketet. Lunch o fika p\u00e5 turerna betalar man sj\u00e4lv.Pris: Eventet i sig \u00e4r kostnadsfritt men vi har ordnat med boendepaket f\u00f6r [&hellip;]<\/p>\n","protected":false},"author":135133094,"featured_media":0,"parent":0,"menu_order":0,"comment_status":"closed","ping_status":"closed","template":"","meta":{"_coblocks_attr":"","_coblocks_dimensions":"","_coblocks_responsive_height":"","_coblocks_accordion_ie_support":"","footnotes":""},"class_list":["post-1986","page","type-page","status-publish","hentry"],"yoast_head":"<!-- This site is optimized with the Yoast SEO plugin v27.2 - https:\/\/yoast.com\/product\/yoast-seo-wordpress\/ -->\n<title>S\u00e4venfors Gravel Camp - INZAIN Cycling EXPERIENCES<\/title>\n<meta name=\"robots\" content=\"index, follow, max-snippet:-1, max-image-preview:large, max-video-preview:-1\" \/>\n<link rel=\"canonical\" href=\"https:\/\/inzain.bike\/da\/savenfors-gravel-camp\/\" \/>\n<meta property=\"og:locale\" content=\"da_DK\" \/>\n<meta property=\"og:type\" content=\"article\" \/>\n<meta property=\"og:title\" content=\"S\u00e4venfors Gravel Camp - INZAIN Cycling EXPERIENCES\" \/>\n<meta property=\"og:description\" content=\"V\u00e4lkommen till en fantastisk helg med Gravel i Norra Bergslagen N\u00e4r: 29-30 juli 2023.Var: S\u00e4venfors, BergslagenHur: Gravel Camp p\u00e5 fantastiska v\u00e4garSova: Vi bor p\u00e5 S\u00e4venfors Lodge\u00c4ta: Frukost p\u00e5 anl\u00e4ggningen, middag p\u00e5 kv\u00e4llen ing\u00e5r i paketet. Lunch o fika p\u00e5 turerna betalar man sj\u00e4lv.Pris: Eventet i sig \u00e4r kostnadsfritt men vi har ordnat med boendepaket f\u00f6r [&hellip;]\" \/>\n<meta property=\"og:url\" content=\"https:\/\/inzain.bike\/da\/savenfors-gravel-camp\/\" \/>\n<meta property=\"og:site_name\" content=\"INZAIN Cycling EXPERIENCES\" \/>\n<meta property=\"article:publisher\" content=\"https:\/\/www.facebook.com\/Inzain.bike\" \/>\n<meta property=\"article:modified_time\" content=\"2023-07-28T07:18:04+00:00\" \/>\n<meta property=\"og:image\" content=\"https:\/\/inzain.bike\/wp-content\/uploads\/2022\/10\/sav3-1024x682.jpg\" \/>\n<meta name=\"twitter:card\" content=\"summary_large_image\" \/>\n<meta name=\"twitter:label1\" content=\"Estimeret l\u00e6setid\" \/>\n\t<meta name=\"twitter:data1\" content=\"2 minutter\" \/>\n<script type=\"application\/ld+json\" class=\"yoast-schema-graph\">{\"@context\":\"https:\/\/schema.org\",\"@graph\":[{\"@type\":\"WebPage\",\"@id\":\"https:\/\/inzain.bike\/fi\/savenfors-gravel-camp\/\",\"url\":\"https:\/\/inzain.bike\/fi\/savenfors-gravel-camp\/\",\"name\":\"S\u00e4venfors Gravel Camp - INZAIN Cycling EXPERIENCES\",\"isPartOf\":{\"@id\":\"https:\/\/inzain.bike\/fr_be\/#website\"},\"primaryImageOfPage\":{\"@id\":\"https:\/\/inzain.bike\/fi\/savenfors-gravel-camp\/#primaryimage\"},\"image\":{\"@id\":\"https:\/\/inzain.bike\/fi\/savenfors-gravel-camp\/#primaryimage\"},\"thumbnailUrl\":\"https:\/\/inzain.bike\/wp-content\/uploads\/2022\/10\/sav3-1024x682.jpg\",\"datePublished\":\"2022-10-02T16:29:56+00:00\",\"dateModified\":\"2023-07-28T07:18:04+00:00\",\"breadcrumb\":{\"@id\":\"https:\/\/inzain.bike\/fi\/savenfors-gravel-camp\/#breadcrumb\"},\"inLanguage\":\"da-DK\",\"potentialAction\":[{\"@type\":\"ReadAction\",\"target\":[\"https:\/\/inzain.bike\/fi\/savenfors-gravel-camp\/\"]}]},{\"@type\":\"ImageObject\",\"inLanguage\":\"da-DK\",\"@id\":\"https:\/\/inzain.bike\/fi\/savenfors-gravel-camp\/#primaryimage\",\"url\":\"https:\/\/inzain.bike\/wp-content\/uploads\/2022\/10\/sav3-1024x682.jpg\",\"contentUrl\":\"https:\/\/inzain.bike\/wp-content\/uploads\/2022\/10\/sav3-1024x682.jpg\"},{\"@type\":\"BreadcrumbList\",\"@id\":\"https:\/\/inzain.bike\/fi\/savenfors-gravel-camp\/#breadcrumb\",\"itemListElement\":[{\"@type\":\"ListItem\",\"position\":1,\"name\":\"Hem\",\"item\":\"https:\/\/inzain.bike\/fr_be\/\"},{\"@type\":\"ListItem\",\"position\":2,\"name\":\"S\u00e4venfors Gravel Camp\"}]},{\"@type\":\"WebSite\",\"@id\":\"https:\/\/inzain.bike\/fr_be\/#website\",\"url\":\"https:\/\/inzain.bike\/fr_be\/\",\"name\":\"INZAIN Cycling EXPERIENCES\",\"description\":\"Cyckling Adventures  - for everyone\",\"publisher\":{\"@id\":\"https:\/\/inzain.bike\/fr_be\/#organization\"},\"alternateName\":\"INZAIN Gravel & Travel\",\"potentialAction\":[{\"@type\":\"SearchAction\",\"target\":{\"@type\":\"EntryPoint\",\"urlTemplate\":\"https:\/\/inzain.bike\/fr_be\/?s={search_term_string}\"},\"query-input\":{\"@type\":\"PropertyValueSpecification\",\"valueRequired\":true,\"valueName\":\"search_term_string\"}}],\"inLanguage\":\"da-DK\"},{\"@type\":\"Organization\",\"@id\":\"https:\/\/inzain.bike\/fr_be\/#organization\",\"name\":\"INZAIN Cycling EXPERIENCES\",\"url\":\"https:\/\/inzain.bike\/fr_be\/\",\"logo\":{\"@type\":\"ImageObject\",\"inLanguage\":\"da-DK\",\"@id\":\"https:\/\/inzain.bike\/fr_be\/#\/schema\/logo\/image\/\",\"url\":\"https:\/\/i0.wp.com\/inzain.bike\/wp-content\/uploads\/2023\/09\/cropped-INZAIN_512x512_white.png?fit=512%2C512&ssl=1\",\"contentUrl\":\"https:\/\/i0.wp.com\/inzain.bike\/wp-content\/uploads\/2023\/09\/cropped-INZAIN_512x512_white.png?fit=512%2C512&ssl=1\",\"width\":512,\"height\":512,\"caption\":\"INZAIN Cycling EXPERIENCES\"},\"image\":{\"@id\":\"https:\/\/inzain.bike\/fr_be\/#\/schema\/logo\/image\/\"},\"sameAs\":[\"https:\/\/www.facebook.com\/Inzain.bike\",\"https:\/\/www.instagram.com\/inzainbike\"]}]}<\/script>\n<!-- \/ Yoast SEO plugin. -->","yoast_head_json":{"title":"S\u00e4venfors Gravel Camp - INZAIN Cykeloplevelser","robots":{"index":"index","follow":"follow","max-snippet":"max-snippet:-1","max-image-preview":"max-image-preview:large","max-video-preview":"max-video-preview:-1"},"canonical":"https:\/\/inzain.bike\/da\/savenfors-gravel-camp\/","og_locale":"da_DK","og_type":"article","og_title":"S\u00e4venfors Gravel Camp - INZAIN Cycling EXPERIENCES","og_description":"V\u00e4lkommen till en fantastisk helg med Gravel i Norra Bergslagen N\u00e4r: 29-30 juli 2023.Var: S\u00e4venfors, BergslagenHur: Gravel Camp p\u00e5 fantastiska v\u00e4garSova: Vi bor p\u00e5 S\u00e4venfors Lodge\u00c4ta: Frukost p\u00e5 anl\u00e4ggningen, middag p\u00e5 kv\u00e4llen ing\u00e5r i paketet. Lunch o fika p\u00e5 turerna betalar man sj\u00e4lv.Pris: Eventet i sig \u00e4r kostnadsfritt men vi har ordnat med boendepaket f\u00f6r [&hellip;]","og_url":"https:\/\/inzain.bike\/da\/savenfors-gravel-camp\/","og_site_name":"INZAIN Cycling EXPERIENCES","article_publisher":"https:\/\/www.facebook.com\/Inzain.bike","article_modified_time":"2023-07-28T07:18:04+00:00","og_image":[{"url":"https:\/\/inzain.bike\/wp-content\/uploads\/2022\/10\/sav3-1024x682.jpg","type":"","width":"","height":""}],"twitter_card":"summary_large_image","twitter_misc":{"Estimeret l\u00e6setid":"2 minutter"},"schema":{"@context":"https:\/\/schema.org","@graph":[{"@type":"WebPage","@id":"https:\/\/inzain.bike\/fi\/savenfors-gravel-camp\/","url":"https:\/\/inzain.bike\/fi\/savenfors-gravel-camp\/","name":"S\u00e4venfors Gravel Camp - INZAIN Cykeloplevelser","isPartOf":{"@id":"https:\/\/inzain.bike\/fr_be\/#website"},"primaryImageOfPage":{"@id":"https:\/\/inzain.bike\/fi\/savenfors-gravel-camp\/#primaryimage"},"image":{"@id":"https:\/\/inzain.bike\/fi\/savenfors-gravel-camp\/#primaryimage"},"thumbnailUrl":"https:\/\/inzain.bike\/wp-content\/uploads\/2022\/10\/sav3-1024x682.jpg","datePublished":"2022-10-02T16:29:56+00:00","dateModified":"2023-07-28T07:18:04+00:00","breadcrumb":{"@id":"https:\/\/inzain.bike\/fi\/savenfors-gravel-camp\/#breadcrumb"},"inLanguage":"da-DK","potentialAction":[{"@type":"ReadAction","target":["https:\/\/inzain.bike\/fi\/savenfors-gravel-camp\/"]}]},{"@type":"ImageObject","inLanguage":"da-DK","@id":"https:\/\/inzain.bike\/fi\/savenfors-gravel-camp\/#primaryimage","url":"https:\/\/inzain.bike\/wp-content\/uploads\/2022\/10\/sav3-1024x682.jpg","contentUrl":"https:\/\/inzain.bike\/wp-content\/uploads\/2022\/10\/sav3-1024x682.jpg"},{"@type":"BreadcrumbList","@id":"https:\/\/inzain.bike\/fi\/savenfors-gravel-camp\/#breadcrumb","itemListElement":[{"@type":"ListItem","position":1,"name":"Hem","item":"https:\/\/inzain.bike\/fr_be\/"},{"@type":"ListItem","position":2,"name":"S\u00e4venfors Gravel Camp"}]},{"@type":"WebSite","@id":"https:\/\/inzain.bike\/fr_be\/#website","url":"https:\/\/inzain.bike\/fr_be\/","name":"INZAIN CykelOPLEVELSER","description":"Cykeleventyr - for alle","publisher":{"@id":"https:\/\/inzain.bike\/fr_be\/#organization"},"alternateName":"INZAIN Gravel & Travel","potentialAction":[{"@type":"SearchAction","target":{"@type":"EntryPoint","urlTemplate":"https:\/\/inzain.bike\/fr_be\/?s={search_term_string}"},"query-input":{"@type":"PropertyValueSpecification","valueRequired":true,"valueName":"search_term_string"}}],"inLanguage":"da-DK"},{"@type":"Organization","@id":"https:\/\/inzain.bike\/fr_be\/#organization","name":"INZAIN CykelOPLEVELSER","url":"https:\/\/inzain.bike\/fr_be\/","logo":{"@type":"ImageObject","inLanguage":"da-DK","@id":"https:\/\/inzain.bike\/fr_be\/#\/schema\/logo\/image\/","url":"https:\/\/i0.wp.com\/inzain.bike\/wp-content\/uploads\/2023\/09\/cropped-INZAIN_512x512_white.png?fit=512%2C512&ssl=1","contentUrl":"https:\/\/i0.wp.com\/inzain.bike\/wp-content\/uploads\/2023\/09\/cropped-INZAIN_512x512_white.png?fit=512%2C512&ssl=1","width":512,"height":512,"caption":"INZAIN Cycling EXPERIENCES"},"image":{"@id":"https:\/\/inzain.bike\/fr_be\/#\/schema\/logo\/image\/"},"sameAs":["https:\/\/www.facebook.com\/Inzain.bike","https:\/\/www.instagram.com\/inzainbike"]}]}},"amp_enabled":true,"_links":{"self":[{"href":"https:\/\/inzain.bike\/da\/wp-json\/wp\/v2\/pages\/1986","targetHints":{"allow":["GET"]}}],"collection":[{"href":"https:\/\/inzain.bike\/da\/wp-json\/wp\/v2\/pages"}],"about":[{"href":"https:\/\/inzain.bike\/da\/wp-json\/wp\/v2\/types\/page"}],"author":[{"embeddable":true,"href":"https:\/\/inzain.bike\/da\/wp-json\/wp\/v2\/users\/135133094"}],"replies":[{"embeddable":true,"href":"https:\/\/inzain.bike\/da\/wp-json\/wp\/v2\/comments?post=1986"}],"version-history":[{"count":0,"href":"https:\/\/inzain.bike\/da\/wp-json\/wp\/v2\/pages\/1986\/revisions"}],"wp:attachment":[{"href":"https:\/\/inzain.bike\/da\/wp-json\/wp\/v2\/media?parent=1986"}],"curies":[{"name":"wp","href":"https:\/\/api.w.org\/{rel}","templated":true}]}}