{"id":1994,"date":"2022-10-02T18:37:40","date_gmt":"2022-10-02T16:37:40","guid":{"rendered":"https:\/\/inzain.bike\/?page_id=1994"},"modified":"2023-07-12T09:01:13","modified_gmt":"2023-07-12T07:01:13","slug":"finland-gravel-randonee","status":"publish","type":"page","link":"https:\/\/inzain.bike\/da\/finland-gravel-randonee\/","title":{"rendered":"Finland Grus Randone\u00e9"},"content":{"rendered":"<p>Velkommen til en fantastisk grustur i Finland<\/p>\n\n\n\n<figure class=\"wp-block-image size-large\"><img loading=\"lazy\" decoding=\"async\" width=\"1024\" height=\"607\" src=\"https:\/\/inzain.bike\/wp-content\/uploads\/2022\/11\/the-Moth-1024x607.png\" alt=\"\" class=\"wp-image-2461\" srcset=\"https:\/\/inzain.bike\/wp-content\/uploads\/2022\/11\/the-Moth-1024x607.png 1024w, https:\/\/inzain.bike\/wp-content\/uploads\/2022\/11\/the-Moth-300x178.png 300w, https:\/\/inzain.bike\/wp-content\/uploads\/2022\/11\/the-Moth-768x455.png 768w, https:\/\/inzain.bike\/wp-content\/uploads\/2022\/11\/the-Moth-1536x910.png 1536w, https:\/\/inzain.bike\/wp-content\/uploads\/2022\/11\/the-Moth-18x12.png 18w, https:\/\/inzain.bike\/wp-content\/uploads\/2022\/11\/the-Moth-1320x782.png 1320w, https:\/\/inzain.bike\/wp-content\/uploads\/2022\/11\/the-Moth-600x355.png 600w, https:\/\/inzain.bike\/wp-content\/uploads\/2022\/11\/the-Moth.png 1668w\" sizes=\"auto, (max-width: 1024px) 100vw, 1024px\" \/><\/figure>\n\n\n\n<p><strong>Hvorn\u00e5r<\/strong>: 3.-6. juni 2023.<br><strong>Hvor<\/strong>: Helsinki<br><strong>Rejse<\/strong>: Tallink Sthlm -&gt; Helsinki 2\/6 16:45 &amp; Helsinki -&gt; Sthlm 5\/6 17:00<br><strong>Hvordan<\/strong>: Gravel Camp p\u00e5 fantastiske veje<br><strong>Indkvartering<\/strong>: Vi bor hyggelige steder langs ruten. Se nedenunder<br><\/p>\n\n\n\n<figure class=\"wp-block-image size-large\"><img loading=\"lazy\" decoding=\"async\" width=\"1024\" height=\"684\" src=\"https:\/\/inzain.bike\/wp-content\/uploads\/2022\/10\/sf2-1024x684.jpeg\" alt=\"\" class=\"wp-image-2121\" srcset=\"https:\/\/inzain.bike\/wp-content\/uploads\/2022\/10\/sf2-1024x684.jpeg 1024w, https:\/\/inzain.bike\/wp-content\/uploads\/2022\/10\/sf2-300x200.jpeg 300w, https:\/\/inzain.bike\/wp-content\/uploads\/2022\/10\/sf2-768x513.jpeg 768w, https:\/\/inzain.bike\/wp-content\/uploads\/2022\/10\/sf2-18x12.jpeg 18w, https:\/\/inzain.bike\/wp-content\/uploads\/2022\/10\/sf2-1320x881.jpeg 1320w, https:\/\/inzain.bike\/wp-content\/uploads\/2022\/10\/sf2-600x401.jpeg 600w, https:\/\/inzain.bike\/wp-content\/uploads\/2022\/10\/sf2.jpeg 1450w\" sizes=\"auto, (max-width: 1024px) 100vw, 1024px\" \/><\/figure>\n\n\n\n<p><strong>Hvad kan du forvente?<\/strong><br>Vi cykler for at have det sjovt, der er ingen intervaller og det handler ikke om at cykle hurtigst men at have den bedste oplevelse. Vil du spr\u00e6lle er det selvf\u00f8lgelig fint, du venter videre. Vi kan ogs\u00e5 dele gruppen op, hvis det viser sig at blive bedre. Vores guider har stor erfaring med at arrangere og afholde disse ture.<\/p>\n\n\n\n<p>Silja <a href=\"https:\/\/se.tallink.com\/stockholm-helsingfors-tidtabell\">Tider og booking<\/a><\/p>\n\n\n\n<figure class=\"wp-block-image size-large\"><img loading=\"lazy\" decoding=\"async\" width=\"1024\" height=\"322\" src=\"https:\/\/inzain.bike\/wp-content\/uploads\/2022\/10\/sf1-1-1024x322.jpg\" alt=\"\" class=\"wp-image-2122\" srcset=\"https:\/\/inzain.bike\/wp-content\/uploads\/2022\/10\/sf1-1-1024x322.jpg 1024w, https:\/\/inzain.bike\/wp-content\/uploads\/2022\/10\/sf1-1-300x94.jpg 300w, https:\/\/inzain.bike\/wp-content\/uploads\/2022\/10\/sf1-1-768x242.jpg 768w, https:\/\/inzain.bike\/wp-content\/uploads\/2022\/10\/sf1-1-1536x483.jpg 1536w, https:\/\/inzain.bike\/wp-content\/uploads\/2022\/10\/sf1-1-18x6.jpg 18w, https:\/\/inzain.bike\/wp-content\/uploads\/2022\/10\/sf1-1-1320x415.jpg 1320w, https:\/\/inzain.bike\/wp-content\/uploads\/2022\/10\/sf1-1-600x189.jpg 600w, https:\/\/inzain.bike\/wp-content\/uploads\/2022\/10\/sf1-1.jpg 1920w\" sizes=\"auto, (max-width: 1024px) 100vw, 1024px\" \/><\/figure>\n\n\n\n<p><strong>Fredag<\/strong><br>B\u00e5d om aftenen fra Stockholm, kl. 16:45. Vi spiser godt, tager m\u00e5ske en \u00f8l eller to og sover over til Helsinki, med en ankomsttid p\u00e5 10:30<br><br><strong>l\u00f8rdag<\/strong> <br>Vi ankommer til Helsinki med vores cykler og starter direkte fra havnen. Vi spiser frokost undervejs og ankommer til vores overnatningssted om eftermiddagen. H\u00e5rdeste dag, omkring 11 miles og 1.500hm. Vi holder en simpel kaffepause efter 27 km og frokost efter 54 km p\u00e5 Restaurang Tila, som udover god mad ogs\u00e5 har egen osteproduktion. Restauranten ligger midt i Sibbo Nationalpark. Kaffe er s\u00e5 tilg\u00e6ngelig p\u00e5 75 alt 82 km. Vi bor i <a href=\"https:\/\/www.korpilampi.fi\/en\/\">Hotel Korpilampi<\/a> ved skisportsstedet Serena.<\/p>\n\n\n\n<p><strong>S\u00f8ndag<\/strong> <br>Vi spiser morgenmad og g\u00e5r igen ind i vores velocipeder. I dag har vi 12 miles og 1300 hm foran os. Turen starter sydp\u00e5 via Solvik til Espoo. Frokost indtages i havnen ved Karl\u00f6fj\u00e4rden, efter 46 km ved Nokkalan Mjakka, hvor man ogs\u00e5 kan k\u00f8be en is :). Vi forts\u00e6tter langs kysten op til Tapiola hvor vi igen drejer mod \u00f8st. Ved 80 km passerer vi en butik, hvis der skal k\u00f8bes noget. Vi runder Vittr\u00e4sk og tager en kop kaffe p\u00e5 Lappb\u00f6le efter 96 km. <a href=\"https:\/\/polkuhotel.com\/\">Hotel Polku Nuuksio<\/a> n\u00e5et efter 12 miles. Aftensmad og s\u00f8vn passer da nok ret godt.<\/p>\n\n\n\n<p><strong>Mandag<\/strong><br>Sidste dag cykler vi igen til Helsinki, cirka 80 km og 1.000 hm og der venter b\u00e5den, der tager os tilbage til Stockholm med afgang kl 17:00 med ankomst til Stockholm kl 09:00 tirsdag. Fra hotellet g\u00e5r vi til En\u00e4j\u00e4rvi, hvis vestlige stand vi f\u00f8lger. Vi tager en kop kaffe efter ca. 20 km ved Pohjoinen Pirtti-skibakken. Styrkede cykler vi videre gennem Skogby og Luk. Vi spiser frokost der efter cirka 40 km. Nu drejer turen mod syd og f\u00f8rer os ad fine veje til havnen og den ventende b\u00e5d.<br><br><\/p>\n\n\n\n<p><strong>Ruten - &quot;<em>M\u00f8llen<\/em>\u201c&quot;\u201c<\/strong><\/p>\n\n\n\n<figure class=\"wp-block-image size-large\"><img loading=\"lazy\" decoding=\"async\" width=\"1024\" height=\"658\" src=\"https:\/\/inzain.bike\/wp-content\/uploads\/2022\/11\/image-28-1024x658.png\" alt=\"\" class=\"wp-image-2463\" srcset=\"https:\/\/inzain.bike\/wp-content\/uploads\/2022\/11\/image-28-1024x658.png 1024w, https:\/\/inzain.bike\/wp-content\/uploads\/2022\/11\/image-28-300x193.png 300w, https:\/\/inzain.bike\/wp-content\/uploads\/2022\/11\/image-28-768x493.png 768w, https:\/\/inzain.bike\/wp-content\/uploads\/2022\/11\/image-28-1536x987.png 1536w, https:\/\/inzain.bike\/wp-content\/uploads\/2022\/11\/image-28-2048x1316.png 2048w, https:\/\/inzain.bike\/wp-content\/uploads\/2022\/11\/image-28-18x12.png 18w, https:\/\/inzain.bike\/wp-content\/uploads\/2022\/11\/image-28-1320x848.png 1320w, https:\/\/inzain.bike\/wp-content\/uploads\/2022\/11\/image-28-600x385.png 600w\" sizes=\"auto, (max-width: 1024px) 100vw, 1024px\" \/><\/figure>\n\n\n\n<p>315 km, 3.500 hm tre dage. S\u00f8er, have, skove og marker, nogle gange langt v\u00e6k nogle gange t\u00e6t p\u00e5 byen. En sp\u00e6ndende tur, der g\u00e5r mod uret. Sidste dag s\u00e5 kort som muligt for at skabe en buffer til hjemrejsen kl. 17.00.<\/p>\n\n\n\n<p><br><strong>Vi cykler efter Grusets V\u00e4nners principper.<\/strong><br>* Ingen st\u00e5r alene, alle skal v\u00e6re med<br>* Afvisningen g\u00e5r godt, vent til senere<br>* Vi passer p\u00e5 og hj\u00e6lper hinanden i tilf\u00e6lde af punkere eller andre ting.<br>* Vi cykler sikkert og holder afstand, husk tre sekunders reglen.<br>* Det handler om at have en hyggelig dag.<\/p>\n\n\n\n<p><strong>Hvordan kan jeg deltage?<\/strong><\/p>\n\n\n\n<p>Bestil en m\u00e5de at komme til Helsinki p\u00e5, vi er en gruppe der skal med b\u00e5den fredag aften, (se introduktionen) og booke overnatning, helst p\u00e5 det samme hotel som vi bookede, se ogs\u00e5 ovenfor.<\/p>\n\n\n\n<p><strong>Priser<\/strong>: Gratis<br><br><a href=\"https:\/\/inzain.bike\/da\/finland-gravel-tour-riders-guide\/\"><strong>Rytterguide<\/strong> <\/a><br><\/p>\n\n\n\n<p><strong>Notifikation<\/strong> <strong>Lukket<\/strong><br><\/p>","protected":false},"excerpt":{"rendered":"<p>V\u00e4lkommen till en fantastisk gravel tour i Finland N\u00e4r: 3-6 juni 2023.Var: HelsingforsResa: Tallink Sthlm -&gt; Helsingfors 2\/6 16:45 &amp; Helsingfors -&gt; Sthlm 5\/6 17:00Hur: Gravel Camp p\u00e5 fantastiska v\u00e4garBoende: Vi bor fina st\u00e4llen l\u00e4ngs rutten. Se nedan Vad kan du f\u00f6rv\u00e4nta dig?Vi cyklar f\u00f6r att ha trevligt, det \u00e4r inte n\u00e5gra intervaller och det [&hellip;]<\/p>\n","protected":false},"author":135133094,"featured_media":0,"parent":0,"menu_order":0,"comment_status":"closed","ping_status":"closed","template":"","meta":{"_coblocks_attr":"","_coblocks_dimensions":"","_coblocks_responsive_height":"","_coblocks_accordion_ie_support":"","footnotes":""},"class_list":["post-1994","page","type-page","status-publish","hentry"],"yoast_head":"<!-- This site is optimized with the Yoast SEO plugin v27.2 - https:\/\/yoast.com\/product\/yoast-seo-wordpress\/ -->\n<title>Finland Gravel Randone\u00e9 - INZAIN Cycling EXPERIENCES<\/title>\n<meta name=\"robots\" content=\"index, follow, max-snippet:-1, max-image-preview:large, max-video-preview:-1\" \/>\n<link rel=\"canonical\" href=\"https:\/\/inzain.bike\/da\/finland-gravel-randonee\/\" \/>\n<meta property=\"og:locale\" content=\"da_DK\" \/>\n<meta property=\"og:type\" content=\"article\" \/>\n<meta property=\"og:title\" content=\"Finland Gravel Randone\u00e9 - INZAIN Cycling EXPERIENCES\" \/>\n<meta property=\"og:description\" content=\"V\u00e4lkommen till en fantastisk gravel tour i Finland N\u00e4r: 3-6 juni 2023.Var: HelsingforsResa: Tallink Sthlm -&gt; Helsingfors 2\/6 16:45 &amp; Helsingfors -&gt; Sthlm 5\/6 17:00Hur: Gravel Camp p\u00e5 fantastiska v\u00e4garBoende: Vi bor fina st\u00e4llen l\u00e4ngs rutten. Se nedan Vad kan du f\u00f6rv\u00e4nta dig?Vi cyklar f\u00f6r att ha trevligt, det \u00e4r inte n\u00e5gra intervaller och det [&hellip;]\" \/>\n<meta property=\"og:url\" content=\"https:\/\/inzain.bike\/da\/finland-gravel-randonee\/\" \/>\n<meta property=\"og:site_name\" content=\"INZAIN Cycling EXPERIENCES\" \/>\n<meta property=\"article:publisher\" content=\"https:\/\/www.facebook.com\/Inzain.bike\" \/>\n<meta property=\"article:modified_time\" content=\"2023-07-12T07:01:13+00:00\" \/>\n<meta property=\"og:image\" content=\"https:\/\/inzain.bike\/wp-content\/uploads\/2022\/11\/the-Moth-1024x607.png\" \/>\n<meta name=\"twitter:card\" content=\"summary_large_image\" \/>\n<meta name=\"twitter:label1\" content=\"Estimeret l\u00e6setid\" \/>\n\t<meta name=\"twitter:data1\" content=\"3 minutter\" \/>\n<script type=\"application\/ld+json\" class=\"yoast-schema-graph\">{\"@context\":\"https:\/\/schema.org\",\"@graph\":[{\"@type\":\"WebPage\",\"@id\":\"https:\/\/inzain.bike\/en_gb\/finland-gravel-randonee\/\",\"url\":\"https:\/\/inzain.bike\/en_gb\/finland-gravel-randonee\/\",\"name\":\"Finland Gravel Randone\u00e9 - INZAIN Cycling EXPERIENCES\",\"isPartOf\":{\"@id\":\"https:\/\/inzain.bike\/fr_be\/#website\"},\"primaryImageOfPage\":{\"@id\":\"https:\/\/inzain.bike\/en_gb\/finland-gravel-randonee\/#primaryimage\"},\"image\":{\"@id\":\"https:\/\/inzain.bike\/en_gb\/finland-gravel-randonee\/#primaryimage\"},\"thumbnailUrl\":\"https:\/\/inzain.bike\/wp-content\/uploads\/2022\/11\/the-Moth-1024x607.png\",\"datePublished\":\"2022-10-02T16:37:40+00:00\",\"dateModified\":\"2023-07-12T07:01:13+00:00\",\"breadcrumb\":{\"@id\":\"https:\/\/inzain.bike\/en_gb\/finland-gravel-randonee\/#breadcrumb\"},\"inLanguage\":\"da-DK\",\"potentialAction\":[{\"@type\":\"ReadAction\",\"target\":[\"https:\/\/inzain.bike\/en_gb\/finland-gravel-randonee\/\"]}]},{\"@type\":\"ImageObject\",\"inLanguage\":\"da-DK\",\"@id\":\"https:\/\/inzain.bike\/en_gb\/finland-gravel-randonee\/#primaryimage\",\"url\":\"https:\/\/inzain.bike\/wp-content\/uploads\/2022\/11\/the-Moth-1024x607.png\",\"contentUrl\":\"https:\/\/inzain.bike\/wp-content\/uploads\/2022\/11\/the-Moth-1024x607.png\"},{\"@type\":\"BreadcrumbList\",\"@id\":\"https:\/\/inzain.bike\/en_gb\/finland-gravel-randonee\/#breadcrumb\",\"itemListElement\":[{\"@type\":\"ListItem\",\"position\":1,\"name\":\"Hem\",\"item\":\"https:\/\/inzain.bike\/fr_be\/\"},{\"@type\":\"ListItem\",\"position\":2,\"name\":\"Finland Gravel Randone\u00e9\"}]},{\"@type\":\"WebSite\",\"@id\":\"https:\/\/inzain.bike\/fr_be\/#website\",\"url\":\"https:\/\/inzain.bike\/fr_be\/\",\"name\":\"INZAIN Cycling EXPERIENCES\",\"description\":\"Cyckling Adventures  - for everyone\",\"publisher\":{\"@id\":\"https:\/\/inzain.bike\/fr_be\/#organization\"},\"alternateName\":\"INZAIN Gravel & Travel\",\"potentialAction\":[{\"@type\":\"SearchAction\",\"target\":{\"@type\":\"EntryPoint\",\"urlTemplate\":\"https:\/\/inzain.bike\/fr_be\/?s={search_term_string}\"},\"query-input\":{\"@type\":\"PropertyValueSpecification\",\"valueRequired\":true,\"valueName\":\"search_term_string\"}}],\"inLanguage\":\"da-DK\"},{\"@type\":\"Organization\",\"@id\":\"https:\/\/inzain.bike\/fr_be\/#organization\",\"name\":\"INZAIN Cycling EXPERIENCES\",\"url\":\"https:\/\/inzain.bike\/fr_be\/\",\"logo\":{\"@type\":\"ImageObject\",\"inLanguage\":\"da-DK\",\"@id\":\"https:\/\/inzain.bike\/fr_be\/#\/schema\/logo\/image\/\",\"url\":\"https:\/\/i0.wp.com\/inzain.bike\/wp-content\/uploads\/2023\/09\/cropped-INZAIN_512x512_white.png?fit=512%2C512&ssl=1\",\"contentUrl\":\"https:\/\/i0.wp.com\/inzain.bike\/wp-content\/uploads\/2023\/09\/cropped-INZAIN_512x512_white.png?fit=512%2C512&ssl=1\",\"width\":512,\"height\":512,\"caption\":\"INZAIN Cycling EXPERIENCES\"},\"image\":{\"@id\":\"https:\/\/inzain.bike\/fr_be\/#\/schema\/logo\/image\/\"},\"sameAs\":[\"https:\/\/www.facebook.com\/Inzain.bike\",\"https:\/\/www.instagram.com\/inzainbike\"]}]}<\/script>\n<!-- \/ Yoast SEO plugin. -->","yoast_head_json":{"title":"Finland Gravel Randone\u00e9 - INZAIN Cykeloplevelser","robots":{"index":"index","follow":"follow","max-snippet":"max-snippet:-1","max-image-preview":"max-image-preview:large","max-video-preview":"max-video-preview:-1"},"canonical":"https:\/\/inzain.bike\/da\/finland-gravel-randonee\/","og_locale":"da_DK","og_type":"article","og_title":"Finland Gravel Randone\u00e9 - INZAIN Cycling EXPERIENCES","og_description":"V\u00e4lkommen till en fantastisk gravel tour i Finland N\u00e4r: 3-6 juni 2023.Var: HelsingforsResa: Tallink Sthlm -&gt; Helsingfors 2\/6 16:45 &amp; Helsingfors -&gt; Sthlm 5\/6 17:00Hur: Gravel Camp p\u00e5 fantastiska v\u00e4garBoende: Vi bor fina st\u00e4llen l\u00e4ngs rutten. Se nedan Vad kan du f\u00f6rv\u00e4nta dig?Vi cyklar f\u00f6r att ha trevligt, det \u00e4r inte n\u00e5gra intervaller och det [&hellip;]","og_url":"https:\/\/inzain.bike\/da\/finland-gravel-randonee\/","og_site_name":"INZAIN Cycling EXPERIENCES","article_publisher":"https:\/\/www.facebook.com\/Inzain.bike","article_modified_time":"2023-07-12T07:01:13+00:00","og_image":[{"url":"https:\/\/inzain.bike\/wp-content\/uploads\/2022\/11\/the-Moth-1024x607.png","type":"","width":"","height":""}],"twitter_card":"summary_large_image","twitter_misc":{"Estimeret l\u00e6setid":"3 minutter"},"schema":{"@context":"https:\/\/schema.org","@graph":[{"@type":"WebPage","@id":"https:\/\/inzain.bike\/en_gb\/finland-gravel-randonee\/","url":"https:\/\/inzain.bike\/en_gb\/finland-gravel-randonee\/","name":"Finland Gravel Randone\u00e9 - INZAIN Cykeloplevelser","isPartOf":{"@id":"https:\/\/inzain.bike\/fr_be\/#website"},"primaryImageOfPage":{"@id":"https:\/\/inzain.bike\/en_gb\/finland-gravel-randonee\/#primaryimage"},"image":{"@id":"https:\/\/inzain.bike\/en_gb\/finland-gravel-randonee\/#primaryimage"},"thumbnailUrl":"https:\/\/inzain.bike\/wp-content\/uploads\/2022\/11\/the-Moth-1024x607.png","datePublished":"2022-10-02T16:37:40+00:00","dateModified":"2023-07-12T07:01:13+00:00","breadcrumb":{"@id":"https:\/\/inzain.bike\/en_gb\/finland-gravel-randonee\/#breadcrumb"},"inLanguage":"da-DK","potentialAction":[{"@type":"ReadAction","target":["https:\/\/inzain.bike\/en_gb\/finland-gravel-randonee\/"]}]},{"@type":"ImageObject","inLanguage":"da-DK","@id":"https:\/\/inzain.bike\/en_gb\/finland-gravel-randonee\/#primaryimage","url":"https:\/\/inzain.bike\/wp-content\/uploads\/2022\/11\/the-Moth-1024x607.png","contentUrl":"https:\/\/inzain.bike\/wp-content\/uploads\/2022\/11\/the-Moth-1024x607.png"},{"@type":"BreadcrumbList","@id":"https:\/\/inzain.bike\/en_gb\/finland-gravel-randonee\/#breadcrumb","itemListElement":[{"@type":"ListItem","position":1,"name":"Hem","item":"https:\/\/inzain.bike\/fr_be\/"},{"@type":"ListItem","position":2,"name":"Finland Gravel Randone\u00e9"}]},{"@type":"WebSite","@id":"https:\/\/inzain.bike\/fr_be\/#website","url":"https:\/\/inzain.bike\/fr_be\/","name":"INZAIN CykelOPLEVELSER","description":"Cykeleventyr - for alle","publisher":{"@id":"https:\/\/inzain.bike\/fr_be\/#organization"},"alternateName":"INZAIN Gravel & Travel","potentialAction":[{"@type":"SearchAction","target":{"@type":"EntryPoint","urlTemplate":"https:\/\/inzain.bike\/fr_be\/?s={search_term_string}"},"query-input":{"@type":"PropertyValueSpecification","valueRequired":true,"valueName":"search_term_string"}}],"inLanguage":"da-DK"},{"@type":"Organization","@id":"https:\/\/inzain.bike\/fr_be\/#organization","name":"INZAIN CykelOPLEVELSER","url":"https:\/\/inzain.bike\/fr_be\/","logo":{"@type":"ImageObject","inLanguage":"da-DK","@id":"https:\/\/inzain.bike\/fr_be\/#\/schema\/logo\/image\/","url":"https:\/\/i0.wp.com\/inzain.bike\/wp-content\/uploads\/2023\/09\/cropped-INZAIN_512x512_white.png?fit=512%2C512&ssl=1","contentUrl":"https:\/\/i0.wp.com\/inzain.bike\/wp-content\/uploads\/2023\/09\/cropped-INZAIN_512x512_white.png?fit=512%2C512&ssl=1","width":512,"height":512,"caption":"INZAIN Cycling EXPERIENCES"},"image":{"@id":"https:\/\/inzain.bike\/fr_be\/#\/schema\/logo\/image\/"},"sameAs":["https:\/\/www.facebook.com\/Inzain.bike","https:\/\/www.instagram.com\/inzainbike"]}]}},"amp_enabled":true,"_links":{"self":[{"href":"https:\/\/inzain.bike\/da\/wp-json\/wp\/v2\/pages\/1994","targetHints":{"allow":["GET"]}}],"collection":[{"href":"https:\/\/inzain.bike\/da\/wp-json\/wp\/v2\/pages"}],"about":[{"href":"https:\/\/inzain.bike\/da\/wp-json\/wp\/v2\/types\/page"}],"author":[{"embeddable":true,"href":"https:\/\/inzain.bike\/da\/wp-json\/wp\/v2\/users\/135133094"}],"replies":[{"embeddable":true,"href":"https:\/\/inzain.bike\/da\/wp-json\/wp\/v2\/comments?post=1994"}],"version-history":[{"count":0,"href":"https:\/\/inzain.bike\/da\/wp-json\/wp\/v2\/pages\/1994\/revisions"}],"wp:attachment":[{"href":"https:\/\/inzain.bike\/da\/wp-json\/wp\/v2\/media?parent=1994"}],"curies":[{"name":"wp","href":"https:\/\/api.w.org\/{rel}","templated":true}]}}