{"id":3777,"date":"2023-10-25T19:38:23","date_gmt":"2023-10-25T17:38:23","guid":{"rendered":"https:\/\/inzain.bike\/?page_id=3777"},"modified":"2024-03-03T11:12:33","modified_gmt":"2024-03-03T10:12:33","slug":"aktiviteter","status":"publish","type":"page","link":"https:\/\/inzain.bike\/da\/aktiviteter\/","title":{"rendered":"Stockholms aktiviteter"},"content":{"rendered":"<div class=\"wp-block-columns alignwide is-layout-flex wp-container-core-columns-is-layout-28f84493 wp-block-columns-is-layout-flex\">\n<div class=\"wp-block-column is-layout-flow wp-block-column-is-layout-flow\">\n<p><strong>Handle ind<\/strong><\/p>\n\n\n\n<p>Der er masser af gode shoppingmuligheder i Stockholm. Det er relativt koncentreret omkring en r\u00e6kke centralt beliggende gader. Vi kan foresl\u00e5 en passende rute rundt i byen, der tager os rundt i de mest v\u00e6sentlige dele. Se billede! Start ved Stureplan og afslut ved \u00d6stermalmshallen. Undervejs er der ogs\u00e5 flere gode restauranter og &quot;vandhuller&quot; til at stille b\u00e5de sult og t\u00f8rst.<\/p>\n\n\n\n<figure class=\"wp-block-image size-full\"><img loading=\"lazy\" decoding=\"async\" width=\"1023\" height=\"699\" src=\"https:\/\/inzain.bike\/wp-content\/uploads\/2023\/11\/Shopping.png\" alt=\"\" class=\"wp-image-4331\" srcset=\"https:\/\/inzain.bike\/wp-content\/uploads\/2023\/11\/Shopping.png 1023w, https:\/\/inzain.bike\/wp-content\/uploads\/2023\/11\/Shopping-300x205.png 300w, https:\/\/inzain.bike\/wp-content\/uploads\/2023\/11\/Shopping-768x525.png 768w, https:\/\/inzain.bike\/wp-content\/uploads\/2023\/11\/Shopping-18x12.png 18w, https:\/\/inzain.bike\/wp-content\/uploads\/2023\/11\/Shopping-600x410.png 600w\" sizes=\"auto, (max-width: 1023px) 100vw, 1023px\" \/><\/figure>\n<\/div>\n<\/div>\n\n\n\n<div class=\"wp-block-columns alignwide is-layout-flex wp-container-core-columns-is-layout-28f84493 wp-block-columns-is-layout-flex\">\n<div class=\"wp-block-column is-layout-flow wp-block-column-is-layout-flow\">\n<p><strong>Mad<\/strong><br><br>I dag er der mange restauranter i Stockholm, som er n\u00e6vnt i Michelin-guiden. En 3-stjernet, to 2-stjernet, seks med 1 stjerne og syv med Bib Gourmand-prisen eller &quot;God mad til en rimelig pris&quot;<\/p>\n\n\n\n<figure class=\"wp-block-image size-full\"><img loading=\"lazy\" decoding=\"async\" width=\"1024\" height=\"601\" src=\"https:\/\/inzain.bike\/wp-content\/uploads\/2023\/11\/Michelin.webp\" alt=\"\" class=\"wp-image-4328\" srcset=\"https:\/\/inzain.bike\/wp-content\/uploads\/2023\/11\/Michelin.webp 1024w, https:\/\/inzain.bike\/wp-content\/uploads\/2023\/11\/Michelin-300x176.webp 300w, https:\/\/inzain.bike\/wp-content\/uploads\/2023\/11\/Michelin-768x451.webp 768w, https:\/\/inzain.bike\/wp-content\/uploads\/2023\/11\/Michelin-18x12.webp 18w, https:\/\/inzain.bike\/wp-content\/uploads\/2023\/11\/Michelin-600x352.webp 600w\" sizes=\"auto, (max-width: 1024px) 100vw, 1024px\" \/><\/figure>\n<\/div>\n<\/div>\n\n\n\n<div class=\"wp-block-columns alignwide is-layout-flex wp-container-core-columns-is-layout-28f84493 wp-block-columns-is-layout-flex\">\n<div class=\"wp-block-column is-layout-flow wp-block-column-is-layout-flow\">\n<p><strong>Historie<\/strong><\/p>\n\n\n\n<p>Stockholm blev grundlagt i 1187 og den \u00e6ldste del der blev bygget p\u00e5 hed Stadsholmen. Det er stort set den samme holm eller \u00f8, som Old Town i Stockholm er i dag. Der er ingen bygninger tilbage fra dengang, men den \u00e6ldste bygning, der er tilbage, er Storkyrkan fra \u00e5r 1306. Stockholm var fra begyndelsen mest et handelscenter for varer drevet af handelsm\u00e6nd fra Tyskland. I 1436 fik Stockholm sine byprivilegier, hvilket ogs\u00e5 markerer starten p\u00e5 Stockholm som hovedstad. I midten af 1400-tallet boede omkring 5-6.000 mennesker i byen.<\/p>\n\n\n\n<div class=\"wp-block-columns is-layout-flex wp-container-core-columns-is-layout-28f84493 wp-block-columns-is-layout-flex\">\n<div class=\"wp-block-column is-layout-flow wp-block-column-is-layout-flow\">\n<figure class=\"wp-block-gallery has-nested-images columns-default is-cropped wp-block-gallery-1 is-layout-flex wp-block-gallery-is-layout-flex\">\n<figure class=\"wp-block-image size-large\"><img loading=\"lazy\" decoding=\"async\" width=\"1024\" height=\"670\" data-id=\"4340\" src=\"https:\/\/inzain.bike\/wp-content\/uploads\/2023\/11\/GamlaStan-2.webp\" alt=\"\" class=\"wp-image-4340\" srcset=\"https:\/\/inzain.bike\/wp-content\/uploads\/2023\/11\/GamlaStan-2.webp 1024w, https:\/\/inzain.bike\/wp-content\/uploads\/2023\/11\/GamlaStan-2-300x196.webp 300w, https:\/\/inzain.bike\/wp-content\/uploads\/2023\/11\/GamlaStan-2-768x503.webp 768w, https:\/\/inzain.bike\/wp-content\/uploads\/2023\/11\/GamlaStan-2-18x12.webp 18w, https:\/\/inzain.bike\/wp-content\/uploads\/2023\/11\/GamlaStan-2-600x393.webp 600w\" sizes=\"auto, (max-width: 1024px) 100vw, 1024px\" \/><\/figure>\n\n\n\n<figure class=\"wp-block-image size-large\"><img loading=\"lazy\" decoding=\"async\" width=\"833\" height=\"639\" data-id=\"4336\" src=\"https:\/\/inzain.bike\/wp-content\/uploads\/2023\/11\/Hist1-1.png\" alt=\"\" class=\"wp-image-4336\" srcset=\"https:\/\/inzain.bike\/wp-content\/uploads\/2023\/11\/Hist1-1.png 833w, https:\/\/inzain.bike\/wp-content\/uploads\/2023\/11\/Hist1-1-300x230.png 300w, https:\/\/inzain.bike\/wp-content\/uploads\/2023\/11\/Hist1-1-768x589.png 768w, https:\/\/inzain.bike\/wp-content\/uploads\/2023\/11\/Hist1-1-16x12.png 16w, https:\/\/inzain.bike\/wp-content\/uploads\/2023\/11\/Hist1-1-600x460.png 600w\" sizes=\"auto, (max-width: 833px) 100vw, 833px\" \/><\/figure>\n\n\n\n<figure class=\"wp-block-image size-large\"><img loading=\"lazy\" decoding=\"async\" width=\"844\" height=\"562\" data-id=\"4330\" src=\"https:\/\/inzain.bike\/wp-content\/uploads\/2023\/11\/Olympia.png\" alt=\"\" class=\"wp-image-4330\" srcset=\"https:\/\/inzain.bike\/wp-content\/uploads\/2023\/11\/Olympia.png 844w, https:\/\/inzain.bike\/wp-content\/uploads\/2023\/11\/Olympia-300x200.png 300w, https:\/\/inzain.bike\/wp-content\/uploads\/2023\/11\/Olympia-768x511.png 768w, https:\/\/inzain.bike\/wp-content\/uploads\/2023\/11\/Olympia-18x12.png 18w, https:\/\/inzain.bike\/wp-content\/uploads\/2023\/11\/Olympia-600x400.png 600w\" sizes=\"auto, (max-width: 844px) 100vw, 844px\" \/><\/figure>\n\n\n\n<figure class=\"wp-block-image size-large\"><img loading=\"lazy\" decoding=\"async\" width=\"956\" height=\"679\" data-id=\"4326\" src=\"https:\/\/inzain.bike\/wp-content\/uploads\/2023\/11\/Hist3.png\" alt=\"\" class=\"wp-image-4326\" srcset=\"https:\/\/inzain.bike\/wp-content\/uploads\/2023\/11\/Hist3.png 956w, https:\/\/inzain.bike\/wp-content\/uploads\/2023\/11\/Hist3-300x213.png 300w, https:\/\/inzain.bike\/wp-content\/uploads\/2023\/11\/Hist3-768x545.png 768w, https:\/\/inzain.bike\/wp-content\/uploads\/2023\/11\/Hist3-18x12.png 18w, https:\/\/inzain.bike\/wp-content\/uploads\/2023\/11\/Hist3-600x426.png 600w\" sizes=\"auto, (max-width: 956px) 100vw, 956px\" \/><\/figure>\n\n\n\n<figure class=\"wp-block-image size-large\"><img loading=\"lazy\" decoding=\"async\" width=\"1023\" height=\"744\" data-id=\"4325\" src=\"https:\/\/inzain.bike\/wp-content\/uploads\/2023\/11\/Hist2.webp\" alt=\"\" class=\"wp-image-4325\" srcset=\"https:\/\/inzain.bike\/wp-content\/uploads\/2023\/11\/Hist2.webp 1023w, https:\/\/inzain.bike\/wp-content\/uploads\/2023\/11\/Hist2-300x218.webp 300w, https:\/\/inzain.bike\/wp-content\/uploads\/2023\/11\/Hist2-768x559.webp 768w, https:\/\/inzain.bike\/wp-content\/uploads\/2023\/11\/Hist2-18x12.webp 18w, https:\/\/inzain.bike\/wp-content\/uploads\/2023\/11\/Hist2-600x436.webp 600w\" sizes=\"auto, (max-width: 1023px) 100vw, 1023px\" \/><\/figure>\n<\/figure>\n<\/div>\n<\/div>\n<\/div>\n<\/div>\n\n\n\n<div class=\"wp-block-columns alignwide is-layout-flex wp-container-core-columns-is-layout-28f84493 wp-block-columns-is-layout-flex\">\n<div class=\"wp-block-column is-layout-flow wp-block-column-is-layout-flow\">\n<p>Under supermagtstiden begyndte byplanl\u00e6gningen i st\u00f8rre skala i Stockholm, byen voksede derefter hovedsageligt nordp\u00e5 mod Norrmalm. I Gustav den Tredies tid fik kulturen et l\u00f8ft med blandt andet stiftelsen af Kunstakademiet og Den Kongelige Opera. <\/p>\n<\/div>\n<\/div>\n\n\n\n<div class=\"wp-block-columns alignwide is-layout-flex wp-container-core-columns-is-layout-28f84493 wp-block-columns-is-layout-flex\">\n<div class=\"wp-block-column is-layout-flow wp-block-column-is-layout-flow\">\n<p>I l\u00f8bet af 1800-tallet kom industrialiseringen og i midten af \u00e5rhundredet i 1850 var indbyggertallet 93.000 for hurtigt at vokse til 216.000 i 1885. Byen skulle udbygges og det skete samtidig ved at bygge en jernbane, el, vand og gasv\u00e6rk.<\/p>\n<\/div>\n<\/div>\n\n\n\n<div class=\"wp-block-columns alignwide is-layout-flex wp-container-core-columns-is-layout-28f84493 wp-block-columns-is-layout-flex\">\n<div class=\"wp-block-column is-layout-flow wp-block-column-is-layout-flow\">\n<p>I 1912 blev de olympiske lege afholdt i Stockholm, og det olympiske stadion er stadig tilbage fra det tidspunkt at se. I dag er Stockholm en by med 2,4 millioner indbyggere i hovedstadsomr\u00e5det.<\/p>\n<\/div>\n<\/div>\n\n\n\n<div class=\"wp-block-columns alignwide is-layout-flex wp-container-core-columns-is-layout-28f84493 wp-block-columns-is-layout-flex\">\n<div class=\"wp-block-column is-layout-flow wp-block-column-is-layout-flow\">\n<p><strong>Kultur<\/strong><\/p>\n\n\n\n<p>Der er et utroligt udvalg af museer og andre kulturinstitutioner i Stockholm. Der er omkring 70 museer og blandt de mest popul\u00e6re er Skansen friluftsmuseum og Vasamuseet med verdens eneste bevarede 1600-tals galjon. For de kunstinteresserede anbefales Det Moderne Museum, og for de litteraturinteresserede anbefales et bes\u00f8g p\u00e5 Det Kongelige Bibliotek, der blandt andet har &quot;Dj\u00e4vulsbibeln&quot; udstillet.<\/p>\n\n\n\n<figure class=\"wp-block-image aligncenter size-full\"><img loading=\"lazy\" decoding=\"async\" width=\"665\" height=\"429\" src=\"https:\/\/inzain.bike\/wp-content\/uploads\/2023\/11\/Moderna.png\" alt=\"\" class=\"wp-image-4329\" srcset=\"https:\/\/inzain.bike\/wp-content\/uploads\/2023\/11\/Moderna.png 665w, https:\/\/inzain.bike\/wp-content\/uploads\/2023\/11\/Moderna-300x194.png 300w, https:\/\/inzain.bike\/wp-content\/uploads\/2023\/11\/Moderna-18x12.png 18w, https:\/\/inzain.bike\/wp-content\/uploads\/2023\/11\/Moderna-600x387.png 600w\" sizes=\"auto, (max-width: 665px) 100vw, 665px\" \/><\/figure>\n<\/div>\n<\/div>\n\n\n\n<div class=\"wp-block-columns alignwide is-layout-flex wp-container-core-columns-is-layout-28f84493 wp-block-columns-is-layout-flex\">\n<div class=\"wp-block-column is-layout-flow wp-block-column-is-layout-flow\">\n<p><strong>Det sjove<\/strong><\/p>\n\n\n\n<p>Udvalget af underholdning i Stockholm er varieret. Der arrangeres \u00e5rligt flere (ofte udsolgte) koncerter af b\u00e5de indenlandske og internationale kunstnere. Naturligvis er der natklubber og lignende institutioner med alle t\u00e6nkelige varianter af musik, men det, der m\u00e5ske er mest forbundet med Stockholm, er udbuddet af jazz. Der er flere sm\u00e5 jazzklubber at v\u00e6lge imellem, og det er meget sandsynligt, at der vil v\u00e6re koncerter i gang i den tid, du er i byen. Se efter udvalg p\u00e5 Faching, Stampen, Glenn Miller Caf\u00e9 eller m\u00e5ske den afrikanske jazzklub p\u00e5 Hotel Hellsten...<\/p>\n<\/div>\n<\/div>\n\n\n\n<figure class=\"wp-block-image size-full\"><img loading=\"lazy\" decoding=\"async\" width=\"1023\" height=\"377\" src=\"https:\/\/inzain.bike\/wp-content\/uploads\/2023\/11\/Jazz-1.webp\" alt=\"\" class=\"wp-image-4343\" srcset=\"https:\/\/inzain.bike\/wp-content\/uploads\/2023\/11\/Jazz-1.webp 1023w, https:\/\/inzain.bike\/wp-content\/uploads\/2023\/11\/Jazz-1-300x111.webp 300w, https:\/\/inzain.bike\/wp-content\/uploads\/2023\/11\/Jazz-1-768x283.webp 768w, https:\/\/inzain.bike\/wp-content\/uploads\/2023\/11\/Jazz-1-18x7.webp 18w, https:\/\/inzain.bike\/wp-content\/uploads\/2023\/11\/Jazz-1-600x221.webp 600w\" sizes=\"auto, (max-width: 1023px) 100vw, 1023px\" \/><\/figure>\n\n\n\n<div class=\"wp-block-columns alignwide is-layout-flex wp-container-core-columns-is-layout-28f84493 wp-block-columns-is-layout-flex\">\n<div class=\"wp-block-column is-layout-flow wp-block-column-is-layout-flow\">\n<p><strong>Natur<\/strong><\/p>\n\n\n\n<p>Uanset hvor du vender dig i Stockholm, er naturen altid t\u00e6t p\u00e5. Du vil opdage, hvor hurtigt vi kan forlade bymilj\u00f8et kun for at finde skove og veje helt tomme for biler og mennesker f\u00e5 minutter senere. Det er t\u00e6t p\u00e5 naturen selv ved havet, is\u00e6r fra det sted vi valgte at bruge den f\u00f8rste halvdel af ugen. Fra Ellery Beach House er du ude i det ydre sk\u00e6rg\u00e5rd p\u00e5 30 minutter med en hurtig RIB. N\u00e6ste stop i den retning er s\u00e5 Rusland \ud83d\ude09 .<\/p>\n<\/div>\n<\/div>\n\n\n\n<figure class=\"wp-block-image size-full is-resized\"><img loading=\"lazy\" decoding=\"async\" width=\"571\" height=\"279\" src=\"https:\/\/inzain.bike\/wp-content\/uploads\/2023\/11\/image-1.png\" alt=\"\" class=\"wp-image-4346\" style=\"width:700px;height:auto\" srcset=\"https:\/\/inzain.bike\/wp-content\/uploads\/2023\/11\/image-1.png 571w, https:\/\/inzain.bike\/wp-content\/uploads\/2023\/11\/image-1-300x147.png 300w, https:\/\/inzain.bike\/wp-content\/uploads\/2023\/11\/image-1-18x9.png 18w\" sizes=\"auto, (max-width: 571px) 100vw, 571px\" \/><\/figure>\n\n\n\n<figure class=\"wp-block-image size-large is-resized\"><img loading=\"lazy\" decoding=\"async\" width=\"1024\" height=\"497\" src=\"https:\/\/inzain.bike\/wp-content\/uploads\/2023\/10\/image-14-1024x497.png\" alt=\"\" class=\"wp-image-3846\" style=\"width:701px;height:auto\" srcset=\"https:\/\/inzain.bike\/wp-content\/uploads\/2023\/10\/image-14-1024x497.png 1024w, https:\/\/inzain.bike\/wp-content\/uploads\/2023\/10\/image-14-300x146.png 300w, https:\/\/inzain.bike\/wp-content\/uploads\/2023\/10\/image-14-768x373.png 768w, https:\/\/inzain.bike\/wp-content\/uploads\/2023\/10\/image-14-18x9.png 18w, https:\/\/inzain.bike\/wp-content\/uploads\/2023\/10\/image-14-1320x641.png 1320w, https:\/\/inzain.bike\/wp-content\/uploads\/2023\/10\/image-14-600x291.png 600w, https:\/\/inzain.bike\/wp-content\/uploads\/2023\/10\/image-14.png 1506w\" sizes=\"auto, (max-width: 1024px) 100vw, 1024px\" \/><\/figure>\n\n\n\n<p><\/p>\n\n\n\n<div class=\"wp-block-columns alignwide is-layout-flex wp-container-core-columns-is-layout-28f84493 wp-block-columns-is-layout-flex\">\n<div class=\"wp-block-column is-layout-flow wp-block-column-is-layout-flow\">\n<p>N\u00e5r og hvis vejret tillader det, k\u00f8rer vi en Natcykling. S\u00e5 kommer vi helt t\u00e6t p\u00e5 dyrelivet. Vi vil h\u00f8jst sandsynligt kunne se hjorte, r\u00e6ve, harer, vildsvin, hjorte og m\u00e5ske endda en elg under vores rejse ind i tusm\u00f8rket... ... hvor vi ogs\u00e5 vil se feerne danse hen over markerne lige f\u00f8r solen stiger igen p\u00e5 anden side af natten.<\/p>\n<\/div>\n<\/div>\n\n\n\n<div class=\"wp-block-columns alignwide is-layout-flex wp-container-core-columns-is-layout-28f84493 wp-block-columns-is-layout-flex\">\n<div class=\"wp-block-column is-layout-flow wp-block-column-is-layout-flow\"><\/div>\n\n\n\n<div class=\"wp-block-column is-layout-flow wp-block-column-is-layout-flow\"><\/div>\n<\/div>\n\n\n\n<p><\/p>","protected":false},"excerpt":{"rendered":"<p>Shopping Det finns gott om bra shopping i Stockholm. Den \u00e4r relativt koncentrerad runt ett antal centralt bel\u00e4gna gator. Vi kan f\u00f6rsl\u00e5 en l\u00e4mplig rutt runt stan som tar oss runt de v\u00e4sentligaste delarna. se bild! B\u00f6rja vid Stureplan och avsluta vid \u00d6stermalmshallen. L\u00e4ngs v\u00e4gen finns ocks\u00e5 flera bra restauranger och &#8220;vattenh\u00e5l&#8221; f\u00f6r att sl\u00e4cka [&hellip;]<\/p>\n","protected":false},"author":135133094,"featured_media":0,"parent":0,"menu_order":0,"comment_status":"closed","ping_status":"closed","template":"","meta":{"_coblocks_attr":"Roboto","_coblocks_dimensions":"","_coblocks_responsive_height":"","_coblocks_accordion_ie_support":"","footnotes":""},"class_list":["post-3777","page","type-page","status-publish","hentry"],"yoast_head":"<!-- This site is optimized with the Yoast SEO plugin v27.2 - https:\/\/yoast.com\/product\/yoast-seo-wordpress\/ -->\n<title>Stockholm Aktiviteter - INZAIN Cycling EXPERIENCES<\/title>\n<meta name=\"robots\" content=\"index, follow, max-snippet:-1, max-image-preview:large, max-video-preview:-1\" \/>\n<link rel=\"canonical\" href=\"https:\/\/inzain.bike\/da\/aktiviteter\/\" \/>\n<meta property=\"og:locale\" content=\"da_DK\" \/>\n<meta property=\"og:type\" content=\"article\" \/>\n<meta property=\"og:title\" content=\"Stockholm Aktiviteter - INZAIN Cycling EXPERIENCES\" \/>\n<meta property=\"og:description\" content=\"Shopping Det finns gott om bra shopping i Stockholm. Den \u00e4r relativt koncentrerad runt ett antal centralt bel\u00e4gna gator. Vi kan f\u00f6rsl\u00e5 en l\u00e4mplig rutt runt stan som tar oss runt de v\u00e4sentligaste delarna. se bild! B\u00f6rja vid Stureplan och avsluta vid \u00d6stermalmshallen. L\u00e4ngs v\u00e4gen finns ocks\u00e5 flera bra restauranger och &#8220;vattenh\u00e5l&#8221; f\u00f6r att sl\u00e4cka [&hellip;]\" \/>\n<meta property=\"og:url\" content=\"https:\/\/inzain.bike\/da\/aktiviteter\/\" \/>\n<meta property=\"og:site_name\" content=\"INZAIN Cycling EXPERIENCES\" \/>\n<meta property=\"article:publisher\" content=\"https:\/\/www.facebook.com\/Inzain.bike\" \/>\n<meta property=\"article:modified_time\" content=\"2024-03-03T10:12:33+00:00\" \/>\n<meta property=\"og:image\" content=\"https:\/\/inzain.bike\/wp-content\/uploads\/2023\/11\/Shopping.png\" \/>\n<meta name=\"twitter:card\" content=\"summary_large_image\" \/>\n<meta name=\"twitter:label1\" content=\"Estimeret l\u00e6setid\" \/>\n\t<meta name=\"twitter:data1\" content=\"6 minutter\" \/>\n<script type=\"application\/ld+json\" class=\"yoast-schema-graph\">{\"@context\":\"https:\/\/schema.org\",\"@graph\":[{\"@type\":\"WebPage\",\"@id\":\"https:\/\/inzain.bike\/da\/aktiviteter\/\",\"url\":\"https:\/\/inzain.bike\/da\/aktiviteter\/\",\"name\":\"Stockholm Aktiviteter - INZAIN Cycling EXPERIENCES\",\"isPartOf\":{\"@id\":\"https:\/\/inzain.bike\/fr_be\/#website\"},\"primaryImageOfPage\":{\"@id\":\"https:\/\/inzain.bike\/da\/aktiviteter\/#primaryimage\"},\"image\":{\"@id\":\"https:\/\/inzain.bike\/da\/aktiviteter\/#primaryimage\"},\"thumbnailUrl\":\"https:\/\/inzain.bike\/wp-content\/uploads\/2023\/11\/Shopping.png\",\"datePublished\":\"2023-10-25T17:38:23+00:00\",\"dateModified\":\"2024-03-03T10:12:33+00:00\",\"breadcrumb\":{\"@id\":\"https:\/\/inzain.bike\/da\/aktiviteter\/#breadcrumb\"},\"inLanguage\":\"da-DK\",\"potentialAction\":[{\"@type\":\"ReadAction\",\"target\":[\"https:\/\/inzain.bike\/da\/aktiviteter\/\"]}]},{\"@type\":\"ImageObject\",\"inLanguage\":\"da-DK\",\"@id\":\"https:\/\/inzain.bike\/da\/aktiviteter\/#primaryimage\",\"url\":\"https:\/\/inzain.bike\/wp-content\/uploads\/2023\/11\/Shopping.png\",\"contentUrl\":\"https:\/\/inzain.bike\/wp-content\/uploads\/2023\/11\/Shopping.png\"},{\"@type\":\"BreadcrumbList\",\"@id\":\"https:\/\/inzain.bike\/da\/aktiviteter\/#breadcrumb\",\"itemListElement\":[{\"@type\":\"ListItem\",\"position\":1,\"name\":\"Hem\",\"item\":\"https:\/\/inzain.bike\/fr_be\/\"},{\"@type\":\"ListItem\",\"position\":2,\"name\":\"Stockholm Aktiviteter\"}]},{\"@type\":\"WebSite\",\"@id\":\"https:\/\/inzain.bike\/fr_be\/#website\",\"url\":\"https:\/\/inzain.bike\/fr_be\/\",\"name\":\"INZAIN Cycling EXPERIENCES\",\"description\":\"Cyckling Adventures  - for everyone\",\"publisher\":{\"@id\":\"https:\/\/inzain.bike\/fr_be\/#organization\"},\"alternateName\":\"INZAIN Gravel & Travel\",\"potentialAction\":[{\"@type\":\"SearchAction\",\"target\":{\"@type\":\"EntryPoint\",\"urlTemplate\":\"https:\/\/inzain.bike\/fr_be\/?s={search_term_string}\"},\"query-input\":{\"@type\":\"PropertyValueSpecification\",\"valueRequired\":true,\"valueName\":\"search_term_string\"}}],\"inLanguage\":\"da-DK\"},{\"@type\":\"Organization\",\"@id\":\"https:\/\/inzain.bike\/fr_be\/#organization\",\"name\":\"INZAIN Cycling EXPERIENCES\",\"url\":\"https:\/\/inzain.bike\/fr_be\/\",\"logo\":{\"@type\":\"ImageObject\",\"inLanguage\":\"da-DK\",\"@id\":\"https:\/\/inzain.bike\/fr_be\/#\/schema\/logo\/image\/\",\"url\":\"https:\/\/i0.wp.com\/inzain.bike\/wp-content\/uploads\/2023\/09\/cropped-INZAIN_512x512_white.png?fit=512%2C512&ssl=1\",\"contentUrl\":\"https:\/\/i0.wp.com\/inzain.bike\/wp-content\/uploads\/2023\/09\/cropped-INZAIN_512x512_white.png?fit=512%2C512&ssl=1\",\"width\":512,\"height\":512,\"caption\":\"INZAIN Cycling EXPERIENCES\"},\"image\":{\"@id\":\"https:\/\/inzain.bike\/fr_be\/#\/schema\/logo\/image\/\"},\"sameAs\":[\"https:\/\/www.facebook.com\/Inzain.bike\",\"https:\/\/www.instagram.com\/inzainbike\"]}]}<\/script>\n<!-- \/ Yoast SEO plugin. -->","yoast_head_json":{"title":"Aktiviteter i Stockholm - INZAIN Cykeloplevelser","robots":{"index":"index","follow":"follow","max-snippet":"max-snippet:-1","max-image-preview":"max-image-preview:large","max-video-preview":"max-video-preview:-1"},"canonical":"https:\/\/inzain.bike\/da\/aktiviteter\/","og_locale":"da_DK","og_type":"article","og_title":"Stockholm Aktiviteter - INZAIN Cycling EXPERIENCES","og_description":"Shopping Det finns gott om bra shopping i Stockholm. Den \u00e4r relativt koncentrerad runt ett antal centralt bel\u00e4gna gator. Vi kan f\u00f6rsl\u00e5 en l\u00e4mplig rutt runt stan som tar oss runt de v\u00e4sentligaste delarna. se bild! B\u00f6rja vid Stureplan och avsluta vid \u00d6stermalmshallen. L\u00e4ngs v\u00e4gen finns ocks\u00e5 flera bra restauranger och &#8220;vattenh\u00e5l&#8221; f\u00f6r att sl\u00e4cka [&hellip;]","og_url":"https:\/\/inzain.bike\/da\/aktiviteter\/","og_site_name":"INZAIN Cycling EXPERIENCES","article_publisher":"https:\/\/www.facebook.com\/Inzain.bike","article_modified_time":"2024-03-03T10:12:33+00:00","og_image":[{"url":"https:\/\/inzain.bike\/wp-content\/uploads\/2023\/11\/Shopping.png","type":"","width":"","height":""}],"twitter_card":"summary_large_image","twitter_misc":{"Estimeret l\u00e6setid":"6 minutter"},"schema":{"@context":"https:\/\/schema.org","@graph":[{"@type":"WebPage","@id":"https:\/\/inzain.bike\/da\/aktiviteter\/","url":"https:\/\/inzain.bike\/da\/aktiviteter\/","name":"Aktiviteter i Stockholm - INZAIN Cykeloplevelser","isPartOf":{"@id":"https:\/\/inzain.bike\/fr_be\/#website"},"primaryImageOfPage":{"@id":"https:\/\/inzain.bike\/da\/aktiviteter\/#primaryimage"},"image":{"@id":"https:\/\/inzain.bike\/da\/aktiviteter\/#primaryimage"},"thumbnailUrl":"https:\/\/inzain.bike\/wp-content\/uploads\/2023\/11\/Shopping.png","datePublished":"2023-10-25T17:38:23+00:00","dateModified":"2024-03-03T10:12:33+00:00","breadcrumb":{"@id":"https:\/\/inzain.bike\/da\/aktiviteter\/#breadcrumb"},"inLanguage":"da-DK","potentialAction":[{"@type":"ReadAction","target":["https:\/\/inzain.bike\/da\/aktiviteter\/"]}]},{"@type":"ImageObject","inLanguage":"da-DK","@id":"https:\/\/inzain.bike\/da\/aktiviteter\/#primaryimage","url":"https:\/\/inzain.bike\/wp-content\/uploads\/2023\/11\/Shopping.png","contentUrl":"https:\/\/inzain.bike\/wp-content\/uploads\/2023\/11\/Shopping.png"},{"@type":"BreadcrumbList","@id":"https:\/\/inzain.bike\/da\/aktiviteter\/#breadcrumb","itemListElement":[{"@type":"ListItem","position":1,"name":"Hem","item":"https:\/\/inzain.bike\/fr_be\/"},{"@type":"ListItem","position":2,"name":"Stockholm Aktiviteter"}]},{"@type":"WebSite","@id":"https:\/\/inzain.bike\/fr_be\/#website","url":"https:\/\/inzain.bike\/fr_be\/","name":"INZAIN CykelOPLEVELSER","description":"Cykeleventyr - for alle","publisher":{"@id":"https:\/\/inzain.bike\/fr_be\/#organization"},"alternateName":"INZAIN Gravel & Travel","potentialAction":[{"@type":"SearchAction","target":{"@type":"EntryPoint","urlTemplate":"https:\/\/inzain.bike\/fr_be\/?s={search_term_string}"},"query-input":{"@type":"PropertyValueSpecification","valueRequired":true,"valueName":"search_term_string"}}],"inLanguage":"da-DK"},{"@type":"Organization","@id":"https:\/\/inzain.bike\/fr_be\/#organization","name":"INZAIN CykelOPLEVELSER","url":"https:\/\/inzain.bike\/fr_be\/","logo":{"@type":"ImageObject","inLanguage":"da-DK","@id":"https:\/\/inzain.bike\/fr_be\/#\/schema\/logo\/image\/","url":"https:\/\/i0.wp.com\/inzain.bike\/wp-content\/uploads\/2023\/09\/cropped-INZAIN_512x512_white.png?fit=512%2C512&ssl=1","contentUrl":"https:\/\/i0.wp.com\/inzain.bike\/wp-content\/uploads\/2023\/09\/cropped-INZAIN_512x512_white.png?fit=512%2C512&ssl=1","width":512,"height":512,"caption":"INZAIN Cycling EXPERIENCES"},"image":{"@id":"https:\/\/inzain.bike\/fr_be\/#\/schema\/logo\/image\/"},"sameAs":["https:\/\/www.facebook.com\/Inzain.bike","https:\/\/www.instagram.com\/inzainbike"]}]}},"amp_enabled":true,"_links":{"self":[{"href":"https:\/\/inzain.bike\/da\/wp-json\/wp\/v2\/pages\/3777","targetHints":{"allow":["GET"]}}],"collection":[{"href":"https:\/\/inzain.bike\/da\/wp-json\/wp\/v2\/pages"}],"about":[{"href":"https:\/\/inzain.bike\/da\/wp-json\/wp\/v2\/types\/page"}],"author":[{"embeddable":true,"href":"https:\/\/inzain.bike\/da\/wp-json\/wp\/v2\/users\/135133094"}],"replies":[{"embeddable":true,"href":"https:\/\/inzain.bike\/da\/wp-json\/wp\/v2\/comments?post=3777"}],"version-history":[{"count":0,"href":"https:\/\/inzain.bike\/da\/wp-json\/wp\/v2\/pages\/3777\/revisions"}],"wp:attachment":[{"href":"https:\/\/inzain.bike\/da\/wp-json\/wp\/v2\/media?parent=3777"}],"curies":[{"name":"wp","href":"https:\/\/api.w.org\/{rel}","templated":true}]}}