{"id":4044,"date":"2023-11-02T10:16:25","date_gmt":"2023-11-02T09:16:25","guid":{"rendered":"https:\/\/inzain.bike\/?page_id=4044"},"modified":"2023-11-26T10:27:09","modified_gmt":"2023-11-26T09:27:09","slug":"mat","status":"publish","type":"page","link":"https:\/\/inzain.bike\/da\/mat\/","title":{"rendered":"Stockholm mad"},"content":{"rendered":"<div class=\"wp-block-columns alignwide is-layout-flex wp-container-core-columns-is-layout-28f84493 wp-block-columns-is-layout-flex\">\n<div class=\"wp-block-column is-layout-flow wp-block-column-is-layout-flow\">\n<figure class=\"wp-block-image size-large\"><img loading=\"lazy\" decoding=\"async\" width=\"1024\" height=\"683\" src=\"https:\/\/inzain.bike\/wp-content\/uploads\/2023\/11\/pexels-fauxels-3184183-1-1024x683.jpg\" alt=\"\" class=\"wp-image-4047\" srcset=\"https:\/\/inzain.bike\/wp-content\/uploads\/2023\/11\/pexels-fauxels-3184183-1-1024x683.jpg 1024w, https:\/\/inzain.bike\/wp-content\/uploads\/2023\/11\/pexels-fauxels-3184183-1-300x200.jpg 300w, https:\/\/inzain.bike\/wp-content\/uploads\/2023\/11\/pexels-fauxels-3184183-1-768x513.jpg 768w, https:\/\/inzain.bike\/wp-content\/uploads\/2023\/11\/pexels-fauxels-3184183-1-1536x1025.jpg 1536w, https:\/\/inzain.bike\/wp-content\/uploads\/2023\/11\/pexels-fauxels-3184183-1-2048x1367.jpg 2048w, https:\/\/inzain.bike\/wp-content\/uploads\/2023\/11\/pexels-fauxels-3184183-1-18x12.jpg 18w, https:\/\/inzain.bike\/wp-content\/uploads\/2023\/11\/pexels-fauxels-3184183-1-1320x881.jpg 1320w, https:\/\/inzain.bike\/wp-content\/uploads\/2023\/11\/pexels-fauxels-3184183-1-600x400.jpg 600w\" sizes=\"auto, (max-width: 1024px) 100vw, 1024px\" \/><\/figure>\n<\/div>\n\n\n\n<div class=\"wp-block-column is-layout-flow wp-block-column-is-layout-flow\">\n<p class=\"has-roboto-font-family has-custom-font\" style=\"font-family:Roboto\">Stockholm er kendt for sine mange restauranter af h\u00f8j kvalitet. Svensk, italiensk, fransk, indisk, japansk, ja de fleste typer mad er tilg\u00e6ngelige. Spiser du vegetarisk, har allergi, er veganer eller vil du spise Kosher, vil du opleve, at enhver smag og behov kan tilfredsstilles.<\/p>\n\n\n\n<p>Traditionen i Sverige tilsiger, at man normalt spiser tre m\u00e5ltider om dagen; Morgenmad, frokost og aftensmad. Normalt er frokost og aftensmad kogte varme retter, mens morgenmad ofte best\u00e5r af noget mere simpelt s\u00e5som korn\/m\u00fcsli og m\u00e6lk\/yoghurt og kaffe\/te... <\/p>\n\n\n\n<p><\/p>\n<\/div>\n<\/div>\n\n\n\n<div class=\"wp-block-columns alignwide is-layout-flex wp-container-core-columns-is-layout-28f84493 wp-block-columns-is-layout-flex\">\n<div class=\"wp-block-column is-layout-flow wp-block-column-is-layout-flow\">\n<h1 class=\"wp-block-heading\" id=\"h-Densvenskafikakulturen\">KAFFE<\/h1>\n\n\n\n<p>At &quot;Fika&quot; er som en institution i Sverige. Traditionen med at drikke kaffe i Sverige str\u00e6kker sig mange hundrede \u00e5r tilbage og har forbindelser til introduktionen af kaffe. Det var dog f\u00f8rst i 1910, at ordet fika blev et begreb. At drikke kaffe kan v\u00e6re at nyde en kop kaffe i selskab med gode venner, en pause p\u00e5 arbejdet eller at g\u00e5 p\u00e5 cafe. I dag er det ikke strengt forbundet med at drikke kaffe, men det handler mere om en pause i hverdagen, i livet, en kop kaffe, et glas juice og gerne med et godt tilbeh\u00f8r.<\/p>\n\n\n\n<h2 class=\"wp-block-heading\" id=\"h-Vadarfika\">Hvad er kaffe?<\/h2>\n\n\n\n<p>Kaffe er en del af svensk kultur, et f\u00e6nomen som mange svenskere har et forhold til og afspejler en vis mentalitet. At drikke kaffe er et ritual, hvor m\u00f8det og den sociale udveksling er i fokus, en m\u00e5de at socialisere sammen med en eller flere mennesker. Ikke at f\u00e5 kaffe er ikke helt accepteret af alle, og det kan ske, at man ser sk\u00e6vt til s\u00e5dan en. F\u00e6lles tilbeh\u00f8r til kaffeselskaber er kanelboller, svampekage og forskellige typer sm\u00e5kager. Nogle gange kan kaffebr\u00f8det erstattes af en sandwich eller frugt.<\/p>\n<\/div>\n\n\n\n<div class=\"wp-block-column is-layout-flow wp-block-column-is-layout-flow\">\n<figure class=\"wp-block-image size-full\"><img loading=\"lazy\" decoding=\"async\" width=\"1000\" height=\"667\" src=\"https:\/\/inzain.bike\/wp-content\/uploads\/2023\/11\/12.jpg\" alt=\"\" class=\"wp-image-4050\" srcset=\"https:\/\/inzain.bike\/wp-content\/uploads\/2023\/11\/12.jpg 1000w, https:\/\/inzain.bike\/wp-content\/uploads\/2023\/11\/12-300x200.jpg 300w, https:\/\/inzain.bike\/wp-content\/uploads\/2023\/11\/12-768x512.jpg 768w, https:\/\/inzain.bike\/wp-content\/uploads\/2023\/11\/12-18x12.jpg 18w, https:\/\/inzain.bike\/wp-content\/uploads\/2023\/11\/12-600x400.jpg 600w\" sizes=\"auto, (max-width: 1000px) 100vw, 1000px\" \/><\/figure>\n<\/div>\n<\/div>\n\n\n\n<div class=\"wp-block-columns alignwide is-layout-flex wp-container-core-columns-is-layout-28f84493 wp-block-columns-is-layout-flex\">\n<div class=\"wp-block-column is-layout-flow wp-block-column-is-layout-flow\">\n<figure class=\"wp-block-image size-full\"><img loading=\"lazy\" decoding=\"async\" width=\"510\" height=\"562\" src=\"https:\/\/inzain.bike\/wp-content\/uploads\/2023\/11\/KrusenANTea-1.png\" alt=\"\" class=\"wp-image-4261\" srcset=\"https:\/\/inzain.bike\/wp-content\/uploads\/2023\/11\/KrusenANTea-1.png 510w, https:\/\/inzain.bike\/wp-content\/uploads\/2023\/11\/KrusenANTea-1-272x300.png 272w, https:\/\/inzain.bike\/wp-content\/uploads\/2023\/11\/KrusenANTea-1-11x12.png 11w\" sizes=\"auto, (max-width: 510px) 100vw, 510px\" \/><\/figure>\n<\/div>\n\n\n\n<div class=\"wp-block-column is-layout-flow wp-block-column-is-layout-flow\">\n<h2 class=\"wp-block-heading\" id=\"h-Vadarfika\">Hvad er inkluderet?<\/h2>\n\n\n\n<ul class=\"wp-block-list\">\n<li>Morgenmad p\u00e5 hotellet.<\/li>\n\n\n\n<li>Velkomstmiddag p\u00e5 Ellery Beach House og to middage p\u00e5 Krusenberg Herrg\u00e5rd. <\/li>\n\n\n\n<li>Frokost og kaffe p\u00e5 cykelturene, samt p\u00e5 hviledagens forskellige aktiviteter som f.eks. sejlads eller RIB-tur.<br><br>Andre middage kan indtages p\u00e5 hotellerne, eller hvorfor ikke p\u00e5 en af Stockholms mange pubber. Vi arrangerer restaurantforslag, arrangerer booking og transport.<br><\/li>\n<\/ul>\n\n\n\n<p><\/p>\n<\/div>\n<\/div>","protected":false},"excerpt":{"rendered":"<p>Stockholm \u00e4r k\u00e4nt f\u00f6r sina m\u00e5nga restauranger av h\u00f6g kvalitet. Svenskt, Italienskt, Franskt, Indiskt, Japansk, ja de flesta typer av mat finns att tillg\u00e5. Om du \u00e4ter vegetariskt, har allergier \u00e4r vegan eller vill \u00e4ta Kosher s\u00e5 kommer du finna att alla smaker och behov kan tillfredsst\u00e4llas. Traditionen i Sverige p\u00e5bjuder att man vanligtvis \u00e4ter [&hellip;]<\/p>\n","protected":false},"author":135133094,"featured_media":0,"parent":0,"menu_order":0,"comment_status":"closed","ping_status":"closed","template":"","meta":{"_coblocks_attr":"Roboto","_coblocks_dimensions":"","_coblocks_responsive_height":"","_coblocks_accordion_ie_support":"","footnotes":""},"class_list":["post-4044","page","type-page","status-publish","hentry"],"yoast_head":"<!-- This site is optimized with the Yoast SEO plugin v27.2 - https:\/\/yoast.com\/product\/yoast-seo-wordpress\/ -->\n<title>Stockholm Mat - INZAIN Cycling EXPERIENCES<\/title>\n<meta name=\"robots\" content=\"index, follow, max-snippet:-1, max-image-preview:large, max-video-preview:-1\" \/>\n<link rel=\"canonical\" href=\"https:\/\/inzain.bike\/da\/mat\/\" \/>\n<meta property=\"og:locale\" content=\"da_DK\" \/>\n<meta property=\"og:type\" content=\"article\" \/>\n<meta property=\"og:title\" content=\"Stockholm Mat - INZAIN Cycling EXPERIENCES\" \/>\n<meta property=\"og:description\" content=\"Stockholm \u00e4r k\u00e4nt f\u00f6r sina m\u00e5nga restauranger av h\u00f6g kvalitet. Svenskt, Italienskt, Franskt, Indiskt, Japansk, ja de flesta typer av mat finns att tillg\u00e5. Om du \u00e4ter vegetariskt, har allergier \u00e4r vegan eller vill \u00e4ta Kosher s\u00e5 kommer du finna att alla smaker och behov kan tillfredsst\u00e4llas. Traditionen i Sverige p\u00e5bjuder att man vanligtvis \u00e4ter [&hellip;]\" \/>\n<meta property=\"og:url\" content=\"https:\/\/inzain.bike\/da\/mat\/\" \/>\n<meta property=\"og:site_name\" content=\"INZAIN Cycling EXPERIENCES\" \/>\n<meta property=\"article:publisher\" content=\"https:\/\/www.facebook.com\/Inzain.bike\" \/>\n<meta property=\"article:modified_time\" content=\"2023-11-26T09:27:09+00:00\" \/>\n<meta property=\"og:image\" content=\"https:\/\/inzain.bike\/wp-content\/uploads\/2023\/11\/pexels-fauxels-3184183-1-1024x683.jpg\" \/>\n<meta name=\"twitter:card\" content=\"summary_large_image\" \/>\n<meta name=\"twitter:label1\" content=\"Estimeret l\u00e6setid\" \/>\n\t<meta name=\"twitter:data1\" content=\"3 minutter\" \/>\n<script type=\"application\/ld+json\" class=\"yoast-schema-graph\">{\"@context\":\"https:\/\/schema.org\",\"@graph\":[{\"@type\":\"WebPage\",\"@id\":\"https:\/\/inzain.bike\/en_gb\/mat\/\",\"url\":\"https:\/\/inzain.bike\/en_gb\/mat\/\",\"name\":\"Stockholm Mat - INZAIN Cycling EXPERIENCES\",\"isPartOf\":{\"@id\":\"https:\/\/inzain.bike\/fr_be\/#website\"},\"primaryImageOfPage\":{\"@id\":\"https:\/\/inzain.bike\/en_gb\/mat\/#primaryimage\"},\"image\":{\"@id\":\"https:\/\/inzain.bike\/en_gb\/mat\/#primaryimage\"},\"thumbnailUrl\":\"https:\/\/inzain.bike\/wp-content\/uploads\/2023\/11\/pexels-fauxels-3184183-1-1024x683.jpg\",\"datePublished\":\"2023-11-02T09:16:25+00:00\",\"dateModified\":\"2023-11-26T09:27:09+00:00\",\"breadcrumb\":{\"@id\":\"https:\/\/inzain.bike\/en_gb\/mat\/#breadcrumb\"},\"inLanguage\":\"da-DK\",\"potentialAction\":[{\"@type\":\"ReadAction\",\"target\":[\"https:\/\/inzain.bike\/en_gb\/mat\/\"]}]},{\"@type\":\"ImageObject\",\"inLanguage\":\"da-DK\",\"@id\":\"https:\/\/inzain.bike\/en_gb\/mat\/#primaryimage\",\"url\":\"https:\/\/inzain.bike\/wp-content\/uploads\/2023\/11\/pexels-fauxels-3184183-1-1024x683.jpg\",\"contentUrl\":\"https:\/\/inzain.bike\/wp-content\/uploads\/2023\/11\/pexels-fauxels-3184183-1-1024x683.jpg\"},{\"@type\":\"BreadcrumbList\",\"@id\":\"https:\/\/inzain.bike\/en_gb\/mat\/#breadcrumb\",\"itemListElement\":[{\"@type\":\"ListItem\",\"position\":1,\"name\":\"Hem\",\"item\":\"https:\/\/inzain.bike\/fr_be\/\"},{\"@type\":\"ListItem\",\"position\":2,\"name\":\"Stockholm Mat\"}]},{\"@type\":\"WebSite\",\"@id\":\"https:\/\/inzain.bike\/fr_be\/#website\",\"url\":\"https:\/\/inzain.bike\/fr_be\/\",\"name\":\"INZAIN Cycling EXPERIENCES\",\"description\":\"Cyckling Adventures  - for everyone\",\"publisher\":{\"@id\":\"https:\/\/inzain.bike\/fr_be\/#organization\"},\"alternateName\":\"INZAIN Gravel & Travel\",\"potentialAction\":[{\"@type\":\"SearchAction\",\"target\":{\"@type\":\"EntryPoint\",\"urlTemplate\":\"https:\/\/inzain.bike\/fr_be\/?s={search_term_string}\"},\"query-input\":{\"@type\":\"PropertyValueSpecification\",\"valueRequired\":true,\"valueName\":\"search_term_string\"}}],\"inLanguage\":\"da-DK\"},{\"@type\":\"Organization\",\"@id\":\"https:\/\/inzain.bike\/fr_be\/#organization\",\"name\":\"INZAIN Cycling EXPERIENCES\",\"url\":\"https:\/\/inzain.bike\/fr_be\/\",\"logo\":{\"@type\":\"ImageObject\",\"inLanguage\":\"da-DK\",\"@id\":\"https:\/\/inzain.bike\/fr_be\/#\/schema\/logo\/image\/\",\"url\":\"https:\/\/i0.wp.com\/inzain.bike\/wp-content\/uploads\/2023\/09\/cropped-INZAIN_512x512_white.png?fit=512%2C512&ssl=1\",\"contentUrl\":\"https:\/\/i0.wp.com\/inzain.bike\/wp-content\/uploads\/2023\/09\/cropped-INZAIN_512x512_white.png?fit=512%2C512&ssl=1\",\"width\":512,\"height\":512,\"caption\":\"INZAIN Cycling EXPERIENCES\"},\"image\":{\"@id\":\"https:\/\/inzain.bike\/fr_be\/#\/schema\/logo\/image\/\"},\"sameAs\":[\"https:\/\/www.facebook.com\/Inzain.bike\",\"https:\/\/www.instagram.com\/inzainbike\"]}]}<\/script>\n<!-- \/ Yoast SEO plugin. -->","yoast_head_json":{"title":"Stockholms mad - INZAIN Cykeloplevelser","robots":{"index":"index","follow":"follow","max-snippet":"max-snippet:-1","max-image-preview":"max-image-preview:large","max-video-preview":"max-video-preview:-1"},"canonical":"https:\/\/inzain.bike\/da\/mat\/","og_locale":"da_DK","og_type":"article","og_title":"Stockholm Mat - INZAIN Cycling EXPERIENCES","og_description":"Stockholm \u00e4r k\u00e4nt f\u00f6r sina m\u00e5nga restauranger av h\u00f6g kvalitet. Svenskt, Italienskt, Franskt, Indiskt, Japansk, ja de flesta typer av mat finns att tillg\u00e5. Om du \u00e4ter vegetariskt, har allergier \u00e4r vegan eller vill \u00e4ta Kosher s\u00e5 kommer du finna att alla smaker och behov kan tillfredsst\u00e4llas. Traditionen i Sverige p\u00e5bjuder att man vanligtvis \u00e4ter [&hellip;]","og_url":"https:\/\/inzain.bike\/da\/mat\/","og_site_name":"INZAIN Cycling EXPERIENCES","article_publisher":"https:\/\/www.facebook.com\/Inzain.bike","article_modified_time":"2023-11-26T09:27:09+00:00","og_image":[{"url":"https:\/\/inzain.bike\/wp-content\/uploads\/2023\/11\/pexels-fauxels-3184183-1-1024x683.jpg","type":"","width":"","height":""}],"twitter_card":"summary_large_image","twitter_misc":{"Estimeret l\u00e6setid":"3 minutter"},"schema":{"@context":"https:\/\/schema.org","@graph":[{"@type":"WebPage","@id":"https:\/\/inzain.bike\/en_gb\/mat\/","url":"https:\/\/inzain.bike\/en_gb\/mat\/","name":"Stockholms mad - INZAIN Cykeloplevelser","isPartOf":{"@id":"https:\/\/inzain.bike\/fr_be\/#website"},"primaryImageOfPage":{"@id":"https:\/\/inzain.bike\/en_gb\/mat\/#primaryimage"},"image":{"@id":"https:\/\/inzain.bike\/en_gb\/mat\/#primaryimage"},"thumbnailUrl":"https:\/\/inzain.bike\/wp-content\/uploads\/2023\/11\/pexels-fauxels-3184183-1-1024x683.jpg","datePublished":"2023-11-02T09:16:25+00:00","dateModified":"2023-11-26T09:27:09+00:00","breadcrumb":{"@id":"https:\/\/inzain.bike\/en_gb\/mat\/#breadcrumb"},"inLanguage":"da-DK","potentialAction":[{"@type":"ReadAction","target":["https:\/\/inzain.bike\/en_gb\/mat\/"]}]},{"@type":"ImageObject","inLanguage":"da-DK","@id":"https:\/\/inzain.bike\/en_gb\/mat\/#primaryimage","url":"https:\/\/inzain.bike\/wp-content\/uploads\/2023\/11\/pexels-fauxels-3184183-1-1024x683.jpg","contentUrl":"https:\/\/inzain.bike\/wp-content\/uploads\/2023\/11\/pexels-fauxels-3184183-1-1024x683.jpg"},{"@type":"BreadcrumbList","@id":"https:\/\/inzain.bike\/en_gb\/mat\/#breadcrumb","itemListElement":[{"@type":"ListItem","position":1,"name":"Hem","item":"https:\/\/inzain.bike\/fr_be\/"},{"@type":"ListItem","position":2,"name":"Stockholm Mat"}]},{"@type":"WebSite","@id":"https:\/\/inzain.bike\/fr_be\/#website","url":"https:\/\/inzain.bike\/fr_be\/","name":"INZAIN CykelOPLEVELSER","description":"Cykeleventyr - for alle","publisher":{"@id":"https:\/\/inzain.bike\/fr_be\/#organization"},"alternateName":"INZAIN Gravel & Travel","potentialAction":[{"@type":"SearchAction","target":{"@type":"EntryPoint","urlTemplate":"https:\/\/inzain.bike\/fr_be\/?s={search_term_string}"},"query-input":{"@type":"PropertyValueSpecification","valueRequired":true,"valueName":"search_term_string"}}],"inLanguage":"da-DK"},{"@type":"Organization","@id":"https:\/\/inzain.bike\/fr_be\/#organization","name":"INZAIN CykelOPLEVELSER","url":"https:\/\/inzain.bike\/fr_be\/","logo":{"@type":"ImageObject","inLanguage":"da-DK","@id":"https:\/\/inzain.bike\/fr_be\/#\/schema\/logo\/image\/","url":"https:\/\/i0.wp.com\/inzain.bike\/wp-content\/uploads\/2023\/09\/cropped-INZAIN_512x512_white.png?fit=512%2C512&ssl=1","contentUrl":"https:\/\/i0.wp.com\/inzain.bike\/wp-content\/uploads\/2023\/09\/cropped-INZAIN_512x512_white.png?fit=512%2C512&ssl=1","width":512,"height":512,"caption":"INZAIN Cycling EXPERIENCES"},"image":{"@id":"https:\/\/inzain.bike\/fr_be\/#\/schema\/logo\/image\/"},"sameAs":["https:\/\/www.facebook.com\/Inzain.bike","https:\/\/www.instagram.com\/inzainbike"]}]}},"amp_enabled":true,"_links":{"self":[{"href":"https:\/\/inzain.bike\/da\/wp-json\/wp\/v2\/pages\/4044","targetHints":{"allow":["GET"]}}],"collection":[{"href":"https:\/\/inzain.bike\/da\/wp-json\/wp\/v2\/pages"}],"about":[{"href":"https:\/\/inzain.bike\/da\/wp-json\/wp\/v2\/types\/page"}],"author":[{"embeddable":true,"href":"https:\/\/inzain.bike\/da\/wp-json\/wp\/v2\/users\/135133094"}],"replies":[{"embeddable":true,"href":"https:\/\/inzain.bike\/da\/wp-json\/wp\/v2\/comments?post=4044"}],"version-history":[{"count":0,"href":"https:\/\/inzain.bike\/da\/wp-json\/wp\/v2\/pages\/4044\/revisions"}],"wp:attachment":[{"href":"https:\/\/inzain.bike\/da\/wp-json\/wp\/v2\/media?parent=4044"}],"curies":[{"name":"wp","href":"https:\/\/api.w.org\/{rel}","templated":true}]}}