{"id":4766,"date":"2023-11-21T18:57:49","date_gmt":"2023-11-21T17:57:49","guid":{"rendered":"https:\/\/inzain.bike\/?page_id=4766"},"modified":"2023-11-26T21:27:52","modified_gmt":"2023-11-26T20:27:52","slug":"bas24-baskien","status":"publish","type":"page","link":"https:\/\/inzain.bike\/da\/bas24-baskien\/","title":{"rendered":"Om Baskerlandet"},"content":{"rendered":"<div class=\"wp-block-columns alignwide is-layout-flex wp-container-core-columns-is-layout-28f84493 wp-block-columns-is-layout-flex\">\n<div class=\"wp-block-column is-layout-flow wp-block-column-is-layout-flow\">\n<figure class=\"wp-block-image size-large\"><img loading=\"lazy\" decoding=\"async\" width=\"1024\" height=\"683\" src=\"https:\/\/inzain.bike\/wp-content\/uploads\/2023\/11\/pexels-enrique-19119892-1024x683.jpg\" alt=\"\" class=\"wp-image-6297\" srcset=\"https:\/\/inzain.bike\/wp-content\/uploads\/2023\/11\/pexels-enrique-19119892-1024x683.jpg 1024w, https:\/\/inzain.bike\/wp-content\/uploads\/2023\/11\/pexels-enrique-19119892-300x200.jpg 300w, https:\/\/inzain.bike\/wp-content\/uploads\/2023\/11\/pexels-enrique-19119892-768x512.jpg 768w, https:\/\/inzain.bike\/wp-content\/uploads\/2023\/11\/pexels-enrique-19119892-1536x1024.jpg 1536w, https:\/\/inzain.bike\/wp-content\/uploads\/2023\/11\/pexels-enrique-19119892-2048x1365.jpg 2048w, https:\/\/inzain.bike\/wp-content\/uploads\/2023\/11\/pexels-enrique-19119892-18x12.jpg 18w, https:\/\/inzain.bike\/wp-content\/uploads\/2023\/11\/pexels-enrique-19119892-1320x880.jpg 1320w, https:\/\/inzain.bike\/wp-content\/uploads\/2023\/11\/pexels-enrique-19119892-600x400.jpg 600w\" sizes=\"auto, (max-width: 1024px) 100vw, 1024px\" \/><\/figure>\n<\/div>\n\n\n\n<div class=\"wp-block-column is-layout-flow wp-block-column-is-layout-flow\">\n<p>Baskerlandet er m\u00e5ske bedst kendt for sin madkultur og sine tapas\/pintxos. Men provinsen er ogs\u00e5 Spaniens mest velst\u00e5ende p\u00e5 mange m\u00e5der. Og har en utrolig fascinerende kultur. Ingen har nok savnet, hvor patriotiske baskerne er, og dette med succes. Noget som de to fodboldklubber Sociedad og Athletic vidner om. For at kunne spille der kr\u00e6ves det ikke kun, at du er god til fodbold. Du skal ogs\u00e5 v\u00e6re f\u00f8dt i Baskerlandet med baskiske for\u00e6ldre. Baskerlandet og baskerne har mange gange v\u00e6ret p\u00e5 randen af at udd\u00f8, men form\u00e5r altid at overleve og bevare deres kultur. Og deres eget og unikke sprog kan v\u00e6re et af verdens \u00e6ldste.<\/p>\n<\/div>\n<\/div>\n\n\n\n<div class=\"wp-block-columns alignwide is-layout-flex wp-container-core-columns-is-layout-28f84493 wp-block-columns-is-layout-flex\">\n<div class=\"wp-block-column is-layout-flow wp-block-column-is-layout-flow\">\n<p>Legenden siger, at vikingerne erobrede Bayonne i 844 og regerede der i over 100 \u00e5r. Der er ogs\u00e5 legender, der h\u00e6vder, at vikinger og baskere kom meget godt ud af det. Bla.s\u00e5 de var begge meget gode b\u00e5debyggere. Og det siges, at vikingerne hjalp baskerne mod blandt andet maurerne. Vikingerne siges ogs\u00e5 at have holdt af baskernes traditioner og &quot;sport&quot; p\u00e5 den tid. Som at l\u00f8fte en stor sten lige op, f\u00e6lde et tr\u00e6 p\u00e5 kortest tid osv. <\/p>\n<\/div>\n\n\n\n<div class=\"wp-block-column is-layout-flow wp-block-column-is-layout-flow\">\n<figure class=\"wp-block-image size-large\"><img loading=\"lazy\" decoding=\"async\" width=\"1024\" height=\"681\" src=\"https:\/\/inzain.bike\/wp-content\/uploads\/2023\/11\/pexels-barnabas-davoti-8876097-1024x681.jpg\" alt=\"\" class=\"wp-image-6298\" srcset=\"https:\/\/inzain.bike\/wp-content\/uploads\/2023\/11\/pexels-barnabas-davoti-8876097-1024x681.jpg 1024w, https:\/\/inzain.bike\/wp-content\/uploads\/2023\/11\/pexels-barnabas-davoti-8876097-300x200.jpg 300w, https:\/\/inzain.bike\/wp-content\/uploads\/2023\/11\/pexels-barnabas-davoti-8876097-768x511.jpg 768w, https:\/\/inzain.bike\/wp-content\/uploads\/2023\/11\/pexels-barnabas-davoti-8876097-1536x1022.jpg 1536w, https:\/\/inzain.bike\/wp-content\/uploads\/2023\/11\/pexels-barnabas-davoti-8876097-2048x1363.jpg 2048w, https:\/\/inzain.bike\/wp-content\/uploads\/2023\/11\/pexels-barnabas-davoti-8876097-18x12.jpg 18w, https:\/\/inzain.bike\/wp-content\/uploads\/2023\/11\/pexels-barnabas-davoti-8876097-1320x878.jpg 1320w, https:\/\/inzain.bike\/wp-content\/uploads\/2023\/11\/pexels-barnabas-davoti-8876097-600x399.jpg 600w\" sizes=\"auto, (max-width: 1024px) 100vw, 1024px\" \/><\/figure>\n<\/div>\n<\/div>","protected":false},"excerpt":{"rendered":"<p>Baskien \u00e4r kanske mest k\u00e4nt f\u00f6r sin matkultur och sina tapas \/ pintxos. Men provinsen \u00e4r \u00e4ven Spaniens mest v\u00e4lm\u00e5ende p\u00e5 m\u00e5nga s\u00e4tt. Och har en otroligt fascinerande kultur. Ingen har v\u00e4l heller missat hur patriotiska Baskerna \u00e4r och detta med framg\u00e5ng. N\u00e5got som de b\u00e5da fotbollsklubbarna Sociedad och Athletic vittnar om. F\u00f6r att f\u00e5 [&hellip;]<\/p>\n","protected":false},"author":135133094,"featured_media":0,"parent":0,"menu_order":0,"comment_status":"closed","ping_status":"closed","template":"","meta":{"_coblocks_attr":"","_coblocks_dimensions":"","_coblocks_responsive_height":"","_coblocks_accordion_ie_support":"","footnotes":""},"class_list":["post-4766","page","type-page","status-publish","hentry"],"yoast_head":"<!-- This site is optimized with the Yoast SEO plugin v27.2 - https:\/\/yoast.com\/product\/yoast-seo-wordpress\/ -->\n<title>Om Baskien - INZAIN Cycling EXPERIENCES<\/title>\n<meta name=\"robots\" content=\"index, follow, max-snippet:-1, max-image-preview:large, max-video-preview:-1\" \/>\n<link rel=\"canonical\" href=\"https:\/\/inzain.bike\/da\/bas24-baskien\/\" \/>\n<meta property=\"og:locale\" content=\"da_DK\" \/>\n<meta property=\"og:type\" content=\"article\" \/>\n<meta property=\"og:title\" content=\"Om Baskien - INZAIN Cycling EXPERIENCES\" \/>\n<meta property=\"og:description\" content=\"Baskien \u00e4r kanske mest k\u00e4nt f\u00f6r sin matkultur och sina tapas \/ pintxos. Men provinsen \u00e4r \u00e4ven Spaniens mest v\u00e4lm\u00e5ende p\u00e5 m\u00e5nga s\u00e4tt. Och har en otroligt fascinerande kultur. Ingen har v\u00e4l heller missat hur patriotiska Baskerna \u00e4r och detta med framg\u00e5ng. N\u00e5got som de b\u00e5da fotbollsklubbarna Sociedad och Athletic vittnar om. F\u00f6r att f\u00e5 [&hellip;]\" \/>\n<meta property=\"og:url\" content=\"https:\/\/inzain.bike\/da\/bas24-baskien\/\" \/>\n<meta property=\"og:site_name\" content=\"INZAIN Cycling EXPERIENCES\" \/>\n<meta property=\"article:publisher\" content=\"https:\/\/www.facebook.com\/Inzain.bike\" \/>\n<meta property=\"article:modified_time\" content=\"2023-11-26T20:27:52+00:00\" \/>\n<meta property=\"og:image\" content=\"https:\/\/inzain.bike\/wp-content\/uploads\/2023\/11\/pexels-enrique-19119892-1024x683.jpg\" \/>\n<meta name=\"twitter:card\" content=\"summary_large_image\" \/>\n<meta name=\"twitter:label1\" content=\"Estimeret l\u00e6setid\" \/>\n\t<meta name=\"twitter:data1\" content=\"2 minutter\" \/>\n<script type=\"application\/ld+json\" class=\"yoast-schema-graph\">{\"@context\":\"https:\/\/schema.org\",\"@graph\":[{\"@type\":\"WebPage\",\"@id\":\"https:\/\/inzain.bike\/sv_se\/bas24-baskien\/\",\"url\":\"https:\/\/inzain.bike\/sv_se\/bas24-baskien\/\",\"name\":\"Om Baskien - INZAIN Cycling EXPERIENCES\",\"isPartOf\":{\"@id\":\"https:\/\/inzain.bike\/fr_be\/#website\"},\"primaryImageOfPage\":{\"@id\":\"https:\/\/inzain.bike\/sv_se\/bas24-baskien\/#primaryimage\"},\"image\":{\"@id\":\"https:\/\/inzain.bike\/sv_se\/bas24-baskien\/#primaryimage\"},\"thumbnailUrl\":\"https:\/\/inzain.bike\/wp-content\/uploads\/2023\/11\/pexels-enrique-19119892-1024x683.jpg\",\"datePublished\":\"2023-11-21T17:57:49+00:00\",\"dateModified\":\"2023-11-26T20:27:52+00:00\",\"breadcrumb\":{\"@id\":\"https:\/\/inzain.bike\/sv_se\/bas24-baskien\/#breadcrumb\"},\"inLanguage\":\"da-DK\",\"potentialAction\":[{\"@type\":\"ReadAction\",\"target\":[\"https:\/\/inzain.bike\/sv_se\/bas24-baskien\/\"]}]},{\"@type\":\"ImageObject\",\"inLanguage\":\"da-DK\",\"@id\":\"https:\/\/inzain.bike\/sv_se\/bas24-baskien\/#primaryimage\",\"url\":\"https:\/\/inzain.bike\/wp-content\/uploads\/2023\/11\/pexels-enrique-19119892-1024x683.jpg\",\"contentUrl\":\"https:\/\/inzain.bike\/wp-content\/uploads\/2023\/11\/pexels-enrique-19119892-1024x683.jpg\"},{\"@type\":\"BreadcrumbList\",\"@id\":\"https:\/\/inzain.bike\/sv_se\/bas24-baskien\/#breadcrumb\",\"itemListElement\":[{\"@type\":\"ListItem\",\"position\":1,\"name\":\"Hem\",\"item\":\"https:\/\/inzain.bike\/fr_be\/\"},{\"@type\":\"ListItem\",\"position\":2,\"name\":\"Om Baskien\"}]},{\"@type\":\"WebSite\",\"@id\":\"https:\/\/inzain.bike\/fr_be\/#website\",\"url\":\"https:\/\/inzain.bike\/fr_be\/\",\"name\":\"INZAIN Cycling EXPERIENCES\",\"description\":\"Cyckling Adventures  - for everyone\",\"publisher\":{\"@id\":\"https:\/\/inzain.bike\/fr_be\/#organization\"},\"alternateName\":\"INZAIN Gravel & Travel\",\"potentialAction\":[{\"@type\":\"SearchAction\",\"target\":{\"@type\":\"EntryPoint\",\"urlTemplate\":\"https:\/\/inzain.bike\/fr_be\/?s={search_term_string}\"},\"query-input\":{\"@type\":\"PropertyValueSpecification\",\"valueRequired\":true,\"valueName\":\"search_term_string\"}}],\"inLanguage\":\"da-DK\"},{\"@type\":\"Organization\",\"@id\":\"https:\/\/inzain.bike\/fr_be\/#organization\",\"name\":\"INZAIN Cycling EXPERIENCES\",\"url\":\"https:\/\/inzain.bike\/fr_be\/\",\"logo\":{\"@type\":\"ImageObject\",\"inLanguage\":\"da-DK\",\"@id\":\"https:\/\/inzain.bike\/fr_be\/#\/schema\/logo\/image\/\",\"url\":\"https:\/\/i0.wp.com\/inzain.bike\/wp-content\/uploads\/2023\/09\/cropped-INZAIN_512x512_white.png?fit=512%2C512&ssl=1\",\"contentUrl\":\"https:\/\/i0.wp.com\/inzain.bike\/wp-content\/uploads\/2023\/09\/cropped-INZAIN_512x512_white.png?fit=512%2C512&ssl=1\",\"width\":512,\"height\":512,\"caption\":\"INZAIN Cycling EXPERIENCES\"},\"image\":{\"@id\":\"https:\/\/inzain.bike\/fr_be\/#\/schema\/logo\/image\/\"},\"sameAs\":[\"https:\/\/www.facebook.com\/Inzain.bike\",\"https:\/\/www.instagram.com\/inzainbike\"]}]}<\/script>\n<!-- \/ Yoast SEO plugin. -->","yoast_head_json":{"title":"Om Baskerlandet - INZAIN Cykeloplevelser","robots":{"index":"index","follow":"follow","max-snippet":"max-snippet:-1","max-image-preview":"max-image-preview:large","max-video-preview":"max-video-preview:-1"},"canonical":"https:\/\/inzain.bike\/da\/bas24-baskien\/","og_locale":"da_DK","og_type":"article","og_title":"Om Baskien - INZAIN Cycling EXPERIENCES","og_description":"Baskien \u00e4r kanske mest k\u00e4nt f\u00f6r sin matkultur och sina tapas \/ pintxos. Men provinsen \u00e4r \u00e4ven Spaniens mest v\u00e4lm\u00e5ende p\u00e5 m\u00e5nga s\u00e4tt. Och har en otroligt fascinerande kultur. Ingen har v\u00e4l heller missat hur patriotiska Baskerna \u00e4r och detta med framg\u00e5ng. N\u00e5got som de b\u00e5da fotbollsklubbarna Sociedad och Athletic vittnar om. F\u00f6r att f\u00e5 [&hellip;]","og_url":"https:\/\/inzain.bike\/da\/bas24-baskien\/","og_site_name":"INZAIN Cycling EXPERIENCES","article_publisher":"https:\/\/www.facebook.com\/Inzain.bike","article_modified_time":"2023-11-26T20:27:52+00:00","og_image":[{"url":"https:\/\/inzain.bike\/wp-content\/uploads\/2023\/11\/pexels-enrique-19119892-1024x683.jpg","type":"","width":"","height":""}],"twitter_card":"summary_large_image","twitter_misc":{"Estimeret l\u00e6setid":"2 minutter"},"schema":{"@context":"https:\/\/schema.org","@graph":[{"@type":"WebPage","@id":"https:\/\/inzain.bike\/sv_se\/bas24-baskien\/","url":"https:\/\/inzain.bike\/sv_se\/bas24-baskien\/","name":"Om Baskerlandet - INZAIN Cykeloplevelser","isPartOf":{"@id":"https:\/\/inzain.bike\/fr_be\/#website"},"primaryImageOfPage":{"@id":"https:\/\/inzain.bike\/sv_se\/bas24-baskien\/#primaryimage"},"image":{"@id":"https:\/\/inzain.bike\/sv_se\/bas24-baskien\/#primaryimage"},"thumbnailUrl":"https:\/\/inzain.bike\/wp-content\/uploads\/2023\/11\/pexels-enrique-19119892-1024x683.jpg","datePublished":"2023-11-21T17:57:49+00:00","dateModified":"2023-11-26T20:27:52+00:00","breadcrumb":{"@id":"https:\/\/inzain.bike\/sv_se\/bas24-baskien\/#breadcrumb"},"inLanguage":"da-DK","potentialAction":[{"@type":"ReadAction","target":["https:\/\/inzain.bike\/sv_se\/bas24-baskien\/"]}]},{"@type":"ImageObject","inLanguage":"da-DK","@id":"https:\/\/inzain.bike\/sv_se\/bas24-baskien\/#primaryimage","url":"https:\/\/inzain.bike\/wp-content\/uploads\/2023\/11\/pexels-enrique-19119892-1024x683.jpg","contentUrl":"https:\/\/inzain.bike\/wp-content\/uploads\/2023\/11\/pexels-enrique-19119892-1024x683.jpg"},{"@type":"BreadcrumbList","@id":"https:\/\/inzain.bike\/sv_se\/bas24-baskien\/#breadcrumb","itemListElement":[{"@type":"ListItem","position":1,"name":"Hem","item":"https:\/\/inzain.bike\/fr_be\/"},{"@type":"ListItem","position":2,"name":"Om Baskien"}]},{"@type":"WebSite","@id":"https:\/\/inzain.bike\/fr_be\/#website","url":"https:\/\/inzain.bike\/fr_be\/","name":"INZAIN CykelOPLEVELSER","description":"Cykeleventyr - for alle","publisher":{"@id":"https:\/\/inzain.bike\/fr_be\/#organization"},"alternateName":"INZAIN Gravel & Travel","potentialAction":[{"@type":"SearchAction","target":{"@type":"EntryPoint","urlTemplate":"https:\/\/inzain.bike\/fr_be\/?s={search_term_string}"},"query-input":{"@type":"PropertyValueSpecification","valueRequired":true,"valueName":"search_term_string"}}],"inLanguage":"da-DK"},{"@type":"Organization","@id":"https:\/\/inzain.bike\/fr_be\/#organization","name":"INZAIN CykelOPLEVELSER","url":"https:\/\/inzain.bike\/fr_be\/","logo":{"@type":"ImageObject","inLanguage":"da-DK","@id":"https:\/\/inzain.bike\/fr_be\/#\/schema\/logo\/image\/","url":"https:\/\/i0.wp.com\/inzain.bike\/wp-content\/uploads\/2023\/09\/cropped-INZAIN_512x512_white.png?fit=512%2C512&ssl=1","contentUrl":"https:\/\/i0.wp.com\/inzain.bike\/wp-content\/uploads\/2023\/09\/cropped-INZAIN_512x512_white.png?fit=512%2C512&ssl=1","width":512,"height":512,"caption":"INZAIN Cycling EXPERIENCES"},"image":{"@id":"https:\/\/inzain.bike\/fr_be\/#\/schema\/logo\/image\/"},"sameAs":["https:\/\/www.facebook.com\/Inzain.bike","https:\/\/www.instagram.com\/inzainbike"]}]}},"amp_enabled":true,"_links":{"self":[{"href":"https:\/\/inzain.bike\/da\/wp-json\/wp\/v2\/pages\/4766","targetHints":{"allow":["GET"]}}],"collection":[{"href":"https:\/\/inzain.bike\/da\/wp-json\/wp\/v2\/pages"}],"about":[{"href":"https:\/\/inzain.bike\/da\/wp-json\/wp\/v2\/types\/page"}],"author":[{"embeddable":true,"href":"https:\/\/inzain.bike\/da\/wp-json\/wp\/v2\/users\/135133094"}],"replies":[{"embeddable":true,"href":"https:\/\/inzain.bike\/da\/wp-json\/wp\/v2\/comments?post=4766"}],"version-history":[{"count":0,"href":"https:\/\/inzain.bike\/da\/wp-json\/wp\/v2\/pages\/4766\/revisions"}],"wp:attachment":[{"href":"https:\/\/inzain.bike\/da\/wp-json\/wp\/v2\/media?parent=4766"}],"curies":[{"name":"wp","href":"https:\/\/api.w.org\/{rel}","templated":true}]}}