{"id":4767,"date":"2023-11-11T10:49:35","date_gmt":"2023-11-11T09:49:35","guid":{"rendered":"https:\/\/inzain.bike\/?page_id=4767"},"modified":"2025-09-09T17:13:51","modified_gmt":"2025-09-09T15:13:51","slug":"mal25_accomodation","status":"publish","type":"page","link":"https:\/\/inzain.bike\/da\/mal25_accomodation\/","title":{"rendered":"Indkvartering p\u00e5 Mallorca"},"content":{"rendered":"<p>Vores bolig, <strong>Kan Fressa<\/strong> er et privat &quot;Pal\u00e6&quot; midt i Alar\u00f3, som er opdelt i en r\u00e6kke lejligheder fordelt p\u00e5 tre etager. Der er en fantastisk have med pool og mange terrasser og altaner. Der er flere griller og huset har egen vink\u00e6lder(!), hvor vi skal have vinsmagning med Tapas. <br><\/p>\n\n\n\n<div aria-label=\"Collage galleri\" class=\"wp-block-coblocks-gallery-collage alignwide has-small-gutter\"><ul><li class=\"wp-block-coblocks-gallery-collage__item item-1\"><figure class=\"wp-block-coblocks-gallery-collage__figure\"><img decoding=\"async\" alt=\"Gallery Image\" class=\"wp-image-243\" data-id=\"243\" data-imglink=\"\" data-index=\"0\" data-link=\"https:\/\/inzain.bike\/pool2\/\" src=\"https:\/\/inzain.bike\/wp-content\/uploads\/2021\/04\/pool2.jpg\"\/><\/figure><\/li><li class=\"wp-block-coblocks-gallery-collage__item item-2\"><figure class=\"wp-block-coblocks-gallery-collage__figure\"><img loading=\"lazy\" decoding=\"async\" width=\"2000\" height=\"1333\" alt=\"Gallery Image\" class=\"wp-image-258\" data-id=\"258\" data-imglink=\"\" data-index=\"1\" data-link=\"https:\/\/inzain.bike\/yoga-room-2\/\" src=\"https:\/\/inzain.bike\/wp-content\/uploads\/2021\/04\/yoga-room-2.jpg\" srcset=\"https:\/\/inzain.bike\/wp-content\/uploads\/2021\/04\/yoga-room-2.jpg 2000w, https:\/\/inzain.bike\/wp-content\/uploads\/2021\/04\/yoga-room-2-300x200.jpg 300w, https:\/\/inzain.bike\/wp-content\/uploads\/2021\/04\/yoga-room-2-1024x682.jpg 1024w, https:\/\/inzain.bike\/wp-content\/uploads\/2021\/04\/yoga-room-2-768x512.jpg 768w, https:\/\/inzain.bike\/wp-content\/uploads\/2021\/04\/yoga-room-2-1536x1024.jpg 1536w, https:\/\/inzain.bike\/wp-content\/uploads\/2021\/04\/yoga-room-2-18x12.jpg 18w, https:\/\/inzain.bike\/wp-content\/uploads\/2021\/04\/yoga-room-2-1320x880.jpg 1320w, https:\/\/inzain.bike\/wp-content\/uploads\/2021\/04\/yoga-room-2-600x400.jpg 600w\" sizes=\"auto, (max-width: 2000px) 100vw, 2000px\" \/><\/figure><\/li><li class=\"wp-block-coblocks-gallery-collage__item item-3\"><figure class=\"wp-block-coblocks-gallery-collage__figure\"><img loading=\"lazy\" decoding=\"async\" width=\"1000\" height=\"667\" alt=\"Gallery Image\" class=\"wp-image-232\" data-id=\"232\" data-imglink=\"\" data-index=\"2\" data-link=\"https:\/\/inzain.bike\/family-apartment-room-2\/\" src=\"https:\/\/inzain.bike\/wp-content\/uploads\/2021\/04\/family-apartment-room-2.jpg\" srcset=\"https:\/\/inzain.bike\/wp-content\/uploads\/2021\/04\/family-apartment-room-2.jpg 1000w, https:\/\/inzain.bike\/wp-content\/uploads\/2021\/04\/family-apartment-room-2-300x200.jpg 300w, https:\/\/inzain.bike\/wp-content\/uploads\/2021\/04\/family-apartment-room-2-768x512.jpg 768w, https:\/\/inzain.bike\/wp-content\/uploads\/2021\/04\/family-apartment-room-2-18x12.jpg 18w, https:\/\/inzain.bike\/wp-content\/uploads\/2021\/04\/family-apartment-room-2-600x400.jpg 600w\" sizes=\"auto, (max-width: 1000px) 100vw, 1000px\" \/><\/figure><\/li><li class=\"wp-block-coblocks-gallery-collage__item item-4\"><figure class=\"wp-block-coblocks-gallery-collage__figure\"><img decoding=\"async\" alt=\"Gallery Image\" class=\"wp-image-257\" data-id=\"257\" data-imglink=\"\" data-index=\"3\" data-link=\"https:\/\/inzain.bike\/wine-celler\/\" src=\"https:\/\/inzain.bike\/wp-content\/uploads\/2021\/04\/wine-celler.jpg\"\/><\/figure><\/li><li class=\"wp-block-coblocks-gallery-collage__item item-5\"><figure class=\"wp-block-coblocks-gallery-collage__figure\"><img decoding=\"async\" alt=\"Gallery Image\" class=\"wp-image-227\" data-id=\"227\" data-imglink=\"\" data-index=\"4\" data-link=\"https:\/\/inzain.bike\/cosy-apartment\/\" src=\"https:\/\/inzain.bike\/wp-content\/uploads\/2021\/04\/cosy-apartment.jpg\"\/><\/figure><\/li><\/ul><\/div>\n\n\n\n<p>Et yogarum med b\u00e5de m\u00e5tter og blokke er til r\u00e5dighed, og de store k\u00f8kkener er fuldt udstyrede. Der er vaskemaskine, wifi og mange opholdsomr\u00e5der samt meget komfortable senge.<br>Vores v\u00e6rtinde Helga fork\u00e6ler os og hj\u00e6lper med store og sm\u00e5 ting. Senget\u00f8j skiftes en gang om ugen, og f\u00e6llesarealerne reng\u00f8res dagligt. Vi passer selv k\u00f8kkenet.<\/p>\n\n\n\n<p>Huset ligger meget t\u00e6t p\u00e5 pladsen med masser af cafeer og restauranter. K\u00f8bmand og bagerier er ogs\u00e5 i n\u00e6rheden. Der er to gode cykelbutikker, som b\u00e5de udlejer cykler og kan hj\u00e6lpe med reparationer. <\/p>\n\n\n\n<p>Huset har fremragende cykelstativer, samt v\u00e6rkt\u00f8j, cykelstativer, pumper mv. Alt for at du kan f\u00e5 en sk\u00f8n og problemfri cykeloplevelse.<\/p>\n\n\n\n<p>Der er vaskemaskine, samt gode t\u00f8rrefaciliteter.<\/p>","protected":false},"excerpt":{"rendered":"<p>V\u00e5rt boende, Can Fressa \u00e4r ett privat &#8220;Mansion&#8221; mitt i Alar\u00f3, som \u00e4r indelad i ett antal l\u00e4genheter f\u00f6rdelat p\u00e5 tre plan. Det finns en fantastisk tr\u00e4dg\u00e5rd med Pool och m\u00e5nga uteplatser och altaner. Flera grillar finns och huset har egen vink\u00e4llare(!), d\u00e4r vi kommer att ha vinprovning med Tapas. Ett Yoga-rum med b\u00e5de mattor [&hellip;]<\/p>\n","protected":false},"author":203917873,"featured_media":0,"parent":0,"menu_order":0,"comment_status":"closed","ping_status":"closed","template":"","meta":{"_coblocks_attr":"","_coblocks_dimensions":"","_coblocks_responsive_height":"","_coblocks_accordion_ie_support":"","footnotes":""},"class_list":["post-4767","page","type-page","status-publish","hentry"],"yoast_head":"<!-- This site is optimized with the Yoast SEO plugin v27.2 - https:\/\/yoast.com\/product\/yoast-seo-wordpress\/ -->\n<title>Mallorca Boende - INZAIN Cycling EXPERIENCES<\/title>\n<meta name=\"robots\" content=\"index, follow, max-snippet:-1, max-image-preview:large, max-video-preview:-1\" \/>\n<link rel=\"canonical\" href=\"https:\/\/inzain.bike\/da\/mal25_accomodation\/\" \/>\n<meta property=\"og:locale\" content=\"da_DK\" \/>\n<meta property=\"og:type\" content=\"article\" \/>\n<meta property=\"og:title\" content=\"Mallorca Boende - INZAIN Cycling EXPERIENCES\" \/>\n<meta property=\"og:description\" content=\"V\u00e5rt boende, Can Fressa \u00e4r ett privat &#8220;Mansion&#8221; mitt i Alar\u00f3, som \u00e4r indelad i ett antal l\u00e4genheter f\u00f6rdelat p\u00e5 tre plan. Det finns en fantastisk tr\u00e4dg\u00e5rd med Pool och m\u00e5nga uteplatser och altaner. Flera grillar finns och huset har egen vink\u00e4llare(!), d\u00e4r vi kommer att ha vinprovning med Tapas. Ett Yoga-rum med b\u00e5de mattor [&hellip;]\" \/>\n<meta property=\"og:url\" content=\"https:\/\/inzain.bike\/da\/mal25_accomodation\/\" \/>\n<meta property=\"og:site_name\" content=\"INZAIN Cycling EXPERIENCES\" \/>\n<meta property=\"article:publisher\" content=\"https:\/\/www.facebook.com\/Inzain.bike\" \/>\n<meta property=\"article:modified_time\" content=\"2025-09-09T15:13:51+00:00\" \/>\n<meta property=\"og:image\" content=\"https:\/\/inzain.bike\/wp-content\/uploads\/2021\/04\/pool2-scaled.jpg\" \/>\n\t<meta property=\"og:image:width\" content=\"2560\" \/>\n\t<meta property=\"og:image:height\" content=\"1707\" \/>\n\t<meta property=\"og:image:type\" content=\"image\/jpeg\" \/>\n<meta name=\"twitter:card\" content=\"summary_large_image\" \/>\n<meta name=\"twitter:label1\" content=\"Estimeret l\u00e6setid\" \/>\n\t<meta name=\"twitter:data1\" content=\"2 minutter\" \/>\n<script type=\"application\/ld+json\" class=\"yoast-schema-graph\">{\"@context\":\"https:\/\/schema.org\",\"@graph\":[{\"@type\":\"WebPage\",\"@id\":\"https:\/\/inzain.bike\/mal25_accomodation\/\",\"url\":\"https:\/\/inzain.bike\/mal25_accomodation\/\",\"name\":\"Mallorca Boende - INZAIN Cycling EXPERIENCES\",\"isPartOf\":{\"@id\":\"https:\/\/inzain.bike\/fr_be\/#website\"},\"primaryImageOfPage\":{\"@id\":\"https:\/\/inzain.bike\/mal25_accomodation\/#primaryimage\"},\"image\":{\"@id\":\"https:\/\/inzain.bike\/mal25_accomodation\/#primaryimage\"},\"thumbnailUrl\":\"https:\/\/inzain.bike\/wp-content\/uploads\/2021\/04\/pool2.jpg\",\"datePublished\":\"2023-11-11T09:49:35+00:00\",\"dateModified\":\"2025-09-09T15:13:51+00:00\",\"breadcrumb\":{\"@id\":\"https:\/\/inzain.bike\/mal25_accomodation\/#breadcrumb\"},\"inLanguage\":\"da-DK\",\"potentialAction\":[{\"@type\":\"ReadAction\",\"target\":[\"https:\/\/inzain.bike\/mal25_accomodation\/\"]}]},{\"@type\":\"ImageObject\",\"inLanguage\":\"da-DK\",\"@id\":\"https:\/\/inzain.bike\/mal25_accomodation\/#primaryimage\",\"url\":\"https:\/\/inzain.bike\/wp-content\/uploads\/2021\/04\/pool2.jpg\",\"contentUrl\":\"https:\/\/inzain.bike\/wp-content\/uploads\/2021\/04\/pool2.jpg\"},{\"@type\":\"BreadcrumbList\",\"@id\":\"https:\/\/inzain.bike\/mal25_accomodation\/#breadcrumb\",\"itemListElement\":[{\"@type\":\"ListItem\",\"position\":1,\"name\":\"Hem\",\"item\":\"https:\/\/inzain.bike\/fr_be\/\"},{\"@type\":\"ListItem\",\"position\":2,\"name\":\"Mallorca Boende\"}]},{\"@type\":\"WebSite\",\"@id\":\"https:\/\/inzain.bike\/fr_be\/#website\",\"url\":\"https:\/\/inzain.bike\/fr_be\/\",\"name\":\"INZAIN Cycling EXPERIENCES\",\"description\":\"Cyckling Adventures  - for everyone\",\"publisher\":{\"@id\":\"https:\/\/inzain.bike\/fr_be\/#organization\"},\"alternateName\":\"INZAIN Gravel & Travel\",\"potentialAction\":[{\"@type\":\"SearchAction\",\"target\":{\"@type\":\"EntryPoint\",\"urlTemplate\":\"https:\/\/inzain.bike\/fr_be\/?s={search_term_string}\"},\"query-input\":{\"@type\":\"PropertyValueSpecification\",\"valueRequired\":true,\"valueName\":\"search_term_string\"}}],\"inLanguage\":\"da-DK\"},{\"@type\":\"Organization\",\"@id\":\"https:\/\/inzain.bike\/fr_be\/#organization\",\"name\":\"INZAIN Cycling EXPERIENCES\",\"url\":\"https:\/\/inzain.bike\/fr_be\/\",\"logo\":{\"@type\":\"ImageObject\",\"inLanguage\":\"da-DK\",\"@id\":\"https:\/\/inzain.bike\/fr_be\/#\/schema\/logo\/image\/\",\"url\":\"https:\/\/i0.wp.com\/inzain.bike\/wp-content\/uploads\/2023\/09\/cropped-INZAIN_512x512_white.png?fit=512%2C512&ssl=1\",\"contentUrl\":\"https:\/\/i0.wp.com\/inzain.bike\/wp-content\/uploads\/2023\/09\/cropped-INZAIN_512x512_white.png?fit=512%2C512&ssl=1\",\"width\":512,\"height\":512,\"caption\":\"INZAIN Cycling EXPERIENCES\"},\"image\":{\"@id\":\"https:\/\/inzain.bike\/fr_be\/#\/schema\/logo\/image\/\"},\"sameAs\":[\"https:\/\/www.facebook.com\/Inzain.bike\",\"https:\/\/www.instagram.com\/inzainbike\"]}]}<\/script>\n<!-- \/ Yoast SEO plugin. -->","yoast_head_json":{"title":"Indkvartering p\u00e5 Mallorca - INZAIN Cykeloplevelser","robots":{"index":"index","follow":"follow","max-snippet":"max-snippet:-1","max-image-preview":"max-image-preview:large","max-video-preview":"max-video-preview:-1"},"canonical":"https:\/\/inzain.bike\/da\/mal25_accomodation\/","og_locale":"da_DK","og_type":"article","og_title":"Mallorca Boende - INZAIN Cycling EXPERIENCES","og_description":"V\u00e5rt boende, Can Fressa \u00e4r ett privat &#8220;Mansion&#8221; mitt i Alar\u00f3, som \u00e4r indelad i ett antal l\u00e4genheter f\u00f6rdelat p\u00e5 tre plan. Det finns en fantastisk tr\u00e4dg\u00e5rd med Pool och m\u00e5nga uteplatser och altaner. Flera grillar finns och huset har egen vink\u00e4llare(!), d\u00e4r vi kommer att ha vinprovning med Tapas. Ett Yoga-rum med b\u00e5de mattor [&hellip;]","og_url":"https:\/\/inzain.bike\/da\/mal25_accomodation\/","og_site_name":"INZAIN Cycling EXPERIENCES","article_publisher":"https:\/\/www.facebook.com\/Inzain.bike","article_modified_time":"2025-09-09T15:13:51+00:00","og_image":[{"width":2560,"height":1707,"url":"https:\/\/inzain.bike\/wp-content\/uploads\/2021\/04\/pool2-scaled.jpg","type":"image\/jpeg"}],"twitter_card":"summary_large_image","twitter_misc":{"Estimeret l\u00e6setid":"2 minutter"},"schema":{"@context":"https:\/\/schema.org","@graph":[{"@type":"WebPage","@id":"https:\/\/inzain.bike\/mal25_accomodation\/","url":"https:\/\/inzain.bike\/mal25_accomodation\/","name":"Indkvartering p\u00e5 Mallorca - INZAIN Cykeloplevelser","isPartOf":{"@id":"https:\/\/inzain.bike\/fr_be\/#website"},"primaryImageOfPage":{"@id":"https:\/\/inzain.bike\/mal25_accomodation\/#primaryimage"},"image":{"@id":"https:\/\/inzain.bike\/mal25_accomodation\/#primaryimage"},"thumbnailUrl":"https:\/\/inzain.bike\/wp-content\/uploads\/2021\/04\/pool2.jpg","datePublished":"2023-11-11T09:49:35+00:00","dateModified":"2025-09-09T15:13:51+00:00","breadcrumb":{"@id":"https:\/\/inzain.bike\/mal25_accomodation\/#breadcrumb"},"inLanguage":"da-DK","potentialAction":[{"@type":"ReadAction","target":["https:\/\/inzain.bike\/mal25_accomodation\/"]}]},{"@type":"ImageObject","inLanguage":"da-DK","@id":"https:\/\/inzain.bike\/mal25_accomodation\/#primaryimage","url":"https:\/\/inzain.bike\/wp-content\/uploads\/2021\/04\/pool2.jpg","contentUrl":"https:\/\/inzain.bike\/wp-content\/uploads\/2021\/04\/pool2.jpg"},{"@type":"BreadcrumbList","@id":"https:\/\/inzain.bike\/mal25_accomodation\/#breadcrumb","itemListElement":[{"@type":"ListItem","position":1,"name":"Hem","item":"https:\/\/inzain.bike\/fr_be\/"},{"@type":"ListItem","position":2,"name":"Mallorca Boende"}]},{"@type":"WebSite","@id":"https:\/\/inzain.bike\/fr_be\/#website","url":"https:\/\/inzain.bike\/fr_be\/","name":"INZAIN CykelOPLEVELSER","description":"Cykeleventyr - for alle","publisher":{"@id":"https:\/\/inzain.bike\/fr_be\/#organization"},"alternateName":"INZAIN Gravel & Travel","potentialAction":[{"@type":"SearchAction","target":{"@type":"EntryPoint","urlTemplate":"https:\/\/inzain.bike\/fr_be\/?s={search_term_string}"},"query-input":{"@type":"PropertyValueSpecification","valueRequired":true,"valueName":"search_term_string"}}],"inLanguage":"da-DK"},{"@type":"Organization","@id":"https:\/\/inzain.bike\/fr_be\/#organization","name":"INZAIN CykelOPLEVELSER","url":"https:\/\/inzain.bike\/fr_be\/","logo":{"@type":"ImageObject","inLanguage":"da-DK","@id":"https:\/\/inzain.bike\/fr_be\/#\/schema\/logo\/image\/","url":"https:\/\/i0.wp.com\/inzain.bike\/wp-content\/uploads\/2023\/09\/cropped-INZAIN_512x512_white.png?fit=512%2C512&ssl=1","contentUrl":"https:\/\/i0.wp.com\/inzain.bike\/wp-content\/uploads\/2023\/09\/cropped-INZAIN_512x512_white.png?fit=512%2C512&ssl=1","width":512,"height":512,"caption":"INZAIN Cycling EXPERIENCES"},"image":{"@id":"https:\/\/inzain.bike\/fr_be\/#\/schema\/logo\/image\/"},"sameAs":["https:\/\/www.facebook.com\/Inzain.bike","https:\/\/www.instagram.com\/inzainbike"]}]}},"amp_enabled":true,"_links":{"self":[{"href":"https:\/\/inzain.bike\/da\/wp-json\/wp\/v2\/pages\/4767","targetHints":{"allow":["GET"]}}],"collection":[{"href":"https:\/\/inzain.bike\/da\/wp-json\/wp\/v2\/pages"}],"about":[{"href":"https:\/\/inzain.bike\/da\/wp-json\/wp\/v2\/types\/page"}],"author":[{"embeddable":true,"href":"https:\/\/inzain.bike\/da\/wp-json\/wp\/v2\/users\/203917873"}],"replies":[{"embeddable":true,"href":"https:\/\/inzain.bike\/da\/wp-json\/wp\/v2\/comments?post=4767"}],"version-history":[{"count":2,"href":"https:\/\/inzain.bike\/da\/wp-json\/wp\/v2\/pages\/4767\/revisions"}],"predecessor-version":[{"id":8686,"href":"https:\/\/inzain.bike\/da\/wp-json\/wp\/v2\/pages\/4767\/revisions\/8686"}],"wp:attachment":[{"href":"https:\/\/inzain.bike\/da\/wp-json\/wp\/v2\/media?parent=4767"}],"curies":[{"name":"wp","href":"https:\/\/api.w.org\/{rel}","templated":true}]}}