{"id":484,"date":"2021-06-07T11:59:54","date_gmt":"2021-06-07T09:59:54","guid":{"rendered":"https:\/\/inzain.bike\/?page_id=484"},"modified":"2021-06-07T12:01:30","modified_gmt":"2021-06-07T10:01:30","slug":"gravelhelg-i-skaraborg","status":"publish","type":"page","link":"https:\/\/inzain.bike\/da\/gravelhelg-i-skaraborg\/","title":{"rendered":"Grusweekend i Skaraborg"},"content":{"rendered":"<figure class=\"wp-block-image size-large\"><img decoding=\"async\" src=\"https:\/\/inzain.bike\/wp-content\/uploads\/2021\/06\/20210605_082204.jpg?w=1024\" alt=\"\" class=\"wp-image-487\" \/><\/figure>\n\n\n\n<p>Syv venner tog ned til Skaraborg for at pr\u00f8ve de fine veje omkring Undern og G\u00f6ta kanal. Vi var s\u00e5 heldige at bo helt fantastisk lige ved vandet med bad, sauna og hjemmelavet Pizza. S\u00e5 det rigtige sted, den rigtige mad og gode venner, alt klar til en fantastisk weekend.<\/p>\n\n\n\n<p>L\u00f8rdagen startede med noget l\u00f8st grus, den lokale greve havde vedligeholdt vejen, lidt udfordrende men det gik trods alt godt. Varmen stiger, 25-26 grader, 1000 SEK til den der s\u00e5 en sky, n\u00e6sten ingen vind. Vi drak som kameler. Efter fire miles kommer vi til en smuk strand, ret rart at tr\u00e6kke vejret i skyggen og tage nogle billeder.<br><\/p>\n\n\n\n<figure class=\"wp-block-image size-large\"><img decoding=\"async\" src=\"https:\/\/inzain.bike\/wp-content\/uploads\/2021\/06\/20210605_104540.jpg?w=1024\" alt=\"\" class=\"wp-image-489\" \/><\/figure>\n\n\n\n<figure class=\"wp-block-image size-large\"><img decoding=\"async\" src=\"https:\/\/inzain.bike\/wp-content\/uploads\/2021\/06\/20210605_104137.jpg?w=1024\" alt=\"\" class=\"wp-image-490\" \/><\/figure>\n\n\n\n<p>Vi damper mod kaffe, veganske frikadellersandwich og boller, det er rart at alle skiltene var p\u00e5 tysk, man kan jo g\u00e6tte hvor turiststr\u00f8mmene kommer fra.<\/p>\n\n\n\n<p>Et stykke tid efter kaffen, midt i Tiveden Nationalpark, h\u00f8rer jeg et svagt r\u00e5b bag mig - &quot;Gerry... Gerry&quot;.. Secret Pontus havde et problem! Det viste sig at v\u00e6re skralden i hans DT Swiss 240 EXP nav, der ikke l\u00e6ngere engagerede. F\u00e6rdig cykel. Apostelhestene skulle have ekstra foder, og de gik.<\/p>\n\n\n\n<figure class=\"wp-block-image size-large\"><img decoding=\"async\" src=\"https:\/\/inzain.bike\/wp-content\/uploads\/2021\/06\/g0051976.jpg?w=1024\" alt=\"\" class=\"wp-image-509\" \/><\/figure>\n\n\n\n<p><br>Et lille opkald til n\u00e6ste cafe for hj\u00e6lp, langt tilbage... 20 km. Vi beslutter, at nogle k\u00f8rer videre, mens P og V f\u00f8lger efter. P er trods alt initiativrig og form\u00e5ede hurtigt at charmere en tysk familie til at k\u00f8re ham, nu med en lidt forstuvet kulfiberraket til kaffen. Desv\u00e6rre havde V ikke helt fundet ud af, hvordan den opdaterede &quot;gena&quot;-rute blev, men efter lidt fejlretning fik hun ret.<br><br>P lejer en MTB, efterlader cyklen der og vi k\u00f8rer de sidste 25k for at hente bilen, mens resten af banden gennemf\u00f8rer ruten.<\/p>\n\n\n\n<figure class=\"wp-block-image size-large\"><img loading=\"lazy\" decoding=\"async\" width=\"720\" height=\"960\" src=\"https:\/\/inzain.bike\/wp-content\/uploads\/2021\/06\/pizza.jpg?w=720\" alt=\"\" class=\"wp-image-493\" srcset=\"https:\/\/inzain.bike\/wp-content\/uploads\/2021\/06\/pizza.jpg 720w, https:\/\/inzain.bike\/wp-content\/uploads\/2021\/06\/pizza-225x300.jpg 225w, https:\/\/inzain.bike\/wp-content\/uploads\/2021\/06\/pizza-9x12.jpg 9w, https:\/\/inzain.bike\/wp-content\/uploads\/2021\/06\/pizza-600x800.jpg 600w\" sizes=\"auto, (max-width: 720px) 100vw, 720px\" \/><\/figure>\n\n\n\n<p><br><br>Om aftenen blev der serveret pizza, den nye br\u00e6ndeovn Onni blev indviet og en og anden flaske god vin blev nydt, inden vi som udmattede Traner faldt i s\u00f8vn.<\/p>\n\n\n\n<p><strong>S\u00f8ndag en tur til Sj\u00f6torp og derefter langs G\u00f6ta Kanal.<\/strong><br><br>P fungerede som f\u00f8lgebil i mangel af en fungerende cykel. M\u00f8dte os forskellige steder, serverede iskold Frappucino og salte godbidder, m\u00e5ske en ny standard? Nogle \u00f8nskede at skalere op og bad om russisk kaviar og blinis, men der er tilsyneladende en form for gr\u00e6nse?<\/p>\n\n\n\n<p>Turen var i starten mest i skoven med nogle \u00e5bne sektioner.<\/p>\n\n\n\n<figure class=\"wp-block-image size-large\"><img decoding=\"async\" src=\"https:\/\/inzain.bike\/wp-content\/uploads\/2021\/06\/g0011574.jpg?w=1024\" alt=\"\" class=\"wp-image-494\" \/><\/figure>\n\n\n\n<p>Fine grusveje, en lille sti og s\u00e5 en smuk dam.<\/p>\n\n\n\n<figure class=\"wp-block-image size-large\"><img decoding=\"async\" src=\"https:\/\/inzain.bike\/wp-content\/uploads\/2021\/06\/20210606_111525.jpg?w=766\" alt=\"\" class=\"wp-image-496\" \/><\/figure>\n\n\n\n<p>I Sj\u00f6torp fik vi en bedre frokost og endelig blev det tid til 40k G\u00f6ta Kanal, rigtig flot og magisk smukt. Vi studerede en sluse, en fiskekonkurrence og en k\u00e6mpe is.<\/p>\n\n\n\n<div class=\"wp-block-jetpack-tiled-gallery aligncenter is-style-rectangular\"><div class=\"tiled-gallery__gallery\"><div class=\"tiled-gallery__row\"><div class=\"tiled-gallery__col\" style=\"flex-basis:66.78241%;\"><figure class=\"tiled-gallery__item\"><img decoding=\"async\" alt=\"\" data-height=\"3000\" data-id=\"498\" data-link=\"https:\/\/inzain.bike\/20210606_140957\/\" data-url=\"https:\/\/inzain.bike\/wp-content\/uploads\/2021\/06\/20210606_140957.jpg\" data-width=\"4000\" src=\"https:\/\/inzain.bike\/wp-content\/uploads\/2021\/06\/20210606_140957.jpg\" data-amp-layout=\"responsive\" \/><\/figure><\/div><div class=\"tiled-gallery__col\" style=\"flex-basis:33.21759%;\"><figure class=\"tiled-gallery__item\"><img decoding=\"async\" alt=\"\" data-height=\"3000\" data-id=\"499\" data-link=\"https:\/\/inzain.bike\/20210606_154936\/\" data-url=\"https:\/\/inzain.bike\/wp-content\/uploads\/2021\/06\/20210606_154936.jpg\" data-width=\"4000\" src=\"https:\/\/inzain.bike\/wp-content\/uploads\/2021\/06\/20210606_154936.jpg\" data-amp-layout=\"responsive\" \/><\/figure><figure class=\"tiled-gallery__item\"><img decoding=\"async\" alt=\"\" data-height=\"3000\" data-id=\"500\" data-link=\"https:\/\/inzain.bike\/20210606_155332\/\" data-url=\"https:\/\/inzain.bike\/wp-content\/uploads\/2021\/06\/20210606_155332.jpg\" data-width=\"4000\" src=\"https:\/\/inzain.bike\/wp-content\/uploads\/2021\/06\/20210606_155332.jpg\" data-amp-layout=\"responsive\" \/><\/figure><\/div><\/div><div class=\"tiled-gallery__row\"><div class=\"tiled-gallery__col\" style=\"flex-basis:33.33333%;\"><figure class=\"tiled-gallery__item\"><img decoding=\"async\" alt=\"\" data-height=\"3000\" data-id=\"501\" data-link=\"https:\/\/inzain.bike\/20210606_155658\/\" data-url=\"https:\/\/inzain.bike\/wp-content\/uploads\/2021\/06\/20210606_155658.jpg\" data-width=\"4000\" src=\"https:\/\/inzain.bike\/wp-content\/uploads\/2021\/06\/20210606_155658.jpg\" data-amp-layout=\"responsive\" \/><\/figure><\/div><div class=\"tiled-gallery__col\" style=\"flex-basis:33.33333%;\"><figure class=\"tiled-gallery__item\"><img decoding=\"async\" alt=\"\" data-height=\"3888\" data-id=\"502\" data-link=\"https:\/\/inzain.bike\/dcim101goprog0092779-jpg\/\" data-url=\"https:\/\/inzain.bike\/wp-content\/uploads\/2021\/06\/g0092779.jpg\" data-width=\"5184\" src=\"https:\/\/inzain.bike\/wp-content\/uploads\/2021\/06\/g0092779.jpg\" data-amp-layout=\"responsive\" \/><\/figure><\/div><div class=\"tiled-gallery__col\" style=\"flex-basis:33.33333%;\"><figure class=\"tiled-gallery__item\"><img decoding=\"async\" alt=\"\" data-height=\"3888\" data-id=\"504\" data-link=\"https:\/\/inzain.bike\/dcim101goprog0092805-jpg\/\" data-url=\"https:\/\/inzain.bike\/wp-content\/uploads\/2021\/06\/g0092805.jpg\" data-width=\"5184\" src=\"https:\/\/inzain.bike\/wp-content\/uploads\/2021\/06\/g0092805.jpg\" data-amp-layout=\"responsive\" \/><\/figure><\/div><\/div><div class=\"tiled-gallery__row\"><div class=\"tiled-gallery__col\" style=\"flex-basis:25%;\"><figure class=\"tiled-gallery__item\"><img decoding=\"async\" alt=\"\" data-height=\"3888\" data-id=\"505\" data-link=\"https:\/\/inzain.bike\/dcim101goprog0092843-jpg\/\" data-url=\"https:\/\/inzain.bike\/wp-content\/uploads\/2021\/06\/g0092843.jpg\" data-width=\"5184\" src=\"https:\/\/inzain.bike\/wp-content\/uploads\/2021\/06\/g0092843.jpg\" data-amp-layout=\"responsive\" \/><\/figure><\/div><div class=\"tiled-gallery__col\" style=\"flex-basis:25%;\"><figure class=\"tiled-gallery__item\"><img decoding=\"async\" alt=\"\" data-height=\"3888\" data-id=\"506\" data-link=\"https:\/\/inzain.bike\/dcim101goprog0102947-jpg\/\" data-url=\"https:\/\/inzain.bike\/wp-content\/uploads\/2021\/06\/g0102947.jpg\" data-width=\"5184\" src=\"https:\/\/inzain.bike\/wp-content\/uploads\/2021\/06\/g0102947.jpg\" data-amp-layout=\"responsive\" \/><\/figure><\/div><div class=\"tiled-gallery__col\" style=\"flex-basis:25%;\"><figure class=\"tiled-gallery__item\"><img decoding=\"async\" alt=\"\" data-height=\"3888\" data-id=\"507\" data-link=\"https:\/\/inzain.bike\/dcim101goprog0102949-jpg\/\" data-url=\"https:\/\/inzain.bike\/wp-content\/uploads\/2021\/06\/g0102949.jpg\" data-width=\"5184\" src=\"https:\/\/inzain.bike\/wp-content\/uploads\/2021\/06\/g0102949.jpg\" data-amp-layout=\"responsive\" \/><\/figure><\/div><div class=\"tiled-gallery__col\" style=\"flex-basis:25%;\"><figure class=\"tiled-gallery__item\"><img decoding=\"async\" alt=\"\" data-height=\"3888\" data-id=\"508\" data-link=\"https:\/\/inzain.bike\/dcim101goprog0102968-jpg\/\" data-url=\"https:\/\/inzain.bike\/wp-content\/uploads\/2021\/06\/g0102968.jpg\" data-width=\"5184\" src=\"https:\/\/inzain.bike\/wp-content\/uploads\/2021\/06\/g0102968.jpg\" data-amp-layout=\"responsive\" \/><\/figure><\/div><\/div><\/div><\/div>\n\n\n\n<p>Efter Kanalen har vi kun 20 km tilbage, men vi har tid til en lille navigationsfejl og en hike-a-bike, klasse III. Lidt bare mos \ud83d\ude42<br><br><\/p>\n\n\n\n<figure class=\"wp-block-image size-large\"><img decoding=\"async\" src=\"https:\/\/inzain.bike\/wp-content\/uploads\/2021\/06\/g0102984.jpg?w=1024\" alt=\"\" class=\"wp-image-512\" \/><figcaption>Vandre-en-cykel<\/figcaption><\/figure>\n\n\n\n<p>Vel fremme tager vi en sv\u00f8mmetur, pakker cyklerne og opsummerer weekenden som helt fantastisk. Tak til P der havde arrangeret og tak til alle der deltog!<\/p>\n\n\n\n<div class=\"wp-block-jetpack-tiled-gallery aligncenter is-style-rectangular\"><div class=\"tiled-gallery__gallery\"><div class=\"tiled-gallery__row\"><div class=\"tiled-gallery__col\" style=\"flex-basis:66.78241%;\"><figure class=\"tiled-gallery__item\"><img decoding=\"async\" alt=\"\" data-height=\"3000\" data-id=\"514\" data-link=\"https:\/\/inzain.bike\/20210606_112853\/\" data-url=\"https:\/\/inzain.bike\/wp-content\/uploads\/2021\/06\/20210606_112853.jpg\" data-width=\"4000\" src=\"https:\/\/inzain.bike\/wp-content\/uploads\/2021\/06\/20210606_112853.jpg\" data-amp-layout=\"responsive\" \/><\/figure><\/div><div class=\"tiled-gallery__col\" style=\"flex-basis:33.21759%;\"><figure class=\"tiled-gallery__item\"><img decoding=\"async\" alt=\"\" data-height=\"3888\" data-id=\"515\" data-link=\"https:\/\/inzain.bike\/dcim100goprog0011581-jpg\/\" data-url=\"https:\/\/inzain.bike\/wp-content\/uploads\/2021\/06\/g0011581.jpg\" data-width=\"5184\" src=\"https:\/\/inzain.bike\/wp-content\/uploads\/2021\/06\/g0011581.jpg\" data-amp-layout=\"responsive\" \/><\/figure><figure class=\"tiled-gallery__item\"><img decoding=\"async\" alt=\"\" data-height=\"3888\" data-id=\"516\" data-link=\"https:\/\/inzain.bike\/dcim100goprog0011603-jpg\/\" data-url=\"https:\/\/inzain.bike\/wp-content\/uploads\/2021\/06\/g0011603.jpg\" data-width=\"5184\" src=\"https:\/\/inzain.bike\/wp-content\/uploads\/2021\/06\/g0011603.jpg\" data-amp-layout=\"responsive\" \/><\/figure><\/div><\/div><div class=\"tiled-gallery__row\"><div class=\"tiled-gallery__col\" style=\"flex-basis:25%;\"><figure class=\"tiled-gallery__item\"><img decoding=\"async\" alt=\"\" data-height=\"3888\" data-id=\"517\" data-link=\"https:\/\/inzain.bike\/dcim101goprog0072451-jpg\/\" data-url=\"https:\/\/inzain.bike\/wp-content\/uploads\/2021\/06\/g0072451.jpg\" data-width=\"5184\" src=\"https:\/\/inzain.bike\/wp-content\/uploads\/2021\/06\/g0072451.jpg\" data-amp-layout=\"responsive\" \/><\/figure><\/div><div class=\"tiled-gallery__col\" style=\"flex-basis:25%;\"><figure class=\"tiled-gallery__item\"><img decoding=\"async\" alt=\"\" data-height=\"3888\" data-id=\"518\" data-link=\"https:\/\/inzain.bike\/dcim101goprog0082642-jpg\/\" data-url=\"https:\/\/inzain.bike\/wp-content\/uploads\/2021\/06\/g0082642.jpg\" data-width=\"5184\" src=\"https:\/\/inzain.bike\/wp-content\/uploads\/2021\/06\/g0082642.jpg\" data-amp-layout=\"responsive\" \/><\/figure><\/div><div class=\"tiled-gallery__col\" style=\"flex-basis:25%;\"><figure class=\"tiled-gallery__item\"><img decoding=\"async\" alt=\"\" data-height=\"3888\" data-id=\"519\" data-link=\"https:\/\/inzain.bike\/dcim101goprog0082695-jpg\/\" data-url=\"https:\/\/inzain.bike\/wp-content\/uploads\/2021\/06\/g0082695.jpg\" data-width=\"5184\" src=\"https:\/\/inzain.bike\/wp-content\/uploads\/2021\/06\/g0082695.jpg\" data-amp-layout=\"responsive\" \/><\/figure><\/div><div class=\"tiled-gallery__col\" style=\"flex-basis:25%;\"><figure class=\"tiled-gallery__item\"><img decoding=\"async\" alt=\"\" data-height=\"3888\" data-id=\"521\" data-link=\"https:\/\/inzain.bike\/dcim101goprog0102968-jpg-2\/\" data-url=\"https:\/\/inzain.bike\/wp-content\/uploads\/2021\/06\/g0102968-1.jpg\" data-width=\"5184\" src=\"https:\/\/inzain.bike\/wp-content\/uploads\/2021\/06\/g0102968-1.jpg\" data-amp-layout=\"responsive\" \/><\/figure><\/div><\/div><\/div><\/div>\n\n\n\n<p>Ruten vi k\u00f8rte i s\u00f8ndags: <br><a href=\"https:\/\/teamutangranser.se\/toreboda-hova-ostlig-loop\/\">https:\/\/teamutangranser.se\/toreboda-hova-ostlig-loop\/<\/a><\/p>\n\n\n\n<p><\/p>","protected":false},"excerpt":{"rendered":"<p>Sju v\u00e4nner \u00e5kte ner till Skaraborg f\u00f6r att prova de fina v\u00e4garna runt Undern och G\u00f6ta kanal. Vi hade turen att f\u00e5 bo helt fantastiskt precis vid vattnet med bad, bastu och hemlagad Pizza. S\u00e5 r\u00e4tt plats, r\u00e4tt mat och goda v\u00e4nner, allt b\u00e4ddat f\u00f6r en grym helg. L\u00f6rdagen b\u00f6rjade med lite l\u00f6st grus, lokala [&hellip;]<\/p>\n","protected":false},"author":135133094,"featured_media":0,"parent":0,"menu_order":0,"comment_status":"closed","ping_status":"closed","template":"","meta":{"_coblocks_attr":"","_coblocks_dimensions":"","_coblocks_responsive_height":"","_coblocks_accordion_ie_support":"","footnotes":""},"class_list":["post-484","page","type-page","status-publish","hentry"],"yoast_head":"<!-- This site is optimized with the Yoast SEO plugin v27.2 - https:\/\/yoast.com\/product\/yoast-seo-wordpress\/ -->\n<title>Gravelhelg i Skaraborg - INZAIN Cycling EXPERIENCES<\/title>\n<meta name=\"robots\" content=\"index, follow, max-snippet:-1, max-image-preview:large, max-video-preview:-1\" \/>\n<link rel=\"canonical\" href=\"https:\/\/inzain.bike\/da\/gravelhelg-i-skaraborg\/\" \/>\n<meta property=\"og:locale\" content=\"da_DK\" \/>\n<meta property=\"og:type\" content=\"article\" \/>\n<meta property=\"og:title\" content=\"Gravelhelg i Skaraborg - INZAIN Cycling EXPERIENCES\" \/>\n<meta property=\"og:description\" content=\"Sju v\u00e4nner \u00e5kte ner till Skaraborg f\u00f6r att prova de fina v\u00e4garna runt Undern och G\u00f6ta kanal. Vi hade turen att f\u00e5 bo helt fantastiskt precis vid vattnet med bad, bastu och hemlagad Pizza. S\u00e5 r\u00e4tt plats, r\u00e4tt mat och goda v\u00e4nner, allt b\u00e4ddat f\u00f6r en grym helg. L\u00f6rdagen b\u00f6rjade med lite l\u00f6st grus, lokala [&hellip;]\" \/>\n<meta property=\"og:url\" content=\"https:\/\/inzain.bike\/da\/gravelhelg-i-skaraborg\/\" \/>\n<meta property=\"og:site_name\" content=\"INZAIN Cycling EXPERIENCES\" \/>\n<meta property=\"article:publisher\" content=\"https:\/\/www.facebook.com\/Inzain.bike\" \/>\n<meta property=\"article:modified_time\" content=\"2021-06-07T10:01:30+00:00\" \/>\n<meta property=\"og:image\" content=\"https:\/\/inzain.bike\/wp-content\/uploads\/2021\/06\/20210605_082204.jpg?w=1024\" \/>\n<meta name=\"twitter:card\" content=\"summary_large_image\" \/>\n<meta name=\"twitter:label1\" content=\"Estimeret l\u00e6setid\" \/>\n\t<meta name=\"twitter:data1\" content=\"3 minutter\" \/>\n<script type=\"application\/ld+json\" class=\"yoast-schema-graph\">{\"@context\":\"https:\/\/schema.org\",\"@graph\":[{\"@type\":\"WebPage\",\"@id\":\"https:\/\/inzain.bike\/en\/gravelhelg-i-skaraborg\/\",\"url\":\"https:\/\/inzain.bike\/en\/gravelhelg-i-skaraborg\/\",\"name\":\"Gravelhelg i Skaraborg - INZAIN Cycling EXPERIENCES\",\"isPartOf\":{\"@id\":\"https:\/\/inzain.bike\/fr_be\/#website\"},\"primaryImageOfPage\":{\"@id\":\"https:\/\/inzain.bike\/en\/gravelhelg-i-skaraborg\/#primaryimage\"},\"image\":{\"@id\":\"https:\/\/inzain.bike\/en\/gravelhelg-i-skaraborg\/#primaryimage\"},\"thumbnailUrl\":\"https:\/\/inzain.bike\/wp-content\/uploads\/2021\/06\/20210605_082204.jpg?w=1024\",\"datePublished\":\"2021-06-07T09:59:54+00:00\",\"dateModified\":\"2021-06-07T10:01:30+00:00\",\"breadcrumb\":{\"@id\":\"https:\/\/inzain.bike\/en\/gravelhelg-i-skaraborg\/#breadcrumb\"},\"inLanguage\":\"da-DK\",\"potentialAction\":[{\"@type\":\"ReadAction\",\"target\":[\"https:\/\/inzain.bike\/en\/gravelhelg-i-skaraborg\/\"]}]},{\"@type\":\"ImageObject\",\"inLanguage\":\"da-DK\",\"@id\":\"https:\/\/inzain.bike\/en\/gravelhelg-i-skaraborg\/#primaryimage\",\"url\":\"https:\/\/inzain.bike\/wp-content\/uploads\/2021\/06\/20210605_082204.jpg?w=1024\",\"contentUrl\":\"https:\/\/inzain.bike\/wp-content\/uploads\/2021\/06\/20210605_082204.jpg?w=1024\"},{\"@type\":\"BreadcrumbList\",\"@id\":\"https:\/\/inzain.bike\/en\/gravelhelg-i-skaraborg\/#breadcrumb\",\"itemListElement\":[{\"@type\":\"ListItem\",\"position\":1,\"name\":\"Hem\",\"item\":\"https:\/\/inzain.bike\/fr_be\/\"},{\"@type\":\"ListItem\",\"position\":2,\"name\":\"Gravelhelg i Skaraborg\"}]},{\"@type\":\"WebSite\",\"@id\":\"https:\/\/inzain.bike\/fr_be\/#website\",\"url\":\"https:\/\/inzain.bike\/fr_be\/\",\"name\":\"INZAIN Cycling EXPERIENCES\",\"description\":\"Cyckling Adventures  - for everyone\",\"publisher\":{\"@id\":\"https:\/\/inzain.bike\/fr_be\/#organization\"},\"alternateName\":\"INZAIN Gravel & Travel\",\"potentialAction\":[{\"@type\":\"SearchAction\",\"target\":{\"@type\":\"EntryPoint\",\"urlTemplate\":\"https:\/\/inzain.bike\/fr_be\/?s={search_term_string}\"},\"query-input\":{\"@type\":\"PropertyValueSpecification\",\"valueRequired\":true,\"valueName\":\"search_term_string\"}}],\"inLanguage\":\"da-DK\"},{\"@type\":\"Organization\",\"@id\":\"https:\/\/inzain.bike\/fr_be\/#organization\",\"name\":\"INZAIN Cycling EXPERIENCES\",\"url\":\"https:\/\/inzain.bike\/fr_be\/\",\"logo\":{\"@type\":\"ImageObject\",\"inLanguage\":\"da-DK\",\"@id\":\"https:\/\/inzain.bike\/fr_be\/#\/schema\/logo\/image\/\",\"url\":\"https:\/\/i0.wp.com\/inzain.bike\/wp-content\/uploads\/2023\/09\/cropped-INZAIN_512x512_white.png?fit=512%2C512&ssl=1\",\"contentUrl\":\"https:\/\/i0.wp.com\/inzain.bike\/wp-content\/uploads\/2023\/09\/cropped-INZAIN_512x512_white.png?fit=512%2C512&ssl=1\",\"width\":512,\"height\":512,\"caption\":\"INZAIN Cycling EXPERIENCES\"},\"image\":{\"@id\":\"https:\/\/inzain.bike\/fr_be\/#\/schema\/logo\/image\/\"},\"sameAs\":[\"https:\/\/www.facebook.com\/Inzain.bike\",\"https:\/\/www.instagram.com\/inzainbike\"]}]}<\/script>\n<!-- \/ Yoast SEO plugin. -->","yoast_head_json":{"title":"Gravelweekend i Skaraborg - INZAIN Cycling EXPERIENCES","robots":{"index":"index","follow":"follow","max-snippet":"max-snippet:-1","max-image-preview":"max-image-preview:large","max-video-preview":"max-video-preview:-1"},"canonical":"https:\/\/inzain.bike\/da\/gravelhelg-i-skaraborg\/","og_locale":"da_DK","og_type":"article","og_title":"Gravelhelg i Skaraborg - INZAIN Cycling EXPERIENCES","og_description":"Sju v\u00e4nner \u00e5kte ner till Skaraborg f\u00f6r att prova de fina v\u00e4garna runt Undern och G\u00f6ta kanal. Vi hade turen att f\u00e5 bo helt fantastiskt precis vid vattnet med bad, bastu och hemlagad Pizza. S\u00e5 r\u00e4tt plats, r\u00e4tt mat och goda v\u00e4nner, allt b\u00e4ddat f\u00f6r en grym helg. L\u00f6rdagen b\u00f6rjade med lite l\u00f6st grus, lokala [&hellip;]","og_url":"https:\/\/inzain.bike\/da\/gravelhelg-i-skaraborg\/","og_site_name":"INZAIN Cycling EXPERIENCES","article_publisher":"https:\/\/www.facebook.com\/Inzain.bike","article_modified_time":"2021-06-07T10:01:30+00:00","og_image":[{"url":"https:\/\/inzain.bike\/wp-content\/uploads\/2021\/06\/20210605_082204.jpg?w=1024","type":"","width":"","height":""}],"twitter_card":"summary_large_image","twitter_misc":{"Estimeret l\u00e6setid":"3 minutter"},"schema":{"@context":"https:\/\/schema.org","@graph":[{"@type":"WebPage","@id":"https:\/\/inzain.bike\/en\/gravelhelg-i-skaraborg\/","url":"https:\/\/inzain.bike\/en\/gravelhelg-i-skaraborg\/","name":"Gravelweekend i Skaraborg - INZAIN Cycling EXPERIENCES","isPartOf":{"@id":"https:\/\/inzain.bike\/fr_be\/#website"},"primaryImageOfPage":{"@id":"https:\/\/inzain.bike\/en\/gravelhelg-i-skaraborg\/#primaryimage"},"image":{"@id":"https:\/\/inzain.bike\/en\/gravelhelg-i-skaraborg\/#primaryimage"},"thumbnailUrl":"https:\/\/inzain.bike\/wp-content\/uploads\/2021\/06\/20210605_082204.jpg?w=1024","datePublished":"2021-06-07T09:59:54+00:00","dateModified":"2021-06-07T10:01:30+00:00","breadcrumb":{"@id":"https:\/\/inzain.bike\/en\/gravelhelg-i-skaraborg\/#breadcrumb"},"inLanguage":"da-DK","potentialAction":[{"@type":"ReadAction","target":["https:\/\/inzain.bike\/en\/gravelhelg-i-skaraborg\/"]}]},{"@type":"ImageObject","inLanguage":"da-DK","@id":"https:\/\/inzain.bike\/en\/gravelhelg-i-skaraborg\/#primaryimage","url":"https:\/\/inzain.bike\/wp-content\/uploads\/2021\/06\/20210605_082204.jpg?w=1024","contentUrl":"https:\/\/inzain.bike\/wp-content\/uploads\/2021\/06\/20210605_082204.jpg?w=1024"},{"@type":"BreadcrumbList","@id":"https:\/\/inzain.bike\/en\/gravelhelg-i-skaraborg\/#breadcrumb","itemListElement":[{"@type":"ListItem","position":1,"name":"Hem","item":"https:\/\/inzain.bike\/fr_be\/"},{"@type":"ListItem","position":2,"name":"Gravelhelg i Skaraborg"}]},{"@type":"WebSite","@id":"https:\/\/inzain.bike\/fr_be\/#website","url":"https:\/\/inzain.bike\/fr_be\/","name":"INZAIN CykelOPLEVELSER","description":"Cykeleventyr - for alle","publisher":{"@id":"https:\/\/inzain.bike\/fr_be\/#organization"},"alternateName":"INZAIN Gravel & Travel","potentialAction":[{"@type":"SearchAction","target":{"@type":"EntryPoint","urlTemplate":"https:\/\/inzain.bike\/fr_be\/?s={search_term_string}"},"query-input":{"@type":"PropertyValueSpecification","valueRequired":true,"valueName":"search_term_string"}}],"inLanguage":"da-DK"},{"@type":"Organization","@id":"https:\/\/inzain.bike\/fr_be\/#organization","name":"INZAIN CykelOPLEVELSER","url":"https:\/\/inzain.bike\/fr_be\/","logo":{"@type":"ImageObject","inLanguage":"da-DK","@id":"https:\/\/inzain.bike\/fr_be\/#\/schema\/logo\/image\/","url":"https:\/\/i0.wp.com\/inzain.bike\/wp-content\/uploads\/2023\/09\/cropped-INZAIN_512x512_white.png?fit=512%2C512&ssl=1","contentUrl":"https:\/\/i0.wp.com\/inzain.bike\/wp-content\/uploads\/2023\/09\/cropped-INZAIN_512x512_white.png?fit=512%2C512&ssl=1","width":512,"height":512,"caption":"INZAIN Cycling EXPERIENCES"},"image":{"@id":"https:\/\/inzain.bike\/fr_be\/#\/schema\/logo\/image\/"},"sameAs":["https:\/\/www.facebook.com\/Inzain.bike","https:\/\/www.instagram.com\/inzainbike"]}]}},"amp_enabled":true,"_links":{"self":[{"href":"https:\/\/inzain.bike\/da\/wp-json\/wp\/v2\/pages\/484","targetHints":{"allow":["GET"]}}],"collection":[{"href":"https:\/\/inzain.bike\/da\/wp-json\/wp\/v2\/pages"}],"about":[{"href":"https:\/\/inzain.bike\/da\/wp-json\/wp\/v2\/types\/page"}],"author":[{"embeddable":true,"href":"https:\/\/inzain.bike\/da\/wp-json\/wp\/v2\/users\/135133094"}],"replies":[{"embeddable":true,"href":"https:\/\/inzain.bike\/da\/wp-json\/wp\/v2\/comments?post=484"}],"version-history":[{"count":0,"href":"https:\/\/inzain.bike\/da\/wp-json\/wp\/v2\/pages\/484\/revisions"}],"wp:attachment":[{"href":"https:\/\/inzain.bike\/da\/wp-json\/wp\/v2\/media?parent=484"}],"curies":[{"name":"wp","href":"https:\/\/api.w.org\/{rel}","templated":true}]}}