{"id":5037,"date":"2023-11-11T17:35:12","date_gmt":"2023-11-11T16:35:12","guid":{"rendered":"https:\/\/inzain.bike\/?page_id=5037"},"modified":"2023-11-16T19:33:22","modified_gmt":"2023-11-16T18:33:22","slug":"cha24-om","status":"publish","type":"page","link":"https:\/\/inzain.bike\/da\/cha24-om\/","title":{"rendered":"Om Champagne"},"content":{"rendered":"<div class=\"wp-block-columns alignwide is-layout-flex wp-container-core-columns-is-layout-28f84493 wp-block-columns-is-layout-flex\">\n<div class=\"wp-block-column is-layout-flow wp-block-column-is-layout-flow\">\n<div class=\"wp-block-jetpack-tiled-gallery aligncenter is-style-rectangular\"><div class=\"tiled-gallery__gallery\"><div class=\"tiled-gallery__row\"><div class=\"tiled-gallery__col\" style=\"flex-basis:28.73051%\"><figure class=\"tiled-gallery__item\"><img decoding=\"async\" alt=\"\" data-height=\"3459\" data-id=\"5395\" data-link=\"https:\/\/inzain.bike\/cha24-om\/20230722_091211-2\/\" data-url=\"https:\/\/inzain.bike\/wp-content\/uploads\/2023\/11\/20230722_091211-888x1024.jpg\" data-width=\"3000\" src=\"https:\/\/i0.wp.com\/inzain.bike\/wp-content\/uploads\/2023\/11\/20230722_091211-888x1024.jpg?ssl=1\" data-amp-layout=\"responsive\"\/><\/figure><\/div><div class=\"tiled-gallery__col\" style=\"flex-basis:24.85973%\"><figure class=\"tiled-gallery__item\"><img decoding=\"async\" alt=\"\" data-height=\"4000\" data-id=\"5396\" data-link=\"https:\/\/inzain.bike\/cha24-om\/20230722_141217\/\" data-url=\"https:\/\/inzain.bike\/wp-content\/uploads\/2023\/11\/20230722_141217-768x1024.jpg\" data-width=\"3000\" src=\"https:\/\/i1.wp.com\/inzain.bike\/wp-content\/uploads\/2023\/11\/20230722_141217-768x1024.jpg?ssl=1\" data-amp-layout=\"responsive\"\/><\/figure><\/div><div class=\"tiled-gallery__col\" style=\"flex-basis:24.85973%\"><figure class=\"tiled-gallery__item\"><img decoding=\"async\" alt=\"\" data-height=\"4000\" data-id=\"5397\" data-link=\"https:\/\/inzain.bike\/cha24-om\/20230722_160405\/\" data-url=\"https:\/\/inzain.bike\/wp-content\/uploads\/2023\/11\/20230722_160405-768x1024.jpg\" data-width=\"3000\" src=\"https:\/\/i2.wp.com\/inzain.bike\/wp-content\/uploads\/2023\/11\/20230722_160405-768x1024.jpg?ssl=1\" data-amp-layout=\"responsive\"\/><\/figure><\/div><div class=\"tiled-gallery__col\" style=\"flex-basis:21.55003%\"><figure class=\"tiled-gallery__item\"><img decoding=\"async\" alt=\"\" data-height=\"3674\" data-id=\"5399\" data-link=\"https:\/\/inzain.bike\/cha24-om\/20230722_195642-2\/\" data-url=\"https:\/\/inzain.bike\/wp-content\/uploads\/2023\/11\/20230722_195642-665x1024.jpg\" data-width=\"2387\" src=\"https:\/\/i0.wp.com\/inzain.bike\/wp-content\/uploads\/2023\/11\/20230722_195642-665x1024.jpg?ssl=1\" data-amp-layout=\"responsive\"\/><\/figure><\/div><\/div><div class=\"tiled-gallery__row\"><div class=\"tiled-gallery__col\" style=\"flex-basis:39.75381%\"><figure class=\"tiled-gallery__item\"><img decoding=\"async\" alt=\"\" data-height=\"3192\" data-id=\"5400\" data-link=\"https:\/\/inzain.bike\/cha24-om\/20230723_122726-2\/\" data-url=\"https:\/\/inzain.bike\/wp-content\/uploads\/2023\/11\/20230723_122726-909x1024.jpg\" data-width=\"2835\" src=\"https:\/\/i1.wp.com\/inzain.bike\/wp-content\/uploads\/2023\/11\/20230723_122726-909x1024.jpg?ssl=1\" data-amp-layout=\"responsive\"\/><\/figure><\/div><div class=\"tiled-gallery__col\" style=\"flex-basis:30.96450%\"><figure class=\"tiled-gallery__item\"><img decoding=\"async\" alt=\"\" data-height=\"3498\" data-id=\"5401\" data-link=\"https:\/\/inzain.bike\/cha24-om\/20230723_122822\/\" data-url=\"https:\/\/inzain.bike\/wp-content\/uploads\/2023\/11\/20230723_122822-708x1024.jpg\" data-width=\"2418\" src=\"https:\/\/i0.wp.com\/inzain.bike\/wp-content\/uploads\/2023\/11\/20230723_122822-708x1024.jpg?ssl=1\" data-amp-layout=\"responsive\"\/><\/figure><\/div><div class=\"tiled-gallery__col\" style=\"flex-basis:29.28169%\"><figure class=\"tiled-gallery__item\"><img decoding=\"async\" alt=\"\" data-height=\"2618\" data-id=\"5402\" data-link=\"https:\/\/inzain.bike\/cha24-om\/20230723_125318\/\" data-url=\"https:\/\/inzain.bike\/wp-content\/uploads\/2023\/11\/20230723_125318-669x1024.jpg\" data-width=\"1711\" src=\"https:\/\/i2.wp.com\/inzain.bike\/wp-content\/uploads\/2023\/11\/20230723_125318-669x1024.jpg?ssl=1\" data-amp-layout=\"responsive\"\/><\/figure><\/div><\/div><div class=\"tiled-gallery__row\"><div class=\"tiled-gallery__col\" style=\"flex-basis:72.60875%\"><figure class=\"tiled-gallery__item\"><img decoding=\"async\" alt=\"\" data-height=\"2268\" data-id=\"5403\" data-link=\"https:\/\/inzain.bike\/cha24-om\/dji_0349-2\/\" data-url=\"https:\/\/inzain.bike\/wp-content\/uploads\/2023\/11\/DJI_0349-1024x576.png\" data-width=\"4032\" src=\"https:\/\/i1.wp.com\/inzain.bike\/wp-content\/uploads\/2023\/11\/DJI_0349-1024x576.png?ssl=1\" data-amp-layout=\"responsive\"\/><\/figure><\/div><div class=\"tiled-gallery__col\" style=\"flex-basis:27.39125%\"><figure class=\"tiled-gallery__item\"><img decoding=\"async\" alt=\"\" data-height=\"2888\" data-id=\"5410\" data-link=\"https:\/\/inzain.bike\/cha24-om\/pexels-cottonbro-studio-3171770\/\" data-url=\"https:\/\/inzain.bike\/wp-content\/uploads\/2023\/11\/pexels-cottonbro-studio-3171770-684x1024.jpg\" data-width=\"1929\" src=\"https:\/\/i0.wp.com\/inzain.bike\/wp-content\/uploads\/2023\/11\/pexels-cottonbro-studio-3171770-684x1024.jpg?ssl=1\" data-amp-layout=\"responsive\"\/><\/figure><\/div><\/div><div class=\"tiled-gallery__row\"><div class=\"tiled-gallery__col\" style=\"flex-basis:33.31920%\"><figure class=\"tiled-gallery__item\"><img decoding=\"async\" alt=\"\" data-height=\"7500\" data-id=\"5411\" data-link=\"https:\/\/inzain.bike\/cha24-om\/pexels-fotograf-jylland-2995333\/\" data-url=\"https:\/\/inzain.bike\/wp-content\/uploads\/2023\/11\/pexels-fotograf-jylland-2995333-683x1024.jpg\" data-width=\"5000\" src=\"https:\/\/i0.wp.com\/inzain.bike\/wp-content\/uploads\/2023\/11\/pexels-fotograf-jylland-2995333-683x1024.jpg?ssl=1\" data-amp-layout=\"responsive\"\/><\/figure><\/div><div class=\"tiled-gallery__col\" style=\"flex-basis:33.31569%\"><figure class=\"tiled-gallery__item\"><img decoding=\"async\" alt=\"\" data-height=\"4736\" data-id=\"5412\" data-link=\"https:\/\/inzain.bike\/cha24-om\/pexels-nadi-lindsay-2672898\/\" data-url=\"https:\/\/inzain.bike\/wp-content\/uploads\/2023\/11\/pexels-nadi-lindsay-2672898-683x1024.jpg\" data-width=\"3157\" src=\"https:\/\/i1.wp.com\/inzain.bike\/wp-content\/uploads\/2023\/11\/pexels-nadi-lindsay-2672898-683x1024.jpg?ssl=1\" data-amp-layout=\"responsive\"\/><\/figure><\/div><div class=\"tiled-gallery__col\" style=\"flex-basis:33.36511%\"><figure class=\"tiled-gallery__item\"><img decoding=\"async\" alt=\"\" data-height=\"3980\" data-id=\"5414\" data-link=\"https:\/\/inzain.bike\/cha24-om\/pexels-pavel-danilyuk-6405793\/\" data-url=\"https:\/\/inzain.bike\/wp-content\/uploads\/2023\/11\/pexels-pavel-danilyuk-6405793-684x1024.jpg\" data-width=\"2657\" src=\"https:\/\/i1.wp.com\/inzain.bike\/wp-content\/uploads\/2023\/11\/pexels-pavel-danilyuk-6405793-684x1024.jpg?ssl=1\" data-amp-layout=\"responsive\"\/><\/figure><\/div><\/div><\/div><\/div>\n<\/div>\n\n\n\n<div class=\"wp-block-column is-layout-flow wp-block-column-is-layout-flow\">\n<p>Du glemmer det hurtigt, fordi navnet taler for sig selv s\u00e5 godt. Sammen med sin succes er champagne blevet et m\u00e6rke i sig selv, men det er vigtigt at huske, at det f\u00f8rst og fremmest er en vin. Den tilh\u00f8rer familien af mousserende vine, i mods\u00e6tning til ikke-mousserende vine.<\/p>\n\n\n\n<p>Den 4. juli 2015 blev &quot;Champagnes vinmarker, vinhuse og vink\u00e6ldre&quot; optaget p\u00e5 UNESCOs verdensarvsliste. Denne h\u00f8jeste pris er en anerkendelse af ikke kun et kulturlandskab, men ogs\u00e5 for arbejdet i en sektor, der har form\u00e5et at producere, distribuere og beskytte et unikt produkt.<\/p>\n\n\n\n<p>Omr\u00e5det, der kan kaldes AOC, er defineret ved en lov fra 1927 og d\u00e6kker 34.000 hektar. Champagne er et offer for sin succes og ofte udsat for identitetstyveri. Du kan kun kalde en vin champagne, hvis den er produceret, h\u00f8stet og tilberedt i det afgr\u00e6nsede omr\u00e5de Champagne i Frankrig!<\/p>\n\n\n\n<p>Champagne er opdelt i fire store regioner. L\u00e6ngst mod nord, montagne de Reims, hvor pinot noir-druen giver styrke og gener\u00f8sitet. Pinot meunier-druen i Vall\u00e9 de la Marne, Marne-dalen, giver frugtighed til champagneros\u00e9. Syd for Epernay ligger C\u00f4te des Blancs med sin kalkstensjord, og det er chardonnay-druens forj\u00e6ttede land. L\u00e6ngere mod syd ligger C\u00f4te des Bar og dens kontinentale klima, som producerer en let pinot noir.<br>Men inden for disse store linjer er en hel mosaik af mikroomr\u00e5der. Hver ving\u00e5rd giver sin egen identitet til vinen.<\/p>\n\n\n\n<p>En blanc de blancs er en champagne lavet udelukkende af gr\u00f8nne druer med chardonnay druer. Indtil videre er alt klar!<br>En blanc de noir er lavet af kun bl\u00e5 druer (pinot noir og\/eller pinot meunier). To druesorter med farvet skal, men hvidt indeni.<\/p>\n\n\n\n<p>M\u00e9thode champenoise (eller traditionel metode) er en n\u00f8je defineret vinfremstillingsmetode til fremstilling af champagne. Champagne-vinb\u00f8nder har gennem \u00e5rhundreder l\u00e6rt at &quot;t\u00e6mme deres bobler&quot; for at sikre deres vines mangfoldighed og fortr\u00e6ffelighed. &quot;Champagnes store dame&quot;, Madame Clicquot, vovede allerede i det 18. \u00e5rhundrede at trodse reglerne og forbedre denne teknik.<\/p>\n<\/div>\n<\/div>","protected":false},"excerpt":{"rendered":"<p>Man gl\u00f6mmer n\u00e4sta bort det eftersom namnet talar s\u00e5 bra f\u00f6r sig sj\u00e4lv. I takt med sina framg\u00e5ngar har champagne blivit ett varum\u00e4rke i sig, men det \u00e4r viktigt att komma ih\u00e5g att det framf\u00f6r allt \u00e4r ett vin. Det tillh\u00f6r familjen mousserande-viner, i motsats till stilla viner. Den 4 juli 2015 blev \u201dChampagnes ving\u00e5rdar, [&hellip;]<\/p>\n","protected":false},"author":135133094,"featured_media":0,"parent":0,"menu_order":0,"comment_status":"closed","ping_status":"closed","template":"","meta":{"_coblocks_attr":"","_coblocks_dimensions":"","_coblocks_responsive_height":"","_coblocks_accordion_ie_support":"","footnotes":""},"class_list":["post-5037","page","type-page","status-publish","hentry"],"yoast_head":"<!-- This site is optimized with the Yoast SEO plugin v27.2 - https:\/\/yoast.com\/product\/yoast-seo-wordpress\/ -->\n<title>Om Champagne - INZAIN Cycling EXPERIENCES<\/title>\n<meta name=\"robots\" content=\"index, follow, max-snippet:-1, max-image-preview:large, max-video-preview:-1\" \/>\n<link rel=\"canonical\" href=\"https:\/\/inzain.bike\/da\/cha24-om\/\" \/>\n<meta property=\"og:locale\" content=\"da_DK\" \/>\n<meta property=\"og:type\" content=\"article\" \/>\n<meta property=\"og:title\" content=\"Om Champagne - INZAIN Cycling EXPERIENCES\" \/>\n<meta property=\"og:description\" content=\"Man gl\u00f6mmer n\u00e4sta bort det eftersom namnet talar s\u00e5 bra f\u00f6r sig sj\u00e4lv. I takt med sina framg\u00e5ngar har champagne blivit ett varum\u00e4rke i sig, men det \u00e4r viktigt att komma ih\u00e5g att det framf\u00f6r allt \u00e4r ett vin. Det tillh\u00f6r familjen mousserande-viner, i motsats till stilla viner. Den 4 juli 2015 blev \u201dChampagnes ving\u00e5rdar, [&hellip;]\" \/>\n<meta property=\"og:url\" content=\"https:\/\/inzain.bike\/da\/cha24-om\/\" \/>\n<meta property=\"og:site_name\" content=\"INZAIN Cycling EXPERIENCES\" \/>\n<meta property=\"article:publisher\" content=\"https:\/\/www.facebook.com\/Inzain.bike\" \/>\n<meta property=\"article:modified_time\" content=\"2023-11-16T18:33:22+00:00\" \/>\n<meta property=\"og:image\" content=\"https:\/\/i0.wp.com\/inzain.bike\/wp-content\/uploads\/2023\/11\/20230722_091211-888x1024.jpg?ssl=1\" \/>\n<meta name=\"twitter:card\" content=\"summary_large_image\" \/>\n<meta name=\"twitter:label1\" content=\"Estimeret l\u00e6setid\" \/>\n\t<meta name=\"twitter:data1\" content=\"4 minutter\" \/>\n<script type=\"application\/ld+json\" class=\"yoast-schema-graph\">{\"@context\":\"https:\/\/schema.org\",\"@graph\":[{\"@type\":\"WebPage\",\"@id\":\"https:\/\/inzain.bike\/sv_se\/cha24-om\/\",\"url\":\"https:\/\/inzain.bike\/sv_se\/cha24-om\/\",\"name\":\"Om Champagne - INZAIN Cycling EXPERIENCES\",\"isPartOf\":{\"@id\":\"https:\/\/inzain.bike\/fr_be\/#website\"},\"primaryImageOfPage\":{\"@id\":\"https:\/\/inzain.bike\/sv_se\/cha24-om\/#primaryimage\"},\"image\":{\"@id\":\"https:\/\/inzain.bike\/sv_se\/cha24-om\/#primaryimage\"},\"thumbnailUrl\":\"https:\/\/i0.wp.com\/inzain.bike\/wp-content\/uploads\/2023\/11\/20230722_091211-888x1024.jpg?ssl=1\",\"datePublished\":\"2023-11-11T16:35:12+00:00\",\"dateModified\":\"2023-11-16T18:33:22+00:00\",\"breadcrumb\":{\"@id\":\"https:\/\/inzain.bike\/sv_se\/cha24-om\/#breadcrumb\"},\"inLanguage\":\"da-DK\",\"potentialAction\":[{\"@type\":\"ReadAction\",\"target\":[\"https:\/\/inzain.bike\/sv_se\/cha24-om\/\"]}]},{\"@type\":\"ImageObject\",\"inLanguage\":\"da-DK\",\"@id\":\"https:\/\/inzain.bike\/sv_se\/cha24-om\/#primaryimage\",\"url\":\"https:\/\/i0.wp.com\/inzain.bike\/wp-content\/uploads\/2023\/11\/20230722_091211-888x1024.jpg?ssl=1\",\"contentUrl\":\"https:\/\/i0.wp.com\/inzain.bike\/wp-content\/uploads\/2023\/11\/20230722_091211-888x1024.jpg?ssl=1\"},{\"@type\":\"BreadcrumbList\",\"@id\":\"https:\/\/inzain.bike\/sv_se\/cha24-om\/#breadcrumb\",\"itemListElement\":[{\"@type\":\"ListItem\",\"position\":1,\"name\":\"Hem\",\"item\":\"https:\/\/inzain.bike\/fr_be\/\"},{\"@type\":\"ListItem\",\"position\":2,\"name\":\"Om Champagne\"}]},{\"@type\":\"WebSite\",\"@id\":\"https:\/\/inzain.bike\/fr_be\/#website\",\"url\":\"https:\/\/inzain.bike\/fr_be\/\",\"name\":\"INZAIN Cycling EXPERIENCES\",\"description\":\"Cyckling Adventures  - for everyone\",\"publisher\":{\"@id\":\"https:\/\/inzain.bike\/fr_be\/#organization\"},\"alternateName\":\"INZAIN Gravel & Travel\",\"potentialAction\":[{\"@type\":\"SearchAction\",\"target\":{\"@type\":\"EntryPoint\",\"urlTemplate\":\"https:\/\/inzain.bike\/fr_be\/?s={search_term_string}\"},\"query-input\":{\"@type\":\"PropertyValueSpecification\",\"valueRequired\":true,\"valueName\":\"search_term_string\"}}],\"inLanguage\":\"da-DK\"},{\"@type\":\"Organization\",\"@id\":\"https:\/\/inzain.bike\/fr_be\/#organization\",\"name\":\"INZAIN Cycling EXPERIENCES\",\"url\":\"https:\/\/inzain.bike\/fr_be\/\",\"logo\":{\"@type\":\"ImageObject\",\"inLanguage\":\"da-DK\",\"@id\":\"https:\/\/inzain.bike\/fr_be\/#\/schema\/logo\/image\/\",\"url\":\"https:\/\/i0.wp.com\/inzain.bike\/wp-content\/uploads\/2023\/09\/cropped-INZAIN_512x512_white.png?fit=512%2C512&ssl=1\",\"contentUrl\":\"https:\/\/i0.wp.com\/inzain.bike\/wp-content\/uploads\/2023\/09\/cropped-INZAIN_512x512_white.png?fit=512%2C512&ssl=1\",\"width\":512,\"height\":512,\"caption\":\"INZAIN Cycling EXPERIENCES\"},\"image\":{\"@id\":\"https:\/\/inzain.bike\/fr_be\/#\/schema\/logo\/image\/\"},\"sameAs\":[\"https:\/\/www.facebook.com\/Inzain.bike\",\"https:\/\/www.instagram.com\/inzainbike\"]}]}<\/script>\n<!-- \/ Yoast SEO plugin. -->","yoast_head_json":{"title":"Om Champagne - INZAIN Cykeloplevelser","robots":{"index":"index","follow":"follow","max-snippet":"max-snippet:-1","max-image-preview":"max-image-preview:large","max-video-preview":"max-video-preview:-1"},"canonical":"https:\/\/inzain.bike\/da\/cha24-om\/","og_locale":"da_DK","og_type":"article","og_title":"Om Champagne - INZAIN Cycling EXPERIENCES","og_description":"Man gl\u00f6mmer n\u00e4sta bort det eftersom namnet talar s\u00e5 bra f\u00f6r sig sj\u00e4lv. I takt med sina framg\u00e5ngar har champagne blivit ett varum\u00e4rke i sig, men det \u00e4r viktigt att komma ih\u00e5g att det framf\u00f6r allt \u00e4r ett vin. Det tillh\u00f6r familjen mousserande-viner, i motsats till stilla viner. Den 4 juli 2015 blev \u201dChampagnes ving\u00e5rdar, [&hellip;]","og_url":"https:\/\/inzain.bike\/da\/cha24-om\/","og_site_name":"INZAIN Cycling EXPERIENCES","article_publisher":"https:\/\/www.facebook.com\/Inzain.bike","article_modified_time":"2023-11-16T18:33:22+00:00","og_image":[{"url":"https:\/\/i0.wp.com\/inzain.bike\/wp-content\/uploads\/2023\/11\/20230722_091211-888x1024.jpg?ssl=1","type":"","width":"","height":""}],"twitter_card":"summary_large_image","twitter_misc":{"Estimeret l\u00e6setid":"4 minutter"},"schema":{"@context":"https:\/\/schema.org","@graph":[{"@type":"WebPage","@id":"https:\/\/inzain.bike\/sv_se\/cha24-om\/","url":"https:\/\/inzain.bike\/sv_se\/cha24-om\/","name":"Om Champagne - INZAIN Cykeloplevelser","isPartOf":{"@id":"https:\/\/inzain.bike\/fr_be\/#website"},"primaryImageOfPage":{"@id":"https:\/\/inzain.bike\/sv_se\/cha24-om\/#primaryimage"},"image":{"@id":"https:\/\/inzain.bike\/sv_se\/cha24-om\/#primaryimage"},"thumbnailUrl":"https:\/\/i0.wp.com\/inzain.bike\/wp-content\/uploads\/2023\/11\/20230722_091211-888x1024.jpg?ssl=1","datePublished":"2023-11-11T16:35:12+00:00","dateModified":"2023-11-16T18:33:22+00:00","breadcrumb":{"@id":"https:\/\/inzain.bike\/sv_se\/cha24-om\/#breadcrumb"},"inLanguage":"da-DK","potentialAction":[{"@type":"ReadAction","target":["https:\/\/inzain.bike\/sv_se\/cha24-om\/"]}]},{"@type":"ImageObject","inLanguage":"da-DK","@id":"https:\/\/inzain.bike\/sv_se\/cha24-om\/#primaryimage","url":"https:\/\/i0.wp.com\/inzain.bike\/wp-content\/uploads\/2023\/11\/20230722_091211-888x1024.jpg?ssl=1","contentUrl":"https:\/\/i0.wp.com\/inzain.bike\/wp-content\/uploads\/2023\/11\/20230722_091211-888x1024.jpg?ssl=1"},{"@type":"BreadcrumbList","@id":"https:\/\/inzain.bike\/sv_se\/cha24-om\/#breadcrumb","itemListElement":[{"@type":"ListItem","position":1,"name":"Hem","item":"https:\/\/inzain.bike\/fr_be\/"},{"@type":"ListItem","position":2,"name":"Om Champagne"}]},{"@type":"WebSite","@id":"https:\/\/inzain.bike\/fr_be\/#website","url":"https:\/\/inzain.bike\/fr_be\/","name":"INZAIN CykelOPLEVELSER","description":"Cykeleventyr - for alle","publisher":{"@id":"https:\/\/inzain.bike\/fr_be\/#organization"},"alternateName":"INZAIN Gravel & Travel","potentialAction":[{"@type":"SearchAction","target":{"@type":"EntryPoint","urlTemplate":"https:\/\/inzain.bike\/fr_be\/?s={search_term_string}"},"query-input":{"@type":"PropertyValueSpecification","valueRequired":true,"valueName":"search_term_string"}}],"inLanguage":"da-DK"},{"@type":"Organization","@id":"https:\/\/inzain.bike\/fr_be\/#organization","name":"INZAIN CykelOPLEVELSER","url":"https:\/\/inzain.bike\/fr_be\/","logo":{"@type":"ImageObject","inLanguage":"da-DK","@id":"https:\/\/inzain.bike\/fr_be\/#\/schema\/logo\/image\/","url":"https:\/\/i0.wp.com\/inzain.bike\/wp-content\/uploads\/2023\/09\/cropped-INZAIN_512x512_white.png?fit=512%2C512&ssl=1","contentUrl":"https:\/\/i0.wp.com\/inzain.bike\/wp-content\/uploads\/2023\/09\/cropped-INZAIN_512x512_white.png?fit=512%2C512&ssl=1","width":512,"height":512,"caption":"INZAIN Cycling EXPERIENCES"},"image":{"@id":"https:\/\/inzain.bike\/fr_be\/#\/schema\/logo\/image\/"},"sameAs":["https:\/\/www.facebook.com\/Inzain.bike","https:\/\/www.instagram.com\/inzainbike"]}]}},"amp_enabled":true,"_links":{"self":[{"href":"https:\/\/inzain.bike\/da\/wp-json\/wp\/v2\/pages\/5037","targetHints":{"allow":["GET"]}}],"collection":[{"href":"https:\/\/inzain.bike\/da\/wp-json\/wp\/v2\/pages"}],"about":[{"href":"https:\/\/inzain.bike\/da\/wp-json\/wp\/v2\/types\/page"}],"author":[{"embeddable":true,"href":"https:\/\/inzain.bike\/da\/wp-json\/wp\/v2\/users\/135133094"}],"replies":[{"embeddable":true,"href":"https:\/\/inzain.bike\/da\/wp-json\/wp\/v2\/comments?post=5037"}],"version-history":[{"count":0,"href":"https:\/\/inzain.bike\/da\/wp-json\/wp\/v2\/pages\/5037\/revisions"}],"wp:attachment":[{"href":"https:\/\/inzain.bike\/da\/wp-json\/wp\/v2\/media?parent=5037"}],"curies":[{"name":"wp","href":"https:\/\/api.w.org\/{rel}","templated":true}]}}