{"id":5044,"date":"2023-11-11T17:38:00","date_gmt":"2023-11-11T16:38:00","guid":{"rendered":"https:\/\/inzain.bike\/?page_id=5044"},"modified":"2023-11-21T19:51:29","modified_gmt":"2023-11-21T18:51:29","slug":"cha24-cykling","status":"publish","type":"page","link":"https:\/\/inzain.bike\/da\/cha24-cykling\/","title":{"rendered":"Champagne cykling"},"content":{"rendered":"<div class=\"wp-block-columns alignwide is-layout-flex wp-container-core-columns-is-layout-28f84493 wp-block-columns-is-layout-flex\">\n<div class=\"wp-block-column is-layout-flow wp-block-column-is-layout-flow\">\n<p class=\"has-roboto-font-family has-custom-font\" style=\"font-family:Roboto\">Champagne har mange fine veje b\u00e5de p\u00e5 grus og asfalt. Vi har v\u00e6ret der og fundet de bedste ruter. Niveauet af cykling er s\u00e5dan, at alle kan g\u00f8re det. Turene p\u00e5 denne tur er lidt kortere og lidt venligere end p\u00e5 andre feriesteder, men der vil ogs\u00e5 v\u00e6re udfordringer. Vi stopper og spiser frokost p\u00e5 gode restauranter og der vil ogs\u00e5 v\u00e6re kaffepause. Hvis der sker noget, er vores sikkerhedsbil der for at hj\u00e6lpe.<\/p>\n\n\n\n<figure class=\"wp-block-image aligncenter size-full\"><img loading=\"lazy\" decoding=\"async\" width=\"808\" height=\"400\" src=\"https:\/\/inzain.bike\/wp-content\/uploads\/2023\/11\/champagne_pic_808-1.png\" alt=\"\" class=\"wp-image-5492\" srcset=\"https:\/\/inzain.bike\/wp-content\/uploads\/2023\/11\/champagne_pic_808-1.png 808w, https:\/\/inzain.bike\/wp-content\/uploads\/2023\/11\/champagne_pic_808-1-300x149.png 300w, https:\/\/inzain.bike\/wp-content\/uploads\/2023\/11\/champagne_pic_808-1-768x380.png 768w, https:\/\/inzain.bike\/wp-content\/uploads\/2023\/11\/champagne_pic_808-1-18x9.png 18w, https:\/\/inzain.bike\/wp-content\/uploads\/2023\/11\/champagne_pic_808-1-600x297.png 600w\" sizes=\"auto, (max-width: 808px) 100vw, 808px\" \/><\/figure>\n\n\n\n<p>Vejene er varierede, vi cykler gennem marker, vinmarker, asfaltstier og grusveje. <\/p>\n\n\n\n<p><strong>Tidsplan<\/strong><\/p>\n\n\n\n<p><strong>L\u00f8rdag den 25. maj<\/strong><br>Ankomst og check-in. Byg en cykel (eller afhent en lejecykel). Vi k\u00f8rer en check-out tur for at tjekke at alle cykler er i orden.<br>S\u00e5 venter middag og information og m\u00e5ske et glas Champagne? <\/p>\n\n\n\n<p><strong>S\u00f8ndag den 26. maj<\/strong><\/p>\n\n\n\n<p><strong>mandag den 27. maj<\/strong><br>For dem, der \u00f8nsker en lidt h\u00e5rdere tur, er den velegnet inden hviledagen. Men hvis du vil tage det roligt, er der ogs\u00e5 kortere ture at v\u00e6lge imellem.<br>Om aftenen venter der champagnesmagning p\u00e5 vores hotel.<\/p>\n\n\n\n<p><strong>Tirsdag den 28. maj Hviledag<\/strong><br>En dag til hvile og aktiviteter. Ballonflyvning, sejltur p\u00e5 kanalen eller bare en tur rundt i Epernay, du v\u00e6lger.<\/p>\n\n\n\n<p><strong>Onsdag den 29. maj<\/strong><br>Med udhvilede ben tager vi fat p\u00e5 dagens tur, som s\u00e6dvanligt er der forskellige l\u00e6ngder at v\u00e6lge imellem. Der venter ogs\u00e5 ekstra god frokost.<\/p>\n\n\n\n<p><strong>Torsdag den 30. maj<\/strong><br>En h\u00e5rdere tur i dag, for dem der \u00f8nsker det. En overraskelse venter ogs\u00e5.<\/p>\n\n\n\n<p><strong>Fredag den 31. maj<\/strong><br>Sidste cykeldag, en tur der er lang nok s\u00e5 man kan komme hjem i god tid for at ordne pakning, aflevering af cyklen og andet.<br>Sidste middag p\u00e5 hotellet.<\/p>\n\n\n\n<p><strong>L\u00f8rdag 1. juni<\/strong><br>Check-out og hjem.<\/p>\n\n\n\n<p><\/p>\n<\/div>\n<\/div>","protected":false},"excerpt":{"rendered":"<p>Champagne har m\u00e5nga fina v\u00e4gar b\u00e5de p\u00e5 grus och asfalt. Vi har varit d\u00e4r och rekat ut de b\u00e4sta v\u00e4garna. Niv\u00e5n p\u00e5 cyklingen \u00e4r s\u00e5dan att alla klarar det. Turerna p\u00e5 denna resa \u00e4r lite kortare och lite sn\u00e4llare \u00e4n p\u00e5 andra orter, men det kommer finnas utmaningar ocks\u00e5. Vi stannar och \u00e4ter lunch p\u00e5 [&hellip;]<\/p>\n","protected":false},"author":135133094,"featured_media":0,"parent":0,"menu_order":0,"comment_status":"closed","ping_status":"closed","template":"","meta":{"_coblocks_attr":"Roboto,Roboto","_coblocks_dimensions":"","_coblocks_responsive_height":"","_coblocks_accordion_ie_support":"","footnotes":""},"class_list":["post-5044","page","type-page","status-publish","hentry"],"yoast_head":"<!-- This site is optimized with the Yoast SEO plugin v27.2 - https:\/\/yoast.com\/product\/yoast-seo-wordpress\/ -->\n<title>Champagne Cykling - INZAIN Cycling EXPERIENCES<\/title>\n<meta name=\"robots\" content=\"index, follow, max-snippet:-1, max-image-preview:large, max-video-preview:-1\" \/>\n<link rel=\"canonical\" href=\"https:\/\/inzain.bike\/da\/cha24-cykling\/\" \/>\n<meta property=\"og:locale\" content=\"da_DK\" \/>\n<meta property=\"og:type\" content=\"article\" \/>\n<meta property=\"og:title\" content=\"Champagne Cykling - INZAIN Cycling EXPERIENCES\" \/>\n<meta property=\"og:description\" content=\"Champagne har m\u00e5nga fina v\u00e4gar b\u00e5de p\u00e5 grus och asfalt. Vi har varit d\u00e4r och rekat ut de b\u00e4sta v\u00e4garna. Niv\u00e5n p\u00e5 cyklingen \u00e4r s\u00e5dan att alla klarar det. Turerna p\u00e5 denna resa \u00e4r lite kortare och lite sn\u00e4llare \u00e4n p\u00e5 andra orter, men det kommer finnas utmaningar ocks\u00e5. Vi stannar och \u00e4ter lunch p\u00e5 [&hellip;]\" \/>\n<meta property=\"og:url\" content=\"https:\/\/inzain.bike\/da\/cha24-cykling\/\" \/>\n<meta property=\"og:site_name\" content=\"INZAIN Cycling EXPERIENCES\" \/>\n<meta property=\"article:publisher\" content=\"https:\/\/www.facebook.com\/Inzain.bike\" \/>\n<meta property=\"article:modified_time\" content=\"2023-11-21T18:51:29+00:00\" \/>\n<meta property=\"og:image\" content=\"https:\/\/inzain.bike\/wp-content\/uploads\/2023\/11\/champagne_pic_808-1.png\" \/>\n<meta name=\"twitter:card\" content=\"summary_large_image\" \/>\n<meta name=\"twitter:label1\" content=\"Estimeret l\u00e6setid\" \/>\n\t<meta name=\"twitter:data1\" content=\"2 minutter\" \/>\n<script type=\"application\/ld+json\" class=\"yoast-schema-graph\">{\"@context\":\"https:\/\/schema.org\",\"@graph\":[{\"@type\":\"WebPage\",\"@id\":\"https:\/\/inzain.bike\/nl_be\/cha24-cykling\/\",\"url\":\"https:\/\/inzain.bike\/nl_be\/cha24-cykling\/\",\"name\":\"Champagne Cykling - INZAIN Cycling EXPERIENCES\",\"isPartOf\":{\"@id\":\"https:\/\/inzain.bike\/fr_be\/#website\"},\"primaryImageOfPage\":{\"@id\":\"https:\/\/inzain.bike\/nl_be\/cha24-cykling\/#primaryimage\"},\"image\":{\"@id\":\"https:\/\/inzain.bike\/nl_be\/cha24-cykling\/#primaryimage\"},\"thumbnailUrl\":\"https:\/\/inzain.bike\/wp-content\/uploads\/2023\/11\/champagne_pic_808-1.png\",\"datePublished\":\"2023-11-11T16:38:00+00:00\",\"dateModified\":\"2023-11-21T18:51:29+00:00\",\"breadcrumb\":{\"@id\":\"https:\/\/inzain.bike\/nl_be\/cha24-cykling\/#breadcrumb\"},\"inLanguage\":\"da-DK\",\"potentialAction\":[{\"@type\":\"ReadAction\",\"target\":[\"https:\/\/inzain.bike\/nl_be\/cha24-cykling\/\"]}]},{\"@type\":\"ImageObject\",\"inLanguage\":\"da-DK\",\"@id\":\"https:\/\/inzain.bike\/nl_be\/cha24-cykling\/#primaryimage\",\"url\":\"https:\/\/inzain.bike\/wp-content\/uploads\/2023\/11\/champagne_pic_808-1.png\",\"contentUrl\":\"https:\/\/inzain.bike\/wp-content\/uploads\/2023\/11\/champagne_pic_808-1.png\"},{\"@type\":\"BreadcrumbList\",\"@id\":\"https:\/\/inzain.bike\/nl_be\/cha24-cykling\/#breadcrumb\",\"itemListElement\":[{\"@type\":\"ListItem\",\"position\":1,\"name\":\"Hem\",\"item\":\"https:\/\/inzain.bike\/fr_be\/\"},{\"@type\":\"ListItem\",\"position\":2,\"name\":\"Champagne Cykling\"}]},{\"@type\":\"WebSite\",\"@id\":\"https:\/\/inzain.bike\/fr_be\/#website\",\"url\":\"https:\/\/inzain.bike\/fr_be\/\",\"name\":\"INZAIN Cycling EXPERIENCES\",\"description\":\"Cyckling Adventures  - for everyone\",\"publisher\":{\"@id\":\"https:\/\/inzain.bike\/fr_be\/#organization\"},\"alternateName\":\"INZAIN Gravel & Travel\",\"potentialAction\":[{\"@type\":\"SearchAction\",\"target\":{\"@type\":\"EntryPoint\",\"urlTemplate\":\"https:\/\/inzain.bike\/fr_be\/?s={search_term_string}\"},\"query-input\":{\"@type\":\"PropertyValueSpecification\",\"valueRequired\":true,\"valueName\":\"search_term_string\"}}],\"inLanguage\":\"da-DK\"},{\"@type\":\"Organization\",\"@id\":\"https:\/\/inzain.bike\/fr_be\/#organization\",\"name\":\"INZAIN Cycling EXPERIENCES\",\"url\":\"https:\/\/inzain.bike\/fr_be\/\",\"logo\":{\"@type\":\"ImageObject\",\"inLanguage\":\"da-DK\",\"@id\":\"https:\/\/inzain.bike\/fr_be\/#\/schema\/logo\/image\/\",\"url\":\"https:\/\/i0.wp.com\/inzain.bike\/wp-content\/uploads\/2023\/09\/cropped-INZAIN_512x512_white.png?fit=512%2C512&ssl=1\",\"contentUrl\":\"https:\/\/i0.wp.com\/inzain.bike\/wp-content\/uploads\/2023\/09\/cropped-INZAIN_512x512_white.png?fit=512%2C512&ssl=1\",\"width\":512,\"height\":512,\"caption\":\"INZAIN Cycling EXPERIENCES\"},\"image\":{\"@id\":\"https:\/\/inzain.bike\/fr_be\/#\/schema\/logo\/image\/\"},\"sameAs\":[\"https:\/\/www.facebook.com\/Inzain.bike\",\"https:\/\/www.instagram.com\/inzainbike\"]}]}<\/script>\n<!-- \/ Yoast SEO plugin. -->","yoast_head_json":{"title":"Champagne Cykling - INZAIN Cykeloplevelser","robots":{"index":"index","follow":"follow","max-snippet":"max-snippet:-1","max-image-preview":"max-image-preview:large","max-video-preview":"max-video-preview:-1"},"canonical":"https:\/\/inzain.bike\/da\/cha24-cykling\/","og_locale":"da_DK","og_type":"article","og_title":"Champagne Cykling - INZAIN Cycling EXPERIENCES","og_description":"Champagne har m\u00e5nga fina v\u00e4gar b\u00e5de p\u00e5 grus och asfalt. Vi har varit d\u00e4r och rekat ut de b\u00e4sta v\u00e4garna. Niv\u00e5n p\u00e5 cyklingen \u00e4r s\u00e5dan att alla klarar det. Turerna p\u00e5 denna resa \u00e4r lite kortare och lite sn\u00e4llare \u00e4n p\u00e5 andra orter, men det kommer finnas utmaningar ocks\u00e5. Vi stannar och \u00e4ter lunch p\u00e5 [&hellip;]","og_url":"https:\/\/inzain.bike\/da\/cha24-cykling\/","og_site_name":"INZAIN Cycling EXPERIENCES","article_publisher":"https:\/\/www.facebook.com\/Inzain.bike","article_modified_time":"2023-11-21T18:51:29+00:00","og_image":[{"url":"https:\/\/inzain.bike\/wp-content\/uploads\/2023\/11\/champagne_pic_808-1.png","type":"","width":"","height":""}],"twitter_card":"summary_large_image","twitter_misc":{"Estimeret l\u00e6setid":"2 minutter"},"schema":{"@context":"https:\/\/schema.org","@graph":[{"@type":"WebPage","@id":"https:\/\/inzain.bike\/nl_be\/cha24-cykling\/","url":"https:\/\/inzain.bike\/nl_be\/cha24-cykling\/","name":"Champagne Cykling - INZAIN Cykeloplevelser","isPartOf":{"@id":"https:\/\/inzain.bike\/fr_be\/#website"},"primaryImageOfPage":{"@id":"https:\/\/inzain.bike\/nl_be\/cha24-cykling\/#primaryimage"},"image":{"@id":"https:\/\/inzain.bike\/nl_be\/cha24-cykling\/#primaryimage"},"thumbnailUrl":"https:\/\/inzain.bike\/wp-content\/uploads\/2023\/11\/champagne_pic_808-1.png","datePublished":"2023-11-11T16:38:00+00:00","dateModified":"2023-11-21T18:51:29+00:00","breadcrumb":{"@id":"https:\/\/inzain.bike\/nl_be\/cha24-cykling\/#breadcrumb"},"inLanguage":"da-DK","potentialAction":[{"@type":"ReadAction","target":["https:\/\/inzain.bike\/nl_be\/cha24-cykling\/"]}]},{"@type":"ImageObject","inLanguage":"da-DK","@id":"https:\/\/inzain.bike\/nl_be\/cha24-cykling\/#primaryimage","url":"https:\/\/inzain.bike\/wp-content\/uploads\/2023\/11\/champagne_pic_808-1.png","contentUrl":"https:\/\/inzain.bike\/wp-content\/uploads\/2023\/11\/champagne_pic_808-1.png"},{"@type":"BreadcrumbList","@id":"https:\/\/inzain.bike\/nl_be\/cha24-cykling\/#breadcrumb","itemListElement":[{"@type":"ListItem","position":1,"name":"Hem","item":"https:\/\/inzain.bike\/fr_be\/"},{"@type":"ListItem","position":2,"name":"Champagne Cykling"}]},{"@type":"WebSite","@id":"https:\/\/inzain.bike\/fr_be\/#website","url":"https:\/\/inzain.bike\/fr_be\/","name":"INZAIN CykelOPLEVELSER","description":"Cykeleventyr - for alle","publisher":{"@id":"https:\/\/inzain.bike\/fr_be\/#organization"},"alternateName":"INZAIN Gravel & Travel","potentialAction":[{"@type":"SearchAction","target":{"@type":"EntryPoint","urlTemplate":"https:\/\/inzain.bike\/fr_be\/?s={search_term_string}"},"query-input":{"@type":"PropertyValueSpecification","valueRequired":true,"valueName":"search_term_string"}}],"inLanguage":"da-DK"},{"@type":"Organization","@id":"https:\/\/inzain.bike\/fr_be\/#organization","name":"INZAIN CykelOPLEVELSER","url":"https:\/\/inzain.bike\/fr_be\/","logo":{"@type":"ImageObject","inLanguage":"da-DK","@id":"https:\/\/inzain.bike\/fr_be\/#\/schema\/logo\/image\/","url":"https:\/\/i0.wp.com\/inzain.bike\/wp-content\/uploads\/2023\/09\/cropped-INZAIN_512x512_white.png?fit=512%2C512&ssl=1","contentUrl":"https:\/\/i0.wp.com\/inzain.bike\/wp-content\/uploads\/2023\/09\/cropped-INZAIN_512x512_white.png?fit=512%2C512&ssl=1","width":512,"height":512,"caption":"INZAIN Cycling EXPERIENCES"},"image":{"@id":"https:\/\/inzain.bike\/fr_be\/#\/schema\/logo\/image\/"},"sameAs":["https:\/\/www.facebook.com\/Inzain.bike","https:\/\/www.instagram.com\/inzainbike"]}]}},"amp_enabled":true,"_links":{"self":[{"href":"https:\/\/inzain.bike\/da\/wp-json\/wp\/v2\/pages\/5044","targetHints":{"allow":["GET"]}}],"collection":[{"href":"https:\/\/inzain.bike\/da\/wp-json\/wp\/v2\/pages"}],"about":[{"href":"https:\/\/inzain.bike\/da\/wp-json\/wp\/v2\/types\/page"}],"author":[{"embeddable":true,"href":"https:\/\/inzain.bike\/da\/wp-json\/wp\/v2\/users\/135133094"}],"replies":[{"embeddable":true,"href":"https:\/\/inzain.bike\/da\/wp-json\/wp\/v2\/comments?post=5044"}],"version-history":[{"count":0,"href":"https:\/\/inzain.bike\/da\/wp-json\/wp\/v2\/pages\/5044\/revisions"}],"wp:attachment":[{"href":"https:\/\/inzain.bike\/da\/wp-json\/wp\/v2\/media?parent=5044"}],"curies":[{"name":"wp","href":"https:\/\/api.w.org\/{rel}","templated":true}]}}