{"id":5066,"date":"2023-11-21T18:36:03","date_gmt":"2023-11-21T17:36:03","guid":{"rendered":"https:\/\/inzain.bike\/?page_id=5066"},"modified":"2023-11-21T18:36:06","modified_gmt":"2023-11-21T17:36:06","slug":"pyr24-cykling","status":"publish","type":"page","link":"https:\/\/inzain.bike\/da\/pyr24-cykling\/","title":{"rendered":"Cykling i Pyren\u00e6erne"},"content":{"rendered":"<div class=\"wp-block-columns alignwide is-layout-flex wp-container-core-columns-is-layout-28f84493 wp-block-columns-is-layout-flex\">\n<div class=\"wp-block-column is-layout-flow wp-block-column-is-layout-flow\">\n<p>Cyklingen over denne bjergk\u00e6de er vores rigtige klassiker og store m\u00e5l hvert \u00e5r. For at beskrive turen med \u00e9t ord, skal det v\u00e6re vildmark. Og det g\u00f8r dette omr\u00e5de unikt, da det er det eneste i hele Europa, der kan kalde sig det. Mange steder er vi helt alene med vores cykler og stille tanker. Vi flytter fra hotel til hotel, hver dag har et nyt sp\u00e6ndende m\u00e5l. Midt p\u00e5 turen har <\/p>\n<\/div>\n<\/div>\n\n\n\n<p class=\"has-text-align-left has-custom-weight\" style=\"font-weight:bold;font-size:30px\">Dagsprogram<\/p>\n\n\n\n<div class=\"wp-block-columns alignwide is-layout-flex wp-container-core-columns-is-layout-28f84493 wp-block-columns-is-layout-flex\">\n<div class=\"wp-block-column is-layout-flow wp-block-column-is-layout-flow\">\n<figure class=\"wp-block-image size-full\"><img loading=\"lazy\" decoding=\"async\" width=\"960\" height=\"883\" src=\"https:\/\/inzain.bike\/wp-content\/uploads\/2023\/11\/IMG_9915.jpg\" alt=\"\" class=\"wp-image-5198\" srcset=\"https:\/\/inzain.bike\/wp-content\/uploads\/2023\/11\/IMG_9915.jpg 960w, https:\/\/inzain.bike\/wp-content\/uploads\/2023\/11\/IMG_9915-300x276.jpg 300w, https:\/\/inzain.bike\/wp-content\/uploads\/2023\/11\/IMG_9915-768x706.jpg 768w, https:\/\/inzain.bike\/wp-content\/uploads\/2023\/11\/IMG_9915-13x12.jpg 13w, https:\/\/inzain.bike\/wp-content\/uploads\/2023\/11\/IMG_9915-600x552.jpg 600w\" sizes=\"auto, (max-width: 960px) 100vw, 960px\" \/><\/figure>\n<\/div>\n\n\n\n<div class=\"wp-block-column is-layout-flow wp-block-column-is-layout-flow\">\n<p><strong>Dag et <\/strong><\/p>\n\n\n\n<p>Morgenmad p\u00e5 hotellet og f\u00e6lles cykling ned til Grand Plage, hvor vores eventyr begynder. Dem, der vil dyppe et af hjulene i Atlanten, inden vi ruller \u00f8stp\u00e5 mod Middelhavet.<\/p>\n\n\n\n<p>Vi cykler gennem byen og ud i det baskiske landskab. Vores frokoststop for dagen bliver i smukke San Jean Pied de Port, som p\u00e5 fransk betyder &quot;Saint John ved foden af bjergpasset&quot;. Byen er ogs\u00e5 det klassiske udgangspunkt for dem, der vil g\u00e5 Camino de Santiago.<\/p>\n\n\n\n<p>De to stigninger Col des Plombieres og Col d\u00b4Osquich giver os en forsmag p\u00e5, hvad der kommer. Vi overnatter i Olorons St. Marie.<\/p>\n<\/div>\n<\/div>\n\n\n\n<div class=\"wp-block-columns alignwide is-layout-flex wp-container-core-columns-is-layout-28f84493 wp-block-columns-is-layout-flex\">\n<div class=\"wp-block-column is-layout-flow wp-block-column-is-layout-flow\">\n<p><strong>Dag to <\/strong><\/p>\n\n\n\n<p>Vi forlader nu Baskerlandet og ruller frem i et b\u00f8lgende landskab. M\u00e5let for dagen er at tackle Col de Marie Blanque og Col d&#039;Aubisque. Begge klassiske stigninger i Tour de France sammenh\u00e6ng.<\/p>\n\n\n\n<p>Vi bestiger begge bjergpas med resten af Pyren\u00e6erne som panorama i baggrunden. P\u00e5 toppen af Col d\u00c1ubisque m\u00f8des vi af gr\u00e6ssende vilde heste. Natten tilbringes p\u00e5 vores yndlingshotel ved foden af Tourmalet i St.Savin. <\/p>\n<\/div>\n\n\n\n<div class=\"wp-block-column is-layout-flow wp-block-column-is-layout-flow\">\n<figure class=\"wp-block-image size-full is-resized\"><img decoding=\"async\" src=\"https:\/\/inzain.bike\/wp-content\/uploads\/2023\/11\/IMG_5200.jpg\" alt=\"\" class=\"wp-image-5187\" style=\"width:332px;height:auto\"\/><\/figure>\n<\/div>\n<\/div>\n\n\n\n<div class=\"wp-block-columns alignwide is-layout-flex wp-container-core-columns-is-layout-28f84493 wp-block-columns-is-layout-flex\">\n<div class=\"wp-block-column is-layout-flow wp-block-column-is-layout-flow\">\n<figure class=\"wp-block-image size-full\"><img loading=\"lazy\" decoding=\"async\" width=\"929\" height=\"929\" src=\"https:\/\/inzain.bike\/wp-content\/uploads\/2023\/11\/IMG_5479.jpg\" alt=\"\" class=\"wp-image-5191\" srcset=\"https:\/\/inzain.bike\/wp-content\/uploads\/2023\/11\/IMG_5479.jpg 929w, https:\/\/inzain.bike\/wp-content\/uploads\/2023\/11\/IMG_5479-300x300.jpg 300w, https:\/\/inzain.bike\/wp-content\/uploads\/2023\/11\/IMG_5479-150x150.jpg 150w, https:\/\/inzain.bike\/wp-content\/uploads\/2023\/11\/IMG_5479-768x768.jpg 768w, https:\/\/inzain.bike\/wp-content\/uploads\/2023\/11\/IMG_5479-12x12.jpg 12w, https:\/\/inzain.bike\/wp-content\/uploads\/2023\/11\/IMG_5479-600x600.jpg 600w, https:\/\/inzain.bike\/wp-content\/uploads\/2023\/11\/IMG_5479-100x100.jpg 100w\" sizes=\"auto, (max-width: 929px) 100vw, 929px\" \/><\/figure>\n<\/div>\n\n\n\n<div class=\"wp-block-column is-layout-flow wp-block-column-is-layout-flow\">\n<p><strong>Dag tre <\/strong><\/p>\n\n\n\n<p>Efter en kort cykel ud af byen g\u00e5r vi direkte ind i det mest bestegne bjerg i Tour de France. Pyren\u00e6ernes k\u00e6mpe h\u00e6ver sig majest\u00e6tisk over de andre naboer p\u00e5 siderne. Selvom du er her for f\u00f8rste gang, vil du f\u00e5 en sk\u00f8n f\u00f8lelse i kroppen, n\u00e5r du genkender dig selv.<\/p>\n\n\n\n<p>p\u00e5 vej ned benytter vi lejligheden til at stoppe ved det nyligt rejste mindesm\u00e6rke for Eug\u00e9ne Christophe med sin kn\u00e6kkede forgaffel i h\u00e5nden. Selv Col de Peyresourde er betagende med sin h\u00f8jde. Natten tilbringes i Luchon, hvor utallige afslutninger og starter har fundet sted.<\/p>\n<\/div>\n<\/div>\n\n\n\n<div class=\"wp-block-columns alignwide is-layout-flex wp-container-core-columns-is-layout-28f84493 wp-block-columns-is-layout-flex\">\n<div class=\"wp-block-column is-layout-flow wp-block-column-is-layout-flow\">\n<p><strong>Dag fire <\/strong><\/p>\n\n\n\n<p>Hviledag i klassiske og helt vidunderlige Bagneres Luchon. Kendt som et kursted med oprindelse tilbage til 1920. Vi er nu ved foden af de centrale Pyren\u00e6er. Benyt lejligheden til at pr\u00f8ve den nybyggede sv\u00e6vebane op til toppen over byen.<\/p>\n<\/div>\n\n\n\n<div class=\"wp-block-column is-layout-flow wp-block-column-is-layout-flow\">\n<figure class=\"wp-block-image size-full\"><img decoding=\"async\" src=\"https:\/\/inzain.bike\/wp-content\/uploads\/2023\/11\/IMG_8440.jpg\" alt=\"\" class=\"wp-image-5201\"\/><\/figure>\n<\/div>\n<\/div>\n\n\n\n<div class=\"wp-block-columns alignwide is-layout-flex wp-container-core-columns-is-layout-28f84493 wp-block-columns-is-layout-flex\">\n<div class=\"wp-block-column is-layout-flow wp-block-column-is-layout-flow\">\n<figure class=\"wp-block-image size-full\"><img decoding=\"async\" src=\"https:\/\/inzain.bike\/wp-content\/uploads\/2023\/11\/IMG_4522.jpg\" alt=\"\" class=\"wp-image-5204\"\/><\/figure>\n<\/div>\n\n\n\n<div class=\"wp-block-column is-layout-flow wp-block-column-is-layout-flow\">\n<p><strong>Dag fem <\/strong><\/p>\n\n\n\n<p>Nu er vi over tr\u00e6gr\u00e6nsen i en stor del af tiden p\u00e5 vej op og ned af bjergene.<br>P\u00e5 dette lag har vores kroppe akklimatiseret sig, og vi kan fuldt ud nyde det gr\u00f8nne landskab p\u00e5 siderne.<br>Vi kommer ogs\u00e5 forbi det utroligt smukke sted og mindesm\u00e6rke for Fabio Cassartelli. Vores destination for dagen er Saint Girons. Kendt som udgangspunktet p\u00e5 ruten for dem, der skulle flygte over bjergene til Spanien under Anden Verdenskrig.\u00a0<\/p>\n<\/div>\n<\/div>\n\n\n\n<div class=\"wp-block-columns alignwide is-layout-flex wp-container-core-columns-is-layout-28f84493 wp-block-columns-is-layout-flex\">\n<div class=\"wp-block-column is-layout-flow wp-block-column-is-layout-flow\">\n<p><strong>Dag seks <\/strong><\/p>\n\n\n\n<p>Endnu mere fantastisk klatring og natur p\u00e5 programmet. Port de Pailheres og Col de Port f\u00f8jes til listen. P\u00e5 denne dag vil du tilbagel\u00e6gge de fleste h\u00f8jdemeter og n\u00e5 turens n\u00e6sth\u00f8jeste punkt ved Pailheres.<\/p>\n\n\n\n<p>Nedturen derfra er som regel den mest fantastiske og f\u00e6ngslende for den, der oplever den. Hotellet i Gincla er ogs\u00e5 en favorit hos mange deltagere.<\/p>\n<\/div>\n\n\n\n<div class=\"wp-block-column is-layout-flow wp-block-column-is-layout-flow\">\n<figure class=\"wp-block-image size-full\"><img loading=\"lazy\" decoding=\"async\" width=\"788\" height=\"788\" src=\"https:\/\/inzain.bike\/wp-content\/uploads\/2023\/11\/IMG_7716-2.jpg\" alt=\"\" class=\"wp-image-5192\" srcset=\"https:\/\/inzain.bike\/wp-content\/uploads\/2023\/11\/IMG_7716-2.jpg 788w, https:\/\/inzain.bike\/wp-content\/uploads\/2023\/11\/IMG_7716-2-300x300.jpg 300w, https:\/\/inzain.bike\/wp-content\/uploads\/2023\/11\/IMG_7716-2-150x150.jpg 150w, https:\/\/inzain.bike\/wp-content\/uploads\/2023\/11\/IMG_7716-2-768x768.jpg 768w, https:\/\/inzain.bike\/wp-content\/uploads\/2023\/11\/IMG_7716-2-12x12.jpg 12w, https:\/\/inzain.bike\/wp-content\/uploads\/2023\/11\/IMG_7716-2-600x600.jpg 600w, https:\/\/inzain.bike\/wp-content\/uploads\/2023\/11\/IMG_7716-2-100x100.jpg 100w\" sizes=\"auto, (max-width: 788px) 100vw, 788px\" \/><\/figure>\n<\/div>\n<\/div>\n\n\n\n<div class=\"wp-block-columns alignwide is-layout-flex wp-container-core-columns-is-layout-28f84493 wp-block-columns-is-layout-flex\">\n<div class=\"wp-block-column is-layout-flow wp-block-column-is-layout-flow\">\n<figure class=\"wp-block-image size-full\"><img decoding=\"async\" src=\"https:\/\/inzain.bike\/wp-content\/uploads\/2023\/11\/IMG_5378.jpg\" alt=\"\" class=\"wp-image-5190\"\/><\/figure>\n<\/div>\n\n\n\n<div class=\"wp-block-column is-layout-flow wp-block-column-is-layout-flow\">\n<p><strong>Dag syv<\/strong><\/p>\n\n\n\n<p>Grand Finale!<br>Vi siger farvel til de h\u00f8je bjerge i vest og begynder at fornemme det azurbl\u00e5 Middelhav i horisonten.<\/p>\n\n\n\n<p>Vores destination Collioure ved kysten kommer t\u00e6ttere p\u00e5. Et m\u00e5l som mange kunstnere ogs\u00e5 havde, f.eks. Matisse og Picasso. F\u00f8rst skal der dog gennemf\u00f8res to flotte stigninger, Col Palomere og Col d&#039;Aussieres.<\/p>\n\n\n\n<p>F\u00f8lelsen af endelig at n\u00e5 havet og vide, at man har krydset en hel bjergk\u00e6de for egen maskine er overv\u00e6ldende.<br>Middag om aftenen er altid meget f\u00f8lelsesladet og mindev\u00e6rdig.<\/p>\n<\/div>\n<\/div>\n\n\n\n<p><br><\/p>","protected":false},"excerpt":{"rendered":"<p>Cyklingen \u00f6ver denna bergskedja \u00e4r v\u00e5r riktiga klassiker och stora m\u00e5l varje \u00e5r. F\u00f6r att beskriva turen med ett ord f\u00e5r det bli vildmark. Och det g\u00f6r detta omr\u00e5de unikt d\u00e5 det \u00e4r det enda i hela Europa som kan kalla sig det. P\u00e5 m\u00e5nga st\u00e4llen \u00e4r vi helt ensamma med v\u00e5ra cyklar och lugna [&hellip;]<\/p>\n","protected":false},"author":203917874,"featured_media":0,"parent":0,"menu_order":0,"comment_status":"closed","ping_status":"closed","template":"","meta":{"_coblocks_attr":"","_coblocks_dimensions":"","_coblocks_responsive_height":"","_coblocks_accordion_ie_support":"","footnotes":""},"class_list":["post-5066","page","type-page","status-publish","hentry"],"yoast_head":"<!-- This site is optimized with the Yoast SEO plugin v27.2 - https:\/\/yoast.com\/product\/yoast-seo-wordpress\/ -->\n<title>Pyreneerna Cykling - INZAIN Cycling EXPERIENCES<\/title>\n<meta name=\"robots\" content=\"index, follow, max-snippet:-1, max-image-preview:large, max-video-preview:-1\" \/>\n<link rel=\"canonical\" href=\"https:\/\/inzain.bike\/da\/pyr24-cykling\/\" \/>\n<meta property=\"og:locale\" content=\"da_DK\" \/>\n<meta property=\"og:type\" content=\"article\" \/>\n<meta property=\"og:title\" content=\"Pyreneerna Cykling - INZAIN Cycling EXPERIENCES\" \/>\n<meta property=\"og:description\" content=\"Cyklingen \u00f6ver denna bergskedja \u00e4r v\u00e5r riktiga klassiker och stora m\u00e5l varje \u00e5r. F\u00f6r att beskriva turen med ett ord f\u00e5r det bli vildmark. Och det g\u00f6r detta omr\u00e5de unikt d\u00e5 det \u00e4r det enda i hela Europa som kan kalla sig det. P\u00e5 m\u00e5nga st\u00e4llen \u00e4r vi helt ensamma med v\u00e5ra cyklar och lugna [&hellip;]\" \/>\n<meta property=\"og:url\" content=\"https:\/\/inzain.bike\/da\/pyr24-cykling\/\" \/>\n<meta property=\"og:site_name\" content=\"INZAIN Cycling EXPERIENCES\" \/>\n<meta property=\"article:publisher\" content=\"https:\/\/www.facebook.com\/Inzain.bike\" \/>\n<meta property=\"article:modified_time\" content=\"2023-11-21T17:36:06+00:00\" \/>\n<meta property=\"og:image\" content=\"https:\/\/inzain.bike\/wp-content\/uploads\/2023\/11\/IMG_9915.jpg\" \/>\n<meta name=\"twitter:card\" content=\"summary_large_image\" \/>\n<meta name=\"twitter:label1\" content=\"Estimeret l\u00e6setid\" \/>\n\t<meta name=\"twitter:data1\" content=\"5 minutter\" \/>\n<script type=\"application\/ld+json\" class=\"yoast-schema-graph\">{\"@context\":\"https:\/\/schema.org\",\"@graph\":[{\"@type\":\"WebPage\",\"@id\":\"https:\/\/inzain.bike\/nb\/pyr24-cykling\/\",\"url\":\"https:\/\/inzain.bike\/nb\/pyr24-cykling\/\",\"name\":\"Pyreneerna Cykling - INZAIN Cycling EXPERIENCES\",\"isPartOf\":{\"@id\":\"https:\/\/inzain.bike\/fr_be\/#website\"},\"primaryImageOfPage\":{\"@id\":\"https:\/\/inzain.bike\/nb\/pyr24-cykling\/#primaryimage\"},\"image\":{\"@id\":\"https:\/\/inzain.bike\/nb\/pyr24-cykling\/#primaryimage\"},\"thumbnailUrl\":\"https:\/\/inzain.bike\/wp-content\/uploads\/2023\/11\/IMG_9915.jpg\",\"datePublished\":\"2023-11-21T17:36:03+00:00\",\"dateModified\":\"2023-11-21T17:36:06+00:00\",\"breadcrumb\":{\"@id\":\"https:\/\/inzain.bike\/nb\/pyr24-cykling\/#breadcrumb\"},\"inLanguage\":\"da-DK\",\"potentialAction\":[{\"@type\":\"ReadAction\",\"target\":[\"https:\/\/inzain.bike\/nb\/pyr24-cykling\/\"]}]},{\"@type\":\"ImageObject\",\"inLanguage\":\"da-DK\",\"@id\":\"https:\/\/inzain.bike\/nb\/pyr24-cykling\/#primaryimage\",\"url\":\"https:\/\/inzain.bike\/wp-content\/uploads\/2023\/11\/IMG_9915.jpg\",\"contentUrl\":\"https:\/\/inzain.bike\/wp-content\/uploads\/2023\/11\/IMG_9915.jpg\"},{\"@type\":\"BreadcrumbList\",\"@id\":\"https:\/\/inzain.bike\/nb\/pyr24-cykling\/#breadcrumb\",\"itemListElement\":[{\"@type\":\"ListItem\",\"position\":1,\"name\":\"Hem\",\"item\":\"https:\/\/inzain.bike\/fr_be\/\"},{\"@type\":\"ListItem\",\"position\":2,\"name\":\"Pyreneerna Cykling\"}]},{\"@type\":\"WebSite\",\"@id\":\"https:\/\/inzain.bike\/fr_be\/#website\",\"url\":\"https:\/\/inzain.bike\/fr_be\/\",\"name\":\"INZAIN Cycling EXPERIENCES\",\"description\":\"Cyckling Adventures  - for everyone\",\"publisher\":{\"@id\":\"https:\/\/inzain.bike\/fr_be\/#organization\"},\"alternateName\":\"INZAIN Gravel & Travel\",\"potentialAction\":[{\"@type\":\"SearchAction\",\"target\":{\"@type\":\"EntryPoint\",\"urlTemplate\":\"https:\/\/inzain.bike\/fr_be\/?s={search_term_string}\"},\"query-input\":{\"@type\":\"PropertyValueSpecification\",\"valueRequired\":true,\"valueName\":\"search_term_string\"}}],\"inLanguage\":\"da-DK\"},{\"@type\":\"Organization\",\"@id\":\"https:\/\/inzain.bike\/fr_be\/#organization\",\"name\":\"INZAIN Cycling EXPERIENCES\",\"url\":\"https:\/\/inzain.bike\/fr_be\/\",\"logo\":{\"@type\":\"ImageObject\",\"inLanguage\":\"da-DK\",\"@id\":\"https:\/\/inzain.bike\/fr_be\/#\/schema\/logo\/image\/\",\"url\":\"https:\/\/i0.wp.com\/inzain.bike\/wp-content\/uploads\/2023\/09\/cropped-INZAIN_512x512_white.png?fit=512%2C512&ssl=1\",\"contentUrl\":\"https:\/\/i0.wp.com\/inzain.bike\/wp-content\/uploads\/2023\/09\/cropped-INZAIN_512x512_white.png?fit=512%2C512&ssl=1\",\"width\":512,\"height\":512,\"caption\":\"INZAIN Cycling EXPERIENCES\"},\"image\":{\"@id\":\"https:\/\/inzain.bike\/fr_be\/#\/schema\/logo\/image\/\"},\"sameAs\":[\"https:\/\/www.facebook.com\/Inzain.bike\",\"https:\/\/www.instagram.com\/inzainbike\"]}]}<\/script>\n<!-- \/ Yoast SEO plugin. -->","yoast_head_json":{"title":"Cykling i Pyren\u00e6erne - INZAIN Cykeloplevelser","robots":{"index":"index","follow":"follow","max-snippet":"max-snippet:-1","max-image-preview":"max-image-preview:large","max-video-preview":"max-video-preview:-1"},"canonical":"https:\/\/inzain.bike\/da\/pyr24-cykling\/","og_locale":"da_DK","og_type":"article","og_title":"Pyreneerna Cykling - INZAIN Cycling EXPERIENCES","og_description":"Cyklingen \u00f6ver denna bergskedja \u00e4r v\u00e5r riktiga klassiker och stora m\u00e5l varje \u00e5r. F\u00f6r att beskriva turen med ett ord f\u00e5r det bli vildmark. Och det g\u00f6r detta omr\u00e5de unikt d\u00e5 det \u00e4r det enda i hela Europa som kan kalla sig det. P\u00e5 m\u00e5nga st\u00e4llen \u00e4r vi helt ensamma med v\u00e5ra cyklar och lugna [&hellip;]","og_url":"https:\/\/inzain.bike\/da\/pyr24-cykling\/","og_site_name":"INZAIN Cycling EXPERIENCES","article_publisher":"https:\/\/www.facebook.com\/Inzain.bike","article_modified_time":"2023-11-21T17:36:06+00:00","og_image":[{"url":"https:\/\/inzain.bike\/wp-content\/uploads\/2023\/11\/IMG_9915.jpg","type":"","width":"","height":""}],"twitter_card":"summary_large_image","twitter_misc":{"Estimeret l\u00e6setid":"5 minutter"},"schema":{"@context":"https:\/\/schema.org","@graph":[{"@type":"WebPage","@id":"https:\/\/inzain.bike\/nb\/pyr24-cykling\/","url":"https:\/\/inzain.bike\/nb\/pyr24-cykling\/","name":"Cykling i Pyren\u00e6erne - INZAIN Cykeloplevelser","isPartOf":{"@id":"https:\/\/inzain.bike\/fr_be\/#website"},"primaryImageOfPage":{"@id":"https:\/\/inzain.bike\/nb\/pyr24-cykling\/#primaryimage"},"image":{"@id":"https:\/\/inzain.bike\/nb\/pyr24-cykling\/#primaryimage"},"thumbnailUrl":"https:\/\/inzain.bike\/wp-content\/uploads\/2023\/11\/IMG_9915.jpg","datePublished":"2023-11-21T17:36:03+00:00","dateModified":"2023-11-21T17:36:06+00:00","breadcrumb":{"@id":"https:\/\/inzain.bike\/nb\/pyr24-cykling\/#breadcrumb"},"inLanguage":"da-DK","potentialAction":[{"@type":"ReadAction","target":["https:\/\/inzain.bike\/nb\/pyr24-cykling\/"]}]},{"@type":"ImageObject","inLanguage":"da-DK","@id":"https:\/\/inzain.bike\/nb\/pyr24-cykling\/#primaryimage","url":"https:\/\/inzain.bike\/wp-content\/uploads\/2023\/11\/IMG_9915.jpg","contentUrl":"https:\/\/inzain.bike\/wp-content\/uploads\/2023\/11\/IMG_9915.jpg"},{"@type":"BreadcrumbList","@id":"https:\/\/inzain.bike\/nb\/pyr24-cykling\/#breadcrumb","itemListElement":[{"@type":"ListItem","position":1,"name":"Hem","item":"https:\/\/inzain.bike\/fr_be\/"},{"@type":"ListItem","position":2,"name":"Pyreneerna Cykling"}]},{"@type":"WebSite","@id":"https:\/\/inzain.bike\/fr_be\/#website","url":"https:\/\/inzain.bike\/fr_be\/","name":"INZAIN CykelOPLEVELSER","description":"Cykeleventyr - for alle","publisher":{"@id":"https:\/\/inzain.bike\/fr_be\/#organization"},"alternateName":"INZAIN Gravel & Travel","potentialAction":[{"@type":"SearchAction","target":{"@type":"EntryPoint","urlTemplate":"https:\/\/inzain.bike\/fr_be\/?s={search_term_string}"},"query-input":{"@type":"PropertyValueSpecification","valueRequired":true,"valueName":"search_term_string"}}],"inLanguage":"da-DK"},{"@type":"Organization","@id":"https:\/\/inzain.bike\/fr_be\/#organization","name":"INZAIN CykelOPLEVELSER","url":"https:\/\/inzain.bike\/fr_be\/","logo":{"@type":"ImageObject","inLanguage":"da-DK","@id":"https:\/\/inzain.bike\/fr_be\/#\/schema\/logo\/image\/","url":"https:\/\/i0.wp.com\/inzain.bike\/wp-content\/uploads\/2023\/09\/cropped-INZAIN_512x512_white.png?fit=512%2C512&ssl=1","contentUrl":"https:\/\/i0.wp.com\/inzain.bike\/wp-content\/uploads\/2023\/09\/cropped-INZAIN_512x512_white.png?fit=512%2C512&ssl=1","width":512,"height":512,"caption":"INZAIN Cycling EXPERIENCES"},"image":{"@id":"https:\/\/inzain.bike\/fr_be\/#\/schema\/logo\/image\/"},"sameAs":["https:\/\/www.facebook.com\/Inzain.bike","https:\/\/www.instagram.com\/inzainbike"]}]}},"amp_enabled":true,"_links":{"self":[{"href":"https:\/\/inzain.bike\/da\/wp-json\/wp\/v2\/pages\/5066","targetHints":{"allow":["GET"]}}],"collection":[{"href":"https:\/\/inzain.bike\/da\/wp-json\/wp\/v2\/pages"}],"about":[{"href":"https:\/\/inzain.bike\/da\/wp-json\/wp\/v2\/types\/page"}],"author":[{"embeddable":true,"href":"https:\/\/inzain.bike\/da\/wp-json\/wp\/v2\/users\/203917874"}],"replies":[{"embeddable":true,"href":"https:\/\/inzain.bike\/da\/wp-json\/wp\/v2\/comments?post=5066"}],"version-history":[{"count":0,"href":"https:\/\/inzain.bike\/da\/wp-json\/wp\/v2\/pages\/5066\/revisions"}],"wp:attachment":[{"href":"https:\/\/inzain.bike\/da\/wp-json\/wp\/v2\/media?parent=5066"}],"curies":[{"name":"wp","href":"https:\/\/api.w.org\/{rel}","templated":true}]}}