{"id":5141,"date":"2023-11-11T20:44:22","date_gmt":"2023-11-11T19:44:22","guid":{"rendered":"https:\/\/inzain.bike\/?page_id=5141"},"modified":"2026-01-12T12:10:37","modified_gmt":"2026-01-12T11:10:37","slug":"gir24-girona","status":"publish","type":"page","link":"https:\/\/inzain.bike\/da\/gir24-girona\/","title":{"rendered":"Om Girona"},"content":{"rendered":"<div class=\"wp-block-columns alignwide is-layout-flex wp-container-core-columns-is-layout-28f84493 wp-block-columns-is-layout-flex\">\n<div class=\"wp-block-column is-layout-flow wp-block-column-is-layout-flow\">\n<p>Beliggende ved en flod ni miles nord for Barcelona, er Girona en rolig destination med en middelalderlig bymidte. Her f\u00e5r du smalle str\u00e6der, hyggelige restauranter og arabiske bade. G\u00e5 ikke glip af den m\u00e6gtige katedral, som har den bedste udsigt i byen.<\/p>\n\n\n\n<p>Hvis du kan lide Game of Thrones, er den ber\u00f8mte trappe her.<br><\/p>\n\n\n\n<p>Den majest\u00e6tiske barokke katedral Santa Maria midt i byen er ideel som udgangspunkt for sightseeing. Domkirkens museum er \u00e5bent fra 10.00 til 20.00 og er gratis at bes\u00f8ge om s\u00f8ndagen. Andre dage koster entr\u00e9en 5 euro.<\/p>\n\n\n\n<p>En anden arkitektonisk attraktion er den gotiske kirke Sant Feliu med sin facade fra det 18. \u00e5rhundrede. Kirkens kapel er viet til biskoppen Sankt Narcissus.<\/p>\n\n\n\n<p>Girona b\u00e6rer ikke kun spor fra romertiden. Byen har en rig j\u00f8disk historie, der til dels stadig er synlig i dag. Der er fundet rester af det, der viste sig at v\u00e6re en s\u00e5kaldt yeshiva, det vil sige en j\u00f8disk skole til at studere Tora-skrifter. Blandt alle byens museer er der ogs\u00e5 et j\u00f8disk. Turister kan k\u00f8be det s\u00e5kaldte M5-kort, som giver adgang til fem museer i Girona. Kortet k\u00f8bes p\u00e5 det f\u00f8rste museum du bes\u00f8ger og er gyldigt i seks m\u00e5neder.<\/p>\n\n\n\n<figure class=\"wp-block-image size-large\"><img loading=\"lazy\" decoding=\"async\" width=\"768\" height=\"1024\" src=\"https:\/\/inzain.bike\/wp-content\/uploads\/2023\/11\/344287960_920088915984556_5814484605622838402_n-768x1024.jpg\" alt=\"\" class=\"wp-image-5351\" srcset=\"https:\/\/inzain.bike\/wp-content\/uploads\/2023\/11\/344287960_920088915984556_5814484605622838402_n-768x1024.jpg 768w, https:\/\/inzain.bike\/wp-content\/uploads\/2023\/11\/344287960_920088915984556_5814484605622838402_n-225x300.jpg 225w, https:\/\/inzain.bike\/wp-content\/uploads\/2023\/11\/344287960_920088915984556_5814484605622838402_n-1152x1536.jpg 1152w, https:\/\/inzain.bike\/wp-content\/uploads\/2023\/11\/344287960_920088915984556_5814484605622838402_n-1536x2048.jpg 1536w, https:\/\/inzain.bike\/wp-content\/uploads\/2023\/11\/344287960_920088915984556_5814484605622838402_n-9x12.jpg 9w, https:\/\/inzain.bike\/wp-content\/uploads\/2023\/11\/344287960_920088915984556_5814484605622838402_n-1320x1760.jpg 1320w, https:\/\/inzain.bike\/wp-content\/uploads\/2023\/11\/344287960_920088915984556_5814484605622838402_n-600x800.jpg 600w, https:\/\/inzain.bike\/wp-content\/uploads\/2023\/11\/344287960_920088915984556_5814484605622838402_n-scaled.jpg 1920w\" sizes=\"auto, (max-width: 768px) 100vw, 768px\" \/><\/figure>\n<\/div>\n<\/div>\n\n\n\n<div class=\"wp-block-columns alignwide is-layout-flex wp-container-core-columns-is-layout-28f84493 wp-block-columns-is-layout-flex\">\n<div class=\"wp-block-column is-layout-flow wp-block-column-is-layout-flow\">\n<figure class=\"wp-block-image size-large\"><img loading=\"lazy\" decoding=\"async\" width=\"1024\" height=\"768\" src=\"https:\/\/inzain.bike\/wp-content\/uploads\/2023\/11\/20230506_150136-1024x768.jpg\" alt=\"\" class=\"wp-image-5354\" srcset=\"https:\/\/inzain.bike\/wp-content\/uploads\/2023\/11\/20230506_150136-1024x768.jpg 1024w, https:\/\/inzain.bike\/wp-content\/uploads\/2023\/11\/20230506_150136-300x225.jpg 300w, https:\/\/inzain.bike\/wp-content\/uploads\/2023\/11\/20230506_150136-768x576.jpg 768w, https:\/\/inzain.bike\/wp-content\/uploads\/2023\/11\/20230506_150136-1536x1152.jpg 1536w, https:\/\/inzain.bike\/wp-content\/uploads\/2023\/11\/20230506_150136-2048x1536.jpg 2048w, https:\/\/inzain.bike\/wp-content\/uploads\/2023\/11\/20230506_150136-16x12.jpg 16w, https:\/\/inzain.bike\/wp-content\/uploads\/2023\/11\/20230506_150136-1320x990.jpg 1320w, https:\/\/inzain.bike\/wp-content\/uploads\/2023\/11\/20230506_150136-600x450.jpg 600w\" sizes=\"auto, (max-width: 1024px) 100vw, 1024px\" \/><\/figure>\n<\/div>\n\n\n\n<div class=\"wp-block-column is-layout-flow wp-block-column-is-layout-flow\">\n<p>Girona er fuld af hyggelige caf\u00e9er og restauranter. Du kan ikke g\u00e5 glip af, at det er en cykelby. Masser af cyklister, cykler. Mange professionelle hold tr\u00e6ner her.<br><br><\/p>\n<\/div>\n<\/div>","protected":false},"excerpt":{"rendered":"<p>Girona ligger vid en flod nio mil norr om Barcelona och \u00e4r ett lugnt resm\u00e5l med en medeltida stadsk\u00e4rna. H\u00e4r f\u00e5r du smala gr\u00e4nder, mysiga restauranger och arabiska bad. Missa inte den m\u00e4ktiga katedralen som har stadens b\u00e4sta utsikt. Om du gillar Game of Thrones s\u00e5 finns den ber\u00f6mda trappan h\u00e4r. Den majest\u00e4tiska barockkatedralen Santa [&hellip;]<\/p>\n","protected":false},"author":135133094,"featured_media":0,"parent":0,"menu_order":0,"comment_status":"closed","ping_status":"closed","template":"","meta":{"_coblocks_attr":"","_coblocks_dimensions":"","_coblocks_responsive_height":"","_coblocks_accordion_ie_support":"","footnotes":""},"class_list":["post-5141","page","type-page","status-publish","hentry"],"yoast_head":"<!-- This site is optimized with the Yoast SEO plugin v27.2 - https:\/\/yoast.com\/product\/yoast-seo-wordpress\/ -->\n<title>Om Girona - INZAIN Cycling EXPERIENCES<\/title>\n<meta name=\"robots\" content=\"index, follow, max-snippet:-1, max-image-preview:large, max-video-preview:-1\" \/>\n<link rel=\"canonical\" href=\"https:\/\/inzain.bike\/da\/gir24-girona\/\" \/>\n<meta property=\"og:locale\" content=\"da_DK\" \/>\n<meta property=\"og:type\" content=\"article\" \/>\n<meta property=\"og:title\" content=\"Om Girona - INZAIN Cycling EXPERIENCES\" \/>\n<meta property=\"og:description\" content=\"Girona ligger vid en flod nio mil norr om Barcelona och \u00e4r ett lugnt resm\u00e5l med en medeltida stadsk\u00e4rna. H\u00e4r f\u00e5r du smala gr\u00e4nder, mysiga restauranger och arabiska bad. Missa inte den m\u00e4ktiga katedralen som har stadens b\u00e4sta utsikt. Om du gillar Game of Thrones s\u00e5 finns den ber\u00f6mda trappan h\u00e4r. Den majest\u00e4tiska barockkatedralen Santa [&hellip;]\" \/>\n<meta property=\"og:url\" content=\"https:\/\/inzain.bike\/da\/gir24-girona\/\" \/>\n<meta property=\"og:site_name\" content=\"INZAIN Cycling EXPERIENCES\" \/>\n<meta property=\"article:publisher\" content=\"https:\/\/www.facebook.com\/Inzain.bike\" \/>\n<meta property=\"article:modified_time\" content=\"2026-01-12T11:10:37+00:00\" \/>\n<meta property=\"og:image\" content=\"https:\/\/inzain.bike\/wp-content\/uploads\/2023\/11\/344287960_920088915984556_5814484605622838402_n-scaled.jpg\" \/>\n\t<meta property=\"og:image:width\" content=\"1920\" \/>\n\t<meta property=\"og:image:height\" content=\"2560\" \/>\n\t<meta property=\"og:image:type\" content=\"image\/jpeg\" \/>\n<meta name=\"twitter:card\" content=\"summary_large_image\" \/>\n<meta name=\"twitter:label1\" content=\"Estimeret l\u00e6setid\" \/>\n\t<meta name=\"twitter:data1\" content=\"2 minutter\" \/>\n<script type=\"application\/ld+json\" class=\"yoast-schema-graph\">{\"@context\":\"https:\/\/schema.org\",\"@graph\":[{\"@type\":\"WebPage\",\"@id\":\"https:\/\/inzain.bike\/gir24-girona\/\",\"url\":\"https:\/\/inzain.bike\/gir24-girona\/\",\"name\":\"Om Girona - INZAIN Cycling EXPERIENCES\",\"isPartOf\":{\"@id\":\"https:\/\/inzain.bike\/fr_be\/#website\"},\"primaryImageOfPage\":{\"@id\":\"https:\/\/inzain.bike\/gir24-girona\/#primaryimage\"},\"image\":{\"@id\":\"https:\/\/inzain.bike\/gir24-girona\/#primaryimage\"},\"thumbnailUrl\":\"https:\/\/inzain.bike\/wp-content\/uploads\/2023\/11\/344287960_920088915984556_5814484605622838402_n-768x1024.jpg\",\"datePublished\":\"2023-11-11T19:44:22+00:00\",\"dateModified\":\"2026-01-12T11:10:37+00:00\",\"breadcrumb\":{\"@id\":\"https:\/\/inzain.bike\/gir24-girona\/#breadcrumb\"},\"inLanguage\":\"da-DK\",\"potentialAction\":[{\"@type\":\"ReadAction\",\"target\":[\"https:\/\/inzain.bike\/gir24-girona\/\"]}]},{\"@type\":\"ImageObject\",\"inLanguage\":\"da-DK\",\"@id\":\"https:\/\/inzain.bike\/gir24-girona\/#primaryimage\",\"url\":\"https:\/\/inzain.bike\/wp-content\/uploads\/2023\/11\/344287960_920088915984556_5814484605622838402_n-768x1024.jpg\",\"contentUrl\":\"https:\/\/inzain.bike\/wp-content\/uploads\/2023\/11\/344287960_920088915984556_5814484605622838402_n-768x1024.jpg\"},{\"@type\":\"BreadcrumbList\",\"@id\":\"https:\/\/inzain.bike\/gir24-girona\/#breadcrumb\",\"itemListElement\":[{\"@type\":\"ListItem\",\"position\":1,\"name\":\"Hem\",\"item\":\"https:\/\/inzain.bike\/fr_be\/\"},{\"@type\":\"ListItem\",\"position\":2,\"name\":\"Om Girona\"}]},{\"@type\":\"WebSite\",\"@id\":\"https:\/\/inzain.bike\/fr_be\/#website\",\"url\":\"https:\/\/inzain.bike\/fr_be\/\",\"name\":\"INZAIN Cycling EXPERIENCES\",\"description\":\"Cyckling Adventures  - for everyone\",\"publisher\":{\"@id\":\"https:\/\/inzain.bike\/fr_be\/#organization\"},\"alternateName\":\"INZAIN Gravel & Travel\",\"potentialAction\":[{\"@type\":\"SearchAction\",\"target\":{\"@type\":\"EntryPoint\",\"urlTemplate\":\"https:\/\/inzain.bike\/fr_be\/?s={search_term_string}\"},\"query-input\":{\"@type\":\"PropertyValueSpecification\",\"valueRequired\":true,\"valueName\":\"search_term_string\"}}],\"inLanguage\":\"da-DK\"},{\"@type\":\"Organization\",\"@id\":\"https:\/\/inzain.bike\/fr_be\/#organization\",\"name\":\"INZAIN Cycling EXPERIENCES\",\"url\":\"https:\/\/inzain.bike\/fr_be\/\",\"logo\":{\"@type\":\"ImageObject\",\"inLanguage\":\"da-DK\",\"@id\":\"https:\/\/inzain.bike\/fr_be\/#\/schema\/logo\/image\/\",\"url\":\"https:\/\/i0.wp.com\/inzain.bike\/wp-content\/uploads\/2023\/09\/cropped-INZAIN_512x512_white.png?fit=512%2C512&ssl=1\",\"contentUrl\":\"https:\/\/i0.wp.com\/inzain.bike\/wp-content\/uploads\/2023\/09\/cropped-INZAIN_512x512_white.png?fit=512%2C512&ssl=1\",\"width\":512,\"height\":512,\"caption\":\"INZAIN Cycling EXPERIENCES\"},\"image\":{\"@id\":\"https:\/\/inzain.bike\/fr_be\/#\/schema\/logo\/image\/\"},\"sameAs\":[\"https:\/\/www.facebook.com\/Inzain.bike\",\"https:\/\/www.instagram.com\/inzainbike\"]}]}<\/script>\n<!-- \/ Yoast SEO plugin. -->","yoast_head_json":{"title":"Om Girona - INZAIN Cykeloplevelser","robots":{"index":"index","follow":"follow","max-snippet":"max-snippet:-1","max-image-preview":"max-image-preview:large","max-video-preview":"max-video-preview:-1"},"canonical":"https:\/\/inzain.bike\/da\/gir24-girona\/","og_locale":"da_DK","og_type":"article","og_title":"Om Girona - INZAIN Cycling EXPERIENCES","og_description":"Girona ligger vid en flod nio mil norr om Barcelona och \u00e4r ett lugnt resm\u00e5l med en medeltida stadsk\u00e4rna. H\u00e4r f\u00e5r du smala gr\u00e4nder, mysiga restauranger och arabiska bad. Missa inte den m\u00e4ktiga katedralen som har stadens b\u00e4sta utsikt. Om du gillar Game of Thrones s\u00e5 finns den ber\u00f6mda trappan h\u00e4r. Den majest\u00e4tiska barockkatedralen Santa [&hellip;]","og_url":"https:\/\/inzain.bike\/da\/gir24-girona\/","og_site_name":"INZAIN Cycling EXPERIENCES","article_publisher":"https:\/\/www.facebook.com\/Inzain.bike","article_modified_time":"2026-01-12T11:10:37+00:00","og_image":[{"width":1920,"height":2560,"url":"https:\/\/inzain.bike\/wp-content\/uploads\/2023\/11\/344287960_920088915984556_5814484605622838402_n-scaled.jpg","type":"image\/jpeg"}],"twitter_card":"summary_large_image","twitter_misc":{"Estimeret l\u00e6setid":"2 minutter"},"schema":{"@context":"https:\/\/schema.org","@graph":[{"@type":"WebPage","@id":"https:\/\/inzain.bike\/gir24-girona\/","url":"https:\/\/inzain.bike\/gir24-girona\/","name":"Om Girona - INZAIN Cykeloplevelser","isPartOf":{"@id":"https:\/\/inzain.bike\/fr_be\/#website"},"primaryImageOfPage":{"@id":"https:\/\/inzain.bike\/gir24-girona\/#primaryimage"},"image":{"@id":"https:\/\/inzain.bike\/gir24-girona\/#primaryimage"},"thumbnailUrl":"https:\/\/inzain.bike\/wp-content\/uploads\/2023\/11\/344287960_920088915984556_5814484605622838402_n-768x1024.jpg","datePublished":"2023-11-11T19:44:22+00:00","dateModified":"2026-01-12T11:10:37+00:00","breadcrumb":{"@id":"https:\/\/inzain.bike\/gir24-girona\/#breadcrumb"},"inLanguage":"da-DK","potentialAction":[{"@type":"ReadAction","target":["https:\/\/inzain.bike\/gir24-girona\/"]}]},{"@type":"ImageObject","inLanguage":"da-DK","@id":"https:\/\/inzain.bike\/gir24-girona\/#primaryimage","url":"https:\/\/inzain.bike\/wp-content\/uploads\/2023\/11\/344287960_920088915984556_5814484605622838402_n-768x1024.jpg","contentUrl":"https:\/\/inzain.bike\/wp-content\/uploads\/2023\/11\/344287960_920088915984556_5814484605622838402_n-768x1024.jpg"},{"@type":"BreadcrumbList","@id":"https:\/\/inzain.bike\/gir24-girona\/#breadcrumb","itemListElement":[{"@type":"ListItem","position":1,"name":"Hem","item":"https:\/\/inzain.bike\/fr_be\/"},{"@type":"ListItem","position":2,"name":"Om Girona"}]},{"@type":"WebSite","@id":"https:\/\/inzain.bike\/fr_be\/#website","url":"https:\/\/inzain.bike\/fr_be\/","name":"INZAIN CykelOPLEVELSER","description":"Cykeleventyr - for alle","publisher":{"@id":"https:\/\/inzain.bike\/fr_be\/#organization"},"alternateName":"INZAIN Gravel & Travel","potentialAction":[{"@type":"SearchAction","target":{"@type":"EntryPoint","urlTemplate":"https:\/\/inzain.bike\/fr_be\/?s={search_term_string}"},"query-input":{"@type":"PropertyValueSpecification","valueRequired":true,"valueName":"search_term_string"}}],"inLanguage":"da-DK"},{"@type":"Organization","@id":"https:\/\/inzain.bike\/fr_be\/#organization","name":"INZAIN CykelOPLEVELSER","url":"https:\/\/inzain.bike\/fr_be\/","logo":{"@type":"ImageObject","inLanguage":"da-DK","@id":"https:\/\/inzain.bike\/fr_be\/#\/schema\/logo\/image\/","url":"https:\/\/i0.wp.com\/inzain.bike\/wp-content\/uploads\/2023\/09\/cropped-INZAIN_512x512_white.png?fit=512%2C512&ssl=1","contentUrl":"https:\/\/i0.wp.com\/inzain.bike\/wp-content\/uploads\/2023\/09\/cropped-INZAIN_512x512_white.png?fit=512%2C512&ssl=1","width":512,"height":512,"caption":"INZAIN Cycling EXPERIENCES"},"image":{"@id":"https:\/\/inzain.bike\/fr_be\/#\/schema\/logo\/image\/"},"sameAs":["https:\/\/www.facebook.com\/Inzain.bike","https:\/\/www.instagram.com\/inzainbike"]}]}},"amp_enabled":true,"_links":{"self":[{"href":"https:\/\/inzain.bike\/da\/wp-json\/wp\/v2\/pages\/5141","targetHints":{"allow":["GET"]}}],"collection":[{"href":"https:\/\/inzain.bike\/da\/wp-json\/wp\/v2\/pages"}],"about":[{"href":"https:\/\/inzain.bike\/da\/wp-json\/wp\/v2\/types\/page"}],"author":[{"embeddable":true,"href":"https:\/\/inzain.bike\/da\/wp-json\/wp\/v2\/users\/135133094"}],"replies":[{"embeddable":true,"href":"https:\/\/inzain.bike\/da\/wp-json\/wp\/v2\/comments?post=5141"}],"version-history":[{"count":1,"href":"https:\/\/inzain.bike\/da\/wp-json\/wp\/v2\/pages\/5141\/revisions"}],"predecessor-version":[{"id":9055,"href":"https:\/\/inzain.bike\/da\/wp-json\/wp\/v2\/pages\/5141\/revisions\/9055"}],"wp:attachment":[{"href":"https:\/\/inzain.bike\/da\/wp-json\/wp\/v2\/media?parent=5141"}],"curies":[{"name":"wp","href":"https:\/\/api.w.org\/{rel}","templated":true}]}}