{"id":5144,"date":"2023-11-11T20:47:14","date_gmt":"2023-11-11T19:47:14","guid":{"rendered":"https:\/\/inzain.bike\/?page_id=5144"},"modified":"2026-01-12T12:13:18","modified_gmt":"2026-01-12T11:13:18","slug":"gir24-aktiviteter","status":"publish","type":"page","link":"https:\/\/inzain.bike\/da\/gir24-aktiviteter\/","title":{"rendered":"Girona aktiviteter"},"content":{"rendered":"<div class=\"wp-block-columns alignwide is-layout-flex wp-container-core-columns-is-layout-28f84493 wp-block-columns-is-layout-flex\">\n<div class=\"wp-block-column is-layout-flow wp-block-column-is-layout-flow\">\n<p class=\"has-roboto-font-family has-custom-font\" style=\"font-family:Roboto\">P\u00e5 vores hviledag er der flere valgmuligheder. M\u00e5ske vil du bare tage det roligt, udforske Girona, drikke noget god kaffe og hvile dig. Hvis du har lyst til en udflugt, hvorfor s\u00e5 ikke pr\u00f8ve en af disse.<\/p>\n\n\n\n<div class=\"wp-block-columns is-layout-flex wp-container-core-columns-is-layout-28f84493 wp-block-columns-is-layout-flex\">\n<div class=\"wp-block-column is-layout-flow wp-block-column-is-layout-flow\">\n<figure class=\"wp-block-image size-large\"><img loading=\"lazy\" decoding=\"async\" width=\"791\" height=\"1024\" src=\"https:\/\/inzain.bike\/wp-content\/uploads\/2023\/11\/pexels-spolyakov-16762185-791x1024.jpg\" alt=\"\" class=\"wp-image-5330\" srcset=\"https:\/\/inzain.bike\/wp-content\/uploads\/2023\/11\/pexels-spolyakov-16762185-791x1024.jpg 791w, https:\/\/inzain.bike\/wp-content\/uploads\/2023\/11\/pexels-spolyakov-16762185-232x300.jpg 232w, https:\/\/inzain.bike\/wp-content\/uploads\/2023\/11\/pexels-spolyakov-16762185-768x994.jpg 768w, https:\/\/inzain.bike\/wp-content\/uploads\/2023\/11\/pexels-spolyakov-16762185-1187x1536.jpg 1187w, https:\/\/inzain.bike\/wp-content\/uploads\/2023\/11\/pexels-spolyakov-16762185-1582x2048.jpg 1582w, https:\/\/inzain.bike\/wp-content\/uploads\/2023\/11\/pexels-spolyakov-16762185-9x12.jpg 9w, https:\/\/inzain.bike\/wp-content\/uploads\/2023\/11\/pexels-spolyakov-16762185-1320x1708.jpg 1320w, https:\/\/inzain.bike\/wp-content\/uploads\/2023\/11\/pexels-spolyakov-16762185-600x777.jpg 600w, https:\/\/inzain.bike\/wp-content\/uploads\/2023\/11\/pexels-spolyakov-16762185-scaled.jpg 1978w\" sizes=\"auto, (max-width: 791px) 100vw, 791px\" \/><figcaption class=\"wp-element-caption\">\u2013<\/figcaption><\/figure>\n<\/div>\n\n\n\n<div class=\"wp-block-column is-layout-flow wp-block-column-is-layout-flow\">\n<p><strong>Bes\u00f8g Barcelona<\/strong><br><br>Middelhavsbyen Barcelona er klemt inde mellem bjerge og hav og byder p\u00e5 b\u00e5de en lille by-stemning og en storbypuls. De 1,6 millioner indbyggere arbejder h\u00e5rdt og nyder livet lige s\u00e5 intenst. I alle stadier af sin egen historie har byen v\u00e6ret i centrum for begivenhederne, og g\u00f8r det fortsat den dag i dag som et internationalt elsket turistparadis.<\/p>\n\n\n\n<p>Barcelona er kendt for kunstneriske mesterv\u00e6rker s\u00e5som Sagrada Fam\u00edlia og Park G\u00fcell, samt dets mange strande, Camp Nou fodboldstadion og frodige parker. Hvad du pr\u00e6cis skal lave i Barcelona afh\u00e6nger af dine interesser<\/p>\n\n\n\n<p>Barcelona er ogs\u00e5 kendt for at have v\u00e6ret v\u00e6rt for sommer-OL 1992, noget der var meget vigtigt for byen. I forbindelse med afholdelsen af De Olympiske Lege begyndte ledelsen af byen at istands\u00e6tte nogle nedslidte omr\u00e5der, infrastrukturen blev forbedret flere steder og generelt steg levestandarden markant. Alt dette var medvirkende til, at Barcelona investerede flere penge i turisme, og det gjorde Barcelona til en af de mest bes\u00f8gte byer i Europa p\u00e5 niveau med Paris, Madrid, London og lignende.<br><br>Det er nemt at komme dertil med hurtigtog p\u00e5 under 40 minutter<br><br><br><\/p>\n<\/div>\n<\/div>\n<\/div>\n<\/div>\n\n\n\n<div class=\"wp-block-columns alignwide is-layout-flex wp-container-core-columns-is-layout-28f84493 wp-block-columns-is-layout-flex\">\n<div class=\"wp-block-column is-layout-flow wp-block-column-is-layout-flow\">\n<p><strong>Salvador Dali-museet i Figueres<\/strong><br><br>Salvador Dali var et geni. Et bes\u00f8g p\u00e5 dette helt storsl\u00e5ede museum er et must. Du vil ikke fortryde det.<\/p>\n\n\n\n<p>Salvador Dal\u00eds museum, kendt som Teatre-Museu Dal\u00ed, ligger i Figueres, Spanien, og er en stor attraktion for b\u00e5de kunstelskere og turister. Her er nogle vigtige punkter om museet:<br>Historie og arkitektur<br>\u2022 Grundl\u00e6ggelse: Museet \u00e5bnede i 1974 og er bygget p\u00e5 stedet for det gamle teater i Figueres, hvor Dal\u00ed selv havde sine f\u00f8rste kunstneriske optr\u00e6dener.<br>\u2022 Arkitektur: Museet er en unik blanding af surrealisme og moderne arkitektur. Det er kendetegnet ved sit flamboyante design, herunder de velkendte \u00e6ggeformede kupler p\u00e5 taget.<br>Udstillinger<br>\u2022 Dal\u00eds v\u00e6rker: Teatre-Museu huser den st\u00f8rste samling af Dal\u00eds v\u00e6rker, herunder malerier, skulpturer, tegninger og kunstv\u00e6rker fra forskellige perioder af hans liv. V\u00e6rkerne omfatter ber\u00f8mte malerier som \u201cLa persistent de la m\u00e9moire\u201d (Erindringens vedholdenhed).<br>\u2022 Interaktive oplevelser: Museet tilbyder ogs\u00e5 interaktive udstillinger og oplevelser, der inviterer bes\u00f8gende til at udforske Dalis unikke stil og hans fascination af dr\u00f8mme og underbevidstheden.<br>Dal\u00eds liv og arv<br>\u2022 Personligt pr\u00e6g: Mange af udstillingerne giver indblik i Dal\u00eds liv og personlighed og skaber en dybere forst\u00e5else af hans kunstv\u00e6rker og hans kreative proces.<br>\u2022 Skulpturer og installationer: Udover malerier er der ogs\u00e5 mange skulpturer og installationer, hvilket g\u00f8r museet til en alsidig kunstoplevelse.<br>Bes\u00f8gendes information<br>\u2022 \u00c5bningstider: Museet er \u00e5bent \u00e5ret rundt, med visse variationer i ferier, s\u00e5 det er altid bedst at tjekke de aktuelle \u00e5bningstider, inden du planl\u00e6gger dit bes\u00f8g.<br>\u2022 Billetter: Det anbefales at bestille billetter p\u00e5 forh\u00e5nd, is\u00e6r i h\u00f8js\u00e6sonen, for at undg\u00e5 lange k\u00f8er.<\/p>\n\n\n\n<p><br><\/p>\n<\/div>\n\n\n\n<div class=\"wp-block-column is-layout-flow wp-block-column-is-layout-flow\">\n<div class=\"wp-block-jetpack-tiled-gallery aligncenter is-style-rectangular\"><div class=\"tiled-gallery__gallery\"><div class=\"tiled-gallery__row\"><div class=\"tiled-gallery__col\" style=\"flex-basis:22.83568%\"><figure class=\"tiled-gallery__item\"><img decoding=\"async\" alt=\"\" data-height=\"3988\" data-id=\"5336\" data-link=\"https:\/\/inzain.bike\/gir24-aktiviteter\/20230511_105007-1\/\" data-url=\"https:\/\/inzain.bike\/wp-content\/uploads\/2023\/11\/20230511_105007-1-767x1024.jpg\" data-width=\"2989\" src=\"https:\/\/i0.wp.com\/inzain.bike\/wp-content\/uploads\/2023\/11\/20230511_105007-1-767x1024.jpg?ssl=1\" data-amp-layout=\"responsive\"\/><\/figure><\/div><div class=\"tiled-gallery__col\" style=\"flex-basis:22.09321%\"><figure class=\"tiled-gallery__item\"><img decoding=\"async\" alt=\"\" data-height=\"4000\" data-id=\"5337\" data-link=\"https:\/\/inzain.bike\/gir24-aktiviteter\/20230511_121648\/\" data-url=\"https:\/\/inzain.bike\/wp-content\/uploads\/2023\/11\/20230511_121648-742x1024.jpg\" data-width=\"2900\" src=\"https:\/\/i0.wp.com\/inzain.bike\/wp-content\/uploads\/2023\/11\/20230511_121648-742x1024.jpg?ssl=1\" data-amp-layout=\"responsive\"\/><\/figure><\/div><div class=\"tiled-gallery__col\" style=\"flex-basis:27.31497%\"><figure class=\"tiled-gallery__item\"><img decoding=\"async\" alt=\"\" data-height=\"3145\" data-id=\"5338\" data-link=\"https:\/\/inzain.bike\/gir24-aktiviteter\/20230511_122810-2\/\" data-url=\"https:\/\/inzain.bike\/wp-content\/uploads\/2023\/11\/20230511_122810-919x1024.jpg\" data-width=\"2822\" src=\"https:\/\/i2.wp.com\/inzain.bike\/wp-content\/uploads\/2023\/11\/20230511_122810-919x1024.jpg?ssl=1\" data-amp-layout=\"responsive\"\/><\/figure><\/div><div class=\"tiled-gallery__col\" style=\"flex-basis:27.75614%\"><figure class=\"tiled-gallery__item\"><img decoding=\"async\" alt=\"\" data-height=\"3290\" data-id=\"5339\" data-link=\"https:\/\/inzain.bike\/gir24-aktiviteter\/20230511_123748\/\" data-url=\"https:\/\/inzain.bike\/wp-content\/uploads\/2023\/11\/20230511_123748-934x1024.jpg\" data-width=\"3000\" src=\"https:\/\/i0.wp.com\/inzain.bike\/wp-content\/uploads\/2023\/11\/20230511_123748-934x1024.jpg?ssl=1\" data-amp-layout=\"responsive\"\/><\/figure><\/div><\/div><div class=\"tiled-gallery__row\"><div class=\"tiled-gallery__col\" style=\"flex-basis:31.25821%\"><figure class=\"tiled-gallery__item\"><img decoding=\"async\" alt=\"\" data-height=\"2805\" data-id=\"5340\" data-link=\"https:\/\/inzain.bike\/gir24-aktiviteter\/20230511_124244-2\/\" data-url=\"https:\/\/inzain.bike\/wp-content\/uploads\/2023\/11\/20230511_124244-534x1024.jpg\" data-width=\"1464\" src=\"https:\/\/i2.wp.com\/inzain.bike\/wp-content\/uploads\/2023\/11\/20230511_124244-534x1024.jpg?ssl=1\" data-amp-layout=\"responsive\"\/><\/figure><\/div><div class=\"tiled-gallery__col\" style=\"flex-basis:68.74179%\"><figure class=\"tiled-gallery__item\"><img decoding=\"async\" alt=\"\" data-height=\"2263\" data-id=\"5341\" data-link=\"https:\/\/inzain.bike\/gir24-aktiviteter\/20230511_124615\/\" data-url=\"https:\/\/inzain.bike\/wp-content\/uploads\/2023\/11\/20230511_124615-1024x890.jpg\" data-width=\"2603\" src=\"https:\/\/i2.wp.com\/inzain.bike\/wp-content\/uploads\/2023\/11\/20230511_124615-1024x890.jpg?ssl=1\" data-amp-layout=\"responsive\"\/><\/figure><\/div><\/div><\/div><\/div>\n<\/div>\n<\/div>\n\n\n\n<div class=\"wp-block-columns alignwide is-layout-flex wp-container-core-columns-is-layout-28f84493 wp-block-columns-is-layout-flex\">\n<div class=\"wp-block-column is-layout-flow wp-block-column-is-layout-flow\">\n<figure class=\"wp-block-image size-full\"><img loading=\"lazy\" decoding=\"async\" width=\"1024\" height=\"479\" src=\"https:\/\/inzain.bike\/wp-content\/uploads\/2023\/11\/Torre-del-Mar-2-1024x479-1.jpg\" alt=\"\" class=\"wp-image-5347\" srcset=\"https:\/\/inzain.bike\/wp-content\/uploads\/2023\/11\/Torre-del-Mar-2-1024x479-1.jpg 1024w, https:\/\/inzain.bike\/wp-content\/uploads\/2023\/11\/Torre-del-Mar-2-1024x479-1-300x140.jpg 300w, https:\/\/inzain.bike\/wp-content\/uploads\/2023\/11\/Torre-del-Mar-2-1024x479-1-768x359.jpg 768w, https:\/\/inzain.bike\/wp-content\/uploads\/2023\/11\/Torre-del-Mar-2-1024x479-1-18x8.jpg 18w, https:\/\/inzain.bike\/wp-content\/uploads\/2023\/11\/Torre-del-Mar-2-1024x479-1-600x281.jpg 600w\" sizes=\"auto, (max-width: 1024px) 100vw, 1024px\" \/><\/figure>\n<\/div>\n\n\n\n<div class=\"wp-block-column is-layout-flow wp-block-column-is-layout-flow\">\n<p><strong>Torre del Mar<\/strong><br>Udsigten fra Torre del Mar, der ligger mellem Middelhavet og bjergene i Sierra Nevada, er imponerende. I mods\u00e6tning til andre dele af Costa del Sol har Torre del Mar stort set form\u00e5et at bevare den autentiske spanske atmosf\u00e6re p\u00e5 trods af stigningen i turismen. Den lange promenade er foret med klubber, fremragende fiskerestauranter og caf\u00e9er. Derudover er den brede sandstrand simpelthen fantastisk. Byen har gode sporvognsforbindelser til det smukke og charmerende Velez-Malaga, som er et bes\u00f8g v\u00e6rd.<\/p>\n\n\n\n<p><br><\/p>\n<\/div>\n<\/div>","protected":false},"excerpt":{"rendered":"<p>P\u00e5 v\u00e5r vilodag s\u00e5 finns flera val. Kanske vill man bara ta det lugnt, utforska Girona, dricka lite gott kaffe och vila. \u00c4r man sugen p\u00e5 utflykt varf\u00f6r inte prova n\u00e5gon av dessa. Bes\u00f6k Barcelona Melhavsstaden Barcelona ligger inspr\u00e4ngd mellan berg och hav, och erbjuder s\u00e5v\u00e4l sm\u00e5stadsk\u00e4nsla som storstadsmetropolisk puls. De 1,6 miljoner inv\u00e5narna jobbar [&hellip;]<\/p>\n","protected":false},"author":135133094,"featured_media":0,"parent":0,"menu_order":0,"comment_status":"closed","ping_status":"closed","template":"","meta":{"_coblocks_attr":"Roboto","_coblocks_dimensions":"","_coblocks_responsive_height":"","_coblocks_accordion_ie_support":"","footnotes":""},"class_list":["post-5144","page","type-page","status-publish","hentry"],"yoast_head":"<!-- This site is optimized with the Yoast SEO plugin v27.2 - https:\/\/yoast.com\/product\/yoast-seo-wordpress\/ -->\n<title>Girona Aktiviteter - INZAIN Cycling EXPERIENCES<\/title>\n<meta name=\"robots\" content=\"index, follow, max-snippet:-1, max-image-preview:large, max-video-preview:-1\" \/>\n<link rel=\"canonical\" href=\"https:\/\/inzain.bike\/da\/gir24-aktiviteter\/\" \/>\n<meta property=\"og:locale\" content=\"da_DK\" \/>\n<meta property=\"og:type\" content=\"article\" \/>\n<meta property=\"og:title\" content=\"Girona Aktiviteter - INZAIN Cycling EXPERIENCES\" \/>\n<meta property=\"og:description\" content=\"P\u00e5 v\u00e5r vilodag s\u00e5 finns flera val. Kanske vill man bara ta det lugnt, utforska Girona, dricka lite gott kaffe och vila. \u00c4r man sugen p\u00e5 utflykt varf\u00f6r inte prova n\u00e5gon av dessa. Bes\u00f6k Barcelona Melhavsstaden Barcelona ligger inspr\u00e4ngd mellan berg och hav, och erbjuder s\u00e5v\u00e4l sm\u00e5stadsk\u00e4nsla som storstadsmetropolisk puls. De 1,6 miljoner inv\u00e5narna jobbar [&hellip;]\" \/>\n<meta property=\"og:url\" content=\"https:\/\/inzain.bike\/da\/gir24-aktiviteter\/\" \/>\n<meta property=\"og:site_name\" content=\"INZAIN Cycling EXPERIENCES\" \/>\n<meta property=\"article:publisher\" content=\"https:\/\/www.facebook.com\/Inzain.bike\" \/>\n<meta property=\"article:modified_time\" content=\"2026-01-12T11:13:18+00:00\" \/>\n<meta property=\"og:image\" content=\"https:\/\/inzain.bike\/wp-content\/uploads\/2023\/11\/pexels-spolyakov-16762185-scaled.jpg\" \/>\n\t<meta property=\"og:image:width\" content=\"1978\" \/>\n\t<meta property=\"og:image:height\" content=\"2560\" \/>\n\t<meta property=\"og:image:type\" content=\"image\/jpeg\" \/>\n<meta name=\"twitter:card\" content=\"summary_large_image\" \/>\n<meta name=\"twitter:label1\" content=\"Estimeret l\u00e6setid\" \/>\n\t<meta name=\"twitter:data1\" content=\"5 minutter\" \/>\n<script type=\"application\/ld+json\" class=\"yoast-schema-graph\">{\"@context\":\"https:\/\/schema.org\",\"@graph\":[{\"@type\":\"WebPage\",\"@id\":\"https:\/\/inzain.bike\/gir24-aktiviteter\/\",\"url\":\"https:\/\/inzain.bike\/gir24-aktiviteter\/\",\"name\":\"Girona Aktiviteter - INZAIN Cycling EXPERIENCES\",\"isPartOf\":{\"@id\":\"https:\/\/inzain.bike\/fr_be\/#website\"},\"primaryImageOfPage\":{\"@id\":\"https:\/\/inzain.bike\/gir24-aktiviteter\/#primaryimage\"},\"image\":{\"@id\":\"https:\/\/inzain.bike\/gir24-aktiviteter\/#primaryimage\"},\"thumbnailUrl\":\"https:\/\/inzain.bike\/wp-content\/uploads\/2023\/11\/pexels-spolyakov-16762185-791x1024.jpg\",\"datePublished\":\"2023-11-11T19:47:14+00:00\",\"dateModified\":\"2026-01-12T11:13:18+00:00\",\"breadcrumb\":{\"@id\":\"https:\/\/inzain.bike\/gir24-aktiviteter\/#breadcrumb\"},\"inLanguage\":\"da-DK\",\"potentialAction\":[{\"@type\":\"ReadAction\",\"target\":[\"https:\/\/inzain.bike\/gir24-aktiviteter\/\"]}]},{\"@type\":\"ImageObject\",\"inLanguage\":\"da-DK\",\"@id\":\"https:\/\/inzain.bike\/gir24-aktiviteter\/#primaryimage\",\"url\":\"https:\/\/inzain.bike\/wp-content\/uploads\/2023\/11\/pexels-spolyakov-16762185-791x1024.jpg\",\"contentUrl\":\"https:\/\/inzain.bike\/wp-content\/uploads\/2023\/11\/pexels-spolyakov-16762185-791x1024.jpg\"},{\"@type\":\"BreadcrumbList\",\"@id\":\"https:\/\/inzain.bike\/gir24-aktiviteter\/#breadcrumb\",\"itemListElement\":[{\"@type\":\"ListItem\",\"position\":1,\"name\":\"Hem\",\"item\":\"https:\/\/inzain.bike\/fr_be\/\"},{\"@type\":\"ListItem\",\"position\":2,\"name\":\"Girona Aktiviteter\"}]},{\"@type\":\"WebSite\",\"@id\":\"https:\/\/inzain.bike\/fr_be\/#website\",\"url\":\"https:\/\/inzain.bike\/fr_be\/\",\"name\":\"INZAIN Cycling EXPERIENCES\",\"description\":\"Cyckling Adventures  - for everyone\",\"publisher\":{\"@id\":\"https:\/\/inzain.bike\/fr_be\/#organization\"},\"alternateName\":\"INZAIN Gravel & Travel\",\"potentialAction\":[{\"@type\":\"SearchAction\",\"target\":{\"@type\":\"EntryPoint\",\"urlTemplate\":\"https:\/\/inzain.bike\/fr_be\/?s={search_term_string}\"},\"query-input\":{\"@type\":\"PropertyValueSpecification\",\"valueRequired\":true,\"valueName\":\"search_term_string\"}}],\"inLanguage\":\"da-DK\"},{\"@type\":\"Organization\",\"@id\":\"https:\/\/inzain.bike\/fr_be\/#organization\",\"name\":\"INZAIN Cycling EXPERIENCES\",\"url\":\"https:\/\/inzain.bike\/fr_be\/\",\"logo\":{\"@type\":\"ImageObject\",\"inLanguage\":\"da-DK\",\"@id\":\"https:\/\/inzain.bike\/fr_be\/#\/schema\/logo\/image\/\",\"url\":\"https:\/\/i0.wp.com\/inzain.bike\/wp-content\/uploads\/2023\/09\/cropped-INZAIN_512x512_white.png?fit=512%2C512&ssl=1\",\"contentUrl\":\"https:\/\/i0.wp.com\/inzain.bike\/wp-content\/uploads\/2023\/09\/cropped-INZAIN_512x512_white.png?fit=512%2C512&ssl=1\",\"width\":512,\"height\":512,\"caption\":\"INZAIN Cycling EXPERIENCES\"},\"image\":{\"@id\":\"https:\/\/inzain.bike\/fr_be\/#\/schema\/logo\/image\/\"},\"sameAs\":[\"https:\/\/www.facebook.com\/Inzain.bike\",\"https:\/\/www.instagram.com\/inzainbike\"]}]}<\/script>\n<!-- \/ Yoast SEO plugin. -->","yoast_head_json":{"title":"Aktiviteter i Girona - INZAIN Cykeloplevelser","robots":{"index":"index","follow":"follow","max-snippet":"max-snippet:-1","max-image-preview":"max-image-preview:large","max-video-preview":"max-video-preview:-1"},"canonical":"https:\/\/inzain.bike\/da\/gir24-aktiviteter\/","og_locale":"da_DK","og_type":"article","og_title":"Girona Aktiviteter - INZAIN Cycling EXPERIENCES","og_description":"P\u00e5 v\u00e5r vilodag s\u00e5 finns flera val. Kanske vill man bara ta det lugnt, utforska Girona, dricka lite gott kaffe och vila. \u00c4r man sugen p\u00e5 utflykt varf\u00f6r inte prova n\u00e5gon av dessa. Bes\u00f6k Barcelona Melhavsstaden Barcelona ligger inspr\u00e4ngd mellan berg och hav, och erbjuder s\u00e5v\u00e4l sm\u00e5stadsk\u00e4nsla som storstadsmetropolisk puls. De 1,6 miljoner inv\u00e5narna jobbar [&hellip;]","og_url":"https:\/\/inzain.bike\/da\/gir24-aktiviteter\/","og_site_name":"INZAIN Cycling EXPERIENCES","article_publisher":"https:\/\/www.facebook.com\/Inzain.bike","article_modified_time":"2026-01-12T11:13:18+00:00","og_image":[{"width":1978,"height":2560,"url":"https:\/\/inzain.bike\/wp-content\/uploads\/2023\/11\/pexels-spolyakov-16762185-scaled.jpg","type":"image\/jpeg"}],"twitter_card":"summary_large_image","twitter_misc":{"Estimeret l\u00e6setid":"5 minutter"},"schema":{"@context":"https:\/\/schema.org","@graph":[{"@type":"WebPage","@id":"https:\/\/inzain.bike\/gir24-aktiviteter\/","url":"https:\/\/inzain.bike\/gir24-aktiviteter\/","name":"Aktiviteter i Girona - INZAIN Cykeloplevelser","isPartOf":{"@id":"https:\/\/inzain.bike\/fr_be\/#website"},"primaryImageOfPage":{"@id":"https:\/\/inzain.bike\/gir24-aktiviteter\/#primaryimage"},"image":{"@id":"https:\/\/inzain.bike\/gir24-aktiviteter\/#primaryimage"},"thumbnailUrl":"https:\/\/inzain.bike\/wp-content\/uploads\/2023\/11\/pexels-spolyakov-16762185-791x1024.jpg","datePublished":"2023-11-11T19:47:14+00:00","dateModified":"2026-01-12T11:13:18+00:00","breadcrumb":{"@id":"https:\/\/inzain.bike\/gir24-aktiviteter\/#breadcrumb"},"inLanguage":"da-DK","potentialAction":[{"@type":"ReadAction","target":["https:\/\/inzain.bike\/gir24-aktiviteter\/"]}]},{"@type":"ImageObject","inLanguage":"da-DK","@id":"https:\/\/inzain.bike\/gir24-aktiviteter\/#primaryimage","url":"https:\/\/inzain.bike\/wp-content\/uploads\/2023\/11\/pexels-spolyakov-16762185-791x1024.jpg","contentUrl":"https:\/\/inzain.bike\/wp-content\/uploads\/2023\/11\/pexels-spolyakov-16762185-791x1024.jpg"},{"@type":"BreadcrumbList","@id":"https:\/\/inzain.bike\/gir24-aktiviteter\/#breadcrumb","itemListElement":[{"@type":"ListItem","position":1,"name":"Hem","item":"https:\/\/inzain.bike\/fr_be\/"},{"@type":"ListItem","position":2,"name":"Girona Aktiviteter"}]},{"@type":"WebSite","@id":"https:\/\/inzain.bike\/fr_be\/#website","url":"https:\/\/inzain.bike\/fr_be\/","name":"INZAIN CykelOPLEVELSER","description":"Cykeleventyr - for alle","publisher":{"@id":"https:\/\/inzain.bike\/fr_be\/#organization"},"alternateName":"INZAIN Gravel & Travel","potentialAction":[{"@type":"SearchAction","target":{"@type":"EntryPoint","urlTemplate":"https:\/\/inzain.bike\/fr_be\/?s={search_term_string}"},"query-input":{"@type":"PropertyValueSpecification","valueRequired":true,"valueName":"search_term_string"}}],"inLanguage":"da-DK"},{"@type":"Organization","@id":"https:\/\/inzain.bike\/fr_be\/#organization","name":"INZAIN CykelOPLEVELSER","url":"https:\/\/inzain.bike\/fr_be\/","logo":{"@type":"ImageObject","inLanguage":"da-DK","@id":"https:\/\/inzain.bike\/fr_be\/#\/schema\/logo\/image\/","url":"https:\/\/i0.wp.com\/inzain.bike\/wp-content\/uploads\/2023\/09\/cropped-INZAIN_512x512_white.png?fit=512%2C512&ssl=1","contentUrl":"https:\/\/i0.wp.com\/inzain.bike\/wp-content\/uploads\/2023\/09\/cropped-INZAIN_512x512_white.png?fit=512%2C512&ssl=1","width":512,"height":512,"caption":"INZAIN Cycling EXPERIENCES"},"image":{"@id":"https:\/\/inzain.bike\/fr_be\/#\/schema\/logo\/image\/"},"sameAs":["https:\/\/www.facebook.com\/Inzain.bike","https:\/\/www.instagram.com\/inzainbike"]}]}},"amp_enabled":true,"_links":{"self":[{"href":"https:\/\/inzain.bike\/da\/wp-json\/wp\/v2\/pages\/5144","targetHints":{"allow":["GET"]}}],"collection":[{"href":"https:\/\/inzain.bike\/da\/wp-json\/wp\/v2\/pages"}],"about":[{"href":"https:\/\/inzain.bike\/da\/wp-json\/wp\/v2\/types\/page"}],"author":[{"embeddable":true,"href":"https:\/\/inzain.bike\/da\/wp-json\/wp\/v2\/users\/135133094"}],"replies":[{"embeddable":true,"href":"https:\/\/inzain.bike\/da\/wp-json\/wp\/v2\/comments?post=5144"}],"version-history":[{"count":1,"href":"https:\/\/inzain.bike\/da\/wp-json\/wp\/v2\/pages\/5144\/revisions"}],"predecessor-version":[{"id":9057,"href":"https:\/\/inzain.bike\/da\/wp-json\/wp\/v2\/pages\/5144\/revisions\/9057"}],"wp:attachment":[{"href":"https:\/\/inzain.bike\/da\/wp-json\/wp\/v2\/media?parent=5144"}],"curies":[{"name":"wp","href":"https:\/\/api.w.org\/{rel}","templated":true}]}}