{"id":5808,"date":"2023-11-22T19:14:43","date_gmt":"2023-11-22T18:14:43","guid":{"rendered":"https:\/\/inzain.bike\/?page_id=5808"},"modified":"2025-03-17T16:13:49","modified_gmt":"2025-03-17T15:13:49","slug":"sor25-cykling","status":"publish","type":"page","link":"https:\/\/inzain.bike\/da\/sor25-cykling\/","title":{"rendered":"S\u00f6rmland Cykling"},"content":{"rendered":"<p>Velkommen til INZAIN Gravel Camp i S\u00f6rmland. Det er fjerde gang vi afvikler lejr, her i Sveriges grusmekka. Denne gang er vi midt i handlingen og bor og arbejder fra Eskilstuna.<br><br>Vores gruslejre er for alle, vil du cykle hurtigt, tage det roligt eller blande det sammen? Det g\u00e5r fantastisk. Der vil v\u00e6re ruter af forskellig l\u00e6ngde, hvoraf de fleste ogs\u00e5 kan afkortes. Vi har ogs\u00e5 et st\u00f8ttek\u00f8ret\u00f8j, hvis en cykel eller cyklist skal passes.<\/p>\n\n\n\n<p>Vi mener, at kaffe og mad er vigtigt, s\u00e5 vi kommer forbi hyggelige steder, hvor du kan f\u00e5 noget godt i maven.<br>Hvis det bliver varmt, vil st\u00f8ttek\u00f8ret\u00f8jet v\u00e6re tilg\u00e6ngeligt med ekstra vand og andre ting.<\/p>\n\n\n\n<div class=\"wp-block-columns alignwide is-layout-flex wp-container-core-columns-is-layout-28f84493 wp-block-columns-is-layout-flex\">\n<div class=\"wp-block-column is-layout-flow wp-block-column-is-layout-flow\">\n<figure class=\"wp-block-image size-large\"><img loading=\"lazy\" decoding=\"async\" width=\"990\" height=\"1024\" src=\"https:\/\/inzain.bike\/wp-content\/uploads\/2023\/11\/20220522_141723-990x1024.jpg\" alt=\"\" class=\"wp-image-5792\" srcset=\"https:\/\/inzain.bike\/wp-content\/uploads\/2023\/11\/20220522_141723-990x1024.jpg 990w, https:\/\/inzain.bike\/wp-content\/uploads\/2023\/11\/20220522_141723-290x300.jpg 290w, https:\/\/inzain.bike\/wp-content\/uploads\/2023\/11\/20220522_141723-768x794.jpg 768w, https:\/\/inzain.bike\/wp-content\/uploads\/2023\/11\/20220522_141723-1485x1536.jpg 1485w, https:\/\/inzain.bike\/wp-content\/uploads\/2023\/11\/20220522_141723-1980x2048.jpg 1980w, https:\/\/inzain.bike\/wp-content\/uploads\/2023\/11\/20220522_141723-12x12.jpg 12w, https:\/\/inzain.bike\/wp-content\/uploads\/2023\/11\/20220522_141723-1320x1365.jpg 1320w, https:\/\/inzain.bike\/wp-content\/uploads\/2023\/11\/20220522_141723-600x621.jpg 600w\" sizes=\"auto, (max-width: 990px) 100vw, 990px\" \/><\/figure>\n<\/div>\n\n\n\n<div class=\"wp-block-column is-layout-flow wp-block-column-is-layout-flow\">\n<div style=\"height:254px\" aria-hidden=\"true\" class=\"wp-block-spacer\"><\/div>\n\n\n\n<p class=\"has-roboto-font-family has-custom-font\" style=\"font-family:Roboto\">De to dage har en markant forskellig karakter, men begge er helt fantastiske ture. Vores guider s\u00f8rger for, at alle har det godt, og vi tilpasser tempoet til gruppen. Hvis det viser sig at blive det bedste, vil vi inddele i forskellige fartgrupper, men uanset fart kan vi love, at alle f\u00e5r to fantastiske dage.<\/p>\n\n\n\n<p>I god tid inden weekenden udsender vi vores ber\u00f8mte Riders Guide, et dokument, der indeholder al information om ruter, kaffe, frokost og meget, meget mere.<\/p>\n<\/div>\n<\/div>\n\n\n\n<div class=\"wp-block-columns alignwide is-layout-flex wp-container-core-columns-is-layout-28f84493 wp-block-columns-is-layout-flex\">\n<div class=\"wp-block-column is-layout-flow wp-block-column-is-layout-flow\">\n<p class=\"has-roboto-font-family has-custom-font\" style=\"font-family:Roboto;font-size:52px\">Tidsplan<\/p>\n\n\n\n<div style=\"height:65px\" aria-hidden=\"true\" class=\"wp-block-spacer\"><\/div>\n<\/div>\n<\/div>\n\n\n\n<div class=\"wp-block-columns alignwide is-layout-flex wp-container-core-columns-is-layout-28f84493 wp-block-columns-is-layout-flex\">\n<div class=\"wp-block-column is-layout-flow wp-block-column-is-layout-flow\">\n<figure class=\"wp-block-image size-large\"><img loading=\"lazy\" decoding=\"async\" width=\"768\" height=\"1024\" src=\"https:\/\/inzain.bike\/wp-content\/uploads\/2025\/03\/442445534_384192111250484_1074260929087877590_n-768x1024.jpg\" alt=\"\" class=\"wp-image-7858\" srcset=\"https:\/\/inzain.bike\/wp-content\/uploads\/2025\/03\/442445534_384192111250484_1074260929087877590_n-768x1024.jpg 768w, https:\/\/inzain.bike\/wp-content\/uploads\/2025\/03\/442445534_384192111250484_1074260929087877590_n-225x300.jpg 225w, https:\/\/inzain.bike\/wp-content\/uploads\/2025\/03\/442445534_384192111250484_1074260929087877590_n-1152x1536.jpg 1152w, https:\/\/inzain.bike\/wp-content\/uploads\/2025\/03\/442445534_384192111250484_1074260929087877590_n-9x12.jpg 9w, https:\/\/inzain.bike\/wp-content\/uploads\/2025\/03\/442445534_384192111250484_1074260929087877590_n-1320x1760.jpg 1320w, https:\/\/inzain.bike\/wp-content\/uploads\/2025\/03\/442445534_384192111250484_1074260929087877590_n-600x800.jpg 600w, https:\/\/inzain.bike\/wp-content\/uploads\/2025\/03\/442445534_384192111250484_1074260929087877590_n.jpg 1536w\" sizes=\"auto, (max-width: 768px) 100vw, 768px\" \/><\/figure>\n<\/div>\n\n\n\n<div class=\"wp-block-column is-layout-flow wp-block-column-is-layout-flow\">\n<div style=\"height:200px\" aria-hidden=\"true\" class=\"wp-block-spacer\"><\/div>\n\n\n\n<p><strong>Fredag<\/strong><br>Indtjekning p\u00e5 hotellet og velkomstm\u00f8de, hvor vores guider gennemg\u00e5r weekenden. Hvis noget er g\u00e5et galt, kan vi hj\u00e6lpe med det meste. Vi har nogle reservedele, pumper, gearstativ med mere i vores trailer.<\/p>\n<\/div>\n<\/div>\n\n\n\n<div class=\"wp-block-columns alignwide is-layout-flex wp-container-core-columns-is-layout-28f84493 wp-block-columns-is-layout-flex\">\n<div class=\"wp-block-column is-layout-flow wp-block-column-is-layout-flow\">\n<figure class=\"wp-block-image size-full\"><img loading=\"lazy\" decoding=\"async\" width=\"2048\" height=\"1152\" src=\"https:\/\/inzain.bike\/wp-content\/uploads\/2025\/03\/444137743_10220282087841186_161621335968714480_n.jpg\" alt=\"\" class=\"wp-image-7859\" srcset=\"https:\/\/inzain.bike\/wp-content\/uploads\/2025\/03\/444137743_10220282087841186_161621335968714480_n.jpg 2048w, https:\/\/inzain.bike\/wp-content\/uploads\/2025\/03\/444137743_10220282087841186_161621335968714480_n-300x169.jpg 300w, https:\/\/inzain.bike\/wp-content\/uploads\/2025\/03\/444137743_10220282087841186_161621335968714480_n-1024x576.jpg 1024w, https:\/\/inzain.bike\/wp-content\/uploads\/2025\/03\/444137743_10220282087841186_161621335968714480_n-768x432.jpg 768w, https:\/\/inzain.bike\/wp-content\/uploads\/2025\/03\/444137743_10220282087841186_161621335968714480_n-1536x864.jpg 1536w, https:\/\/inzain.bike\/wp-content\/uploads\/2025\/03\/444137743_10220282087841186_161621335968714480_n-18x10.jpg 18w, https:\/\/inzain.bike\/wp-content\/uploads\/2025\/03\/444137743_10220282087841186_161621335968714480_n-1320x743.jpg 1320w, https:\/\/inzain.bike\/wp-content\/uploads\/2025\/03\/444137743_10220282087841186_161621335968714480_n-600x338.jpg 600w\" sizes=\"auto, (max-width: 2048px) 100vw, 2048px\" \/><\/figure>\n<\/div>\n\n\n\n<div class=\"wp-block-column is-layout-flow wp-block-column-is-layout-flow\">\n<div style=\"height:148px\" aria-hidden=\"true\" class=\"wp-block-spacer\"><\/div>\n\n\n\n<p><strong>l\u00f8rdag<\/strong><br>Vi cykler \u00f8stp\u00e5 ad meget smukke og varierede veje. Vi cykler tilbage til hotellet ad en meget flot rute.<\/p>\n<\/div>\n<\/div>\n\n\n\n<div class=\"wp-block-columns alignwide is-layout-flex wp-container-core-columns-is-layout-28f84493 wp-block-columns-is-layout-flex\">\n<div class=\"wp-block-column is-layout-flow wp-block-column-is-layout-flow\">\n<div style=\"height:200px\" aria-hidden=\"true\" class=\"wp-block-spacer\"><\/div>\n\n\n\n<p><strong>S\u00f8ndag<\/strong><br>Turen g\u00e5r mod vest p\u00e5 tv\u00e6rs af marker og skove. Det meste er grusvej, men der er ogs\u00e5 nogle fine stier. <\/p>\n<\/div>\n\n\n\n<div class=\"wp-block-column is-layout-flow wp-block-column-is-layout-flow\">\n<figure class=\"wp-block-image size-full\"><img loading=\"lazy\" decoding=\"async\" width=\"2048\" height=\"1536\" src=\"https:\/\/inzain.bike\/wp-content\/uploads\/2025\/03\/440840536_1030803585079291_8100511238053424564_n.jpg\" alt=\"\" class=\"wp-image-7861\" srcset=\"https:\/\/inzain.bike\/wp-content\/uploads\/2025\/03\/440840536_1030803585079291_8100511238053424564_n.jpg 2048w, https:\/\/inzain.bike\/wp-content\/uploads\/2025\/03\/440840536_1030803585079291_8100511238053424564_n-300x225.jpg 300w, https:\/\/inzain.bike\/wp-content\/uploads\/2025\/03\/440840536_1030803585079291_8100511238053424564_n-1024x768.jpg 1024w, https:\/\/inzain.bike\/wp-content\/uploads\/2025\/03\/440840536_1030803585079291_8100511238053424564_n-768x576.jpg 768w, https:\/\/inzain.bike\/wp-content\/uploads\/2025\/03\/440840536_1030803585079291_8100511238053424564_n-1536x1152.jpg 1536w, https:\/\/inzain.bike\/wp-content\/uploads\/2025\/03\/440840536_1030803585079291_8100511238053424564_n-16x12.jpg 16w, https:\/\/inzain.bike\/wp-content\/uploads\/2025\/03\/440840536_1030803585079291_8100511238053424564_n-1320x990.jpg 1320w, https:\/\/inzain.bike\/wp-content\/uploads\/2025\/03\/440840536_1030803585079291_8100511238053424564_n-600x450.jpg 600w\" sizes=\"auto, (max-width: 2048px) 100vw, 2048px\" \/><\/figure>\n<\/div>\n<\/div>","protected":false},"excerpt":{"rendered":"<p>V\u00e4lkommen till INZAIN Gravel Camp i S\u00f6rmland. Det \u00e4r fj\u00e4rde g\u00e5ngen vi k\u00f6r ett camp, h\u00e4r i Sveriges grusmecka. Denna g\u00e5ng l\u00e4gger vi oss mitt i gr\u00e4ddfilen och bor och utg\u00e5r fr\u00e5n Eskilstuna. V\u00e5ra gravelcamp \u00e4r till f\u00f6r alla, vill du cykla snabbt, ta det lugnt eller mixa? Det g\u00e5r utm\u00e4rkt. Det kommer finnas rutter [&hellip;]<\/p>\n","protected":false},"author":135133094,"featured_media":0,"parent":0,"menu_order":0,"comment_status":"closed","ping_status":"closed","template":"","meta":{"_coblocks_attr":"Roboto,Roboto","_coblocks_dimensions":"","_coblocks_responsive_height":"","_coblocks_accordion_ie_support":"","footnotes":""},"class_list":["post-5808","page","type-page","status-publish","hentry"],"yoast_head":"<!-- This site is optimized with the Yoast SEO plugin v27.2 - https:\/\/yoast.com\/product\/yoast-seo-wordpress\/ -->\n<title>S\u00f6rmland Cykling - INZAIN Cycling EXPERIENCES<\/title>\n<meta name=\"robots\" content=\"index, follow, max-snippet:-1, max-image-preview:large, max-video-preview:-1\" \/>\n<link rel=\"canonical\" href=\"https:\/\/inzain.bike\/da\/sor25-cykling\/\" \/>\n<meta property=\"og:locale\" content=\"da_DK\" \/>\n<meta property=\"og:type\" content=\"article\" \/>\n<meta property=\"og:title\" content=\"S\u00f6rmland Cykling - INZAIN Cycling EXPERIENCES\" \/>\n<meta property=\"og:description\" content=\"V\u00e4lkommen till INZAIN Gravel Camp i S\u00f6rmland. Det \u00e4r fj\u00e4rde g\u00e5ngen vi k\u00f6r ett camp, h\u00e4r i Sveriges grusmecka. Denna g\u00e5ng l\u00e4gger vi oss mitt i gr\u00e4ddfilen och bor och utg\u00e5r fr\u00e5n Eskilstuna. V\u00e5ra gravelcamp \u00e4r till f\u00f6r alla, vill du cykla snabbt, ta det lugnt eller mixa? Det g\u00e5r utm\u00e4rkt. Det kommer finnas rutter [&hellip;]\" \/>\n<meta property=\"og:url\" content=\"https:\/\/inzain.bike\/da\/sor25-cykling\/\" \/>\n<meta property=\"og:site_name\" content=\"INZAIN Cycling EXPERIENCES\" \/>\n<meta property=\"article:publisher\" content=\"https:\/\/www.facebook.com\/Inzain.bike\" \/>\n<meta property=\"article:modified_time\" content=\"2025-03-17T15:13:49+00:00\" \/>\n<meta property=\"og:image\" content=\"https:\/\/inzain.bike\/wp-content\/uploads\/2023\/11\/20220522_141723-990x1024.jpg\" \/>\n<meta name=\"twitter:card\" content=\"summary_large_image\" \/>\n<meta name=\"twitter:label1\" content=\"Estimeret l\u00e6setid\" \/>\n\t<meta name=\"twitter:data1\" content=\"3 minutter\" \/>\n<script type=\"application\/ld+json\" class=\"yoast-schema-graph\">{\"@context\":\"https:\/\/schema.org\",\"@graph\":[{\"@type\":\"WebPage\",\"@id\":\"https:\/\/inzain.bike\/en\/sor25-cykling\/\",\"url\":\"https:\/\/inzain.bike\/en\/sor25-cykling\/\",\"name\":\"S\u00f6rmland Cykling - INZAIN Cycling EXPERIENCES\",\"isPartOf\":{\"@id\":\"https:\/\/inzain.bike\/fr_be\/#website\"},\"primaryImageOfPage\":{\"@id\":\"https:\/\/inzain.bike\/en\/sor25-cykling\/#primaryimage\"},\"image\":{\"@id\":\"https:\/\/inzain.bike\/en\/sor25-cykling\/#primaryimage\"},\"thumbnailUrl\":\"https:\/\/inzain.bike\/wp-content\/uploads\/2023\/11\/20220522_141723-990x1024.jpg\",\"datePublished\":\"2023-11-22T18:14:43+00:00\",\"dateModified\":\"2025-03-17T15:13:49+00:00\",\"breadcrumb\":{\"@id\":\"https:\/\/inzain.bike\/en\/sor25-cykling\/#breadcrumb\"},\"inLanguage\":\"da-DK\",\"potentialAction\":[{\"@type\":\"ReadAction\",\"target\":[\"https:\/\/inzain.bike\/en\/sor25-cykling\/\"]}]},{\"@type\":\"ImageObject\",\"inLanguage\":\"da-DK\",\"@id\":\"https:\/\/inzain.bike\/en\/sor25-cykling\/#primaryimage\",\"url\":\"https:\/\/inzain.bike\/wp-content\/uploads\/2023\/11\/20220522_141723-990x1024.jpg\",\"contentUrl\":\"https:\/\/inzain.bike\/wp-content\/uploads\/2023\/11\/20220522_141723-990x1024.jpg\"},{\"@type\":\"BreadcrumbList\",\"@id\":\"https:\/\/inzain.bike\/en\/sor25-cykling\/#breadcrumb\",\"itemListElement\":[{\"@type\":\"ListItem\",\"position\":1,\"name\":\"Hem\",\"item\":\"https:\/\/inzain.bike\/fr_be\/\"},{\"@type\":\"ListItem\",\"position\":2,\"name\":\"S\u00f6rmland Cykling\"}]},{\"@type\":\"WebSite\",\"@id\":\"https:\/\/inzain.bike\/fr_be\/#website\",\"url\":\"https:\/\/inzain.bike\/fr_be\/\",\"name\":\"INZAIN Cycling EXPERIENCES\",\"description\":\"Cyckling Adventures  - for everyone\",\"publisher\":{\"@id\":\"https:\/\/inzain.bike\/fr_be\/#organization\"},\"alternateName\":\"INZAIN Gravel & Travel\",\"potentialAction\":[{\"@type\":\"SearchAction\",\"target\":{\"@type\":\"EntryPoint\",\"urlTemplate\":\"https:\/\/inzain.bike\/fr_be\/?s={search_term_string}\"},\"query-input\":{\"@type\":\"PropertyValueSpecification\",\"valueRequired\":true,\"valueName\":\"search_term_string\"}}],\"inLanguage\":\"da-DK\"},{\"@type\":\"Organization\",\"@id\":\"https:\/\/inzain.bike\/fr_be\/#organization\",\"name\":\"INZAIN Cycling EXPERIENCES\",\"url\":\"https:\/\/inzain.bike\/fr_be\/\",\"logo\":{\"@type\":\"ImageObject\",\"inLanguage\":\"da-DK\",\"@id\":\"https:\/\/inzain.bike\/fr_be\/#\/schema\/logo\/image\/\",\"url\":\"https:\/\/i0.wp.com\/inzain.bike\/wp-content\/uploads\/2023\/09\/cropped-INZAIN_512x512_white.png?fit=512%2C512&ssl=1\",\"contentUrl\":\"https:\/\/i0.wp.com\/inzain.bike\/wp-content\/uploads\/2023\/09\/cropped-INZAIN_512x512_white.png?fit=512%2C512&ssl=1\",\"width\":512,\"height\":512,\"caption\":\"INZAIN Cycling EXPERIENCES\"},\"image\":{\"@id\":\"https:\/\/inzain.bike\/fr_be\/#\/schema\/logo\/image\/\"},\"sameAs\":[\"https:\/\/www.facebook.com\/Inzain.bike\",\"https:\/\/www.instagram.com\/inzainbike\"]}]}<\/script>\n<!-- \/ Yoast SEO plugin. -->","yoast_head_json":{"title":"Cykling i S\u00f6rmland - INZAIN Cykeloplevelser","robots":{"index":"index","follow":"follow","max-snippet":"max-snippet:-1","max-image-preview":"max-image-preview:large","max-video-preview":"max-video-preview:-1"},"canonical":"https:\/\/inzain.bike\/da\/sor25-cykling\/","og_locale":"da_DK","og_type":"article","og_title":"S\u00f6rmland Cykling - INZAIN Cycling EXPERIENCES","og_description":"V\u00e4lkommen till INZAIN Gravel Camp i S\u00f6rmland. Det \u00e4r fj\u00e4rde g\u00e5ngen vi k\u00f6r ett camp, h\u00e4r i Sveriges grusmecka. Denna g\u00e5ng l\u00e4gger vi oss mitt i gr\u00e4ddfilen och bor och utg\u00e5r fr\u00e5n Eskilstuna. V\u00e5ra gravelcamp \u00e4r till f\u00f6r alla, vill du cykla snabbt, ta det lugnt eller mixa? Det g\u00e5r utm\u00e4rkt. Det kommer finnas rutter [&hellip;]","og_url":"https:\/\/inzain.bike\/da\/sor25-cykling\/","og_site_name":"INZAIN Cycling EXPERIENCES","article_publisher":"https:\/\/www.facebook.com\/Inzain.bike","article_modified_time":"2025-03-17T15:13:49+00:00","og_image":[{"url":"https:\/\/inzain.bike\/wp-content\/uploads\/2023\/11\/20220522_141723-990x1024.jpg","type":"","width":"","height":""}],"twitter_card":"summary_large_image","twitter_misc":{"Estimeret l\u00e6setid":"3 minutter"},"schema":{"@context":"https:\/\/schema.org","@graph":[{"@type":"WebPage","@id":"https:\/\/inzain.bike\/en\/sor25-cykling\/","url":"https:\/\/inzain.bike\/en\/sor25-cykling\/","name":"Cykling i S\u00f6rmland - INZAIN Cykeloplevelser","isPartOf":{"@id":"https:\/\/inzain.bike\/fr_be\/#website"},"primaryImageOfPage":{"@id":"https:\/\/inzain.bike\/en\/sor25-cykling\/#primaryimage"},"image":{"@id":"https:\/\/inzain.bike\/en\/sor25-cykling\/#primaryimage"},"thumbnailUrl":"https:\/\/inzain.bike\/wp-content\/uploads\/2023\/11\/20220522_141723-990x1024.jpg","datePublished":"2023-11-22T18:14:43+00:00","dateModified":"2025-03-17T15:13:49+00:00","breadcrumb":{"@id":"https:\/\/inzain.bike\/en\/sor25-cykling\/#breadcrumb"},"inLanguage":"da-DK","potentialAction":[{"@type":"ReadAction","target":["https:\/\/inzain.bike\/en\/sor25-cykling\/"]}]},{"@type":"ImageObject","inLanguage":"da-DK","@id":"https:\/\/inzain.bike\/en\/sor25-cykling\/#primaryimage","url":"https:\/\/inzain.bike\/wp-content\/uploads\/2023\/11\/20220522_141723-990x1024.jpg","contentUrl":"https:\/\/inzain.bike\/wp-content\/uploads\/2023\/11\/20220522_141723-990x1024.jpg"},{"@type":"BreadcrumbList","@id":"https:\/\/inzain.bike\/en\/sor25-cykling\/#breadcrumb","itemListElement":[{"@type":"ListItem","position":1,"name":"Hem","item":"https:\/\/inzain.bike\/fr_be\/"},{"@type":"ListItem","position":2,"name":"S\u00f6rmland Cykling"}]},{"@type":"WebSite","@id":"https:\/\/inzain.bike\/fr_be\/#website","url":"https:\/\/inzain.bike\/fr_be\/","name":"INZAIN CykelOPLEVELSER","description":"Cykeleventyr - for alle","publisher":{"@id":"https:\/\/inzain.bike\/fr_be\/#organization"},"alternateName":"INZAIN Gravel & Travel","potentialAction":[{"@type":"SearchAction","target":{"@type":"EntryPoint","urlTemplate":"https:\/\/inzain.bike\/fr_be\/?s={search_term_string}"},"query-input":{"@type":"PropertyValueSpecification","valueRequired":true,"valueName":"search_term_string"}}],"inLanguage":"da-DK"},{"@type":"Organization","@id":"https:\/\/inzain.bike\/fr_be\/#organization","name":"INZAIN CykelOPLEVELSER","url":"https:\/\/inzain.bike\/fr_be\/","logo":{"@type":"ImageObject","inLanguage":"da-DK","@id":"https:\/\/inzain.bike\/fr_be\/#\/schema\/logo\/image\/","url":"https:\/\/i0.wp.com\/inzain.bike\/wp-content\/uploads\/2023\/09\/cropped-INZAIN_512x512_white.png?fit=512%2C512&ssl=1","contentUrl":"https:\/\/i0.wp.com\/inzain.bike\/wp-content\/uploads\/2023\/09\/cropped-INZAIN_512x512_white.png?fit=512%2C512&ssl=1","width":512,"height":512,"caption":"INZAIN Cycling EXPERIENCES"},"image":{"@id":"https:\/\/inzain.bike\/fr_be\/#\/schema\/logo\/image\/"},"sameAs":["https:\/\/www.facebook.com\/Inzain.bike","https:\/\/www.instagram.com\/inzainbike"]}]}},"amp_enabled":true,"_links":{"self":[{"href":"https:\/\/inzain.bike\/da\/wp-json\/wp\/v2\/pages\/5808","targetHints":{"allow":["GET"]}}],"collection":[{"href":"https:\/\/inzain.bike\/da\/wp-json\/wp\/v2\/pages"}],"about":[{"href":"https:\/\/inzain.bike\/da\/wp-json\/wp\/v2\/types\/page"}],"author":[{"embeddable":true,"href":"https:\/\/inzain.bike\/da\/wp-json\/wp\/v2\/users\/135133094"}],"replies":[{"embeddable":true,"href":"https:\/\/inzain.bike\/da\/wp-json\/wp\/v2\/comments?post=5808"}],"version-history":[{"count":3,"href":"https:\/\/inzain.bike\/da\/wp-json\/wp\/v2\/pages\/5808\/revisions"}],"predecessor-version":[{"id":7864,"href":"https:\/\/inzain.bike\/da\/wp-json\/wp\/v2\/pages\/5808\/revisions\/7864"}],"wp:attachment":[{"href":"https:\/\/inzain.bike\/da\/wp-json\/wp\/v2\/media?parent=5808"}],"curies":[{"name":"wp","href":"https:\/\/api.w.org\/{rel}","templated":true}]}}