{"id":588,"date":"2021-06-25T13:50:18","date_gmt":"2021-06-25T11:50:18","guid":{"rendered":"https:\/\/inzain.bike\/?page_id=588"},"modified":"2021-06-25T13:50:18","modified_gmt":"2021-06-25T11:50:18","slug":"solstice-ride-2021","status":"publish","type":"page","link":"https:\/\/inzain.bike\/da\/solstice-ride-2021\/","title":{"rendered":"Solhvervstur 2021"},"content":{"rendered":"<figure class=\"wp-block-image size-large\"><img decoding=\"async\" src=\"https:\/\/inzain.bike\/wp-content\/uploads\/2021\/06\/20210624_215137.jpg?w=1024\" alt=\"\" class=\"wp-image-592\" \/><figcaption>Tor\u00f6<\/figcaption><\/figure>\n\n\n\n<p>Grusets V\u00e4nner k\u00f8rte en gentagelse af Solstice fra 2020. Start i \u00d6smo, grus ned til Tor\u00f6, til solnedgang og en kop kaffe. Derefter op til G\u00e5l\u00f6 Havsbad for solopgang.<\/p>\n\n\n\n<p>At cykle p\u00e5 \u00e5rets korteste nat, med gode venner, dyrelugte og alle indtrykkene er noget jeg synes er fantastisk. Allerede inden for 30 minutter st\u00f8dte vi p\u00e5 en familie af vildsvin, en \u00f8rn, hjorte, fr\u00f8er og meget mere.<\/p>\n\n\n\n<p>Vejen ned forts\u00e6tter uden h\u00e6ndelser, den ruller af sted med nogenlunde god fart og som s\u00e6dvanligt med konstant snak og grin.<\/p>\n\n\n\n<figure class=\"wp-block-image size-large\"><img decoding=\"async\" src=\"https:\/\/inzain.bike\/wp-content\/uploads\/2021\/06\/g0016217.jpg?w=1024\" alt=\"\" class=\"wp-image-594\" \/><\/figure>\n\n\n\n<p>Sti, grusvej og lidt asfalt blandes p\u00e5 en fin m\u00e5de, solen g\u00e5r ned, livet er godt.<\/p>\n\n\n\n<figure class=\"wp-block-image size-large\"><img decoding=\"async\" src=\"https:\/\/inzain.bike\/wp-content\/uploads\/2021\/06\/g0016242.jpg?w=1024\" alt=\"\" class=\"wp-image-596\" \/><\/figure>\n\n\n\n<p>N\u00e5r vi kommer ned til Tor\u00f6, er der et s\u00e6rligt sted, hvor vi f\u00e5r et panorama af solens m\u00f8de med havet.<\/p>\n\n\n\n<figure class=\"wp-block-image size-large\"><img decoding=\"async\" src=\"https:\/\/inzain.bike\/wp-content\/uploads\/2021\/06\/g0016416.jpg?w=1024\" alt=\"\" class=\"wp-image-597\" \/><\/figure>\n\n\n\n<p>N\u00e5r vi har v\u00e6ret med til det, f\u00e5et en masse kaffe og vel og m\u00e6rke, turen mod G\u00e5l\u00f8 og solopgangen begynder, skulle det vise sig at have lidt mere eventyr for os...<\/p>\n\n\n\n<figure class=\"wp-block-image size-large\"><img decoding=\"async\" src=\"https:\/\/inzain.bike\/wp-content\/uploads\/2021\/06\/g0016382.jpg?w=1024\" alt=\"\" class=\"wp-image-599\" \/><\/figure>\n\n\n\n<p>Vi ruller asfalt den f\u00f8rste kilometer, et ret godt tempo, vi har kl\u00e6dt p\u00e5 til kulde, men er hurtigt tvunget til at stoppe og tage t\u00f8jet af igen.<\/p>\n\n\n\n<figure class=\"wp-block-image size-large\"><img decoding=\"async\" src=\"https:\/\/inzain.bike\/wp-content\/uploads\/2021\/06\/g0036485.jpg?w=1024\" alt=\"\" class=\"wp-image-601\" \/><\/figure>\n\n\n\n<p>Snart n\u00e5r vi de m\u00f8rkeste timer, t\u00e5gestriber tr\u00e6kker ind, der suser i buskene, og det eneste du kan g\u00f8re er at nyde.<\/p>\n\n\n\n<figure class=\"wp-block-image size-large\"><img decoding=\"async\" src=\"https:\/\/inzain.bike\/wp-content\/uploads\/2021\/06\/g0036587.jpg?w=1024\" alt=\"\" class=\"wp-image-603\" \/><\/figure>\n\n\n\n<p>Efter turens eneste stigning og en passage med groft spr\u00e6ngt sten m\u00e6rker jeg den velkendte f\u00f8lelse. PUNK. Heldigvis k\u00f8rer jeg med indl\u00e6g, for der er en stor fl\u00e6nge i siden af d\u00e6kket, ca 1,5cm. Al luft og fugemasse var g\u00e5et op med det samme og uden indsatser ville d\u00e6kket nok have k\u00e6lvet og jeg ville have st\u00e5et p\u00e5 \u00f8rerne. Nu var det bare en st\u00f8rre reparation hvor Park Tools Trunks kom i brug inden slange blev monteret, det er et guldprodukt til store rifter. Uden det bliver det nemt punk igen.<\/p>\n\n\n\n<figure class=\"wp-block-image size-large\"><img decoding=\"async\" src=\"https:\/\/inzain.bike\/wp-content\/uploads\/2021\/06\/g0036613.jpg?w=1024\" alt=\"\" class=\"wp-image-605\" \/><\/figure>\n\n\n\n<p>Vejen op til Tungelsta ville dog byde p\u00e5 mere, det f\u00f8rste kom da jeg ved et uheld fik ventilens metalring inde mellem slange og d\u00e6k. Den anden formentlig fra grus, som jeg ikke har kunne fjerne. Efter omhyggelig reng\u00f8ring var punkerne dog v\u00e6k. F\u00e5r nyt d\u00e6k og fikser det nu.<\/p>\n\n\n\n<p>Turen op til Tungelsta er fantastisk, s\u00e5 sjov at ride om natten, alt ser meget anderledes ud.<\/p>\n\n\n\n<figure class=\"wp-block-image size-large\"><img decoding=\"async\" src=\"https:\/\/inzain.bike\/wp-content\/uploads\/2021\/06\/g0036579.jpg?w=1024\" alt=\"\" class=\"wp-image-607\" \/><\/figure>\n\n\n\n<p>Vi var 17 personer og der blev givet to premierer, vi siger hjertelig velkommen og h\u00e5ber i har lyst til at cykle flere gange med os!<\/p>\n\n\n\n<figure class=\"wp-block-image size-large\"><img decoding=\"async\" src=\"https:\/\/inzain.bike\/wp-content\/uploads\/2021\/06\/206205315_4120180721353018_5858387706086174893_n.jpg?w=1024\" alt=\"\" class=\"wp-image-609\" \/><figcaption>Foto: Pontus<\/figcaption><\/figure>\n\n\n\n<figure class=\"wp-block-embed is-type-rich is-provider-youtube wp-block-embed-youtube wp-embed-aspect-16-9 wp-has-aspect-ratio\"><div class=\"wp-block-embed__wrapper\">\n<iframe loading=\"lazy\" title=\"Solhvervstur 2021\" width=\"500\" height=\"281\" src=\"https:\/\/www.youtube.com\/embed\/vqWK1COziTI?feature=oembed\" frameborder=\"0\" allow=\"accelerometer; autoplay; clipboard-write; encrypted-media; gyroscope; picture-in-picture; web-share\" referrerpolicy=\"strict-origin-when-cross-origin\" allowfullscreen><\/iframe>\n<\/div><\/figure>\n\n\n\n<p>Tak til alle der deltog, i er bare de bedste!<\/p>\n\n\n\n<p><br><\/p>\n\n\n\n<div class=\"wp-block-jetpack-tiled-gallery aligncenter is-style-rectangular\"><div class=\"tiled-gallery__gallery\"><div class=\"tiled-gallery__row\"><div class=\"tiled-gallery__col\" style=\"flex-basis:66.78241%;\"><figure class=\"tiled-gallery__item\"><img decoding=\"async\" alt=\"\" data-height=\"1080\" data-id=\"612\" data-link=\"https:\/\/inzain.bike\/202396928_926175654614014_7064991511395429120_n\/\" data-url=\"https:\/\/inzain.bike\/wp-content\/uploads\/2021\/06\/202396928_926175654614014_7064991511395429120_n.jpg\" data-width=\"1440\" src=\"https:\/\/inzain.bike\/wp-content\/uploads\/2021\/06\/202396928_926175654614014_7064991511395429120_n.jpg\" data-amp-layout=\"responsive\" \/><\/figure><\/div><div class=\"tiled-gallery__col\" style=\"flex-basis:33.21759%;\"><figure class=\"tiled-gallery__item\"><img decoding=\"async\" alt=\"\" data-height=\"3888\" data-id=\"613\" data-link=\"https:\/\/inzain.bike\/dcim100goprog0016290-jpg\/\" data-url=\"https:\/\/inzain.bike\/wp-content\/uploads\/2021\/06\/g0016290.jpg\" data-width=\"5184\" src=\"https:\/\/inzain.bike\/wp-content\/uploads\/2021\/06\/g0016290.jpg\" data-amp-layout=\"responsive\" \/><\/figure><figure class=\"tiled-gallery__item\"><img decoding=\"async\" alt=\"\" data-height=\"3888\" data-id=\"614\" data-link=\"https:\/\/inzain.bike\/dcim100goprog0036497-jpg\/\" data-url=\"https:\/\/inzain.bike\/wp-content\/uploads\/2021\/06\/g0036497.jpg\" data-width=\"5184\" src=\"https:\/\/inzain.bike\/wp-content\/uploads\/2021\/06\/g0036497.jpg\" data-amp-layout=\"responsive\" \/><\/figure><\/div><\/div><div class=\"tiled-gallery__row\"><div class=\"tiled-gallery__col\" style=\"flex-basis:33.33333%;\"><figure class=\"tiled-gallery__item\"><img decoding=\"async\" alt=\"\" data-height=\"3888\" data-id=\"615\" data-link=\"https:\/\/inzain.bike\/dcim100goprog0036582-jpg\/\" data-url=\"https:\/\/inzain.bike\/wp-content\/uploads\/2021\/06\/g0036582.jpg\" data-width=\"5184\" src=\"https:\/\/inzain.bike\/wp-content\/uploads\/2021\/06\/g0036582.jpg\" data-amp-layout=\"responsive\" \/><\/figure><\/div><div class=\"tiled-gallery__col\" style=\"flex-basis:33.33333%;\"><figure class=\"tiled-gallery__item\"><img decoding=\"async\" alt=\"\" data-height=\"3888\" data-id=\"616\" data-link=\"https:\/\/inzain.bike\/dcim100goprog0036634-jpg\/\" data-url=\"https:\/\/inzain.bike\/wp-content\/uploads\/2021\/06\/g0036634.jpg\" data-width=\"5184\" src=\"https:\/\/inzain.bike\/wp-content\/uploads\/2021\/06\/g0036634.jpg\" data-amp-layout=\"responsive\" \/><\/figure><\/div><div class=\"tiled-gallery__col\" style=\"flex-basis:33.33333%;\"><figure class=\"tiled-gallery__item\"><img decoding=\"async\" alt=\"\" data-height=\"3888\" data-id=\"617\" data-link=\"https:\/\/inzain.bike\/dcim100goprog0036675-jpg\/\" data-url=\"https:\/\/inzain.bike\/wp-content\/uploads\/2021\/06\/g0036675.jpg\" data-width=\"5184\" src=\"https:\/\/inzain.bike\/wp-content\/uploads\/2021\/06\/g0036675.jpg\" data-amp-layout=\"responsive\" \/><\/figure><\/div><\/div><div class=\"tiled-gallery__row\"><div class=\"tiled-gallery__col\" style=\"flex-basis:50%;\"><figure class=\"tiled-gallery__item\"><img decoding=\"async\" alt=\"\" data-height=\"3888\" data-id=\"619\" data-link=\"https:\/\/inzain.bike\/dcim100goprog0036741-jpg\/\" data-url=\"https:\/\/inzain.bike\/wp-content\/uploads\/2021\/06\/g0036741.jpg\" data-width=\"5184\" src=\"https:\/\/inzain.bike\/wp-content\/uploads\/2021\/06\/g0036741.jpg\" data-amp-layout=\"responsive\" \/><\/figure><\/div><div class=\"tiled-gallery__col\" style=\"flex-basis:50%;\"><figure class=\"tiled-gallery__item\"><img decoding=\"async\" alt=\"\" data-height=\"3888\" data-id=\"620\" data-link=\"https:\/\/inzain.bike\/dcim100goprog0046870-jpg\/\" data-url=\"https:\/\/inzain.bike\/wp-content\/uploads\/2021\/06\/g0046870.jpg\" data-width=\"5184\" src=\"https:\/\/inzain.bike\/wp-content\/uploads\/2021\/06\/g0046870.jpg\" data-amp-layout=\"responsive\" \/><\/figure><\/div><\/div><\/div><\/div>","protected":false},"excerpt":{"rendered":"<p>Grusets V\u00e4nner k\u00f6rde en repris p\u00e5 Solstice fr\u00e5n 2020. Start i \u00d6smo, grus ner till Tor\u00f6, f\u00f6r solnedg\u00e5ng och en kaffe. Sedan upp till G\u00e5l\u00f6 Havsbad f\u00f6r soluppg\u00e5ng. Att cykla p\u00e5 \u00e5rets kortaste natt, med goda v\u00e4nner, djur dofter och alla intryck \u00e4r n\u00e5got jag tycker \u00e4r fantastiskt. Redan inom 30 minuter har vi st\u00f6tt [&hellip;]<\/p>\n","protected":false},"author":135133094,"featured_media":0,"parent":0,"menu_order":0,"comment_status":"closed","ping_status":"closed","template":"","meta":{"_coblocks_attr":"","_coblocks_dimensions":"","_coblocks_responsive_height":"","_coblocks_accordion_ie_support":"","footnotes":""},"class_list":["post-588","page","type-page","status-publish","hentry"],"yoast_head":"<!-- This site is optimized with the Yoast SEO plugin v27.2 - https:\/\/yoast.com\/product\/yoast-seo-wordpress\/ -->\n<title>Solstice Ride 2021 - INZAIN Cycling EXPERIENCES<\/title>\n<meta name=\"robots\" content=\"index, follow, max-snippet:-1, max-image-preview:large, max-video-preview:-1\" \/>\n<link rel=\"canonical\" href=\"https:\/\/inzain.bike\/da\/solstice-ride-2021\/\" \/>\n<meta property=\"og:locale\" content=\"da_DK\" \/>\n<meta property=\"og:type\" content=\"article\" \/>\n<meta property=\"og:title\" content=\"Solstice Ride 2021 - INZAIN Cycling EXPERIENCES\" \/>\n<meta property=\"og:description\" content=\"Grusets V\u00e4nner k\u00f6rde en repris p\u00e5 Solstice fr\u00e5n 2020. Start i \u00d6smo, grus ner till Tor\u00f6, f\u00f6r solnedg\u00e5ng och en kaffe. Sedan upp till G\u00e5l\u00f6 Havsbad f\u00f6r soluppg\u00e5ng. Att cykla p\u00e5 \u00e5rets kortaste natt, med goda v\u00e4nner, djur dofter och alla intryck \u00e4r n\u00e5got jag tycker \u00e4r fantastiskt. Redan inom 30 minuter har vi st\u00f6tt [&hellip;]\" \/>\n<meta property=\"og:url\" content=\"https:\/\/inzain.bike\/da\/solstice-ride-2021\/\" \/>\n<meta property=\"og:site_name\" content=\"INZAIN Cycling EXPERIENCES\" \/>\n<meta property=\"article:publisher\" content=\"https:\/\/www.facebook.com\/Inzain.bike\" \/>\n<meta property=\"og:image\" content=\"https:\/\/inzain.bike\/wp-content\/uploads\/2021\/06\/20210624_215137.jpg?w=1024\" \/>\n<meta name=\"twitter:card\" content=\"summary_large_image\" \/>\n<meta name=\"twitter:label1\" content=\"Estimeret l\u00e6setid\" \/>\n\t<meta name=\"twitter:data1\" content=\"2 minutter\" \/>\n<script type=\"application\/ld+json\" class=\"yoast-schema-graph\">{\"@context\":\"https:\/\/schema.org\",\"@graph\":[{\"@type\":\"WebPage\",\"@id\":\"https:\/\/inzain.bike\/sv_se\/solstice-ride-2021\/\",\"url\":\"https:\/\/inzain.bike\/sv_se\/solstice-ride-2021\/\",\"name\":\"Solstice Ride 2021 - INZAIN Cycling EXPERIENCES\",\"isPartOf\":{\"@id\":\"https:\/\/inzain.bike\/fr_be\/#website\"},\"primaryImageOfPage\":{\"@id\":\"https:\/\/inzain.bike\/sv_se\/solstice-ride-2021\/#primaryimage\"},\"image\":{\"@id\":\"https:\/\/inzain.bike\/sv_se\/solstice-ride-2021\/#primaryimage\"},\"thumbnailUrl\":\"https:\/\/inzain.bike\/wp-content\/uploads\/2021\/06\/20210624_215137.jpg?w=1024\",\"datePublished\":\"2021-06-25T11:50:18+00:00\",\"breadcrumb\":{\"@id\":\"https:\/\/inzain.bike\/sv_se\/solstice-ride-2021\/#breadcrumb\"},\"inLanguage\":\"da-DK\",\"potentialAction\":[{\"@type\":\"ReadAction\",\"target\":[\"https:\/\/inzain.bike\/sv_se\/solstice-ride-2021\/\"]}]},{\"@type\":\"ImageObject\",\"inLanguage\":\"da-DK\",\"@id\":\"https:\/\/inzain.bike\/sv_se\/solstice-ride-2021\/#primaryimage\",\"url\":\"https:\/\/inzain.bike\/wp-content\/uploads\/2021\/06\/20210624_215137.jpg?w=1024\",\"contentUrl\":\"https:\/\/inzain.bike\/wp-content\/uploads\/2021\/06\/20210624_215137.jpg?w=1024\"},{\"@type\":\"BreadcrumbList\",\"@id\":\"https:\/\/inzain.bike\/sv_se\/solstice-ride-2021\/#breadcrumb\",\"itemListElement\":[{\"@type\":\"ListItem\",\"position\":1,\"name\":\"Hem\",\"item\":\"https:\/\/inzain.bike\/fr_be\/\"},{\"@type\":\"ListItem\",\"position\":2,\"name\":\"Solstice Ride 2021\"}]},{\"@type\":\"WebSite\",\"@id\":\"https:\/\/inzain.bike\/fr_be\/#website\",\"url\":\"https:\/\/inzain.bike\/fr_be\/\",\"name\":\"INZAIN Cycling EXPERIENCES\",\"description\":\"Cyckling Adventures  - for everyone\",\"publisher\":{\"@id\":\"https:\/\/inzain.bike\/fr_be\/#organization\"},\"alternateName\":\"INZAIN Gravel & Travel\",\"potentialAction\":[{\"@type\":\"SearchAction\",\"target\":{\"@type\":\"EntryPoint\",\"urlTemplate\":\"https:\/\/inzain.bike\/fr_be\/?s={search_term_string}\"},\"query-input\":{\"@type\":\"PropertyValueSpecification\",\"valueRequired\":true,\"valueName\":\"search_term_string\"}}],\"inLanguage\":\"da-DK\"},{\"@type\":\"Organization\",\"@id\":\"https:\/\/inzain.bike\/fr_be\/#organization\",\"name\":\"INZAIN Cycling EXPERIENCES\",\"url\":\"https:\/\/inzain.bike\/fr_be\/\",\"logo\":{\"@type\":\"ImageObject\",\"inLanguage\":\"da-DK\",\"@id\":\"https:\/\/inzain.bike\/fr_be\/#\/schema\/logo\/image\/\",\"url\":\"https:\/\/i0.wp.com\/inzain.bike\/wp-content\/uploads\/2023\/09\/cropped-INZAIN_512x512_white.png?fit=512%2C512&ssl=1\",\"contentUrl\":\"https:\/\/i0.wp.com\/inzain.bike\/wp-content\/uploads\/2023\/09\/cropped-INZAIN_512x512_white.png?fit=512%2C512&ssl=1\",\"width\":512,\"height\":512,\"caption\":\"INZAIN Cycling EXPERIENCES\"},\"image\":{\"@id\":\"https:\/\/inzain.bike\/fr_be\/#\/schema\/logo\/image\/\"},\"sameAs\":[\"https:\/\/www.facebook.com\/Inzain.bike\",\"https:\/\/www.instagram.com\/inzainbike\"]}]}<\/script>\n<!-- \/ Yoast SEO plugin. -->","yoast_head_json":{"title":"Solstice Ride 2021 - INZAIN Cykeloplevelser","robots":{"index":"index","follow":"follow","max-snippet":"max-snippet:-1","max-image-preview":"max-image-preview:large","max-video-preview":"max-video-preview:-1"},"canonical":"https:\/\/inzain.bike\/da\/solstice-ride-2021\/","og_locale":"da_DK","og_type":"article","og_title":"Solstice Ride 2021 - INZAIN Cycling EXPERIENCES","og_description":"Grusets V\u00e4nner k\u00f6rde en repris p\u00e5 Solstice fr\u00e5n 2020. Start i \u00d6smo, grus ner till Tor\u00f6, f\u00f6r solnedg\u00e5ng och en kaffe. Sedan upp till G\u00e5l\u00f6 Havsbad f\u00f6r soluppg\u00e5ng. Att cykla p\u00e5 \u00e5rets kortaste natt, med goda v\u00e4nner, djur dofter och alla intryck \u00e4r n\u00e5got jag tycker \u00e4r fantastiskt. Redan inom 30 minuter har vi st\u00f6tt [&hellip;]","og_url":"https:\/\/inzain.bike\/da\/solstice-ride-2021\/","og_site_name":"INZAIN Cycling EXPERIENCES","article_publisher":"https:\/\/www.facebook.com\/Inzain.bike","og_image":[{"url":"https:\/\/inzain.bike\/wp-content\/uploads\/2021\/06\/20210624_215137.jpg?w=1024","type":"","width":"","height":""}],"twitter_card":"summary_large_image","twitter_misc":{"Estimeret l\u00e6setid":"2 minutter"},"schema":{"@context":"https:\/\/schema.org","@graph":[{"@type":"WebPage","@id":"https:\/\/inzain.bike\/sv_se\/solstice-ride-2021\/","url":"https:\/\/inzain.bike\/sv_se\/solstice-ride-2021\/","name":"Solstice Ride 2021 - INZAIN Cykeloplevelser","isPartOf":{"@id":"https:\/\/inzain.bike\/fr_be\/#website"},"primaryImageOfPage":{"@id":"https:\/\/inzain.bike\/sv_se\/solstice-ride-2021\/#primaryimage"},"image":{"@id":"https:\/\/inzain.bike\/sv_se\/solstice-ride-2021\/#primaryimage"},"thumbnailUrl":"https:\/\/inzain.bike\/wp-content\/uploads\/2021\/06\/20210624_215137.jpg?w=1024","datePublished":"2021-06-25T11:50:18+00:00","breadcrumb":{"@id":"https:\/\/inzain.bike\/sv_se\/solstice-ride-2021\/#breadcrumb"},"inLanguage":"da-DK","potentialAction":[{"@type":"ReadAction","target":["https:\/\/inzain.bike\/sv_se\/solstice-ride-2021\/"]}]},{"@type":"ImageObject","inLanguage":"da-DK","@id":"https:\/\/inzain.bike\/sv_se\/solstice-ride-2021\/#primaryimage","url":"https:\/\/inzain.bike\/wp-content\/uploads\/2021\/06\/20210624_215137.jpg?w=1024","contentUrl":"https:\/\/inzain.bike\/wp-content\/uploads\/2021\/06\/20210624_215137.jpg?w=1024"},{"@type":"BreadcrumbList","@id":"https:\/\/inzain.bike\/sv_se\/solstice-ride-2021\/#breadcrumb","itemListElement":[{"@type":"ListItem","position":1,"name":"Hem","item":"https:\/\/inzain.bike\/fr_be\/"},{"@type":"ListItem","position":2,"name":"Solstice Ride 2021"}]},{"@type":"WebSite","@id":"https:\/\/inzain.bike\/fr_be\/#website","url":"https:\/\/inzain.bike\/fr_be\/","name":"INZAIN CykelOPLEVELSER","description":"Cykeleventyr - for alle","publisher":{"@id":"https:\/\/inzain.bike\/fr_be\/#organization"},"alternateName":"INZAIN Gravel & Travel","potentialAction":[{"@type":"SearchAction","target":{"@type":"EntryPoint","urlTemplate":"https:\/\/inzain.bike\/fr_be\/?s={search_term_string}"},"query-input":{"@type":"PropertyValueSpecification","valueRequired":true,"valueName":"search_term_string"}}],"inLanguage":"da-DK"},{"@type":"Organization","@id":"https:\/\/inzain.bike\/fr_be\/#organization","name":"INZAIN CykelOPLEVELSER","url":"https:\/\/inzain.bike\/fr_be\/","logo":{"@type":"ImageObject","inLanguage":"da-DK","@id":"https:\/\/inzain.bike\/fr_be\/#\/schema\/logo\/image\/","url":"https:\/\/i0.wp.com\/inzain.bike\/wp-content\/uploads\/2023\/09\/cropped-INZAIN_512x512_white.png?fit=512%2C512&ssl=1","contentUrl":"https:\/\/i0.wp.com\/inzain.bike\/wp-content\/uploads\/2023\/09\/cropped-INZAIN_512x512_white.png?fit=512%2C512&ssl=1","width":512,"height":512,"caption":"INZAIN Cycling EXPERIENCES"},"image":{"@id":"https:\/\/inzain.bike\/fr_be\/#\/schema\/logo\/image\/"},"sameAs":["https:\/\/www.facebook.com\/Inzain.bike","https:\/\/www.instagram.com\/inzainbike"]}]}},"amp_enabled":true,"_links":{"self":[{"href":"https:\/\/inzain.bike\/da\/wp-json\/wp\/v2\/pages\/588","targetHints":{"allow":["GET"]}}],"collection":[{"href":"https:\/\/inzain.bike\/da\/wp-json\/wp\/v2\/pages"}],"about":[{"href":"https:\/\/inzain.bike\/da\/wp-json\/wp\/v2\/types\/page"}],"author":[{"embeddable":true,"href":"https:\/\/inzain.bike\/da\/wp-json\/wp\/v2\/users\/135133094"}],"replies":[{"embeddable":true,"href":"https:\/\/inzain.bike\/da\/wp-json\/wp\/v2\/comments?post=588"}],"version-history":[{"count":0,"href":"https:\/\/inzain.bike\/da\/wp-json\/wp\/v2\/pages\/588\/revisions"}],"wp:attachment":[{"href":"https:\/\/inzain.bike\/da\/wp-json\/wp\/v2\/media?parent=588"}],"curies":[{"name":"wp","href":"https:\/\/api.w.org\/{rel}","templated":true}]}}