{"id":6035,"date":"2023-11-25T12:34:09","date_gmt":"2023-11-25T11:34:09","guid":{"rendered":"https:\/\/inzain.bike\/?page_id=6035"},"modified":"2025-08-13T13:45:32","modified_gmt":"2025-08-13T11:45:32","slug":"got25-registration","status":"publish","type":"page","link":"https:\/\/inzain.bike\/da\/got25-registration\/","title":{"rendered":"Tilmelding Gotland Gravel Camp 2025"},"content":{"rendered":"\n<figure class=\"wp-block-image alignwide size-full\"><img decoding=\"async\" src=\"https:\/\/inzain.bike\/wp-content\/uploads\/2023\/11\/20220706_192342.jpg\" alt=\"\" class=\"wp-image-5648\"\/><\/figure>\n\n\n\n<div class=\"wp-block-columns alignwide is-layout-flex wp-container-core-columns-is-layout-28f84493 wp-block-columns-is-layout-flex\" style=\"border-width:18px;border-radius:0px\">\n<div class=\"wp-block-column has-pale-cyan-blue-background-color has-background is-layout-flow wp-block-column-is-layout-flow\">\n<p class=\"has-roboto-font-family has-custom-font\" style=\"padding-top:var(--wp--preset--spacing--40);padding-right:var(--wp--preset--spacing--70);padding-bottom:var(--wp--preset--spacing--40);padding-left:var(--wp--preset--spacing--70);font-family:Roboto;font-size:30px\"><strong>Vad kan du f\u00f6rv\u00e4nta dig<\/strong>?<\/p>\n\n\n\n<p class=\"has-roboto-font-family has-custom-font\" style=\"padding-top:0;padding-right:var(--wp--preset--spacing--70);padding-bottom:0;padding-left:var(--wp--preset--spacing--70);font-family:Roboto;font-size:30px\">En fantastisk helg med gravel cykling p\u00e5 Gotland Fina turer och vacker natur med unika lunch och fikast\u00e4llen. V\u00e5ra guider kommer se till att alla f\u00e5r en h\u00e4rlig helg. <br> I god tid innan eventet kommer vi skicka ut fr\u00e5geformul\u00e4r om cyklingen och v\u00e5r ber\u00f6mda riders guide som inneh\u00e5ller allt du beh\u00f6ver veta.<br><br><\/p>\n<\/div>\n<\/div>\n\n\n\n<div class=\"wp-block-columns alignwide is-layout-flex wp-container-core-columns-is-layout-28f84493 wp-block-columns-is-layout-flex\" style=\"border-width:18px;border-radius:0px\">\n<div class=\"wp-block-column has-cyan-bluish-gray-background-color has-background is-layout-flow wp-block-column-is-layout-flow\">\n<p class=\"has-roboto-font-family has-custom-font\" style=\"padding-top:0;padding-right:var(--wp--preset--spacing--70);padding-bottom:0;padding-left:var(--wp--preset--spacing--70);font-family:Roboto;font-size:30px\"><br><strong> V\u00e4lj boende<\/strong><\/p>\n\n\n\n<p class=\"has-roboto-font-family has-custom-font\" style=\"padding-top:0;padding-right:var(--wp--preset--spacing--70);padding-bottom:0;padding-left:var(--wp--preset--spacing--70);font-family:Roboto;font-size:25px\"><strong>Vad ing\u00e5r?<\/strong><br>Logi 3 n\u00e4tter med frukost<br>2 Middagar<br>Cykelguider<br>Rutter<br>Luncher &amp; fika k\u00f6per man sj\u00e4lv.<br><br><\/p>\n<\/div>\n\n\n\n<div class=\"wp-block-column is-layout-flow wp-block-column-is-layout-flow\" style=\"border-style:none;border-width:0px\"><div data-block-name=\"woocommerce\/handpicked-products\" data-content-visibility=\"{&quot;image&quot;:true,&quot;title&quot;:true,&quot;price&quot;:true,&quot;rating&quot;:false,&quot;button&quot;:true}\" data-orderby=\"price_desc\" data-products=\"[6033,6024,8349]\" class=\"wc-block-grid wp-block-handpicked-products wp-block-woocommerce-handpicked-products wc-block-handpicked-products has-3-columns has-multiple-rows\"><ul class=\"wc-block-grid__products\"><li class=\"wc-block-grid__product\">\n\t\t\t\t<a href=\"https:\/\/inzain.bike\/da\/vare\/got25-shared-studio\/\" class=\"wc-block-grid__product-link\">\n\t\t\t\t\t\n\t\t\t\t\t<div class=\"wc-block-grid__product-image\"><img loading=\"lazy\" decoding=\"async\" width=\"300\" height=\"300\" src=\"https:\/\/inzain.bike\/wp-content\/uploads\/2023\/11\/luxury-300x300.png\" class=\"attachment-woocommerce_thumbnail size-woocommerce_thumbnail\" alt=\"Gotland Gravel Camp delat rum Studio\" srcset=\"https:\/\/inzain.bike\/wp-content\/uploads\/2023\/11\/luxury-300x300.png 300w, https:\/\/inzain.bike\/wp-content\/uploads\/2023\/11\/luxury-150x150.png 150w, https:\/\/inzain.bike\/wp-content\/uploads\/2023\/11\/luxury-12x12.png 12w, https:\/\/inzain.bike\/wp-content\/uploads\/2023\/11\/luxury-100x100.png 100w, https:\/\/inzain.bike\/wp-content\/uploads\/2023\/11\/luxury.png 512w\" sizes=\"auto, (max-width: 300px) 100vw, 300px\" \/><\/div>\n\t\t\t\t\t<div class=\"wc-block-grid__product-title\">Gotland Gravel Camp delat rum Studio<\/div>\n\t\t\t\t<\/a>\n\t\t\t\t<div class=\"wc-block-grid__product-price price\"><span class=\"wmc-cache-pid \" data-wmc_product_id=\"6024\"><span class=\"woocommerce-Price-amount amount\">3,500&nbsp;<span class=\"woocommerce-Price-currencySymbol\">&#107;&#114;<\/span><\/span><\/span><\/div>\n\t\t\t\t\n\t\t\t\t<div class=\"wp-block-button wc-block-grid__product-add-to-cart\"><a href=\"\/da\/wp-json\/wp\/v2\/pages\/6035?add-to-cart=6024\" aria-label=\"L\u00e6g i kurv: &quot;Gotland Gravel Camp delat rum Studio&quot;\" data-quantity=\"1\" data-product_id=\"6024\" data-product_sku=\"GOT-25-STUDIO-SHARED\" data-price=\"3500\" rel=\"nofollow\" class=\"wp-block-button__link wp-element-button add_to_cart_button ajax_add_to_cart\">Tilf\u00f8j til kurv<\/a><\/div>\n\t\t\t<\/li><li class=\"wc-block-grid__product\">\n\t\t\t\t<a href=\"https:\/\/inzain.bike\/da\/vare\/gotland-gravel-camp-2025-basic-rum-delat\/\" class=\"wc-block-grid__product-link\">\n\t\t\t\t\t\n\t\t\t\t\t<div class=\"wc-block-grid__product-image\"><img loading=\"lazy\" decoding=\"async\" width=\"300\" height=\"300\" src=\"https:\/\/inzain.bike\/wp-content\/uploads\/2023\/11\/3517238-300x300.png\" class=\"attachment-woocommerce_thumbnail size-woocommerce_thumbnail\" alt=\"Gotland Gravel Camp delat rum basic\" srcset=\"https:\/\/inzain.bike\/wp-content\/uploads\/2023\/11\/3517238-300x300.png 300w, https:\/\/inzain.bike\/wp-content\/uploads\/2023\/11\/3517238-150x150.png 150w, https:\/\/inzain.bike\/wp-content\/uploads\/2023\/11\/3517238-12x12.png 12w, https:\/\/inzain.bike\/wp-content\/uploads\/2023\/11\/3517238-100x100.png 100w, https:\/\/inzain.bike\/wp-content\/uploads\/2023\/11\/3517238.png 512w\" sizes=\"auto, (max-width: 300px) 100vw, 300px\" \/><\/div>\n\t\t\t\t\t<div class=\"wc-block-grid__product-title\">Gotland Gravel Camp delat rum basic<\/div>\n\t\t\t\t<\/a>\n\t\t\t\t<div class=\"wc-block-grid__product-price price\"><span class=\"wmc-cache-pid \" data-wmc_product_id=\"6033\"><span class=\"woocommerce-Price-amount amount\">2,800&nbsp;<span class=\"woocommerce-Price-currencySymbol\">&#107;&#114;<\/span><\/span><\/span><\/div>\n\t\t\t\t\n\t\t\t\t<div class=\"wp-block-button wc-block-grid__product-add-to-cart\"><a href=\"\/da\/wp-json\/wp\/v2\/pages\/6035?add-to-cart=6033\" aria-label=\"L\u00e6g i kurv: &quot;Gotland Gravel Camp delat rum basic&quot;\" data-quantity=\"1\" data-product_id=\"6033\" data-product_sku=\"GOT-25-BASIC-SHARED\" data-price=\"2800\" rel=\"nofollow\" class=\"wp-block-button__link wp-element-button add_to_cart_button ajax_add_to_cart\">Tilf\u00f8j til kurv<\/a><\/div>\n\t\t\t<\/li><li class=\"wc-block-grid__product\">\n\t\t\t\t<a href=\"https:\/\/inzain.bike\/da\/vare\/gotland-gravel-camp-upgrade-enkelrum\/\" class=\"wc-block-grid__product-link\">\n\t\t\t\t\t\n\t\t\t\t\t<div class=\"wc-block-grid__product-image\"><img loading=\"lazy\" decoding=\"async\" width=\"300\" height=\"300\" src=\"https:\/\/inzain.bike\/wp-content\/uploads\/2023\/11\/6871869-300x300.png\" class=\"attachment-woocommerce_thumbnail size-woocommerce_thumbnail\" alt=\"Gotland Gravel Camp Till\u00e4gg Enkelrum\" srcset=\"https:\/\/inzain.bike\/wp-content\/uploads\/2023\/11\/6871869-300x300.png 300w, https:\/\/inzain.bike\/wp-content\/uploads\/2023\/11\/6871869-150x150.png 150w, https:\/\/inzain.bike\/wp-content\/uploads\/2023\/11\/6871869-12x12.png 12w, https:\/\/inzain.bike\/wp-content\/uploads\/2023\/11\/6871869-100x100.png 100w, https:\/\/inzain.bike\/wp-content\/uploads\/2023\/11\/6871869.png 512w\" sizes=\"auto, (max-width: 300px) 100vw, 300px\" \/><\/div>\n\t\t\t\t\t<div class=\"wc-block-grid__product-title\">Gotland Gravel Camp Till\u00e4gg Enkelrum<\/div>\n\t\t\t\t<\/a>\n\t\t\t\t<div class=\"wc-block-grid__product-price price\"><span class=\"wmc-cache-pid \" data-wmc_product_id=\"8349\"><span class=\"woocommerce-Price-amount amount\">700&nbsp;<span class=\"woocommerce-Price-currencySymbol\">&#107;&#114;<\/span><\/span><\/span><\/div>\n\t\t\t\t\n\t\t\t\t<div class=\"wp-block-button wc-block-grid__product-add-to-cart\"><a href=\"\/da\/wp-json\/wp\/v2\/pages\/6035?add-to-cart=8349\" aria-label=\"L\u00e6g i kurv: &quot;Gotland Gravel Camp Till\u00e4gg Enkelrum&quot;\" data-quantity=\"1\" data-product_id=\"8349\" data-product_sku=\"GOT-25-UPGRADE-SINGLE\" data-price=\"700\" rel=\"nofollow\" class=\"wp-block-button__link wp-element-button add_to_cart_button ajax_add_to_cart\">Tilf\u00f8j til kurv<\/a><\/div>\n\t\t\t<\/li><\/ul><\/div><\/div>\n<\/div>\n\n\n\n<div class=\"wp-block-columns alignwide is-layout-flex wp-container-core-columns-is-layout-28f84493 wp-block-columns-is-layout-flex\">\n<div class=\"wp-block-column is-layout-flow wp-block-column-is-layout-flow\"><\/div>\n\n\n\n<div class=\"wp-block-column is-layout-flow wp-block-column-is-layout-flow\">\n<div class=\"wp-block-buttons is-content-justification-right is-layout-flex wp-container-core-buttons-is-layout-d445cf74 wp-block-buttons-is-layout-flex\">\n<div class=\"wp-block-button has-custom-width wp-block-button__width-75 is-style-circular\"><a class=\"wp-block-button__link has-vivid-cyan-blue-background-color has-background wp-element-button\" href=\"https:\/\/inzain.bike\/varukorg\/\">G\u00e5 VIDARE<\/a><\/div>\n<\/div>\n<\/div>\n<\/div>\n","protected":false},"excerpt":{"rendered":"<p>Vad kan du f\u00f6rv\u00e4nta dig? En fantastisk helg med gravel cykling p\u00e5 Gotland Fina turer och vacker natur med unika lunch och fikast\u00e4llen. V\u00e5ra guider kommer se till att alla f\u00e5r en h\u00e4rlig helg. I god tid innan eventet kommer vi skicka ut fr\u00e5geformul\u00e4r om cyklingen och v\u00e5r ber\u00f6mda riders guide som inneh\u00e5ller allt du [&hellip;]<\/p>\n","protected":false},"author":135133094,"featured_media":0,"parent":0,"menu_order":0,"comment_status":"closed","ping_status":"closed","template":"","meta":{"_coblocks_attr":"","_coblocks_dimensions":"","_coblocks_responsive_height":"","_coblocks_accordion_ie_support":"","footnotes":""},"class_list":["post-6035","page","type-page","status-publish","hentry"],"yoast_head":"<!-- This site is optimized with the Yoast SEO plugin v27.2 - https:\/\/yoast.com\/product\/yoast-seo-wordpress\/ -->\n<title>Anm\u00e4lan Gotland Gravel Camp 2025 - INZAIN Cycling EXPERIENCES<\/title>\n<meta name=\"robots\" content=\"index, follow, max-snippet:-1, max-image-preview:large, max-video-preview:-1\" \/>\n<link rel=\"canonical\" href=\"https:\/\/inzain.bike\/da\/got25-registration\/\" \/>\n<meta property=\"og:locale\" content=\"da_DK\" \/>\n<meta property=\"og:type\" content=\"article\" \/>\n<meta property=\"og:title\" content=\"Anm\u00e4lan Gotland Gravel Camp 2025 - INZAIN Cycling EXPERIENCES\" \/>\n<meta property=\"og:description\" content=\"Vad kan du f\u00f6rv\u00e4nta dig? En fantastisk helg med gravel cykling p\u00e5 Gotland Fina turer och vacker natur med unika lunch och fikast\u00e4llen. V\u00e5ra guider kommer se till att alla f\u00e5r en h\u00e4rlig helg. I god tid innan eventet kommer vi skicka ut fr\u00e5geformul\u00e4r om cyklingen och v\u00e5r ber\u00f6mda riders guide som inneh\u00e5ller allt du [&hellip;]\" \/>\n<meta property=\"og:url\" content=\"https:\/\/inzain.bike\/da\/got25-registration\/\" \/>\n<meta property=\"og:site_name\" content=\"INZAIN Cycling EXPERIENCES\" \/>\n<meta property=\"article:publisher\" content=\"https:\/\/www.facebook.com\/Inzain.bike\" \/>\n<meta property=\"article:modified_time\" content=\"2025-08-13T11:45:32+00:00\" \/>\n<meta property=\"og:image\" content=\"https:\/\/inzain.bike\/wp-content\/uploads\/2023\/11\/20220706_192342.jpg\" \/>\n<meta name=\"twitter:card\" content=\"summary_large_image\" \/>\n<meta name=\"twitter:label1\" content=\"Estimeret l\u00e6setid\" \/>\n\t<meta name=\"twitter:data1\" content=\"1 minut\" \/>\n<script type=\"application\/ld+json\" class=\"yoast-schema-graph\">{\"@context\":\"https:\/\/schema.org\",\"@graph\":[{\"@type\":\"WebPage\",\"@id\":\"https:\/\/inzain.bike\/nl_be\/got25-registration\/\",\"url\":\"https:\/\/inzain.bike\/nl_be\/got25-registration\/\",\"name\":\"Anm\u00e4lan Gotland Gravel Camp 2025 - INZAIN Cycling EXPERIENCES\",\"isPartOf\":{\"@id\":\"https:\/\/inzain.bike\/fr_be\/#website\"},\"primaryImageOfPage\":{\"@id\":\"https:\/\/inzain.bike\/nl_be\/got25-registration\/#primaryimage\"},\"image\":{\"@id\":\"https:\/\/inzain.bike\/nl_be\/got25-registration\/#primaryimage\"},\"thumbnailUrl\":\"https:\/\/inzain.bike\/wp-content\/uploads\/2023\/11\/20220706_192342.jpg\",\"datePublished\":\"2023-11-25T11:34:09+00:00\",\"dateModified\":\"2025-08-13T11:45:32+00:00\",\"breadcrumb\":{\"@id\":\"https:\/\/inzain.bike\/nl_be\/got25-registration\/#breadcrumb\"},\"inLanguage\":\"da-DK\",\"potentialAction\":[{\"@type\":\"ReadAction\",\"target\":[\"https:\/\/inzain.bike\/nl_be\/got25-registration\/\"]}]},{\"@type\":\"ImageObject\",\"inLanguage\":\"da-DK\",\"@id\":\"https:\/\/inzain.bike\/nl_be\/got25-registration\/#primaryimage\",\"url\":\"https:\/\/inzain.bike\/wp-content\/uploads\/2023\/11\/20220706_192342.jpg\",\"contentUrl\":\"https:\/\/inzain.bike\/wp-content\/uploads\/2023\/11\/20220706_192342.jpg\"},{\"@type\":\"BreadcrumbList\",\"@id\":\"https:\/\/inzain.bike\/nl_be\/got25-registration\/#breadcrumb\",\"itemListElement\":[{\"@type\":\"ListItem\",\"position\":1,\"name\":\"Hem\",\"item\":\"https:\/\/inzain.bike\/fr_be\/\"},{\"@type\":\"ListItem\",\"position\":2,\"name\":\"Anm\u00e4lan Gotland Gravel Camp 2025\"}]},{\"@type\":\"WebSite\",\"@id\":\"https:\/\/inzain.bike\/fr_be\/#website\",\"url\":\"https:\/\/inzain.bike\/fr_be\/\",\"name\":\"INZAIN Cycling EXPERIENCES\",\"description\":\"Cyckling Adventures  - for everyone\",\"publisher\":{\"@id\":\"https:\/\/inzain.bike\/fr_be\/#organization\"},\"alternateName\":\"INZAIN Gravel & Travel\",\"potentialAction\":[{\"@type\":\"SearchAction\",\"target\":{\"@type\":\"EntryPoint\",\"urlTemplate\":\"https:\/\/inzain.bike\/fr_be\/?s={search_term_string}\"},\"query-input\":{\"@type\":\"PropertyValueSpecification\",\"valueRequired\":true,\"valueName\":\"search_term_string\"}}],\"inLanguage\":\"da-DK\"},{\"@type\":\"Organization\",\"@id\":\"https:\/\/inzain.bike\/fr_be\/#organization\",\"name\":\"INZAIN Cycling EXPERIENCES\",\"url\":\"https:\/\/inzain.bike\/fr_be\/\",\"logo\":{\"@type\":\"ImageObject\",\"inLanguage\":\"da-DK\",\"@id\":\"https:\/\/inzain.bike\/fr_be\/#\/schema\/logo\/image\/\",\"url\":\"https:\/\/i0.wp.com\/inzain.bike\/wp-content\/uploads\/2023\/09\/cropped-INZAIN_512x512_white.png?fit=512%2C512&ssl=1\",\"contentUrl\":\"https:\/\/i0.wp.com\/inzain.bike\/wp-content\/uploads\/2023\/09\/cropped-INZAIN_512x512_white.png?fit=512%2C512&ssl=1\",\"width\":512,\"height\":512,\"caption\":\"INZAIN Cycling EXPERIENCES\"},\"image\":{\"@id\":\"https:\/\/inzain.bike\/fr_be\/#\/schema\/logo\/image\/\"},\"sameAs\":[\"https:\/\/www.facebook.com\/Inzain.bike\",\"https:\/\/www.instagram.com\/inzainbike\"]}]}<\/script>\n<!-- \/ Yoast SEO plugin. -->","yoast_head_json":{"title":"Anm\u00e4lan Gotland Gravel Camp 2025 - INZAIN Cycling EXPERIENCES","robots":{"index":"index","follow":"follow","max-snippet":"max-snippet:-1","max-image-preview":"max-image-preview:large","max-video-preview":"max-video-preview:-1"},"canonical":"https:\/\/inzain.bike\/da\/got25-registration\/","og_locale":"da_DK","og_type":"article","og_title":"Anm\u00e4lan Gotland Gravel Camp 2025 - INZAIN Cycling EXPERIENCES","og_description":"Vad kan du f\u00f6rv\u00e4nta dig? En fantastisk helg med gravel cykling p\u00e5 Gotland Fina turer och vacker natur med unika lunch och fikast\u00e4llen. V\u00e5ra guider kommer se till att alla f\u00e5r en h\u00e4rlig helg. I god tid innan eventet kommer vi skicka ut fr\u00e5geformul\u00e4r om cyklingen och v\u00e5r ber\u00f6mda riders guide som inneh\u00e5ller allt du [&hellip;]","og_url":"https:\/\/inzain.bike\/da\/got25-registration\/","og_site_name":"INZAIN Cycling EXPERIENCES","article_publisher":"https:\/\/www.facebook.com\/Inzain.bike","article_modified_time":"2025-08-13T11:45:32+00:00","og_image":[{"url":"https:\/\/inzain.bike\/wp-content\/uploads\/2023\/11\/20220706_192342.jpg","type":"","width":"","height":""}],"twitter_card":"summary_large_image","twitter_misc":{"Estimeret l\u00e6setid":"1 minut"},"schema":{"@context":"https:\/\/schema.org","@graph":[{"@type":"WebPage","@id":"https:\/\/inzain.bike\/nl_be\/got25-registration\/","url":"https:\/\/inzain.bike\/nl_be\/got25-registration\/","name":"Anm\u00e4lan Gotland Gravel Camp 2025 - INZAIN Cycling EXPERIENCES","isPartOf":{"@id":"https:\/\/inzain.bike\/fr_be\/#website"},"primaryImageOfPage":{"@id":"https:\/\/inzain.bike\/nl_be\/got25-registration\/#primaryimage"},"image":{"@id":"https:\/\/inzain.bike\/nl_be\/got25-registration\/#primaryimage"},"thumbnailUrl":"https:\/\/inzain.bike\/wp-content\/uploads\/2023\/11\/20220706_192342.jpg","datePublished":"2023-11-25T11:34:09+00:00","dateModified":"2025-08-13T11:45:32+00:00","breadcrumb":{"@id":"https:\/\/inzain.bike\/nl_be\/got25-registration\/#breadcrumb"},"inLanguage":"da-DK","potentialAction":[{"@type":"ReadAction","target":["https:\/\/inzain.bike\/nl_be\/got25-registration\/"]}]},{"@type":"ImageObject","inLanguage":"da-DK","@id":"https:\/\/inzain.bike\/nl_be\/got25-registration\/#primaryimage","url":"https:\/\/inzain.bike\/wp-content\/uploads\/2023\/11\/20220706_192342.jpg","contentUrl":"https:\/\/inzain.bike\/wp-content\/uploads\/2023\/11\/20220706_192342.jpg"},{"@type":"BreadcrumbList","@id":"https:\/\/inzain.bike\/nl_be\/got25-registration\/#breadcrumb","itemListElement":[{"@type":"ListItem","position":1,"name":"Hem","item":"https:\/\/inzain.bike\/fr_be\/"},{"@type":"ListItem","position":2,"name":"Anm\u00e4lan Gotland Gravel Camp 2025"}]},{"@type":"WebSite","@id":"https:\/\/inzain.bike\/fr_be\/#website","url":"https:\/\/inzain.bike\/fr_be\/","name":"INZAIN CykelOPLEVELSER","description":"Cykeleventyr - for alle","publisher":{"@id":"https:\/\/inzain.bike\/fr_be\/#organization"},"alternateName":"INZAIN Gravel & Travel","potentialAction":[{"@type":"SearchAction","target":{"@type":"EntryPoint","urlTemplate":"https:\/\/inzain.bike\/fr_be\/?s={search_term_string}"},"query-input":{"@type":"PropertyValueSpecification","valueRequired":true,"valueName":"search_term_string"}}],"inLanguage":"da-DK"},{"@type":"Organization","@id":"https:\/\/inzain.bike\/fr_be\/#organization","name":"INZAIN CykelOPLEVELSER","url":"https:\/\/inzain.bike\/fr_be\/","logo":{"@type":"ImageObject","inLanguage":"da-DK","@id":"https:\/\/inzain.bike\/fr_be\/#\/schema\/logo\/image\/","url":"https:\/\/i0.wp.com\/inzain.bike\/wp-content\/uploads\/2023\/09\/cropped-INZAIN_512x512_white.png?fit=512%2C512&ssl=1","contentUrl":"https:\/\/i0.wp.com\/inzain.bike\/wp-content\/uploads\/2023\/09\/cropped-INZAIN_512x512_white.png?fit=512%2C512&ssl=1","width":512,"height":512,"caption":"INZAIN Cycling EXPERIENCES"},"image":{"@id":"https:\/\/inzain.bike\/fr_be\/#\/schema\/logo\/image\/"},"sameAs":["https:\/\/www.facebook.com\/Inzain.bike","https:\/\/www.instagram.com\/inzainbike"]}]}},"amp_enabled":true,"_links":{"self":[{"href":"https:\/\/inzain.bike\/da\/wp-json\/wp\/v2\/pages\/6035","targetHints":{"allow":["GET"]}}],"collection":[{"href":"https:\/\/inzain.bike\/da\/wp-json\/wp\/v2\/pages"}],"about":[{"href":"https:\/\/inzain.bike\/da\/wp-json\/wp\/v2\/types\/page"}],"author":[{"embeddable":true,"href":"https:\/\/inzain.bike\/da\/wp-json\/wp\/v2\/users\/135133094"}],"replies":[{"embeddable":true,"href":"https:\/\/inzain.bike\/da\/wp-json\/wp\/v2\/comments?post=6035"}],"version-history":[{"count":2,"href":"https:\/\/inzain.bike\/da\/wp-json\/wp\/v2\/pages\/6035\/revisions"}],"predecessor-version":[{"id":8355,"href":"https:\/\/inzain.bike\/da\/wp-json\/wp\/v2\/pages\/6035\/revisions\/8355"}],"wp:attachment":[{"href":"https:\/\/inzain.bike\/da\/wp-json\/wp\/v2\/media?parent=6035"}],"curies":[{"name":"wp","href":"https:\/\/api.w.org\/{rel}","templated":true}]}}