{"id":6176,"date":"2023-11-25T20:35:03","date_gmt":"2023-11-25T19:35:03","guid":{"rendered":"https:\/\/inzain.bike\/?page_id=6176"},"modified":"2024-01-17T19:43:38","modified_gmt":"2024-01-17T18:43:38","slug":"jap24-activities","status":"publish","type":"page","link":"https:\/\/inzain.bike\/da\/jap24-activities\/","title":{"rendered":"Japans aktiviteter"},"content":{"rendered":"<div class=\"wp-block-columns alignwide is-layout-flex wp-container-core-columns-is-layout-28f84493 wp-block-columns-is-layout-flex\">\n<div class=\"wp-block-column is-layout-flow wp-block-column-is-layout-flow\">\n<p class=\"has-roboto-font-family has-custom-font\" style=\"font-family:Roboto\">Ingen tur til Japan er komplet uden et bes\u00f8g i et af de mange templer\/helligdomme, der findes i hele landet. <\/p>\n\n\n\n<p>Her er fem ting, du skal t\u00e6nke over inden dit bes\u00f8g.<\/p>\n\n\n\n<ol class=\"wp-block-list\">\n<li>B\u00f8j let fremad<\/li>\n\n\n\n<li>Smid forsigtigt en m\u00f8nt i kassen foran dig.<\/li>\n\n\n\n<li>Ring p\u00e5 klokken 2 eller 3 gange for at signalere til guderne, at du er der nu.<\/li>\n\n\n\n<li>B\u00f8j dybt 2 gange (til en vinkel p\u00e5 90 grader).<\/li>\n\n\n\n<li>Klap i h\u00e6nderne 2 gange, med venstre h\u00e5nd lidt foran dig.<\/li>\n<\/ol>\n\n\n\n<pre id=\"tw-target-text\" class=\"wp-block-preformatted\"><\/pre>\n<\/div>\n<\/div>\n\n\n\n<div class=\"wp-block-columns alignwide is-layout-flex wp-container-core-columns-is-layout-28f84493 wp-block-columns-is-layout-flex\">\n<div class=\"wp-block-column is-layout-flow wp-block-column-is-layout-flow\">\n<figure class=\"wp-block-image size-large\"><img loading=\"lazy\" decoding=\"async\" width=\"1024\" height=\"683\" src=\"https:\/\/inzain.bike\/wp-content\/uploads\/2024\/01\/pexels-bagus-pangestu-1440476-1024x683.jpg\" alt=\"\" class=\"wp-image-6678\" srcset=\"https:\/\/inzain.bike\/wp-content\/uploads\/2024\/01\/pexels-bagus-pangestu-1440476-1024x683.jpg 1024w, https:\/\/inzain.bike\/wp-content\/uploads\/2024\/01\/pexels-bagus-pangestu-1440476-300x200.jpg 300w, https:\/\/inzain.bike\/wp-content\/uploads\/2024\/01\/pexels-bagus-pangestu-1440476-768x512.jpg 768w, https:\/\/inzain.bike\/wp-content\/uploads\/2024\/01\/pexels-bagus-pangestu-1440476-1536x1024.jpg 1536w, https:\/\/inzain.bike\/wp-content\/uploads\/2024\/01\/pexels-bagus-pangestu-1440476-2048x1365.jpg 2048w, https:\/\/inzain.bike\/wp-content\/uploads\/2024\/01\/pexels-bagus-pangestu-1440476-18x12.jpg 18w, https:\/\/inzain.bike\/wp-content\/uploads\/2024\/01\/pexels-bagus-pangestu-1440476-1320x880.jpg 1320w, https:\/\/inzain.bike\/wp-content\/uploads\/2024\/01\/pexels-bagus-pangestu-1440476-600x400.jpg 600w\" sizes=\"auto, (max-width: 1024px) 100vw, 1024px\" \/><\/figure>\n<\/div>\n<\/div>\n\n\n\n<div class=\"wp-block-columns alignwide is-layout-flex wp-container-core-columns-is-layout-28f84493 wp-block-columns-is-layout-flex\">\n<div class=\"wp-block-column is-layout-flow wp-block-column-is-layout-flow\">\n<p>Efter vores tid ude p\u00e5 cyklerne nord for Nikko, vil vi bruge cyklerne til let sightseeing i Tokyo. Du kan se frem til f\u00f8lgende. <\/p>\n\n\n\n<figure class=\"wp-block-image alignright size-large\"><img loading=\"lazy\" decoding=\"async\" width=\"1024\" height=\"681\" src=\"https:\/\/inzain.bike\/wp-content\/uploads\/2024\/01\/pexels-timo-volz-18413827-1024x681.jpg\" alt=\"\" class=\"wp-image-6680\" srcset=\"https:\/\/inzain.bike\/wp-content\/uploads\/2024\/01\/pexels-timo-volz-18413827-1024x681.jpg 1024w, https:\/\/inzain.bike\/wp-content\/uploads\/2024\/01\/pexels-timo-volz-18413827-300x199.jpg 300w, https:\/\/inzain.bike\/wp-content\/uploads\/2024\/01\/pexels-timo-volz-18413827-768x511.jpg 768w, https:\/\/inzain.bike\/wp-content\/uploads\/2024\/01\/pexels-timo-volz-18413827-1536x1021.jpg 1536w, https:\/\/inzain.bike\/wp-content\/uploads\/2024\/01\/pexels-timo-volz-18413827-2048x1362.jpg 2048w, https:\/\/inzain.bike\/wp-content\/uploads\/2024\/01\/pexels-timo-volz-18413827-18x12.jpg 18w, https:\/\/inzain.bike\/wp-content\/uploads\/2024\/01\/pexels-timo-volz-18413827-1320x878.jpg 1320w, https:\/\/inzain.bike\/wp-content\/uploads\/2024\/01\/pexels-timo-volz-18413827-600x399.jpg 600w\" sizes=\"auto, (max-width: 1024px) 100vw, 1024px\" \/><\/figure>\n<\/div>\n<\/div>\n\n\n\n<div class=\"wp-block-columns alignwide is-layout-flex wp-container-core-columns-is-layout-28f84493 wp-block-columns-is-layout-flex\">\n<div class=\"wp-block-column is-layout-flow wp-block-column-is-layout-flow\">\n<ol class=\"wp-block-list\">\n<li>Tokyo Tower<\/li>\n\n\n\n<li>Ber\u00f8mt Shibua vejkryds<\/li>\n\n\n\n<li>Harajuku-parken (med alle udkl\u00e6dte unge)<\/li>\n\n\n\n<li>Tokyo Olympiske Stadion<\/li>\n\n\n\n<li>Kejserens Palads<\/li>\n\n\n\n<li>Corsa Corsa (som af mange anses for at v\u00e6re den bedste cykelbutik i verden)<\/li>\n<\/ol>\n\n\n\n<figure class=\"wp-block-image size-large\"><img loading=\"lazy\" decoding=\"async\" width=\"683\" height=\"1024\" src=\"https:\/\/inzain.bike\/wp-content\/uploads\/2024\/01\/pexels-quoc-bao-2034541-683x1024.jpg\" alt=\"\" class=\"wp-image-6681\" srcset=\"https:\/\/inzain.bike\/wp-content\/uploads\/2024\/01\/pexels-quoc-bao-2034541-683x1024.jpg 683w, https:\/\/inzain.bike\/wp-content\/uploads\/2024\/01\/pexels-quoc-bao-2034541-200x300.jpg 200w, https:\/\/inzain.bike\/wp-content\/uploads\/2024\/01\/pexels-quoc-bao-2034541-768x1152.jpg 768w, https:\/\/inzain.bike\/wp-content\/uploads\/2024\/01\/pexels-quoc-bao-2034541-1024x1536.jpg 1024w, https:\/\/inzain.bike\/wp-content\/uploads\/2024\/01\/pexels-quoc-bao-2034541-1365x2048.jpg 1365w, https:\/\/inzain.bike\/wp-content\/uploads\/2024\/01\/pexels-quoc-bao-2034541-8x12.jpg 8w, https:\/\/inzain.bike\/wp-content\/uploads\/2024\/01\/pexels-quoc-bao-2034541-1320x1980.jpg 1320w, https:\/\/inzain.bike\/wp-content\/uploads\/2024\/01\/pexels-quoc-bao-2034541-600x900.jpg 600w, https:\/\/inzain.bike\/wp-content\/uploads\/2024\/01\/pexels-quoc-bao-2034541-scaled.jpg 1707w\" sizes=\"auto, (max-width: 683px) 100vw, 683px\" \/><\/figure>\n<\/div>\n<\/div>","protected":false},"excerpt":{"rendered":"<p>Ingen Japanresa \u00e4r komplett utan ett bes\u00f6k vid ett av de m\u00e5nga tempel \/ shrine som finns \u00f6ver hela landet. H\u00e4r har du fem saker att t\u00e4nka p\u00e5 inf\u00f6r ditt bes\u00f6k. Efter v\u00e5r tid ute p\u00e5 cyklarna norr om Nikko, s\u00e5 kommer vi anv\u00e4nda cyklarna till l\u00e4ttare sightseeing i Tokyo. Du kan se fram emot [&hellip;]<\/p>\n","protected":false},"author":135133094,"featured_media":0,"parent":0,"menu_order":0,"comment_status":"closed","ping_status":"closed","template":"","meta":{"_coblocks_attr":"","_coblocks_dimensions":"","_coblocks_responsive_height":"","_coblocks_accordion_ie_support":"","footnotes":""},"class_list":["post-6176","page","type-page","status-publish","hentry"],"yoast_head":"<!-- This site is optimized with the Yoast SEO plugin v27.2 - https:\/\/yoast.com\/product\/yoast-seo-wordpress\/ -->\n<title>Japan Aktiviteter - INZAIN Cycling EXPERIENCES<\/title>\n<meta name=\"robots\" content=\"index, follow, max-snippet:-1, max-image-preview:large, max-video-preview:-1\" \/>\n<link rel=\"canonical\" href=\"https:\/\/inzain.bike\/da\/jap24-activities\/\" \/>\n<meta property=\"og:locale\" content=\"da_DK\" \/>\n<meta property=\"og:type\" content=\"article\" \/>\n<meta property=\"og:title\" content=\"Japan Aktiviteter - INZAIN Cycling EXPERIENCES\" \/>\n<meta property=\"og:description\" content=\"Ingen Japanresa \u00e4r komplett utan ett bes\u00f6k vid ett av de m\u00e5nga tempel \/ shrine som finns \u00f6ver hela landet. H\u00e4r har du fem saker att t\u00e4nka p\u00e5 inf\u00f6r ditt bes\u00f6k. Efter v\u00e5r tid ute p\u00e5 cyklarna norr om Nikko, s\u00e5 kommer vi anv\u00e4nda cyklarna till l\u00e4ttare sightseeing i Tokyo. Du kan se fram emot [&hellip;]\" \/>\n<meta property=\"og:url\" content=\"https:\/\/inzain.bike\/da\/jap24-activities\/\" \/>\n<meta property=\"og:site_name\" content=\"INZAIN Cycling EXPERIENCES\" \/>\n<meta property=\"article:publisher\" content=\"https:\/\/www.facebook.com\/Inzain.bike\" \/>\n<meta property=\"article:modified_time\" content=\"2024-01-17T18:43:38+00:00\" \/>\n<meta property=\"og:image\" content=\"https:\/\/inzain.bike\/wp-content\/uploads\/2024\/01\/pexels-bagus-pangestu-1440476-1024x683.jpg\" \/>\n<meta name=\"twitter:card\" content=\"summary_large_image\" \/>\n<meta name=\"twitter:label1\" content=\"Estimeret l\u00e6setid\" \/>\n\t<meta name=\"twitter:data1\" content=\"2 minutter\" \/>\n<script type=\"application\/ld+json\" class=\"yoast-schema-graph\">{\"@context\":\"https:\/\/schema.org\",\"@graph\":[{\"@type\":\"WebPage\",\"@id\":\"https:\/\/inzain.bike\/nl_be\/jap24-activities\/\",\"url\":\"https:\/\/inzain.bike\/nl_be\/jap24-activities\/\",\"name\":\"Japan Aktiviteter - INZAIN Cycling EXPERIENCES\",\"isPartOf\":{\"@id\":\"https:\/\/inzain.bike\/fr_be\/#website\"},\"primaryImageOfPage\":{\"@id\":\"https:\/\/inzain.bike\/nl_be\/jap24-activities\/#primaryimage\"},\"image\":{\"@id\":\"https:\/\/inzain.bike\/nl_be\/jap24-activities\/#primaryimage\"},\"thumbnailUrl\":\"https:\/\/inzain.bike\/wp-content\/uploads\/2024\/01\/pexels-bagus-pangestu-1440476-1024x683.jpg\",\"datePublished\":\"2023-11-25T19:35:03+00:00\",\"dateModified\":\"2024-01-17T18:43:38+00:00\",\"breadcrumb\":{\"@id\":\"https:\/\/inzain.bike\/nl_be\/jap24-activities\/#breadcrumb\"},\"inLanguage\":\"da-DK\",\"potentialAction\":[{\"@type\":\"ReadAction\",\"target\":[\"https:\/\/inzain.bike\/nl_be\/jap24-activities\/\"]}]},{\"@type\":\"ImageObject\",\"inLanguage\":\"da-DK\",\"@id\":\"https:\/\/inzain.bike\/nl_be\/jap24-activities\/#primaryimage\",\"url\":\"https:\/\/inzain.bike\/wp-content\/uploads\/2024\/01\/pexels-bagus-pangestu-1440476-1024x683.jpg\",\"contentUrl\":\"https:\/\/inzain.bike\/wp-content\/uploads\/2024\/01\/pexels-bagus-pangestu-1440476-1024x683.jpg\"},{\"@type\":\"BreadcrumbList\",\"@id\":\"https:\/\/inzain.bike\/nl_be\/jap24-activities\/#breadcrumb\",\"itemListElement\":[{\"@type\":\"ListItem\",\"position\":1,\"name\":\"Hem\",\"item\":\"https:\/\/inzain.bike\/fr_be\/\"},{\"@type\":\"ListItem\",\"position\":2,\"name\":\"Japan Aktiviteter\"}]},{\"@type\":\"WebSite\",\"@id\":\"https:\/\/inzain.bike\/fr_be\/#website\",\"url\":\"https:\/\/inzain.bike\/fr_be\/\",\"name\":\"INZAIN Cycling EXPERIENCES\",\"description\":\"Cyckling Adventures  - for everyone\",\"publisher\":{\"@id\":\"https:\/\/inzain.bike\/fr_be\/#organization\"},\"alternateName\":\"INZAIN Gravel & Travel\",\"potentialAction\":[{\"@type\":\"SearchAction\",\"target\":{\"@type\":\"EntryPoint\",\"urlTemplate\":\"https:\/\/inzain.bike\/fr_be\/?s={search_term_string}\"},\"query-input\":{\"@type\":\"PropertyValueSpecification\",\"valueRequired\":true,\"valueName\":\"search_term_string\"}}],\"inLanguage\":\"da-DK\"},{\"@type\":\"Organization\",\"@id\":\"https:\/\/inzain.bike\/fr_be\/#organization\",\"name\":\"INZAIN Cycling EXPERIENCES\",\"url\":\"https:\/\/inzain.bike\/fr_be\/\",\"logo\":{\"@type\":\"ImageObject\",\"inLanguage\":\"da-DK\",\"@id\":\"https:\/\/inzain.bike\/fr_be\/#\/schema\/logo\/image\/\",\"url\":\"https:\/\/i0.wp.com\/inzain.bike\/wp-content\/uploads\/2023\/09\/cropped-INZAIN_512x512_white.png?fit=512%2C512&ssl=1\",\"contentUrl\":\"https:\/\/i0.wp.com\/inzain.bike\/wp-content\/uploads\/2023\/09\/cropped-INZAIN_512x512_white.png?fit=512%2C512&ssl=1\",\"width\":512,\"height\":512,\"caption\":\"INZAIN Cycling EXPERIENCES\"},\"image\":{\"@id\":\"https:\/\/inzain.bike\/fr_be\/#\/schema\/logo\/image\/\"},\"sameAs\":[\"https:\/\/www.facebook.com\/Inzain.bike\",\"https:\/\/www.instagram.com\/inzainbike\"]}]}<\/script>\n<!-- \/ Yoast SEO plugin. -->","yoast_head_json":{"title":"Aktiviteter i Japan - INZAIN Cykeloplevelser","robots":{"index":"index","follow":"follow","max-snippet":"max-snippet:-1","max-image-preview":"max-image-preview:large","max-video-preview":"max-video-preview:-1"},"canonical":"https:\/\/inzain.bike\/da\/jap24-activities\/","og_locale":"da_DK","og_type":"article","og_title":"Japan Aktiviteter - INZAIN Cycling EXPERIENCES","og_description":"Ingen Japanresa \u00e4r komplett utan ett bes\u00f6k vid ett av de m\u00e5nga tempel \/ shrine som finns \u00f6ver hela landet. H\u00e4r har du fem saker att t\u00e4nka p\u00e5 inf\u00f6r ditt bes\u00f6k. Efter v\u00e5r tid ute p\u00e5 cyklarna norr om Nikko, s\u00e5 kommer vi anv\u00e4nda cyklarna till l\u00e4ttare sightseeing i Tokyo. Du kan se fram emot [&hellip;]","og_url":"https:\/\/inzain.bike\/da\/jap24-activities\/","og_site_name":"INZAIN Cycling EXPERIENCES","article_publisher":"https:\/\/www.facebook.com\/Inzain.bike","article_modified_time":"2024-01-17T18:43:38+00:00","og_image":[{"url":"https:\/\/inzain.bike\/wp-content\/uploads\/2024\/01\/pexels-bagus-pangestu-1440476-1024x683.jpg","type":"","width":"","height":""}],"twitter_card":"summary_large_image","twitter_misc":{"Estimeret l\u00e6setid":"2 minutter"},"schema":{"@context":"https:\/\/schema.org","@graph":[{"@type":"WebPage","@id":"https:\/\/inzain.bike\/nl_be\/jap24-activities\/","url":"https:\/\/inzain.bike\/nl_be\/jap24-activities\/","name":"Aktiviteter i Japan - INZAIN Cykeloplevelser","isPartOf":{"@id":"https:\/\/inzain.bike\/fr_be\/#website"},"primaryImageOfPage":{"@id":"https:\/\/inzain.bike\/nl_be\/jap24-activities\/#primaryimage"},"image":{"@id":"https:\/\/inzain.bike\/nl_be\/jap24-activities\/#primaryimage"},"thumbnailUrl":"https:\/\/inzain.bike\/wp-content\/uploads\/2024\/01\/pexels-bagus-pangestu-1440476-1024x683.jpg","datePublished":"2023-11-25T19:35:03+00:00","dateModified":"2024-01-17T18:43:38+00:00","breadcrumb":{"@id":"https:\/\/inzain.bike\/nl_be\/jap24-activities\/#breadcrumb"},"inLanguage":"da-DK","potentialAction":[{"@type":"ReadAction","target":["https:\/\/inzain.bike\/nl_be\/jap24-activities\/"]}]},{"@type":"ImageObject","inLanguage":"da-DK","@id":"https:\/\/inzain.bike\/nl_be\/jap24-activities\/#primaryimage","url":"https:\/\/inzain.bike\/wp-content\/uploads\/2024\/01\/pexels-bagus-pangestu-1440476-1024x683.jpg","contentUrl":"https:\/\/inzain.bike\/wp-content\/uploads\/2024\/01\/pexels-bagus-pangestu-1440476-1024x683.jpg"},{"@type":"BreadcrumbList","@id":"https:\/\/inzain.bike\/nl_be\/jap24-activities\/#breadcrumb","itemListElement":[{"@type":"ListItem","position":1,"name":"Hem","item":"https:\/\/inzain.bike\/fr_be\/"},{"@type":"ListItem","position":2,"name":"Japan Aktiviteter"}]},{"@type":"WebSite","@id":"https:\/\/inzain.bike\/fr_be\/#website","url":"https:\/\/inzain.bike\/fr_be\/","name":"INZAIN CykelOPLEVELSER","description":"Cykeleventyr - for alle","publisher":{"@id":"https:\/\/inzain.bike\/fr_be\/#organization"},"alternateName":"INZAIN Gravel & Travel","potentialAction":[{"@type":"SearchAction","target":{"@type":"EntryPoint","urlTemplate":"https:\/\/inzain.bike\/fr_be\/?s={search_term_string}"},"query-input":{"@type":"PropertyValueSpecification","valueRequired":true,"valueName":"search_term_string"}}],"inLanguage":"da-DK"},{"@type":"Organization","@id":"https:\/\/inzain.bike\/fr_be\/#organization","name":"INZAIN CykelOPLEVELSER","url":"https:\/\/inzain.bike\/fr_be\/","logo":{"@type":"ImageObject","inLanguage":"da-DK","@id":"https:\/\/inzain.bike\/fr_be\/#\/schema\/logo\/image\/","url":"https:\/\/i0.wp.com\/inzain.bike\/wp-content\/uploads\/2023\/09\/cropped-INZAIN_512x512_white.png?fit=512%2C512&ssl=1","contentUrl":"https:\/\/i0.wp.com\/inzain.bike\/wp-content\/uploads\/2023\/09\/cropped-INZAIN_512x512_white.png?fit=512%2C512&ssl=1","width":512,"height":512,"caption":"INZAIN Cycling EXPERIENCES"},"image":{"@id":"https:\/\/inzain.bike\/fr_be\/#\/schema\/logo\/image\/"},"sameAs":["https:\/\/www.facebook.com\/Inzain.bike","https:\/\/www.instagram.com\/inzainbike"]}]}},"amp_enabled":true,"_links":{"self":[{"href":"https:\/\/inzain.bike\/da\/wp-json\/wp\/v2\/pages\/6176","targetHints":{"allow":["GET"]}}],"collection":[{"href":"https:\/\/inzain.bike\/da\/wp-json\/wp\/v2\/pages"}],"about":[{"href":"https:\/\/inzain.bike\/da\/wp-json\/wp\/v2\/types\/page"}],"author":[{"embeddable":true,"href":"https:\/\/inzain.bike\/da\/wp-json\/wp\/v2\/users\/135133094"}],"replies":[{"embeddable":true,"href":"https:\/\/inzain.bike\/da\/wp-json\/wp\/v2\/comments?post=6176"}],"version-history":[{"count":0,"href":"https:\/\/inzain.bike\/da\/wp-json\/wp\/v2\/pages\/6176\/revisions"}],"wp:attachment":[{"href":"https:\/\/inzain.bike\/da\/wp-json\/wp\/v2\/media?parent=6176"}],"curies":[{"name":"wp","href":"https:\/\/api.w.org\/{rel}","templated":true}]}}