{"id":6180,"date":"2023-11-25T20:36:41","date_gmt":"2023-11-25T19:36:41","guid":{"rendered":"https:\/\/inzain.bike\/?page_id=6180"},"modified":"2024-03-21T11:58:21","modified_gmt":"2024-03-21T10:58:21","slug":"jap24-japan","status":"publish","type":"page","link":"https:\/\/inzain.bike\/da\/jap24-japan\/","title":{"rendered":"Om Japan"},"content":{"rendered":"<div class=\"wp-block-jetpack-tiled-gallery alignwide is-style-rectangular\"><div class=\"tiled-gallery__gallery\"><div class=\"tiled-gallery__row\"><div class=\"tiled-gallery__col\" style=\"flex-basis:40.95681%\"><figure class=\"tiled-gallery__item\"><img decoding=\"async\" alt=\"\" data-height=\"1536\" data-id=\"5526\" data-link=\"https:\/\/inzain.bike\/?attachment_id=5526\" data-url=\"https:\/\/inzain.bike\/wp-content\/uploads\/2023\/11\/403934948_360440446556590_3576676126224712568_n-1024x768.jpg\" data-width=\"2048\" src=\"https:\/\/i2.wp.com\/inzain.bike\/wp-content\/uploads\/2023\/11\/403934948_360440446556590_3576676126224712568_n-1024x768.jpg?ssl=1\" data-amp-layout=\"responsive\"\/><\/figure><\/div><div class=\"tiled-gallery__col\" style=\"flex-basis:35.97143%\"><figure class=\"tiled-gallery__item\"><img decoding=\"async\" alt=\"\" data-height=\"820\" data-id=\"5525\" data-link=\"https:\/\/inzain.bike\/?attachment_id=5525\" data-url=\"https:\/\/inzain.bike\/wp-content\/uploads\/2023\/11\/403759442_6869659199795530_7435237830084592083_n.jpg\" data-width=\"960\" src=\"https:\/\/i0.wp.com\/inzain.bike\/wp-content\/uploads\/2023\/11\/403759442_6869659199795530_7435237830084592083_n.jpg?ssl=1\" data-amp-layout=\"responsive\"\/><\/figure><\/div><div class=\"tiled-gallery__col\" style=\"flex-basis:23.07176%\"><figure class=\"tiled-gallery__item\"><img decoding=\"async\" alt=\"\" data-height=\"1124\" data-id=\"5512\" data-link=\"https:\/\/inzain.bike\/?attachment_id=5512\" data-url=\"https:\/\/inzain.bike\/wp-content\/uploads\/2023\/11\/399644470_6920353488029575_7242802761325152916_n-768x1024.jpg\" data-width=\"843\" src=\"https:\/\/i1.wp.com\/inzain.bike\/wp-content\/uploads\/2023\/11\/399644470_6920353488029575_7242802761325152916_n-768x1024.jpg?ssl=1\" data-amp-layout=\"responsive\"\/><\/figure><\/div><\/div><div class=\"tiled-gallery__row\"><div class=\"tiled-gallery__col\" style=\"flex-basis:29.41790%\"><figure class=\"tiled-gallery__item\"><img decoding=\"async\" alt=\"\" data-height=\"965\" data-id=\"5513\" data-link=\"https:\/\/inzain.bike\/?attachment_id=5513\" data-url=\"https:\/\/inzain.bike\/wp-content\/uploads\/2023\/11\/401009446_10161596915317053_5664684209380792798_n-1024x768.jpg\" data-width=\"1286\" src=\"https:\/\/i2.wp.com\/inzain.bike\/wp-content\/uploads\/2023\/11\/401009446_10161596915317053_5664684209380792798_n-1024x768.jpg?ssl=1\" data-amp-layout=\"responsive\"\/><\/figure><\/div><div class=\"tiled-gallery__col\" style=\"flex-basis:16.58429%\"><figure class=\"tiled-gallery__item\"><img decoding=\"async\" alt=\"\" data-height=\"1124\" data-id=\"5514\" data-link=\"https:\/\/inzain.bike\/?attachment_id=5514\" data-url=\"https:\/\/inzain.bike\/wp-content\/uploads\/2023\/11\/401652336_10162016334426874_717856886758097510_n-768x1024.jpg\" data-width=\"843\" src=\"https:\/\/i1.wp.com\/inzain.bike\/wp-content\/uploads\/2023\/11\/401652336_10162016334426874_717856886758097510_n-768x1024.jpg?ssl=1\" data-amp-layout=\"responsive\"\/><\/figure><\/div><div class=\"tiled-gallery__col\" style=\"flex-basis:20.09500%\"><figure class=\"tiled-gallery__item\"><img decoding=\"async\" alt=\"\" data-height=\"927\" data-id=\"5515\" data-link=\"https:\/\/inzain.bike\/?attachment_id=5515\" data-url=\"https:\/\/inzain.bike\/wp-content\/uploads\/2023\/11\/401659872_714295497413720_6920862536520699886_n.jpg\" data-width=\"843\" src=\"https:\/\/i1.wp.com\/inzain.bike\/wp-content\/uploads\/2023\/11\/401659872_714295497413720_6920862536520699886_n.jpg?ssl=1\" data-amp-layout=\"responsive\"\/><\/figure><\/div><div class=\"tiled-gallery__col\" style=\"flex-basis:14.74875%\"><figure class=\"tiled-gallery__item\"><img decoding=\"async\" alt=\"\" data-height=\"960\" data-id=\"5516\" data-link=\"https:\/\/inzain.bike\/?attachment_id=5516\" data-url=\"https:\/\/inzain.bike\/wp-content\/uploads\/2023\/11\/401686732_359968623187898_8230081955857310520_n.jpg\" data-width=\"640\" src=\"https:\/\/i2.wp.com\/inzain.bike\/wp-content\/uploads\/2023\/11\/401686732_359968623187898_8230081955857310520_n.jpg?ssl=1\" data-amp-layout=\"responsive\"\/><\/figure><\/div><div class=\"tiled-gallery__col\" style=\"flex-basis:19.15406%\"><figure class=\"tiled-gallery__item\"><img decoding=\"async\" alt=\"\" data-height=\"960\" data-id=\"5517\" data-link=\"https:\/\/inzain.bike\/?attachment_id=5517\" data-url=\"https:\/\/inzain.bike\/wp-content\/uploads\/2023\/11\/401832850_1790193884745254_6575253379630461090_n.jpg\" data-width=\"832\" src=\"https:\/\/i1.wp.com\/inzain.bike\/wp-content\/uploads\/2023\/11\/401832850_1790193884745254_6575253379630461090_n.jpg?ssl=1\" data-amp-layout=\"responsive\"\/><\/figure><\/div><\/div><div class=\"tiled-gallery__row\"><div class=\"tiled-gallery__col\" style=\"flex-basis:50.06395%\"><figure class=\"tiled-gallery__item\"><img decoding=\"async\" alt=\"\" data-height=\"676\" data-id=\"5518\" data-link=\"https:\/\/inzain.bike\/?attachment_id=5518\" data-url=\"https:\/\/inzain.bike\/wp-content\/uploads\/2023\/11\/401841842_269351346090574_2044840072621240069_n.jpg\" data-width=\"552\" src=\"https:\/\/i1.wp.com\/inzain.bike\/wp-content\/uploads\/2023\/11\/401841842_269351346090574_2044840072621240069_n.jpg?ssl=1\" data-amp-layout=\"responsive\"\/><\/figure><\/div><div class=\"tiled-gallery__col\" style=\"flex-basis:49.93605%\"><figure class=\"tiled-gallery__item\"><img decoding=\"async\" alt=\"\" data-height=\"884\" data-id=\"5519\" data-link=\"https:\/\/inzain.bike\/?attachment_id=5519\" data-url=\"https:\/\/inzain.bike\/wp-content\/uploads\/2023\/11\/401844647_1052763792814983_9105874681434406920_n.jpg\" data-width=\"720\" src=\"https:\/\/i0.wp.com\/inzain.bike\/wp-content\/uploads\/2023\/11\/401844647_1052763792814983_9105874681434406920_n.jpg?ssl=1\" data-amp-layout=\"responsive\"\/><\/figure><\/div><\/div><div class=\"tiled-gallery__row\"><div class=\"tiled-gallery__col\" style=\"flex-basis:43.43244%\"><figure class=\"tiled-gallery__item\"><img decoding=\"async\" alt=\"\" data-height=\"640\" data-id=\"5520\" data-link=\"https:\/\/inzain.bike\/?attachment_id=5520\" data-url=\"https:\/\/inzain.bike\/wp-content\/uploads\/2023\/11\/402060086_1302001047864340_3951084635427868528_n-1024x484.jpg\" data-width=\"1355\" src=\"https:\/\/i1.wp.com\/inzain.bike\/wp-content\/uploads\/2023\/11\/402060086_1302001047864340_3951084635427868528_n-1024x484.jpg?ssl=1\" data-amp-layout=\"responsive\"\/><\/figure><\/div><div class=\"tiled-gallery__col\" style=\"flex-basis:27.38424%\"><figure class=\"tiled-gallery__item\"><img decoding=\"async\" alt=\"\" data-height=\"1536\" data-id=\"5521\" data-link=\"https:\/\/inzain.bike\/?attachment_id=5521\" data-url=\"https:\/\/inzain.bike\/wp-content\/uploads\/2023\/11\/402159904_6990845550983793_294562206569673061_n-1024x768.jpg\" data-width=\"2048\" src=\"https:\/\/i2.wp.com\/inzain.bike\/wp-content\/uploads\/2023\/11\/402159904_6990845550983793_294562206569673061_n-1024x768.jpg?ssl=1\" data-amp-layout=\"responsive\"\/><\/figure><\/div><div class=\"tiled-gallery__col\" style=\"flex-basis:13.74193%\"><figure class=\"tiled-gallery__item\"><img decoding=\"async\" alt=\"\" data-height=\"1024\" data-id=\"5522\" data-link=\"https:\/\/inzain.bike\/?attachment_id=5522\" data-url=\"https:\/\/inzain.bike\/wp-content\/uploads\/2023\/11\/402264604_10232675004723473_2318620263882664549_n.jpg\" data-width=\"683\" src=\"https:\/\/i2.wp.com\/inzain.bike\/wp-content\/uploads\/2023\/11\/402264604_10232675004723473_2318620263882664549_n.jpg?ssl=1\" data-amp-layout=\"responsive\"\/><\/figure><\/div><div class=\"tiled-gallery__col\" style=\"flex-basis:15.44139%\"><figure class=\"tiled-gallery__item\"><img decoding=\"async\" alt=\"\" data-height=\"1124\" data-id=\"5523\" data-link=\"https:\/\/inzain.bike\/?attachment_id=5523\" data-url=\"https:\/\/inzain.bike\/wp-content\/uploads\/2023\/11\/402609222_7400274026663087_282194269320675382_n-768x1024.jpg\" data-width=\"843\" src=\"https:\/\/i1.wp.com\/inzain.bike\/wp-content\/uploads\/2023\/11\/402609222_7400274026663087_282194269320675382_n-768x1024.jpg?ssl=1\" data-amp-layout=\"responsive\"\/><\/figure><\/div><\/div><\/div><\/div>\n\n\n\n<div class=\"wp-block-columns alignwide is-layout-flex wp-container-core-columns-is-layout-28f84493 wp-block-columns-is-layout-flex\">\n<div class=\"wp-block-column is-layout-flow wp-block-column-is-layout-flow\">\n<figure class=\"wp-block-image size-large\"><img loading=\"lazy\" decoding=\"async\" width=\"1024\" height=\"684\" src=\"https:\/\/inzain.bike\/wp-content\/uploads\/2024\/03\/DSC01331-1024x684.jpg\" alt=\"\" class=\"wp-image-7135\" srcset=\"https:\/\/inzain.bike\/wp-content\/uploads\/2024\/03\/DSC01331-1024x684.jpg 1024w, https:\/\/inzain.bike\/wp-content\/uploads\/2024\/03\/DSC01331-300x200.jpg 300w, https:\/\/inzain.bike\/wp-content\/uploads\/2024\/03\/DSC01331-768x513.jpg 768w, https:\/\/inzain.bike\/wp-content\/uploads\/2024\/03\/DSC01331-1536x1027.jpg 1536w, https:\/\/inzain.bike\/wp-content\/uploads\/2024\/03\/DSC01331-18x12.jpg 18w, https:\/\/inzain.bike\/wp-content\/uploads\/2024\/03\/DSC01331-1320x882.jpg 1320w, https:\/\/inzain.bike\/wp-content\/uploads\/2024\/03\/DSC01331-600x401.jpg 600w, https:\/\/inzain.bike\/wp-content\/uploads\/2024\/03\/DSC01331.jpg 1616w\" sizes=\"auto, (max-width: 1024px) 100vw, 1024px\" \/><\/figure>\n<\/div>\n\n\n\n<div class=\"wp-block-column is-layout-flow wp-block-column-is-layout-flow\">\n<p>Japan er et &quot;must&quot;, hvis du ikke allerede har bes\u00f8gt der. Og hvis du gjorde det uden cykel, har du en anden grund. Af alle de destinationer, vi tilbyder, er det den til Japan, der f\u00e5r flest ros og varme kommentarer. <\/p>\n<\/div>\n<\/div>\n\n\n\n<div class=\"wp-block-columns alignwide is-layout-flex wp-container-core-columns-is-layout-28f84493 wp-block-columns-is-layout-flex\">\n<div class=\"wp-block-column is-layout-flow wp-block-column-is-layout-flow\">\n<p>En rejse til Japan er en rejse, hvor du tager noget meget v\u00e6rdifuldt og v\u00e6rdsat med dig hjem. Og vi mener ikke, hvad der passer i en kuffert. Enhver, der har rejst med os f\u00f8r, forst\u00e5r, hvad vi mener. <\/p>\n<\/div>\n\n\n\n<div class=\"wp-block-column is-layout-flow wp-block-column-is-layout-flow\">\n<figure class=\"wp-block-image size-large\"><img loading=\"lazy\" decoding=\"async\" width=\"1024\" height=\"684\" src=\"https:\/\/inzain.bike\/wp-content\/uploads\/2024\/03\/DSC01241-1024x684.jpg\" alt=\"\" class=\"wp-image-7139\" srcset=\"https:\/\/inzain.bike\/wp-content\/uploads\/2024\/03\/DSC01241-1024x684.jpg 1024w, https:\/\/inzain.bike\/wp-content\/uploads\/2024\/03\/DSC01241-300x200.jpg 300w, https:\/\/inzain.bike\/wp-content\/uploads\/2024\/03\/DSC01241-768x513.jpg 768w, https:\/\/inzain.bike\/wp-content\/uploads\/2024\/03\/DSC01241-1536x1027.jpg 1536w, https:\/\/inzain.bike\/wp-content\/uploads\/2024\/03\/DSC01241-18x12.jpg 18w, https:\/\/inzain.bike\/wp-content\/uploads\/2024\/03\/DSC01241-1320x882.jpg 1320w, https:\/\/inzain.bike\/wp-content\/uploads\/2024\/03\/DSC01241-600x401.jpg 600w, https:\/\/inzain.bike\/wp-content\/uploads\/2024\/03\/DSC01241.jpg 1616w\" sizes=\"auto, (max-width: 1024px) 100vw, 1024px\" \/><\/figure>\n<\/div>\n<\/div>","protected":false},"excerpt":{"rendered":"<p>Japan \u00e4r ett &#8220;m\u00e5ste&#8221; om du inte redan gjort ett bes\u00f6k d\u00e4r. Och har du gjort det utan cykel s\u00e5 har du en anledning till. Av alla resm\u00e5l vi erbjuder \u00e4r det den till Japan som f\u00e5r mest lovord och varma kommentarer. En resa till Japan \u00e4r en resa d\u00e4r du tar med dig n\u00e5got [&hellip;]<\/p>\n","protected":false},"author":135133094,"featured_media":0,"parent":0,"menu_order":0,"comment_status":"closed","ping_status":"closed","template":"","meta":{"_coblocks_attr":"","_coblocks_dimensions":"","_coblocks_responsive_height":"","_coblocks_accordion_ie_support":"","footnotes":""},"class_list":["post-6180","page","type-page","status-publish","hentry"],"yoast_head":"<!-- This site is optimized with the Yoast SEO plugin v27.2 - https:\/\/yoast.com\/product\/yoast-seo-wordpress\/ -->\n<title>Om Japan - INZAIN Cycling EXPERIENCES<\/title>\n<meta name=\"robots\" content=\"index, follow, max-snippet:-1, max-image-preview:large, max-video-preview:-1\" \/>\n<link rel=\"canonical\" href=\"https:\/\/inzain.bike\/da\/jap24-japan\/\" \/>\n<meta property=\"og:locale\" content=\"da_DK\" \/>\n<meta property=\"og:type\" content=\"article\" \/>\n<meta property=\"og:title\" content=\"Om Japan - INZAIN Cycling EXPERIENCES\" \/>\n<meta property=\"og:description\" content=\"Japan \u00e4r ett &#8220;m\u00e5ste&#8221; om du inte redan gjort ett bes\u00f6k d\u00e4r. Och har du gjort det utan cykel s\u00e5 har du en anledning till. Av alla resm\u00e5l vi erbjuder \u00e4r det den till Japan som f\u00e5r mest lovord och varma kommentarer. En resa till Japan \u00e4r en resa d\u00e4r du tar med dig n\u00e5got [&hellip;]\" \/>\n<meta property=\"og:url\" content=\"https:\/\/inzain.bike\/da\/jap24-japan\/\" \/>\n<meta property=\"og:site_name\" content=\"INZAIN Cycling EXPERIENCES\" \/>\n<meta property=\"article:publisher\" content=\"https:\/\/www.facebook.com\/Inzain.bike\" \/>\n<meta property=\"article:modified_time\" content=\"2024-03-21T10:58:21+00:00\" \/>\n<meta property=\"og:image\" content=\"https:\/\/i2.wp.com\/inzain.bike\/wp-content\/uploads\/2023\/11\/403934948_360440446556590_3576676126224712568_n-1024x768.jpg?ssl=1\" \/>\n<meta name=\"twitter:card\" content=\"summary_large_image\" \/>\n<meta name=\"twitter:label1\" content=\"Estimeret l\u00e6setid\" \/>\n\t<meta name=\"twitter:data1\" content=\"4 minutter\" \/>\n<script type=\"application\/ld+json\" class=\"yoast-schema-graph\">{\"@context\":\"https:\/\/schema.org\",\"@graph\":[{\"@type\":\"WebPage\",\"@id\":\"https:\/\/inzain.bike\/sv_se\/jap24-japan\/\",\"url\":\"https:\/\/inzain.bike\/sv_se\/jap24-japan\/\",\"name\":\"Om Japan - INZAIN Cycling EXPERIENCES\",\"isPartOf\":{\"@id\":\"https:\/\/inzain.bike\/fr_be\/#website\"},\"primaryImageOfPage\":{\"@id\":\"https:\/\/inzain.bike\/sv_se\/jap24-japan\/#primaryimage\"},\"image\":{\"@id\":\"https:\/\/inzain.bike\/sv_se\/jap24-japan\/#primaryimage\"},\"thumbnailUrl\":\"https:\/\/i2.wp.com\/inzain.bike\/wp-content\/uploads\/2023\/11\/403934948_360440446556590_3576676126224712568_n-1024x768.jpg?ssl=1\",\"datePublished\":\"2023-11-25T19:36:41+00:00\",\"dateModified\":\"2024-03-21T10:58:21+00:00\",\"breadcrumb\":{\"@id\":\"https:\/\/inzain.bike\/sv_se\/jap24-japan\/#breadcrumb\"},\"inLanguage\":\"da-DK\",\"potentialAction\":[{\"@type\":\"ReadAction\",\"target\":[\"https:\/\/inzain.bike\/sv_se\/jap24-japan\/\"]}]},{\"@type\":\"ImageObject\",\"inLanguage\":\"da-DK\",\"@id\":\"https:\/\/inzain.bike\/sv_se\/jap24-japan\/#primaryimage\",\"url\":\"https:\/\/i2.wp.com\/inzain.bike\/wp-content\/uploads\/2023\/11\/403934948_360440446556590_3576676126224712568_n-1024x768.jpg?ssl=1\",\"contentUrl\":\"https:\/\/i2.wp.com\/inzain.bike\/wp-content\/uploads\/2023\/11\/403934948_360440446556590_3576676126224712568_n-1024x768.jpg?ssl=1\"},{\"@type\":\"BreadcrumbList\",\"@id\":\"https:\/\/inzain.bike\/sv_se\/jap24-japan\/#breadcrumb\",\"itemListElement\":[{\"@type\":\"ListItem\",\"position\":1,\"name\":\"Hem\",\"item\":\"https:\/\/inzain.bike\/fr_be\/\"},{\"@type\":\"ListItem\",\"position\":2,\"name\":\"Om Japan\"}]},{\"@type\":\"WebSite\",\"@id\":\"https:\/\/inzain.bike\/fr_be\/#website\",\"url\":\"https:\/\/inzain.bike\/fr_be\/\",\"name\":\"INZAIN Cycling EXPERIENCES\",\"description\":\"Cyckling Adventures  - for everyone\",\"publisher\":{\"@id\":\"https:\/\/inzain.bike\/fr_be\/#organization\"},\"alternateName\":\"INZAIN Gravel & Travel\",\"potentialAction\":[{\"@type\":\"SearchAction\",\"target\":{\"@type\":\"EntryPoint\",\"urlTemplate\":\"https:\/\/inzain.bike\/fr_be\/?s={search_term_string}\"},\"query-input\":{\"@type\":\"PropertyValueSpecification\",\"valueRequired\":true,\"valueName\":\"search_term_string\"}}],\"inLanguage\":\"da-DK\"},{\"@type\":\"Organization\",\"@id\":\"https:\/\/inzain.bike\/fr_be\/#organization\",\"name\":\"INZAIN Cycling EXPERIENCES\",\"url\":\"https:\/\/inzain.bike\/fr_be\/\",\"logo\":{\"@type\":\"ImageObject\",\"inLanguage\":\"da-DK\",\"@id\":\"https:\/\/inzain.bike\/fr_be\/#\/schema\/logo\/image\/\",\"url\":\"https:\/\/i0.wp.com\/inzain.bike\/wp-content\/uploads\/2023\/09\/cropped-INZAIN_512x512_white.png?fit=512%2C512&ssl=1\",\"contentUrl\":\"https:\/\/i0.wp.com\/inzain.bike\/wp-content\/uploads\/2023\/09\/cropped-INZAIN_512x512_white.png?fit=512%2C512&ssl=1\",\"width\":512,\"height\":512,\"caption\":\"INZAIN Cycling EXPERIENCES\"},\"image\":{\"@id\":\"https:\/\/inzain.bike\/fr_be\/#\/schema\/logo\/image\/\"},\"sameAs\":[\"https:\/\/www.facebook.com\/Inzain.bike\",\"https:\/\/www.instagram.com\/inzainbike\"]}]}<\/script>\n<!-- \/ Yoast SEO plugin. -->","yoast_head_json":{"title":"Om Japan - INZAIN Cykeloplevelser","robots":{"index":"index","follow":"follow","max-snippet":"max-snippet:-1","max-image-preview":"max-image-preview:large","max-video-preview":"max-video-preview:-1"},"canonical":"https:\/\/inzain.bike\/da\/jap24-japan\/","og_locale":"da_DK","og_type":"article","og_title":"Om Japan - INZAIN Cycling EXPERIENCES","og_description":"Japan \u00e4r ett &#8220;m\u00e5ste&#8221; om du inte redan gjort ett bes\u00f6k d\u00e4r. Och har du gjort det utan cykel s\u00e5 har du en anledning till. Av alla resm\u00e5l vi erbjuder \u00e4r det den till Japan som f\u00e5r mest lovord och varma kommentarer. En resa till Japan \u00e4r en resa d\u00e4r du tar med dig n\u00e5got [&hellip;]","og_url":"https:\/\/inzain.bike\/da\/jap24-japan\/","og_site_name":"INZAIN Cycling EXPERIENCES","article_publisher":"https:\/\/www.facebook.com\/Inzain.bike","article_modified_time":"2024-03-21T10:58:21+00:00","og_image":[{"url":"https:\/\/i2.wp.com\/inzain.bike\/wp-content\/uploads\/2023\/11\/403934948_360440446556590_3576676126224712568_n-1024x768.jpg?ssl=1","type":"","width":"","height":""}],"twitter_card":"summary_large_image","twitter_misc":{"Estimeret l\u00e6setid":"4 minutter"},"schema":{"@context":"https:\/\/schema.org","@graph":[{"@type":"WebPage","@id":"https:\/\/inzain.bike\/sv_se\/jap24-japan\/","url":"https:\/\/inzain.bike\/sv_se\/jap24-japan\/","name":"Om Japan - INZAIN Cykeloplevelser","isPartOf":{"@id":"https:\/\/inzain.bike\/fr_be\/#website"},"primaryImageOfPage":{"@id":"https:\/\/inzain.bike\/sv_se\/jap24-japan\/#primaryimage"},"image":{"@id":"https:\/\/inzain.bike\/sv_se\/jap24-japan\/#primaryimage"},"thumbnailUrl":"https:\/\/i2.wp.com\/inzain.bike\/wp-content\/uploads\/2023\/11\/403934948_360440446556590_3576676126224712568_n-1024x768.jpg?ssl=1","datePublished":"2023-11-25T19:36:41+00:00","dateModified":"2024-03-21T10:58:21+00:00","breadcrumb":{"@id":"https:\/\/inzain.bike\/sv_se\/jap24-japan\/#breadcrumb"},"inLanguage":"da-DK","potentialAction":[{"@type":"ReadAction","target":["https:\/\/inzain.bike\/sv_se\/jap24-japan\/"]}]},{"@type":"ImageObject","inLanguage":"da-DK","@id":"https:\/\/inzain.bike\/sv_se\/jap24-japan\/#primaryimage","url":"https:\/\/i2.wp.com\/inzain.bike\/wp-content\/uploads\/2023\/11\/403934948_360440446556590_3576676126224712568_n-1024x768.jpg?ssl=1","contentUrl":"https:\/\/i2.wp.com\/inzain.bike\/wp-content\/uploads\/2023\/11\/403934948_360440446556590_3576676126224712568_n-1024x768.jpg?ssl=1"},{"@type":"BreadcrumbList","@id":"https:\/\/inzain.bike\/sv_se\/jap24-japan\/#breadcrumb","itemListElement":[{"@type":"ListItem","position":1,"name":"Hem","item":"https:\/\/inzain.bike\/fr_be\/"},{"@type":"ListItem","position":2,"name":"Om Japan"}]},{"@type":"WebSite","@id":"https:\/\/inzain.bike\/fr_be\/#website","url":"https:\/\/inzain.bike\/fr_be\/","name":"INZAIN CykelOPLEVELSER","description":"Cykeleventyr - for alle","publisher":{"@id":"https:\/\/inzain.bike\/fr_be\/#organization"},"alternateName":"INZAIN Gravel & Travel","potentialAction":[{"@type":"SearchAction","target":{"@type":"EntryPoint","urlTemplate":"https:\/\/inzain.bike\/fr_be\/?s={search_term_string}"},"query-input":{"@type":"PropertyValueSpecification","valueRequired":true,"valueName":"search_term_string"}}],"inLanguage":"da-DK"},{"@type":"Organization","@id":"https:\/\/inzain.bike\/fr_be\/#organization","name":"INZAIN CykelOPLEVELSER","url":"https:\/\/inzain.bike\/fr_be\/","logo":{"@type":"ImageObject","inLanguage":"da-DK","@id":"https:\/\/inzain.bike\/fr_be\/#\/schema\/logo\/image\/","url":"https:\/\/i0.wp.com\/inzain.bike\/wp-content\/uploads\/2023\/09\/cropped-INZAIN_512x512_white.png?fit=512%2C512&ssl=1","contentUrl":"https:\/\/i0.wp.com\/inzain.bike\/wp-content\/uploads\/2023\/09\/cropped-INZAIN_512x512_white.png?fit=512%2C512&ssl=1","width":512,"height":512,"caption":"INZAIN Cycling EXPERIENCES"},"image":{"@id":"https:\/\/inzain.bike\/fr_be\/#\/schema\/logo\/image\/"},"sameAs":["https:\/\/www.facebook.com\/Inzain.bike","https:\/\/www.instagram.com\/inzainbike"]}]}},"amp_enabled":true,"_links":{"self":[{"href":"https:\/\/inzain.bike\/da\/wp-json\/wp\/v2\/pages\/6180","targetHints":{"allow":["GET"]}}],"collection":[{"href":"https:\/\/inzain.bike\/da\/wp-json\/wp\/v2\/pages"}],"about":[{"href":"https:\/\/inzain.bike\/da\/wp-json\/wp\/v2\/types\/page"}],"author":[{"embeddable":true,"href":"https:\/\/inzain.bike\/da\/wp-json\/wp\/v2\/users\/135133094"}],"replies":[{"embeddable":true,"href":"https:\/\/inzain.bike\/da\/wp-json\/wp\/v2\/comments?post=6180"}],"version-history":[{"count":0,"href":"https:\/\/inzain.bike\/da\/wp-json\/wp\/v2\/pages\/6180\/revisions"}],"wp:attachment":[{"href":"https:\/\/inzain.bike\/da\/wp-json\/wp\/v2\/media?parent=6180"}],"curies":[{"name":"wp","href":"https:\/\/api.w.org\/{rel}","templated":true}]}}