{"id":690,"date":"2021-10-06T10:45:35","date_gmt":"2021-10-06T08:45:35","guid":{"rendered":"https:\/\/inzain.bike\/?page_id=690"},"modified":"2022-06-21T10:17:22","modified_gmt":"2022-06-21T08:17:22","slug":"inzain-solstice-gravel-ride","status":"publish","type":"page","link":"https:\/\/inzain.bike\/da\/inzain-solstice-gravel-ride\/","title":{"rendered":"Inzain Solstice Grus Ride"},"content":{"rendered":"<figure class=\"wp-block-image size-full\"><img loading=\"lazy\" decoding=\"async\" width=\"800\" height=\"800\" src=\"https:\/\/inzain.bike\/wp-content\/uploads\/2022\/06\/fully.jpg\" alt=\"\" class=\"wp-image-1677\" srcset=\"https:\/\/inzain.bike\/wp-content\/uploads\/2022\/06\/fully.jpg 800w, https:\/\/inzain.bike\/wp-content\/uploads\/2022\/06\/fully-300x300.jpg 300w, https:\/\/inzain.bike\/wp-content\/uploads\/2022\/06\/fully-150x150.jpg 150w, https:\/\/inzain.bike\/wp-content\/uploads\/2022\/06\/fully-768x768.jpg 768w, https:\/\/inzain.bike\/wp-content\/uploads\/2022\/06\/fully-12x12.jpg 12w, https:\/\/inzain.bike\/wp-content\/uploads\/2022\/06\/fully-600x600.jpg 600w, https:\/\/inzain.bike\/wp-content\/uploads\/2022\/06\/fully-100x100.jpg 100w\" sizes=\"auto, (max-width: 800px) 100vw, 800px\" \/><\/figure>\n\n\n\n<p>Desv\u00e6rre er turen nu helt fyldt. Velkommen igen i 2023<\/p>\n\n\n\n<figure class=\"wp-block-image size-large\"><img decoding=\"async\" src=\"https:\/\/inzain.bike\/wp-content\/uploads\/2021\/10\/20200617_212802.jpg?w=1024\" alt=\"\" class=\"wp-image-692\"\/><\/figure>\n\n\n\n<p>Velkommen til en fantastisk tur Sk\u00e6rsommernat.<\/p>\n\n\n\n<p><strong>Hvorn\u00e5r<\/strong>: 23. juni 2022.<br><strong>Hvor<\/strong>: Stockholm<br><strong>Hvordan<\/strong>: Vi m\u00f8der solnedgang og solopgang via dejlige grusveje<br><strong>Pris<\/strong>: Gratis<\/p>\n\n\n\n<p>Vi vil cykle for at m\u00f8de solnedgangen, kaffe s\u00f8rgede for kaffe<br>og tage gode billeder. S\u00e5 cykler vi og m\u00f8der solopgangen.<br><\/p>\n\n\n\n<p><strong>Hvad kan du forvente?<\/strong><br>Vi cykler for at have det sjovt, der er ingen intervaller og det handler ikke om at cykle hurtigst men at have den bedste oplevelse. Vil du spr\u00e6lle er det selvf\u00f8lgelig fint, du venter videre. Vi kan ogs\u00e5 dele gruppen op, hvis det viser sig at blive bedre. Vores guider har stor erfaring med at arrangere og afholde disse ture.<br><\/p>\n\n\n\n<p><br><strong>Vi cykler efter Grusets V\u00e4nners principper.<\/strong><br>* Ingen st\u00e5r alene, alle skal v\u00e6re med<br>* Afvisningen g\u00e5r godt, vent til senere<br>* Vi passer p\u00e5 og hj\u00e6lper hinanden i tilf\u00e6lde af punkere eller andre ting.<br>* Vi cykler sikkert og holder afstand, husk tre sekunders reglen.<br>* Det handler om at have en hyggelig dag.<\/p>\n\n\n\n<div class=\"wp-block-jetpack-tiled-gallery aligncenter is-style-rectangular\"><div class=\"tiled-gallery__gallery\"><div class=\"tiled-gallery__row\"><div class=\"tiled-gallery__col\" style=\"flex-basis:66.78241%\"><figure class=\"tiled-gallery__item\"><img decoding=\"async\" alt=\"\" data-height=\"3024\" data-id=\"694\" data-link=\"https:\/\/inzain.bike\/20200617_212750\/\" data-url=\"https:\/\/inzain.bike\/wp-content\/uploads\/2021\/10\/20200617_212750.jpg?w=1024\" data-width=\"4032\" src=\"https:\/\/i2.wp.com\/inzain.bike\/wp-content\/uploads\/2021\/10\/20200617_212750.jpg?ssl=1\" data-amp-layout=\"responsive\"\/><\/figure><\/div><div class=\"tiled-gallery__col\" style=\"flex-basis:33.21759%\"><figure class=\"tiled-gallery__item\"><img decoding=\"async\" alt=\"\" data-height=\"3456\" data-id=\"695\" data-link=\"https:\/\/inzain.bike\/20200618_024854-2\/\" data-url=\"https:\/\/inzain.bike\/wp-content\/uploads\/2021\/10\/20200618_024854.jpg?w=1024\" data-width=\"4608\" src=\"https:\/\/i0.wp.com\/inzain.bike\/wp-content\/uploads\/2021\/10\/20200618_024854.jpg?ssl=1\" data-amp-layout=\"responsive\"\/><\/figure><figure class=\"tiled-gallery__item\"><img decoding=\"async\" alt=\"\" data-height=\"1536\" data-id=\"696\" data-link=\"https:\/\/inzain.bike\/104494550_1125205587847587_3729622201781822460_n\/\" data-url=\"https:\/\/inzain.bike\/wp-content\/uploads\/2021\/10\/104494550_1125205587847587_3729622201781822460_n.jpg?w=1024\" data-width=\"2048\" src=\"https:\/\/i0.wp.com\/inzain.bike\/wp-content\/uploads\/2021\/10\/104494550_1125205587847587_3729622201781822460_n.jpg?ssl=1\" data-amp-layout=\"responsive\"\/><\/figure><\/div><\/div><\/div><\/div>\n\n\n\n<p><\/p>","protected":false},"excerpt":{"rendered":"<p>Tyv\u00e4rr \u00e4r riden nu helt full. V\u00e4lkommen igen 2023 V\u00e4lkommen till en fantastisk tur i midsommarnatt. N\u00e4r: 23 Juni 2022.Var: StockholmHur: Vi m\u00f6ter solnedg\u00e5ng och soluppg\u00e5ng via h\u00e4rliga grusv\u00e4garPris: Gratis Vi kommer att cykla f\u00f6r att m\u00f6ta solnedg\u00e5ngen, fika medhavd fikaoch ta fina bilder. Sedan cyklar vi och m\u00f6ter solens uppg\u00e5ng. Vad kan du f\u00f6rv\u00e4nta [&hellip;]<\/p>\n","protected":false},"author":135133094,"featured_media":0,"parent":0,"menu_order":0,"comment_status":"closed","ping_status":"closed","template":"","meta":{"_coblocks_attr":"","_coblocks_dimensions":"","_coblocks_responsive_height":"","_coblocks_accordion_ie_support":"","footnotes":""},"class_list":["post-690","page","type-page","status-publish","hentry"],"yoast_head":"<!-- This site is optimized with the Yoast SEO plugin v27.2 - https:\/\/yoast.com\/product\/yoast-seo-wordpress\/ -->\n<title>Inzain Solstice Gravel Ride - INZAIN Cycling EXPERIENCES<\/title>\n<meta name=\"robots\" content=\"index, follow, max-snippet:-1, max-image-preview:large, max-video-preview:-1\" \/>\n<link rel=\"canonical\" href=\"https:\/\/inzain.bike\/da\/inzain-solstice-gravel-ride\/\" \/>\n<meta property=\"og:locale\" content=\"da_DK\" \/>\n<meta property=\"og:type\" content=\"article\" \/>\n<meta property=\"og:title\" content=\"Inzain Solstice Gravel Ride - INZAIN Cycling EXPERIENCES\" \/>\n<meta property=\"og:description\" content=\"Tyv\u00e4rr \u00e4r riden nu helt full. V\u00e4lkommen igen 2023 V\u00e4lkommen till en fantastisk tur i midsommarnatt. N\u00e4r: 23 Juni 2022.Var: StockholmHur: Vi m\u00f6ter solnedg\u00e5ng och soluppg\u00e5ng via h\u00e4rliga grusv\u00e4garPris: Gratis Vi kommer att cykla f\u00f6r att m\u00f6ta solnedg\u00e5ngen, fika medhavd fikaoch ta fina bilder. Sedan cyklar vi och m\u00f6ter solens uppg\u00e5ng. Vad kan du f\u00f6rv\u00e4nta [&hellip;]\" \/>\n<meta property=\"og:url\" content=\"https:\/\/inzain.bike\/da\/inzain-solstice-gravel-ride\/\" \/>\n<meta property=\"og:site_name\" content=\"INZAIN Cycling EXPERIENCES\" \/>\n<meta property=\"article:publisher\" content=\"https:\/\/www.facebook.com\/Inzain.bike\" \/>\n<meta property=\"article:modified_time\" content=\"2022-06-21T08:17:22+00:00\" \/>\n<meta property=\"og:image\" content=\"https:\/\/inzain.bike\/wp-content\/uploads\/2022\/06\/fully.jpg\" \/>\n<meta name=\"twitter:card\" content=\"summary_large_image\" \/>\n<meta name=\"twitter:label1\" content=\"Estimeret l\u00e6setid\" \/>\n\t<meta name=\"twitter:data1\" content=\"1 minut\" \/>\n<script type=\"application\/ld+json\" class=\"yoast-schema-graph\">{\"@context\":\"https:\/\/schema.org\",\"@graph\":[{\"@type\":\"WebPage\",\"@id\":\"https:\/\/inzain.bike\/nl\/inzain-solstice-gravel-ride\/\",\"url\":\"https:\/\/inzain.bike\/nl\/inzain-solstice-gravel-ride\/\",\"name\":\"Inzain Solstice Gravel Ride - INZAIN Cycling EXPERIENCES\",\"isPartOf\":{\"@id\":\"https:\/\/inzain.bike\/fr_be\/#website\"},\"primaryImageOfPage\":{\"@id\":\"https:\/\/inzain.bike\/nl\/inzain-solstice-gravel-ride\/#primaryimage\"},\"image\":{\"@id\":\"https:\/\/inzain.bike\/nl\/inzain-solstice-gravel-ride\/#primaryimage\"},\"thumbnailUrl\":\"https:\/\/inzain.bike\/wp-content\/uploads\/2022\/06\/fully.jpg\",\"datePublished\":\"2021-10-06T08:45:35+00:00\",\"dateModified\":\"2022-06-21T08:17:22+00:00\",\"breadcrumb\":{\"@id\":\"https:\/\/inzain.bike\/nl\/inzain-solstice-gravel-ride\/#breadcrumb\"},\"inLanguage\":\"da-DK\",\"potentialAction\":[{\"@type\":\"ReadAction\",\"target\":[\"https:\/\/inzain.bike\/nl\/inzain-solstice-gravel-ride\/\"]}]},{\"@type\":\"ImageObject\",\"inLanguage\":\"da-DK\",\"@id\":\"https:\/\/inzain.bike\/nl\/inzain-solstice-gravel-ride\/#primaryimage\",\"url\":\"https:\/\/inzain.bike\/wp-content\/uploads\/2022\/06\/fully.jpg\",\"contentUrl\":\"https:\/\/inzain.bike\/wp-content\/uploads\/2022\/06\/fully.jpg\"},{\"@type\":\"BreadcrumbList\",\"@id\":\"https:\/\/inzain.bike\/nl\/inzain-solstice-gravel-ride\/#breadcrumb\",\"itemListElement\":[{\"@type\":\"ListItem\",\"position\":1,\"name\":\"Hem\",\"item\":\"https:\/\/inzain.bike\/fr_be\/\"},{\"@type\":\"ListItem\",\"position\":2,\"name\":\"Inzain Solstice Gravel Ride\"}]},{\"@type\":\"WebSite\",\"@id\":\"https:\/\/inzain.bike\/fr_be\/#website\",\"url\":\"https:\/\/inzain.bike\/fr_be\/\",\"name\":\"INZAIN Cycling EXPERIENCES\",\"description\":\"Cyckling Adventures  - for everyone\",\"publisher\":{\"@id\":\"https:\/\/inzain.bike\/fr_be\/#organization\"},\"alternateName\":\"INZAIN Gravel & Travel\",\"potentialAction\":[{\"@type\":\"SearchAction\",\"target\":{\"@type\":\"EntryPoint\",\"urlTemplate\":\"https:\/\/inzain.bike\/fr_be\/?s={search_term_string}\"},\"query-input\":{\"@type\":\"PropertyValueSpecification\",\"valueRequired\":true,\"valueName\":\"search_term_string\"}}],\"inLanguage\":\"da-DK\"},{\"@type\":\"Organization\",\"@id\":\"https:\/\/inzain.bike\/fr_be\/#organization\",\"name\":\"INZAIN Cycling EXPERIENCES\",\"url\":\"https:\/\/inzain.bike\/fr_be\/\",\"logo\":{\"@type\":\"ImageObject\",\"inLanguage\":\"da-DK\",\"@id\":\"https:\/\/inzain.bike\/fr_be\/#\/schema\/logo\/image\/\",\"url\":\"https:\/\/i0.wp.com\/inzain.bike\/wp-content\/uploads\/2023\/09\/cropped-INZAIN_512x512_white.png?fit=512%2C512&ssl=1\",\"contentUrl\":\"https:\/\/i0.wp.com\/inzain.bike\/wp-content\/uploads\/2023\/09\/cropped-INZAIN_512x512_white.png?fit=512%2C512&ssl=1\",\"width\":512,\"height\":512,\"caption\":\"INZAIN Cycling EXPERIENCES\"},\"image\":{\"@id\":\"https:\/\/inzain.bike\/fr_be\/#\/schema\/logo\/image\/\"},\"sameAs\":[\"https:\/\/www.facebook.com\/Inzain.bike\",\"https:\/\/www.instagram.com\/inzainbike\"]}]}<\/script>\n<!-- \/ Yoast SEO plugin. -->","yoast_head_json":{"title":"Inzain Solstice Gravel Ride - INZAIN Cykeloplevelser","robots":{"index":"index","follow":"follow","max-snippet":"max-snippet:-1","max-image-preview":"max-image-preview:large","max-video-preview":"max-video-preview:-1"},"canonical":"https:\/\/inzain.bike\/da\/inzain-solstice-gravel-ride\/","og_locale":"da_DK","og_type":"article","og_title":"Inzain Solstice Gravel Ride - INZAIN Cycling EXPERIENCES","og_description":"Tyv\u00e4rr \u00e4r riden nu helt full. V\u00e4lkommen igen 2023 V\u00e4lkommen till en fantastisk tur i midsommarnatt. N\u00e4r: 23 Juni 2022.Var: StockholmHur: Vi m\u00f6ter solnedg\u00e5ng och soluppg\u00e5ng via h\u00e4rliga grusv\u00e4garPris: Gratis Vi kommer att cykla f\u00f6r att m\u00f6ta solnedg\u00e5ngen, fika medhavd fikaoch ta fina bilder. Sedan cyklar vi och m\u00f6ter solens uppg\u00e5ng. Vad kan du f\u00f6rv\u00e4nta [&hellip;]","og_url":"https:\/\/inzain.bike\/da\/inzain-solstice-gravel-ride\/","og_site_name":"INZAIN Cycling EXPERIENCES","article_publisher":"https:\/\/www.facebook.com\/Inzain.bike","article_modified_time":"2022-06-21T08:17:22+00:00","og_image":[{"url":"https:\/\/inzain.bike\/wp-content\/uploads\/2022\/06\/fully.jpg","type":"","width":"","height":""}],"twitter_card":"summary_large_image","twitter_misc":{"Estimeret l\u00e6setid":"1 minut"},"schema":{"@context":"https:\/\/schema.org","@graph":[{"@type":"WebPage","@id":"https:\/\/inzain.bike\/nl\/inzain-solstice-gravel-ride\/","url":"https:\/\/inzain.bike\/nl\/inzain-solstice-gravel-ride\/","name":"Inzain Solstice Gravel Ride - INZAIN Cykeloplevelser","isPartOf":{"@id":"https:\/\/inzain.bike\/fr_be\/#website"},"primaryImageOfPage":{"@id":"https:\/\/inzain.bike\/nl\/inzain-solstice-gravel-ride\/#primaryimage"},"image":{"@id":"https:\/\/inzain.bike\/nl\/inzain-solstice-gravel-ride\/#primaryimage"},"thumbnailUrl":"https:\/\/inzain.bike\/wp-content\/uploads\/2022\/06\/fully.jpg","datePublished":"2021-10-06T08:45:35+00:00","dateModified":"2022-06-21T08:17:22+00:00","breadcrumb":{"@id":"https:\/\/inzain.bike\/nl\/inzain-solstice-gravel-ride\/#breadcrumb"},"inLanguage":"da-DK","potentialAction":[{"@type":"ReadAction","target":["https:\/\/inzain.bike\/nl\/inzain-solstice-gravel-ride\/"]}]},{"@type":"ImageObject","inLanguage":"da-DK","@id":"https:\/\/inzain.bike\/nl\/inzain-solstice-gravel-ride\/#primaryimage","url":"https:\/\/inzain.bike\/wp-content\/uploads\/2022\/06\/fully.jpg","contentUrl":"https:\/\/inzain.bike\/wp-content\/uploads\/2022\/06\/fully.jpg"},{"@type":"BreadcrumbList","@id":"https:\/\/inzain.bike\/nl\/inzain-solstice-gravel-ride\/#breadcrumb","itemListElement":[{"@type":"ListItem","position":1,"name":"Hem","item":"https:\/\/inzain.bike\/fr_be\/"},{"@type":"ListItem","position":2,"name":"Inzain Solstice Gravel Ride"}]},{"@type":"WebSite","@id":"https:\/\/inzain.bike\/fr_be\/#website","url":"https:\/\/inzain.bike\/fr_be\/","name":"INZAIN CykelOPLEVELSER","description":"Cykeleventyr - for alle","publisher":{"@id":"https:\/\/inzain.bike\/fr_be\/#organization"},"alternateName":"INZAIN Gravel & Travel","potentialAction":[{"@type":"SearchAction","target":{"@type":"EntryPoint","urlTemplate":"https:\/\/inzain.bike\/fr_be\/?s={search_term_string}"},"query-input":{"@type":"PropertyValueSpecification","valueRequired":true,"valueName":"search_term_string"}}],"inLanguage":"da-DK"},{"@type":"Organization","@id":"https:\/\/inzain.bike\/fr_be\/#organization","name":"INZAIN CykelOPLEVELSER","url":"https:\/\/inzain.bike\/fr_be\/","logo":{"@type":"ImageObject","inLanguage":"da-DK","@id":"https:\/\/inzain.bike\/fr_be\/#\/schema\/logo\/image\/","url":"https:\/\/i0.wp.com\/inzain.bike\/wp-content\/uploads\/2023\/09\/cropped-INZAIN_512x512_white.png?fit=512%2C512&ssl=1","contentUrl":"https:\/\/i0.wp.com\/inzain.bike\/wp-content\/uploads\/2023\/09\/cropped-INZAIN_512x512_white.png?fit=512%2C512&ssl=1","width":512,"height":512,"caption":"INZAIN Cycling EXPERIENCES"},"image":{"@id":"https:\/\/inzain.bike\/fr_be\/#\/schema\/logo\/image\/"},"sameAs":["https:\/\/www.facebook.com\/Inzain.bike","https:\/\/www.instagram.com\/inzainbike"]}]}},"amp_enabled":true,"_links":{"self":[{"href":"https:\/\/inzain.bike\/da\/wp-json\/wp\/v2\/pages\/690","targetHints":{"allow":["GET"]}}],"collection":[{"href":"https:\/\/inzain.bike\/da\/wp-json\/wp\/v2\/pages"}],"about":[{"href":"https:\/\/inzain.bike\/da\/wp-json\/wp\/v2\/types\/page"}],"author":[{"embeddable":true,"href":"https:\/\/inzain.bike\/da\/wp-json\/wp\/v2\/users\/135133094"}],"replies":[{"embeddable":true,"href":"https:\/\/inzain.bike\/da\/wp-json\/wp\/v2\/comments?post=690"}],"version-history":[{"count":0,"href":"https:\/\/inzain.bike\/da\/wp-json\/wp\/v2\/pages\/690\/revisions"}],"wp:attachment":[{"href":"https:\/\/inzain.bike\/da\/wp-json\/wp\/v2\/media?parent=690"}],"curies":[{"name":"wp","href":"https:\/\/api.w.org\/{rel}","templated":true}]}}