{"id":8144,"date":"2025-06-02T20:32:31","date_gmt":"2025-06-02T18:32:31","guid":{"rendered":"https:\/\/inzain.bike\/?page_id=8144"},"modified":"2025-06-25T08:28:46","modified_gmt":"2025-06-25T06:28:46","slug":"apr25","status":"publish","type":"page","link":"https:\/\/inzain.bike\/da\/apr25\/","title":{"rendered":"\u00d8havsangrebet 2025"},"content":{"rendered":"<figure class=\"wp-block-image size-full\"><img loading=\"lazy\" decoding=\"async\" width=\"800\" height=\"800\" src=\"https:\/\/inzain.bike\/wp-content\/uploads\/2022\/08\/fully.jpg\" alt=\"\" class=\"wp-image-1869\" srcset=\"https:\/\/inzain.bike\/wp-content\/uploads\/2022\/08\/fully.jpg 800w, https:\/\/inzain.bike\/wp-content\/uploads\/2022\/08\/fully-300x300.jpg 300w, https:\/\/inzain.bike\/wp-content\/uploads\/2022\/08\/fully-150x150.jpg 150w, https:\/\/inzain.bike\/wp-content\/uploads\/2022\/08\/fully-768x768.jpg 768w, https:\/\/inzain.bike\/wp-content\/uploads\/2022\/08\/fully-12x12.jpg 12w, https:\/\/inzain.bike\/wp-content\/uploads\/2022\/08\/fully-600x600.jpg 600w, https:\/\/inzain.bike\/wp-content\/uploads\/2022\/08\/fully-100x100.jpg 100w\" sizes=\"auto, (max-width: 800px) 100vw, 800px\" \/><\/figure>\n\n\n\n<figure class=\"wp-block-image alignwide size-large\"><img loading=\"lazy\" decoding=\"async\" width=\"1024\" height=\"768\" src=\"https:\/\/inzain.bike\/wp-content\/uploads\/2025\/06\/20250516_160618-1024x768.jpg\" alt=\"\" class=\"wp-image-8146\" srcset=\"https:\/\/inzain.bike\/wp-content\/uploads\/2025\/06\/20250516_160618-1024x768.jpg 1024w, https:\/\/inzain.bike\/wp-content\/uploads\/2025\/06\/20250516_160618-300x225.jpg 300w, https:\/\/inzain.bike\/wp-content\/uploads\/2025\/06\/20250516_160618-768x576.jpg 768w, https:\/\/inzain.bike\/wp-content\/uploads\/2025\/06\/20250516_160618-1536x1152.jpg 1536w, https:\/\/inzain.bike\/wp-content\/uploads\/2025\/06\/20250516_160618-2048x1536.jpg 2048w, https:\/\/inzain.bike\/wp-content\/uploads\/2025\/06\/20250516_160618-16x12.jpg 16w, https:\/\/inzain.bike\/wp-content\/uploads\/2025\/06\/20250516_160618-1320x990.jpg 1320w, https:\/\/inzain.bike\/wp-content\/uploads\/2025\/06\/20250516_160618-600x450.jpg 600w\" sizes=\"auto, (max-width: 1024px) 100vw, 1024px\" \/><\/figure>\n\n\n\n<p>Velkommen til en fantastisk tur i Stockholms sk\u00e6rg\u00e5rd<\/p>\n\n\n\n<p><strong>Hvorn\u00e5r<\/strong>29. juni 2025<br><strong>Hvor<\/strong>V\u00e4rmd\u00f6\/Djur\u00f6\/Vind\u00f6<br><strong>Hvordan<\/strong>Start og m\u00e5l i Grisslinge<br><strong>Pris<\/strong>: Gratis<br><strong>Info<\/strong>Et bageri leverer kaffe til en strand. Du bestiller og betaler ved registrering.<\/p>\n\n\n\n<p>Dette er en virkelig sp\u00e6ndende tur ud i sk\u00e6rg\u00e5rden. Vi starter ved Grisslinge (der er en god caf\u00e9 til kaffe f\u00f8r\/efter turen). Vi passerer nogle virkelig smukke og interessante steder som bugten ved Brevik, badeomr\u00e5det ved V\u00e5mfj\u00e4rden, kraterne efter det russiske bombardement af Stavsn\u00e4s og den helt magiske udsigt ved Havs\u00e4ngen.<br>Vi holder vores f\u00f8rste kaffepause p\u00e5 den utroligt smukke strand Helgarsvik. Hjemmebageriet serverer kaffe, kager og drikkevarer. (Skal forudbestilles og betales ved tilmelding).<\/p>\n\n\n\n<p>Vi cykler p\u00e5 mange \u00f8er og n\u00e6r havet. En virkelig forn\u00f8jelig tur. Frokosten spises ved havet ved Djur\u00f6n\u00e4sets Sj\u00f6bod.<\/p>\n\n\n\n<p>Let cykling med f\u00e5 steder, hvor du kan f\u00f8re din cykel et kort stykke.<\/p>\n\n\n\n<figure class=\"wp-block-image alignwide size-large\"><img loading=\"lazy\" decoding=\"async\" width=\"1024\" height=\"768\" src=\"https:\/\/inzain.bike\/wp-content\/uploads\/2025\/06\/20250516_155125-1024x768.jpg\" alt=\"\" class=\"wp-image-8147\" srcset=\"https:\/\/inzain.bike\/wp-content\/uploads\/2025\/06\/20250516_155125-1024x768.jpg 1024w, https:\/\/inzain.bike\/wp-content\/uploads\/2025\/06\/20250516_155125-300x225.jpg 300w, https:\/\/inzain.bike\/wp-content\/uploads\/2025\/06\/20250516_155125-768x576.jpg 768w, https:\/\/inzain.bike\/wp-content\/uploads\/2025\/06\/20250516_155125-1536x1152.jpg 1536w, https:\/\/inzain.bike\/wp-content\/uploads\/2025\/06\/20250516_155125-2048x1536.jpg 2048w, https:\/\/inzain.bike\/wp-content\/uploads\/2025\/06\/20250516_155125-16x12.jpg 16w, https:\/\/inzain.bike\/wp-content\/uploads\/2025\/06\/20250516_155125-1320x990.jpg 1320w, https:\/\/inzain.bike\/wp-content\/uploads\/2025\/06\/20250516_155125-600x450.jpg 600w\" sizes=\"auto, (max-width: 1024px) 100vw, 1024px\" \/><\/figure>\n\n\n\n<p><br><\/p>\n\n\n\n<p><strong>Hvad kan du forvente?<\/strong><br>Vi cykler for at have det sjovt, der er ingen intervaller og det handler ikke om at cykle hurtigst men at have den bedste oplevelse. Vil du spr\u00e6lle er det selvf\u00f8lgelig fint, du venter videre. Vi kan ogs\u00e5 dele gruppen op, hvis det viser sig at blive bedre. Vores guider har stor erfaring med at arrangere og afholde disse ture.<br><\/p>\n\n\n\n<figure class=\"wp-block-image alignwide size-large\"><img loading=\"lazy\" decoding=\"async\" width=\"768\" height=\"1024\" src=\"https:\/\/inzain.bike\/wp-content\/uploads\/2025\/06\/20250515_132442-768x1024.jpg\" alt=\"\" class=\"wp-image-8148\" srcset=\"https:\/\/inzain.bike\/wp-content\/uploads\/2025\/06\/20250515_132442-768x1024.jpg 768w, https:\/\/inzain.bike\/wp-content\/uploads\/2025\/06\/20250515_132442-225x300.jpg 225w, https:\/\/inzain.bike\/wp-content\/uploads\/2025\/06\/20250515_132442-1152x1536.jpg 1152w, https:\/\/inzain.bike\/wp-content\/uploads\/2025\/06\/20250515_132442-1536x2048.jpg 1536w, https:\/\/inzain.bike\/wp-content\/uploads\/2025\/06\/20250515_132442-9x12.jpg 9w, https:\/\/inzain.bike\/wp-content\/uploads\/2025\/06\/20250515_132442-1320x1760.jpg 1320w, https:\/\/inzain.bike\/wp-content\/uploads\/2025\/06\/20250515_132442-600x800.jpg 600w, https:\/\/inzain.bike\/wp-content\/uploads\/2025\/06\/20250515_132442-scaled.jpg 1920w\" sizes=\"auto, (max-width: 768px) 100vw, 768px\" \/><\/figure>\n\n\n\n<p><br><strong>Vi cykler efter Grusets V\u00e4nners principper.<\/strong><br>* Ingen st\u00e5r alene, alle skal v\u00e6re med<br>* Afvisningen g\u00e5r godt, vent til senere<br>* Vi passer p\u00e5 og hj\u00e6lper hinanden i tilf\u00e6lde af punkere eller andre ting.<br>* Vi cykler sikkert og holder afstand, husk tre sekunders reglen.<br>* Det handler om at have en hyggelig dag.<\/p>\n\n\n\n<p>Tilmelding lukket<\/p>","protected":false},"excerpt":{"rendered":"<p>V\u00e4lkommen till en fantastisk tur i Stockholms Sk\u00e4rg\u00e5rd N\u00e4r: 29 Juni 2025Var: V\u00e4rmd\u00f6\/Djur\u00f6\/Vind\u00f6Hur: Start och m\u00e5l i GrisslingePris: GratisInfo: Ett bageri k\u00f6r ut fika till en strand. Man best\u00e4ller &amp; betalar vid anm\u00e4lan Det h\u00e4r \u00e4r en riktigt sp\u00e4nnande tur ut i sk\u00e4rg\u00e5rden. Start vid Grisslinge, (d\u00e4r finns ett bra fik f\u00f6r pre\/post ride fika). [&hellip;]<\/p>\n","protected":false},"author":203917875,"featured_media":0,"parent":0,"menu_order":0,"comment_status":"closed","ping_status":"closed","template":"","meta":{"_coblocks_attr":"","_coblocks_dimensions":"","_coblocks_responsive_height":"","_coblocks_accordion_ie_support":"","footnotes":""},"class_list":["post-8144","page","type-page","status-publish","hentry"],"yoast_head":"<!-- This site is optimized with the Yoast SEO plugin v27.2 - https:\/\/yoast.com\/product\/yoast-seo-wordpress\/ -->\n<title>Archipelago Raid 2025 - INZAIN Cycling EXPERIENCES<\/title>\n<meta name=\"robots\" content=\"index, follow, max-snippet:-1, max-image-preview:large, max-video-preview:-1\" \/>\n<link rel=\"canonical\" href=\"https:\/\/inzain.bike\/da\/apr25\/\" \/>\n<meta property=\"og:locale\" content=\"da_DK\" \/>\n<meta property=\"og:type\" content=\"article\" \/>\n<meta property=\"og:title\" content=\"Archipelago Raid 2025 - INZAIN Cycling EXPERIENCES\" \/>\n<meta property=\"og:description\" content=\"V\u00e4lkommen till en fantastisk tur i Stockholms Sk\u00e4rg\u00e5rd N\u00e4r: 29 Juni 2025Var: V\u00e4rmd\u00f6\/Djur\u00f6\/Vind\u00f6Hur: Start och m\u00e5l i GrisslingePris: GratisInfo: Ett bageri k\u00f6r ut fika till en strand. Man best\u00e4ller &amp; betalar vid anm\u00e4lan Det h\u00e4r \u00e4r en riktigt sp\u00e4nnande tur ut i sk\u00e4rg\u00e5rden. Start vid Grisslinge, (d\u00e4r finns ett bra fik f\u00f6r pre\/post ride fika). [&hellip;]\" \/>\n<meta property=\"og:url\" content=\"https:\/\/inzain.bike\/da\/apr25\/\" \/>\n<meta property=\"og:site_name\" content=\"INZAIN Cycling EXPERIENCES\" \/>\n<meta property=\"article:publisher\" content=\"https:\/\/www.facebook.com\/Inzain.bike\" \/>\n<meta property=\"article:modified_time\" content=\"2025-06-25T06:28:46+00:00\" \/>\n<meta property=\"og:image\" content=\"https:\/\/inzain.bike\/wp-content\/uploads\/2022\/08\/fully.jpg\" \/>\n<meta name=\"twitter:card\" content=\"summary_large_image\" \/>\n<meta name=\"twitter:label1\" content=\"Estimeret l\u00e6setid\" \/>\n\t<meta name=\"twitter:data1\" content=\"3 minutter\" \/>\n<script type=\"application\/ld+json\" class=\"yoast-schema-graph\">{\"@context\":\"https:\/\/schema.org\",\"@graph\":[{\"@type\":\"WebPage\",\"@id\":\"https:\/\/inzain.bike\/es\/apr25\/\",\"url\":\"https:\/\/inzain.bike\/es\/apr25\/\",\"name\":\"Archipelago Raid 2025 - INZAIN Cycling EXPERIENCES\",\"isPartOf\":{\"@id\":\"https:\/\/inzain.bike\/fr_be\/#website\"},\"primaryImageOfPage\":{\"@id\":\"https:\/\/inzain.bike\/es\/apr25\/#primaryimage\"},\"image\":{\"@id\":\"https:\/\/inzain.bike\/es\/apr25\/#primaryimage\"},\"thumbnailUrl\":\"https:\/\/inzain.bike\/wp-content\/uploads\/2022\/08\/fully.jpg\",\"datePublished\":\"2025-06-02T18:32:31+00:00\",\"dateModified\":\"2025-06-25T06:28:46+00:00\",\"breadcrumb\":{\"@id\":\"https:\/\/inzain.bike\/es\/apr25\/#breadcrumb\"},\"inLanguage\":\"da-DK\",\"potentialAction\":[{\"@type\":\"ReadAction\",\"target\":[\"https:\/\/inzain.bike\/es\/apr25\/\"]}]},{\"@type\":\"ImageObject\",\"inLanguage\":\"da-DK\",\"@id\":\"https:\/\/inzain.bike\/es\/apr25\/#primaryimage\",\"url\":\"https:\/\/inzain.bike\/wp-content\/uploads\/2022\/08\/fully.jpg\",\"contentUrl\":\"https:\/\/inzain.bike\/wp-content\/uploads\/2022\/08\/fully.jpg\"},{\"@type\":\"BreadcrumbList\",\"@id\":\"https:\/\/inzain.bike\/es\/apr25\/#breadcrumb\",\"itemListElement\":[{\"@type\":\"ListItem\",\"position\":1,\"name\":\"Hem\",\"item\":\"https:\/\/inzain.bike\/fr_be\/\"},{\"@type\":\"ListItem\",\"position\":2,\"name\":\"Archipelago Raid 2025\"}]},{\"@type\":\"WebSite\",\"@id\":\"https:\/\/inzain.bike\/fr_be\/#website\",\"url\":\"https:\/\/inzain.bike\/fr_be\/\",\"name\":\"INZAIN Cycling EXPERIENCES\",\"description\":\"Cyckling Adventures  - for everyone\",\"publisher\":{\"@id\":\"https:\/\/inzain.bike\/fr_be\/#organization\"},\"alternateName\":\"INZAIN Gravel & Travel\",\"potentialAction\":[{\"@type\":\"SearchAction\",\"target\":{\"@type\":\"EntryPoint\",\"urlTemplate\":\"https:\/\/inzain.bike\/fr_be\/?s={search_term_string}\"},\"query-input\":{\"@type\":\"PropertyValueSpecification\",\"valueRequired\":true,\"valueName\":\"search_term_string\"}}],\"inLanguage\":\"da-DK\"},{\"@type\":\"Organization\",\"@id\":\"https:\/\/inzain.bike\/fr_be\/#organization\",\"name\":\"INZAIN Cycling EXPERIENCES\",\"url\":\"https:\/\/inzain.bike\/fr_be\/\",\"logo\":{\"@type\":\"ImageObject\",\"inLanguage\":\"da-DK\",\"@id\":\"https:\/\/inzain.bike\/fr_be\/#\/schema\/logo\/image\/\",\"url\":\"https:\/\/i0.wp.com\/inzain.bike\/wp-content\/uploads\/2023\/09\/cropped-INZAIN_512x512_white.png?fit=512%2C512&ssl=1\",\"contentUrl\":\"https:\/\/i0.wp.com\/inzain.bike\/wp-content\/uploads\/2023\/09\/cropped-INZAIN_512x512_white.png?fit=512%2C512&ssl=1\",\"width\":512,\"height\":512,\"caption\":\"INZAIN Cycling EXPERIENCES\"},\"image\":{\"@id\":\"https:\/\/inzain.bike\/fr_be\/#\/schema\/logo\/image\/\"},\"sameAs\":[\"https:\/\/www.facebook.com\/Inzain.bike\",\"https:\/\/www.instagram.com\/inzainbike\"]}]}<\/script>\n<!-- \/ Yoast SEO plugin. -->","yoast_head_json":{"title":"\u00d8havsraidet 2025 - INZAIN Cykeloplevelser","robots":{"index":"index","follow":"follow","max-snippet":"max-snippet:-1","max-image-preview":"max-image-preview:large","max-video-preview":"max-video-preview:-1"},"canonical":"https:\/\/inzain.bike\/da\/apr25\/","og_locale":"da_DK","og_type":"article","og_title":"Archipelago Raid 2025 - INZAIN Cycling EXPERIENCES","og_description":"V\u00e4lkommen till en fantastisk tur i Stockholms Sk\u00e4rg\u00e5rd N\u00e4r: 29 Juni 2025Var: V\u00e4rmd\u00f6\/Djur\u00f6\/Vind\u00f6Hur: Start och m\u00e5l i GrisslingePris: GratisInfo: Ett bageri k\u00f6r ut fika till en strand. Man best\u00e4ller &amp; betalar vid anm\u00e4lan Det h\u00e4r \u00e4r en riktigt sp\u00e4nnande tur ut i sk\u00e4rg\u00e5rden. Start vid Grisslinge, (d\u00e4r finns ett bra fik f\u00f6r pre\/post ride fika). [&hellip;]","og_url":"https:\/\/inzain.bike\/da\/apr25\/","og_site_name":"INZAIN Cycling EXPERIENCES","article_publisher":"https:\/\/www.facebook.com\/Inzain.bike","article_modified_time":"2025-06-25T06:28:46+00:00","og_image":[{"url":"https:\/\/inzain.bike\/wp-content\/uploads\/2022\/08\/fully.jpg","type":"","width":"","height":""}],"twitter_card":"summary_large_image","twitter_misc":{"Estimeret l\u00e6setid":"3 minutter"},"schema":{"@context":"https:\/\/schema.org","@graph":[{"@type":"WebPage","@id":"https:\/\/inzain.bike\/es\/apr25\/","url":"https:\/\/inzain.bike\/es\/apr25\/","name":"\u00d8havsraidet 2025 - INZAIN Cykeloplevelser","isPartOf":{"@id":"https:\/\/inzain.bike\/fr_be\/#website"},"primaryImageOfPage":{"@id":"https:\/\/inzain.bike\/es\/apr25\/#primaryimage"},"image":{"@id":"https:\/\/inzain.bike\/es\/apr25\/#primaryimage"},"thumbnailUrl":"https:\/\/inzain.bike\/wp-content\/uploads\/2022\/08\/fully.jpg","datePublished":"2025-06-02T18:32:31+00:00","dateModified":"2025-06-25T06:28:46+00:00","breadcrumb":{"@id":"https:\/\/inzain.bike\/es\/apr25\/#breadcrumb"},"inLanguage":"da-DK","potentialAction":[{"@type":"ReadAction","target":["https:\/\/inzain.bike\/es\/apr25\/"]}]},{"@type":"ImageObject","inLanguage":"da-DK","@id":"https:\/\/inzain.bike\/es\/apr25\/#primaryimage","url":"https:\/\/inzain.bike\/wp-content\/uploads\/2022\/08\/fully.jpg","contentUrl":"https:\/\/inzain.bike\/wp-content\/uploads\/2022\/08\/fully.jpg"},{"@type":"BreadcrumbList","@id":"https:\/\/inzain.bike\/es\/apr25\/#breadcrumb","itemListElement":[{"@type":"ListItem","position":1,"name":"Hem","item":"https:\/\/inzain.bike\/fr_be\/"},{"@type":"ListItem","position":2,"name":"Archipelago Raid 2025"}]},{"@type":"WebSite","@id":"https:\/\/inzain.bike\/fr_be\/#website","url":"https:\/\/inzain.bike\/fr_be\/","name":"INZAIN CykelOPLEVELSER","description":"Cykeleventyr - for alle","publisher":{"@id":"https:\/\/inzain.bike\/fr_be\/#organization"},"alternateName":"INZAIN Gravel & Travel","potentialAction":[{"@type":"SearchAction","target":{"@type":"EntryPoint","urlTemplate":"https:\/\/inzain.bike\/fr_be\/?s={search_term_string}"},"query-input":{"@type":"PropertyValueSpecification","valueRequired":true,"valueName":"search_term_string"}}],"inLanguage":"da-DK"},{"@type":"Organization","@id":"https:\/\/inzain.bike\/fr_be\/#organization","name":"INZAIN CykelOPLEVELSER","url":"https:\/\/inzain.bike\/fr_be\/","logo":{"@type":"ImageObject","inLanguage":"da-DK","@id":"https:\/\/inzain.bike\/fr_be\/#\/schema\/logo\/image\/","url":"https:\/\/i0.wp.com\/inzain.bike\/wp-content\/uploads\/2023\/09\/cropped-INZAIN_512x512_white.png?fit=512%2C512&ssl=1","contentUrl":"https:\/\/i0.wp.com\/inzain.bike\/wp-content\/uploads\/2023\/09\/cropped-INZAIN_512x512_white.png?fit=512%2C512&ssl=1","width":512,"height":512,"caption":"INZAIN Cycling EXPERIENCES"},"image":{"@id":"https:\/\/inzain.bike\/fr_be\/#\/schema\/logo\/image\/"},"sameAs":["https:\/\/www.facebook.com\/Inzain.bike","https:\/\/www.instagram.com\/inzainbike"]}]}},"amp_enabled":true,"_links":{"self":[{"href":"https:\/\/inzain.bike\/da\/wp-json\/wp\/v2\/pages\/8144","targetHints":{"allow":["GET"]}}],"collection":[{"href":"https:\/\/inzain.bike\/da\/wp-json\/wp\/v2\/pages"}],"about":[{"href":"https:\/\/inzain.bike\/da\/wp-json\/wp\/v2\/types\/page"}],"author":[{"embeddable":true,"href":"https:\/\/inzain.bike\/da\/wp-json\/wp\/v2\/users\/203917875"}],"replies":[{"embeddable":true,"href":"https:\/\/inzain.bike\/da\/wp-json\/wp\/v2\/comments?post=8144"}],"version-history":[{"count":5,"href":"https:\/\/inzain.bike\/da\/wp-json\/wp\/v2\/pages\/8144\/revisions"}],"predecessor-version":[{"id":8160,"href":"https:\/\/inzain.bike\/da\/wp-json\/wp\/v2\/pages\/8144\/revisions\/8160"}],"wp:attachment":[{"href":"https:\/\/inzain.bike\/da\/wp-json\/wp\/v2\/media?parent=8144"}],"curies":[{"name":"wp","href":"https:\/\/api.w.org\/{rel}","templated":true}]}}