{"id":10008,"date":"2026-01-31T14:40:05","date_gmt":"2026-01-31T13:40:05","guid":{"rendered":"https:\/\/inzain.bike\/?post_type=product&#038;p=10008"},"modified":"2026-03-31T21:05:54","modified_gmt":"2026-03-31T19:05:54","slug":"tus26-flight","status":"publish","type":"product","link":"https:\/\/inzain.bike\/da\/vare\/tus26-flight\/","title":{"rendered":"Toscana 2026 Flyrejser"},"content":{"rendered":"<p>Flyrejser til Arlanda Firenze<\/p>\n<p>Hvis du vil medbringe din cykel, skal du v\u00e6lge det produkt.<\/p>\n<table data-testid=\"renderer-table\" data-number-column=\"false\" data-table-width=\"760\">\n<colgroup>\n<col \/>\n<col \/>\n<col \/>\n<col \/><\/colgroup>\n<tbody>\n<tr>\n<th class=\"ak-renderer-tableHeader-sortable-column__wrapper\" colspan=\"1\" rowspan=\"1\" aria-sort=\"Ingen\">\n<div class=\"ak-renderer-tableHeader-sortable-column\">\n<p data-renderer-start-pos=\"4\">INGEN.<\/p>\n<figure class=\"ak-renderer-tableHeader-sorting-icon__wrapper ak-renderer-tableHeader-sorting-icon__no-order\">\n<div role=\"presentation\">\n<div class=\"ak-renderer-tableHeader-sorting-icon cc-gls7uu\" tabindex=\"0\" role=\"button\" aria-label=\"Der anvendes ingen sortering p\u00e5 kolonnen\" aria-disabled=\"false\">\n<div class=\"sorting-icon-svg__no_order ak-renderer-tableHeader-sorting-icon-inactive cc-37qivc\">\n<div class=\"cc-1h55k8m\"><\/div>\n<\/div>\n<\/div>\n<\/div>\n<\/figure>\n<\/div>\n<\/th>\n<th class=\"ak-renderer-tableHeader-sortable-column__wrapper\" colspan=\"1\" rowspan=\"1\" aria-sort=\"Ingen\">\n<div class=\"ak-renderer-tableHeader-sortable-column\">\n<p data-renderer-start-pos=\"11\">DATO<\/p>\n<figure class=\"ak-renderer-tableHeader-sorting-icon__wrapper ak-renderer-tableHeader-sorting-icon__no-order\">\n<div role=\"presentation\">\n<div class=\"ak-renderer-tableHeader-sorting-icon cc-gls7uu\" tabindex=\"0\" role=\"button\" aria-label=\"Der anvendes ingen sortering p\u00e5 kolonnen\" aria-disabled=\"false\">\n<div class=\"sorting-icon-svg__no_order ak-renderer-tableHeader-sorting-icon-inactive cc-37qivc\">\n<div class=\"cc-1h55k8m\"><\/div>\n<\/div>\n<\/div>\n<\/div>\n<\/figure>\n<\/div>\n<\/th>\n<th class=\"ak-renderer-tableHeader-sortable-column__wrapper\" colspan=\"1\" rowspan=\"1\" aria-sort=\"Ingen\">\n<div class=\"ak-renderer-tableHeader-sortable-column\">\n<p data-renderer-start-pos=\"20\">AFGANG<\/p>\n<figure class=\"ak-renderer-tableHeader-sorting-icon__wrapper ak-renderer-tableHeader-sorting-icon__no-order\">\n<div role=\"presentation\">\n<div class=\"ak-renderer-tableHeader-sorting-icon cc-gls7uu\" tabindex=\"0\" role=\"button\" aria-label=\"Der anvendes ingen sortering p\u00e5 kolonnen\" aria-disabled=\"false\">\n<div class=\"sorting-icon-svg__no_order ak-renderer-tableHeader-sorting-icon-inactive cc-37qivc\">\n<div class=\"cc-1h55k8m\"><\/div>\n<\/div>\n<\/div>\n<\/div>\n<\/figure>\n<\/div>\n<\/th>\n<th class=\"ak-renderer-tableHeader-sortable-column__wrapper\" colspan=\"1\" rowspan=\"1\" aria-sort=\"Ingen\">\n<div class=\"ak-renderer-tableHeader-sortable-column\">\n<p data-renderer-start-pos=\"30\">ANKOMST<\/p>\n<figure class=\"ak-renderer-tableHeader-sorting-icon__wrapper ak-renderer-tableHeader-sorting-icon__no-order\">\n<div role=\"presentation\">\n<div class=\"ak-renderer-tableHeader-sorting-icon cc-gls7uu\" tabindex=\"0\" role=\"button\" aria-label=\"Der anvendes ingen sortering p\u00e5 kolonnen\" aria-disabled=\"false\">\n<div class=\"sorting-icon-svg__no_order ak-renderer-tableHeader-sorting-icon-inactive cc-37qivc\">\n<div class=\"cc-1h55k8m\"><\/div>\n<\/div>\n<\/div>\n<\/div>\n<\/figure>\n<\/div>\n<\/th>\n<\/tr>\n<tr>\n<td colspan=\"1\" rowspan=\"1\">\n<p data-renderer-start-pos=\"43\">SK1915<\/p>\n<\/td>\n<td colspan=\"1\" rowspan=\"1\">\n<p data-renderer-start-pos=\"53\">Fre 2025-10-02<\/p>\n<\/td>\n<td colspan=\"1\" rowspan=\"1\">\n<p data-renderer-start-pos=\"71\">Stockholm Arlanda (ARN)<\/p>\n<p data-renderer-start-pos=\"96\">06:10<\/p>\n<\/td>\n<td colspan=\"1\" rowspan=\"1\">\n<p data-renderer-start-pos=\"105\">Firenze (FLR)<\/p>\n<p data-renderer-start-pos=\"122\">09:10<\/p>\n<\/td>\n<\/tr>\n<tr>\n<td colspan=\"1\" rowspan=\"1\">\n<p data-renderer-start-pos=\"133\">SK1916<\/p>\n<\/td>\n<td colspan=\"1\" rowspan=\"1\">\n<p data-renderer-start-pos=\"143\">man. 2025-10-09<\/p>\n<\/td>\n<td colspan=\"1\" rowspan=\"1\">\n<p data-renderer-start-pos=\"161\">Firenze (FLR)<\/p>\n<p data-renderer-start-pos=\"178\">10:00<\/p>\n<\/td>\n<td colspan=\"1\" rowspan=\"1\">\n<p data-renderer-start-pos=\"187\">Stockholm Arlanda (ARN)<\/p>\n<p data-renderer-start-pos=\"212\">12:50<\/p>\n<\/td>\n<\/tr>\n<\/tbody>\n<\/table>","protected":false},"excerpt":{"rendered":"<p>Flyrejser til Arlanda Firenze<\/p>\n<p>Hvis du vil medbringe din cykel, skal du v\u00e6lge det produkt.<\/p>\n<p>Hvis du vil medbringe din cykel, skal du v\u00e6lge det produkt.<\/p>\n<table data-testid=\"renderer-table\" data-number-column=\"false\" data-table-width=\"760\">\n<colgroup>\n<col \/>\n<col \/>\n<col \/>\n<col \/><\/colgroup>\n<tbody>\n<tr>\n<th class=\"ak-renderer-tableHeader-sortable-column__wrapper\" colspan=\"1\" rowspan=\"1\" aria-sort=\"Ingen\">\n<div class=\"ak-renderer-tableHeader-sortable-column\">\n<p data-renderer-start-pos=\"4\">INGEN.<\/p>\n<figure class=\"ak-renderer-tableHeader-sorting-icon__wrapper ak-renderer-tableHeader-sorting-icon__no-order\">\n<div role=\"presentation\">\n<div class=\"ak-renderer-tableHeader-sorting-icon cc-gls7uu\" tabindex=\"0\" role=\"button\" aria-label=\"Der anvendes ingen sortering p\u00e5 kolonnen\" aria-disabled=\"false\">\n<div class=\"sorting-icon-svg__no_order ak-renderer-tableHeader-sorting-icon-inactive cc-37qivc\">\n<div class=\"cc-1h55k8m\"><\/div>\n<\/div>\n<\/div>\n<\/div>\n<\/figure>\n<\/div>\n<\/th>\n<th class=\"ak-renderer-tableHeader-sortable-column__wrapper\" colspan=\"1\" rowspan=\"1\" aria-sort=\"Ingen\">\n<div class=\"ak-renderer-tableHeader-sortable-column\">\n<p data-renderer-start-pos=\"11\">DATO<\/p>\n<figure class=\"ak-renderer-tableHeader-sorting-icon__wrapper ak-renderer-tableHeader-sorting-icon__no-order\">\n<div role=\"presentation\">\n<div class=\"ak-renderer-tableHeader-sorting-icon cc-gls7uu\" tabindex=\"0\" role=\"button\" aria-label=\"Der anvendes ingen sortering p\u00e5 kolonnen\" aria-disabled=\"false\">\n<div class=\"sorting-icon-svg__no_order ak-renderer-tableHeader-sorting-icon-inactive cc-37qivc\">\n<div class=\"cc-1h55k8m\"><\/div>\n<\/div>\n<\/div>\n<\/div>\n<\/figure>\n<\/div>\n<\/th>\n<th class=\"ak-renderer-tableHeader-sortable-column__wrapper\" colspan=\"1\" rowspan=\"1\" aria-sort=\"Ingen\">\n<div class=\"ak-renderer-tableHeader-sortable-column\">\n<p data-renderer-start-pos=\"20\">AFGANG<\/p>\n<figure class=\"ak-renderer-tableHeader-sorting-icon__wrapper ak-renderer-tableHeader-sorting-icon__no-order\">\n<div role=\"presentation\">\n<div class=\"ak-renderer-tableHeader-sorting-icon cc-gls7uu\" tabindex=\"0\" role=\"button\" aria-label=\"Der anvendes ingen sortering p\u00e5 kolonnen\" aria-disabled=\"false\">\n<div class=\"sorting-icon-svg__no_order ak-renderer-tableHeader-sorting-icon-inactive cc-37qivc\">\n<div class=\"cc-1h55k8m\"><\/div>\n<\/div>\n<\/div>\n<\/div>\n<\/figure>\n<\/div>\n<\/th>\n<th class=\"ak-renderer-tableHeader-sortable-column__wrapper\" colspan=\"1\" rowspan=\"1\" aria-sort=\"Ingen\">\n<div class=\"ak-renderer-tableHeader-sortable-column\">\n<p data-renderer-start-pos=\"30\">ANKOMST<\/p>\n<figure class=\"ak-renderer-tableHeader-sorting-icon__wrapper ak-renderer-tableHeader-sorting-icon__no-order\">\n<div role=\"presentation\">\n<div class=\"ak-renderer-tableHeader-sorting-icon cc-gls7uu\" tabindex=\"0\" role=\"button\" aria-label=\"Der anvendes ingen sortering p\u00e5 kolonnen\" aria-disabled=\"false\">\n<div class=\"sorting-icon-svg__no_order ak-renderer-tableHeader-sorting-icon-inactive cc-37qivc\">\n<div class=\"cc-1h55k8m\"><\/div>\n<\/div>\n<\/div>\n<\/div>\n<\/figure>\n<\/div>\n<\/th>\n<\/tr>\n<tr>\n<td colspan=\"1\" rowspan=\"1\">\n<p data-renderer-start-pos=\"43\">SK1915<\/p>\n<\/td>\n<td colspan=\"1\" rowspan=\"1\">\n<p data-renderer-start-pos=\"53\">Fre 2025-10-02<\/p>\n<\/td>\n<td colspan=\"1\" rowspan=\"1\">\n<p data-renderer-start-pos=\"71\">Stockholm Arlanda (ARN)<\/p>\n<p data-renderer-start-pos=\"96\">06:10<\/p>\n<\/td>\n<td colspan=\"1\" rowspan=\"1\">\n<p data-renderer-start-pos=\"105\">Firenze (FLR)<\/p>\n<p data-renderer-start-pos=\"122\">09:10<\/p>\n<\/td>\n<\/tr>\n<tr>\n<td colspan=\"1\" rowspan=\"1\">\n<p data-renderer-start-pos=\"133\">SK1916<\/p>\n<\/td>\n<td colspan=\"1\" rowspan=\"1\">\n<p data-renderer-start-pos=\"143\">man. 2025-10-09<\/p>\n<\/td>\n<td colspan=\"1\" rowspan=\"1\">\n<p data-renderer-start-pos=\"161\">Firenze (FLR)<\/p>\n<p data-renderer-start-pos=\"178\">10:00<\/p>\n<\/td>\n<td colspan=\"1\" rowspan=\"1\">\n<p data-renderer-start-pos=\"187\">Stockholm Arlanda (ARN)<\/p>\n<p data-renderer-start-pos=\"212\">12:50<\/p>\n<\/td>\n<\/tr>\n<\/tbody>\n<\/table>","protected":false},"featured_media":6958,"comment_status":"open","ping_status":"closed","template":"","meta":{"_coblocks_attr":"","_coblocks_dimensions":"","_coblocks_responsive_height":"","_coblocks_accordion_ie_support":""},"product_brand":[],"product_cat":[1373191,1373492],"product_tag":[],"class_list":{"0":"post-10008","1":"product","2":"type-product","3":"status-publish","4":"has-post-thumbnail","6":"product_cat-trip","7":"product_cat-tus","9":"first","10":"instock","11":"virtual","12":"purchasable","13":"product-type-simple"},"composite_virtual":false,"composite_layout":"","composite_add_to_cart_form_location":"","composite_editable_in_cart":false,"composite_sold_individually_context":"","composite_shop_price_calc":"","composite_components":[],"composite_scenarios":[],"yoast_head":"<!-- This site is optimized with the Yoast SEO plugin v27.2 - https:\/\/yoast.com\/product\/yoast-seo-wordpress\/ -->\n<title>Toscana 2026 Flyg - INZAIN Cycling EXPERIENCES<\/title>\n<meta name=\"robots\" content=\"index, follow, max-snippet:-1, max-image-preview:large, max-video-preview:-1\" \/>\n<link rel=\"canonical\" href=\"https:\/\/inzain.bike\/da\/vare\/tus26-flight\/\" \/>\n<meta property=\"og:locale\" content=\"da_DK\" \/>\n<meta property=\"og:type\" content=\"article\" \/>\n<meta property=\"og:title\" content=\"Toscana 2026 Flyg - INZAIN Cycling EXPERIENCES\" \/>\n<meta property=\"og:description\" content=\"Flyg t.or Arlanda Florens  Vill du ha med din cykel, s\u00e5 v\u00e4lj till den produkten.  Vill du ha med din cykel, s\u00e5 v\u00e4lj till den produkten.        NR.             DATUM             AVG\u00c5NG             ANKOMST              SK1915   Fre 2025-10-02   Stockholm Arlanda (ARN) 06:10   Firenze(FLR) 09:10     SK1916   M\u00e5n 2025-10-09   Firenze(FLR) 10:00   Stockholm Arlanda (ARN) 12:50\" \/>\n<meta property=\"og:url\" content=\"https:\/\/inzain.bike\/da\/vare\/tus26-flight\/\" \/>\n<meta property=\"og:site_name\" content=\"INZAIN Cycling EXPERIENCES\" \/>\n<meta property=\"article:publisher\" content=\"https:\/\/www.facebook.com\/Inzain.bike\" \/>\n<meta property=\"article:modified_time\" content=\"2026-03-31T19:05:54+00:00\" \/>\n<meta property=\"og:image\" content=\"https:\/\/inzain.bike\/wp-content\/uploads\/2024\/03\/airplane.png\" \/>\n\t<meta property=\"og:image:width\" content=\"512\" \/>\n\t<meta property=\"og:image:height\" content=\"512\" \/>\n\t<meta property=\"og:image:type\" content=\"image\/png\" \/>\n<meta name=\"twitter:card\" content=\"summary_large_image\" \/>\n<meta name=\"twitter:label1\" content=\"Estimeret l\u00e6setid\" \/>\n\t<meta name=\"twitter:data1\" content=\"1 minut\" \/>\n<script type=\"application\/ld+json\" class=\"yoast-schema-graph\">{\"@context\":\"https:\/\/schema.org\",\"@graph\":[{\"@type\":\"WebPage\",\"@id\":\"https:\/\/inzain.bike\/produkt\/tus26-flight\/\",\"url\":\"https:\/\/inzain.bike\/produkt\/tus26-flight\/\",\"name\":\"Toscana 2026 Flyg - INZAIN Cycling EXPERIENCES\",\"isPartOf\":{\"@id\":\"https:\/\/inzain.bike\/fr_be\/#website\"},\"primaryImageOfPage\":{\"@id\":\"https:\/\/inzain.bike\/produkt\/tus26-flight\/#primaryimage\"},\"image\":{\"@id\":\"https:\/\/inzain.bike\/produkt\/tus26-flight\/#primaryimage\"},\"thumbnailUrl\":\"https:\/\/inzain.bike\/wp-content\/uploads\/2024\/03\/airplane.png\",\"datePublished\":\"2026-01-31T13:40:05+00:00\",\"dateModified\":\"2026-03-31T19:05:54+00:00\",\"breadcrumb\":{\"@id\":\"https:\/\/inzain.bike\/produkt\/tus26-flight\/#breadcrumb\"},\"inLanguage\":\"da-DK\",\"potentialAction\":[{\"@type\":\"ReadAction\",\"target\":[\"https:\/\/inzain.bike\/produkt\/tus26-flight\/\"]}]},{\"@type\":\"ImageObject\",\"inLanguage\":\"da-DK\",\"@id\":\"https:\/\/inzain.bike\/produkt\/tus26-flight\/#primaryimage\",\"url\":\"https:\/\/inzain.bike\/wp-content\/uploads\/2024\/03\/airplane.png\",\"contentUrl\":\"https:\/\/inzain.bike\/wp-content\/uploads\/2024\/03\/airplane.png\",\"width\":512,\"height\":512},{\"@type\":\"BreadcrumbList\",\"@id\":\"https:\/\/inzain.bike\/produkt\/tus26-flight\/#breadcrumb\",\"itemListElement\":[{\"@type\":\"ListItem\",\"position\":1,\"name\":\"Hem\",\"item\":\"https:\/\/inzain.bike\/fr_be\/\"},{\"@type\":\"ListItem\",\"position\":2,\"name\":\"Webbutik\",\"item\":\"https:\/\/inzain.bike\/fi\/butik\/\"},{\"@type\":\"ListItem\",\"position\":3,\"name\":\"Toscana 2026 Flyg\"}]},{\"@type\":\"WebSite\",\"@id\":\"https:\/\/inzain.bike\/fr_be\/#website\",\"url\":\"https:\/\/inzain.bike\/fr_be\/\",\"name\":\"INZAIN Cycling EXPERIENCES\",\"description\":\"Cyckling Adventures  - for everyone\",\"publisher\":{\"@id\":\"https:\/\/inzain.bike\/fr_be\/#organization\"},\"alternateName\":\"INZAIN Gravel & Travel\",\"potentialAction\":[{\"@type\":\"SearchAction\",\"target\":{\"@type\":\"EntryPoint\",\"urlTemplate\":\"https:\/\/inzain.bike\/fr_be\/?s={search_term_string}\"},\"query-input\":{\"@type\":\"PropertyValueSpecification\",\"valueRequired\":true,\"valueName\":\"search_term_string\"}}],\"inLanguage\":\"da-DK\"},{\"@type\":\"Organization\",\"@id\":\"https:\/\/inzain.bike\/fr_be\/#organization\",\"name\":\"INZAIN Cycling EXPERIENCES\",\"url\":\"https:\/\/inzain.bike\/fr_be\/\",\"logo\":{\"@type\":\"ImageObject\",\"inLanguage\":\"da-DK\",\"@id\":\"https:\/\/inzain.bike\/fr_be\/#\/schema\/logo\/image\/\",\"url\":\"https:\/\/i0.wp.com\/inzain.bike\/wp-content\/uploads\/2023\/09\/cropped-INZAIN_512x512_white.png?fit=512%2C512&ssl=1\",\"contentUrl\":\"https:\/\/i0.wp.com\/inzain.bike\/wp-content\/uploads\/2023\/09\/cropped-INZAIN_512x512_white.png?fit=512%2C512&ssl=1\",\"width\":512,\"height\":512,\"caption\":\"INZAIN Cycling EXPERIENCES\"},\"image\":{\"@id\":\"https:\/\/inzain.bike\/fr_be\/#\/schema\/logo\/image\/\"},\"sameAs\":[\"https:\/\/www.facebook.com\/Inzain.bike\",\"https:\/\/www.instagram.com\/inzainbike\"]}]}<\/script>\n<!-- \/ Yoast SEO plugin. -->","yoast_head_json":{"title":"Toscana 2026 Flyg - INZAIN Cycling EXPERIENCES","robots":{"index":"index","follow":"follow","max-snippet":"max-snippet:-1","max-image-preview":"max-image-preview:large","max-video-preview":"max-video-preview:-1"},"canonical":"https:\/\/inzain.bike\/da\/vare\/tus26-flight\/","og_locale":"da_DK","og_type":"article","og_title":"Toscana 2026 Flyg - INZAIN Cycling EXPERIENCES","og_description":"Flyg t.or Arlanda Florens  Vill du ha med din cykel, s\u00e5 v\u00e4lj till den produkten.  Vill du ha med din cykel, s\u00e5 v\u00e4lj till den produkten.        NR.             DATUM             AVG\u00c5NG             ANKOMST              SK1915   Fre 2025-10-02   Stockholm Arlanda (ARN) 06:10   Firenze(FLR) 09:10     SK1916   M\u00e5n 2025-10-09   Firenze(FLR) 10:00   Stockholm Arlanda (ARN) 12:50","og_url":"https:\/\/inzain.bike\/da\/vare\/tus26-flight\/","og_site_name":"INZAIN Cycling EXPERIENCES","article_publisher":"https:\/\/www.facebook.com\/Inzain.bike","article_modified_time":"2026-03-31T19:05:54+00:00","og_image":[{"width":512,"height":512,"url":"https:\/\/inzain.bike\/wp-content\/uploads\/2024\/03\/airplane.png","type":"image\/png"}],"twitter_card":"summary_large_image","twitter_misc":{"Estimeret l\u00e6setid":"1 minut"},"schema":{"@context":"https:\/\/schema.org","@graph":[{"@type":"WebPage","@id":"https:\/\/inzain.bike\/produkt\/tus26-flight\/","url":"https:\/\/inzain.bike\/produkt\/tus26-flight\/","name":"Toscana 2026 Flyg - INZAIN Cycling EXPERIENCES","isPartOf":{"@id":"https:\/\/inzain.bike\/fr_be\/#website"},"primaryImageOfPage":{"@id":"https:\/\/inzain.bike\/produkt\/tus26-flight\/#primaryimage"},"image":{"@id":"https:\/\/inzain.bike\/produkt\/tus26-flight\/#primaryimage"},"thumbnailUrl":"https:\/\/inzain.bike\/wp-content\/uploads\/2024\/03\/airplane.png","datePublished":"2026-01-31T13:40:05+00:00","dateModified":"2026-03-31T19:05:54+00:00","breadcrumb":{"@id":"https:\/\/inzain.bike\/produkt\/tus26-flight\/#breadcrumb"},"inLanguage":"da-DK","potentialAction":[{"@type":"ReadAction","target":["https:\/\/inzain.bike\/produkt\/tus26-flight\/"]}]},{"@type":"ImageObject","inLanguage":"da-DK","@id":"https:\/\/inzain.bike\/produkt\/tus26-flight\/#primaryimage","url":"https:\/\/inzain.bike\/wp-content\/uploads\/2024\/03\/airplane.png","contentUrl":"https:\/\/inzain.bike\/wp-content\/uploads\/2024\/03\/airplane.png","width":512,"height":512},{"@type":"BreadcrumbList","@id":"https:\/\/inzain.bike\/produkt\/tus26-flight\/#breadcrumb","itemListElement":[{"@type":"ListItem","position":1,"name":"Hem","item":"https:\/\/inzain.bike\/fr_be\/"},{"@type":"ListItem","position":2,"name":"Webbutik","item":"https:\/\/inzain.bike\/fi\/butik\/"},{"@type":"ListItem","position":3,"name":"Toscana 2026 Flyg"}]},{"@type":"WebSite","@id":"https:\/\/inzain.bike\/fr_be\/#website","url":"https:\/\/inzain.bike\/fr_be\/","name":"INZAIN CykelOPLEVELSER","description":"Cykeleventyr - for alle","publisher":{"@id":"https:\/\/inzain.bike\/fr_be\/#organization"},"alternateName":"INZAIN Gravel & Travel","potentialAction":[{"@type":"SearchAction","target":{"@type":"EntryPoint","urlTemplate":"https:\/\/inzain.bike\/fr_be\/?s={search_term_string}"},"query-input":{"@type":"PropertyValueSpecification","valueRequired":true,"valueName":"search_term_string"}}],"inLanguage":"da-DK"},{"@type":"Organization","@id":"https:\/\/inzain.bike\/fr_be\/#organization","name":"INZAIN CykelOPLEVELSER","url":"https:\/\/inzain.bike\/fr_be\/","logo":{"@type":"ImageObject","inLanguage":"da-DK","@id":"https:\/\/inzain.bike\/fr_be\/#\/schema\/logo\/image\/","url":"https:\/\/i0.wp.com\/inzain.bike\/wp-content\/uploads\/2023\/09\/cropped-INZAIN_512x512_white.png?fit=512%2C512&ssl=1","contentUrl":"https:\/\/i0.wp.com\/inzain.bike\/wp-content\/uploads\/2023\/09\/cropped-INZAIN_512x512_white.png?fit=512%2C512&ssl=1","width":512,"height":512,"caption":"INZAIN Cycling EXPERIENCES"},"image":{"@id":"https:\/\/inzain.bike\/fr_be\/#\/schema\/logo\/image\/"},"sameAs":["https:\/\/www.facebook.com\/Inzain.bike","https:\/\/www.instagram.com\/inzainbike"]}]}},"_links":{"self":[{"href":"https:\/\/inzain.bike\/da\/wp-json\/wp\/v2\/product\/10008","targetHints":{"allow":["GET"]}}],"collection":[{"href":"https:\/\/inzain.bike\/da\/wp-json\/wp\/v2\/product"}],"about":[{"href":"https:\/\/inzain.bike\/da\/wp-json\/wp\/v2\/types\/product"}],"replies":[{"embeddable":true,"href":"https:\/\/inzain.bike\/da\/wp-json\/wp\/v2\/comments?post=10008"}],"wp:featuredmedia":[{"embeddable":true,"href":"https:\/\/inzain.bike\/da\/wp-json\/wp\/v2\/media\/6958"}],"wp:attachment":[{"href":"https:\/\/inzain.bike\/da\/wp-json\/wp\/v2\/media?parent=10008"}],"wp:term":[{"taxonomy":"product_brand","embeddable":true,"href":"https:\/\/inzain.bike\/da\/wp-json\/wp\/v2\/product_brand?post=10008"},{"taxonomy":"product_cat","embeddable":true,"href":"https:\/\/inzain.bike\/da\/wp-json\/wp\/v2\/product_cat?post=10008"},{"taxonomy":"product_tag","embeddable":true,"href":"https:\/\/inzain.bike\/da\/wp-json\/wp\/v2\/product_tag?post=10008"}],"curies":[{"name":"wp","href":"https:\/\/api.w.org\/{rel}","templated":true}]}}