{"id":10010,"date":"2026-01-31T14:45:21","date_gmt":"2026-01-31T13:45:21","guid":{"rendered":"https:\/\/inzain.bike\/?post_type=product&#038;p=10010"},"modified":"2026-03-31T21:05:55","modified_gmt":"2026-03-31T19:05:55","slug":"tus26-sign-up","status":"publish","type":"product","link":"https:\/\/inzain.bike\/da\/vare\/tus26-sign-up\/","title":{"rendered":"Toscana 2026 Registreringsgebyr pr. person"},"content":{"rendered":"<p>Betales pr. person og er det samme for par i dobbeltv\u00e6relse eller 1 person i delt v\u00e6relse.<br \/>\nEr I et par i dobbeltv\u00e6relse, v\u00e6lger I to af dette produkt.<\/p>\n<p>HVIS rejsen aflyses, refunderes gebyret fuldt ud.<\/p>\n<p>Hvis den rejsende afbestiller, refunderes gebyret ikke.<\/p>\n<p>Den endelige betaling for rejsen skal ske senest den 15. august 2026.<br \/>\nEt s\u00e6rligt betalingslink til dette vil blive sendt ud via e-mail den 10. august 2025.<\/p>\n<p>&nbsp;<\/p>\n<p>&nbsp;<\/p>","protected":false},"excerpt":{"rendered":"<p>Betales pr. person og er det samme for par i dobbeltv\u00e6relse eller 1 person i delt v\u00e6relse.<br \/>\nEr I et par i dobbeltv\u00e6relse, v\u00e6lger I to af dette produkt.<\/p>\n<p>HVIS rejsen aflyses, refunderes gebyret fuldt ud.<\/p>\n<p>Hvis den rejsende afbestiller, refunderes gebyret ikke.<\/p>\n<p>Den endelige betaling for rejsen skal ske senest den 15. august 2026.<br \/>\nEt s\u00e6rligt betalingslink til dette vil blive sendt ud via e-mail den 10. august 2025.<\/p>","protected":false},"featured_media":7019,"comment_status":"open","ping_status":"closed","template":"","meta":{"_coblocks_attr":"","_coblocks_dimensions":"","_coblocks_responsive_height":"","_coblocks_accordion_ie_support":""},"product_brand":[],"product_cat":[1373191,1373492],"product_tag":[],"class_list":{"0":"post-10010","1":"product","2":"type-product","3":"status-publish","4":"has-post-thumbnail","6":"product_cat-trip","7":"product_cat-tus","9":"first","10":"instock","11":"virtual","12":"purchasable","13":"product-type-simple"},"composite_virtual":false,"composite_layout":"","composite_add_to_cart_form_location":"","composite_editable_in_cart":false,"composite_sold_individually_context":"","composite_shop_price_calc":"","composite_components":[],"composite_scenarios":[],"yoast_head":"<!-- This site is optimized with the Yoast SEO plugin v27.2 - https:\/\/yoast.com\/product\/yoast-seo-wordpress\/ -->\n<title>Toscana 2026 Anm\u00e4lningsavgift per person - INZAIN Cycling EXPERIENCES<\/title>\n<meta name=\"robots\" content=\"index, follow, max-snippet:-1, max-image-preview:large, max-video-preview:-1\" \/>\n<link rel=\"canonical\" href=\"https:\/\/inzain.bike\/da\/vare\/tus26-sign-up\/\" \/>\n<meta property=\"og:locale\" content=\"da_DK\" \/>\n<meta property=\"og:type\" content=\"article\" \/>\n<meta property=\"og:title\" content=\"Toscana 2026 Anm\u00e4lningsavgift per person - INZAIN Cycling EXPERIENCES\" \/>\n<meta property=\"og:description\" content=\"Betalas per person och \u00e4r samma f\u00f6r par i dubbelrum eller en person i delat rum. \u00c4r ni ett par i dubbelrum v\u00e4ljer ni tv\u00e5 av denna produkt.  OM resan skulle komma att st\u00e4llas in \u00e5terbetalas avgiften i sin helhet.  Om resen\u00e4r avbokar \u00e4r avgiften inte \u00e5terbetalningsbar.  Slutlikvid f\u00f6r resan sak erl\u00e4ggas senast den 15 augusti 2026. En s\u00e4rskild betalningsl\u00e4nk f\u00f6r det\u00a0 kommer att s\u00e4ndas ut per mail den 10 augusti 2025.\" \/>\n<meta property=\"og:url\" content=\"https:\/\/inzain.bike\/da\/vare\/tus26-sign-up\/\" \/>\n<meta property=\"og:site_name\" content=\"INZAIN Cycling EXPERIENCES\" \/>\n<meta property=\"article:publisher\" content=\"https:\/\/www.facebook.com\/Inzain.bike\" \/>\n<meta property=\"article:modified_time\" content=\"2026-03-31T19:05:55+00:00\" \/>\n<meta property=\"og:image\" content=\"https:\/\/inzain.bike\/wp-content\/uploads\/2024\/03\/signup.png\" \/>\n\t<meta property=\"og:image:width\" content=\"512\" \/>\n\t<meta property=\"og:image:height\" content=\"512\" \/>\n\t<meta property=\"og:image:type\" content=\"image\/png\" \/>\n<meta name=\"twitter:card\" content=\"summary_large_image\" \/>\n<meta name=\"twitter:label1\" content=\"Estimeret l\u00e6setid\" \/>\n\t<meta name=\"twitter:data1\" content=\"1 minut\" \/>\n<script type=\"application\/ld+json\" class=\"yoast-schema-graph\">{\"@context\":\"https:\/\/schema.org\",\"@graph\":[{\"@type\":\"WebPage\",\"@id\":\"https:\/\/inzain.bike\/produkt\/tus26-sign-up\/\",\"url\":\"https:\/\/inzain.bike\/produkt\/tus26-sign-up\/\",\"name\":\"Toscana 2026 Anm\u00e4lningsavgift per person - INZAIN Cycling EXPERIENCES\",\"isPartOf\":{\"@id\":\"https:\/\/inzain.bike\/fr_be\/#website\"},\"primaryImageOfPage\":{\"@id\":\"https:\/\/inzain.bike\/produkt\/tus26-sign-up\/#primaryimage\"},\"image\":{\"@id\":\"https:\/\/inzain.bike\/produkt\/tus26-sign-up\/#primaryimage\"},\"thumbnailUrl\":\"https:\/\/inzain.bike\/wp-content\/uploads\/2024\/03\/signup.png\",\"datePublished\":\"2026-01-31T13:45:21+00:00\",\"dateModified\":\"2026-03-31T19:05:55+00:00\",\"breadcrumb\":{\"@id\":\"https:\/\/inzain.bike\/produkt\/tus26-sign-up\/#breadcrumb\"},\"inLanguage\":\"da-DK\",\"potentialAction\":[{\"@type\":\"ReadAction\",\"target\":[\"https:\/\/inzain.bike\/produkt\/tus26-sign-up\/\"]}]},{\"@type\":\"ImageObject\",\"inLanguage\":\"da-DK\",\"@id\":\"https:\/\/inzain.bike\/produkt\/tus26-sign-up\/#primaryimage\",\"url\":\"https:\/\/inzain.bike\/wp-content\/uploads\/2024\/03\/signup.png\",\"contentUrl\":\"https:\/\/inzain.bike\/wp-content\/uploads\/2024\/03\/signup.png\",\"width\":512,\"height\":512},{\"@type\":\"BreadcrumbList\",\"@id\":\"https:\/\/inzain.bike\/produkt\/tus26-sign-up\/#breadcrumb\",\"itemListElement\":[{\"@type\":\"ListItem\",\"position\":1,\"name\":\"Hem\",\"item\":\"https:\/\/inzain.bike\/fr_be\/\"},{\"@type\":\"ListItem\",\"position\":2,\"name\":\"Webbutik\",\"item\":\"https:\/\/inzain.bike\/fi\/butik\/\"},{\"@type\":\"ListItem\",\"position\":3,\"name\":\"Toscana 2026 Anm\u00e4lningsavgift per person\"}]},{\"@type\":\"WebSite\",\"@id\":\"https:\/\/inzain.bike\/fr_be\/#website\",\"url\":\"https:\/\/inzain.bike\/fr_be\/\",\"name\":\"INZAIN Cycling EXPERIENCES\",\"description\":\"Cyckling Adventures  - for everyone\",\"publisher\":{\"@id\":\"https:\/\/inzain.bike\/fr_be\/#organization\"},\"alternateName\":\"INZAIN Gravel & Travel\",\"potentialAction\":[{\"@type\":\"SearchAction\",\"target\":{\"@type\":\"EntryPoint\",\"urlTemplate\":\"https:\/\/inzain.bike\/fr_be\/?s={search_term_string}\"},\"query-input\":{\"@type\":\"PropertyValueSpecification\",\"valueRequired\":true,\"valueName\":\"search_term_string\"}}],\"inLanguage\":\"da-DK\"},{\"@type\":\"Organization\",\"@id\":\"https:\/\/inzain.bike\/fr_be\/#organization\",\"name\":\"INZAIN Cycling EXPERIENCES\",\"url\":\"https:\/\/inzain.bike\/fr_be\/\",\"logo\":{\"@type\":\"ImageObject\",\"inLanguage\":\"da-DK\",\"@id\":\"https:\/\/inzain.bike\/fr_be\/#\/schema\/logo\/image\/\",\"url\":\"https:\/\/i0.wp.com\/inzain.bike\/wp-content\/uploads\/2023\/09\/cropped-INZAIN_512x512_white.png?fit=512%2C512&ssl=1\",\"contentUrl\":\"https:\/\/i0.wp.com\/inzain.bike\/wp-content\/uploads\/2023\/09\/cropped-INZAIN_512x512_white.png?fit=512%2C512&ssl=1\",\"width\":512,\"height\":512,\"caption\":\"INZAIN Cycling EXPERIENCES\"},\"image\":{\"@id\":\"https:\/\/inzain.bike\/fr_be\/#\/schema\/logo\/image\/\"},\"sameAs\":[\"https:\/\/www.facebook.com\/Inzain.bike\",\"https:\/\/www.instagram.com\/inzainbike\"]}]}<\/script>\n<!-- \/ Yoast SEO plugin. -->","yoast_head_json":{"title":"Toscana 2026 Anm\u00e4lningsavgift per person - INZAIN Cycling EXPERIENCES","robots":{"index":"index","follow":"follow","max-snippet":"max-snippet:-1","max-image-preview":"max-image-preview:large","max-video-preview":"max-video-preview:-1"},"canonical":"https:\/\/inzain.bike\/da\/vare\/tus26-sign-up\/","og_locale":"da_DK","og_type":"article","og_title":"Toscana 2026 Anm\u00e4lningsavgift per person - INZAIN Cycling EXPERIENCES","og_description":"Betalas per person och \u00e4r samma f\u00f6r par i dubbelrum eller en person i delat rum. \u00c4r ni ett par i dubbelrum v\u00e4ljer ni tv\u00e5 av denna produkt.  OM resan skulle komma att st\u00e4llas in \u00e5terbetalas avgiften i sin helhet.  Om resen\u00e4r avbokar \u00e4r avgiften inte \u00e5terbetalningsbar.  Slutlikvid f\u00f6r resan sak erl\u00e4ggas senast den 15 augusti 2026. En s\u00e4rskild betalningsl\u00e4nk f\u00f6r det\u00a0 kommer att s\u00e4ndas ut per mail den 10 augusti 2025.","og_url":"https:\/\/inzain.bike\/da\/vare\/tus26-sign-up\/","og_site_name":"INZAIN Cycling EXPERIENCES","article_publisher":"https:\/\/www.facebook.com\/Inzain.bike","article_modified_time":"2026-03-31T19:05:55+00:00","og_image":[{"width":512,"height":512,"url":"https:\/\/inzain.bike\/wp-content\/uploads\/2024\/03\/signup.png","type":"image\/png"}],"twitter_card":"summary_large_image","twitter_misc":{"Estimeret l\u00e6setid":"1 minut"},"schema":{"@context":"https:\/\/schema.org","@graph":[{"@type":"WebPage","@id":"https:\/\/inzain.bike\/produkt\/tus26-sign-up\/","url":"https:\/\/inzain.bike\/produkt\/tus26-sign-up\/","name":"Toscana 2026 Anm\u00e4lningsavgift per person - INZAIN Cycling EXPERIENCES","isPartOf":{"@id":"https:\/\/inzain.bike\/fr_be\/#website"},"primaryImageOfPage":{"@id":"https:\/\/inzain.bike\/produkt\/tus26-sign-up\/#primaryimage"},"image":{"@id":"https:\/\/inzain.bike\/produkt\/tus26-sign-up\/#primaryimage"},"thumbnailUrl":"https:\/\/inzain.bike\/wp-content\/uploads\/2024\/03\/signup.png","datePublished":"2026-01-31T13:45:21+00:00","dateModified":"2026-03-31T19:05:55+00:00","breadcrumb":{"@id":"https:\/\/inzain.bike\/produkt\/tus26-sign-up\/#breadcrumb"},"inLanguage":"da-DK","potentialAction":[{"@type":"ReadAction","target":["https:\/\/inzain.bike\/produkt\/tus26-sign-up\/"]}]},{"@type":"ImageObject","inLanguage":"da-DK","@id":"https:\/\/inzain.bike\/produkt\/tus26-sign-up\/#primaryimage","url":"https:\/\/inzain.bike\/wp-content\/uploads\/2024\/03\/signup.png","contentUrl":"https:\/\/inzain.bike\/wp-content\/uploads\/2024\/03\/signup.png","width":512,"height":512},{"@type":"BreadcrumbList","@id":"https:\/\/inzain.bike\/produkt\/tus26-sign-up\/#breadcrumb","itemListElement":[{"@type":"ListItem","position":1,"name":"Hem","item":"https:\/\/inzain.bike\/fr_be\/"},{"@type":"ListItem","position":2,"name":"Webbutik","item":"https:\/\/inzain.bike\/fi\/butik\/"},{"@type":"ListItem","position":3,"name":"Toscana 2026 Anm\u00e4lningsavgift per person"}]},{"@type":"WebSite","@id":"https:\/\/inzain.bike\/fr_be\/#website","url":"https:\/\/inzain.bike\/fr_be\/","name":"INZAIN CykelOPLEVELSER","description":"Cykeleventyr - for alle","publisher":{"@id":"https:\/\/inzain.bike\/fr_be\/#organization"},"alternateName":"INZAIN Gravel & Travel","potentialAction":[{"@type":"SearchAction","target":{"@type":"EntryPoint","urlTemplate":"https:\/\/inzain.bike\/fr_be\/?s={search_term_string}"},"query-input":{"@type":"PropertyValueSpecification","valueRequired":true,"valueName":"search_term_string"}}],"inLanguage":"da-DK"},{"@type":"Organization","@id":"https:\/\/inzain.bike\/fr_be\/#organization","name":"INZAIN CykelOPLEVELSER","url":"https:\/\/inzain.bike\/fr_be\/","logo":{"@type":"ImageObject","inLanguage":"da-DK","@id":"https:\/\/inzain.bike\/fr_be\/#\/schema\/logo\/image\/","url":"https:\/\/i0.wp.com\/inzain.bike\/wp-content\/uploads\/2023\/09\/cropped-INZAIN_512x512_white.png?fit=512%2C512&ssl=1","contentUrl":"https:\/\/i0.wp.com\/inzain.bike\/wp-content\/uploads\/2023\/09\/cropped-INZAIN_512x512_white.png?fit=512%2C512&ssl=1","width":512,"height":512,"caption":"INZAIN Cycling EXPERIENCES"},"image":{"@id":"https:\/\/inzain.bike\/fr_be\/#\/schema\/logo\/image\/"},"sameAs":["https:\/\/www.facebook.com\/Inzain.bike","https:\/\/www.instagram.com\/inzainbike"]}]}},"_links":{"self":[{"href":"https:\/\/inzain.bike\/da\/wp-json\/wp\/v2\/product\/10010","targetHints":{"allow":["GET"]}}],"collection":[{"href":"https:\/\/inzain.bike\/da\/wp-json\/wp\/v2\/product"}],"about":[{"href":"https:\/\/inzain.bike\/da\/wp-json\/wp\/v2\/types\/product"}],"replies":[{"embeddable":true,"href":"https:\/\/inzain.bike\/da\/wp-json\/wp\/v2\/comments?post=10010"}],"wp:featuredmedia":[{"embeddable":true,"href":"https:\/\/inzain.bike\/da\/wp-json\/wp\/v2\/media\/7019"}],"wp:attachment":[{"href":"https:\/\/inzain.bike\/da\/wp-json\/wp\/v2\/media?parent=10010"}],"wp:term":[{"taxonomy":"product_brand","embeddable":true,"href":"https:\/\/inzain.bike\/da\/wp-json\/wp\/v2\/product_brand?post=10010"},{"taxonomy":"product_cat","embeddable":true,"href":"https:\/\/inzain.bike\/da\/wp-json\/wp\/v2\/product_cat?post=10010"},{"taxonomy":"product_tag","embeddable":true,"href":"https:\/\/inzain.bike\/da\/wp-json\/wp\/v2\/product_tag?post=10010"}],"curies":[{"name":"wp","href":"https:\/\/api.w.org\/{rel}","templated":true}]}}