{"id":7433,"date":"2024-06-14T22:43:31","date_gmt":"2024-06-14T20:43:31","guid":{"rendered":"https:\/\/inzain.bike\/?post_type=product&#038;p=7433"},"modified":"2024-06-14T22:45:13","modified_gmt":"2024-06-14T20:45:13","slug":"girona-fall-2024-eget-rum","status":"publish","type":"product","link":"https:\/\/inzain.bike\/da\/vare\/girona-fall-2024-eget-rum\/","title":{"rendered":"Girona Efter\u00e5r 2024 Eget v\u00e6relse"},"content":{"rendered":"<p>Deltagergebyr Girona 2024 14. \u2013 22. september Eget v\u00e6relse<\/p>\n<p style=\"font-weight: 400;\">Prisen inkluderer:<\/p>\n<ul style=\"font-weight: 400;\">\n<li>Indkvartering p\u00e5 vores Hotel CMCi eget v\u00e6relse<\/li>\n<li>Morgenmad<\/li>\n<li>Foto og film<\/li>\n<li>Vejledninger<\/li>\n<li>Ruter<\/li>\n<\/ul>","protected":false},"excerpt":{"rendered":"<p>Deltagergebyr Girona 2024 14. \u2013 22. september Shared Room<\/p>\n<p style=\"font-weight: 400;\">Prisen inkluderer:<\/p>\n<ul style=\"font-weight: 400;\">\n<li>Overnatning p\u00e5 vores Hotel CMC p\u00e5 eget v\u00e6relse<\/li>\n<li>Morgenmad<\/li>\n<li>Foto og film<\/li>\n<li>Vejledninger<\/li>\n<li>Ruter<\/li>\n<\/ul>","protected":false},"featured_media":4707,"comment_status":"open","ping_status":"closed","template":"","meta":{"_coblocks_attr":"","_coblocks_dimensions":"","_coblocks_responsive_height":"","_coblocks_accordion_ie_support":""},"product_brand":[],"product_cat":[1373192,1373191],"product_tag":[],"class_list":{"0":"post-7433","1":"product","2":"type-product","3":"status-publish","4":"has-post-thumbnail","6":"product_cat-gir","7":"product_cat-trip","9":"first","10":"instock","11":"virtual","12":"purchasable","13":"product-type-simple"},"composite_virtual":false,"composite_layout":"","composite_add_to_cart_form_location":"","composite_editable_in_cart":false,"composite_sold_individually_context":"","composite_shop_price_calc":"","composite_components":[],"composite_scenarios":[],"yoast_head":"<!-- This site is optimized with the Yoast SEO plugin v27.2 - https:\/\/yoast.com\/product\/yoast-seo-wordpress\/ -->\n<title>Girona Fall 2024 Eget Rum - INZAIN Cycling EXPERIENCES<\/title>\n<meta name=\"robots\" content=\"index, follow, max-snippet:-1, max-image-preview:large, max-video-preview:-1\" \/>\n<link rel=\"canonical\" href=\"https:\/\/inzain.bike\/da\/vare\/girona-fall-2024-eget-rum\/\" \/>\n<meta property=\"og:locale\" content=\"da_DK\" \/>\n<meta property=\"og:type\" content=\"article\" \/>\n<meta property=\"og:title\" content=\"Girona Fall 2024 Eget Rum - INZAIN Cycling EXPERIENCES\" \/>\n<meta property=\"og:description\" content=\"Deltagaravgift Girona 2024\u00a0 14\u00a0 - 22 September Delat Rum Priset inkluderar:    Logi p\u00e5 v\u00e5rt Hotell CMC i eget rum  Frukost  Foto och Film  Guider  Rutter\" \/>\n<meta property=\"og:url\" content=\"https:\/\/inzain.bike\/da\/vare\/girona-fall-2024-eget-rum\/\" \/>\n<meta property=\"og:site_name\" content=\"INZAIN Cycling EXPERIENCES\" \/>\n<meta property=\"article:publisher\" content=\"https:\/\/www.facebook.com\/Inzain.bike\" \/>\n<meta property=\"article:modified_time\" content=\"2024-06-14T20:45:13+00:00\" \/>\n<meta property=\"og:image\" content=\"https:\/\/inzain.bike\/wp-content\/uploads\/2023\/11\/6871869.png\" \/>\n\t<meta property=\"og:image:width\" content=\"512\" \/>\n\t<meta property=\"og:image:height\" content=\"512\" \/>\n\t<meta property=\"og:image:type\" content=\"image\/png\" \/>\n<meta name=\"twitter:card\" content=\"summary_large_image\" \/>\n<meta name=\"twitter:label1\" content=\"Estimeret l\u00e6setid\" \/>\n\t<meta name=\"twitter:data1\" content=\"1 minut\" \/>\n<script type=\"application\/ld+json\" class=\"yoast-schema-graph\">{\"@context\":\"https:\/\/schema.org\",\"@graph\":[{\"@type\":\"WebPage\",\"@id\":\"https:\/\/inzain.bike\/sv_se\/produkt\/girona-fall-2024-eget-rum\/\",\"url\":\"https:\/\/inzain.bike\/sv_se\/produkt\/girona-fall-2024-eget-rum\/\",\"name\":\"Girona Fall 2024 Eget Rum - INZAIN Cycling EXPERIENCES\",\"isPartOf\":{\"@id\":\"https:\/\/inzain.bike\/fr_be\/#website\"},\"primaryImageOfPage\":{\"@id\":\"https:\/\/inzain.bike\/sv_se\/produkt\/girona-fall-2024-eget-rum\/#primaryimage\"},\"image\":{\"@id\":\"https:\/\/inzain.bike\/sv_se\/produkt\/girona-fall-2024-eget-rum\/#primaryimage\"},\"thumbnailUrl\":\"https:\/\/inzain.bike\/wp-content\/uploads\/2023\/11\/6871869.png\",\"datePublished\":\"2024-06-14T20:43:31+00:00\",\"dateModified\":\"2024-06-14T20:45:13+00:00\",\"breadcrumb\":{\"@id\":\"https:\/\/inzain.bike\/sv_se\/produkt\/girona-fall-2024-eget-rum\/#breadcrumb\"},\"inLanguage\":\"da-DK\",\"potentialAction\":[{\"@type\":\"ReadAction\",\"target\":[\"https:\/\/inzain.bike\/sv_se\/produkt\/girona-fall-2024-eget-rum\/\"]}]},{\"@type\":\"ImageObject\",\"inLanguage\":\"da-DK\",\"@id\":\"https:\/\/inzain.bike\/sv_se\/produkt\/girona-fall-2024-eget-rum\/#primaryimage\",\"url\":\"https:\/\/inzain.bike\/wp-content\/uploads\/2023\/11\/6871869.png\",\"contentUrl\":\"https:\/\/inzain.bike\/wp-content\/uploads\/2023\/11\/6871869.png\",\"width\":512,\"height\":512},{\"@type\":\"BreadcrumbList\",\"@id\":\"https:\/\/inzain.bike\/sv_se\/produkt\/girona-fall-2024-eget-rum\/#breadcrumb\",\"itemListElement\":[{\"@type\":\"ListItem\",\"position\":1,\"name\":\"Hem\",\"item\":\"https:\/\/inzain.bike\/fr_be\/\"},{\"@type\":\"ListItem\",\"position\":2,\"name\":\"Webbutik\",\"item\":\"https:\/\/inzain.bike\/fi\/butik\/\"},{\"@type\":\"ListItem\",\"position\":3,\"name\":\"Girona Fall 2024 Eget Rum\"}]},{\"@type\":\"WebSite\",\"@id\":\"https:\/\/inzain.bike\/fr_be\/#website\",\"url\":\"https:\/\/inzain.bike\/fr_be\/\",\"name\":\"INZAIN Cycling EXPERIENCES\",\"description\":\"Cyckling Adventures  - for everyone\",\"publisher\":{\"@id\":\"https:\/\/inzain.bike\/fr_be\/#organization\"},\"alternateName\":\"INZAIN Gravel & Travel\",\"potentialAction\":[{\"@type\":\"SearchAction\",\"target\":{\"@type\":\"EntryPoint\",\"urlTemplate\":\"https:\/\/inzain.bike\/fr_be\/?s={search_term_string}\"},\"query-input\":{\"@type\":\"PropertyValueSpecification\",\"valueRequired\":true,\"valueName\":\"search_term_string\"}}],\"inLanguage\":\"da-DK\"},{\"@type\":\"Organization\",\"@id\":\"https:\/\/inzain.bike\/fr_be\/#organization\",\"name\":\"INZAIN Cycling EXPERIENCES\",\"url\":\"https:\/\/inzain.bike\/fr_be\/\",\"logo\":{\"@type\":\"ImageObject\",\"inLanguage\":\"da-DK\",\"@id\":\"https:\/\/inzain.bike\/fr_be\/#\/schema\/logo\/image\/\",\"url\":\"https:\/\/i0.wp.com\/inzain.bike\/wp-content\/uploads\/2023\/09\/cropped-INZAIN_512x512_white.png?fit=512%2C512&ssl=1\",\"contentUrl\":\"https:\/\/i0.wp.com\/inzain.bike\/wp-content\/uploads\/2023\/09\/cropped-INZAIN_512x512_white.png?fit=512%2C512&ssl=1\",\"width\":512,\"height\":512,\"caption\":\"INZAIN Cycling EXPERIENCES\"},\"image\":{\"@id\":\"https:\/\/inzain.bike\/fr_be\/#\/schema\/logo\/image\/\"},\"sameAs\":[\"https:\/\/www.facebook.com\/Inzain.bike\",\"https:\/\/www.instagram.com\/inzainbike\"]}]}<\/script>\n<!-- \/ Yoast SEO plugin. -->","yoast_head_json":{"title":"Girona efter\u00e5r 2024 Eget v\u00e6relse - INZAIN Cycling EXPERIENCES","robots":{"index":"index","follow":"follow","max-snippet":"max-snippet:-1","max-image-preview":"max-image-preview:large","max-video-preview":"max-video-preview:-1"},"canonical":"https:\/\/inzain.bike\/da\/vare\/girona-fall-2024-eget-rum\/","og_locale":"da_DK","og_type":"article","og_title":"Girona Fall 2024 Eget Rum - INZAIN Cycling EXPERIENCES","og_description":"Deltagaravgift Girona 2024\u00a0 14\u00a0 - 22 September Delat Rum Priset inkluderar:    Logi p\u00e5 v\u00e5rt Hotell CMC i eget rum  Frukost  Foto och Film  Guider  Rutter","og_url":"https:\/\/inzain.bike\/da\/vare\/girona-fall-2024-eget-rum\/","og_site_name":"INZAIN Cycling EXPERIENCES","article_publisher":"https:\/\/www.facebook.com\/Inzain.bike","article_modified_time":"2024-06-14T20:45:13+00:00","og_image":[{"width":512,"height":512,"url":"https:\/\/inzain.bike\/wp-content\/uploads\/2023\/11\/6871869.png","type":"image\/png"}],"twitter_card":"summary_large_image","twitter_misc":{"Estimeret l\u00e6setid":"1 minut"},"schema":{"@context":"https:\/\/schema.org","@graph":[{"@type":"WebPage","@id":"https:\/\/inzain.bike\/sv_se\/produkt\/girona-fall-2024-eget-rum\/","url":"https:\/\/inzain.bike\/sv_se\/produkt\/girona-fall-2024-eget-rum\/","name":"Girona efter\u00e5r 2024 Eget v\u00e6relse - INZAIN Cycling EXPERIENCES","isPartOf":{"@id":"https:\/\/inzain.bike\/fr_be\/#website"},"primaryImageOfPage":{"@id":"https:\/\/inzain.bike\/sv_se\/produkt\/girona-fall-2024-eget-rum\/#primaryimage"},"image":{"@id":"https:\/\/inzain.bike\/sv_se\/produkt\/girona-fall-2024-eget-rum\/#primaryimage"},"thumbnailUrl":"https:\/\/inzain.bike\/wp-content\/uploads\/2023\/11\/6871869.png","datePublished":"2024-06-14T20:43:31+00:00","dateModified":"2024-06-14T20:45:13+00:00","breadcrumb":{"@id":"https:\/\/inzain.bike\/sv_se\/produkt\/girona-fall-2024-eget-rum\/#breadcrumb"},"inLanguage":"da-DK","potentialAction":[{"@type":"ReadAction","target":["https:\/\/inzain.bike\/sv_se\/produkt\/girona-fall-2024-eget-rum\/"]}]},{"@type":"ImageObject","inLanguage":"da-DK","@id":"https:\/\/inzain.bike\/sv_se\/produkt\/girona-fall-2024-eget-rum\/#primaryimage","url":"https:\/\/inzain.bike\/wp-content\/uploads\/2023\/11\/6871869.png","contentUrl":"https:\/\/inzain.bike\/wp-content\/uploads\/2023\/11\/6871869.png","width":512,"height":512},{"@type":"BreadcrumbList","@id":"https:\/\/inzain.bike\/sv_se\/produkt\/girona-fall-2024-eget-rum\/#breadcrumb","itemListElement":[{"@type":"ListItem","position":1,"name":"Hem","item":"https:\/\/inzain.bike\/fr_be\/"},{"@type":"ListItem","position":2,"name":"Webbutik","item":"https:\/\/inzain.bike\/fi\/butik\/"},{"@type":"ListItem","position":3,"name":"Girona Fall 2024 Eget Rum"}]},{"@type":"WebSite","@id":"https:\/\/inzain.bike\/fr_be\/#website","url":"https:\/\/inzain.bike\/fr_be\/","name":"INZAIN CykelOPLEVELSER","description":"Cykeleventyr - for alle","publisher":{"@id":"https:\/\/inzain.bike\/fr_be\/#organization"},"alternateName":"INZAIN Gravel & Travel","potentialAction":[{"@type":"SearchAction","target":{"@type":"EntryPoint","urlTemplate":"https:\/\/inzain.bike\/fr_be\/?s={search_term_string}"},"query-input":{"@type":"PropertyValueSpecification","valueRequired":true,"valueName":"search_term_string"}}],"inLanguage":"da-DK"},{"@type":"Organization","@id":"https:\/\/inzain.bike\/fr_be\/#organization","name":"INZAIN CykelOPLEVELSER","url":"https:\/\/inzain.bike\/fr_be\/","logo":{"@type":"ImageObject","inLanguage":"da-DK","@id":"https:\/\/inzain.bike\/fr_be\/#\/schema\/logo\/image\/","url":"https:\/\/i0.wp.com\/inzain.bike\/wp-content\/uploads\/2023\/09\/cropped-INZAIN_512x512_white.png?fit=512%2C512&ssl=1","contentUrl":"https:\/\/i0.wp.com\/inzain.bike\/wp-content\/uploads\/2023\/09\/cropped-INZAIN_512x512_white.png?fit=512%2C512&ssl=1","width":512,"height":512,"caption":"INZAIN Cycling EXPERIENCES"},"image":{"@id":"https:\/\/inzain.bike\/fr_be\/#\/schema\/logo\/image\/"},"sameAs":["https:\/\/www.facebook.com\/Inzain.bike","https:\/\/www.instagram.com\/inzainbike"]}]}},"_links":{"self":[{"href":"https:\/\/inzain.bike\/da\/wp-json\/wp\/v2\/product\/7433","targetHints":{"allow":["GET"]}}],"collection":[{"href":"https:\/\/inzain.bike\/da\/wp-json\/wp\/v2\/product"}],"about":[{"href":"https:\/\/inzain.bike\/da\/wp-json\/wp\/v2\/types\/product"}],"replies":[{"embeddable":true,"href":"https:\/\/inzain.bike\/da\/wp-json\/wp\/v2\/comments?post=7433"}],"wp:featuredmedia":[{"embeddable":true,"href":"https:\/\/inzain.bike\/da\/wp-json\/wp\/v2\/media\/4707"}],"wp:attachment":[{"href":"https:\/\/inzain.bike\/da\/wp-json\/wp\/v2\/media?parent=7433"}],"wp:term":[{"taxonomy":"product_brand","embeddable":true,"href":"https:\/\/inzain.bike\/da\/wp-json\/wp\/v2\/product_brand?post=7433"},{"taxonomy":"product_cat","embeddable":true,"href":"https:\/\/inzain.bike\/da\/wp-json\/wp\/v2\/product_cat?post=7433"},{"taxonomy":"product_tag","embeddable":true,"href":"https:\/\/inzain.bike\/da\/wp-json\/wp\/v2\/product_tag?post=7433"}],"curies":[{"name":"wp","href":"https:\/\/api.w.org\/{rel}","templated":true}]}}