{"id":9273,"date":"2026-01-23T11:41:57","date_gmt":"2026-01-23T10:41:57","guid":{"rendered":"https:\/\/inzain.bike\/?post_type=product&#038;p=9273"},"modified":"2026-01-24T20:56:11","modified_gmt":"2026-01-24T19:56:11","slug":"s-series","status":"publish","type":"product","link":"https:\/\/inzain.bike\/da\/vare\/s-series\/","title":{"rendered":"Farsport S-serien"},"content":{"rendered":"<p>Farsport S-serien 2026 med kulfiberkerner.<\/p>\n<p>Ingen v\u00e6gtgr\u00e6nse.<\/p>\n<p>Centerl\u00e5s til skiverne.<\/p>\n<p><img loading=\"lazy\" decoding=\"async\" class=\"alignnone size-medium wp-image-9275\" src=\"https:\/\/inzain.bike\/wp-content\/uploads\/2026\/01\/s-series-data-300x169.png\" alt=\"\" width=\"300\" height=\"169\" srcset=\"https:\/\/inzain.bike\/wp-content\/uploads\/2026\/01\/s-series-data-300x169.png 300w, https:\/\/inzain.bike\/wp-content\/uploads\/2026\/01\/s-series-data-1024x576.png 1024w, https:\/\/inzain.bike\/wp-content\/uploads\/2026\/01\/s-series-data-768x432.png 768w, https:\/\/inzain.bike\/wp-content\/uploads\/2026\/01\/s-series-data-1536x864.png 1536w, https:\/\/inzain.bike\/wp-content\/uploads\/2026\/01\/s-series-data-18x10.png 18w, https:\/\/inzain.bike\/wp-content\/uploads\/2026\/01\/s-series-data-600x338.png 600w, https:\/\/inzain.bike\/wp-content\/uploads\/2026\/01\/s-series-data.png 2000w\" sizes=\"auto, (max-width: 300px) 100vw, 300px\" \/><\/p>\n<p>F\u00e5s i tre h\u00f8jder S4, S5 og S6, se billede for detaljer.<\/p>\n<p>H\u00f8jderne kan kombineres, hvor den h\u00f8jere kant er den bagerste.<\/p>\n<p>Alle varianter har samme pris.<\/p>\n<p>&nbsp;<\/p>","protected":false},"excerpt":{"rendered":"<p>Farsport\u00a0 S Series 2026 med karbon ekrar.<br \/>\nFinns i tre h\u00f6jder S4 S5 och S6.<br \/>\nH\u00f8jderne kan kombineres, hvor den h\u00f8jere kant er den bagerste.<\/p>","protected":false},"featured_media":9274,"comment_status":"open","ping_status":"closed","template":"","meta":{"_coblocks_attr":"","_coblocks_dimensions":"","_coblocks_responsive_height":"","_coblocks_accordion_ie_support":""},"product_brand":[],"product_cat":[],"product_tag":[],"class_list":{"0":"post-9273","1":"product","2":"type-product","3":"status-publish","4":"has-post-thumbnail","6":"product_shipping_class-hjul","8":"first","9":"instock","10":"shipping-taxable","11":"purchasable","12":"product-type-variable"},"composite_virtual":false,"composite_layout":"","composite_add_to_cart_form_location":"","composite_editable_in_cart":false,"composite_sold_individually_context":"","composite_shop_price_calc":"","composite_components":[],"composite_scenarios":[],"yoast_head":"<!-- This site is optimized with the Yoast SEO plugin v27.2 - https:\/\/yoast.com\/product\/yoast-seo-wordpress\/ -->\n<title>Farsport S Series - INZAIN Cycling EXPERIENCES<\/title>\n<meta name=\"robots\" content=\"index, follow, max-snippet:-1, max-image-preview:large, max-video-preview:-1\" \/>\n<link rel=\"canonical\" href=\"https:\/\/inzain.bike\/da\/vare\/s-series\/\" \/>\n<meta property=\"og:locale\" content=\"da_DK\" \/>\n<meta property=\"og:type\" content=\"article\" \/>\n<meta property=\"og:title\" content=\"Farsport S Series - INZAIN Cycling EXPERIENCES\" \/>\n<meta property=\"og:description\" content=\"Farsport\u00a0 S Series 2026 med karbon ekrar. Finns i tre h\u00f6jder S4 S5 och S6. H\u00f6jderna kan kombineras, d\u00e4r den h\u00f6gre f\u00e4lgen \u00e4r den bakre.\" \/>\n<meta property=\"og:url\" content=\"https:\/\/inzain.bike\/da\/vare\/s-series\/\" \/>\n<meta property=\"og:site_name\" content=\"INZAIN Cycling EXPERIENCES\" \/>\n<meta property=\"article:publisher\" content=\"https:\/\/www.facebook.com\/Inzain.bike\" \/>\n<meta property=\"article:modified_time\" content=\"2026-01-24T19:56:11+00:00\" \/>\n<meta property=\"og:image\" content=\"https:\/\/inzain.bike\/wp-content\/uploads\/2026\/01\/s-series-hub.png\" \/>\n\t<meta property=\"og:image:width\" content=\"1000\" \/>\n\t<meta property=\"og:image:height\" content=\"1000\" \/>\n\t<meta property=\"og:image:type\" content=\"image\/png\" \/>\n<meta name=\"twitter:card\" content=\"summary_large_image\" \/>\n<meta name=\"twitter:label1\" content=\"Estimeret l\u00e6setid\" \/>\n\t<meta name=\"twitter:data1\" content=\"1 minut\" \/>\n<script type=\"application\/ld+json\" class=\"yoast-schema-graph\">{\"@context\":\"https:\/\/schema.org\",\"@graph\":[{\"@type\":\"WebPage\",\"@id\":\"https:\/\/inzain.bike\/produkt\/s-series\/\",\"url\":\"https:\/\/inzain.bike\/produkt\/s-series\/\",\"name\":\"Farsport S Series - INZAIN Cycling EXPERIENCES\",\"isPartOf\":{\"@id\":\"https:\/\/inzain.bike\/fr_be\/#website\"},\"primaryImageOfPage\":{\"@id\":\"https:\/\/inzain.bike\/produkt\/s-series\/#primaryimage\"},\"image\":{\"@id\":\"https:\/\/inzain.bike\/produkt\/s-series\/#primaryimage\"},\"thumbnailUrl\":\"https:\/\/inzain.bike\/wp-content\/uploads\/2026\/01\/s-series-hub.png\",\"datePublished\":\"2026-01-23T10:41:57+00:00\",\"dateModified\":\"2026-01-24T19:56:11+00:00\",\"breadcrumb\":{\"@id\":\"https:\/\/inzain.bike\/produkt\/s-series\/#breadcrumb\"},\"inLanguage\":\"da-DK\",\"potentialAction\":[{\"@type\":\"ReadAction\",\"target\":[\"https:\/\/inzain.bike\/produkt\/s-series\/\"]}]},{\"@type\":\"ImageObject\",\"inLanguage\":\"da-DK\",\"@id\":\"https:\/\/inzain.bike\/produkt\/s-series\/#primaryimage\",\"url\":\"https:\/\/inzain.bike\/wp-content\/uploads\/2026\/01\/s-series-hub.png\",\"contentUrl\":\"https:\/\/inzain.bike\/wp-content\/uploads\/2026\/01\/s-series-hub.png\",\"width\":1000,\"height\":1000},{\"@type\":\"BreadcrumbList\",\"@id\":\"https:\/\/inzain.bike\/produkt\/s-series\/#breadcrumb\",\"itemListElement\":[{\"@type\":\"ListItem\",\"position\":1,\"name\":\"Hem\",\"item\":\"https:\/\/inzain.bike\/fr_be\/\"},{\"@type\":\"ListItem\",\"position\":2,\"name\":\"Webbutik\",\"item\":\"https:\/\/inzain.bike\/fi\/butik\/\"},{\"@type\":\"ListItem\",\"position\":3,\"name\":\"Farsport S Series\"}]},{\"@type\":\"WebSite\",\"@id\":\"https:\/\/inzain.bike\/fr_be\/#website\",\"url\":\"https:\/\/inzain.bike\/fr_be\/\",\"name\":\"INZAIN Cycling EXPERIENCES\",\"description\":\"Cyckling Adventures  - for everyone\",\"publisher\":{\"@id\":\"https:\/\/inzain.bike\/fr_be\/#organization\"},\"alternateName\":\"INZAIN Gravel & Travel\",\"potentialAction\":[{\"@type\":\"SearchAction\",\"target\":{\"@type\":\"EntryPoint\",\"urlTemplate\":\"https:\/\/inzain.bike\/fr_be\/?s={search_term_string}\"},\"query-input\":{\"@type\":\"PropertyValueSpecification\",\"valueRequired\":true,\"valueName\":\"search_term_string\"}}],\"inLanguage\":\"da-DK\"},{\"@type\":\"Organization\",\"@id\":\"https:\/\/inzain.bike\/fr_be\/#organization\",\"name\":\"INZAIN Cycling EXPERIENCES\",\"url\":\"https:\/\/inzain.bike\/fr_be\/\",\"logo\":{\"@type\":\"ImageObject\",\"inLanguage\":\"da-DK\",\"@id\":\"https:\/\/inzain.bike\/fr_be\/#\/schema\/logo\/image\/\",\"url\":\"https:\/\/i0.wp.com\/inzain.bike\/wp-content\/uploads\/2023\/09\/cropped-INZAIN_512x512_white.png?fit=512%2C512&ssl=1\",\"contentUrl\":\"https:\/\/i0.wp.com\/inzain.bike\/wp-content\/uploads\/2023\/09\/cropped-INZAIN_512x512_white.png?fit=512%2C512&ssl=1\",\"width\":512,\"height\":512,\"caption\":\"INZAIN Cycling EXPERIENCES\"},\"image\":{\"@id\":\"https:\/\/inzain.bike\/fr_be\/#\/schema\/logo\/image\/\"},\"sameAs\":[\"https:\/\/www.facebook.com\/Inzain.bike\",\"https:\/\/www.instagram.com\/inzainbike\"]}]}<\/script>\n<!-- \/ Yoast SEO plugin. -->","yoast_head_json":{"title":"Farsport S Series - INZAIN Cycling EXPERIENCES","robots":{"index":"index","follow":"follow","max-snippet":"max-snippet:-1","max-image-preview":"max-image-preview:large","max-video-preview":"max-video-preview:-1"},"canonical":"https:\/\/inzain.bike\/da\/vare\/s-series\/","og_locale":"da_DK","og_type":"article","og_title":"Farsport S Series - INZAIN Cycling EXPERIENCES","og_description":"Farsport\u00a0 S Series 2026 med karbon ekrar. Finns i tre h\u00f6jder S4 S5 och S6. H\u00f6jderna kan kombineras, d\u00e4r den h\u00f6gre f\u00e4lgen \u00e4r den bakre.","og_url":"https:\/\/inzain.bike\/da\/vare\/s-series\/","og_site_name":"INZAIN Cycling EXPERIENCES","article_publisher":"https:\/\/www.facebook.com\/Inzain.bike","article_modified_time":"2026-01-24T19:56:11+00:00","og_image":[{"width":1000,"height":1000,"url":"https:\/\/inzain.bike\/wp-content\/uploads\/2026\/01\/s-series-hub.png","type":"image\/png"}],"twitter_card":"summary_large_image","twitter_misc":{"Estimeret l\u00e6setid":"1 minut"},"schema":{"@context":"https:\/\/schema.org","@graph":[{"@type":"WebPage","@id":"https:\/\/inzain.bike\/produkt\/s-series\/","url":"https:\/\/inzain.bike\/produkt\/s-series\/","name":"Farsport S Series - INZAIN Cycling EXPERIENCES","isPartOf":{"@id":"https:\/\/inzain.bike\/fr_be\/#website"},"primaryImageOfPage":{"@id":"https:\/\/inzain.bike\/produkt\/s-series\/#primaryimage"},"image":{"@id":"https:\/\/inzain.bike\/produkt\/s-series\/#primaryimage"},"thumbnailUrl":"https:\/\/inzain.bike\/wp-content\/uploads\/2026\/01\/s-series-hub.png","datePublished":"2026-01-23T10:41:57+00:00","dateModified":"2026-01-24T19:56:11+00:00","breadcrumb":{"@id":"https:\/\/inzain.bike\/produkt\/s-series\/#breadcrumb"},"inLanguage":"da-DK","potentialAction":[{"@type":"ReadAction","target":["https:\/\/inzain.bike\/produkt\/s-series\/"]}]},{"@type":"ImageObject","inLanguage":"da-DK","@id":"https:\/\/inzain.bike\/produkt\/s-series\/#primaryimage","url":"https:\/\/inzain.bike\/wp-content\/uploads\/2026\/01\/s-series-hub.png","contentUrl":"https:\/\/inzain.bike\/wp-content\/uploads\/2026\/01\/s-series-hub.png","width":1000,"height":1000},{"@type":"BreadcrumbList","@id":"https:\/\/inzain.bike\/produkt\/s-series\/#breadcrumb","itemListElement":[{"@type":"ListItem","position":1,"name":"Hem","item":"https:\/\/inzain.bike\/fr_be\/"},{"@type":"ListItem","position":2,"name":"Webbutik","item":"https:\/\/inzain.bike\/fi\/butik\/"},{"@type":"ListItem","position":3,"name":"Farsport S Series"}]},{"@type":"WebSite","@id":"https:\/\/inzain.bike\/fr_be\/#website","url":"https:\/\/inzain.bike\/fr_be\/","name":"INZAIN CykelOPLEVELSER","description":"Cykeleventyr - for alle","publisher":{"@id":"https:\/\/inzain.bike\/fr_be\/#organization"},"alternateName":"INZAIN Gravel & Travel","potentialAction":[{"@type":"SearchAction","target":{"@type":"EntryPoint","urlTemplate":"https:\/\/inzain.bike\/fr_be\/?s={search_term_string}"},"query-input":{"@type":"PropertyValueSpecification","valueRequired":true,"valueName":"search_term_string"}}],"inLanguage":"da-DK"},{"@type":"Organization","@id":"https:\/\/inzain.bike\/fr_be\/#organization","name":"INZAIN CykelOPLEVELSER","url":"https:\/\/inzain.bike\/fr_be\/","logo":{"@type":"ImageObject","inLanguage":"da-DK","@id":"https:\/\/inzain.bike\/fr_be\/#\/schema\/logo\/image\/","url":"https:\/\/i0.wp.com\/inzain.bike\/wp-content\/uploads\/2023\/09\/cropped-INZAIN_512x512_white.png?fit=512%2C512&ssl=1","contentUrl":"https:\/\/i0.wp.com\/inzain.bike\/wp-content\/uploads\/2023\/09\/cropped-INZAIN_512x512_white.png?fit=512%2C512&ssl=1","width":512,"height":512,"caption":"INZAIN Cycling EXPERIENCES"},"image":{"@id":"https:\/\/inzain.bike\/fr_be\/#\/schema\/logo\/image\/"},"sameAs":["https:\/\/www.facebook.com\/Inzain.bike","https:\/\/www.instagram.com\/inzainbike"]}]}},"_links":{"self":[{"href":"https:\/\/inzain.bike\/da\/wp-json\/wp\/v2\/product\/9273","targetHints":{"allow":["GET"]}}],"collection":[{"href":"https:\/\/inzain.bike\/da\/wp-json\/wp\/v2\/product"}],"about":[{"href":"https:\/\/inzain.bike\/da\/wp-json\/wp\/v2\/types\/product"}],"replies":[{"embeddable":true,"href":"https:\/\/inzain.bike\/da\/wp-json\/wp\/v2\/comments?post=9273"}],"wp:featuredmedia":[{"embeddable":true,"href":"https:\/\/inzain.bike\/da\/wp-json\/wp\/v2\/media\/9274"}],"wp:attachment":[{"href":"https:\/\/inzain.bike\/da\/wp-json\/wp\/v2\/media?parent=9273"}],"wp:term":[{"taxonomy":"product_brand","embeddable":true,"href":"https:\/\/inzain.bike\/da\/wp-json\/wp\/v2\/product_brand?post=9273"},{"taxonomy":"product_cat","embeddable":true,"href":"https:\/\/inzain.bike\/da\/wp-json\/wp\/v2\/product_cat?post=9273"},{"taxonomy":"product_tag","embeddable":true,"href":"https:\/\/inzain.bike\/da\/wp-json\/wp\/v2\/product_tag?post=9273"}],"curies":[{"name":"wp","href":"https:\/\/api.w.org\/{rel}","templated":true}]}}