{"id":10106,"date":"2026-02-06T12:34:32","date_gmt":"2026-02-06T11:34:32","guid":{"rendered":"https:\/\/inzain.bike\/?page_id=10106"},"modified":"2026-02-06T12:34:33","modified_gmt":"2026-02-06T11:34:33","slug":"gbs-hjul-2026-info","status":"publish","type":"page","link":"https:\/\/inzain.bike\/de\/gbs-hjul-2026-info\/","title":{"rendered":"GBS Wheels 2026 Details"},"content":{"rendered":"\n<p>Hej<\/p>\n\n\n\n<p>Kan du fylla i formul\u00e4ret s\u00e5 vi har alla uppgifter till spedit\u00f6ren.<br>\u00c5terkom om du undrar n\u00e5got, det g\u00e5r ocks\u00e5 bra att skriva en fr\u00e5ga p\u00e5 sj\u00e4lva formul\u00e4ret.<\/p>\n\n\n<style id=\"wpforms-css-vars-10103-block-58bc1545-7e5e-479c-92c8-e7ea44ffc06a\">\n\t\t\t\t#wpforms-10103.wpforms-block-58bc1545-7e5e-479c-92c8-e7ea44ffc06a {\n\t\t\t\t--wpforms-field-size-input-height: 43px;\n--wpforms-field-size-input-spacing: 15px;\n--wpforms-field-size-font-size: 16px;\n--wpforms-field-size-line-height: 19px;\n--wpforms-field-size-padding-h: 14px;\n--wpforms-field-size-checkbox-size: 16px;\n--wpforms-field-size-sublabel-spacing: 5px;\n--wpforms-field-size-icon-size: 1;\n--wpforms-label-size-font-size: 16px;\n--wpforms-label-size-line-height: 19px;\n--wpforms-label-size-sublabel-font-size: 14px;\n--wpforms-label-size-sublabel-line-height: 17px;\n--wpforms-button-size-font-size: 17px;\n--wpforms-button-size-height: 41px;\n--wpforms-button-size-padding-h: 15px;\n--wpforms-button-size-margin-top: 10px;\n--wpforms-container-shadow-size-box-shadow: none;\n\t\t\t}\n\t\t\t<\/style><div class=\"wpforms-container wpforms-container-full wpforms-block wpforms-block-58bc1545-7e5e-479c-92c8-e7ea44ffc06a wpforms-render-modern\" id=\"wpforms-10103\"><form id=\"wpforms-form-10103\" class=\"wpforms-validate wpforms-form wpforms-ajax-form\" data-formid=\"10103\" method=\"post\" enctype=\"multipart\/form-data\" action=\"\/de\/wp-json\/wp\/v2\/pages\/10106\" data-token=\"4a7927ab582b44a03000aa44e14207e6\" data-token-time=\"1776357691\"><noscript class=\"wpforms-error-noscript\">Bitte aktiviere JavaScript in deinem Browser, um dieses Formular fertigzustellen.<\/noscript><div id=\"wpforms-error-noscript\" style=\"display: none;\">Bitte aktiviere JavaScript in deinem Browser, um dieses Formular fertigzustellen.<\/div><div class=\"wpforms-field-container\"><div id=\"wpforms-10103-field_0-container\" class=\"wpforms-field wpforms-field-name\" data-field-id=\"0\"><fieldset><legend class=\"wpforms-field-label\">Name <span class=\"wpforms-required-label\" aria-hidden=\"true\">*<\/span><\/legend><div class=\"wpforms-field-row wpforms-field-medium\"><div class=\"wpforms-field-row-block wpforms-first wpforms-one-half\"><input type=\"text\" id=\"wpforms-10103-field_0\" class=\"wpforms-field-name-first wpforms-field-required\" name=\"wpforms[fields][0][first]\" aria-errormessage=\"wpforms-10103-field_0-error\" aria-describedby=\"wpforms-10103-field_0-description\" required><label for=\"wpforms-10103-field_0\" class=\"wpforms-field-sublabel after\">Vorname<\/label><\/div><div class=\"wpforms-field-row-block wpforms-one-half\"><input type=\"text\" id=\"wpforms-10103-field_0-last\" class=\"wpforms-field-name-last wpforms-field-required\" name=\"wpforms[fields][0][last]\" aria-errormessage=\"wpforms-10103-field_0-last-error\" aria-describedby=\"wpforms-10103-field_0-description\" required><label for=\"wpforms-10103-field_0-last\" class=\"wpforms-field-sublabel after\">Nachname<\/label><\/div><\/div><div id=\"wpforms-10103-field_0-description\" class=\"wpforms-field-description\">Ange f\u00f6r och efternamn<\/div><\/fieldset><\/div><div id=\"wpforms-10103-field_14-container\" class=\"wpforms-field wpforms-field-phone\" data-field-id=\"14\"><label class=\"wpforms-field-label\" for=\"wpforms-10103-field_14\">Mobil <span class=\"wpforms-required-label\" aria-hidden=\"true\">*<\/span><\/label><input type=\"tel\" id=\"wpforms-10103-field_14\" class=\"wpforms-field-medium wpforms-field-required wpforms-smart-phone-field\" data-rule-smart-phone-field=\"true\" name=\"wpforms[fields][14]\" aria-label=\"Mobil\" aria-errormessage=\"wpforms-10103-field_14-error\" aria-describedby=\"wpforms-10103-field_14-description\" required><div id=\"wpforms-10103-field_14-description\" class=\"wpforms-field-description\">Ange ditt mobilnummer<\/div><\/div><div id=\"wpforms-10103-field_15-container\" class=\"wpforms-field wpforms-field-email\" data-field-id=\"15\"><fieldset><legend class=\"wpforms-field-label\">E-Mail <span class=\"wpforms-required-label\" aria-hidden=\"true\">*<\/span><\/legend><div class=\"wpforms-field-row wpforms-field-medium\"><div class=\"wpforms-field-row-block wpforms-one-half wpforms-first\"><input type=\"email\" id=\"wpforms-10103-field_15\" class=\"wpforms-field-required wpforms-field-email-primary\" name=\"wpforms[fields][15][primary]\" spellcheck=\"false\" aria-errormessage=\"wpforms-10103-field_15-error\" aria-describedby=\"wpforms-10103-field_15-description\" required><label for=\"wpforms-10103-field_15\" class=\"wpforms-field-sublabel after\">E-Mail-Adresse<\/label><\/div><div class=\"wpforms-field-row-block wpforms-one-half\"><input type=\"email\" id=\"wpforms-10103-field_15-secondary\" class=\"wpforms-field-email-secondary wpforms-field-required\" data-rule-confirm=\"#wpforms-10103-field_15\" name=\"wpforms[fields][15][secondary]\" spellcheck=\"false\" aria-errormessage=\"wpforms-10103-field_15-secondary-error\" aria-describedby=\"wpforms-10103-field_15-description\" required><label for=\"wpforms-10103-field_15-secondary\" class=\"wpforms-field-sublabel after\">E-Mail best\u00e4tigen<\/label><\/div><\/div><div id=\"wpforms-10103-field_15-description\" class=\"wpforms-field-description\">Ange din e-mail adress.<\/div><\/fieldset><\/div><div id=\"wpforms-10103-field_2-container\" class=\"wpforms-field wpforms-field-textarea\" data-field-id=\"2\"><label class=\"wpforms-field-label\" for=\"wpforms-10103-field_2\">Kommentar<\/label><textarea id=\"wpforms-10103-field_2\" class=\"wpforms-field-medium\" name=\"wpforms[fields][2]\" aria-errormessage=\"wpforms-10103-field_2-error\" aria-describedby=\"wpforms-10103-field_2-description\" ><\/textarea><div id=\"wpforms-10103-field_2-description\" class=\"wpforms-field-description\">Har du n\u00e5got extra du vill vi ska veta kan du skriva det h\u00e4r. Eller om du har en fr\u00e5ga.<\/div><\/div><\/div><!-- .wpforms-field-container --><div class=\"wpforms-submit-container\" ><input type=\"hidden\" name=\"wpforms[id]\" value=\"10103\"><input type=\"hidden\" name=\"page_title\" value=\"\"><input type=\"hidden\" name=\"page_url\" value=\"https:\/\/inzain.bike\/de\/wp-json\/wp\/v2\/pages\/10106\"><input type=\"hidden\" name=\"url_referer\" value=\"\"><button type=\"submit\" name=\"wpforms[submit]\" id=\"wpforms-submit-10103\" class=\"wpforms-submit\" data-alt-text=\"Sending...\" data-submit-text=\"Skicka In\" aria-live=\"assertive\" value=\"wpforms-submit\">Skicka In<\/button><img loading=\"lazy\" decoding=\"async\" src=\"https:\/\/inzain.bike\/wp-content\/plugins\/wpforms\/assets\/images\/submit-spin.svg\" class=\"wpforms-submit-spinner\" style=\"display: none;\" width=\"26\" height=\"26\" alt=\"Wird geladen\"><\/div><\/form><\/div>  <!-- .wpforms-container -->","protected":false},"excerpt":{"rendered":"<p>Hej Kan du fylla i formul\u00e4ret s\u00e5 vi har alla uppgifter till spedit\u00f6ren.\u00c5terkom om du undrar n\u00e5got, det g\u00e5r ocks\u00e5 bra att skriva en fr\u00e5ga p\u00e5 sj\u00e4lva formul\u00e4ret.<\/p>","protected":false},"author":203917875,"featured_media":0,"parent":0,"menu_order":0,"comment_status":"closed","ping_status":"closed","template":"","meta":{"_coblocks_attr":"","_coblocks_dimensions":"","_coblocks_responsive_height":"","_coblocks_accordion_ie_support":"","footnotes":""},"class_list":["post-10106","page","type-page","status-publish","hentry"],"yoast_head":"<!-- This site is optimized with the Yoast SEO plugin v27.2 - https:\/\/yoast.com\/product\/yoast-seo-wordpress\/ -->\n<title>GBS Hjul 2026 Uppgifter - INZAIN Cycling EXPERIENCES<\/title>\n<meta name=\"robots\" content=\"index, follow, max-snippet:-1, max-image-preview:large, max-video-preview:-1\" \/>\n<link rel=\"canonical\" href=\"https:\/\/inzain.bike\/de\/gbs-hjul-2026-info\/\" \/>\n<meta property=\"og:locale\" content=\"de_DE\" \/>\n<meta property=\"og:type\" content=\"article\" \/>\n<meta property=\"og:title\" content=\"GBS Hjul 2026 Uppgifter - INZAIN Cycling EXPERIENCES\" \/>\n<meta property=\"og:description\" content=\"Hej Kan du fylla i formul\u00e4ret s\u00e5 vi har alla uppgifter till spedit\u00f6ren.\u00c5terkom om du undrar n\u00e5got, det g\u00e5r ocks\u00e5 bra att skriva en fr\u00e5ga p\u00e5 sj\u00e4lva formul\u00e4ret.\" \/>\n<meta property=\"og:url\" content=\"https:\/\/inzain.bike\/de\/gbs-hjul-2026-info\/\" \/>\n<meta property=\"og:site_name\" content=\"INZAIN Cycling EXPERIENCES\" \/>\n<meta property=\"article:publisher\" content=\"https:\/\/www.facebook.com\/Inzain.bike\" \/>\n<meta property=\"article:modified_time\" content=\"2026-02-06T11:34:33+00:00\" \/>\n<meta name=\"twitter:card\" content=\"summary_large_image\" \/>\n<meta name=\"twitter:label1\" content=\"Gesch\u00e4tzte Lesezeit\" \/>\n\t<meta name=\"twitter:data1\" content=\"1\u00a0Minute\" \/>\n<script type=\"application\/ld+json\" class=\"yoast-schema-graph\">{\"@context\":\"https:\/\/schema.org\",\"@graph\":[{\"@type\":\"WebPage\",\"@id\":\"https:\/\/inzain.bike\/gbs-hjul-2026-info\/\",\"url\":\"https:\/\/inzain.bike\/gbs-hjul-2026-info\/\",\"name\":\"GBS Hjul 2026 Uppgifter - INZAIN Cycling EXPERIENCES\",\"isPartOf\":{\"@id\":\"https:\/\/inzain.bike\/fr_be\/#website\"},\"datePublished\":\"2026-02-06T11:34:32+00:00\",\"dateModified\":\"2026-02-06T11:34:33+00:00\",\"breadcrumb\":{\"@id\":\"https:\/\/inzain.bike\/gbs-hjul-2026-info\/#breadcrumb\"},\"inLanguage\":\"de\",\"potentialAction\":[{\"@type\":\"ReadAction\",\"target\":[\"https:\/\/inzain.bike\/gbs-hjul-2026-info\/\"]}]},{\"@type\":\"BreadcrumbList\",\"@id\":\"https:\/\/inzain.bike\/gbs-hjul-2026-info\/#breadcrumb\",\"itemListElement\":[{\"@type\":\"ListItem\",\"position\":1,\"name\":\"Hem\",\"item\":\"https:\/\/inzain.bike\/fr_be\/\"},{\"@type\":\"ListItem\",\"position\":2,\"name\":\"GBS Hjul 2026 Uppgifter\"}]},{\"@type\":\"WebSite\",\"@id\":\"https:\/\/inzain.bike\/fr_be\/#website\",\"url\":\"https:\/\/inzain.bike\/fr_be\/\",\"name\":\"INZAIN Cycling EXPERIENCES\",\"description\":\"Cyckling Adventures  - for everyone\",\"publisher\":{\"@id\":\"https:\/\/inzain.bike\/fr_be\/#organization\"},\"alternateName\":\"INZAIN Gravel & Travel\",\"potentialAction\":[{\"@type\":\"SearchAction\",\"target\":{\"@type\":\"EntryPoint\",\"urlTemplate\":\"https:\/\/inzain.bike\/fr_be\/?s={search_term_string}\"},\"query-input\":{\"@type\":\"PropertyValueSpecification\",\"valueRequired\":true,\"valueName\":\"search_term_string\"}}],\"inLanguage\":\"de\"},{\"@type\":\"Organization\",\"@id\":\"https:\/\/inzain.bike\/fr_be\/#organization\",\"name\":\"INZAIN Cycling EXPERIENCES\",\"url\":\"https:\/\/inzain.bike\/fr_be\/\",\"logo\":{\"@type\":\"ImageObject\",\"inLanguage\":\"de\",\"@id\":\"https:\/\/inzain.bike\/fr_be\/#\/schema\/logo\/image\/\",\"url\":\"https:\/\/i0.wp.com\/inzain.bike\/wp-content\/uploads\/2023\/09\/cropped-INZAIN_512x512_white.png?fit=512%2C512&ssl=1\",\"contentUrl\":\"https:\/\/i0.wp.com\/inzain.bike\/wp-content\/uploads\/2023\/09\/cropped-INZAIN_512x512_white.png?fit=512%2C512&ssl=1\",\"width\":512,\"height\":512,\"caption\":\"INZAIN Cycling EXPERIENCES\"},\"image\":{\"@id\":\"https:\/\/inzain.bike\/fr_be\/#\/schema\/logo\/image\/\"},\"sameAs\":[\"https:\/\/www.facebook.com\/Inzain.bike\",\"https:\/\/www.instagram.com\/inzainbike\"]}]}<\/script>\n<!-- \/ Yoast SEO plugin. -->","yoast_head_json":{"title":"GBS Hjul 2026 Uppgifter - INZAIN Cycling EXPERIENCES","robots":{"index":"index","follow":"follow","max-snippet":"max-snippet:-1","max-image-preview":"max-image-preview:large","max-video-preview":"max-video-preview:-1"},"canonical":"https:\/\/inzain.bike\/de\/gbs-hjul-2026-info\/","og_locale":"de_DE","og_type":"article","og_title":"GBS Hjul 2026 Uppgifter - INZAIN Cycling EXPERIENCES","og_description":"Hej Kan du fylla i formul\u00e4ret s\u00e5 vi har alla uppgifter till spedit\u00f6ren.\u00c5terkom om du undrar n\u00e5got, det g\u00e5r ocks\u00e5 bra att skriva en fr\u00e5ga p\u00e5 sj\u00e4lva formul\u00e4ret.","og_url":"https:\/\/inzain.bike\/de\/gbs-hjul-2026-info\/","og_site_name":"INZAIN Cycling EXPERIENCES","article_publisher":"https:\/\/www.facebook.com\/Inzain.bike","article_modified_time":"2026-02-06T11:34:33+00:00","twitter_card":"summary_large_image","twitter_misc":{"Gesch\u00e4tzte Lesezeit":"1\u00a0Minute"},"schema":{"@context":"https:\/\/schema.org","@graph":[{"@type":"WebPage","@id":"https:\/\/inzain.bike\/gbs-hjul-2026-info\/","url":"https:\/\/inzain.bike\/gbs-hjul-2026-info\/","name":"GBS Hjul 2026 Uppgifter - INZAIN Cycling EXPERIENCES","isPartOf":{"@id":"https:\/\/inzain.bike\/fr_be\/#website"},"datePublished":"2026-02-06T11:34:32+00:00","dateModified":"2026-02-06T11:34:33+00:00","breadcrumb":{"@id":"https:\/\/inzain.bike\/gbs-hjul-2026-info\/#breadcrumb"},"inLanguage":"de","potentialAction":[{"@type":"ReadAction","target":["https:\/\/inzain.bike\/gbs-hjul-2026-info\/"]}]},{"@type":"BreadcrumbList","@id":"https:\/\/inzain.bike\/gbs-hjul-2026-info\/#breadcrumb","itemListElement":[{"@type":"ListItem","position":1,"name":"Hem","item":"https:\/\/inzain.bike\/fr_be\/"},{"@type":"ListItem","position":2,"name":"GBS Hjul 2026 Uppgifter"}]},{"@type":"WebSite","@id":"https:\/\/inzain.bike\/fr_be\/#website","url":"https:\/\/inzain.bike\/fr_be\/","name":"INZAIN-Raderlebnisse","description":"Radabenteuer \u2013 f\u00fcr jedermann","publisher":{"@id":"https:\/\/inzain.bike\/fr_be\/#organization"},"alternateName":"INZAIN Gravel & Travel","potentialAction":[{"@type":"SearchAction","target":{"@type":"EntryPoint","urlTemplate":"https:\/\/inzain.bike\/fr_be\/?s={search_term_string}"},"query-input":{"@type":"PropertyValueSpecification","valueRequired":true,"valueName":"search_term_string"}}],"inLanguage":"de"},{"@type":"Organization","@id":"https:\/\/inzain.bike\/fr_be\/#organization","name":"INZAIN-Raderlebnisse","url":"https:\/\/inzain.bike\/fr_be\/","logo":{"@type":"ImageObject","inLanguage":"de","@id":"https:\/\/inzain.bike\/fr_be\/#\/schema\/logo\/image\/","url":"https:\/\/i0.wp.com\/inzain.bike\/wp-content\/uploads\/2023\/09\/cropped-INZAIN_512x512_white.png?fit=512%2C512&ssl=1","contentUrl":"https:\/\/i0.wp.com\/inzain.bike\/wp-content\/uploads\/2023\/09\/cropped-INZAIN_512x512_white.png?fit=512%2C512&ssl=1","width":512,"height":512,"caption":"INZAIN Cycling EXPERIENCES"},"image":{"@id":"https:\/\/inzain.bike\/fr_be\/#\/schema\/logo\/image\/"},"sameAs":["https:\/\/www.facebook.com\/Inzain.bike","https:\/\/www.instagram.com\/inzainbike"]}]}},"amp_enabled":true,"_links":{"self":[{"href":"https:\/\/inzain.bike\/de\/wp-json\/wp\/v2\/pages\/10106","targetHints":{"allow":["GET"]}}],"collection":[{"href":"https:\/\/inzain.bike\/de\/wp-json\/wp\/v2\/pages"}],"about":[{"href":"https:\/\/inzain.bike\/de\/wp-json\/wp\/v2\/types\/page"}],"author":[{"embeddable":true,"href":"https:\/\/inzain.bike\/de\/wp-json\/wp\/v2\/users\/203917875"}],"replies":[{"embeddable":true,"href":"https:\/\/inzain.bike\/de\/wp-json\/wp\/v2\/comments?post=10106"}],"version-history":[{"count":1,"href":"https:\/\/inzain.bike\/de\/wp-json\/wp\/v2\/pages\/10106\/revisions"}],"predecessor-version":[{"id":10107,"href":"https:\/\/inzain.bike\/de\/wp-json\/wp\/v2\/pages\/10106\/revisions\/10107"}],"wp:attachment":[{"href":"https:\/\/inzain.bike\/de\/wp-json\/wp\/v2\/media?parent=10106"}],"curies":[{"name":"wp","href":"https:\/\/api.w.org\/{rel}","templated":true}]}}