{"id":114,"date":"2021-04-07T19:02:41","date_gmt":"2021-04-07T17:02:41","guid":{"rendered":"https:\/\/inzain.bike\/?page_id=114"},"modified":"2021-04-07T19:02:41","modified_gmt":"2021-04-07T17:02:41","slug":"gravel-pa-mallorca-ride-report","status":"publish","type":"page","link":"https:\/\/inzain.bike\/de\/gravel-pa-mallorca-ride-report\/","title":{"rendered":"Gravel on Mallorca Ride Report"},"content":{"rendered":"<div class=\"wp-block-group alignfull has-background-background-color has-background is-layout-flow wp-block-group-is-layout-flow\">\n<div class=\"wp-block-jetpack-layout-grid alignfull column1-desktop-grid__span-10 column1-desktop-grid__start-2 column1-desktop-grid__row-1 column1-tablet-grid__span-8 column1-tablet-grid__row-1 column1-mobile-grid__span-4 column1-mobile-grid__row-1\">\n<div class=\"wp-block-jetpack-layout-grid-column wp-block-jetpack-layout-grid__padding-none\">\n<div class=\"wp-block-image\"><figure class=\"aligncenter size-large\"><img loading=\"lazy\" decoding=\"async\" width=\"3602\" height=\"3265\" src=\"https:\/\/inzain.bike\/wp-content\/uploads\/2021\/04\/g0013561.jpg?w=1024\" alt=\"\" class=\"wp-image-116\" \/><\/figure><\/div>\n<\/div>\n<\/div>\n\n\n\n<div class=\"wp-block-jetpack-layout-grid alignfull column1-desktop-grid__span-12 column1-desktop-grid__row-1 column1-tablet-grid__span-8 column1-tablet-grid__row-1 column1-mobile-grid__span-4 column1-mobile-grid__row-1\">\n<div class=\"wp-block-jetpack-layout-grid-column wp-block-jetpack-layout-grid__padding-none\">\n<p><strong>Mallorca \u2013 Fr\u00fchling \u2013 Rennradfahren<\/strong>? <\/p>\n\n\n\n<p class=\"margin-top-half\">Nein, \u00fcberhaupt nicht, auf Mallorca gibt es viele tolle unbefestigte Stra\u00dfen zu entdecken, und das haben wir auch getan!<\/p>\n\n\n\n<figure class=\"wp-block-image size-large\"><img loading=\"lazy\" decoding=\"async\" width=\"4000\" height=\"3000\" src=\"https:\/\/inzain.bike\/wp-content\/uploads\/2021\/04\/20210405_095406.jpg?w=1024\" alt=\"\" class=\"wp-image-119\" \/><\/figure>\n\n\n\n<p>Aber alles von Anfang an. Urspr\u00fcnglich waren wir 26 Leute und wollten nach Alar\u00f3, einem kleinen Dorf am Fu\u00dfe des Orients. Das machen wir schon seit mehreren Jahren, wir leben traumhaft in unserer eigenen Villa mit Pool, Yogaraum, eigenem Weinkeller und einem wundersch\u00f6nen Garten. Unsere Gastgeberin verw\u00f6hnt uns, wir fahren Fahrrad, essen gut und genie\u00dfen das Leben bei Weinproben und Tapas sowie den tollen Touren.<\/p>\n\n\n\n<figure class=\"wp-block-image size-large\"><img loading=\"lazy\" decoding=\"async\" width=\"4032\" height=\"3024\" src=\"https:\/\/inzain.bike\/wp-content\/uploads\/2021\/04\/165411931_466150988137609_3865724078445421573_n.jpg?w=1024\" alt=\"\" class=\"wp-image-117\" \/><\/figure>\n\n\n\n<p>Dieses Jahr waren wir zu siebent, sodass Can Fressas mittlerweile 1.100 Quadratmeter gro\u00dfe Wohnfl\u00e4che gelinde gesagt sp\u00e4rlich bewohnt war.<br><br>Wenn sich alle versammelt haben und ihre Check-out-Fahrt absolviert haben, treffen wir unseren Guide Martin f\u00fcr die erste Schotterrunde. Mischasphalt, sch\u00f6ne Schotterstra\u00dfe und dann einige Abschnitte mit Singletrail. Da es sich um Mallorca handelt, haben wir nat\u00fcrlich auch etwas an H\u00f6he gewonnen. Gl\u00fccklicherweise waren auf den rund 73 km und 730 hm sowohl Mittagessen als auch Kaffee inklusive. Der schlechteste H\u00fcgel hatte eine Steigung von 20%. Auch wenn die H\u00f6henmeter nicht be\u00e4ngstigend sind, schmerzt es dennoch, wenn das meiste ziemlich steil ist. Gutes Training.<\/p>\n\n\n\n<figure class=\"wp-block-image size-large\"><img loading=\"lazy\" decoding=\"async\" width=\"5184\" height=\"3888\" src=\"https:\/\/inzain.bike\/wp-content\/uploads\/2021\/04\/g0011386.jpg?w=1024\" alt=\"\" class=\"wp-image-121\" \/><\/figure>\n\n\n\n<p>Die Temperatur steigt und es ist wie ein hei\u00dfer Sommertag. Es f\u00fchlt sich magisch an, die Winterkleidung auszuziehen und mit blo\u00dfen Beinen und Armen Fahrrad zu fahren. Martin k\u00fcmmert sich gut um uns und hilft sogar, wenn einer von uns angegriffen wird (Guess Slang oder TL \ud83d\ude42).<\/p>\n\n\n\n<p>Wir haben gemeinsam beschlossen, dass wir in unserer Blase essen, das ganze Haus f\u00fcr uns alleine haben, also selbst kochen oder Essen bestellen, das direkt ins Haus geliefert wird. Eine sch\u00f6ne Art, Kontakte zu kn\u00fcpfen<\/p>\n\n\n\n<figure class=\"wp-block-image size-large\"><img loading=\"lazy\" decoding=\"async\" width=\"3024\" height=\"4032\" src=\"https:\/\/inzain.bike\/wp-content\/uploads\/2021\/04\/received_163475168963992.jpeg?w=768\" alt=\"\" class=\"wp-image-124\" \/><\/figure>\n\n\n\n<p>Am n\u00e4chsten Tag beschlie\u00dfen wir, Dans Angebot anzunehmen, nach der Radtour zu ihnen zu kommen, ihre eigenen Weine zu probieren, ihre tollen Pferde anzusehen und etwas K\u00e4se zu essen. Sehr sch\u00f6n und lehrreich, wie Wein hergestellt und der Geschmack gestaltet wird, wir bekamen auch Orangenwein, was f\u00fcr mich neu war. Dan und seine schwedische Frau Ellie leben seit einigen Jahren auf Mallorca, um ihren T\u00f6chtern die bestm\u00f6gliche Erziehung und eine kluge Entscheidung zu erm\u00f6glichen.<\/p>\n\n\n\n<p><\/p>\n\n\n\n<figure class=\"wp-block-image size-large\"><img loading=\"lazy\" decoding=\"async\" width=\"4000\" height=\"3000\" src=\"https:\/\/inzain.bike\/wp-content\/uploads\/2021\/04\/20210331_163817.jpg?w=1024\" alt=\"\" class=\"wp-image-125\" \/><\/figure>\n\n\n\n<p><\/p>\n\n\n\n<div class=\"wp-block-buttons is-layout-flex wp-block-buttons-is-layout-flex\"><\/div>\n\n\n\n<p>Am n\u00e4chsten Tag beschlie\u00dfen wir, eine Schotterfahrt zu unternehmen, die uns Dan gegeben hat, allerdings auf eigene Faust. Es ist eine unglaublich sch\u00f6ne Fahrt mit einem gro\u00dfen Schotteranteil und sch\u00f6nen Stra\u00dfen geworden.<\/p>\n\n\n\n<figure class=\"wp-block-image size-large\"><img decoding=\"async\" src=\"https:\/\/inzain.bike\/wp-content\/uploads\/2021\/04\/20210401_125754.jpg?w=1024\" alt=\"\" class=\"wp-image-127\" \/><\/figure>\n\n\n\n<p>Staubige Stra\u00dfen, Alleen und alte Flussbetten vermischen sich mit k\u00fchlen W\u00e4ldern und kleinen H\u00fcgeln. Die Meilen vergehen wie im Flug und f\u00fcr mich wird dies einer meiner sch\u00f6nsten Tage auf der Insel.<\/p>\n\n\n\n<figure class=\"wp-block-image size-large\"><img decoding=\"async\" src=\"https:\/\/inzain.bike\/wp-content\/uploads\/2021\/04\/g0012041.jpg?w=1024\" alt=\"\" class=\"wp-image-130\" \/><\/figure>\n\n\n\n<p>Die Reise wird etwa 10 Meilen und 850 H\u00f6henmeter lang sein. Wir haben Zeit f\u00fcr Mittagessen und Kaffee.<\/p>\n\n\n\n<figure class=\"wp-block-image size-large\"><img decoding=\"async\" src=\"https:\/\/inzain.bike\/wp-content\/uploads\/2021\/04\/g0012084.jpg?w=1024\" alt=\"\" class=\"wp-image-132\" \/><\/figure>\n\n\n\n<p>Am Abend wird scharfer Zucchini-Eintopf zubereitet und ich stelle der Bande das glorreiche Spiel \u201eL\u00fcgner\u201c oder \u201eLur\u201c, wie es bei LiTH und KTH genannt wird, vor. Seltsamerweise gewinne ich auch :).<br><br>Der Wein, den Helga, unsere Gastgeberin, aus Sa Portassa, unserem eigenen Weinkeller, zaubert, ist tats\u00e4chlich Spitzenklasse, wir haben eine richtig gute Zeit hier auf der paradiesischen Insel.<\/p>\n\n\n\n<figure class=\"wp-block-image size-large\"><img decoding=\"async\" src=\"https:\/\/inzain.bike\/wp-content\/uploads\/2021\/04\/g0012664.jpg?w=1024\" alt=\"\" class=\"wp-image-133\" \/><\/figure>\n\n\n\n<p>Auch Mallorca hat Asphalt und jetzt ist es an der Zeit, eine solche Reise zu unternehmen. Wir haben beschlossen, den Lluc-H\u00fcgel oder den Col de Batalla zu radeln und dann zum Mittagessen nach Puerto Pollenca weiterzufahren und dann \u00fcber kleinere Nebenstra\u00dfen, die ich bei einer anderen Gelegenheit erkundet habe, nach Hause zu fahren. Der Aufstieg zur \u201eTankstette\u201c, dem Ort oben, ist mein Favorit, sch\u00f6ne Serpentinen und etwas Schatten gepaart mit einer tollen Aussicht und dann nach 2\/3 eine \u201efalsche Ebene\u201c, sodass man sich eine Minute ausruhen kann.<\/p>\n\n\n\n<p>Bald geht es brutal bergab \u00fcber den Col de Femenia nach Pollenca, aber zuerst einen Kaffee und ein paar kleine H\u00fcgel hinauf zum Gipfel. Dieser Abstieg macht wirklich Spa\u00df, mit sch\u00f6nen Serpentinen und echten Ausblicken, dann eine lange Piste nach Puerto Pollenca, wo man ein besseres Mittagessen am Meer genie\u00dfen kann.<\/p>\n\n\n\n<figure class=\"wp-block-image size-large\"><img decoding=\"async\" src=\"https:\/\/inzain.bike\/wp-content\/uploads\/2021\/04\/g0033027.jpg?w=1024\" alt=\"\" class=\"wp-image-135\" \/><\/figure>\n\n\n\n<p>F\u00fcr mich beginnt der beste Teil jedoch jetzt mit dem Tag, an dem ich diesen kleinen Stra\u00dfen folge, die Mallorca voller Autos ist, endlose Innenh\u00f6fe mit Steinmauern, Blumend\u00fcfte und purer Genuss.<\/p>\n\n\n\n<figure class=\"wp-block-image size-large\"><img decoding=\"async\" src=\"https:\/\/inzain.bike\/wp-content\/uploads\/2021\/04\/g0033177.jpg?w=1024\" alt=\"\" class=\"wp-image-137\" \/><\/figure>\n\n\n\n<p><br>Abends gibt es leicht gegrillten Thunfisch mit Chilisalaten verschiedener Art und dann noch Cr\u00e9me Brul\u00e9, das Leben k\u00f6nnte schlimmer sein.<\/p>\n\n\n\n<p><strong>Parc de Llevant<\/strong><\/p>\n\n\n\n<p>Im Nordosten Mallorcas liegt der Llevant-Nationalpark, er ist f\u00fcr mich ein v\u00f6llig neuer Teil und ich war gespannt, was er zu bieten hat. Wir hatten eine Route erstellt, die am Parkplatz des Parks begann, und den Transport von uns und unseren Fahrr\u00e4dern dorthin organisiert. Es ist etwas k\u00fchl in der Luft, aber der erste Anstieg mildert die Hitze. Dann beginnt unsere Reise Richtung Meer. Es ist wahrscheinlich eines der sch\u00f6nsten Dinge, die ich von einem Fahrradsattel gesehen habe.<br>Wir waren alle ein wenig au\u00dfer Atem.<\/p>\n\n\n\n<figure class=\"wp-block-image size-large\"><img decoding=\"async\" src=\"https:\/\/inzain.bike\/wp-content\/uploads\/2021\/04\/20210404_094354.jpg?w=1024\" alt=\"\" class=\"wp-image-139\" \/><\/figure>\n\n\n\n<p>Viele Abschnitte bergab waren ziemlich steil und diejenigen mit schmalen Reifen entschieden sich manchmal daf\u00fcr, bergab zu fahren. Ich hatte meine 52-mm-MTB-Reifen und fand Halt. Die Stra\u00dfe schl\u00e4ngelt sich langsamer, aber wir sehen die ganze Zeit das Meer und die Berge vor uns.<\/p>\n\n\n\n<p>Unten am Strand angekommen w\u00fcnschten wir, wir h\u00e4tten ein kleines Lunchpaket mitgebracht, aber wir genie\u00dfen das Ger\u00e4usch und die Aussicht, bevor die beschwerliche R\u00fcckfahrt beginnt.<\/p>\n\n\n\n<figure class=\"wp-block-image size-large\"><img decoding=\"async\" src=\"https:\/\/inzain.bike\/wp-content\/uploads\/2021\/04\/20210404_102625.jpg?w=1024\" alt=\"\" class=\"wp-image-141\" \/><\/figure>\n\n\n\n<p>Es gibt viele schwierige Abschnitte mit technischem Schotter und auch einige steile Abschnitte, meist 22%. Meine Garmin Climb Pro-Funktion hat eine Farbe angenommen, die ich noch nie zuvor gesehen habe: Schwarz! Aber wir sind aufgestanden. F\u00fcr 18 km dauerte es etwa drei Stunden, was an sich schon ein Rekord war. Die M\u00f6glichkeit, auf Asphalt nach Arta hinunterzurollen, war ganz nett, ebenso wie ein Pasta-Mittagessen auf dem Platz.<\/p>\n\n\n\n<p>Der n\u00e4chste Teil der Reise wird nach Manacor f\u00fchren und wir haben beschlossen, Vias Verde auszuprobieren, einen alten Eisenbahndamm von drei Meilen L\u00e4nge, der in eine unbefestigte Stra\u00dfe umgewandelt wurde. Alle Stationen sind noch da und das Ganze macht ziemlich viel Spa\u00df etwas seltsam, weil es so modern ist. Warum wurden die Schienen entfernt? Zumindest hatten wir Gl\u00fcck.<\/p>\n\n\n\n<figure class=\"wp-block-image size-large\"><img decoding=\"async\" src=\"https:\/\/inzain.bike\/wp-content\/uploads\/2021\/04\/g0023909.jpg?w=1024\" alt=\"\" class=\"wp-image-143\" \/><\/figure>\n\n\n\n<p>Als wir in Manacor ankamen, hatten wir das Gef\u00fchl, dass das f\u00fcr heute reichte, und praktischerweise gibt es auf Mallorca Z\u00fcge. Fahrr\u00e4der sind nat\u00fcrlich willkommen, schlie\u00dflich ist es ein zivilisiertes Land...<\/p>\n\n\n\n<p>Am Abend hat Helga Weinproben und Tapas arrangiert, traumhaft sch\u00f6n und lecker. Mir selbst wurde beigebracht, dass man vielleicht manchmal den Spucknapf benutzen sollte, es gab viele Gl\u00e4ser Wein. Wir kamen auch zu dem Schluss, dass wir Gangnamen brauchen, also wurden Shiny Rider, Shady Riser, Slack Blatter, Dark Klingon, Ghost Rider und am besten Dirk Diggler geboren.<\/p>\n\n\n\n<p>Am letzten Tag entschieden sich einige f\u00fcr eine Bergfahrt zum Col de Soller und zum Puig Major (auch bekannt als Piggen), w\u00e4hrend andere eine sanftere Schotterfahrt in der Ebene unternahmen, bevor es Zeit war, die Fahrr\u00e4der einzupacken, den K\u00fchlschrank auszur\u00e4umen und sich auf die Zukunft zu freuen zur n\u00e4chsten Reise hierher, wie es der Zufall will, wird es bereits im Oktober sein, dann werden wir auch die Gelegenheit nutzen, Gravel auf Menorca zu testen und Martin hat einige neue \u00dcberraschungen parat, das sollten Sie sich nicht entgehen lassen.<br><br><\/p>\n\n\n\n<figure class=\"wp-block-image size-large\"><img decoding=\"async\" src=\"https:\/\/inzain.bike\/wp-content\/uploads\/2021\/04\/20210405_090449.jpg?w=1024\" alt=\"\" class=\"wp-image-145\" \/><\/figure>\n\n\n\n<figure class=\"wp-block-image size-large\"><img decoding=\"async\" src=\"https:\/\/inzain.bike\/wp-content\/uploads\/2021\/04\/20210405_090456.jpg?w=1024\" alt=\"\" class=\"wp-image-146\" \/><\/figure>\n\n\n\n<p><br><\/p>\n\n\n\n<p><br><\/p>\n<\/div>\n<\/div>\n<\/div>","protected":false},"excerpt":{"rendered":"<p>Mallorca &#8211; V\u00e5r &#8211; Landsv\u00e4gscykling? Nejd\u00e5 inte alls, Mallorca har m\u00e5nga grymma grusv\u00e4gar att uppt\u00e4cka, och det gjorde vi! Men allt fr\u00e5n b\u00f6rjan. Ursprungligen var vi 26 personer som skulle \u00e5ka till Alar\u00f3, en liten by vid foten av Orient. Vi har gjort s\u00e5 i flera \u00e5r, vi bor fantastiskt i ett eget mansion med [&hellip;]<\/p>\n","protected":false},"author":135133094,"featured_media":0,"parent":0,"menu_order":0,"comment_status":"closed","ping_status":"closed","template":"","meta":{"_coblocks_attr":"","_coblocks_dimensions":"","_coblocks_responsive_height":"","_coblocks_accordion_ie_support":"","footnotes":""},"class_list":["post-114","page","type-page","status-publish","hentry"],"yoast_head":"<!-- This site is optimized with the Yoast SEO plugin v27.2 - https:\/\/yoast.com\/product\/yoast-seo-wordpress\/ -->\n<title>Gravel p\u00e5 Mallorca Ride Report - INZAIN Cycling EXPERIENCES<\/title>\n<meta name=\"robots\" content=\"index, follow, max-snippet:-1, max-image-preview:large, max-video-preview:-1\" \/>\n<link rel=\"canonical\" href=\"https:\/\/inzain.bike\/de\/gravel-pa-mallorca-ride-report\/\" \/>\n<meta property=\"og:locale\" content=\"de_DE\" \/>\n<meta property=\"og:type\" content=\"article\" \/>\n<meta property=\"og:title\" content=\"Gravel p\u00e5 Mallorca Ride Report - INZAIN Cycling EXPERIENCES\" \/>\n<meta property=\"og:description\" content=\"Mallorca &#8211; V\u00e5r &#8211; Landsv\u00e4gscykling? Nejd\u00e5 inte alls, Mallorca har m\u00e5nga grymma grusv\u00e4gar att uppt\u00e4cka, och det gjorde vi! Men allt fr\u00e5n b\u00f6rjan. Ursprungligen var vi 26 personer som skulle \u00e5ka till Alar\u00f3, en liten by vid foten av Orient. Vi har gjort s\u00e5 i flera \u00e5r, vi bor fantastiskt i ett eget mansion med [&hellip;]\" \/>\n<meta property=\"og:url\" content=\"https:\/\/inzain.bike\/de\/gravel-pa-mallorca-ride-report\/\" \/>\n<meta property=\"og:site_name\" content=\"INZAIN Cycling EXPERIENCES\" \/>\n<meta property=\"article:publisher\" content=\"https:\/\/www.facebook.com\/Inzain.bike\" \/>\n<meta property=\"og:image\" content=\"https:\/\/inzain.bike\/wp-content\/uploads\/2021\/04\/g0013561.jpg?w=1024\" \/>\n<meta name=\"twitter:card\" content=\"summary_large_image\" \/>\n<meta name=\"twitter:label1\" content=\"Gesch\u00e4tzte Lesezeit\" \/>\n\t<meta name=\"twitter:data1\" content=\"6\u00a0Minuten\" \/>\n<script type=\"application\/ld+json\" class=\"yoast-schema-graph\">{\"@context\":\"https:\/\/schema.org\",\"@graph\":[{\"@type\":\"WebPage\",\"@id\":\"https:\/\/inzain.bike\/en_gb\/gravel-pa-mallorca-ride-report\/\",\"url\":\"https:\/\/inzain.bike\/en_gb\/gravel-pa-mallorca-ride-report\/\",\"name\":\"Gravel p\u00e5 Mallorca Ride Report - INZAIN Cycling EXPERIENCES\",\"isPartOf\":{\"@id\":\"https:\/\/inzain.bike\/fr_be\/#website\"},\"primaryImageOfPage\":{\"@id\":\"https:\/\/inzain.bike\/en_gb\/gravel-pa-mallorca-ride-report\/#primaryimage\"},\"image\":{\"@id\":\"https:\/\/inzain.bike\/en_gb\/gravel-pa-mallorca-ride-report\/#primaryimage\"},\"thumbnailUrl\":\"https:\/\/inzain.bike\/wp-content\/uploads\/2021\/04\/g0013561.jpg?w=1024\",\"datePublished\":\"2021-04-07T17:02:41+00:00\",\"breadcrumb\":{\"@id\":\"https:\/\/inzain.bike\/en_gb\/gravel-pa-mallorca-ride-report\/#breadcrumb\"},\"inLanguage\":\"de\",\"potentialAction\":[{\"@type\":\"ReadAction\",\"target\":[\"https:\/\/inzain.bike\/en_gb\/gravel-pa-mallorca-ride-report\/\"]}]},{\"@type\":\"ImageObject\",\"inLanguage\":\"de\",\"@id\":\"https:\/\/inzain.bike\/en_gb\/gravel-pa-mallorca-ride-report\/#primaryimage\",\"url\":\"https:\/\/inzain.bike\/wp-content\/uploads\/2021\/04\/g0013561.jpg?w=1024\",\"contentUrl\":\"https:\/\/inzain.bike\/wp-content\/uploads\/2021\/04\/g0013561.jpg?w=1024\"},{\"@type\":\"BreadcrumbList\",\"@id\":\"https:\/\/inzain.bike\/en_gb\/gravel-pa-mallorca-ride-report\/#breadcrumb\",\"itemListElement\":[{\"@type\":\"ListItem\",\"position\":1,\"name\":\"Hem\",\"item\":\"https:\/\/inzain.bike\/fr_be\/\"},{\"@type\":\"ListItem\",\"position\":2,\"name\":\"Gravel p\u00e5 Mallorca Ride Report\"}]},{\"@type\":\"WebSite\",\"@id\":\"https:\/\/inzain.bike\/fr_be\/#website\",\"url\":\"https:\/\/inzain.bike\/fr_be\/\",\"name\":\"INZAIN Cycling EXPERIENCES\",\"description\":\"Cyckling Adventures  - for everyone\",\"publisher\":{\"@id\":\"https:\/\/inzain.bike\/fr_be\/#organization\"},\"alternateName\":\"INZAIN Gravel & Travel\",\"potentialAction\":[{\"@type\":\"SearchAction\",\"target\":{\"@type\":\"EntryPoint\",\"urlTemplate\":\"https:\/\/inzain.bike\/fr_be\/?s={search_term_string}\"},\"query-input\":{\"@type\":\"PropertyValueSpecification\",\"valueRequired\":true,\"valueName\":\"search_term_string\"}}],\"inLanguage\":\"de\"},{\"@type\":\"Organization\",\"@id\":\"https:\/\/inzain.bike\/fr_be\/#organization\",\"name\":\"INZAIN Cycling EXPERIENCES\",\"url\":\"https:\/\/inzain.bike\/fr_be\/\",\"logo\":{\"@type\":\"ImageObject\",\"inLanguage\":\"de\",\"@id\":\"https:\/\/inzain.bike\/fr_be\/#\/schema\/logo\/image\/\",\"url\":\"https:\/\/i0.wp.com\/inzain.bike\/wp-content\/uploads\/2023\/09\/cropped-INZAIN_512x512_white.png?fit=512%2C512&ssl=1\",\"contentUrl\":\"https:\/\/i0.wp.com\/inzain.bike\/wp-content\/uploads\/2023\/09\/cropped-INZAIN_512x512_white.png?fit=512%2C512&ssl=1\",\"width\":512,\"height\":512,\"caption\":\"INZAIN Cycling EXPERIENCES\"},\"image\":{\"@id\":\"https:\/\/inzain.bike\/fr_be\/#\/schema\/logo\/image\/\"},\"sameAs\":[\"https:\/\/www.facebook.com\/Inzain.bike\",\"https:\/\/www.instagram.com\/inzainbike\"]}]}<\/script>\n<!-- \/ Yoast SEO plugin. -->","yoast_head_json":{"title":"Gravel auf Mallorca-Fahrbericht - INZAIN Cycling EXPERIENCES","robots":{"index":"index","follow":"follow","max-snippet":"max-snippet:-1","max-image-preview":"max-image-preview:large","max-video-preview":"max-video-preview:-1"},"canonical":"https:\/\/inzain.bike\/de\/gravel-pa-mallorca-ride-report\/","og_locale":"de_DE","og_type":"article","og_title":"Gravel p\u00e5 Mallorca Ride Report - INZAIN Cycling EXPERIENCES","og_description":"Mallorca &#8211; V\u00e5r &#8211; Landsv\u00e4gscykling? Nejd\u00e5 inte alls, Mallorca har m\u00e5nga grymma grusv\u00e4gar att uppt\u00e4cka, och det gjorde vi! Men allt fr\u00e5n b\u00f6rjan. Ursprungligen var vi 26 personer som skulle \u00e5ka till Alar\u00f3, en liten by vid foten av Orient. Vi har gjort s\u00e5 i flera \u00e5r, vi bor fantastiskt i ett eget mansion med [&hellip;]","og_url":"https:\/\/inzain.bike\/de\/gravel-pa-mallorca-ride-report\/","og_site_name":"INZAIN Cycling EXPERIENCES","article_publisher":"https:\/\/www.facebook.com\/Inzain.bike","og_image":[{"url":"https:\/\/inzain.bike\/wp-content\/uploads\/2021\/04\/g0013561.jpg?w=1024","type":"","width":"","height":""}],"twitter_card":"summary_large_image","twitter_misc":{"Gesch\u00e4tzte Lesezeit":"6\u00a0Minuten"},"schema":{"@context":"https:\/\/schema.org","@graph":[{"@type":"WebPage","@id":"https:\/\/inzain.bike\/en_gb\/gravel-pa-mallorca-ride-report\/","url":"https:\/\/inzain.bike\/en_gb\/gravel-pa-mallorca-ride-report\/","name":"Gravel auf Mallorca-Fahrbericht - INZAIN Cycling EXPERIENCES","isPartOf":{"@id":"https:\/\/inzain.bike\/fr_be\/#website"},"primaryImageOfPage":{"@id":"https:\/\/inzain.bike\/en_gb\/gravel-pa-mallorca-ride-report\/#primaryimage"},"image":{"@id":"https:\/\/inzain.bike\/en_gb\/gravel-pa-mallorca-ride-report\/#primaryimage"},"thumbnailUrl":"https:\/\/inzain.bike\/wp-content\/uploads\/2021\/04\/g0013561.jpg?w=1024","datePublished":"2021-04-07T17:02:41+00:00","breadcrumb":{"@id":"https:\/\/inzain.bike\/en_gb\/gravel-pa-mallorca-ride-report\/#breadcrumb"},"inLanguage":"de","potentialAction":[{"@type":"ReadAction","target":["https:\/\/inzain.bike\/en_gb\/gravel-pa-mallorca-ride-report\/"]}]},{"@type":"ImageObject","inLanguage":"de","@id":"https:\/\/inzain.bike\/en_gb\/gravel-pa-mallorca-ride-report\/#primaryimage","url":"https:\/\/inzain.bike\/wp-content\/uploads\/2021\/04\/g0013561.jpg?w=1024","contentUrl":"https:\/\/inzain.bike\/wp-content\/uploads\/2021\/04\/g0013561.jpg?w=1024"},{"@type":"BreadcrumbList","@id":"https:\/\/inzain.bike\/en_gb\/gravel-pa-mallorca-ride-report\/#breadcrumb","itemListElement":[{"@type":"ListItem","position":1,"name":"Hem","item":"https:\/\/inzain.bike\/fr_be\/"},{"@type":"ListItem","position":2,"name":"Gravel p\u00e5 Mallorca Ride Report"}]},{"@type":"WebSite","@id":"https:\/\/inzain.bike\/fr_be\/#website","url":"https:\/\/inzain.bike\/fr_be\/","name":"INZAIN-Raderlebnisse","description":"Radabenteuer \u2013 f\u00fcr jedermann","publisher":{"@id":"https:\/\/inzain.bike\/fr_be\/#organization"},"alternateName":"INZAIN Gravel & Travel","potentialAction":[{"@type":"SearchAction","target":{"@type":"EntryPoint","urlTemplate":"https:\/\/inzain.bike\/fr_be\/?s={search_term_string}"},"query-input":{"@type":"PropertyValueSpecification","valueRequired":true,"valueName":"search_term_string"}}],"inLanguage":"de"},{"@type":"Organization","@id":"https:\/\/inzain.bike\/fr_be\/#organization","name":"INZAIN-Raderlebnisse","url":"https:\/\/inzain.bike\/fr_be\/","logo":{"@type":"ImageObject","inLanguage":"de","@id":"https:\/\/inzain.bike\/fr_be\/#\/schema\/logo\/image\/","url":"https:\/\/i0.wp.com\/inzain.bike\/wp-content\/uploads\/2023\/09\/cropped-INZAIN_512x512_white.png?fit=512%2C512&ssl=1","contentUrl":"https:\/\/i0.wp.com\/inzain.bike\/wp-content\/uploads\/2023\/09\/cropped-INZAIN_512x512_white.png?fit=512%2C512&ssl=1","width":512,"height":512,"caption":"INZAIN Cycling EXPERIENCES"},"image":{"@id":"https:\/\/inzain.bike\/fr_be\/#\/schema\/logo\/image\/"},"sameAs":["https:\/\/www.facebook.com\/Inzain.bike","https:\/\/www.instagram.com\/inzainbike"]}]}},"amp_enabled":true,"_links":{"self":[{"href":"https:\/\/inzain.bike\/de\/wp-json\/wp\/v2\/pages\/114","targetHints":{"allow":["GET"]}}],"collection":[{"href":"https:\/\/inzain.bike\/de\/wp-json\/wp\/v2\/pages"}],"about":[{"href":"https:\/\/inzain.bike\/de\/wp-json\/wp\/v2\/types\/page"}],"author":[{"embeddable":true,"href":"https:\/\/inzain.bike\/de\/wp-json\/wp\/v2\/users\/135133094"}],"replies":[{"embeddable":true,"href":"https:\/\/inzain.bike\/de\/wp-json\/wp\/v2\/comments?post=114"}],"version-history":[{"count":0,"href":"https:\/\/inzain.bike\/de\/wp-json\/wp\/v2\/pages\/114\/revisions"}],"wp:attachment":[{"href":"https:\/\/inzain.bike\/de\/wp-json\/wp\/v2\/media?parent=114"}],"curies":[{"name":"wp","href":"https:\/\/api.w.org\/{rel}","templated":true}]}}