{"id":1454,"date":"2022-01-18T12:54:23","date_gmt":"2022-01-18T11:54:23","guid":{"rendered":"https:\/\/inzain.bike\/?page_id=1454"},"modified":"2023-03-22T16:57:39","modified_gmt":"2023-03-22T15:57:39","slug":"villkor-deltagande","status":"publish","type":"page","link":"https:\/\/inzain.bike\/de\/villkor-deltagande\/","title":{"rendered":"Teilnahmebedingungen"},"content":{"rendered":"<h4 class=\"wp-block-heading\" id=\"dina-skyldigheter\"><strong>Ihre Pflichten&nbsp;<\/strong><\/h4>\n\n\n\n<p>Sie m\u00fcssen: den Anweisungen der Guides w\u00e4hrend der gesamten Tour folgen, beim Radfahren einen Helm tragen; Fahren Sie nicht unter Alkohol- oder Drogeneinfluss. Stellen Sie sicher, dass Sie \u00fcber eine Reiseversicherung verf\u00fcgen, die Gep\u00e4ck, Fahrradausr\u00fcstung und medizinische Kosten abdeckt.<\/p>\n\n\n\n<h4 class=\"wp-block-heading\" id=\"vara-rattigheter\"><strong>Unsere Rechte<\/strong><\/h4>\n\n\n\n<p>Wir behalten uns das Recht vor, Ihre Reise jederzeit vor Reiseantritt zu stornieren oder zu \u00e4ndern; aufgrund von Ereignissen, die au\u00dferhalb unserer Kontrolle liegen, wie zum Beispiel, aber nicht beschr\u00e4nkt auf: h\u00f6here Gewalt, \u00dcberschwemmung, D\u00fcrre, Erdbeben oder andere Naturkatastrophen; Epidemie oder Pandemie; Terroranschlag, B\u00fcrgerkrieg, Aufstand, Streik oder Aufruhr, Krieg, Kriegsdrohung oder Kriegsvorbereitung, bewaffneter Konflikt, Verh\u00e4ngung von Sanktionen, Embargo oder Beendigung diplomatischer Beziehungen; nukleare, chemische oder biologische Kontamination; oder Einsturz von Geb\u00e4uden, Feuer, Explosion oder Unfall (zusammen \u201eEreignisse au\u00dferhalb unserer Kontrolle\u201c). Wir behalten uns au\u00dferdem das Recht vor, Ihre Reise jederzeit vor Reiseantritt zu stornieren oder zu \u00e4ndern (nach unserem alleinigen Ermessen), obwohl wir Ihnen versichern, dass wir uns nur dann bem\u00fchen werden, wenn dies unbedingt erforderlich ist. Bei der Reise handelt es sich um eine Gruppenreise. Sollten sich nicht gen\u00fcgend Personen anmelden, kann die Reise storniert werden. In diesem Fall erfolgt eine R\u00fcckerstattung. F\u00fcr Flugtickets gelten besondere Bedingungen.<\/p>\n\n\n\n<h4 class=\"wp-block-heading\" id=\"overfora-resan\"><strong>\u00dcbertragen Sie die Reise&nbsp;<\/strong><\/h4>\n\n\n\n<p>Wenn Sie aufgrund eines gesch\u00e4ftlichen oder pers\u00f6nlichen Notfalls nicht an der Reise teilnehmen k\u00f6nnen, k\u00f6nnen Sie auf eine andere Reise umsteigen, auf der noch Sitzpl\u00e4tze vorhanden sind und die innerhalb von zwei Jahren nach der Reise, f\u00fcr die Sie sich urspr\u00fcnglich angemeldet haben, abfliegen soll. F\u00fcr die \u00dcbertragung aller Ihrer Zahlungen auf eine andere Reise fallen keine Geb\u00fchren an. <\/p>\n\n\n\n<h4 class=\"wp-block-heading\" id=\"andringar-av-din-resa\"><strong>\u00c4nderungen an Ihrer Reise<\/strong><\/h4>\n\n\n\n<p>Wir werden unser Bestes tun, um sicherzustellen, dass die Reiseroute Ihrer Reise nicht ge\u00e4ndert werden muss. Wenn jedoch ein Ereignis eintritt, das au\u00dferhalb unserer Kontrolle liegt (wir sind m\u00f6glicherweise nicht in der Lage, unsere angek\u00fcndigten Reiserouten oder Zeitpl\u00e4ne einzuhalten). Wenn zus\u00e4tzliche Kosten, die durch Versp\u00e4tungen, Unf\u00e4lle oder St\u00f6rungen der geplanten Reiseroute entstehen, auf Ereignisse zur\u00fcckzuf\u00fchren sind, die au\u00dferhalb unserer Kontrolle liegen, k\u00f6nnen wir Ihnen diese Kosten nicht erstatten.<\/p>\n\n\n\n<h4 class=\"wp-block-heading\" id=\"upphavande\"><strong>Aufhebung&nbsp;<\/strong><\/h4>\n\n\n\n<p>Mit der Buchung erkl\u00e4ren Sie sich damit einverstanden, dass Sie alle Informationen, die wir Ihnen bez\u00fcglich der Reise zur Verf\u00fcgung gestellt haben, erhalten und gelesen haben; Sie akzeptieren, dass alle Empfehlungen, die wir in Bezug auf Klima, Kleidung, Spezialausr\u00fcstung, Topographie usw. machen, in gutem Glauben erfolgen, dass wir jedoch keine Garantie f\u00fcr deren Richtigkeit oder Vollst\u00e4ndigkeit \u00fcbernehmen k\u00f6nnen. Sie akzeptieren, dass es in Ihrer Verantwortung liegt, eine Versicherung abzuschlie\u00dfen, die Sie f\u00fcr die Dauer der Reise abdeckt. Sie best\u00e4tigen, dass Sie sich der k\u00f6rperlich anstrengenden Natur unserer Reisen bewusst sind und die Risiken und Gefahren unserer Reisen akzeptieren, einschlie\u00dflich der Gefahren beim Radfahren auf der Stra\u00dfe oder im Gel\u00e4nde sowie aller Risiken, die sich (unter anderem) aus schlechtem Wetter und unterschiedlichem Stra\u00dfenzustand ergeben und\/oder Spuren; \u00fcbernimmt das Risiko (unter anderem) von Verz\u00f6gerungen, \u00c4nderungen, Verlust oder Besch\u00e4digung von Eigentum, Unannehmlichkeiten und Unannehmlichkeiten; Wenn Sie die folgenden Punkte akzeptieren, nehmen Sie an der Reise teil und fahren auf eigenes Risiko.<\/p>\n\n\n\n<h4 class=\"wp-block-heading\" id=\"tillamplig-lag-och-jurisdiktion\"><strong>Anwendbares Recht und Gerichtsstand<\/strong><\/h4>\n\n\n\n<p>Alle Streitigkeiten werden wie folgt beigelegt:<a href=\"https:\/\/sccinstitute.se\/vara-tjanster\/forenklat-skiljeforfarande\/\">https:\/\/sccinstitute.se\/vara-tjanster\/forenklat-skiljeforfarande\/<\/a><\/p>","protected":false},"excerpt":{"rendered":"<p>Dina skyldigheter&nbsp; Du ska: f\u00f6lja instruktionerna fr\u00e5n guiderna under hela turen, b\u00e4ra hj\u00e4lm under cykling; inte cykla n\u00e4r du \u00e4r p\u00e5verkad av alkohol eller droger; f\u00f6rs\u00e4kra dig om att du har en resef\u00f6rs\u00e4kring som t\u00e4cker bagage, cykelutrustning och sjukv\u00e5rdskostnader. V\u00e5ra r\u00e4ttigheter Vi f\u00f6rbeh\u00e5ller oss r\u00e4tten att avbryta eller \u00e4ndra din resa n\u00e4r som helst innan [&hellip;]<\/p>\n","protected":false},"author":135133094,"featured_media":0,"parent":0,"menu_order":0,"comment_status":"closed","ping_status":"closed","template":"","meta":{"_coblocks_attr":"","_coblocks_dimensions":"","_coblocks_responsive_height":"","_coblocks_accordion_ie_support":"","footnotes":""},"class_list":["post-1454","page","type-page","status-publish","hentry"],"yoast_head":"<!-- This site is optimized with the Yoast SEO plugin v27.2 - https:\/\/yoast.com\/product\/yoast-seo-wordpress\/ -->\n<title>Villkor Deltagande - INZAIN Cycling EXPERIENCES<\/title>\n<meta name=\"robots\" content=\"index, follow, max-snippet:-1, max-image-preview:large, max-video-preview:-1\" \/>\n<link rel=\"canonical\" href=\"https:\/\/inzain.bike\/de\/villkor-deltagande\/\" \/>\n<meta property=\"og:locale\" content=\"de_DE\" \/>\n<meta property=\"og:type\" content=\"article\" \/>\n<meta property=\"og:title\" content=\"Villkor Deltagande - INZAIN Cycling EXPERIENCES\" \/>\n<meta property=\"og:description\" content=\"Dina skyldigheter&nbsp; Du ska: f\u00f6lja instruktionerna fr\u00e5n guiderna under hela turen, b\u00e4ra hj\u00e4lm under cykling; inte cykla n\u00e4r du \u00e4r p\u00e5verkad av alkohol eller droger; f\u00f6rs\u00e4kra dig om att du har en resef\u00f6rs\u00e4kring som t\u00e4cker bagage, cykelutrustning och sjukv\u00e5rdskostnader. V\u00e5ra r\u00e4ttigheter Vi f\u00f6rbeh\u00e5ller oss r\u00e4tten att avbryta eller \u00e4ndra din resa n\u00e4r som helst innan [&hellip;]\" \/>\n<meta property=\"og:url\" content=\"https:\/\/inzain.bike\/de\/villkor-deltagande\/\" \/>\n<meta property=\"og:site_name\" content=\"INZAIN Cycling EXPERIENCES\" \/>\n<meta property=\"article:publisher\" content=\"https:\/\/www.facebook.com\/Inzain.bike\" \/>\n<meta property=\"article:modified_time\" content=\"2023-03-22T15:57:39+00:00\" \/>\n<meta name=\"twitter:card\" content=\"summary_large_image\" \/>\n<meta name=\"twitter:label1\" content=\"Gesch\u00e4tzte Lesezeit\" \/>\n\t<meta name=\"twitter:data1\" content=\"3\u00a0Minuten\" \/>\n<script type=\"application\/ld+json\" class=\"yoast-schema-graph\">{\"@context\":\"https:\/\/schema.org\",\"@graph\":[{\"@type\":\"WebPage\",\"@id\":\"https:\/\/inzain.bike\/en_gb\/villkor-deltagande\/\",\"url\":\"https:\/\/inzain.bike\/en_gb\/villkor-deltagande\/\",\"name\":\"Villkor Deltagande - INZAIN Cycling EXPERIENCES\",\"isPartOf\":{\"@id\":\"https:\/\/inzain.bike\/fr_be\/#website\"},\"datePublished\":\"2022-01-18T11:54:23+00:00\",\"dateModified\":\"2023-03-22T15:57:39+00:00\",\"breadcrumb\":{\"@id\":\"https:\/\/inzain.bike\/en_gb\/villkor-deltagande\/#breadcrumb\"},\"inLanguage\":\"de\",\"potentialAction\":[{\"@type\":\"ReadAction\",\"target\":[\"https:\/\/inzain.bike\/en_gb\/villkor-deltagande\/\"]}]},{\"@type\":\"BreadcrumbList\",\"@id\":\"https:\/\/inzain.bike\/en_gb\/villkor-deltagande\/#breadcrumb\",\"itemListElement\":[{\"@type\":\"ListItem\",\"position\":1,\"name\":\"Hem\",\"item\":\"https:\/\/inzain.bike\/fr_be\/\"},{\"@type\":\"ListItem\",\"position\":2,\"name\":\"Villkor Deltagande\"}]},{\"@type\":\"WebSite\",\"@id\":\"https:\/\/inzain.bike\/fr_be\/#website\",\"url\":\"https:\/\/inzain.bike\/fr_be\/\",\"name\":\"INZAIN Cycling EXPERIENCES\",\"description\":\"Cyckling Adventures  - for everyone\",\"publisher\":{\"@id\":\"https:\/\/inzain.bike\/fr_be\/#organization\"},\"alternateName\":\"INZAIN Gravel & Travel\",\"potentialAction\":[{\"@type\":\"SearchAction\",\"target\":{\"@type\":\"EntryPoint\",\"urlTemplate\":\"https:\/\/inzain.bike\/fr_be\/?s={search_term_string}\"},\"query-input\":{\"@type\":\"PropertyValueSpecification\",\"valueRequired\":true,\"valueName\":\"search_term_string\"}}],\"inLanguage\":\"de\"},{\"@type\":\"Organization\",\"@id\":\"https:\/\/inzain.bike\/fr_be\/#organization\",\"name\":\"INZAIN Cycling EXPERIENCES\",\"url\":\"https:\/\/inzain.bike\/fr_be\/\",\"logo\":{\"@type\":\"ImageObject\",\"inLanguage\":\"de\",\"@id\":\"https:\/\/inzain.bike\/fr_be\/#\/schema\/logo\/image\/\",\"url\":\"https:\/\/i0.wp.com\/inzain.bike\/wp-content\/uploads\/2023\/09\/cropped-INZAIN_512x512_white.png?fit=512%2C512&ssl=1\",\"contentUrl\":\"https:\/\/i0.wp.com\/inzain.bike\/wp-content\/uploads\/2023\/09\/cropped-INZAIN_512x512_white.png?fit=512%2C512&ssl=1\",\"width\":512,\"height\":512,\"caption\":\"INZAIN Cycling EXPERIENCES\"},\"image\":{\"@id\":\"https:\/\/inzain.bike\/fr_be\/#\/schema\/logo\/image\/\"},\"sameAs\":[\"https:\/\/www.facebook.com\/Inzain.bike\",\"https:\/\/www.instagram.com\/inzainbike\"]}]}<\/script>\n<!-- \/ Yoast SEO plugin. -->","yoast_head_json":{"title":"Teilnahmebedingungen - INZAIN Cycling EXPERIENCES","robots":{"index":"index","follow":"follow","max-snippet":"max-snippet:-1","max-image-preview":"max-image-preview:large","max-video-preview":"max-video-preview:-1"},"canonical":"https:\/\/inzain.bike\/de\/villkor-deltagande\/","og_locale":"de_DE","og_type":"article","og_title":"Villkor Deltagande - INZAIN Cycling EXPERIENCES","og_description":"Dina skyldigheter&nbsp; Du ska: f\u00f6lja instruktionerna fr\u00e5n guiderna under hela turen, b\u00e4ra hj\u00e4lm under cykling; inte cykla n\u00e4r du \u00e4r p\u00e5verkad av alkohol eller droger; f\u00f6rs\u00e4kra dig om att du har en resef\u00f6rs\u00e4kring som t\u00e4cker bagage, cykelutrustning och sjukv\u00e5rdskostnader. V\u00e5ra r\u00e4ttigheter Vi f\u00f6rbeh\u00e5ller oss r\u00e4tten att avbryta eller \u00e4ndra din resa n\u00e4r som helst innan [&hellip;]","og_url":"https:\/\/inzain.bike\/de\/villkor-deltagande\/","og_site_name":"INZAIN Cycling EXPERIENCES","article_publisher":"https:\/\/www.facebook.com\/Inzain.bike","article_modified_time":"2023-03-22T15:57:39+00:00","twitter_card":"summary_large_image","twitter_misc":{"Gesch\u00e4tzte Lesezeit":"3\u00a0Minuten"},"schema":{"@context":"https:\/\/schema.org","@graph":[{"@type":"WebPage","@id":"https:\/\/inzain.bike\/en_gb\/villkor-deltagande\/","url":"https:\/\/inzain.bike\/en_gb\/villkor-deltagande\/","name":"Teilnahmebedingungen - INZAIN Cycling EXPERIENCES","isPartOf":{"@id":"https:\/\/inzain.bike\/fr_be\/#website"},"datePublished":"2022-01-18T11:54:23+00:00","dateModified":"2023-03-22T15:57:39+00:00","breadcrumb":{"@id":"https:\/\/inzain.bike\/en_gb\/villkor-deltagande\/#breadcrumb"},"inLanguage":"de","potentialAction":[{"@type":"ReadAction","target":["https:\/\/inzain.bike\/en_gb\/villkor-deltagande\/"]}]},{"@type":"BreadcrumbList","@id":"https:\/\/inzain.bike\/en_gb\/villkor-deltagande\/#breadcrumb","itemListElement":[{"@type":"ListItem","position":1,"name":"Hem","item":"https:\/\/inzain.bike\/fr_be\/"},{"@type":"ListItem","position":2,"name":"Villkor Deltagande"}]},{"@type":"WebSite","@id":"https:\/\/inzain.bike\/fr_be\/#website","url":"https:\/\/inzain.bike\/fr_be\/","name":"INZAIN-Raderlebnisse","description":"Radabenteuer \u2013 f\u00fcr jedermann","publisher":{"@id":"https:\/\/inzain.bike\/fr_be\/#organization"},"alternateName":"INZAIN Gravel & Travel","potentialAction":[{"@type":"SearchAction","target":{"@type":"EntryPoint","urlTemplate":"https:\/\/inzain.bike\/fr_be\/?s={search_term_string}"},"query-input":{"@type":"PropertyValueSpecification","valueRequired":true,"valueName":"search_term_string"}}],"inLanguage":"de"},{"@type":"Organization","@id":"https:\/\/inzain.bike\/fr_be\/#organization","name":"INZAIN-Raderlebnisse","url":"https:\/\/inzain.bike\/fr_be\/","logo":{"@type":"ImageObject","inLanguage":"de","@id":"https:\/\/inzain.bike\/fr_be\/#\/schema\/logo\/image\/","url":"https:\/\/i0.wp.com\/inzain.bike\/wp-content\/uploads\/2023\/09\/cropped-INZAIN_512x512_white.png?fit=512%2C512&ssl=1","contentUrl":"https:\/\/i0.wp.com\/inzain.bike\/wp-content\/uploads\/2023\/09\/cropped-INZAIN_512x512_white.png?fit=512%2C512&ssl=1","width":512,"height":512,"caption":"INZAIN Cycling EXPERIENCES"},"image":{"@id":"https:\/\/inzain.bike\/fr_be\/#\/schema\/logo\/image\/"},"sameAs":["https:\/\/www.facebook.com\/Inzain.bike","https:\/\/www.instagram.com\/inzainbike"]}]}},"amp_enabled":true,"_links":{"self":[{"href":"https:\/\/inzain.bike\/de\/wp-json\/wp\/v2\/pages\/1454","targetHints":{"allow":["GET"]}}],"collection":[{"href":"https:\/\/inzain.bike\/de\/wp-json\/wp\/v2\/pages"}],"about":[{"href":"https:\/\/inzain.bike\/de\/wp-json\/wp\/v2\/types\/page"}],"author":[{"embeddable":true,"href":"https:\/\/inzain.bike\/de\/wp-json\/wp\/v2\/users\/135133094"}],"replies":[{"embeddable":true,"href":"https:\/\/inzain.bike\/de\/wp-json\/wp\/v2\/comments?post=1454"}],"version-history":[{"count":0,"href":"https:\/\/inzain.bike\/de\/wp-json\/wp\/v2\/pages\/1454\/revisions"}],"wp:attachment":[{"href":"https:\/\/inzain.bike\/de\/wp-json\/wp\/v2\/media?parent=1454"}],"curies":[{"name":"wp","href":"https:\/\/api.w.org\/{rel}","templated":true}]}}