{"id":1585,"date":"2022-03-08T11:05:33","date_gmt":"2022-03-08T10:05:33","guid":{"rendered":"https:\/\/inzain.bike\/?page_id=1585"},"modified":"2024-03-10T14:31:42","modified_gmt":"2024-03-10T13:31:42","slug":"terms","status":"publish","type":"page","link":"https:\/\/inzain.bike\/de\/terms\/","title":{"rendered":"Bedingungen f\u00fcr die Veranstaltung"},"content":{"rendered":"<h4 class=\"wp-block-heading\" id=\"dina-skyldigheter\"><strong>Ihre Pflichten&nbsp;<\/strong><\/h4>\n\n\n\n<p><strong>Du sollst:<\/strong><\/p>\n\n\n\n<ul class=\"wp-block-list\">\n<li>Befolgen Sie w\u00e4hrend der gesamten Tour die Anweisungen der Reiseleiter<\/li>\n\n\n\n<li>Tragen Sie beim Radfahren einen Helm<\/li>\n\n\n\n<li>Fahren Sie nicht unter Alkohol- oder Drogeneinfluss Fahrrad<\/li>\n\n\n\n<li>Stellen Sie sicher, dass Sie \u00fcber eine Reiseversicherung verf\u00fcgen, die Gep\u00e4ck, Fahrradausr\u00fcstung und medizinische Kosten abdeckt.<\/li>\n<\/ul>\n\n\n\n<h4 class=\"wp-block-heading\" id=\"vara-rattigheter\"><strong>Unsere Rechte<\/strong><\/h4>\n\n\n\n<p>Wir behalten uns das Recht vor, Ihre Reise jederzeit vor Reiseantritt aufgrund von Ereignissen, die au\u00dferhalb unserer Kontrolle liegen, zu stornieren oder zu \u00e4ndern, wie zum Beispiel, aber nicht beschr\u00e4nkt auf:<\/p>\n\n\n\n<ul class=\"wp-block-list\">\n<li>H\u00f6here Gewalt; \u00dcberschwemmung; D\u00fcrre; Atomwaffen, chemische oder biologische Kontamination, Einsturz von Geb\u00e4uden, Feuer, Explosion oder Unfall (zusammen \u201eEreignisse au\u00dferhalb unserer Kontrolle\u201c).<\/li>\n<\/ul>\n\n\n\n<p>Wir behalten uns au\u00dferdem das Recht vor, Ihre Reise jederzeit vor Reiseantritt zu stornieren oder zu \u00e4ndern (nach unserem alleinigen Ermessen), obwohl wir Ihnen versichern, dass wir uns nur dann bem\u00fchen werden, dies zu tun, wenn dies unbedingt erforderlich ist.<\/p>\n\n\n\n<h4 class=\"wp-block-heading\" id=\"overfora-resan\"><strong>\u00dcbertragen Sie die Reise&nbsp;<\/strong><\/h4>\n\n\n\n<p>Wenn ein gesch\u00e4ftlicher oder privater Notfall Sie daran hindern w\u00fcrde, Ihre Reise anzutreten, k\u00f6nnen Sie diese mit Zustimmung von INZAIN auf eine andere Person \u00fcbertragen. Wenn die Person genehmigt wird, begleichen Sie und Ihr Ersatz die Kosten.<br>INZAIN leistet keine R\u00fcckerstattung, es sei denn, die Stornierung erfolgt innerhalb der vereinbarten Frist, siehe Abschnitt R\u00fcckerstattungen.<\/p>\n\n\n\n<h4 class=\"wp-block-heading\" id=\"andringar-av-din-resa\"><strong>\u00c4nderungen an Ihrer Reise<\/strong><\/h4>\n\n\n\n<p>Wir werden unser Bestes tun, um sicherzustellen, dass die Reiseroute Ihrer Reise nicht ge\u00e4ndert werden muss. Wenn jedoch ein Ereignis eintritt, das au\u00dferhalb unserer Kontrolle liegt (wir sind m\u00f6glicherweise nicht in der Lage, unsere angek\u00fcndigten Reiserouten oder Zeitpl\u00e4ne einzuhalten). Wenn zus\u00e4tzliche Kosten, die durch Versp\u00e4tungen, Unf\u00e4lle oder St\u00f6rungen der geplanten Reiseroute entstehen, auf Ereignisse zur\u00fcckzuf\u00fchren sind, die au\u00dferhalb unserer Kontrolle liegen, k\u00f6nnen wir Ihnen diese Kosten nicht erstatten.<\/p>\n\n\n\n<h4 class=\"wp-block-heading\" id=\"upphavande\"><strong>Aufhebung&nbsp;<\/strong><\/h4>\n\n\n\n<p><strong>Bei Buchung:<\/strong><\/p>\n\n\n\n<ul class=\"wp-block-list\">\n<li>Sie erkl\u00e4ren sich damit einverstanden, dass Sie alle Informationen, die wir Ihnen bez\u00fcglich der Reise zur Verf\u00fcgung gestellt haben, erhalten und gelesen haben<\/li>\n\n\n\n<li>Sie akzeptieren, dass alle Empfehlungen, die wir in Bezug auf Klima, Kleidung, Spezialausr\u00fcstung, Topographie usw. machen, in gutem Glauben erfolgen, dass wir jedoch keine Garantie f\u00fcr deren Richtigkeit oder Vollst\u00e4ndigkeit \u00fcbernehmen k\u00f6nnen<\/li>\n\n\n\n<li>Sie akzeptieren, dass es in Ihrer Verantwortung liegt, eine Versicherung abzuschlie\u00dfen, die Sie f\u00fcr die gesamte Reise abdeckt<\/li>\n\n\n\n<li>Sie erkennen an, dass Sie sich der k\u00f6rperlich anspruchsvollen Natur unserer Reisen bewusst sind und akzeptieren die Risiken und Gefahren unserer Reisen, einschlie\u00dflich der Gefahren beim Radfahren auf der Stra\u00dfe oder im Gel\u00e4nde sowie aller Risiken, die sich (unter anderem) aus schlechtem Wetter und unterschiedlichem Stra\u00dfenzustand ergeben und\/oder Tracks<\/li>\n\n\n\n<li>Akzeptiert das Risiko (unter anderem) von Verz\u00f6gerungen, \u00c4nderungen, Verlust oder Besch\u00e4digung von Eigentum, Unannehmlichkeiten und Unannehmlichkeiten<\/li>\n\n\n\n<li>Sie akzeptieren nicht nur die folgenden Punkte, sondern nehmen auch auf eigenes Risiko an der Reise teil und fahren mit.<\/li>\n<\/ul>\n\n\n\n<h4 class=\"wp-block-heading\" id=\"tillamplig-lag-och-jurisdiktion\"><strong>Anwendbares Recht und Gerichtsstand<\/strong><\/h4>\n\n\n\n<p>Alle Streitigkeiten werden wie folgt beigelegt: <a href=\"https:\/\/sccinstitute.se\/vara-tjanster\/forenklat-skiljeforfarande\/\">https:\/\/sccinstitute.se\/vara-tjanster\/forenklat-skiljeforfarande\/<\/a>\u2018&#039;\u2018<\/p>\n\n\n\n<p><strong>Krankheit<\/strong><\/p>\n\n\n\n<p>Als Teilnehmer sollten Sie Ihre Versicherung \u00fcberpr\u00fcfen, damit diese die Kosten \u00fcbernimmt, wenn Sie krankheitsbedingt absagen m\u00fcssen. Im Falle einer Krankheit, die nach erfolgter Zahlung eintritt, \u00fcbernimmt INZAIN keine Erstattungsverpflichtung<\/p>\n\n\n\n<p><strong>Erstattung<\/strong><\/p>\n\n\n\n<p>Bei der Buchung wird die Reise bezahlt. Wenn Sie sich f\u00fcr eine Stornierung entscheiden, gilt Folgendes:<br>30% ist niemals erstattungsf\u00e4hig, es handelt sich um die Buchungsgeb\u00fchr.<br>70% wird im Falle einer Stornierung bis sp\u00e4testens 120 Tage vor Reiseantritt erstattet, danach erfolgt keine R\u00fcckerstattung mehr.<\/p>\n\n\n\n<p><\/p>\n\n\n\n<p><\/p>","protected":false},"excerpt":{"rendered":"<p>Dina skyldigheter&nbsp; Du skall: V\u00e5ra r\u00e4ttigheter Vi f\u00f6rbeh\u00e5ller oss r\u00e4tten att avbryta eller \u00e4ndra din resa n\u00e4r som helst innan avresa p\u00e5 grund av h\u00e4ndelser utanf\u00f6r v\u00e5r kontroll, s\u00e5som men inte begr\u00e4nsat till: Vi f\u00f6rbeh\u00e5ller oss ocks\u00e5 r\u00e4tten att st\u00e4lla in eller \u00e4ndra din resa n\u00e4r som helst f\u00f6re avresa (efter eget godtycke), \u00e4ven om [&hellip;]<\/p>\n","protected":false},"author":135133094,"featured_media":0,"parent":0,"menu_order":0,"comment_status":"closed","ping_status":"closed","template":"","meta":{"_coblocks_attr":"","_coblocks_dimensions":"","_coblocks_responsive_height":"","_coblocks_accordion_ie_support":"","footnotes":""},"class_list":["post-1585","page","type-page","status-publish","hentry"],"yoast_head":"<!-- This site is optimized with the Yoast SEO plugin v27.2 - https:\/\/yoast.com\/product\/yoast-seo-wordpress\/ -->\n<title>Villkor f\u00f6r eventet - INZAIN Cycling EXPERIENCES<\/title>\n<meta name=\"robots\" content=\"index, follow, max-snippet:-1, max-image-preview:large, max-video-preview:-1\" \/>\n<link rel=\"canonical\" href=\"https:\/\/inzain.bike\/de\/terms\/\" \/>\n<meta property=\"og:locale\" content=\"de_DE\" \/>\n<meta property=\"og:type\" content=\"article\" \/>\n<meta property=\"og:title\" content=\"Villkor f\u00f6r eventet - INZAIN Cycling EXPERIENCES\" \/>\n<meta property=\"og:description\" content=\"Dina skyldigheter&nbsp; Du skall: V\u00e5ra r\u00e4ttigheter Vi f\u00f6rbeh\u00e5ller oss r\u00e4tten att avbryta eller \u00e4ndra din resa n\u00e4r som helst innan avresa p\u00e5 grund av h\u00e4ndelser utanf\u00f6r v\u00e5r kontroll, s\u00e5som men inte begr\u00e4nsat till: Vi f\u00f6rbeh\u00e5ller oss ocks\u00e5 r\u00e4tten att st\u00e4lla in eller \u00e4ndra din resa n\u00e4r som helst f\u00f6re avresa (efter eget godtycke), \u00e4ven om [&hellip;]\" \/>\n<meta property=\"og:url\" content=\"https:\/\/inzain.bike\/de\/terms\/\" \/>\n<meta property=\"og:site_name\" content=\"INZAIN Cycling EXPERIENCES\" \/>\n<meta property=\"article:publisher\" content=\"https:\/\/www.facebook.com\/Inzain.bike\" \/>\n<meta property=\"article:modified_time\" content=\"2024-03-10T13:31:42+00:00\" \/>\n<meta name=\"twitter:card\" content=\"summary_large_image\" \/>\n<meta name=\"twitter:label1\" content=\"Gesch\u00e4tzte Lesezeit\" \/>\n\t<meta name=\"twitter:data1\" content=\"3\u00a0Minuten\" \/>\n<script type=\"application\/ld+json\" class=\"yoast-schema-graph\">{\"@context\":\"https:\/\/schema.org\",\"@graph\":[{\"@type\":\"WebPage\",\"@id\":\"https:\/\/inzain.bike\/nl_be\/terms\/\",\"url\":\"https:\/\/inzain.bike\/nl_be\/terms\/\",\"name\":\"Villkor f\u00f6r eventet - INZAIN Cycling EXPERIENCES\",\"isPartOf\":{\"@id\":\"https:\/\/inzain.bike\/fr_be\/#website\"},\"datePublished\":\"2022-03-08T10:05:33+00:00\",\"dateModified\":\"2024-03-10T13:31:42+00:00\",\"breadcrumb\":{\"@id\":\"https:\/\/inzain.bike\/nl_be\/terms\/#breadcrumb\"},\"inLanguage\":\"de\",\"potentialAction\":[{\"@type\":\"ReadAction\",\"target\":[\"https:\/\/inzain.bike\/nl_be\/terms\/\"]}]},{\"@type\":\"BreadcrumbList\",\"@id\":\"https:\/\/inzain.bike\/nl_be\/terms\/#breadcrumb\",\"itemListElement\":[{\"@type\":\"ListItem\",\"position\":1,\"name\":\"Hem\",\"item\":\"https:\/\/inzain.bike\/fr_be\/\"},{\"@type\":\"ListItem\",\"position\":2,\"name\":\"Villkor f\u00f6r eventet\"}]},{\"@type\":\"WebSite\",\"@id\":\"https:\/\/inzain.bike\/fr_be\/#website\",\"url\":\"https:\/\/inzain.bike\/fr_be\/\",\"name\":\"INZAIN Cycling EXPERIENCES\",\"description\":\"Cyckling Adventures  - for everyone\",\"publisher\":{\"@id\":\"https:\/\/inzain.bike\/fr_be\/#organization\"},\"alternateName\":\"INZAIN Gravel & Travel\",\"potentialAction\":[{\"@type\":\"SearchAction\",\"target\":{\"@type\":\"EntryPoint\",\"urlTemplate\":\"https:\/\/inzain.bike\/fr_be\/?s={search_term_string}\"},\"query-input\":{\"@type\":\"PropertyValueSpecification\",\"valueRequired\":true,\"valueName\":\"search_term_string\"}}],\"inLanguage\":\"de\"},{\"@type\":\"Organization\",\"@id\":\"https:\/\/inzain.bike\/fr_be\/#organization\",\"name\":\"INZAIN Cycling EXPERIENCES\",\"url\":\"https:\/\/inzain.bike\/fr_be\/\",\"logo\":{\"@type\":\"ImageObject\",\"inLanguage\":\"de\",\"@id\":\"https:\/\/inzain.bike\/fr_be\/#\/schema\/logo\/image\/\",\"url\":\"https:\/\/i0.wp.com\/inzain.bike\/wp-content\/uploads\/2023\/09\/cropped-INZAIN_512x512_white.png?fit=512%2C512&ssl=1\",\"contentUrl\":\"https:\/\/i0.wp.com\/inzain.bike\/wp-content\/uploads\/2023\/09\/cropped-INZAIN_512x512_white.png?fit=512%2C512&ssl=1\",\"width\":512,\"height\":512,\"caption\":\"INZAIN Cycling EXPERIENCES\"},\"image\":{\"@id\":\"https:\/\/inzain.bike\/fr_be\/#\/schema\/logo\/image\/\"},\"sameAs\":[\"https:\/\/www.facebook.com\/Inzain.bike\",\"https:\/\/www.instagram.com\/inzainbike\"]}]}<\/script>\n<!-- \/ Yoast SEO plugin. -->","yoast_head_json":{"title":"Veranstaltungsbedingungen - INZAIN Cycling EXPERIENCES","robots":{"index":"index","follow":"follow","max-snippet":"max-snippet:-1","max-image-preview":"max-image-preview:large","max-video-preview":"max-video-preview:-1"},"canonical":"https:\/\/inzain.bike\/de\/terms\/","og_locale":"de_DE","og_type":"article","og_title":"Villkor f\u00f6r eventet - INZAIN Cycling EXPERIENCES","og_description":"Dina skyldigheter&nbsp; Du skall: V\u00e5ra r\u00e4ttigheter Vi f\u00f6rbeh\u00e5ller oss r\u00e4tten att avbryta eller \u00e4ndra din resa n\u00e4r som helst innan avresa p\u00e5 grund av h\u00e4ndelser utanf\u00f6r v\u00e5r kontroll, s\u00e5som men inte begr\u00e4nsat till: Vi f\u00f6rbeh\u00e5ller oss ocks\u00e5 r\u00e4tten att st\u00e4lla in eller \u00e4ndra din resa n\u00e4r som helst f\u00f6re avresa (efter eget godtycke), \u00e4ven om [&hellip;]","og_url":"https:\/\/inzain.bike\/de\/terms\/","og_site_name":"INZAIN Cycling EXPERIENCES","article_publisher":"https:\/\/www.facebook.com\/Inzain.bike","article_modified_time":"2024-03-10T13:31:42+00:00","twitter_card":"summary_large_image","twitter_misc":{"Gesch\u00e4tzte Lesezeit":"3\u00a0Minuten"},"schema":{"@context":"https:\/\/schema.org","@graph":[{"@type":"WebPage","@id":"https:\/\/inzain.bike\/nl_be\/terms\/","url":"https:\/\/inzain.bike\/nl_be\/terms\/","name":"Veranstaltungsbedingungen - INZAIN Cycling EXPERIENCES","isPartOf":{"@id":"https:\/\/inzain.bike\/fr_be\/#website"},"datePublished":"2022-03-08T10:05:33+00:00","dateModified":"2024-03-10T13:31:42+00:00","breadcrumb":{"@id":"https:\/\/inzain.bike\/nl_be\/terms\/#breadcrumb"},"inLanguage":"de","potentialAction":[{"@type":"ReadAction","target":["https:\/\/inzain.bike\/nl_be\/terms\/"]}]},{"@type":"BreadcrumbList","@id":"https:\/\/inzain.bike\/nl_be\/terms\/#breadcrumb","itemListElement":[{"@type":"ListItem","position":1,"name":"Hem","item":"https:\/\/inzain.bike\/fr_be\/"},{"@type":"ListItem","position":2,"name":"Villkor f\u00f6r eventet"}]},{"@type":"WebSite","@id":"https:\/\/inzain.bike\/fr_be\/#website","url":"https:\/\/inzain.bike\/fr_be\/","name":"INZAIN-Raderlebnisse","description":"Radabenteuer \u2013 f\u00fcr jedermann","publisher":{"@id":"https:\/\/inzain.bike\/fr_be\/#organization"},"alternateName":"INZAIN Gravel & Travel","potentialAction":[{"@type":"SearchAction","target":{"@type":"EntryPoint","urlTemplate":"https:\/\/inzain.bike\/fr_be\/?s={search_term_string}"},"query-input":{"@type":"PropertyValueSpecification","valueRequired":true,"valueName":"search_term_string"}}],"inLanguage":"de"},{"@type":"Organization","@id":"https:\/\/inzain.bike\/fr_be\/#organization","name":"INZAIN-Raderlebnisse","url":"https:\/\/inzain.bike\/fr_be\/","logo":{"@type":"ImageObject","inLanguage":"de","@id":"https:\/\/inzain.bike\/fr_be\/#\/schema\/logo\/image\/","url":"https:\/\/i0.wp.com\/inzain.bike\/wp-content\/uploads\/2023\/09\/cropped-INZAIN_512x512_white.png?fit=512%2C512&ssl=1","contentUrl":"https:\/\/i0.wp.com\/inzain.bike\/wp-content\/uploads\/2023\/09\/cropped-INZAIN_512x512_white.png?fit=512%2C512&ssl=1","width":512,"height":512,"caption":"INZAIN Cycling EXPERIENCES"},"image":{"@id":"https:\/\/inzain.bike\/fr_be\/#\/schema\/logo\/image\/"},"sameAs":["https:\/\/www.facebook.com\/Inzain.bike","https:\/\/www.instagram.com\/inzainbike"]}]}},"amp_enabled":true,"_links":{"self":[{"href":"https:\/\/inzain.bike\/de\/wp-json\/wp\/v2\/pages\/1585","targetHints":{"allow":["GET"]}}],"collection":[{"href":"https:\/\/inzain.bike\/de\/wp-json\/wp\/v2\/pages"}],"about":[{"href":"https:\/\/inzain.bike\/de\/wp-json\/wp\/v2\/types\/page"}],"author":[{"embeddable":true,"href":"https:\/\/inzain.bike\/de\/wp-json\/wp\/v2\/users\/135133094"}],"replies":[{"embeddable":true,"href":"https:\/\/inzain.bike\/de\/wp-json\/wp\/v2\/comments?post=1585"}],"version-history":[{"count":0,"href":"https:\/\/inzain.bike\/de\/wp-json\/wp\/v2\/pages\/1585\/revisions"}],"wp:attachment":[{"href":"https:\/\/inzain.bike\/de\/wp-json\/wp\/v2\/media?parent=1585"}],"curies":[{"name":"wp","href":"https:\/\/api.w.org\/{rel}","templated":true}]}}