{"id":1986,"date":"2022-10-02T18:29:56","date_gmt":"2022-10-02T16:29:56","guid":{"rendered":"https:\/\/inzain.bike\/?page_id=1986"},"modified":"2023-07-28T09:18:04","modified_gmt":"2023-07-28T07:18:04","slug":"savenfors-gravel-camp","status":"publish","type":"page","link":"https:\/\/inzain.bike\/de\/savenfors-gravel-camp\/","title":{"rendered":"S\u00e4venfors Kieslager"},"content":{"rendered":"<p>Willkommen zu einem fantastischen Wochenende mit Gravel in Norra Bergslagen<\/p>\n\n\n\n<figure class=\"wp-block-image size-large\"><img loading=\"lazy\" decoding=\"async\" width=\"1024\" height=\"682\" src=\"https:\/\/inzain.bike\/wp-content\/uploads\/2022\/10\/sav3-1024x682.jpg\" alt=\"\" class=\"wp-image-2113\" srcset=\"https:\/\/inzain.bike\/wp-content\/uploads\/2022\/10\/sav3-1024x682.jpg 1024w, https:\/\/inzain.bike\/wp-content\/uploads\/2022\/10\/sav3-300x200.jpg 300w, https:\/\/inzain.bike\/wp-content\/uploads\/2022\/10\/sav3-768x512.jpg 768w, https:\/\/inzain.bike\/wp-content\/uploads\/2022\/10\/sav3-1536x1024.jpg 1536w, https:\/\/inzain.bike\/wp-content\/uploads\/2022\/10\/sav3-18x12.jpg 18w, https:\/\/inzain.bike\/wp-content\/uploads\/2022\/10\/sav3-1320x880.jpg 1320w, https:\/\/inzain.bike\/wp-content\/uploads\/2022\/10\/sav3-600x400.jpg 600w, https:\/\/inzain.bike\/wp-content\/uploads\/2022\/10\/sav3.jpg 2000w\" sizes=\"auto, (max-width: 1024px) 100vw, 1024px\" \/><\/figure>\n\n\n\n<p><strong>Wann<\/strong>: 29.-30. Juli 2023.<br><strong>Wo<\/strong>: S\u00e4venfors, Bergslagen<br><strong>Wie<\/strong>: Gravel Camp auf tollen Stra\u00dfen<br><strong>Schlafen<\/strong>: Wir leben in <a href=\"https:\/\/savenforslodge.se\/\">S\u00e4venfors Lodge<\/a><br><strong>Essen<\/strong>: Fr\u00fchst\u00fcck in der Anlage, Abendessen am Abend ist im Paket enthalten. Das Mittagessen und den Kaffee auf den Touren bezahlen Sie selbst.<br><strong>Vergeben<\/strong>: Die Veranstaltung selbst ist kostenlos, aber wir haben f\u00fcr diejenigen, die m\u00f6chten, Unterkunftspakete zusammengestellt. <br><strong>Basispaket<\/strong>: Abendessen Samstag, \u00dcbernachtung mit Entspannung und Fr\u00fchst\u00fcck Sonntag 2.200 SEK<br><strong>Zusatz<\/strong>: Abendessen am Freitag, \u00dcbernachtung mit Entspannung und Fr\u00fchst\u00fcck am Samstag, 1.800 SEK<\/p>\n\n\n\n<p><strong>Was k\u00f6nnen Sie erwarten?<\/strong><br>Wir radeln, um Spa\u00df zu haben, es gibt keine Intervalle und es geht nicht darum, am schnellsten zu fahren, sondern darum, das beste Erlebnis zu haben. Wenn Sie sich etwas g\u00f6nnen m\u00f6chten, ist das nat\u00fcrlich in Ordnung, Sie warten einfach weiter. Wir k\u00f6nnen die Gruppe auch aufteilen, wenn es sich als besser erweist. Unsere Guides haben viel Erfahrung in der Organisation und Durchf\u00fchrung dieser Touren.<\/p>\n\n\n\n<p><strong>Anordnung<\/strong><\/p>\n\n\n\n<p><strong>Basispaket<\/strong>:<br>Radfahren am Samstag, Unterkunft und besseres Abendessen in der S\u00e4venfors Lodge sowie Zugang zum Entspannungsbereich.<br>Fr\u00fchst\u00fcckssonntag und Fahrradsonntag.<br><strong>Zusatz<\/strong>:<br>\u00dcbernachten Sie am Freitag in der S\u00e4venfors Lodge mit Abendessen und Fr\u00fchst\u00fcck am Samstag<br>Prolog: F\u00fcr alle, die k\u00f6nnen und wollen, wird ein Prolog angeboten, der am Freitagmorgen beginnt.<br><strong>Einfach Radfahren:<\/strong><br>Wenn Du einfach nur mit uns radeln m\u00f6chtest, ist das auch in Ordnung, dann kannst Du Dir aussuchen, ob Du am Samstagabend bei uns zu Abend essen m\u00f6chtest.<\/p>\n\n\n\n<figure class=\"wp-block-image size-large\"><img loading=\"lazy\" decoding=\"async\" width=\"1024\" height=\"682\" src=\"https:\/\/inzain.bike\/wp-content\/uploads\/2022\/10\/sav2-1024x682.jpg\" alt=\"\" class=\"wp-image-2116\" srcset=\"https:\/\/inzain.bike\/wp-content\/uploads\/2022\/10\/sav2-1024x682.jpg 1024w, https:\/\/inzain.bike\/wp-content\/uploads\/2022\/10\/sav2-300x200.jpg 300w, https:\/\/inzain.bike\/wp-content\/uploads\/2022\/10\/sav2-768x512.jpg 768w, https:\/\/inzain.bike\/wp-content\/uploads\/2022\/10\/sav2-1536x1024.jpg 1536w, https:\/\/inzain.bike\/wp-content\/uploads\/2022\/10\/sav2-18x12.jpg 18w, https:\/\/inzain.bike\/wp-content\/uploads\/2022\/10\/sav2-1320x880.jpg 1320w, https:\/\/inzain.bike\/wp-content\/uploads\/2022\/10\/sav2-600x400.jpg 600w, https:\/\/inzain.bike\/wp-content\/uploads\/2022\/10\/sav2.jpg 2000w\" sizes=\"auto, (max-width: 1024px) 100vw, 1024px\" \/><\/figure>\n\n\n\n<p><strong>Freitag<\/strong><br>Prolog, f\u00fcr alle, die auch am Freitag Rad fahren k\u00f6nnen und wollen. Die Strecke ist 154 km lang, kann aber auf verschiedene Arten abgek\u00fcrzt werden. 70 km\/95 km\/110 km. Mittagessen in Kopparberg. Es werden eine Reihe spannender Orte besichtigt, wie zum Beispiel ein alter Bunker, eine Oper(!), ein Aussichtsturm und mehr. Nimmt man die komplette Strecke, sind es 2.043 hm, die man genie\u00dfen kann.<br><br><strong>Samstag<\/strong> <br>Die Tour beginnt und endet an der Lodge, hat zwei Anstiege, M\u00f6glichkeit zum Schwimmen, im \u201ekleinen Hawaii\u201c. Sie k\u00f6nnen etwas mehr dar\u00fcber lesen <a href=\"https:\/\/teamutangranser.se\/savenfors-gravendal-deluxe\/\">Hier<\/a>.<\/p>\n\n\n\n<p><strong>Sonntag<\/strong> <br>Eine etwas k\u00fcrzere, aber ebenso sch\u00f6ne Tour, die nach dem Fr\u00fchst\u00fcck und Check-out in der Lodge beginnt.<br>Wir radeln um zwei Elche herum und fangen zwei Feigen, einen in Grythyttan und einen in Bl\u00e5 Ost in Bredsj\u00f6. Dort angekommen gibt es unsere mobile Fahrradwaschanlage und die M\u00f6glichkeit zum Duschen und Umziehen vor der Heimreise.<\/p>\n\n\n\n<p><strong>Routen<\/strong><\/p>\n\n\n\n<p>Samstag<\/p>\n\n\n\n<p><iframe src=\"https:\/\/ridewithgps.com\/embeds?type=route&amp;id=36968206&amp;metricUnits=true&amp;sampleGraph=true\" style=\"width: 1px; min-width: 100%; height: 700px; border: none;\" scrolling=\"no\"><\/iframe><\/p>\n\n\n\n<p>Sonntag<\/p>\n\n\n\n<p><iframe src=\"https:\/\/ridewithgps.com\/embeds?type=route&amp;id=39371456&amp;metricUnits=true&amp;sampleGraph=true\" style=\"width: 1px; min-width: 100%; height: 700px; border: none;\" scrolling=\"no\"><\/iframe> <\/p>\n\n\n\n<p><br><strong>Wir radeln nach den Prinzipien von Grusets V\u00e4nner.<\/strong><br>* Niemand wird allein gelassen, alle m\u00fcssen mitmachen<br>* Der Aufschwung l\u00e4uft gut, warten Sie bis sp\u00e4ter<br>* Wir k\u00fcmmern uns umeinander und helfen uns gegenseitig bei Punks oder anderen Dingen.<br>* Wir radeln sicher und halten Abstand, beachten Sie die Drei-Sekunden-Regel.<br>* Es geht darum, einen sch\u00f6nen Tag zu haben.<\/p>\n\n\n\n<figure class=\"wp-block-image size-large\"><img loading=\"lazy\" decoding=\"async\" width=\"1024\" height=\"673\" src=\"https:\/\/inzain.bike\/wp-content\/uploads\/2022\/11\/G0023196-1024x673.jpg\" alt=\"\" class=\"wp-image-2434\" srcset=\"https:\/\/inzain.bike\/wp-content\/uploads\/2022\/11\/G0023196-1024x673.jpg 1024w, https:\/\/inzain.bike\/wp-content\/uploads\/2022\/11\/G0023196-300x197.jpg 300w, https:\/\/inzain.bike\/wp-content\/uploads\/2022\/11\/G0023196-768x505.jpg 768w, https:\/\/inzain.bike\/wp-content\/uploads\/2022\/11\/G0023196-1536x1009.jpg 1536w, https:\/\/inzain.bike\/wp-content\/uploads\/2022\/11\/G0023196-2048x1346.jpg 2048w, https:\/\/inzain.bike\/wp-content\/uploads\/2022\/11\/G0023196-18x12.jpg 18w, https:\/\/inzain.bike\/wp-content\/uploads\/2022\/11\/G0023196-1320x868.jpg 1320w, https:\/\/inzain.bike\/wp-content\/uploads\/2022\/11\/G0023196-600x394.jpg 600w\" sizes=\"auto, (max-width: 1024px) 100vw, 1024px\" \/><\/figure>\n\n\n\n<p><strong>Preise<\/strong>:<br>Nur Radfahren, kostenlos<br>Basispaket (siehe oben), 2.200 SEK<br>Zuschlag f\u00fcr zus\u00e4tzliche Nacht (siehe oben): 1.800 SEK<br>Kaffee\/Mittagessen auf den Touren bezahlen Sie selbst.<br><\/p>\n\n\n\n<p><strong>Benachrichtigung<\/strong> <strong>Geschlossen<\/strong><\/p>","protected":false},"excerpt":{"rendered":"<p>V\u00e4lkommen till en fantastisk helg med Gravel i Norra Bergslagen N\u00e4r: 29-30 juli 2023.Var: S\u00e4venfors, BergslagenHur: Gravel Camp p\u00e5 fantastiska v\u00e4garSova: Vi bor p\u00e5 S\u00e4venfors Lodge\u00c4ta: Frukost p\u00e5 anl\u00e4ggningen, middag p\u00e5 kv\u00e4llen ing\u00e5r i paketet. Lunch o fika p\u00e5 turerna betalar man sj\u00e4lv.Pris: Eventet i sig \u00e4r kostnadsfritt men vi har ordnat med boendepaket f\u00f6r [&hellip;]<\/p>\n","protected":false},"author":135133094,"featured_media":0,"parent":0,"menu_order":0,"comment_status":"closed","ping_status":"closed","template":"","meta":{"_coblocks_attr":"","_coblocks_dimensions":"","_coblocks_responsive_height":"","_coblocks_accordion_ie_support":"","footnotes":""},"class_list":["post-1986","page","type-page","status-publish","hentry"],"yoast_head":"<!-- This site is optimized with the Yoast SEO plugin v27.2 - https:\/\/yoast.com\/product\/yoast-seo-wordpress\/ -->\n<title>S\u00e4venfors Gravel Camp - INZAIN Cycling EXPERIENCES<\/title>\n<meta name=\"robots\" content=\"index, follow, max-snippet:-1, max-image-preview:large, max-video-preview:-1\" \/>\n<link rel=\"canonical\" href=\"https:\/\/inzain.bike\/de\/savenfors-gravel-camp\/\" \/>\n<meta property=\"og:locale\" content=\"de_DE\" \/>\n<meta property=\"og:type\" content=\"article\" \/>\n<meta property=\"og:title\" content=\"S\u00e4venfors Gravel Camp - INZAIN Cycling EXPERIENCES\" \/>\n<meta property=\"og:description\" content=\"V\u00e4lkommen till en fantastisk helg med Gravel i Norra Bergslagen N\u00e4r: 29-30 juli 2023.Var: S\u00e4venfors, BergslagenHur: Gravel Camp p\u00e5 fantastiska v\u00e4garSova: Vi bor p\u00e5 S\u00e4venfors Lodge\u00c4ta: Frukost p\u00e5 anl\u00e4ggningen, middag p\u00e5 kv\u00e4llen ing\u00e5r i paketet. Lunch o fika p\u00e5 turerna betalar man sj\u00e4lv.Pris: Eventet i sig \u00e4r kostnadsfritt men vi har ordnat med boendepaket f\u00f6r [&hellip;]\" \/>\n<meta property=\"og:url\" content=\"https:\/\/inzain.bike\/de\/savenfors-gravel-camp\/\" \/>\n<meta property=\"og:site_name\" content=\"INZAIN Cycling EXPERIENCES\" \/>\n<meta property=\"article:publisher\" content=\"https:\/\/www.facebook.com\/Inzain.bike\" \/>\n<meta property=\"article:modified_time\" content=\"2023-07-28T07:18:04+00:00\" \/>\n<meta property=\"og:image\" content=\"https:\/\/inzain.bike\/wp-content\/uploads\/2022\/10\/sav3-1024x682.jpg\" \/>\n<meta name=\"twitter:card\" content=\"summary_large_image\" \/>\n<meta name=\"twitter:label1\" content=\"Gesch\u00e4tzte Lesezeit\" \/>\n\t<meta name=\"twitter:data1\" content=\"2\u00a0Minuten\" \/>\n<script type=\"application\/ld+json\" class=\"yoast-schema-graph\">{\"@context\":\"https:\/\/schema.org\",\"@graph\":[{\"@type\":\"WebPage\",\"@id\":\"https:\/\/inzain.bike\/fi\/savenfors-gravel-camp\/\",\"url\":\"https:\/\/inzain.bike\/fi\/savenfors-gravel-camp\/\",\"name\":\"S\u00e4venfors Gravel Camp - INZAIN Cycling EXPERIENCES\",\"isPartOf\":{\"@id\":\"https:\/\/inzain.bike\/fr_be\/#website\"},\"primaryImageOfPage\":{\"@id\":\"https:\/\/inzain.bike\/fi\/savenfors-gravel-camp\/#primaryimage\"},\"image\":{\"@id\":\"https:\/\/inzain.bike\/fi\/savenfors-gravel-camp\/#primaryimage\"},\"thumbnailUrl\":\"https:\/\/inzain.bike\/wp-content\/uploads\/2022\/10\/sav3-1024x682.jpg\",\"datePublished\":\"2022-10-02T16:29:56+00:00\",\"dateModified\":\"2023-07-28T07:18:04+00:00\",\"breadcrumb\":{\"@id\":\"https:\/\/inzain.bike\/fi\/savenfors-gravel-camp\/#breadcrumb\"},\"inLanguage\":\"de\",\"potentialAction\":[{\"@type\":\"ReadAction\",\"target\":[\"https:\/\/inzain.bike\/fi\/savenfors-gravel-camp\/\"]}]},{\"@type\":\"ImageObject\",\"inLanguage\":\"de\",\"@id\":\"https:\/\/inzain.bike\/fi\/savenfors-gravel-camp\/#primaryimage\",\"url\":\"https:\/\/inzain.bike\/wp-content\/uploads\/2022\/10\/sav3-1024x682.jpg\",\"contentUrl\":\"https:\/\/inzain.bike\/wp-content\/uploads\/2022\/10\/sav3-1024x682.jpg\"},{\"@type\":\"BreadcrumbList\",\"@id\":\"https:\/\/inzain.bike\/fi\/savenfors-gravel-camp\/#breadcrumb\",\"itemListElement\":[{\"@type\":\"ListItem\",\"position\":1,\"name\":\"Hem\",\"item\":\"https:\/\/inzain.bike\/fr_be\/\"},{\"@type\":\"ListItem\",\"position\":2,\"name\":\"S\u00e4venfors Gravel Camp\"}]},{\"@type\":\"WebSite\",\"@id\":\"https:\/\/inzain.bike\/fr_be\/#website\",\"url\":\"https:\/\/inzain.bike\/fr_be\/\",\"name\":\"INZAIN Cycling EXPERIENCES\",\"description\":\"Cyckling Adventures  - for everyone\",\"publisher\":{\"@id\":\"https:\/\/inzain.bike\/fr_be\/#organization\"},\"alternateName\":\"INZAIN Gravel & Travel\",\"potentialAction\":[{\"@type\":\"SearchAction\",\"target\":{\"@type\":\"EntryPoint\",\"urlTemplate\":\"https:\/\/inzain.bike\/fr_be\/?s={search_term_string}\"},\"query-input\":{\"@type\":\"PropertyValueSpecification\",\"valueRequired\":true,\"valueName\":\"search_term_string\"}}],\"inLanguage\":\"de\"},{\"@type\":\"Organization\",\"@id\":\"https:\/\/inzain.bike\/fr_be\/#organization\",\"name\":\"INZAIN Cycling EXPERIENCES\",\"url\":\"https:\/\/inzain.bike\/fr_be\/\",\"logo\":{\"@type\":\"ImageObject\",\"inLanguage\":\"de\",\"@id\":\"https:\/\/inzain.bike\/fr_be\/#\/schema\/logo\/image\/\",\"url\":\"https:\/\/i0.wp.com\/inzain.bike\/wp-content\/uploads\/2023\/09\/cropped-INZAIN_512x512_white.png?fit=512%2C512&ssl=1\",\"contentUrl\":\"https:\/\/i0.wp.com\/inzain.bike\/wp-content\/uploads\/2023\/09\/cropped-INZAIN_512x512_white.png?fit=512%2C512&ssl=1\",\"width\":512,\"height\":512,\"caption\":\"INZAIN Cycling EXPERIENCES\"},\"image\":{\"@id\":\"https:\/\/inzain.bike\/fr_be\/#\/schema\/logo\/image\/\"},\"sameAs\":[\"https:\/\/www.facebook.com\/Inzain.bike\",\"https:\/\/www.instagram.com\/inzainbike\"]}]}<\/script>\n<!-- \/ Yoast SEO plugin. -->","yoast_head_json":{"title":"S\u00e4venfors Gravel Camp - INZAIN Cycling EXPERIENCES","robots":{"index":"index","follow":"follow","max-snippet":"max-snippet:-1","max-image-preview":"max-image-preview:large","max-video-preview":"max-video-preview:-1"},"canonical":"https:\/\/inzain.bike\/de\/savenfors-gravel-camp\/","og_locale":"de_DE","og_type":"article","og_title":"S\u00e4venfors Gravel Camp - INZAIN Cycling EXPERIENCES","og_description":"V\u00e4lkommen till en fantastisk helg med Gravel i Norra Bergslagen N\u00e4r: 29-30 juli 2023.Var: S\u00e4venfors, BergslagenHur: Gravel Camp p\u00e5 fantastiska v\u00e4garSova: Vi bor p\u00e5 S\u00e4venfors Lodge\u00c4ta: Frukost p\u00e5 anl\u00e4ggningen, middag p\u00e5 kv\u00e4llen ing\u00e5r i paketet. Lunch o fika p\u00e5 turerna betalar man sj\u00e4lv.Pris: Eventet i sig \u00e4r kostnadsfritt men vi har ordnat med boendepaket f\u00f6r [&hellip;]","og_url":"https:\/\/inzain.bike\/de\/savenfors-gravel-camp\/","og_site_name":"INZAIN Cycling EXPERIENCES","article_publisher":"https:\/\/www.facebook.com\/Inzain.bike","article_modified_time":"2023-07-28T07:18:04+00:00","og_image":[{"url":"https:\/\/inzain.bike\/wp-content\/uploads\/2022\/10\/sav3-1024x682.jpg","type":"","width":"","height":""}],"twitter_card":"summary_large_image","twitter_misc":{"Gesch\u00e4tzte Lesezeit":"2\u00a0Minuten"},"schema":{"@context":"https:\/\/schema.org","@graph":[{"@type":"WebPage","@id":"https:\/\/inzain.bike\/fi\/savenfors-gravel-camp\/","url":"https:\/\/inzain.bike\/fi\/savenfors-gravel-camp\/","name":"S\u00e4venfors Gravel Camp - INZAIN Cycling EXPERIENCES","isPartOf":{"@id":"https:\/\/inzain.bike\/fr_be\/#website"},"primaryImageOfPage":{"@id":"https:\/\/inzain.bike\/fi\/savenfors-gravel-camp\/#primaryimage"},"image":{"@id":"https:\/\/inzain.bike\/fi\/savenfors-gravel-camp\/#primaryimage"},"thumbnailUrl":"https:\/\/inzain.bike\/wp-content\/uploads\/2022\/10\/sav3-1024x682.jpg","datePublished":"2022-10-02T16:29:56+00:00","dateModified":"2023-07-28T07:18:04+00:00","breadcrumb":{"@id":"https:\/\/inzain.bike\/fi\/savenfors-gravel-camp\/#breadcrumb"},"inLanguage":"de","potentialAction":[{"@type":"ReadAction","target":["https:\/\/inzain.bike\/fi\/savenfors-gravel-camp\/"]}]},{"@type":"ImageObject","inLanguage":"de","@id":"https:\/\/inzain.bike\/fi\/savenfors-gravel-camp\/#primaryimage","url":"https:\/\/inzain.bike\/wp-content\/uploads\/2022\/10\/sav3-1024x682.jpg","contentUrl":"https:\/\/inzain.bike\/wp-content\/uploads\/2022\/10\/sav3-1024x682.jpg"},{"@type":"BreadcrumbList","@id":"https:\/\/inzain.bike\/fi\/savenfors-gravel-camp\/#breadcrumb","itemListElement":[{"@type":"ListItem","position":1,"name":"Hem","item":"https:\/\/inzain.bike\/fr_be\/"},{"@type":"ListItem","position":2,"name":"S\u00e4venfors Gravel Camp"}]},{"@type":"WebSite","@id":"https:\/\/inzain.bike\/fr_be\/#website","url":"https:\/\/inzain.bike\/fr_be\/","name":"INZAIN-Raderlebnisse","description":"Radabenteuer \u2013 f\u00fcr jedermann","publisher":{"@id":"https:\/\/inzain.bike\/fr_be\/#organization"},"alternateName":"INZAIN Gravel & Travel","potentialAction":[{"@type":"SearchAction","target":{"@type":"EntryPoint","urlTemplate":"https:\/\/inzain.bike\/fr_be\/?s={search_term_string}"},"query-input":{"@type":"PropertyValueSpecification","valueRequired":true,"valueName":"search_term_string"}}],"inLanguage":"de"},{"@type":"Organization","@id":"https:\/\/inzain.bike\/fr_be\/#organization","name":"INZAIN-Raderlebnisse","url":"https:\/\/inzain.bike\/fr_be\/","logo":{"@type":"ImageObject","inLanguage":"de","@id":"https:\/\/inzain.bike\/fr_be\/#\/schema\/logo\/image\/","url":"https:\/\/i0.wp.com\/inzain.bike\/wp-content\/uploads\/2023\/09\/cropped-INZAIN_512x512_white.png?fit=512%2C512&ssl=1","contentUrl":"https:\/\/i0.wp.com\/inzain.bike\/wp-content\/uploads\/2023\/09\/cropped-INZAIN_512x512_white.png?fit=512%2C512&ssl=1","width":512,"height":512,"caption":"INZAIN Cycling EXPERIENCES"},"image":{"@id":"https:\/\/inzain.bike\/fr_be\/#\/schema\/logo\/image\/"},"sameAs":["https:\/\/www.facebook.com\/Inzain.bike","https:\/\/www.instagram.com\/inzainbike"]}]}},"amp_enabled":true,"_links":{"self":[{"href":"https:\/\/inzain.bike\/de\/wp-json\/wp\/v2\/pages\/1986","targetHints":{"allow":["GET"]}}],"collection":[{"href":"https:\/\/inzain.bike\/de\/wp-json\/wp\/v2\/pages"}],"about":[{"href":"https:\/\/inzain.bike\/de\/wp-json\/wp\/v2\/types\/page"}],"author":[{"embeddable":true,"href":"https:\/\/inzain.bike\/de\/wp-json\/wp\/v2\/users\/135133094"}],"replies":[{"embeddable":true,"href":"https:\/\/inzain.bike\/de\/wp-json\/wp\/v2\/comments?post=1986"}],"version-history":[{"count":0,"href":"https:\/\/inzain.bike\/de\/wp-json\/wp\/v2\/pages\/1986\/revisions"}],"wp:attachment":[{"href":"https:\/\/inzain.bike\/de\/wp-json\/wp\/v2\/media?parent=1986"}],"curies":[{"name":"wp","href":"https:\/\/api.w.org\/{rel}","templated":true}]}}