{"id":291,"date":"2021-04-11T19:09:23","date_gmt":"2021-04-11T17:09:23","guid":{"rendered":"https:\/\/inzain.bike\/?page_id=291"},"modified":"2025-07-26T08:48:22","modified_gmt":"2025-07-26T06:48:22","slug":"kit-att-ha-med-pa-turen","status":"publish","type":"page","link":"https:\/\/inzain.bike\/de\/kit-att-ha-med-pa-turen\/","title":{"rendered":"Kit zum Mitnehmen auf die Reise"},"content":{"rendered":"<p>Es ist nicht immer so einfach, eine Mitfahrgelegenheit oder ein Taxi zu bekommen, besonders wenn man im Wald unterwegs ist. Es kann ein langer Spaziergang sein. Es klappt immer, aber eine Ausr\u00fcstung zur Bew\u00e4ltigung kleinerer Fehler ist eine gute Idee.<\/p>\n\n\n\n<h5 class=\"wp-block-heading\">Sch\u00f6n dabei zu haben:<\/h5>\n\n\n\n<p>Schl\u00e4uche, Pumpe\/CO2, zus\u00e4tzliches Kettenschloss, Kettenbrecher\/Multitool, Team-Patches (Park Tool GP-2-Kit und Klebe- und Sandpapierflicken von Parktool VP-1), zus\u00e4tzliche Ausr\u00fcstungs\u00f6se, einige Kabelbinder. Mit diesem Kit Du kannst die meisten Dinge tun. Ich habe auch etwas Gorillatape, das ich um die CO2-Patrone wickle. Es ist gut, eine Feile f\u00fcr Reifen zu haben. Wenn also das Loch im Reifen repariert werden muss, k\u00f6nnen Sie sie feilen. Ich habe auch ein Werkzeug, um eine Kette mit QL \u00f6ffnen zu k\u00f6nnen. Meines ist Teil eines gr\u00f6\u00dferen Kits, aber es gibt mehrere Optionen.<\/p>\n\n\n\n<p>Wenn Sie TL (Tubeless) verwenden, k\u00f6nnen Sie gerne ein Werkzeug zum Flicken von Reifen mitnehmen. Stans DART ist meiner Erfahrung nach am besten geeignet. Park Tool TB-2C Tire Boot zum Reparieren von Reifen. Eine zus\u00e4tzliche Schraube f\u00fcr SPD-Pedale ist ebenfalls hilfreich, vorzugsweise eine ganze SPD-Schuhplatte, ein 2,5-mm-Inbusschl\u00fcssel f\u00fcr Pedale und ein Torx-Schl\u00fcssel, gut zum \u00d6ffnen abgenutzter Schrauben. Tubolito sind tolle Ersatzschl\u00e4uche. Wenn Sie sie verwenden, denken Sie daran, Reparaturflicken f\u00fcr Tubolito mitzunehmen, normale funktionieren nicht. Ein St\u00fcck Kette und zwei Schnellglieder k\u00f6nnen Probleme mit gerissenen Ketten l\u00f6sen. Ein zus\u00e4tzlicher Ventileinsatz und entsprechendes Werkzeug, z. B. ein Ventileinsatzwerkzeug, sind ebenfalls hilfreich. <\/p>\n\n\n\n<p><\/p>\n\n\n\n<p>Fl\u00fcssigkeit und Energie in irgendeiner Form und bitte (mindestens) einen Snack f\u00fcr unterwegs einplanen. Es teilt die Tour auf und ist sehr sch\u00f6n. Vor allem im Fr\u00fchjahr und Herbst oder beim Klettern in h\u00f6heren Lagen empfiehlt es sich, Verst\u00e4rkung mitzunehmen (als Faustregel gilt, dass es pro 200 H\u00f6henmeter ca. 1 Grad k\u00e4lter wird). Bei Regen oder Gegenwind sind eine w\u00e4rmere M\u00fctze und eine regen-\/winddichte Jacke Gold wert.<\/p>\n\n\n\n<p>Medkit in irgendeiner Form, gut, Antihistaminika sowie Alvedon und Ipren zu haben. Nimmt keinen Platz ein, in der Toskana sind wir in ein Wespennest geradelt, das kann \u00fcberall passieren, Antihistaminikum, ist Gold. Schmerzmittel k\u00f6nnen jemandem helfen, der Schmerzen hat. Besser, dass das Medikamentenset dabei ist, als dass es zu gro\u00df ist. Pflaster, Bandagen, eine Art Antiseptikum, z.B. Mit dieser Leinwand k\u00f6nnen Sie viel erreichen.<\/p>\n\n\n\n<p><\/p>","protected":false},"excerpt":{"rendered":"<p>Det \u00e4r inte alltid s\u00e5 l\u00e4tt f\u00e5 tag p\u00e5 skjuts eller taxi, s\u00e4rskilt inte om du \u00e4r ute i skogen. Det kan bli en l\u00e5ng promenad. Det l\u00f6ser sig alltid, men att ha med utrustning f\u00f6r att klara mindre fel \u00e4r en bra ide. Bra att ha med sig: Slang(ar), pump\/Co2, extra kedjel\u00e5s, kedjebrytare\/Multitool, laglappar(Park [&hellip;]<\/p>\n","protected":false},"author":135133094,"featured_media":0,"parent":0,"menu_order":0,"comment_status":"closed","ping_status":"closed","template":"","meta":{"_coblocks_attr":"","_coblocks_dimensions":"","_coblocks_responsive_height":"","_coblocks_accordion_ie_support":"","footnotes":""},"class_list":["post-291","page","type-page","status-publish","hentry"],"yoast_head":"<!-- This site is optimized with the Yoast SEO plugin v27.2 - https:\/\/yoast.com\/product\/yoast-seo-wordpress\/ -->\n<title>Kit att ha med p\u00e5 turen - INZAIN Cycling EXPERIENCES<\/title>\n<meta name=\"robots\" content=\"index, follow, max-snippet:-1, max-image-preview:large, max-video-preview:-1\" \/>\n<link rel=\"canonical\" href=\"https:\/\/inzain.bike\/de\/kit-att-ha-med-pa-turen\/\" \/>\n<meta property=\"og:locale\" content=\"de_DE\" \/>\n<meta property=\"og:type\" content=\"article\" \/>\n<meta property=\"og:title\" content=\"Kit att ha med p\u00e5 turen - INZAIN Cycling EXPERIENCES\" \/>\n<meta property=\"og:description\" content=\"Det \u00e4r inte alltid s\u00e5 l\u00e4tt f\u00e5 tag p\u00e5 skjuts eller taxi, s\u00e4rskilt inte om du \u00e4r ute i skogen. Det kan bli en l\u00e5ng promenad. Det l\u00f6ser sig alltid, men att ha med utrustning f\u00f6r att klara mindre fel \u00e4r en bra ide. Bra att ha med sig: Slang(ar), pump\/Co2, extra kedjel\u00e5s, kedjebrytare\/Multitool, laglappar(Park [&hellip;]\" \/>\n<meta property=\"og:url\" content=\"https:\/\/inzain.bike\/de\/kit-att-ha-med-pa-turen\/\" \/>\n<meta property=\"og:site_name\" content=\"INZAIN Cycling EXPERIENCES\" \/>\n<meta property=\"article:publisher\" content=\"https:\/\/www.facebook.com\/Inzain.bike\" \/>\n<meta property=\"article:modified_time\" content=\"2025-07-26T06:48:22+00:00\" \/>\n<meta name=\"twitter:card\" content=\"summary_large_image\" \/>\n<meta name=\"twitter:label1\" content=\"Gesch\u00e4tzte Lesezeit\" \/>\n\t<meta name=\"twitter:data1\" content=\"2\u00a0Minuten\" \/>\n<script type=\"application\/ld+json\" class=\"yoast-schema-graph\">{\"@context\":\"https:\/\/schema.org\",\"@graph\":[{\"@type\":\"WebPage\",\"@id\":\"https:\/\/inzain.bike\/sv_se\/kit-att-ha-med-pa-turen\/\",\"url\":\"https:\/\/inzain.bike\/sv_se\/kit-att-ha-med-pa-turen\/\",\"name\":\"Kit att ha med p\u00e5 turen - INZAIN Cycling EXPERIENCES\",\"isPartOf\":{\"@id\":\"https:\/\/inzain.bike\/fr_be\/#website\"},\"datePublished\":\"2021-04-11T17:09:23+00:00\",\"dateModified\":\"2025-07-26T06:48:22+00:00\",\"breadcrumb\":{\"@id\":\"https:\/\/inzain.bike\/sv_se\/kit-att-ha-med-pa-turen\/#breadcrumb\"},\"inLanguage\":\"de\",\"potentialAction\":[{\"@type\":\"ReadAction\",\"target\":[\"https:\/\/inzain.bike\/sv_se\/kit-att-ha-med-pa-turen\/\"]}]},{\"@type\":\"BreadcrumbList\",\"@id\":\"https:\/\/inzain.bike\/sv_se\/kit-att-ha-med-pa-turen\/#breadcrumb\",\"itemListElement\":[{\"@type\":\"ListItem\",\"position\":1,\"name\":\"Hem\",\"item\":\"https:\/\/inzain.bike\/fr_be\/\"},{\"@type\":\"ListItem\",\"position\":2,\"name\":\"Kit att ha med p\u00e5 turen\"}]},{\"@type\":\"WebSite\",\"@id\":\"https:\/\/inzain.bike\/fr_be\/#website\",\"url\":\"https:\/\/inzain.bike\/fr_be\/\",\"name\":\"INZAIN Cycling EXPERIENCES\",\"description\":\"Cyckling Adventures  - for everyone\",\"publisher\":{\"@id\":\"https:\/\/inzain.bike\/fr_be\/#organization\"},\"alternateName\":\"INZAIN Gravel & Travel\",\"potentialAction\":[{\"@type\":\"SearchAction\",\"target\":{\"@type\":\"EntryPoint\",\"urlTemplate\":\"https:\/\/inzain.bike\/fr_be\/?s={search_term_string}\"},\"query-input\":{\"@type\":\"PropertyValueSpecification\",\"valueRequired\":true,\"valueName\":\"search_term_string\"}}],\"inLanguage\":\"de\"},{\"@type\":\"Organization\",\"@id\":\"https:\/\/inzain.bike\/fr_be\/#organization\",\"name\":\"INZAIN Cycling EXPERIENCES\",\"url\":\"https:\/\/inzain.bike\/fr_be\/\",\"logo\":{\"@type\":\"ImageObject\",\"inLanguage\":\"de\",\"@id\":\"https:\/\/inzain.bike\/fr_be\/#\/schema\/logo\/image\/\",\"url\":\"https:\/\/i0.wp.com\/inzain.bike\/wp-content\/uploads\/2023\/09\/cropped-INZAIN_512x512_white.png?fit=512%2C512&ssl=1\",\"contentUrl\":\"https:\/\/i0.wp.com\/inzain.bike\/wp-content\/uploads\/2023\/09\/cropped-INZAIN_512x512_white.png?fit=512%2C512&ssl=1\",\"width\":512,\"height\":512,\"caption\":\"INZAIN Cycling EXPERIENCES\"},\"image\":{\"@id\":\"https:\/\/inzain.bike\/fr_be\/#\/schema\/logo\/image\/\"},\"sameAs\":[\"https:\/\/www.facebook.com\/Inzain.bike\",\"https:\/\/www.instagram.com\/inzainbike\"]}]}<\/script>\n<!-- \/ Yoast SEO plugin. -->","yoast_head_json":{"title":"Ausr\u00fcstung f\u00fcr die Tour - INZAIN Cycling EXPERIENCES","robots":{"index":"index","follow":"follow","max-snippet":"max-snippet:-1","max-image-preview":"max-image-preview:large","max-video-preview":"max-video-preview:-1"},"canonical":"https:\/\/inzain.bike\/de\/kit-att-ha-med-pa-turen\/","og_locale":"de_DE","og_type":"article","og_title":"Kit att ha med p\u00e5 turen - INZAIN Cycling EXPERIENCES","og_description":"Det \u00e4r inte alltid s\u00e5 l\u00e4tt f\u00e5 tag p\u00e5 skjuts eller taxi, s\u00e4rskilt inte om du \u00e4r ute i skogen. Det kan bli en l\u00e5ng promenad. Det l\u00f6ser sig alltid, men att ha med utrustning f\u00f6r att klara mindre fel \u00e4r en bra ide. Bra att ha med sig: Slang(ar), pump\/Co2, extra kedjel\u00e5s, kedjebrytare\/Multitool, laglappar(Park [&hellip;]","og_url":"https:\/\/inzain.bike\/de\/kit-att-ha-med-pa-turen\/","og_site_name":"INZAIN Cycling EXPERIENCES","article_publisher":"https:\/\/www.facebook.com\/Inzain.bike","article_modified_time":"2025-07-26T06:48:22+00:00","twitter_card":"summary_large_image","twitter_misc":{"Gesch\u00e4tzte Lesezeit":"2\u00a0Minuten"},"schema":{"@context":"https:\/\/schema.org","@graph":[{"@type":"WebPage","@id":"https:\/\/inzain.bike\/sv_se\/kit-att-ha-med-pa-turen\/","url":"https:\/\/inzain.bike\/sv_se\/kit-att-ha-med-pa-turen\/","name":"Ausr\u00fcstung f\u00fcr die Tour - INZAIN Cycling EXPERIENCES","isPartOf":{"@id":"https:\/\/inzain.bike\/fr_be\/#website"},"datePublished":"2021-04-11T17:09:23+00:00","dateModified":"2025-07-26T06:48:22+00:00","breadcrumb":{"@id":"https:\/\/inzain.bike\/sv_se\/kit-att-ha-med-pa-turen\/#breadcrumb"},"inLanguage":"de","potentialAction":[{"@type":"ReadAction","target":["https:\/\/inzain.bike\/sv_se\/kit-att-ha-med-pa-turen\/"]}]},{"@type":"BreadcrumbList","@id":"https:\/\/inzain.bike\/sv_se\/kit-att-ha-med-pa-turen\/#breadcrumb","itemListElement":[{"@type":"ListItem","position":1,"name":"Hem","item":"https:\/\/inzain.bike\/fr_be\/"},{"@type":"ListItem","position":2,"name":"Kit att ha med p\u00e5 turen"}]},{"@type":"WebSite","@id":"https:\/\/inzain.bike\/fr_be\/#website","url":"https:\/\/inzain.bike\/fr_be\/","name":"INZAIN-Raderlebnisse","description":"Radabenteuer \u2013 f\u00fcr jedermann","publisher":{"@id":"https:\/\/inzain.bike\/fr_be\/#organization"},"alternateName":"INZAIN Gravel & Travel","potentialAction":[{"@type":"SearchAction","target":{"@type":"EntryPoint","urlTemplate":"https:\/\/inzain.bike\/fr_be\/?s={search_term_string}"},"query-input":{"@type":"PropertyValueSpecification","valueRequired":true,"valueName":"search_term_string"}}],"inLanguage":"de"},{"@type":"Organization","@id":"https:\/\/inzain.bike\/fr_be\/#organization","name":"INZAIN-Raderlebnisse","url":"https:\/\/inzain.bike\/fr_be\/","logo":{"@type":"ImageObject","inLanguage":"de","@id":"https:\/\/inzain.bike\/fr_be\/#\/schema\/logo\/image\/","url":"https:\/\/i0.wp.com\/inzain.bike\/wp-content\/uploads\/2023\/09\/cropped-INZAIN_512x512_white.png?fit=512%2C512&ssl=1","contentUrl":"https:\/\/i0.wp.com\/inzain.bike\/wp-content\/uploads\/2023\/09\/cropped-INZAIN_512x512_white.png?fit=512%2C512&ssl=1","width":512,"height":512,"caption":"INZAIN Cycling EXPERIENCES"},"image":{"@id":"https:\/\/inzain.bike\/fr_be\/#\/schema\/logo\/image\/"},"sameAs":["https:\/\/www.facebook.com\/Inzain.bike","https:\/\/www.instagram.com\/inzainbike"]}]}},"amp_enabled":true,"_links":{"self":[{"href":"https:\/\/inzain.bike\/de\/wp-json\/wp\/v2\/pages\/291","targetHints":{"allow":["GET"]}}],"collection":[{"href":"https:\/\/inzain.bike\/de\/wp-json\/wp\/v2\/pages"}],"about":[{"href":"https:\/\/inzain.bike\/de\/wp-json\/wp\/v2\/types\/page"}],"author":[{"embeddable":true,"href":"https:\/\/inzain.bike\/de\/wp-json\/wp\/v2\/users\/135133094"}],"replies":[{"embeddable":true,"href":"https:\/\/inzain.bike\/de\/wp-json\/wp\/v2\/comments?post=291"}],"version-history":[{"count":1,"href":"https:\/\/inzain.bike\/de\/wp-json\/wp\/v2\/pages\/291\/revisions"}],"predecessor-version":[{"id":8293,"href":"https:\/\/inzain.bike\/de\/wp-json\/wp\/v2\/pages\/291\/revisions\/8293"}],"wp:attachment":[{"href":"https:\/\/inzain.bike\/de\/wp-json\/wp\/v2\/media?parent=291"}],"curies":[{"name":"wp","href":"https:\/\/api.w.org\/{rel}","templated":true}]}}