{"id":3777,"date":"2023-10-25T19:38:23","date_gmt":"2023-10-25T17:38:23","guid":{"rendered":"https:\/\/inzain.bike\/?page_id=3777"},"modified":"2024-03-03T11:12:33","modified_gmt":"2024-03-03T10:12:33","slug":"aktiviteter","status":"publish","type":"page","link":"https:\/\/inzain.bike\/de\/aktiviteter\/","title":{"rendered":"Stockholmer Aktivit\u00e4ten"},"content":{"rendered":"<div class=\"wp-block-columns alignwide is-layout-flex wp-container-core-columns-is-layout-28f84493 wp-block-columns-is-layout-flex\">\n<div class=\"wp-block-column is-layout-flow wp-block-column-is-layout-flow\">\n<p><strong>Einkaufen<\/strong><\/p>\n\n\n\n<p>In Stockholm gibt es viele gute Einkaufsm\u00f6glichkeiten. Es ist relativ konzentriert um einige zentral gelegene Stra\u00dfen herum. Wir k\u00f6nnen Ihnen eine passende Route durch die Stadt vorschlagen, die uns zu den wichtigsten Teilen f\u00fchrt. Siehe Bild! Beginnen Sie bei Stureplan und enden Sie bei \u00d6stermalmshallen. Entlang des Weges gibt es auch mehrere gute Restaurants und \u201eWasserstellen\u201c, die sowohl Hunger als auch Durst stillen.<\/p>\n\n\n\n<figure class=\"wp-block-image size-full\"><img loading=\"lazy\" decoding=\"async\" width=\"1023\" height=\"699\" src=\"https:\/\/inzain.bike\/wp-content\/uploads\/2023\/11\/Shopping.png\" alt=\"\" class=\"wp-image-4331\" srcset=\"https:\/\/inzain.bike\/wp-content\/uploads\/2023\/11\/Shopping.png 1023w, https:\/\/inzain.bike\/wp-content\/uploads\/2023\/11\/Shopping-300x205.png 300w, https:\/\/inzain.bike\/wp-content\/uploads\/2023\/11\/Shopping-768x525.png 768w, https:\/\/inzain.bike\/wp-content\/uploads\/2023\/11\/Shopping-18x12.png 18w, https:\/\/inzain.bike\/wp-content\/uploads\/2023\/11\/Shopping-600x410.png 600w\" sizes=\"auto, (max-width: 1023px) 100vw, 1023px\" \/><\/figure>\n<\/div>\n<\/div>\n\n\n\n<div class=\"wp-block-columns alignwide is-layout-flex wp-container-core-columns-is-layout-28f84493 wp-block-columns-is-layout-flex\">\n<div class=\"wp-block-column is-layout-flow wp-block-column-is-layout-flow\">\n<p><strong>Essen<\/strong><br><br>Heute gibt es in Stockholm viele Restaurants, die im Guide Michelin erw\u00e4hnt werden. Ein 3-Sterne-Restaurant, zwei 2-Sterne-Restaurants, sechs mit 1 Stern und sieben mit der Auszeichnung \u201eBib Gourmand\u201c oder \u201eGutes Essen zu einem vern\u00fcnftigen Preis\u201c<\/p>\n\n\n\n<figure class=\"wp-block-image size-full\"><img loading=\"lazy\" decoding=\"async\" width=\"1024\" height=\"601\" src=\"https:\/\/inzain.bike\/wp-content\/uploads\/2023\/11\/Michelin.webp\" alt=\"\" class=\"wp-image-4328\" srcset=\"https:\/\/inzain.bike\/wp-content\/uploads\/2023\/11\/Michelin.webp 1024w, https:\/\/inzain.bike\/wp-content\/uploads\/2023\/11\/Michelin-300x176.webp 300w, https:\/\/inzain.bike\/wp-content\/uploads\/2023\/11\/Michelin-768x451.webp 768w, https:\/\/inzain.bike\/wp-content\/uploads\/2023\/11\/Michelin-18x12.webp 18w, https:\/\/inzain.bike\/wp-content\/uploads\/2023\/11\/Michelin-600x352.webp 600w\" sizes=\"auto, (max-width: 1024px) 100vw, 1024px\" \/><\/figure>\n<\/div>\n<\/div>\n\n\n\n<div class=\"wp-block-columns alignwide is-layout-flex wp-container-core-columns-is-layout-28f84493 wp-block-columns-is-layout-flex\">\n<div class=\"wp-block-column is-layout-flow wp-block-column-is-layout-flow\">\n<p><strong>Geschichte<\/strong><\/p>\n\n\n\n<p>Stockholm wurde 1187 gegr\u00fcndet und der \u00e4lteste bebaute Teil hie\u00df Stadsholmen. Es handelt sich im Grunde genommen um dieselbe kleine Insel oder Insel, die die Altstadt von Stockholm heute ist. Aus dieser Zeit sind keine Geb\u00e4ude mehr erhalten, aber das \u00e4lteste erhaltene Geb\u00e4ude ist die Storkyrkan aus dem Jahr 1306. Von Anfang an war Stockholm haupts\u00e4chlich ein Handelszentrum f\u00fcr Waren, das von H\u00e4ndlern aus Deutschland betrieben wurde. Im Jahr 1436 erhielt Stockholm seine Stadtprivilegien, was auch den Beginn der Stockholmer Hauptstadt als Hauptstadt markierte. Mitte des 15. Jahrhunderts lebten etwa 5.000 bis 6.000 Menschen in der Stadt.<\/p>\n\n\n\n<div class=\"wp-block-columns is-layout-flex wp-container-core-columns-is-layout-28f84493 wp-block-columns-is-layout-flex\">\n<div class=\"wp-block-column is-layout-flow wp-block-column-is-layout-flow\">\n<figure class=\"wp-block-gallery has-nested-images columns-default is-cropped wp-block-gallery-1 is-layout-flex wp-block-gallery-is-layout-flex\">\n<figure class=\"wp-block-image size-large\"><img loading=\"lazy\" decoding=\"async\" width=\"1024\" height=\"670\" data-id=\"4340\" src=\"https:\/\/inzain.bike\/wp-content\/uploads\/2023\/11\/GamlaStan-2.webp\" alt=\"\" class=\"wp-image-4340\" srcset=\"https:\/\/inzain.bike\/wp-content\/uploads\/2023\/11\/GamlaStan-2.webp 1024w, https:\/\/inzain.bike\/wp-content\/uploads\/2023\/11\/GamlaStan-2-300x196.webp 300w, https:\/\/inzain.bike\/wp-content\/uploads\/2023\/11\/GamlaStan-2-768x503.webp 768w, https:\/\/inzain.bike\/wp-content\/uploads\/2023\/11\/GamlaStan-2-18x12.webp 18w, https:\/\/inzain.bike\/wp-content\/uploads\/2023\/11\/GamlaStan-2-600x393.webp 600w\" sizes=\"auto, (max-width: 1024px) 100vw, 1024px\" \/><\/figure>\n\n\n\n<figure class=\"wp-block-image size-large\"><img loading=\"lazy\" decoding=\"async\" width=\"833\" height=\"639\" data-id=\"4336\" src=\"https:\/\/inzain.bike\/wp-content\/uploads\/2023\/11\/Hist1-1.png\" alt=\"\" class=\"wp-image-4336\" srcset=\"https:\/\/inzain.bike\/wp-content\/uploads\/2023\/11\/Hist1-1.png 833w, https:\/\/inzain.bike\/wp-content\/uploads\/2023\/11\/Hist1-1-300x230.png 300w, https:\/\/inzain.bike\/wp-content\/uploads\/2023\/11\/Hist1-1-768x589.png 768w, https:\/\/inzain.bike\/wp-content\/uploads\/2023\/11\/Hist1-1-16x12.png 16w, https:\/\/inzain.bike\/wp-content\/uploads\/2023\/11\/Hist1-1-600x460.png 600w\" sizes=\"auto, (max-width: 833px) 100vw, 833px\" \/><\/figure>\n\n\n\n<figure class=\"wp-block-image size-large\"><img loading=\"lazy\" decoding=\"async\" width=\"844\" height=\"562\" data-id=\"4330\" src=\"https:\/\/inzain.bike\/wp-content\/uploads\/2023\/11\/Olympia.png\" alt=\"\" class=\"wp-image-4330\" srcset=\"https:\/\/inzain.bike\/wp-content\/uploads\/2023\/11\/Olympia.png 844w, https:\/\/inzain.bike\/wp-content\/uploads\/2023\/11\/Olympia-300x200.png 300w, https:\/\/inzain.bike\/wp-content\/uploads\/2023\/11\/Olympia-768x511.png 768w, https:\/\/inzain.bike\/wp-content\/uploads\/2023\/11\/Olympia-18x12.png 18w, https:\/\/inzain.bike\/wp-content\/uploads\/2023\/11\/Olympia-600x400.png 600w\" sizes=\"auto, (max-width: 844px) 100vw, 844px\" \/><\/figure>\n\n\n\n<figure class=\"wp-block-image size-large\"><img loading=\"lazy\" decoding=\"async\" width=\"956\" height=\"679\" data-id=\"4326\" src=\"https:\/\/inzain.bike\/wp-content\/uploads\/2023\/11\/Hist3.png\" alt=\"\" class=\"wp-image-4326\" srcset=\"https:\/\/inzain.bike\/wp-content\/uploads\/2023\/11\/Hist3.png 956w, https:\/\/inzain.bike\/wp-content\/uploads\/2023\/11\/Hist3-300x213.png 300w, https:\/\/inzain.bike\/wp-content\/uploads\/2023\/11\/Hist3-768x545.png 768w, https:\/\/inzain.bike\/wp-content\/uploads\/2023\/11\/Hist3-18x12.png 18w, https:\/\/inzain.bike\/wp-content\/uploads\/2023\/11\/Hist3-600x426.png 600w\" sizes=\"auto, (max-width: 956px) 100vw, 956px\" \/><\/figure>\n\n\n\n<figure class=\"wp-block-image size-large\"><img loading=\"lazy\" decoding=\"async\" width=\"1023\" height=\"744\" data-id=\"4325\" src=\"https:\/\/inzain.bike\/wp-content\/uploads\/2023\/11\/Hist2.webp\" alt=\"\" class=\"wp-image-4325\" srcset=\"https:\/\/inzain.bike\/wp-content\/uploads\/2023\/11\/Hist2.webp 1023w, https:\/\/inzain.bike\/wp-content\/uploads\/2023\/11\/Hist2-300x218.webp 300w, https:\/\/inzain.bike\/wp-content\/uploads\/2023\/11\/Hist2-768x559.webp 768w, https:\/\/inzain.bike\/wp-content\/uploads\/2023\/11\/Hist2-18x12.webp 18w, https:\/\/inzain.bike\/wp-content\/uploads\/2023\/11\/Hist2-600x436.webp 600w\" sizes=\"auto, (max-width: 1023px) 100vw, 1023px\" \/><\/figure>\n<\/figure>\n<\/div>\n<\/div>\n<\/div>\n<\/div>\n\n\n\n<div class=\"wp-block-columns alignwide is-layout-flex wp-container-core-columns-is-layout-28f84493 wp-block-columns-is-layout-flex\">\n<div class=\"wp-block-column is-layout-flow wp-block-column-is-layout-flow\">\n<p>W\u00e4hrend der Supermachtzeit begann in Stockholm die Stadtplanung in gr\u00f6\u00dferem Ma\u00dfstab, die Stadt wuchs dann haupts\u00e4chlich nach Norden in Richtung Norrmalm. Zur Zeit Gustavs III. erlebte die Kultur unter anderem durch die Gr\u00fcndung der Akademie der K\u00fcnste und der K\u00f6niglichen Oper einen Aufschwung. <\/p>\n<\/div>\n<\/div>\n\n\n\n<div class=\"wp-block-columns alignwide is-layout-flex wp-container-core-columns-is-layout-28f84493 wp-block-columns-is-layout-flex\">\n<div class=\"wp-block-column is-layout-flow wp-block-column-is-layout-flow\">\n<p>Im 19. Jahrhundert setzte die Industrialisierung ein und in der Mitte des Jahrhunderts, im Jahr 1850, betrug die Bev\u00f6lkerungszahl 93.000, um 1885 schnell auf 216.000 anzuwachsen. Die Stadt musste erweitert werden, und das geschah gleichzeitig durch den Bau einer Eisenbahn, Strom- und Wasserversorgung und Gaswerke.<\/p>\n<\/div>\n<\/div>\n\n\n\n<div class=\"wp-block-columns alignwide is-layout-flex wp-container-core-columns-is-layout-28f84493 wp-block-columns-is-layout-flex\">\n<div class=\"wp-block-column is-layout-flow wp-block-column-is-layout-flow\">\n<p>Im Jahr 1912 fanden in Stockholm die Olympischen Spiele statt und das Olympiastadion ist noch heute aus dieser Zeit zu besichtigen. Heute ist Stockholm eine Stadt mit 2,4 Millionen Einwohnern im Gro\u00dfraum.<\/p>\n<\/div>\n<\/div>\n\n\n\n<div class=\"wp-block-columns alignwide is-layout-flex wp-container-core-columns-is-layout-28f84493 wp-block-columns-is-layout-flex\">\n<div class=\"wp-block-column is-layout-flow wp-block-column-is-layout-flow\">\n<p><strong>Kultur<\/strong><\/p>\n\n\n\n<p>In Stockholm gibt es eine unglaubliche Auswahl an Museen und anderen kulturellen Einrichtungen. Es gibt rund 70 Museen und zu den beliebtesten z\u00e4hlen das Freilichtmuseum Skansen und das Vasa-Museum mit der weltweit einzigen erhaltenen Galeone aus dem 17. Jahrhundert. F\u00fcr Kunstinteressierte empfiehlt sich das Moderne Museum, f\u00fcr Literaturinteressierte ein Besuch in der K\u00f6niglichen Bibliothek, in der unter anderem die \u201eDj\u00e4vulsbibeln\u201c ausgestellt sind.<\/p>\n\n\n\n<figure class=\"wp-block-image aligncenter size-full\"><img loading=\"lazy\" decoding=\"async\" width=\"665\" height=\"429\" src=\"https:\/\/inzain.bike\/wp-content\/uploads\/2023\/11\/Moderna.png\" alt=\"\" class=\"wp-image-4329\" srcset=\"https:\/\/inzain.bike\/wp-content\/uploads\/2023\/11\/Moderna.png 665w, https:\/\/inzain.bike\/wp-content\/uploads\/2023\/11\/Moderna-300x194.png 300w, https:\/\/inzain.bike\/wp-content\/uploads\/2023\/11\/Moderna-18x12.png 18w, https:\/\/inzain.bike\/wp-content\/uploads\/2023\/11\/Moderna-600x387.png 600w\" sizes=\"auto, (max-width: 665px) 100vw, 665px\" \/><\/figure>\n<\/div>\n<\/div>\n\n\n\n<div class=\"wp-block-columns alignwide is-layout-flex wp-container-core-columns-is-layout-28f84493 wp-block-columns-is-layout-flex\">\n<div class=\"wp-block-column is-layout-flow wp-block-column-is-layout-flow\">\n<p><strong>Der Spa\u00df<\/strong><\/p>\n\n\n\n<p>Das Unterhaltungsangebot in Stockholm ist vielf\u00e4ltig. J\u00e4hrlich finden mehrere (oft ausverkaufte) Konzerte in- und ausl\u00e4ndischer K\u00fcnstler statt. Nat\u00fcrlich gibt es Nachtclubs und \u00e4hnliche Einrichtungen mit allen erdenklichen Musikrichtungen, aber was man mit Stockholm vielleicht am meisten verbindet, ist die Bandbreite des Jazz. Es gibt mehrere kleine Jazzclubs zur Auswahl, und es ist sehr wahrscheinlich, dass w\u00e4hrend Ihres Aufenthalts in der Stadt Konzerte stattfinden. Suchen Sie nach einer Auswahl im Faching, Stampen, Glenn Miller Caf\u00e9 oder vielleicht im African Jazz Club im Hotel Hellsten ...<\/p>\n<\/div>\n<\/div>\n\n\n\n<figure class=\"wp-block-image size-full\"><img loading=\"lazy\" decoding=\"async\" width=\"1023\" height=\"377\" src=\"https:\/\/inzain.bike\/wp-content\/uploads\/2023\/11\/Jazz-1.webp\" alt=\"\" class=\"wp-image-4343\" srcset=\"https:\/\/inzain.bike\/wp-content\/uploads\/2023\/11\/Jazz-1.webp 1023w, https:\/\/inzain.bike\/wp-content\/uploads\/2023\/11\/Jazz-1-300x111.webp 300w, https:\/\/inzain.bike\/wp-content\/uploads\/2023\/11\/Jazz-1-768x283.webp 768w, https:\/\/inzain.bike\/wp-content\/uploads\/2023\/11\/Jazz-1-18x7.webp 18w, https:\/\/inzain.bike\/wp-content\/uploads\/2023\/11\/Jazz-1-600x221.webp 600w\" sizes=\"auto, (max-width: 1023px) 100vw, 1023px\" \/><\/figure>\n\n\n\n<div class=\"wp-block-columns alignwide is-layout-flex wp-container-core-columns-is-layout-28f84493 wp-block-columns-is-layout-flex\">\n<div class=\"wp-block-column is-layout-flow wp-block-column-is-layout-flow\">\n<p><strong>Natur<\/strong><\/p>\n\n\n\n<p>Wo auch immer Sie in Stockholm hingehen, die Natur ist immer nah. Sie werden entdecken, wie schnell wir die st\u00e4dtische Umgebung verlassen k\u00f6nnen, nur um wenige Minuten sp\u00e4ter W\u00e4lder und Stra\u00dfen v\u00f6llig leer von Autos und Menschen vorzufinden. Selbst auf dem Seeweg ist es naturnah, insbesondere von dem Ort aus, den wir f\u00fcr die erste H\u00e4lfte der Woche ausgew\u00e4hlt haben. Vom Ellery Beach House aus sind Sie mit einem schnellen RIB in 30 Minuten drau\u00dfen im \u00e4u\u00dferen Archipel. Die n\u00e4chste Station in dieser Richtung ist dann Russland \ud83d\ude09 .<\/p>\n<\/div>\n<\/div>\n\n\n\n<figure class=\"wp-block-image size-full is-resized\"><img loading=\"lazy\" decoding=\"async\" width=\"571\" height=\"279\" src=\"https:\/\/inzain.bike\/wp-content\/uploads\/2023\/11\/image-1.png\" alt=\"\" class=\"wp-image-4346\" style=\"width:700px;height:auto\" srcset=\"https:\/\/inzain.bike\/wp-content\/uploads\/2023\/11\/image-1.png 571w, https:\/\/inzain.bike\/wp-content\/uploads\/2023\/11\/image-1-300x147.png 300w, https:\/\/inzain.bike\/wp-content\/uploads\/2023\/11\/image-1-18x9.png 18w\" sizes=\"auto, (max-width: 571px) 100vw, 571px\" \/><\/figure>\n\n\n\n<figure class=\"wp-block-image size-large is-resized\"><img loading=\"lazy\" decoding=\"async\" width=\"1024\" height=\"497\" src=\"https:\/\/inzain.bike\/wp-content\/uploads\/2023\/10\/image-14-1024x497.png\" alt=\"\" class=\"wp-image-3846\" style=\"width:701px;height:auto\" srcset=\"https:\/\/inzain.bike\/wp-content\/uploads\/2023\/10\/image-14-1024x497.png 1024w, https:\/\/inzain.bike\/wp-content\/uploads\/2023\/10\/image-14-300x146.png 300w, https:\/\/inzain.bike\/wp-content\/uploads\/2023\/10\/image-14-768x373.png 768w, https:\/\/inzain.bike\/wp-content\/uploads\/2023\/10\/image-14-18x9.png 18w, https:\/\/inzain.bike\/wp-content\/uploads\/2023\/10\/image-14-1320x641.png 1320w, https:\/\/inzain.bike\/wp-content\/uploads\/2023\/10\/image-14-600x291.png 600w, https:\/\/inzain.bike\/wp-content\/uploads\/2023\/10\/image-14.png 1506w\" sizes=\"auto, (max-width: 1024px) 100vw, 1024px\" \/><\/figure>\n\n\n\n<p><\/p>\n\n\n\n<div class=\"wp-block-columns alignwide is-layout-flex wp-container-core-columns-is-layout-28f84493 wp-block-columns-is-layout-flex\">\n<div class=\"wp-block-column is-layout-flow wp-block-column-is-layout-flow\">\n<p>Wenn das Wetter es zul\u00e4sst, veranstalten wir ein Nachtradfahren. Dann kommen wir der Tierwelt ganz nah. H\u00f6chstwahrscheinlich werden wir auf unserer Reise in die D\u00e4mmerung Rehe, F\u00fcchse, Hasen, Wildschweine, Hirsche und vielleicht sogar einen Elch sehen k\u00f6nnen \u2026 \u2026 wo wir auch die Feen \u00fcber die Felder tanzen sehen, kurz bevor die Sonne wieder aufgeht die Nacht beiseite lassen.<\/p>\n<\/div>\n<\/div>\n\n\n\n<div class=\"wp-block-columns alignwide is-layout-flex wp-container-core-columns-is-layout-28f84493 wp-block-columns-is-layout-flex\">\n<div class=\"wp-block-column is-layout-flow wp-block-column-is-layout-flow\"><\/div>\n\n\n\n<div class=\"wp-block-column is-layout-flow wp-block-column-is-layout-flow\"><\/div>\n<\/div>\n\n\n\n<p><\/p>","protected":false},"excerpt":{"rendered":"<p>Shopping Det finns gott om bra shopping i Stockholm. Den \u00e4r relativt koncentrerad runt ett antal centralt bel\u00e4gna gator. Vi kan f\u00f6rsl\u00e5 en l\u00e4mplig rutt runt stan som tar oss runt de v\u00e4sentligaste delarna. se bild! B\u00f6rja vid Stureplan och avsluta vid \u00d6stermalmshallen. L\u00e4ngs v\u00e4gen finns ocks\u00e5 flera bra restauranger och &#8220;vattenh\u00e5l&#8221; f\u00f6r att sl\u00e4cka [&hellip;]<\/p>\n","protected":false},"author":135133094,"featured_media":0,"parent":0,"menu_order":0,"comment_status":"closed","ping_status":"closed","template":"","meta":{"_coblocks_attr":"Roboto","_coblocks_dimensions":"","_coblocks_responsive_height":"","_coblocks_accordion_ie_support":"","footnotes":""},"class_list":["post-3777","page","type-page","status-publish","hentry"],"yoast_head":"<!-- This site is optimized with the Yoast SEO plugin v27.2 - https:\/\/yoast.com\/product\/yoast-seo-wordpress\/ -->\n<title>Stockholm Aktiviteter - INZAIN Cycling EXPERIENCES<\/title>\n<meta name=\"robots\" content=\"index, follow, max-snippet:-1, max-image-preview:large, max-video-preview:-1\" \/>\n<link rel=\"canonical\" href=\"https:\/\/inzain.bike\/de\/aktiviteter\/\" \/>\n<meta property=\"og:locale\" content=\"de_DE\" \/>\n<meta property=\"og:type\" content=\"article\" \/>\n<meta property=\"og:title\" content=\"Stockholm Aktiviteter - INZAIN Cycling EXPERIENCES\" \/>\n<meta property=\"og:description\" content=\"Shopping Det finns gott om bra shopping i Stockholm. Den \u00e4r relativt koncentrerad runt ett antal centralt bel\u00e4gna gator. Vi kan f\u00f6rsl\u00e5 en l\u00e4mplig rutt runt stan som tar oss runt de v\u00e4sentligaste delarna. se bild! B\u00f6rja vid Stureplan och avsluta vid \u00d6stermalmshallen. L\u00e4ngs v\u00e4gen finns ocks\u00e5 flera bra restauranger och &#8220;vattenh\u00e5l&#8221; f\u00f6r att sl\u00e4cka [&hellip;]\" \/>\n<meta property=\"og:url\" content=\"https:\/\/inzain.bike\/de\/aktiviteter\/\" \/>\n<meta property=\"og:site_name\" content=\"INZAIN Cycling EXPERIENCES\" \/>\n<meta property=\"article:publisher\" content=\"https:\/\/www.facebook.com\/Inzain.bike\" \/>\n<meta property=\"article:modified_time\" content=\"2024-03-03T10:12:33+00:00\" \/>\n<meta property=\"og:image\" content=\"https:\/\/inzain.bike\/wp-content\/uploads\/2023\/11\/Shopping.png\" \/>\n<meta name=\"twitter:card\" content=\"summary_large_image\" \/>\n<meta name=\"twitter:label1\" content=\"Gesch\u00e4tzte Lesezeit\" \/>\n\t<meta name=\"twitter:data1\" content=\"6\u00a0Minuten\" \/>\n<script type=\"application\/ld+json\" class=\"yoast-schema-graph\">{\"@context\":\"https:\/\/schema.org\",\"@graph\":[{\"@type\":\"WebPage\",\"@id\":\"https:\/\/inzain.bike\/da\/aktiviteter\/\",\"url\":\"https:\/\/inzain.bike\/da\/aktiviteter\/\",\"name\":\"Stockholm Aktiviteter - INZAIN Cycling EXPERIENCES\",\"isPartOf\":{\"@id\":\"https:\/\/inzain.bike\/fr_be\/#website\"},\"primaryImageOfPage\":{\"@id\":\"https:\/\/inzain.bike\/da\/aktiviteter\/#primaryimage\"},\"image\":{\"@id\":\"https:\/\/inzain.bike\/da\/aktiviteter\/#primaryimage\"},\"thumbnailUrl\":\"https:\/\/inzain.bike\/wp-content\/uploads\/2023\/11\/Shopping.png\",\"datePublished\":\"2023-10-25T17:38:23+00:00\",\"dateModified\":\"2024-03-03T10:12:33+00:00\",\"breadcrumb\":{\"@id\":\"https:\/\/inzain.bike\/da\/aktiviteter\/#breadcrumb\"},\"inLanguage\":\"de\",\"potentialAction\":[{\"@type\":\"ReadAction\",\"target\":[\"https:\/\/inzain.bike\/da\/aktiviteter\/\"]}]},{\"@type\":\"ImageObject\",\"inLanguage\":\"de\",\"@id\":\"https:\/\/inzain.bike\/da\/aktiviteter\/#primaryimage\",\"url\":\"https:\/\/inzain.bike\/wp-content\/uploads\/2023\/11\/Shopping.png\",\"contentUrl\":\"https:\/\/inzain.bike\/wp-content\/uploads\/2023\/11\/Shopping.png\"},{\"@type\":\"BreadcrumbList\",\"@id\":\"https:\/\/inzain.bike\/da\/aktiviteter\/#breadcrumb\",\"itemListElement\":[{\"@type\":\"ListItem\",\"position\":1,\"name\":\"Hem\",\"item\":\"https:\/\/inzain.bike\/fr_be\/\"},{\"@type\":\"ListItem\",\"position\":2,\"name\":\"Stockholm Aktiviteter\"}]},{\"@type\":\"WebSite\",\"@id\":\"https:\/\/inzain.bike\/fr_be\/#website\",\"url\":\"https:\/\/inzain.bike\/fr_be\/\",\"name\":\"INZAIN Cycling EXPERIENCES\",\"description\":\"Cyckling Adventures  - for everyone\",\"publisher\":{\"@id\":\"https:\/\/inzain.bike\/fr_be\/#organization\"},\"alternateName\":\"INZAIN Gravel & Travel\",\"potentialAction\":[{\"@type\":\"SearchAction\",\"target\":{\"@type\":\"EntryPoint\",\"urlTemplate\":\"https:\/\/inzain.bike\/fr_be\/?s={search_term_string}\"},\"query-input\":{\"@type\":\"PropertyValueSpecification\",\"valueRequired\":true,\"valueName\":\"search_term_string\"}}],\"inLanguage\":\"de\"},{\"@type\":\"Organization\",\"@id\":\"https:\/\/inzain.bike\/fr_be\/#organization\",\"name\":\"INZAIN Cycling EXPERIENCES\",\"url\":\"https:\/\/inzain.bike\/fr_be\/\",\"logo\":{\"@type\":\"ImageObject\",\"inLanguage\":\"de\",\"@id\":\"https:\/\/inzain.bike\/fr_be\/#\/schema\/logo\/image\/\",\"url\":\"https:\/\/i0.wp.com\/inzain.bike\/wp-content\/uploads\/2023\/09\/cropped-INZAIN_512x512_white.png?fit=512%2C512&ssl=1\",\"contentUrl\":\"https:\/\/i0.wp.com\/inzain.bike\/wp-content\/uploads\/2023\/09\/cropped-INZAIN_512x512_white.png?fit=512%2C512&ssl=1\",\"width\":512,\"height\":512,\"caption\":\"INZAIN Cycling EXPERIENCES\"},\"image\":{\"@id\":\"https:\/\/inzain.bike\/fr_be\/#\/schema\/logo\/image\/\"},\"sameAs\":[\"https:\/\/www.facebook.com\/Inzain.bike\",\"https:\/\/www.instagram.com\/inzainbike\"]}]}<\/script>\n<!-- \/ Yoast SEO plugin. -->","yoast_head_json":{"title":"Stockholm Aktivit\u00e4ten - INZAIN Cycling EXPERIENCES","robots":{"index":"index","follow":"follow","max-snippet":"max-snippet:-1","max-image-preview":"max-image-preview:large","max-video-preview":"max-video-preview:-1"},"canonical":"https:\/\/inzain.bike\/de\/aktiviteter\/","og_locale":"de_DE","og_type":"article","og_title":"Stockholm Aktiviteter - INZAIN Cycling EXPERIENCES","og_description":"Shopping Det finns gott om bra shopping i Stockholm. Den \u00e4r relativt koncentrerad runt ett antal centralt bel\u00e4gna gator. Vi kan f\u00f6rsl\u00e5 en l\u00e4mplig rutt runt stan som tar oss runt de v\u00e4sentligaste delarna. se bild! B\u00f6rja vid Stureplan och avsluta vid \u00d6stermalmshallen. L\u00e4ngs v\u00e4gen finns ocks\u00e5 flera bra restauranger och &#8220;vattenh\u00e5l&#8221; f\u00f6r att sl\u00e4cka [&hellip;]","og_url":"https:\/\/inzain.bike\/de\/aktiviteter\/","og_site_name":"INZAIN Cycling EXPERIENCES","article_publisher":"https:\/\/www.facebook.com\/Inzain.bike","article_modified_time":"2024-03-03T10:12:33+00:00","og_image":[{"url":"https:\/\/inzain.bike\/wp-content\/uploads\/2023\/11\/Shopping.png","type":"","width":"","height":""}],"twitter_card":"summary_large_image","twitter_misc":{"Gesch\u00e4tzte Lesezeit":"6\u00a0Minuten"},"schema":{"@context":"https:\/\/schema.org","@graph":[{"@type":"WebPage","@id":"https:\/\/inzain.bike\/da\/aktiviteter\/","url":"https:\/\/inzain.bike\/da\/aktiviteter\/","name":"Stockholm Aktivit\u00e4ten - INZAIN Cycling EXPERIENCES","isPartOf":{"@id":"https:\/\/inzain.bike\/fr_be\/#website"},"primaryImageOfPage":{"@id":"https:\/\/inzain.bike\/da\/aktiviteter\/#primaryimage"},"image":{"@id":"https:\/\/inzain.bike\/da\/aktiviteter\/#primaryimage"},"thumbnailUrl":"https:\/\/inzain.bike\/wp-content\/uploads\/2023\/11\/Shopping.png","datePublished":"2023-10-25T17:38:23+00:00","dateModified":"2024-03-03T10:12:33+00:00","breadcrumb":{"@id":"https:\/\/inzain.bike\/da\/aktiviteter\/#breadcrumb"},"inLanguage":"de","potentialAction":[{"@type":"ReadAction","target":["https:\/\/inzain.bike\/da\/aktiviteter\/"]}]},{"@type":"ImageObject","inLanguage":"de","@id":"https:\/\/inzain.bike\/da\/aktiviteter\/#primaryimage","url":"https:\/\/inzain.bike\/wp-content\/uploads\/2023\/11\/Shopping.png","contentUrl":"https:\/\/inzain.bike\/wp-content\/uploads\/2023\/11\/Shopping.png"},{"@type":"BreadcrumbList","@id":"https:\/\/inzain.bike\/da\/aktiviteter\/#breadcrumb","itemListElement":[{"@type":"ListItem","position":1,"name":"Hem","item":"https:\/\/inzain.bike\/fr_be\/"},{"@type":"ListItem","position":2,"name":"Stockholm Aktiviteter"}]},{"@type":"WebSite","@id":"https:\/\/inzain.bike\/fr_be\/#website","url":"https:\/\/inzain.bike\/fr_be\/","name":"INZAIN-Raderlebnisse","description":"Radabenteuer \u2013 f\u00fcr jedermann","publisher":{"@id":"https:\/\/inzain.bike\/fr_be\/#organization"},"alternateName":"INZAIN Gravel & Travel","potentialAction":[{"@type":"SearchAction","target":{"@type":"EntryPoint","urlTemplate":"https:\/\/inzain.bike\/fr_be\/?s={search_term_string}"},"query-input":{"@type":"PropertyValueSpecification","valueRequired":true,"valueName":"search_term_string"}}],"inLanguage":"de"},{"@type":"Organization","@id":"https:\/\/inzain.bike\/fr_be\/#organization","name":"INZAIN-Raderlebnisse","url":"https:\/\/inzain.bike\/fr_be\/","logo":{"@type":"ImageObject","inLanguage":"de","@id":"https:\/\/inzain.bike\/fr_be\/#\/schema\/logo\/image\/","url":"https:\/\/i0.wp.com\/inzain.bike\/wp-content\/uploads\/2023\/09\/cropped-INZAIN_512x512_white.png?fit=512%2C512&ssl=1","contentUrl":"https:\/\/i0.wp.com\/inzain.bike\/wp-content\/uploads\/2023\/09\/cropped-INZAIN_512x512_white.png?fit=512%2C512&ssl=1","width":512,"height":512,"caption":"INZAIN Cycling EXPERIENCES"},"image":{"@id":"https:\/\/inzain.bike\/fr_be\/#\/schema\/logo\/image\/"},"sameAs":["https:\/\/www.facebook.com\/Inzain.bike","https:\/\/www.instagram.com\/inzainbike"]}]}},"amp_enabled":true,"_links":{"self":[{"href":"https:\/\/inzain.bike\/de\/wp-json\/wp\/v2\/pages\/3777","targetHints":{"allow":["GET"]}}],"collection":[{"href":"https:\/\/inzain.bike\/de\/wp-json\/wp\/v2\/pages"}],"about":[{"href":"https:\/\/inzain.bike\/de\/wp-json\/wp\/v2\/types\/page"}],"author":[{"embeddable":true,"href":"https:\/\/inzain.bike\/de\/wp-json\/wp\/v2\/users\/135133094"}],"replies":[{"embeddable":true,"href":"https:\/\/inzain.bike\/de\/wp-json\/wp\/v2\/comments?post=3777"}],"version-history":[{"count":0,"href":"https:\/\/inzain.bike\/de\/wp-json\/wp\/v2\/pages\/3777\/revisions"}],"wp:attachment":[{"href":"https:\/\/inzain.bike\/de\/wp-json\/wp\/v2\/media?parent=3777"}],"curies":[{"name":"wp","href":"https:\/\/api.w.org\/{rel}","templated":true}]}}