{"id":484,"date":"2021-06-07T11:59:54","date_gmt":"2021-06-07T09:59:54","guid":{"rendered":"https:\/\/inzain.bike\/?page_id=484"},"modified":"2021-06-07T12:01:30","modified_gmt":"2021-06-07T10:01:30","slug":"gravelhelg-i-skaraborg","status":"publish","type":"page","link":"https:\/\/inzain.bike\/de\/gravelhelg-i-skaraborg\/","title":{"rendered":"Gravel-Wochenende in Skaraborg"},"content":{"rendered":"<figure class=\"wp-block-image size-large\"><img decoding=\"async\" src=\"https:\/\/inzain.bike\/wp-content\/uploads\/2021\/06\/20210605_082204.jpg?w=1024\" alt=\"\" class=\"wp-image-487\" \/><\/figure>\n\n\n\n<p>Sieben Freunde fuhren nach Skaraborg, um die sch\u00f6nen Stra\u00dfen rund um Undern und den G\u00f6ta-Kanal auszuprobieren. Wir hatten das Gl\u00fcck, direkt am Wasser mit Bad, Sauna und hausgemachter Pizza absolut fantastisch zu wohnen. Der richtige Ort, das richtige Essen und gute Freunde \u2013 alles bereit f\u00fcr ein tolles Wochenende.<\/p>\n\n\n\n<p>Der Samstag begann mit losem Schotter, der \u00f6rtliche Graf hatte die Stra\u00dfe instand gehalten, etwas anspruchsvoll, aber es lief doch gut. Die Hitze steigt, 25-26 Grad, 1000 SEK f\u00fcr jeden, der eine Wolke sieht, kaum Wind. Wir tranken wie Kamele. Nach vier Meilen kommen wir an einen wundersch\u00f6nen Strand, an dem man wunderbar im Schatten schnuppern und ein paar Fotos machen kann.<br><\/p>\n\n\n\n<figure class=\"wp-block-image size-large\"><img decoding=\"async\" src=\"https:\/\/inzain.bike\/wp-content\/uploads\/2021\/06\/20210605_104540.jpg?w=1024\" alt=\"\" class=\"wp-image-489\" \/><\/figure>\n\n\n\n<figure class=\"wp-block-image size-large\"><img decoding=\"async\" src=\"https:\/\/inzain.bike\/wp-content\/uploads\/2021\/06\/20210605_104137.jpg?w=1024\" alt=\"\" class=\"wp-image-490\" \/><\/figure>\n\n\n\n<p>Wir dampfen in Richtung Kaffee, vegane Frikadellen-Sandwiches und Br\u00f6tchen, sch\u00f6n, dass alle Schilder auf Deutsch waren, man kann erahnen, woher die Touristenstr\u00f6me kommen.<\/p>\n\n\n\n<p>Irgendwann nach dem Kaffee, mitten im Tiveden-Nationalpark, h\u00f6re ich hinter mir einen leisen Ruf \u2013 \u201eGerry... Gerry\u201c. Secret Pontus hatte ein Problem! Es stellte sich heraus, dass die Ratsche in seiner DT Swiss 240 EXP-Nabe nicht mehr einrastete. Fertiges Fahrrad. Die Apostelpferde mussten extra gef\u00fcttert werden und los ging es.<\/p>\n\n\n\n<figure class=\"wp-block-image size-large\"><img decoding=\"async\" src=\"https:\/\/inzain.bike\/wp-content\/uploads\/2021\/06\/g0051976.jpg?w=1024\" alt=\"\" class=\"wp-image-509\" \/><\/figure>\n\n\n\n<p><br>Ein kleiner Anruf beim n\u00e4chsten Caf\u00e9 um Hilfe, weit weg... 20km. Wir entscheiden, dass einige vorausfahren, w\u00e4hrend P und V folgen. Schlie\u00dflich ist P unternehmungslustig und hat es bald geschafft, eine deutsche Familie zu \u00fcberzeugen, ihn zu fahren, jetzt mit einer leicht verstauchten Kohlefaserrakete zum Kaffee. Leider hatte V nicht ganz herausgefunden, wie die aktualisierte \u201eGena\u201c-Route aussah, aber nach einigen Irrt\u00fcmern hatte sie es richtig verstanden.<br><br>P mietet ein MTB, l\u00e4sst das Fahrrad dort und wir fahren die letzten 25 km, um das Auto abzuholen, w\u00e4hrend der Rest der Bande die Strecke zur\u00fccklegt.<\/p>\n\n\n\n<figure class=\"wp-block-image size-large\"><img loading=\"lazy\" decoding=\"async\" width=\"720\" height=\"960\" src=\"https:\/\/inzain.bike\/wp-content\/uploads\/2021\/06\/pizza.jpg?w=720\" alt=\"\" class=\"wp-image-493\" srcset=\"https:\/\/inzain.bike\/wp-content\/uploads\/2021\/06\/pizza.jpg 720w, https:\/\/inzain.bike\/wp-content\/uploads\/2021\/06\/pizza-225x300.jpg 225w, https:\/\/inzain.bike\/wp-content\/uploads\/2021\/06\/pizza-9x12.jpg 9w, https:\/\/inzain.bike\/wp-content\/uploads\/2021\/06\/pizza-600x800.jpg 600w\" sizes=\"auto, (max-width: 720px) 100vw, 720px\" \/><\/figure>\n\n\n\n<p><br><br>Am Abend wurde Pizza serviert, der neue Onni-Holzofen eingeweiht und ab und zu eine gute Flasche Wein genossen, bevor wir wie ersch\u00f6pfte Kraniche einschliefen.<\/p>\n\n\n\n<p><strong>Sonntag, ein Ausflug nach Sj\u00f6torp und dann entlang des G\u00f6ta Kanals.<\/strong><br><br>Herr P fungierte als Begleitfahrzeug, da kein funktionst\u00fcchtiges Fahrrad vorhanden war. Wir haben uns an verschiedenen Orten getroffen, eiskalten Frappucino und salzige Leckereien serviert, vielleicht ein neuer Standard? Einige wollten gr\u00f6\u00dfer werden und bestellten russischen Kaviar und Blinis, aber anscheinend gibt es eine Grenze?<\/p>\n\n\n\n<p>Die Tour verlief zun\u00e4chst gr\u00f6\u00dftenteils durch Wald, mit einigen offenen Abschnitten.<\/p>\n\n\n\n<figure class=\"wp-block-image size-large\"><img decoding=\"async\" src=\"https:\/\/inzain.bike\/wp-content\/uploads\/2021\/06\/g0011574.jpg?w=1024\" alt=\"\" class=\"wp-image-494\" \/><\/figure>\n\n\n\n<p>Sch\u00f6ne Feldwege, ein kleiner Pfad und dann ein sch\u00f6ner Teich.<\/p>\n\n\n\n<figure class=\"wp-block-image size-large\"><img decoding=\"async\" src=\"https:\/\/inzain.bike\/wp-content\/uploads\/2021\/06\/20210606_111525.jpg?w=766\" alt=\"\" class=\"wp-image-496\" \/><\/figure>\n\n\n\n<p>In Sj\u00f6torp hatten wir ein besseres Mittagessen und schlie\u00dflich war es Zeit f\u00fcr den 40 km langen G\u00f6ta Kanal, wirklich sch\u00f6n und magisch sch\u00f6n. Wir haben eine Schleuse, einen Angelwettbewerb und ein riesiges Eis studiert.<\/p>\n\n\n\n<div class=\"wp-block-jetpack-tiled-gallery aligncenter is-style-rectangular\"><div class=\"tiled-gallery__gallery\"><div class=\"tiled-gallery__row\"><div class=\"tiled-gallery__col\" style=\"flex-basis:66.78241%;\"><figure class=\"tiled-gallery__item\"><img decoding=\"async\" alt=\"\" data-height=\"3000\" data-id=\"498\" data-link=\"https:\/\/inzain.bike\/20210606_140957\/\" data-url=\"https:\/\/inzain.bike\/wp-content\/uploads\/2021\/06\/20210606_140957.jpg\" data-width=\"4000\" src=\"https:\/\/inzain.bike\/wp-content\/uploads\/2021\/06\/20210606_140957.jpg\" data-amp-layout=\"responsive\" \/><\/figure><\/div><div class=\"tiled-gallery__col\" style=\"flex-basis:33.21759%;\"><figure class=\"tiled-gallery__item\"><img decoding=\"async\" alt=\"\" data-height=\"3000\" data-id=\"499\" data-link=\"https:\/\/inzain.bike\/20210606_154936\/\" data-url=\"https:\/\/inzain.bike\/wp-content\/uploads\/2021\/06\/20210606_154936.jpg\" data-width=\"4000\" src=\"https:\/\/inzain.bike\/wp-content\/uploads\/2021\/06\/20210606_154936.jpg\" data-amp-layout=\"responsive\" \/><\/figure><figure class=\"tiled-gallery__item\"><img decoding=\"async\" alt=\"\" data-height=\"3000\" data-id=\"500\" data-link=\"https:\/\/inzain.bike\/20210606_155332\/\" data-url=\"https:\/\/inzain.bike\/wp-content\/uploads\/2021\/06\/20210606_155332.jpg\" data-width=\"4000\" src=\"https:\/\/inzain.bike\/wp-content\/uploads\/2021\/06\/20210606_155332.jpg\" data-amp-layout=\"responsive\" \/><\/figure><\/div><\/div><div class=\"tiled-gallery__row\"><div class=\"tiled-gallery__col\" style=\"flex-basis:33.33333%;\"><figure class=\"tiled-gallery__item\"><img decoding=\"async\" alt=\"\" data-height=\"3000\" data-id=\"501\" data-link=\"https:\/\/inzain.bike\/20210606_155658\/\" data-url=\"https:\/\/inzain.bike\/wp-content\/uploads\/2021\/06\/20210606_155658.jpg\" data-width=\"4000\" src=\"https:\/\/inzain.bike\/wp-content\/uploads\/2021\/06\/20210606_155658.jpg\" data-amp-layout=\"responsive\" \/><\/figure><\/div><div class=\"tiled-gallery__col\" style=\"flex-basis:33.33333%;\"><figure class=\"tiled-gallery__item\"><img decoding=\"async\" alt=\"\" data-height=\"3888\" data-id=\"502\" data-link=\"https:\/\/inzain.bike\/dcim101goprog0092779-jpg\/\" data-url=\"https:\/\/inzain.bike\/wp-content\/uploads\/2021\/06\/g0092779.jpg\" data-width=\"5184\" src=\"https:\/\/inzain.bike\/wp-content\/uploads\/2021\/06\/g0092779.jpg\" data-amp-layout=\"responsive\" \/><\/figure><\/div><div class=\"tiled-gallery__col\" style=\"flex-basis:33.33333%;\"><figure class=\"tiled-gallery__item\"><img decoding=\"async\" alt=\"\" data-height=\"3888\" data-id=\"504\" data-link=\"https:\/\/inzain.bike\/dcim101goprog0092805-jpg\/\" data-url=\"https:\/\/inzain.bike\/wp-content\/uploads\/2021\/06\/g0092805.jpg\" data-width=\"5184\" src=\"https:\/\/inzain.bike\/wp-content\/uploads\/2021\/06\/g0092805.jpg\" data-amp-layout=\"responsive\" \/><\/figure><\/div><\/div><div class=\"tiled-gallery__row\"><div class=\"tiled-gallery__col\" style=\"flex-basis:25%;\"><figure class=\"tiled-gallery__item\"><img decoding=\"async\" alt=\"\" data-height=\"3888\" data-id=\"505\" data-link=\"https:\/\/inzain.bike\/dcim101goprog0092843-jpg\/\" data-url=\"https:\/\/inzain.bike\/wp-content\/uploads\/2021\/06\/g0092843.jpg\" data-width=\"5184\" src=\"https:\/\/inzain.bike\/wp-content\/uploads\/2021\/06\/g0092843.jpg\" data-amp-layout=\"responsive\" \/><\/figure><\/div><div class=\"tiled-gallery__col\" style=\"flex-basis:25%;\"><figure class=\"tiled-gallery__item\"><img decoding=\"async\" alt=\"\" data-height=\"3888\" data-id=\"506\" data-link=\"https:\/\/inzain.bike\/dcim101goprog0102947-jpg\/\" data-url=\"https:\/\/inzain.bike\/wp-content\/uploads\/2021\/06\/g0102947.jpg\" data-width=\"5184\" src=\"https:\/\/inzain.bike\/wp-content\/uploads\/2021\/06\/g0102947.jpg\" data-amp-layout=\"responsive\" \/><\/figure><\/div><div class=\"tiled-gallery__col\" style=\"flex-basis:25%;\"><figure class=\"tiled-gallery__item\"><img decoding=\"async\" alt=\"\" data-height=\"3888\" data-id=\"507\" data-link=\"https:\/\/inzain.bike\/dcim101goprog0102949-jpg\/\" data-url=\"https:\/\/inzain.bike\/wp-content\/uploads\/2021\/06\/g0102949.jpg\" data-width=\"5184\" src=\"https:\/\/inzain.bike\/wp-content\/uploads\/2021\/06\/g0102949.jpg\" data-amp-layout=\"responsive\" \/><\/figure><\/div><div class=\"tiled-gallery__col\" style=\"flex-basis:25%;\"><figure class=\"tiled-gallery__item\"><img decoding=\"async\" alt=\"\" data-height=\"3888\" data-id=\"508\" data-link=\"https:\/\/inzain.bike\/dcim101goprog0102968-jpg\/\" data-url=\"https:\/\/inzain.bike\/wp-content\/uploads\/2021\/06\/g0102968.jpg\" data-width=\"5184\" src=\"https:\/\/inzain.bike\/wp-content\/uploads\/2021\/06\/g0102968.jpg\" data-amp-layout=\"responsive\" \/><\/figure><\/div><\/div><\/div><\/div>\n\n\n\n<p>Nach Kanalen haben wir nur noch 20 km vor uns, aber wir haben Zeit f\u00fcr einen kleinen Navigationsfehler und ein Hike-a-Bike der Klasse III. Irgendwie nur Moos \ud83d\ude42<br><br><\/p>\n\n\n\n<figure class=\"wp-block-image size-large\"><img decoding=\"async\" src=\"https:\/\/inzain.bike\/wp-content\/uploads\/2021\/06\/g0102984.jpg?w=1024\" alt=\"\" class=\"wp-image-512\" \/><figcaption>Mit dem Fahrrad wandern<\/figcaption><\/figure>\n\n\n\n<p>Dort angekommen gehen wir schwimmen, packen unsere Fahrr\u00e4der und fassen das Wochenende als absolut fantastisch zusammen. Danke an P, der die Veranstaltung organisiert hat, und vielen Dank an alle, die mitgemacht haben!<\/p>\n\n\n\n<div class=\"wp-block-jetpack-tiled-gallery aligncenter is-style-rectangular\"><div class=\"tiled-gallery__gallery\"><div class=\"tiled-gallery__row\"><div class=\"tiled-gallery__col\" style=\"flex-basis:66.78241%;\"><figure class=\"tiled-gallery__item\"><img decoding=\"async\" alt=\"\" data-height=\"3000\" data-id=\"514\" data-link=\"https:\/\/inzain.bike\/20210606_112853\/\" data-url=\"https:\/\/inzain.bike\/wp-content\/uploads\/2021\/06\/20210606_112853.jpg\" data-width=\"4000\" src=\"https:\/\/inzain.bike\/wp-content\/uploads\/2021\/06\/20210606_112853.jpg\" data-amp-layout=\"responsive\" \/><\/figure><\/div><div class=\"tiled-gallery__col\" style=\"flex-basis:33.21759%;\"><figure class=\"tiled-gallery__item\"><img decoding=\"async\" alt=\"\" data-height=\"3888\" data-id=\"515\" data-link=\"https:\/\/inzain.bike\/dcim100goprog0011581-jpg\/\" data-url=\"https:\/\/inzain.bike\/wp-content\/uploads\/2021\/06\/g0011581.jpg\" data-width=\"5184\" src=\"https:\/\/inzain.bike\/wp-content\/uploads\/2021\/06\/g0011581.jpg\" data-amp-layout=\"responsive\" \/><\/figure><figure class=\"tiled-gallery__item\"><img decoding=\"async\" alt=\"\" data-height=\"3888\" data-id=\"516\" data-link=\"https:\/\/inzain.bike\/dcim100goprog0011603-jpg\/\" data-url=\"https:\/\/inzain.bike\/wp-content\/uploads\/2021\/06\/g0011603.jpg\" data-width=\"5184\" src=\"https:\/\/inzain.bike\/wp-content\/uploads\/2021\/06\/g0011603.jpg\" data-amp-layout=\"responsive\" \/><\/figure><\/div><\/div><div class=\"tiled-gallery__row\"><div class=\"tiled-gallery__col\" style=\"flex-basis:25%;\"><figure class=\"tiled-gallery__item\"><img decoding=\"async\" alt=\"\" data-height=\"3888\" data-id=\"517\" data-link=\"https:\/\/inzain.bike\/dcim101goprog0072451-jpg\/\" data-url=\"https:\/\/inzain.bike\/wp-content\/uploads\/2021\/06\/g0072451.jpg\" data-width=\"5184\" src=\"https:\/\/inzain.bike\/wp-content\/uploads\/2021\/06\/g0072451.jpg\" data-amp-layout=\"responsive\" \/><\/figure><\/div><div class=\"tiled-gallery__col\" style=\"flex-basis:25%;\"><figure class=\"tiled-gallery__item\"><img decoding=\"async\" alt=\"\" data-height=\"3888\" data-id=\"518\" data-link=\"https:\/\/inzain.bike\/dcim101goprog0082642-jpg\/\" data-url=\"https:\/\/inzain.bike\/wp-content\/uploads\/2021\/06\/g0082642.jpg\" data-width=\"5184\" src=\"https:\/\/inzain.bike\/wp-content\/uploads\/2021\/06\/g0082642.jpg\" data-amp-layout=\"responsive\" \/><\/figure><\/div><div class=\"tiled-gallery__col\" style=\"flex-basis:25%;\"><figure class=\"tiled-gallery__item\"><img decoding=\"async\" alt=\"\" data-height=\"3888\" data-id=\"519\" data-link=\"https:\/\/inzain.bike\/dcim101goprog0082695-jpg\/\" data-url=\"https:\/\/inzain.bike\/wp-content\/uploads\/2021\/06\/g0082695.jpg\" data-width=\"5184\" src=\"https:\/\/inzain.bike\/wp-content\/uploads\/2021\/06\/g0082695.jpg\" data-amp-layout=\"responsive\" \/><\/figure><\/div><div class=\"tiled-gallery__col\" style=\"flex-basis:25%;\"><figure class=\"tiled-gallery__item\"><img decoding=\"async\" alt=\"\" data-height=\"3888\" data-id=\"521\" data-link=\"https:\/\/inzain.bike\/dcim101goprog0102968-jpg-2\/\" data-url=\"https:\/\/inzain.bike\/wp-content\/uploads\/2021\/06\/g0102968-1.jpg\" data-width=\"5184\" src=\"https:\/\/inzain.bike\/wp-content\/uploads\/2021\/06\/g0102968-1.jpg\" data-amp-layout=\"responsive\" \/><\/figure><\/div><\/div><\/div><\/div>\n\n\n\n<p>Die Strecke, die wir am Sonntag gefahren sind: <br><a href=\"https:\/\/teamutangranser.se\/toreboda-hova-ostlig-loop\/\">https:\/\/teamutangranser.se\/toreboda-hova-ostlig-loop\/<\/a><\/p>\n\n\n\n<p><\/p>","protected":false},"excerpt":{"rendered":"<p>Sju v\u00e4nner \u00e5kte ner till Skaraborg f\u00f6r att prova de fina v\u00e4garna runt Undern och G\u00f6ta kanal. Vi hade turen att f\u00e5 bo helt fantastiskt precis vid vattnet med bad, bastu och hemlagad Pizza. S\u00e5 r\u00e4tt plats, r\u00e4tt mat och goda v\u00e4nner, allt b\u00e4ddat f\u00f6r en grym helg. L\u00f6rdagen b\u00f6rjade med lite l\u00f6st grus, lokala [&hellip;]<\/p>\n","protected":false},"author":135133094,"featured_media":0,"parent":0,"menu_order":0,"comment_status":"closed","ping_status":"closed","template":"","meta":{"_coblocks_attr":"","_coblocks_dimensions":"","_coblocks_responsive_height":"","_coblocks_accordion_ie_support":"","footnotes":""},"class_list":["post-484","page","type-page","status-publish","hentry"],"yoast_head":"<!-- This site is optimized with the Yoast SEO plugin v27.2 - https:\/\/yoast.com\/product\/yoast-seo-wordpress\/ -->\n<title>Gravelhelg i Skaraborg - INZAIN Cycling EXPERIENCES<\/title>\n<meta name=\"robots\" content=\"index, follow, max-snippet:-1, max-image-preview:large, max-video-preview:-1\" \/>\n<link rel=\"canonical\" href=\"https:\/\/inzain.bike\/de\/gravelhelg-i-skaraborg\/\" \/>\n<meta property=\"og:locale\" content=\"de_DE\" \/>\n<meta property=\"og:type\" content=\"article\" \/>\n<meta property=\"og:title\" content=\"Gravelhelg i Skaraborg - INZAIN Cycling EXPERIENCES\" \/>\n<meta property=\"og:description\" content=\"Sju v\u00e4nner \u00e5kte ner till Skaraborg f\u00f6r att prova de fina v\u00e4garna runt Undern och G\u00f6ta kanal. Vi hade turen att f\u00e5 bo helt fantastiskt precis vid vattnet med bad, bastu och hemlagad Pizza. S\u00e5 r\u00e4tt plats, r\u00e4tt mat och goda v\u00e4nner, allt b\u00e4ddat f\u00f6r en grym helg. L\u00f6rdagen b\u00f6rjade med lite l\u00f6st grus, lokala [&hellip;]\" \/>\n<meta property=\"og:url\" content=\"https:\/\/inzain.bike\/de\/gravelhelg-i-skaraborg\/\" \/>\n<meta property=\"og:site_name\" content=\"INZAIN Cycling EXPERIENCES\" \/>\n<meta property=\"article:publisher\" content=\"https:\/\/www.facebook.com\/Inzain.bike\" \/>\n<meta property=\"article:modified_time\" content=\"2021-06-07T10:01:30+00:00\" \/>\n<meta property=\"og:image\" content=\"https:\/\/inzain.bike\/wp-content\/uploads\/2021\/06\/20210605_082204.jpg?w=1024\" \/>\n<meta name=\"twitter:card\" content=\"summary_large_image\" \/>\n<meta name=\"twitter:label1\" content=\"Gesch\u00e4tzte Lesezeit\" \/>\n\t<meta name=\"twitter:data1\" content=\"3\u00a0Minuten\" \/>\n<script type=\"application\/ld+json\" class=\"yoast-schema-graph\">{\"@context\":\"https:\/\/schema.org\",\"@graph\":[{\"@type\":\"WebPage\",\"@id\":\"https:\/\/inzain.bike\/en\/gravelhelg-i-skaraborg\/\",\"url\":\"https:\/\/inzain.bike\/en\/gravelhelg-i-skaraborg\/\",\"name\":\"Gravelhelg i Skaraborg - INZAIN Cycling EXPERIENCES\",\"isPartOf\":{\"@id\":\"https:\/\/inzain.bike\/fr_be\/#website\"},\"primaryImageOfPage\":{\"@id\":\"https:\/\/inzain.bike\/en\/gravelhelg-i-skaraborg\/#primaryimage\"},\"image\":{\"@id\":\"https:\/\/inzain.bike\/en\/gravelhelg-i-skaraborg\/#primaryimage\"},\"thumbnailUrl\":\"https:\/\/inzain.bike\/wp-content\/uploads\/2021\/06\/20210605_082204.jpg?w=1024\",\"datePublished\":\"2021-06-07T09:59:54+00:00\",\"dateModified\":\"2021-06-07T10:01:30+00:00\",\"breadcrumb\":{\"@id\":\"https:\/\/inzain.bike\/en\/gravelhelg-i-skaraborg\/#breadcrumb\"},\"inLanguage\":\"de\",\"potentialAction\":[{\"@type\":\"ReadAction\",\"target\":[\"https:\/\/inzain.bike\/en\/gravelhelg-i-skaraborg\/\"]}]},{\"@type\":\"ImageObject\",\"inLanguage\":\"de\",\"@id\":\"https:\/\/inzain.bike\/en\/gravelhelg-i-skaraborg\/#primaryimage\",\"url\":\"https:\/\/inzain.bike\/wp-content\/uploads\/2021\/06\/20210605_082204.jpg?w=1024\",\"contentUrl\":\"https:\/\/inzain.bike\/wp-content\/uploads\/2021\/06\/20210605_082204.jpg?w=1024\"},{\"@type\":\"BreadcrumbList\",\"@id\":\"https:\/\/inzain.bike\/en\/gravelhelg-i-skaraborg\/#breadcrumb\",\"itemListElement\":[{\"@type\":\"ListItem\",\"position\":1,\"name\":\"Hem\",\"item\":\"https:\/\/inzain.bike\/fr_be\/\"},{\"@type\":\"ListItem\",\"position\":2,\"name\":\"Gravelhelg i Skaraborg\"}]},{\"@type\":\"WebSite\",\"@id\":\"https:\/\/inzain.bike\/fr_be\/#website\",\"url\":\"https:\/\/inzain.bike\/fr_be\/\",\"name\":\"INZAIN Cycling EXPERIENCES\",\"description\":\"Cyckling Adventures  - for everyone\",\"publisher\":{\"@id\":\"https:\/\/inzain.bike\/fr_be\/#organization\"},\"alternateName\":\"INZAIN Gravel & Travel\",\"potentialAction\":[{\"@type\":\"SearchAction\",\"target\":{\"@type\":\"EntryPoint\",\"urlTemplate\":\"https:\/\/inzain.bike\/fr_be\/?s={search_term_string}\"},\"query-input\":{\"@type\":\"PropertyValueSpecification\",\"valueRequired\":true,\"valueName\":\"search_term_string\"}}],\"inLanguage\":\"de\"},{\"@type\":\"Organization\",\"@id\":\"https:\/\/inzain.bike\/fr_be\/#organization\",\"name\":\"INZAIN Cycling EXPERIENCES\",\"url\":\"https:\/\/inzain.bike\/fr_be\/\",\"logo\":{\"@type\":\"ImageObject\",\"inLanguage\":\"de\",\"@id\":\"https:\/\/inzain.bike\/fr_be\/#\/schema\/logo\/image\/\",\"url\":\"https:\/\/i0.wp.com\/inzain.bike\/wp-content\/uploads\/2023\/09\/cropped-INZAIN_512x512_white.png?fit=512%2C512&ssl=1\",\"contentUrl\":\"https:\/\/i0.wp.com\/inzain.bike\/wp-content\/uploads\/2023\/09\/cropped-INZAIN_512x512_white.png?fit=512%2C512&ssl=1\",\"width\":512,\"height\":512,\"caption\":\"INZAIN Cycling EXPERIENCES\"},\"image\":{\"@id\":\"https:\/\/inzain.bike\/fr_be\/#\/schema\/logo\/image\/\"},\"sameAs\":[\"https:\/\/www.facebook.com\/Inzain.bike\",\"https:\/\/www.instagram.com\/inzainbike\"]}]}<\/script>\n<!-- \/ Yoast SEO plugin. -->","yoast_head_json":{"title":"Gravel-Wochenende in Skaraborg - INZAIN Cycling EXPERIENCES","robots":{"index":"index","follow":"follow","max-snippet":"max-snippet:-1","max-image-preview":"max-image-preview:large","max-video-preview":"max-video-preview:-1"},"canonical":"https:\/\/inzain.bike\/de\/gravelhelg-i-skaraborg\/","og_locale":"de_DE","og_type":"article","og_title":"Gravelhelg i Skaraborg - INZAIN Cycling EXPERIENCES","og_description":"Sju v\u00e4nner \u00e5kte ner till Skaraborg f\u00f6r att prova de fina v\u00e4garna runt Undern och G\u00f6ta kanal. Vi hade turen att f\u00e5 bo helt fantastiskt precis vid vattnet med bad, bastu och hemlagad Pizza. S\u00e5 r\u00e4tt plats, r\u00e4tt mat och goda v\u00e4nner, allt b\u00e4ddat f\u00f6r en grym helg. L\u00f6rdagen b\u00f6rjade med lite l\u00f6st grus, lokala [&hellip;]","og_url":"https:\/\/inzain.bike\/de\/gravelhelg-i-skaraborg\/","og_site_name":"INZAIN Cycling EXPERIENCES","article_publisher":"https:\/\/www.facebook.com\/Inzain.bike","article_modified_time":"2021-06-07T10:01:30+00:00","og_image":[{"url":"https:\/\/inzain.bike\/wp-content\/uploads\/2021\/06\/20210605_082204.jpg?w=1024","type":"","width":"","height":""}],"twitter_card":"summary_large_image","twitter_misc":{"Gesch\u00e4tzte Lesezeit":"3\u00a0Minuten"},"schema":{"@context":"https:\/\/schema.org","@graph":[{"@type":"WebPage","@id":"https:\/\/inzain.bike\/en\/gravelhelg-i-skaraborg\/","url":"https:\/\/inzain.bike\/en\/gravelhelg-i-skaraborg\/","name":"Gravel-Wochenende in Skaraborg - INZAIN Cycling EXPERIENCES","isPartOf":{"@id":"https:\/\/inzain.bike\/fr_be\/#website"},"primaryImageOfPage":{"@id":"https:\/\/inzain.bike\/en\/gravelhelg-i-skaraborg\/#primaryimage"},"image":{"@id":"https:\/\/inzain.bike\/en\/gravelhelg-i-skaraborg\/#primaryimage"},"thumbnailUrl":"https:\/\/inzain.bike\/wp-content\/uploads\/2021\/06\/20210605_082204.jpg?w=1024","datePublished":"2021-06-07T09:59:54+00:00","dateModified":"2021-06-07T10:01:30+00:00","breadcrumb":{"@id":"https:\/\/inzain.bike\/en\/gravelhelg-i-skaraborg\/#breadcrumb"},"inLanguage":"de","potentialAction":[{"@type":"ReadAction","target":["https:\/\/inzain.bike\/en\/gravelhelg-i-skaraborg\/"]}]},{"@type":"ImageObject","inLanguage":"de","@id":"https:\/\/inzain.bike\/en\/gravelhelg-i-skaraborg\/#primaryimage","url":"https:\/\/inzain.bike\/wp-content\/uploads\/2021\/06\/20210605_082204.jpg?w=1024","contentUrl":"https:\/\/inzain.bike\/wp-content\/uploads\/2021\/06\/20210605_082204.jpg?w=1024"},{"@type":"BreadcrumbList","@id":"https:\/\/inzain.bike\/en\/gravelhelg-i-skaraborg\/#breadcrumb","itemListElement":[{"@type":"ListItem","position":1,"name":"Hem","item":"https:\/\/inzain.bike\/fr_be\/"},{"@type":"ListItem","position":2,"name":"Gravelhelg i Skaraborg"}]},{"@type":"WebSite","@id":"https:\/\/inzain.bike\/fr_be\/#website","url":"https:\/\/inzain.bike\/fr_be\/","name":"INZAIN-Raderlebnisse","description":"Radabenteuer \u2013 f\u00fcr jedermann","publisher":{"@id":"https:\/\/inzain.bike\/fr_be\/#organization"},"alternateName":"INZAIN Gravel & Travel","potentialAction":[{"@type":"SearchAction","target":{"@type":"EntryPoint","urlTemplate":"https:\/\/inzain.bike\/fr_be\/?s={search_term_string}"},"query-input":{"@type":"PropertyValueSpecification","valueRequired":true,"valueName":"search_term_string"}}],"inLanguage":"de"},{"@type":"Organization","@id":"https:\/\/inzain.bike\/fr_be\/#organization","name":"INZAIN-Raderlebnisse","url":"https:\/\/inzain.bike\/fr_be\/","logo":{"@type":"ImageObject","inLanguage":"de","@id":"https:\/\/inzain.bike\/fr_be\/#\/schema\/logo\/image\/","url":"https:\/\/i0.wp.com\/inzain.bike\/wp-content\/uploads\/2023\/09\/cropped-INZAIN_512x512_white.png?fit=512%2C512&ssl=1","contentUrl":"https:\/\/i0.wp.com\/inzain.bike\/wp-content\/uploads\/2023\/09\/cropped-INZAIN_512x512_white.png?fit=512%2C512&ssl=1","width":512,"height":512,"caption":"INZAIN Cycling EXPERIENCES"},"image":{"@id":"https:\/\/inzain.bike\/fr_be\/#\/schema\/logo\/image\/"},"sameAs":["https:\/\/www.facebook.com\/Inzain.bike","https:\/\/www.instagram.com\/inzainbike"]}]}},"amp_enabled":true,"_links":{"self":[{"href":"https:\/\/inzain.bike\/de\/wp-json\/wp\/v2\/pages\/484","targetHints":{"allow":["GET"]}}],"collection":[{"href":"https:\/\/inzain.bike\/de\/wp-json\/wp\/v2\/pages"}],"about":[{"href":"https:\/\/inzain.bike\/de\/wp-json\/wp\/v2\/types\/page"}],"author":[{"embeddable":true,"href":"https:\/\/inzain.bike\/de\/wp-json\/wp\/v2\/users\/135133094"}],"replies":[{"embeddable":true,"href":"https:\/\/inzain.bike\/de\/wp-json\/wp\/v2\/comments?post=484"}],"version-history":[{"count":0,"href":"https:\/\/inzain.bike\/de\/wp-json\/wp\/v2\/pages\/484\/revisions"}],"wp:attachment":[{"href":"https:\/\/inzain.bike\/de\/wp-json\/wp\/v2\/media?parent=484"}],"curies":[{"name":"wp","href":"https:\/\/api.w.org\/{rel}","templated":true}]}}