{"id":4870,"date":"2023-11-11T18:15:44","date_gmt":"2023-11-11T17:15:44","guid":{"rendered":"https:\/\/inzain.bike\/?page_id=4870"},"modified":"2023-11-25T16:41:47","modified_gmt":"2023-11-25T15:41:47","slug":"bas24-food","status":"publish","type":"page","link":"https:\/\/inzain.bike\/de\/bas24-food\/","title":{"rendered":"Baskisches Essen"},"content":{"rendered":"<div class=\"wp-block-columns alignwide is-layout-flex wp-container-core-columns-is-layout-28f84493 wp-block-columns-is-layout-flex\">\n<div class=\"wp-block-column is-layout-flow wp-block-column-is-layout-flow\">\n<figure class=\"wp-block-image size-large\"><img loading=\"lazy\" decoding=\"async\" width=\"1024\" height=\"683\" src=\"https:\/\/inzain.bike\/wp-content\/uploads\/2023\/11\/pexels-pixabay-262978-1024x683.jpg\" alt=\"\" class=\"wp-image-4948\" srcset=\"https:\/\/inzain.bike\/wp-content\/uploads\/2023\/11\/pexels-pixabay-262978-1024x683.jpg 1024w, https:\/\/inzain.bike\/wp-content\/uploads\/2023\/11\/pexels-pixabay-262978-300x200.jpg 300w, https:\/\/inzain.bike\/wp-content\/uploads\/2023\/11\/pexels-pixabay-262978-768x512.jpg 768w, https:\/\/inzain.bike\/wp-content\/uploads\/2023\/11\/pexels-pixabay-262978-1536x1024.jpg 1536w, https:\/\/inzain.bike\/wp-content\/uploads\/2023\/11\/pexels-pixabay-262978-2048x1365.jpg 2048w, https:\/\/inzain.bike\/wp-content\/uploads\/2023\/11\/pexels-pixabay-262978-18x12.jpg 18w, https:\/\/inzain.bike\/wp-content\/uploads\/2023\/11\/pexels-pixabay-262978-1320x880.jpg 1320w, https:\/\/inzain.bike\/wp-content\/uploads\/2023\/11\/pexels-pixabay-262978-600x400.jpg 600w\" sizes=\"auto, (max-width: 1024px) 100vw, 1024px\" \/><\/figure>\n<\/div>\n\n\n\n<div class=\"wp-block-column is-layout-flow wp-block-column-is-layout-flow\">\n<div style=\"height:114px\" aria-hidden=\"true\" class=\"wp-block-spacer\"><\/div>\n\n\n\n<p class=\"has-roboto-font-family has-custom-font\" style=\"font-family:Roboto\"><strong>Das Baskenland ist vor allem f\u00fcr seine Esskultur und seine Tapas-\u00e4hnlichen Pintxos bekannt<\/strong>. Au\u00dferdem gibt es im Land drei Drei-Sterne-Michelin-Restaurants, alle in der Provinz, die wir durchqueren und besuchen. Viele nennen San Sebasti\u00e1n die Hauptstadt des Essens, und nat\u00fcrlich machen wir einen Zwischenstopp und \u00fcbernachten dort. <\/p>\n<\/div>\n<\/div>\n\n\n\n<div class=\"wp-block-columns alignwide is-layout-flex wp-container-core-columns-is-layout-28f84493 wp-block-columns-is-layout-flex\">\n<div class=\"wp-block-column is-layout-flow wp-block-column-is-layout-flow\">\n<h1 class=\"wp-block-heading\" id=\"h-Densvenskafikakulturen\">Pintxos<\/h1>\n\n\n\n<p>Eins&nbsp;<strong>pintxo<\/strong> ist ein kleiner Happen, der in Bars oder kleinen Tavernen im Nordosten Spaniens und haupts\u00e4chlich im Baskenland serviert wird. Pintxos sind ein beliebter Snack, wenn man Zeit mit Freunden oder der Familie verbringt, und stellen daher eine starke gesellschaftliche Tradition im Baskenland und in Navarra dar, bei uns in Schweden ein bisschen wie Kaffee. Im Konzept \u00e4hnelt es Tapas, mit dem Hauptunterschied, dass Pintxos normalerweise mit Zahnstochern oder Spie\u00dfen durchstochen werden, oft mit einem St\u00fcck Brot. Sie werden in Einzelportionen serviert und einzeln bestellt und immer unabh\u00e4ngig vom Getr\u00e4nk bezahlt.<\/p>\n<\/div>\n\n\n\n<div class=\"wp-block-column is-layout-flow wp-block-column-is-layout-flow\">\n<figure class=\"wp-block-image size-full\"><img decoding=\"async\" src=\"https:\/\/inzain.bike\/wp-content\/uploads\/2023\/11\/pexels-denys-gromov-12419163.jpg\" alt=\"\" class=\"wp-image-4957\"\/><\/figure>\n<\/div>\n<\/div>","protected":false},"excerpt":{"rendered":"<p>Baskien \u00e4r mest k\u00e4nt f\u00f6r sin matkultur och sina tapas-liknande pintxos. Det finns \u00e4ven tre trestj\u00e4rniga Michelin-restauranger i landet, samtliga i provinsen som vi passerar och bes\u00f6ker. M\u00e5nga kallar ju San Sebasti\u00e1n f\u00f6r matens huvudstad och sj\u00e4lvklart g\u00f6r vi ett stopp och en \u00f6vernattning d\u00e4r. Pintxos En&nbsp;pintxo \u00e4r en liten munsbit&nbsp;som serveras i barer eller [&hellip;]<\/p>\n","protected":false},"author":203917874,"featured_media":0,"parent":0,"menu_order":0,"comment_status":"closed","ping_status":"closed","template":"","meta":{"_coblocks_attr":"Roboto","_coblocks_dimensions":"","_coblocks_responsive_height":"","_coblocks_accordion_ie_support":"","footnotes":""},"class_list":["post-4870","page","type-page","status-publish","hentry"],"yoast_head":"<!-- This site is optimized with the Yoast SEO plugin v27.2 - https:\/\/yoast.com\/product\/yoast-seo-wordpress\/ -->\n<title>Baskien mat - INZAIN Cycling EXPERIENCES<\/title>\n<meta name=\"robots\" content=\"index, follow, max-snippet:-1, max-image-preview:large, max-video-preview:-1\" \/>\n<link rel=\"canonical\" href=\"https:\/\/inzain.bike\/de\/bas24-food\/\" \/>\n<meta property=\"og:locale\" content=\"de_DE\" \/>\n<meta property=\"og:type\" content=\"article\" \/>\n<meta property=\"og:title\" content=\"Baskien mat - INZAIN Cycling EXPERIENCES\" \/>\n<meta property=\"og:description\" content=\"Baskien \u00e4r mest k\u00e4nt f\u00f6r sin matkultur och sina tapas-liknande pintxos. Det finns \u00e4ven tre trestj\u00e4rniga Michelin-restauranger i landet, samtliga i provinsen som vi passerar och bes\u00f6ker. M\u00e5nga kallar ju San Sebasti\u00e1n f\u00f6r matens huvudstad och sj\u00e4lvklart g\u00f6r vi ett stopp och en \u00f6vernattning d\u00e4r. Pintxos En&nbsp;pintxo \u00e4r en liten munsbit&nbsp;som serveras i barer eller [&hellip;]\" \/>\n<meta property=\"og:url\" content=\"https:\/\/inzain.bike\/de\/bas24-food\/\" \/>\n<meta property=\"og:site_name\" content=\"INZAIN Cycling EXPERIENCES\" \/>\n<meta property=\"article:publisher\" content=\"https:\/\/www.facebook.com\/Inzain.bike\" \/>\n<meta property=\"article:modified_time\" content=\"2023-11-25T15:41:47+00:00\" \/>\n<meta property=\"og:image\" content=\"https:\/\/inzain.bike\/wp-content\/uploads\/2023\/11\/pexels-pixabay-262978-1024x683.jpg\" \/>\n<meta name=\"twitter:card\" content=\"summary_large_image\" \/>\n<meta name=\"twitter:label1\" content=\"Gesch\u00e4tzte Lesezeit\" \/>\n\t<meta name=\"twitter:data1\" content=\"2\u00a0Minuten\" \/>\n<script type=\"application\/ld+json\" class=\"yoast-schema-graph\">{\"@context\":\"https:\/\/schema.org\",\"@graph\":[{\"@type\":\"WebPage\",\"@id\":\"https:\/\/inzain.bike\/sv_se\/bas24-food\/\",\"url\":\"https:\/\/inzain.bike\/sv_se\/bas24-food\/\",\"name\":\"Baskien mat - INZAIN Cycling EXPERIENCES\",\"isPartOf\":{\"@id\":\"https:\/\/inzain.bike\/fr_be\/#website\"},\"primaryImageOfPage\":{\"@id\":\"https:\/\/inzain.bike\/sv_se\/bas24-food\/#primaryimage\"},\"image\":{\"@id\":\"https:\/\/inzain.bike\/sv_se\/bas24-food\/#primaryimage\"},\"thumbnailUrl\":\"https:\/\/inzain.bike\/wp-content\/uploads\/2023\/11\/pexels-pixabay-262978-1024x683.jpg\",\"datePublished\":\"2023-11-11T17:15:44+00:00\",\"dateModified\":\"2023-11-25T15:41:47+00:00\",\"breadcrumb\":{\"@id\":\"https:\/\/inzain.bike\/sv_se\/bas24-food\/#breadcrumb\"},\"inLanguage\":\"de\",\"potentialAction\":[{\"@type\":\"ReadAction\",\"target\":[\"https:\/\/inzain.bike\/sv_se\/bas24-food\/\"]}]},{\"@type\":\"ImageObject\",\"inLanguage\":\"de\",\"@id\":\"https:\/\/inzain.bike\/sv_se\/bas24-food\/#primaryimage\",\"url\":\"https:\/\/inzain.bike\/wp-content\/uploads\/2023\/11\/pexels-pixabay-262978-1024x683.jpg\",\"contentUrl\":\"https:\/\/inzain.bike\/wp-content\/uploads\/2023\/11\/pexels-pixabay-262978-1024x683.jpg\"},{\"@type\":\"BreadcrumbList\",\"@id\":\"https:\/\/inzain.bike\/sv_se\/bas24-food\/#breadcrumb\",\"itemListElement\":[{\"@type\":\"ListItem\",\"position\":1,\"name\":\"Hem\",\"item\":\"https:\/\/inzain.bike\/fr_be\/\"},{\"@type\":\"ListItem\",\"position\":2,\"name\":\"Baskien mat\"}]},{\"@type\":\"WebSite\",\"@id\":\"https:\/\/inzain.bike\/fr_be\/#website\",\"url\":\"https:\/\/inzain.bike\/fr_be\/\",\"name\":\"INZAIN Cycling EXPERIENCES\",\"description\":\"Cyckling Adventures  - for everyone\",\"publisher\":{\"@id\":\"https:\/\/inzain.bike\/fr_be\/#organization\"},\"alternateName\":\"INZAIN Gravel & Travel\",\"potentialAction\":[{\"@type\":\"SearchAction\",\"target\":{\"@type\":\"EntryPoint\",\"urlTemplate\":\"https:\/\/inzain.bike\/fr_be\/?s={search_term_string}\"},\"query-input\":{\"@type\":\"PropertyValueSpecification\",\"valueRequired\":true,\"valueName\":\"search_term_string\"}}],\"inLanguage\":\"de\"},{\"@type\":\"Organization\",\"@id\":\"https:\/\/inzain.bike\/fr_be\/#organization\",\"name\":\"INZAIN Cycling EXPERIENCES\",\"url\":\"https:\/\/inzain.bike\/fr_be\/\",\"logo\":{\"@type\":\"ImageObject\",\"inLanguage\":\"de\",\"@id\":\"https:\/\/inzain.bike\/fr_be\/#\/schema\/logo\/image\/\",\"url\":\"https:\/\/i0.wp.com\/inzain.bike\/wp-content\/uploads\/2023\/09\/cropped-INZAIN_512x512_white.png?fit=512%2C512&ssl=1\",\"contentUrl\":\"https:\/\/i0.wp.com\/inzain.bike\/wp-content\/uploads\/2023\/09\/cropped-INZAIN_512x512_white.png?fit=512%2C512&ssl=1\",\"width\":512,\"height\":512,\"caption\":\"INZAIN Cycling EXPERIENCES\"},\"image\":{\"@id\":\"https:\/\/inzain.bike\/fr_be\/#\/schema\/logo\/image\/\"},\"sameAs\":[\"https:\/\/www.facebook.com\/Inzain.bike\",\"https:\/\/www.instagram.com\/inzainbike\"]}]}<\/script>\n<!-- \/ Yoast SEO plugin. -->","yoast_head_json":{"title":"Baskisches Essen - INZAIN Cycling EXPERIENCES","robots":{"index":"index","follow":"follow","max-snippet":"max-snippet:-1","max-image-preview":"max-image-preview:large","max-video-preview":"max-video-preview:-1"},"canonical":"https:\/\/inzain.bike\/de\/bas24-food\/","og_locale":"de_DE","og_type":"article","og_title":"Baskien mat - INZAIN Cycling EXPERIENCES","og_description":"Baskien \u00e4r mest k\u00e4nt f\u00f6r sin matkultur och sina tapas-liknande pintxos. Det finns \u00e4ven tre trestj\u00e4rniga Michelin-restauranger i landet, samtliga i provinsen som vi passerar och bes\u00f6ker. M\u00e5nga kallar ju San Sebasti\u00e1n f\u00f6r matens huvudstad och sj\u00e4lvklart g\u00f6r vi ett stopp och en \u00f6vernattning d\u00e4r. Pintxos En&nbsp;pintxo \u00e4r en liten munsbit&nbsp;som serveras i barer eller [&hellip;]","og_url":"https:\/\/inzain.bike\/de\/bas24-food\/","og_site_name":"INZAIN Cycling EXPERIENCES","article_publisher":"https:\/\/www.facebook.com\/Inzain.bike","article_modified_time":"2023-11-25T15:41:47+00:00","og_image":[{"url":"https:\/\/inzain.bike\/wp-content\/uploads\/2023\/11\/pexels-pixabay-262978-1024x683.jpg","type":"","width":"","height":""}],"twitter_card":"summary_large_image","twitter_misc":{"Gesch\u00e4tzte Lesezeit":"2\u00a0Minuten"},"schema":{"@context":"https:\/\/schema.org","@graph":[{"@type":"WebPage","@id":"https:\/\/inzain.bike\/sv_se\/bas24-food\/","url":"https:\/\/inzain.bike\/sv_se\/bas24-food\/","name":"Baskisches Essen - INZAIN Cycling EXPERIENCES","isPartOf":{"@id":"https:\/\/inzain.bike\/fr_be\/#website"},"primaryImageOfPage":{"@id":"https:\/\/inzain.bike\/sv_se\/bas24-food\/#primaryimage"},"image":{"@id":"https:\/\/inzain.bike\/sv_se\/bas24-food\/#primaryimage"},"thumbnailUrl":"https:\/\/inzain.bike\/wp-content\/uploads\/2023\/11\/pexels-pixabay-262978-1024x683.jpg","datePublished":"2023-11-11T17:15:44+00:00","dateModified":"2023-11-25T15:41:47+00:00","breadcrumb":{"@id":"https:\/\/inzain.bike\/sv_se\/bas24-food\/#breadcrumb"},"inLanguage":"de","potentialAction":[{"@type":"ReadAction","target":["https:\/\/inzain.bike\/sv_se\/bas24-food\/"]}]},{"@type":"ImageObject","inLanguage":"de","@id":"https:\/\/inzain.bike\/sv_se\/bas24-food\/#primaryimage","url":"https:\/\/inzain.bike\/wp-content\/uploads\/2023\/11\/pexels-pixabay-262978-1024x683.jpg","contentUrl":"https:\/\/inzain.bike\/wp-content\/uploads\/2023\/11\/pexels-pixabay-262978-1024x683.jpg"},{"@type":"BreadcrumbList","@id":"https:\/\/inzain.bike\/sv_se\/bas24-food\/#breadcrumb","itemListElement":[{"@type":"ListItem","position":1,"name":"Hem","item":"https:\/\/inzain.bike\/fr_be\/"},{"@type":"ListItem","position":2,"name":"Baskien mat"}]},{"@type":"WebSite","@id":"https:\/\/inzain.bike\/fr_be\/#website","url":"https:\/\/inzain.bike\/fr_be\/","name":"INZAIN-Raderlebnisse","description":"Radabenteuer \u2013 f\u00fcr jedermann","publisher":{"@id":"https:\/\/inzain.bike\/fr_be\/#organization"},"alternateName":"INZAIN Gravel & Travel","potentialAction":[{"@type":"SearchAction","target":{"@type":"EntryPoint","urlTemplate":"https:\/\/inzain.bike\/fr_be\/?s={search_term_string}"},"query-input":{"@type":"PropertyValueSpecification","valueRequired":true,"valueName":"search_term_string"}}],"inLanguage":"de"},{"@type":"Organization","@id":"https:\/\/inzain.bike\/fr_be\/#organization","name":"INZAIN-Raderlebnisse","url":"https:\/\/inzain.bike\/fr_be\/","logo":{"@type":"ImageObject","inLanguage":"de","@id":"https:\/\/inzain.bike\/fr_be\/#\/schema\/logo\/image\/","url":"https:\/\/i0.wp.com\/inzain.bike\/wp-content\/uploads\/2023\/09\/cropped-INZAIN_512x512_white.png?fit=512%2C512&ssl=1","contentUrl":"https:\/\/i0.wp.com\/inzain.bike\/wp-content\/uploads\/2023\/09\/cropped-INZAIN_512x512_white.png?fit=512%2C512&ssl=1","width":512,"height":512,"caption":"INZAIN Cycling EXPERIENCES"},"image":{"@id":"https:\/\/inzain.bike\/fr_be\/#\/schema\/logo\/image\/"},"sameAs":["https:\/\/www.facebook.com\/Inzain.bike","https:\/\/www.instagram.com\/inzainbike"]}]}},"amp_enabled":true,"_links":{"self":[{"href":"https:\/\/inzain.bike\/de\/wp-json\/wp\/v2\/pages\/4870","targetHints":{"allow":["GET"]}}],"collection":[{"href":"https:\/\/inzain.bike\/de\/wp-json\/wp\/v2\/pages"}],"about":[{"href":"https:\/\/inzain.bike\/de\/wp-json\/wp\/v2\/types\/page"}],"author":[{"embeddable":true,"href":"https:\/\/inzain.bike\/de\/wp-json\/wp\/v2\/users\/203917874"}],"replies":[{"embeddable":true,"href":"https:\/\/inzain.bike\/de\/wp-json\/wp\/v2\/comments?post=4870"}],"version-history":[{"count":0,"href":"https:\/\/inzain.bike\/de\/wp-json\/wp\/v2\/pages\/4870\/revisions"}],"wp:attachment":[{"href":"https:\/\/inzain.bike\/de\/wp-json\/wp\/v2\/media?parent=4870"}],"curies":[{"name":"wp","href":"https:\/\/api.w.org\/{rel}","templated":true}]}}