{"id":5037,"date":"2023-11-11T17:35:12","date_gmt":"2023-11-11T16:35:12","guid":{"rendered":"https:\/\/inzain.bike\/?page_id=5037"},"modified":"2023-11-16T19:33:22","modified_gmt":"2023-11-16T18:33:22","slug":"cha24-om","status":"publish","type":"page","link":"https:\/\/inzain.bike\/de\/cha24-om\/","title":{"rendered":"\u00dcber Champagner"},"content":{"rendered":"<div class=\"wp-block-columns alignwide is-layout-flex wp-container-core-columns-is-layout-28f84493 wp-block-columns-is-layout-flex\">\n<div class=\"wp-block-column is-layout-flow wp-block-column-is-layout-flow\">\n<div class=\"wp-block-jetpack-tiled-gallery aligncenter is-style-rectangular\"><div class=\"tiled-gallery__gallery\"><div class=\"tiled-gallery__row\"><div class=\"tiled-gallery__col\" style=\"flex-basis:28.73051%\"><figure class=\"tiled-gallery__item\"><img decoding=\"async\" alt=\"\" data-height=\"3459\" data-id=\"5395\" data-link=\"https:\/\/inzain.bike\/cha24-om\/20230722_091211-2\/\" data-url=\"https:\/\/inzain.bike\/wp-content\/uploads\/2023\/11\/20230722_091211-888x1024.jpg\" data-width=\"3000\" src=\"https:\/\/i0.wp.com\/inzain.bike\/wp-content\/uploads\/2023\/11\/20230722_091211-888x1024.jpg?ssl=1\" data-amp-layout=\"responsive\"\/><\/figure><\/div><div class=\"tiled-gallery__col\" style=\"flex-basis:24.85973%\"><figure class=\"tiled-gallery__item\"><img decoding=\"async\" alt=\"\" data-height=\"4000\" data-id=\"5396\" data-link=\"https:\/\/inzain.bike\/cha24-om\/20230722_141217\/\" data-url=\"https:\/\/inzain.bike\/wp-content\/uploads\/2023\/11\/20230722_141217-768x1024.jpg\" data-width=\"3000\" src=\"https:\/\/i1.wp.com\/inzain.bike\/wp-content\/uploads\/2023\/11\/20230722_141217-768x1024.jpg?ssl=1\" data-amp-layout=\"responsive\"\/><\/figure><\/div><div class=\"tiled-gallery__col\" style=\"flex-basis:24.85973%\"><figure class=\"tiled-gallery__item\"><img decoding=\"async\" alt=\"\" data-height=\"4000\" data-id=\"5397\" data-link=\"https:\/\/inzain.bike\/cha24-om\/20230722_160405\/\" data-url=\"https:\/\/inzain.bike\/wp-content\/uploads\/2023\/11\/20230722_160405-768x1024.jpg\" data-width=\"3000\" src=\"https:\/\/i2.wp.com\/inzain.bike\/wp-content\/uploads\/2023\/11\/20230722_160405-768x1024.jpg?ssl=1\" data-amp-layout=\"responsive\"\/><\/figure><\/div><div class=\"tiled-gallery__col\" style=\"flex-basis:21.55003%\"><figure class=\"tiled-gallery__item\"><img decoding=\"async\" alt=\"\" data-height=\"3674\" data-id=\"5399\" data-link=\"https:\/\/inzain.bike\/cha24-om\/20230722_195642-2\/\" data-url=\"https:\/\/inzain.bike\/wp-content\/uploads\/2023\/11\/20230722_195642-665x1024.jpg\" data-width=\"2387\" src=\"https:\/\/i0.wp.com\/inzain.bike\/wp-content\/uploads\/2023\/11\/20230722_195642-665x1024.jpg?ssl=1\" data-amp-layout=\"responsive\"\/><\/figure><\/div><\/div><div class=\"tiled-gallery__row\"><div class=\"tiled-gallery__col\" style=\"flex-basis:39.75381%\"><figure class=\"tiled-gallery__item\"><img decoding=\"async\" alt=\"\" data-height=\"3192\" data-id=\"5400\" data-link=\"https:\/\/inzain.bike\/cha24-om\/20230723_122726-2\/\" data-url=\"https:\/\/inzain.bike\/wp-content\/uploads\/2023\/11\/20230723_122726-909x1024.jpg\" data-width=\"2835\" src=\"https:\/\/i1.wp.com\/inzain.bike\/wp-content\/uploads\/2023\/11\/20230723_122726-909x1024.jpg?ssl=1\" data-amp-layout=\"responsive\"\/><\/figure><\/div><div class=\"tiled-gallery__col\" style=\"flex-basis:30.96450%\"><figure class=\"tiled-gallery__item\"><img decoding=\"async\" alt=\"\" data-height=\"3498\" data-id=\"5401\" data-link=\"https:\/\/inzain.bike\/cha24-om\/20230723_122822\/\" data-url=\"https:\/\/inzain.bike\/wp-content\/uploads\/2023\/11\/20230723_122822-708x1024.jpg\" data-width=\"2418\" src=\"https:\/\/i0.wp.com\/inzain.bike\/wp-content\/uploads\/2023\/11\/20230723_122822-708x1024.jpg?ssl=1\" data-amp-layout=\"responsive\"\/><\/figure><\/div><div class=\"tiled-gallery__col\" style=\"flex-basis:29.28169%\"><figure class=\"tiled-gallery__item\"><img decoding=\"async\" alt=\"\" data-height=\"2618\" data-id=\"5402\" data-link=\"https:\/\/inzain.bike\/cha24-om\/20230723_125318\/\" data-url=\"https:\/\/inzain.bike\/wp-content\/uploads\/2023\/11\/20230723_125318-669x1024.jpg\" data-width=\"1711\" src=\"https:\/\/i2.wp.com\/inzain.bike\/wp-content\/uploads\/2023\/11\/20230723_125318-669x1024.jpg?ssl=1\" data-amp-layout=\"responsive\"\/><\/figure><\/div><\/div><div class=\"tiled-gallery__row\"><div class=\"tiled-gallery__col\" style=\"flex-basis:72.60875%\"><figure class=\"tiled-gallery__item\"><img decoding=\"async\" alt=\"\" data-height=\"2268\" data-id=\"5403\" data-link=\"https:\/\/inzain.bike\/cha24-om\/dji_0349-2\/\" data-url=\"https:\/\/inzain.bike\/wp-content\/uploads\/2023\/11\/DJI_0349-1024x576.png\" data-width=\"4032\" src=\"https:\/\/i1.wp.com\/inzain.bike\/wp-content\/uploads\/2023\/11\/DJI_0349-1024x576.png?ssl=1\" data-amp-layout=\"responsive\"\/><\/figure><\/div><div class=\"tiled-gallery__col\" style=\"flex-basis:27.39125%\"><figure class=\"tiled-gallery__item\"><img decoding=\"async\" alt=\"\" data-height=\"2888\" data-id=\"5410\" data-link=\"https:\/\/inzain.bike\/cha24-om\/pexels-cottonbro-studio-3171770\/\" data-url=\"https:\/\/inzain.bike\/wp-content\/uploads\/2023\/11\/pexels-cottonbro-studio-3171770-684x1024.jpg\" data-width=\"1929\" src=\"https:\/\/i0.wp.com\/inzain.bike\/wp-content\/uploads\/2023\/11\/pexels-cottonbro-studio-3171770-684x1024.jpg?ssl=1\" data-amp-layout=\"responsive\"\/><\/figure><\/div><\/div><div class=\"tiled-gallery__row\"><div class=\"tiled-gallery__col\" style=\"flex-basis:33.31920%\"><figure class=\"tiled-gallery__item\"><img decoding=\"async\" alt=\"\" data-height=\"7500\" data-id=\"5411\" data-link=\"https:\/\/inzain.bike\/cha24-om\/pexels-fotograf-jylland-2995333\/\" data-url=\"https:\/\/inzain.bike\/wp-content\/uploads\/2023\/11\/pexels-fotograf-jylland-2995333-683x1024.jpg\" data-width=\"5000\" src=\"https:\/\/i0.wp.com\/inzain.bike\/wp-content\/uploads\/2023\/11\/pexels-fotograf-jylland-2995333-683x1024.jpg?ssl=1\" data-amp-layout=\"responsive\"\/><\/figure><\/div><div class=\"tiled-gallery__col\" style=\"flex-basis:33.31569%\"><figure class=\"tiled-gallery__item\"><img decoding=\"async\" alt=\"\" data-height=\"4736\" data-id=\"5412\" data-link=\"https:\/\/inzain.bike\/cha24-om\/pexels-nadi-lindsay-2672898\/\" data-url=\"https:\/\/inzain.bike\/wp-content\/uploads\/2023\/11\/pexels-nadi-lindsay-2672898-683x1024.jpg\" data-width=\"3157\" src=\"https:\/\/i1.wp.com\/inzain.bike\/wp-content\/uploads\/2023\/11\/pexels-nadi-lindsay-2672898-683x1024.jpg?ssl=1\" data-amp-layout=\"responsive\"\/><\/figure><\/div><div class=\"tiled-gallery__col\" style=\"flex-basis:33.36511%\"><figure class=\"tiled-gallery__item\"><img decoding=\"async\" alt=\"\" data-height=\"3980\" data-id=\"5414\" data-link=\"https:\/\/inzain.bike\/cha24-om\/pexels-pavel-danilyuk-6405793\/\" data-url=\"https:\/\/inzain.bike\/wp-content\/uploads\/2023\/11\/pexels-pavel-danilyuk-6405793-684x1024.jpg\" data-width=\"2657\" src=\"https:\/\/i1.wp.com\/inzain.bike\/wp-content\/uploads\/2023\/11\/pexels-pavel-danilyuk-6405793-684x1024.jpg?ssl=1\" data-amp-layout=\"responsive\"\/><\/figure><\/div><\/div><\/div><\/div>\n<\/div>\n\n\n\n<div class=\"wp-block-column is-layout-flow wp-block-column-is-layout-flow\">\n<p>Man vergisst es schnell, weil der Name so gut f\u00fcr sich spricht. Mit seinem Erfolg ist Champagner zu einer eigenst\u00e4ndigen Marke geworden, aber man darf nicht vergessen, dass es sich in erster Linie um einen Wein handelt. Er geh\u00f6rt im Gegensatz zu den stillen Weinen zur Familie der Schaumweine.<\/p>\n\n\n\n<p>Am 4. Juli 2015 wurden \u201eWeinberge, Weinh\u00e4user und Weinkeller der Champagne\u201c in die Liste des UNESCO-Weltkulturerbes aufgenommen. Diese h\u00f6chste Auszeichnung ist nicht nur eine Anerkennung einer Kulturlandschaft, sondern auch der Arbeit einer Branche, die es geschafft hat, ein einzigartiges Produkt herzustellen, zu vertreiben und zu sch\u00fctzen.<\/p>\n\n\n\n<p>Das AOC-Gebiet wurde durch ein Gesetz aus dem Jahr 1927 festgelegt und umfasst 34.000 Hektar. Champagner ist ein Opfer seines Erfolgs und oft Opfer von Identit\u00e4tsdiebstahl. Man darf einen Wein nur dann Champagner nennen, wenn er im abgegrenzten Gebiet der Champagne in Frankreich hergestellt, geerntet und zubereitet wurde!<\/p>\n\n\n\n<p>Die Champagne ist in vier gro\u00dfe Regionen unterteilt. Ganz im Norden, Montagne de Reims, wo die Pinot Noir-Traube Kraft und Gro\u00dfz\u00fcgigkeit verleiht. Die Pinot-Meunier-Traube im Vall\u00e9 de la Marne, dem Marne-Tal, verleiht Champagner-Ros\u00e9 Fruchtigkeit. S\u00fcdlich von Epernay liegt die C\u00f4te des Blancs mit ihrem Kalksteinboden und ist das gelobte Land der Chardonnay-Traube. Weiter s\u00fcdlich liegt die C\u00f4te des Bar mit ihrem kontinentalen Klima, das einen leichten Pinot Noir hervorbringt.<br>Aber innerhalb dieser gro\u00dfen Linien liegt ein ganzes Mosaik von Mikrobereichen. Jeder Weinberg verleiht dem Wein seine eigene Identit\u00e4t.<\/p>\n\n\n\n<p>Ein Blanc de Blancs ist ein Champagner, der ausschlie\u00dflich aus gr\u00fcnen Trauben mit Chardonnay-Trauben hergestellt wird. Bisher ist alles fertig!<br>Ein Blanc de Noir wird ausschlie\u00dflich aus blauen Trauben (Pinot Noir und\/oder Pinot Meunier) hergestellt. Zwei Rebsorten mit farbiger Schale, aber innen wei\u00df.<\/p>\n\n\n\n<p>M\u00e9thode champenoise (oder traditionelle Methode) ist eine sorgf\u00e4ltig definierte Weinherstellungsmethode zur Herstellung von Champagner. Im Laufe der Jahrhunderte haben die Winzer der Champagne gelernt, \u201eihre Blasen zu z\u00e4hmen\u201c, um die Vielfalt und Exzellenz ihrer Weine sicherzustellen. \u201eDie gro\u00dfe Dame des Champagners\u201c, Madame Clicquot, wagte bereits im 18. Jahrhundert, sich \u00fcber die Regeln hinwegzusetzen und diese Technik zu verbessern.<\/p>\n<\/div>\n<\/div>","protected":false},"excerpt":{"rendered":"<p>Man gl\u00f6mmer n\u00e4sta bort det eftersom namnet talar s\u00e5 bra f\u00f6r sig sj\u00e4lv. I takt med sina framg\u00e5ngar har champagne blivit ett varum\u00e4rke i sig, men det \u00e4r viktigt att komma ih\u00e5g att det framf\u00f6r allt \u00e4r ett vin. Det tillh\u00f6r familjen mousserande-viner, i motsats till stilla viner. Den 4 juli 2015 blev \u201dChampagnes ving\u00e5rdar, [&hellip;]<\/p>\n","protected":false},"author":135133094,"featured_media":0,"parent":0,"menu_order":0,"comment_status":"closed","ping_status":"closed","template":"","meta":{"_coblocks_attr":"","_coblocks_dimensions":"","_coblocks_responsive_height":"","_coblocks_accordion_ie_support":"","footnotes":""},"class_list":["post-5037","page","type-page","status-publish","hentry"],"yoast_head":"<!-- This site is optimized with the Yoast SEO plugin v27.2 - https:\/\/yoast.com\/product\/yoast-seo-wordpress\/ -->\n<title>Om Champagne - INZAIN Cycling EXPERIENCES<\/title>\n<meta name=\"robots\" content=\"index, follow, max-snippet:-1, max-image-preview:large, max-video-preview:-1\" \/>\n<link rel=\"canonical\" href=\"https:\/\/inzain.bike\/de\/cha24-om\/\" \/>\n<meta property=\"og:locale\" content=\"de_DE\" \/>\n<meta property=\"og:type\" content=\"article\" \/>\n<meta property=\"og:title\" content=\"Om Champagne - INZAIN Cycling EXPERIENCES\" \/>\n<meta property=\"og:description\" content=\"Man gl\u00f6mmer n\u00e4sta bort det eftersom namnet talar s\u00e5 bra f\u00f6r sig sj\u00e4lv. I takt med sina framg\u00e5ngar har champagne blivit ett varum\u00e4rke i sig, men det \u00e4r viktigt att komma ih\u00e5g att det framf\u00f6r allt \u00e4r ett vin. Det tillh\u00f6r familjen mousserande-viner, i motsats till stilla viner. Den 4 juli 2015 blev \u201dChampagnes ving\u00e5rdar, [&hellip;]\" \/>\n<meta property=\"og:url\" content=\"https:\/\/inzain.bike\/de\/cha24-om\/\" \/>\n<meta property=\"og:site_name\" content=\"INZAIN Cycling EXPERIENCES\" \/>\n<meta property=\"article:publisher\" content=\"https:\/\/www.facebook.com\/Inzain.bike\" \/>\n<meta property=\"article:modified_time\" content=\"2023-11-16T18:33:22+00:00\" \/>\n<meta property=\"og:image\" content=\"https:\/\/i0.wp.com\/inzain.bike\/wp-content\/uploads\/2023\/11\/20230722_091211-888x1024.jpg?ssl=1\" \/>\n<meta name=\"twitter:card\" content=\"summary_large_image\" \/>\n<meta name=\"twitter:label1\" content=\"Gesch\u00e4tzte Lesezeit\" \/>\n\t<meta name=\"twitter:data1\" content=\"4\u00a0Minuten\" \/>\n<script type=\"application\/ld+json\" class=\"yoast-schema-graph\">{\"@context\":\"https:\/\/schema.org\",\"@graph\":[{\"@type\":\"WebPage\",\"@id\":\"https:\/\/inzain.bike\/sv_se\/cha24-om\/\",\"url\":\"https:\/\/inzain.bike\/sv_se\/cha24-om\/\",\"name\":\"Om Champagne - INZAIN Cycling EXPERIENCES\",\"isPartOf\":{\"@id\":\"https:\/\/inzain.bike\/fr_be\/#website\"},\"primaryImageOfPage\":{\"@id\":\"https:\/\/inzain.bike\/sv_se\/cha24-om\/#primaryimage\"},\"image\":{\"@id\":\"https:\/\/inzain.bike\/sv_se\/cha24-om\/#primaryimage\"},\"thumbnailUrl\":\"https:\/\/i0.wp.com\/inzain.bike\/wp-content\/uploads\/2023\/11\/20230722_091211-888x1024.jpg?ssl=1\",\"datePublished\":\"2023-11-11T16:35:12+00:00\",\"dateModified\":\"2023-11-16T18:33:22+00:00\",\"breadcrumb\":{\"@id\":\"https:\/\/inzain.bike\/sv_se\/cha24-om\/#breadcrumb\"},\"inLanguage\":\"de\",\"potentialAction\":[{\"@type\":\"ReadAction\",\"target\":[\"https:\/\/inzain.bike\/sv_se\/cha24-om\/\"]}]},{\"@type\":\"ImageObject\",\"inLanguage\":\"de\",\"@id\":\"https:\/\/inzain.bike\/sv_se\/cha24-om\/#primaryimage\",\"url\":\"https:\/\/i0.wp.com\/inzain.bike\/wp-content\/uploads\/2023\/11\/20230722_091211-888x1024.jpg?ssl=1\",\"contentUrl\":\"https:\/\/i0.wp.com\/inzain.bike\/wp-content\/uploads\/2023\/11\/20230722_091211-888x1024.jpg?ssl=1\"},{\"@type\":\"BreadcrumbList\",\"@id\":\"https:\/\/inzain.bike\/sv_se\/cha24-om\/#breadcrumb\",\"itemListElement\":[{\"@type\":\"ListItem\",\"position\":1,\"name\":\"Hem\",\"item\":\"https:\/\/inzain.bike\/fr_be\/\"},{\"@type\":\"ListItem\",\"position\":2,\"name\":\"Om Champagne\"}]},{\"@type\":\"WebSite\",\"@id\":\"https:\/\/inzain.bike\/fr_be\/#website\",\"url\":\"https:\/\/inzain.bike\/fr_be\/\",\"name\":\"INZAIN Cycling EXPERIENCES\",\"description\":\"Cyckling Adventures  - for everyone\",\"publisher\":{\"@id\":\"https:\/\/inzain.bike\/fr_be\/#organization\"},\"alternateName\":\"INZAIN Gravel & Travel\",\"potentialAction\":[{\"@type\":\"SearchAction\",\"target\":{\"@type\":\"EntryPoint\",\"urlTemplate\":\"https:\/\/inzain.bike\/fr_be\/?s={search_term_string}\"},\"query-input\":{\"@type\":\"PropertyValueSpecification\",\"valueRequired\":true,\"valueName\":\"search_term_string\"}}],\"inLanguage\":\"de\"},{\"@type\":\"Organization\",\"@id\":\"https:\/\/inzain.bike\/fr_be\/#organization\",\"name\":\"INZAIN Cycling EXPERIENCES\",\"url\":\"https:\/\/inzain.bike\/fr_be\/\",\"logo\":{\"@type\":\"ImageObject\",\"inLanguage\":\"de\",\"@id\":\"https:\/\/inzain.bike\/fr_be\/#\/schema\/logo\/image\/\",\"url\":\"https:\/\/i0.wp.com\/inzain.bike\/wp-content\/uploads\/2023\/09\/cropped-INZAIN_512x512_white.png?fit=512%2C512&ssl=1\",\"contentUrl\":\"https:\/\/i0.wp.com\/inzain.bike\/wp-content\/uploads\/2023\/09\/cropped-INZAIN_512x512_white.png?fit=512%2C512&ssl=1\",\"width\":512,\"height\":512,\"caption\":\"INZAIN Cycling EXPERIENCES\"},\"image\":{\"@id\":\"https:\/\/inzain.bike\/fr_be\/#\/schema\/logo\/image\/\"},\"sameAs\":[\"https:\/\/www.facebook.com\/Inzain.bike\",\"https:\/\/www.instagram.com\/inzainbike\"]}]}<\/script>\n<!-- \/ Yoast SEO plugin. -->","yoast_head_json":{"title":"\u00dcber Champagner - INZAIN Cycling EXPERIENCES","robots":{"index":"index","follow":"follow","max-snippet":"max-snippet:-1","max-image-preview":"max-image-preview:large","max-video-preview":"max-video-preview:-1"},"canonical":"https:\/\/inzain.bike\/de\/cha24-om\/","og_locale":"de_DE","og_type":"article","og_title":"Om Champagne - INZAIN Cycling EXPERIENCES","og_description":"Man gl\u00f6mmer n\u00e4sta bort det eftersom namnet talar s\u00e5 bra f\u00f6r sig sj\u00e4lv. I takt med sina framg\u00e5ngar har champagne blivit ett varum\u00e4rke i sig, men det \u00e4r viktigt att komma ih\u00e5g att det framf\u00f6r allt \u00e4r ett vin. Det tillh\u00f6r familjen mousserande-viner, i motsats till stilla viner. Den 4 juli 2015 blev \u201dChampagnes ving\u00e5rdar, [&hellip;]","og_url":"https:\/\/inzain.bike\/de\/cha24-om\/","og_site_name":"INZAIN Cycling EXPERIENCES","article_publisher":"https:\/\/www.facebook.com\/Inzain.bike","article_modified_time":"2023-11-16T18:33:22+00:00","og_image":[{"url":"https:\/\/i0.wp.com\/inzain.bike\/wp-content\/uploads\/2023\/11\/20230722_091211-888x1024.jpg?ssl=1","type":"","width":"","height":""}],"twitter_card":"summary_large_image","twitter_misc":{"Gesch\u00e4tzte Lesezeit":"4\u00a0Minuten"},"schema":{"@context":"https:\/\/schema.org","@graph":[{"@type":"WebPage","@id":"https:\/\/inzain.bike\/sv_se\/cha24-om\/","url":"https:\/\/inzain.bike\/sv_se\/cha24-om\/","name":"\u00dcber Champagner - INZAIN Cycling EXPERIENCES","isPartOf":{"@id":"https:\/\/inzain.bike\/fr_be\/#website"},"primaryImageOfPage":{"@id":"https:\/\/inzain.bike\/sv_se\/cha24-om\/#primaryimage"},"image":{"@id":"https:\/\/inzain.bike\/sv_se\/cha24-om\/#primaryimage"},"thumbnailUrl":"https:\/\/i0.wp.com\/inzain.bike\/wp-content\/uploads\/2023\/11\/20230722_091211-888x1024.jpg?ssl=1","datePublished":"2023-11-11T16:35:12+00:00","dateModified":"2023-11-16T18:33:22+00:00","breadcrumb":{"@id":"https:\/\/inzain.bike\/sv_se\/cha24-om\/#breadcrumb"},"inLanguage":"de","potentialAction":[{"@type":"ReadAction","target":["https:\/\/inzain.bike\/sv_se\/cha24-om\/"]}]},{"@type":"ImageObject","inLanguage":"de","@id":"https:\/\/inzain.bike\/sv_se\/cha24-om\/#primaryimage","url":"https:\/\/i0.wp.com\/inzain.bike\/wp-content\/uploads\/2023\/11\/20230722_091211-888x1024.jpg?ssl=1","contentUrl":"https:\/\/i0.wp.com\/inzain.bike\/wp-content\/uploads\/2023\/11\/20230722_091211-888x1024.jpg?ssl=1"},{"@type":"BreadcrumbList","@id":"https:\/\/inzain.bike\/sv_se\/cha24-om\/#breadcrumb","itemListElement":[{"@type":"ListItem","position":1,"name":"Hem","item":"https:\/\/inzain.bike\/fr_be\/"},{"@type":"ListItem","position":2,"name":"Om Champagne"}]},{"@type":"WebSite","@id":"https:\/\/inzain.bike\/fr_be\/#website","url":"https:\/\/inzain.bike\/fr_be\/","name":"INZAIN-Raderlebnisse","description":"Radabenteuer \u2013 f\u00fcr jedermann","publisher":{"@id":"https:\/\/inzain.bike\/fr_be\/#organization"},"alternateName":"INZAIN Gravel & Travel","potentialAction":[{"@type":"SearchAction","target":{"@type":"EntryPoint","urlTemplate":"https:\/\/inzain.bike\/fr_be\/?s={search_term_string}"},"query-input":{"@type":"PropertyValueSpecification","valueRequired":true,"valueName":"search_term_string"}}],"inLanguage":"de"},{"@type":"Organization","@id":"https:\/\/inzain.bike\/fr_be\/#organization","name":"INZAIN-Raderlebnisse","url":"https:\/\/inzain.bike\/fr_be\/","logo":{"@type":"ImageObject","inLanguage":"de","@id":"https:\/\/inzain.bike\/fr_be\/#\/schema\/logo\/image\/","url":"https:\/\/i0.wp.com\/inzain.bike\/wp-content\/uploads\/2023\/09\/cropped-INZAIN_512x512_white.png?fit=512%2C512&ssl=1","contentUrl":"https:\/\/i0.wp.com\/inzain.bike\/wp-content\/uploads\/2023\/09\/cropped-INZAIN_512x512_white.png?fit=512%2C512&ssl=1","width":512,"height":512,"caption":"INZAIN Cycling EXPERIENCES"},"image":{"@id":"https:\/\/inzain.bike\/fr_be\/#\/schema\/logo\/image\/"},"sameAs":["https:\/\/www.facebook.com\/Inzain.bike","https:\/\/www.instagram.com\/inzainbike"]}]}},"amp_enabled":true,"_links":{"self":[{"href":"https:\/\/inzain.bike\/de\/wp-json\/wp\/v2\/pages\/5037","targetHints":{"allow":["GET"]}}],"collection":[{"href":"https:\/\/inzain.bike\/de\/wp-json\/wp\/v2\/pages"}],"about":[{"href":"https:\/\/inzain.bike\/de\/wp-json\/wp\/v2\/types\/page"}],"author":[{"embeddable":true,"href":"https:\/\/inzain.bike\/de\/wp-json\/wp\/v2\/users\/135133094"}],"replies":[{"embeddable":true,"href":"https:\/\/inzain.bike\/de\/wp-json\/wp\/v2\/comments?post=5037"}],"version-history":[{"count":0,"href":"https:\/\/inzain.bike\/de\/wp-json\/wp\/v2\/pages\/5037\/revisions"}],"wp:attachment":[{"href":"https:\/\/inzain.bike\/de\/wp-json\/wp\/v2\/media?parent=5037"}],"curies":[{"name":"wp","href":"https:\/\/api.w.org\/{rel}","templated":true}]}}