{"id":5044,"date":"2023-11-11T17:38:00","date_gmt":"2023-11-11T16:38:00","guid":{"rendered":"https:\/\/inzain.bike\/?page_id=5044"},"modified":"2023-11-21T19:51:29","modified_gmt":"2023-11-21T18:51:29","slug":"cha24-cykling","status":"publish","type":"page","link":"https:\/\/inzain.bike\/de\/cha24-cykling\/","title":{"rendered":"Champagner-Radfahren"},"content":{"rendered":"<div class=\"wp-block-columns alignwide is-layout-flex wp-container-core-columns-is-layout-28f84493 wp-block-columns-is-layout-flex\">\n<div class=\"wp-block-column is-layout-flow wp-block-column-is-layout-flow\">\n<p class=\"has-roboto-font-family has-custom-font\" style=\"font-family:Roboto\">In der Champagne gibt es viele sch\u00f6ne Stra\u00dfen, sowohl auf Schotter als auch auf Asphalt. Wir waren dort und haben die besten Routen herausgefunden. Das Niveau des Radfahrens ist so hoch, dass es jeder bew\u00e4ltigen kann. Die Touren auf dieser Reise sind etwas k\u00fcrzer und einfacher als in anderen Resorts, aber es wird auch Herausforderungen geben. Wir halten an und essen in guten Restaurants zu Mittag. Au\u00dferdem gibt es eine Kaffeepause. Wenn etwas passiert, ist unser Safety Car zur Stelle, um zu helfen.<\/p>\n\n\n\n<figure class=\"wp-block-image aligncenter size-full\"><img loading=\"lazy\" decoding=\"async\" width=\"808\" height=\"400\" src=\"https:\/\/inzain.bike\/wp-content\/uploads\/2023\/11\/champagne_pic_808-1.png\" alt=\"\" class=\"wp-image-5492\" srcset=\"https:\/\/inzain.bike\/wp-content\/uploads\/2023\/11\/champagne_pic_808-1.png 808w, https:\/\/inzain.bike\/wp-content\/uploads\/2023\/11\/champagne_pic_808-1-300x149.png 300w, https:\/\/inzain.bike\/wp-content\/uploads\/2023\/11\/champagne_pic_808-1-768x380.png 768w, https:\/\/inzain.bike\/wp-content\/uploads\/2023\/11\/champagne_pic_808-1-18x9.png 18w, https:\/\/inzain.bike\/wp-content\/uploads\/2023\/11\/champagne_pic_808-1-600x297.png 600w\" sizes=\"auto, (max-width: 808px) 100vw, 808px\" \/><\/figure>\n\n\n\n<p>Die Stra\u00dfen sind abwechslungsreich, wir radeln durch Felder, Weinberge, Asphaltwege und Feldwege. <\/p>\n\n\n\n<p><strong>Zeitplan<\/strong><\/p>\n\n\n\n<p><strong>Samstag, 25. Mai<\/strong><br>Ankunft und Check-in. Bauen Sie ein Fahrrad (oder holen Sie sich ein Leihfahrrad). Wir machen eine Check-out-Fahrt, um zu \u00fcberpr\u00fcfen, ob alle Fahrr\u00e4der in Ordnung sind.<br>Dann erwarten Sie Abendessen, Informationen und vielleicht ein Glas Champagner? <\/p>\n\n\n\n<p><strong>Sonntag, 26. Mai<\/strong><\/p>\n\n\n\n<p><strong>Montag, 27. Mai<\/strong><br>F\u00fcr diejenigen, die eine etwas h\u00e4rtere Fahrt w\u00fcnschen, ist sie vor dem Ruhetag gut geeignet. Wer es aber ruhig angehen lassen m\u00f6chte, hat auch die Wahl zwischen k\u00fcrzeren Touren.<br>Am Abend erwartet Sie eine Champagnerverkostung in unserem Hotel.<\/p>\n\n\n\n<p><strong>Dienstag, 28. Mai Ruhetag<\/strong><br>Ein Tag f\u00fcr Ruhe und Aktivit\u00e4ten. Ballonfahrt, Bootsfahrt auf dem Kanal oder einfach nur ein Spaziergang durch Epernay, Sie haben die Wahl.<\/p>\n\n\n\n<p><strong>Mittwoch, 29. Mai<\/strong><br>Mit ausgeruhten Beinen nehmen wir die heutige Fahrt in Angriff, wie immer stehen verschiedene L\u00e4ngen zur Auswahl. Au\u00dferdem erwartet Sie ein besonders gutes Mittagessen.<\/p>\n\n\n\n<p><strong>Donnerstag, 30. Mai<\/strong><br>Eine h\u00e4rtere Fahrt heute f\u00fcr diejenigen, die es wollen. Es wartet auch eine \u00dcberraschung auf Sie.<\/p>\n\n\n\n<p><strong>Freitag, 31. Mai<\/strong><br>Der letzte Radtag, eine Fahrt, die lang genug ist, damit Sie rechtzeitig nach Hause kommen, um das Packen, die R\u00fcckgabe des Fahrrads und andere Dinge zu organisieren.<br>Abschlie\u00dfendes Abendessen im Hotel.<\/p>\n\n\n\n<p><strong>Samstag, 1. Juni<\/strong><br>Auschecken und Heimkehr.<\/p>\n\n\n\n<p><\/p>\n<\/div>\n<\/div>","protected":false},"excerpt":{"rendered":"<p>Champagne har m\u00e5nga fina v\u00e4gar b\u00e5de p\u00e5 grus och asfalt. Vi har varit d\u00e4r och rekat ut de b\u00e4sta v\u00e4garna. Niv\u00e5n p\u00e5 cyklingen \u00e4r s\u00e5dan att alla klarar det. Turerna p\u00e5 denna resa \u00e4r lite kortare och lite sn\u00e4llare \u00e4n p\u00e5 andra orter, men det kommer finnas utmaningar ocks\u00e5. Vi stannar och \u00e4ter lunch p\u00e5 [&hellip;]<\/p>\n","protected":false},"author":135133094,"featured_media":0,"parent":0,"menu_order":0,"comment_status":"closed","ping_status":"closed","template":"","meta":{"_coblocks_attr":"Roboto,Roboto","_coblocks_dimensions":"","_coblocks_responsive_height":"","_coblocks_accordion_ie_support":"","footnotes":""},"class_list":["post-5044","page","type-page","status-publish","hentry"],"yoast_head":"<!-- This site is optimized with the Yoast SEO plugin v27.2 - https:\/\/yoast.com\/product\/yoast-seo-wordpress\/ -->\n<title>Champagne Cykling - INZAIN Cycling EXPERIENCES<\/title>\n<meta name=\"robots\" content=\"index, follow, max-snippet:-1, max-image-preview:large, max-video-preview:-1\" \/>\n<link rel=\"canonical\" href=\"https:\/\/inzain.bike\/de\/cha24-cykling\/\" \/>\n<meta property=\"og:locale\" content=\"de_DE\" \/>\n<meta property=\"og:type\" content=\"article\" \/>\n<meta property=\"og:title\" content=\"Champagne Cykling - INZAIN Cycling EXPERIENCES\" \/>\n<meta property=\"og:description\" content=\"Champagne har m\u00e5nga fina v\u00e4gar b\u00e5de p\u00e5 grus och asfalt. Vi har varit d\u00e4r och rekat ut de b\u00e4sta v\u00e4garna. Niv\u00e5n p\u00e5 cyklingen \u00e4r s\u00e5dan att alla klarar det. Turerna p\u00e5 denna resa \u00e4r lite kortare och lite sn\u00e4llare \u00e4n p\u00e5 andra orter, men det kommer finnas utmaningar ocks\u00e5. Vi stannar och \u00e4ter lunch p\u00e5 [&hellip;]\" \/>\n<meta property=\"og:url\" content=\"https:\/\/inzain.bike\/de\/cha24-cykling\/\" \/>\n<meta property=\"og:site_name\" content=\"INZAIN Cycling EXPERIENCES\" \/>\n<meta property=\"article:publisher\" content=\"https:\/\/www.facebook.com\/Inzain.bike\" \/>\n<meta property=\"article:modified_time\" content=\"2023-11-21T18:51:29+00:00\" \/>\n<meta property=\"og:image\" content=\"https:\/\/inzain.bike\/wp-content\/uploads\/2023\/11\/champagne_pic_808-1.png\" \/>\n<meta name=\"twitter:card\" content=\"summary_large_image\" \/>\n<meta name=\"twitter:label1\" content=\"Gesch\u00e4tzte Lesezeit\" \/>\n\t<meta name=\"twitter:data1\" content=\"2\u00a0Minuten\" \/>\n<script type=\"application\/ld+json\" class=\"yoast-schema-graph\">{\"@context\":\"https:\/\/schema.org\",\"@graph\":[{\"@type\":\"WebPage\",\"@id\":\"https:\/\/inzain.bike\/nl_be\/cha24-cykling\/\",\"url\":\"https:\/\/inzain.bike\/nl_be\/cha24-cykling\/\",\"name\":\"Champagne Cykling - INZAIN Cycling EXPERIENCES\",\"isPartOf\":{\"@id\":\"https:\/\/inzain.bike\/fr_be\/#website\"},\"primaryImageOfPage\":{\"@id\":\"https:\/\/inzain.bike\/nl_be\/cha24-cykling\/#primaryimage\"},\"image\":{\"@id\":\"https:\/\/inzain.bike\/nl_be\/cha24-cykling\/#primaryimage\"},\"thumbnailUrl\":\"https:\/\/inzain.bike\/wp-content\/uploads\/2023\/11\/champagne_pic_808-1.png\",\"datePublished\":\"2023-11-11T16:38:00+00:00\",\"dateModified\":\"2023-11-21T18:51:29+00:00\",\"breadcrumb\":{\"@id\":\"https:\/\/inzain.bike\/nl_be\/cha24-cykling\/#breadcrumb\"},\"inLanguage\":\"de\",\"potentialAction\":[{\"@type\":\"ReadAction\",\"target\":[\"https:\/\/inzain.bike\/nl_be\/cha24-cykling\/\"]}]},{\"@type\":\"ImageObject\",\"inLanguage\":\"de\",\"@id\":\"https:\/\/inzain.bike\/nl_be\/cha24-cykling\/#primaryimage\",\"url\":\"https:\/\/inzain.bike\/wp-content\/uploads\/2023\/11\/champagne_pic_808-1.png\",\"contentUrl\":\"https:\/\/inzain.bike\/wp-content\/uploads\/2023\/11\/champagne_pic_808-1.png\"},{\"@type\":\"BreadcrumbList\",\"@id\":\"https:\/\/inzain.bike\/nl_be\/cha24-cykling\/#breadcrumb\",\"itemListElement\":[{\"@type\":\"ListItem\",\"position\":1,\"name\":\"Hem\",\"item\":\"https:\/\/inzain.bike\/fr_be\/\"},{\"@type\":\"ListItem\",\"position\":2,\"name\":\"Champagne Cykling\"}]},{\"@type\":\"WebSite\",\"@id\":\"https:\/\/inzain.bike\/fr_be\/#website\",\"url\":\"https:\/\/inzain.bike\/fr_be\/\",\"name\":\"INZAIN Cycling EXPERIENCES\",\"description\":\"Cyckling Adventures  - for everyone\",\"publisher\":{\"@id\":\"https:\/\/inzain.bike\/fr_be\/#organization\"},\"alternateName\":\"INZAIN Gravel & Travel\",\"potentialAction\":[{\"@type\":\"SearchAction\",\"target\":{\"@type\":\"EntryPoint\",\"urlTemplate\":\"https:\/\/inzain.bike\/fr_be\/?s={search_term_string}\"},\"query-input\":{\"@type\":\"PropertyValueSpecification\",\"valueRequired\":true,\"valueName\":\"search_term_string\"}}],\"inLanguage\":\"de\"},{\"@type\":\"Organization\",\"@id\":\"https:\/\/inzain.bike\/fr_be\/#organization\",\"name\":\"INZAIN Cycling EXPERIENCES\",\"url\":\"https:\/\/inzain.bike\/fr_be\/\",\"logo\":{\"@type\":\"ImageObject\",\"inLanguage\":\"de\",\"@id\":\"https:\/\/inzain.bike\/fr_be\/#\/schema\/logo\/image\/\",\"url\":\"https:\/\/i0.wp.com\/inzain.bike\/wp-content\/uploads\/2023\/09\/cropped-INZAIN_512x512_white.png?fit=512%2C512&ssl=1\",\"contentUrl\":\"https:\/\/i0.wp.com\/inzain.bike\/wp-content\/uploads\/2023\/09\/cropped-INZAIN_512x512_white.png?fit=512%2C512&ssl=1\",\"width\":512,\"height\":512,\"caption\":\"INZAIN Cycling EXPERIENCES\"},\"image\":{\"@id\":\"https:\/\/inzain.bike\/fr_be\/#\/schema\/logo\/image\/\"},\"sameAs\":[\"https:\/\/www.facebook.com\/Inzain.bike\",\"https:\/\/www.instagram.com\/inzainbike\"]}]}<\/script>\n<!-- \/ Yoast SEO plugin. -->","yoast_head_json":{"title":"Champagner-Radfahren - INZAIN Cycling EXPERIENCES","robots":{"index":"index","follow":"follow","max-snippet":"max-snippet:-1","max-image-preview":"max-image-preview:large","max-video-preview":"max-video-preview:-1"},"canonical":"https:\/\/inzain.bike\/de\/cha24-cykling\/","og_locale":"de_DE","og_type":"article","og_title":"Champagne Cykling - INZAIN Cycling EXPERIENCES","og_description":"Champagne har m\u00e5nga fina v\u00e4gar b\u00e5de p\u00e5 grus och asfalt. Vi har varit d\u00e4r och rekat ut de b\u00e4sta v\u00e4garna. Niv\u00e5n p\u00e5 cyklingen \u00e4r s\u00e5dan att alla klarar det. Turerna p\u00e5 denna resa \u00e4r lite kortare och lite sn\u00e4llare \u00e4n p\u00e5 andra orter, men det kommer finnas utmaningar ocks\u00e5. Vi stannar och \u00e4ter lunch p\u00e5 [&hellip;]","og_url":"https:\/\/inzain.bike\/de\/cha24-cykling\/","og_site_name":"INZAIN Cycling EXPERIENCES","article_publisher":"https:\/\/www.facebook.com\/Inzain.bike","article_modified_time":"2023-11-21T18:51:29+00:00","og_image":[{"url":"https:\/\/inzain.bike\/wp-content\/uploads\/2023\/11\/champagne_pic_808-1.png","type":"","width":"","height":""}],"twitter_card":"summary_large_image","twitter_misc":{"Gesch\u00e4tzte Lesezeit":"2\u00a0Minuten"},"schema":{"@context":"https:\/\/schema.org","@graph":[{"@type":"WebPage","@id":"https:\/\/inzain.bike\/nl_be\/cha24-cykling\/","url":"https:\/\/inzain.bike\/nl_be\/cha24-cykling\/","name":"Champagner-Radfahren - INZAIN Cycling EXPERIENCES","isPartOf":{"@id":"https:\/\/inzain.bike\/fr_be\/#website"},"primaryImageOfPage":{"@id":"https:\/\/inzain.bike\/nl_be\/cha24-cykling\/#primaryimage"},"image":{"@id":"https:\/\/inzain.bike\/nl_be\/cha24-cykling\/#primaryimage"},"thumbnailUrl":"https:\/\/inzain.bike\/wp-content\/uploads\/2023\/11\/champagne_pic_808-1.png","datePublished":"2023-11-11T16:38:00+00:00","dateModified":"2023-11-21T18:51:29+00:00","breadcrumb":{"@id":"https:\/\/inzain.bike\/nl_be\/cha24-cykling\/#breadcrumb"},"inLanguage":"de","potentialAction":[{"@type":"ReadAction","target":["https:\/\/inzain.bike\/nl_be\/cha24-cykling\/"]}]},{"@type":"ImageObject","inLanguage":"de","@id":"https:\/\/inzain.bike\/nl_be\/cha24-cykling\/#primaryimage","url":"https:\/\/inzain.bike\/wp-content\/uploads\/2023\/11\/champagne_pic_808-1.png","contentUrl":"https:\/\/inzain.bike\/wp-content\/uploads\/2023\/11\/champagne_pic_808-1.png"},{"@type":"BreadcrumbList","@id":"https:\/\/inzain.bike\/nl_be\/cha24-cykling\/#breadcrumb","itemListElement":[{"@type":"ListItem","position":1,"name":"Hem","item":"https:\/\/inzain.bike\/fr_be\/"},{"@type":"ListItem","position":2,"name":"Champagne Cykling"}]},{"@type":"WebSite","@id":"https:\/\/inzain.bike\/fr_be\/#website","url":"https:\/\/inzain.bike\/fr_be\/","name":"INZAIN-Raderlebnisse","description":"Radabenteuer \u2013 f\u00fcr jedermann","publisher":{"@id":"https:\/\/inzain.bike\/fr_be\/#organization"},"alternateName":"INZAIN Gravel & Travel","potentialAction":[{"@type":"SearchAction","target":{"@type":"EntryPoint","urlTemplate":"https:\/\/inzain.bike\/fr_be\/?s={search_term_string}"},"query-input":{"@type":"PropertyValueSpecification","valueRequired":true,"valueName":"search_term_string"}}],"inLanguage":"de"},{"@type":"Organization","@id":"https:\/\/inzain.bike\/fr_be\/#organization","name":"INZAIN-Raderlebnisse","url":"https:\/\/inzain.bike\/fr_be\/","logo":{"@type":"ImageObject","inLanguage":"de","@id":"https:\/\/inzain.bike\/fr_be\/#\/schema\/logo\/image\/","url":"https:\/\/i0.wp.com\/inzain.bike\/wp-content\/uploads\/2023\/09\/cropped-INZAIN_512x512_white.png?fit=512%2C512&ssl=1","contentUrl":"https:\/\/i0.wp.com\/inzain.bike\/wp-content\/uploads\/2023\/09\/cropped-INZAIN_512x512_white.png?fit=512%2C512&ssl=1","width":512,"height":512,"caption":"INZAIN Cycling EXPERIENCES"},"image":{"@id":"https:\/\/inzain.bike\/fr_be\/#\/schema\/logo\/image\/"},"sameAs":["https:\/\/www.facebook.com\/Inzain.bike","https:\/\/www.instagram.com\/inzainbike"]}]}},"amp_enabled":true,"_links":{"self":[{"href":"https:\/\/inzain.bike\/de\/wp-json\/wp\/v2\/pages\/5044","targetHints":{"allow":["GET"]}}],"collection":[{"href":"https:\/\/inzain.bike\/de\/wp-json\/wp\/v2\/pages"}],"about":[{"href":"https:\/\/inzain.bike\/de\/wp-json\/wp\/v2\/types\/page"}],"author":[{"embeddable":true,"href":"https:\/\/inzain.bike\/de\/wp-json\/wp\/v2\/users\/135133094"}],"replies":[{"embeddable":true,"href":"https:\/\/inzain.bike\/de\/wp-json\/wp\/v2\/comments?post=5044"}],"version-history":[{"count":0,"href":"https:\/\/inzain.bike\/de\/wp-json\/wp\/v2\/pages\/5044\/revisions"}],"wp:attachment":[{"href":"https:\/\/inzain.bike\/de\/wp-json\/wp\/v2\/media?parent=5044"}],"curies":[{"name":"wp","href":"https:\/\/api.w.org\/{rel}","templated":true}]}}