{"id":5144,"date":"2023-11-11T20:47:14","date_gmt":"2023-11-11T19:47:14","guid":{"rendered":"https:\/\/inzain.bike\/?page_id=5144"},"modified":"2026-01-12T12:13:18","modified_gmt":"2026-01-12T11:13:18","slug":"gir24-aktiviteter","status":"publish","type":"page","link":"https:\/\/inzain.bike\/de\/gir24-aktiviteter\/","title":{"rendered":"Girona-Aktivit\u00e4ten"},"content":{"rendered":"<div class=\"wp-block-columns alignwide is-layout-flex wp-container-core-columns-is-layout-28f84493 wp-block-columns-is-layout-flex\">\n<div class=\"wp-block-column is-layout-flow wp-block-column-is-layout-flow\">\n<p class=\"has-roboto-font-family has-custom-font\" style=\"font-family:Roboto\">An unserem Ruhetag gibt es mehrere M\u00f6glichkeiten. Vielleicht m\u00f6chten Sie es einfach nur ruhig angehen lassen, Girona erkunden, einen guten Kaffee trinken und sich ausruhen. Wenn Sie Lust auf einen Ausflug haben, probieren Sie doch einen davon aus.<\/p>\n\n\n\n<div class=\"wp-block-columns is-layout-flex wp-container-core-columns-is-layout-28f84493 wp-block-columns-is-layout-flex\">\n<div class=\"wp-block-column is-layout-flow wp-block-column-is-layout-flow\">\n<figure class=\"wp-block-image size-large\"><img loading=\"lazy\" decoding=\"async\" width=\"791\" height=\"1024\" src=\"https:\/\/inzain.bike\/wp-content\/uploads\/2023\/11\/pexels-spolyakov-16762185-791x1024.jpg\" alt=\"\" class=\"wp-image-5330\" srcset=\"https:\/\/inzain.bike\/wp-content\/uploads\/2023\/11\/pexels-spolyakov-16762185-791x1024.jpg 791w, https:\/\/inzain.bike\/wp-content\/uploads\/2023\/11\/pexels-spolyakov-16762185-232x300.jpg 232w, https:\/\/inzain.bike\/wp-content\/uploads\/2023\/11\/pexels-spolyakov-16762185-768x994.jpg 768w, https:\/\/inzain.bike\/wp-content\/uploads\/2023\/11\/pexels-spolyakov-16762185-1187x1536.jpg 1187w, https:\/\/inzain.bike\/wp-content\/uploads\/2023\/11\/pexels-spolyakov-16762185-1582x2048.jpg 1582w, https:\/\/inzain.bike\/wp-content\/uploads\/2023\/11\/pexels-spolyakov-16762185-9x12.jpg 9w, https:\/\/inzain.bike\/wp-content\/uploads\/2023\/11\/pexels-spolyakov-16762185-1320x1708.jpg 1320w, https:\/\/inzain.bike\/wp-content\/uploads\/2023\/11\/pexels-spolyakov-16762185-600x777.jpg 600w, https:\/\/inzain.bike\/wp-content\/uploads\/2023\/11\/pexels-spolyakov-16762185-scaled.jpg 1978w\" sizes=\"auto, (max-width: 791px) 100vw, 791px\" \/><figcaption class=\"wp-element-caption\">\u2013<\/figcaption><\/figure>\n<\/div>\n\n\n\n<div class=\"wp-block-column is-layout-flow wp-block-column-is-layout-flow\">\n<p><strong>Besuchen Sie Barcelona<\/strong><br><br>Die mediterrane Stadt Barcelona liegt zwischen Bergen und Meer und bietet sowohl das Flair einer Kleinstadt als auch den Puls einer Gro\u00dfstadt. Die 1,6 Millionen Einwohner arbeiten hart und genie\u00dfen das Leben ebenso intensiv. In allen Phasen ihrer Geschichte stand die Stadt im Mittelpunkt des Geschehens und ist auch heute noch ein international beliebtes Touristenparadies.<\/p>\n\n\n\n<p>Barcelona ist bekannt f\u00fcr k\u00fcnstlerische Meisterwerke wie die Sagrada Fam\u00edlia und den Park G\u00fcell sowie f\u00fcr seine vielen Str\u00e4nde, das Fu\u00dfballstadion Camp Nou und \u00fcppige Parks. Was genau Sie in Barcelona unternehmen sollten, h\u00e4ngt von Ihren Interessen ab<\/p>\n\n\n\n<p>Barcelona ist auch als Austragungsort der Olympischen Sommerspiele 1992 bekannt, was f\u00fcr die Stadt sehr wichtig war. Im Zusammenhang mit der Ausrichtung der Olympischen Spiele begann die Stadtverwaltung mit der Sanierung einiger heruntergekommener Stadtteile, die Infrastruktur wurde an mehreren Stellen verbessert und insgesamt stieg der Lebensstandard deutlich an. All dies trug dazu bei, dass Barcelona mehr Geld in den Tourismus investierte, was Barcelona zu einer der meistbesuchten St\u00e4dte Europas machte, gleichauf mit Paris, Madrid, London und anderen.<br><br>Mit dem Schnellzug ist man bequem in weniger als 40 Minuten dort<br><br><br><\/p>\n<\/div>\n<\/div>\n<\/div>\n<\/div>\n\n\n\n<div class=\"wp-block-columns alignwide is-layout-flex wp-container-core-columns-is-layout-28f84493 wp-block-columns-is-layout-flex\">\n<div class=\"wp-block-column is-layout-flow wp-block-column-is-layout-flow\">\n<p><strong>Salvador-Dali-Museum in Figueres<\/strong><br><br>Salvador Dali war ein Genie. Ein Besuch in diesem absolut gro\u00dfartigen Museum ist ein Muss. Du wirst es nicht bereuen.<\/p>\n\n\n\n<p>Das Salvador-Dal\u00ed-Museum, bekannt als Teatre-Museu Dal\u00ed, befindet sich in Figueres, Spanien, und ist eine bedeutende Attraktion f\u00fcr Kunstliebhaber und Touristen gleicherma\u00dfen. Hier einige wichtige Informationen zum Museum:<br>Geschichte und Architektur<br>\u2022 Gr\u00fcndung: Das Museum wurde 1974 er\u00f6ffnet und befindet sich an der Stelle des alten Theaters in Figueres, wo Dal\u00ed selbst seine ersten k\u00fcnstlerischen Auftritte hatte.<br>\u2022 Architektur: Das Museum ist eine einzigartige Mischung aus Surrealismus und moderner Architektur. Es zeichnet sich durch sein extravagantes Design aus, darunter die bekannten eif\u00f6rmigen Kuppeln auf dem Dach.<br>Ausstellungen<br>\u2022 Dal\u00eds Werke: Das Teatre-Museu beherbergt die gr\u00f6\u00dfte Sammlung von Dal\u00eds Werken, darunter Gem\u00e4lde, Skulpturen, Zeichnungen und Kunstwerke aus verschiedenen Schaffensperioden. Zu den Werken geh\u00f6ren ber\u00fchmte Gem\u00e4lde wie \u201cLa persistent de la m\u00e9moire\u201d (Die Best\u00e4ndigkeit der Erinnerung).<br>\u2022 Interaktive Erlebnisse: Das Museum bietet au\u00dferdem interaktive Ausstellungen und Erlebnisse, die die Besucher dazu einladen, Dal\u00eds einzigartigen Stil und seine Faszination f\u00fcr Tr\u00e4ume und das Unterbewusstsein zu entdecken.<br>Dal\u00eds Leben und Verm\u00e4chtnis<br>\u2022 Pers\u00f6nliche Note: Viele der Ausstellungen geben Einblicke in Dal\u00eds Leben und Pers\u00f6nlichkeit und schaffen so ein tieferes Verst\u00e4ndnis seiner Kunstwerke und seines kreativen Prozesses.<br>\u2022 Skulpturen und Installationen: Neben Gem\u00e4lden gibt es auch zahlreiche Skulpturen und Installationen, die den Museumsbesuch zu einem facettenreichen Kunsterlebnis machen.<br>Besucherinformationen<br>\u2022 \u00d6ffnungszeiten: Das Museum ist ganzj\u00e4hrig ge\u00f6ffnet, wobei es an Feiertagen zu Abweichungen kommen kann. Daher empfiehlt es sich, vor der Planung Ihres Besuchs die aktuellen \u00d6ffnungszeiten zu \u00fcberpr\u00fcfen.<br>\u2022 Tickets: Es wird empfohlen, Tickets im Voraus zu buchen, insbesondere w\u00e4hrend der Hauptsaison, um lange Warteschlangen zu vermeiden.<\/p>\n\n\n\n<p><br><\/p>\n<\/div>\n\n\n\n<div class=\"wp-block-column is-layout-flow wp-block-column-is-layout-flow\">\n<div class=\"wp-block-jetpack-tiled-gallery aligncenter is-style-rectangular\"><div class=\"tiled-gallery__gallery\"><div class=\"tiled-gallery__row\"><div class=\"tiled-gallery__col\" style=\"flex-basis:22.83568%\"><figure class=\"tiled-gallery__item\"><img decoding=\"async\" alt=\"\" data-height=\"3988\" data-id=\"5336\" data-link=\"https:\/\/inzain.bike\/gir24-aktiviteter\/20230511_105007-1\/\" data-url=\"https:\/\/inzain.bike\/wp-content\/uploads\/2023\/11\/20230511_105007-1-767x1024.jpg\" data-width=\"2989\" src=\"https:\/\/i0.wp.com\/inzain.bike\/wp-content\/uploads\/2023\/11\/20230511_105007-1-767x1024.jpg?ssl=1\" data-amp-layout=\"responsive\"\/><\/figure><\/div><div class=\"tiled-gallery__col\" style=\"flex-basis:22.09321%\"><figure class=\"tiled-gallery__item\"><img decoding=\"async\" alt=\"\" data-height=\"4000\" data-id=\"5337\" data-link=\"https:\/\/inzain.bike\/gir24-aktiviteter\/20230511_121648\/\" data-url=\"https:\/\/inzain.bike\/wp-content\/uploads\/2023\/11\/20230511_121648-742x1024.jpg\" data-width=\"2900\" src=\"https:\/\/i0.wp.com\/inzain.bike\/wp-content\/uploads\/2023\/11\/20230511_121648-742x1024.jpg?ssl=1\" data-amp-layout=\"responsive\"\/><\/figure><\/div><div class=\"tiled-gallery__col\" style=\"flex-basis:27.31497%\"><figure class=\"tiled-gallery__item\"><img decoding=\"async\" alt=\"\" data-height=\"3145\" data-id=\"5338\" data-link=\"https:\/\/inzain.bike\/gir24-aktiviteter\/20230511_122810-2\/\" data-url=\"https:\/\/inzain.bike\/wp-content\/uploads\/2023\/11\/20230511_122810-919x1024.jpg\" data-width=\"2822\" src=\"https:\/\/i2.wp.com\/inzain.bike\/wp-content\/uploads\/2023\/11\/20230511_122810-919x1024.jpg?ssl=1\" data-amp-layout=\"responsive\"\/><\/figure><\/div><div class=\"tiled-gallery__col\" style=\"flex-basis:27.75614%\"><figure class=\"tiled-gallery__item\"><img decoding=\"async\" alt=\"\" data-height=\"3290\" data-id=\"5339\" data-link=\"https:\/\/inzain.bike\/gir24-aktiviteter\/20230511_123748\/\" data-url=\"https:\/\/inzain.bike\/wp-content\/uploads\/2023\/11\/20230511_123748-934x1024.jpg\" data-width=\"3000\" src=\"https:\/\/i0.wp.com\/inzain.bike\/wp-content\/uploads\/2023\/11\/20230511_123748-934x1024.jpg?ssl=1\" data-amp-layout=\"responsive\"\/><\/figure><\/div><\/div><div class=\"tiled-gallery__row\"><div class=\"tiled-gallery__col\" style=\"flex-basis:31.25821%\"><figure class=\"tiled-gallery__item\"><img decoding=\"async\" alt=\"\" data-height=\"2805\" data-id=\"5340\" data-link=\"https:\/\/inzain.bike\/gir24-aktiviteter\/20230511_124244-2\/\" data-url=\"https:\/\/inzain.bike\/wp-content\/uploads\/2023\/11\/20230511_124244-534x1024.jpg\" data-width=\"1464\" src=\"https:\/\/i2.wp.com\/inzain.bike\/wp-content\/uploads\/2023\/11\/20230511_124244-534x1024.jpg?ssl=1\" data-amp-layout=\"responsive\"\/><\/figure><\/div><div class=\"tiled-gallery__col\" style=\"flex-basis:68.74179%\"><figure class=\"tiled-gallery__item\"><img decoding=\"async\" alt=\"\" data-height=\"2263\" data-id=\"5341\" data-link=\"https:\/\/inzain.bike\/gir24-aktiviteter\/20230511_124615\/\" data-url=\"https:\/\/inzain.bike\/wp-content\/uploads\/2023\/11\/20230511_124615-1024x890.jpg\" data-width=\"2603\" src=\"https:\/\/i2.wp.com\/inzain.bike\/wp-content\/uploads\/2023\/11\/20230511_124615-1024x890.jpg?ssl=1\" data-amp-layout=\"responsive\"\/><\/figure><\/div><\/div><\/div><\/div>\n<\/div>\n<\/div>\n\n\n\n<div class=\"wp-block-columns alignwide is-layout-flex wp-container-core-columns-is-layout-28f84493 wp-block-columns-is-layout-flex\">\n<div class=\"wp-block-column is-layout-flow wp-block-column-is-layout-flow\">\n<figure class=\"wp-block-image size-full\"><img loading=\"lazy\" decoding=\"async\" width=\"1024\" height=\"479\" src=\"https:\/\/inzain.bike\/wp-content\/uploads\/2023\/11\/Torre-del-Mar-2-1024x479-1.jpg\" alt=\"\" class=\"wp-image-5347\" srcset=\"https:\/\/inzain.bike\/wp-content\/uploads\/2023\/11\/Torre-del-Mar-2-1024x479-1.jpg 1024w, https:\/\/inzain.bike\/wp-content\/uploads\/2023\/11\/Torre-del-Mar-2-1024x479-1-300x140.jpg 300w, https:\/\/inzain.bike\/wp-content\/uploads\/2023\/11\/Torre-del-Mar-2-1024x479-1-768x359.jpg 768w, https:\/\/inzain.bike\/wp-content\/uploads\/2023\/11\/Torre-del-Mar-2-1024x479-1-18x8.jpg 18w, https:\/\/inzain.bike\/wp-content\/uploads\/2023\/11\/Torre-del-Mar-2-1024x479-1-600x281.jpg 600w\" sizes=\"auto, (max-width: 1024px) 100vw, 1024px\" \/><\/figure>\n<\/div>\n\n\n\n<div class=\"wp-block-column is-layout-flow wp-block-column-is-layout-flow\">\n<p><strong>Torre del Mar<\/strong><br>Die Aussicht von Torre del Mar, gelegen zwischen dem Mittelmeer und den Bergen der Sierra Nevada, ist beeindruckend. Im Gegensatz zu anderen Teilen der Costa del Sol ist es Torre del Mar trotz des zunehmenden Tourismus weitgehend gelungen, die authentische spanische Atmosph\u00e4re zu bewahren. Die lange Promenade ist ges\u00e4umt von Clubs, ausgezeichneten Fischrestaurants und Caf\u00e9s. Zudem ist der breite Sandstrand einfach traumhaft. Die Stadt verf\u00fcgt \u00fcber eine gute Stra\u00dfenbahnanbindung an das sch\u00f6ne und charmante Velez-Malaga, das einen Besuch wert ist.<\/p>\n\n\n\n<p><br><\/p>\n<\/div>\n<\/div>","protected":false},"excerpt":{"rendered":"<p>P\u00e5 v\u00e5r vilodag s\u00e5 finns flera val. Kanske vill man bara ta det lugnt, utforska Girona, dricka lite gott kaffe och vila. \u00c4r man sugen p\u00e5 utflykt varf\u00f6r inte prova n\u00e5gon av dessa. Bes\u00f6k Barcelona Melhavsstaden Barcelona ligger inspr\u00e4ngd mellan berg och hav, och erbjuder s\u00e5v\u00e4l sm\u00e5stadsk\u00e4nsla som storstadsmetropolisk puls. De 1,6 miljoner inv\u00e5narna jobbar [&hellip;]<\/p>\n","protected":false},"author":135133094,"featured_media":0,"parent":0,"menu_order":0,"comment_status":"closed","ping_status":"closed","template":"","meta":{"_coblocks_attr":"Roboto","_coblocks_dimensions":"","_coblocks_responsive_height":"","_coblocks_accordion_ie_support":"","footnotes":""},"class_list":["post-5144","page","type-page","status-publish","hentry"],"yoast_head":"<!-- This site is optimized with the Yoast SEO plugin v27.2 - https:\/\/yoast.com\/product\/yoast-seo-wordpress\/ -->\n<title>Girona Aktiviteter - INZAIN Cycling EXPERIENCES<\/title>\n<meta name=\"robots\" content=\"index, follow, max-snippet:-1, max-image-preview:large, max-video-preview:-1\" \/>\n<link rel=\"canonical\" href=\"https:\/\/inzain.bike\/de\/gir24-aktiviteter\/\" \/>\n<meta property=\"og:locale\" content=\"de_DE\" \/>\n<meta property=\"og:type\" content=\"article\" \/>\n<meta property=\"og:title\" content=\"Girona Aktiviteter - INZAIN Cycling EXPERIENCES\" \/>\n<meta property=\"og:description\" content=\"P\u00e5 v\u00e5r vilodag s\u00e5 finns flera val. Kanske vill man bara ta det lugnt, utforska Girona, dricka lite gott kaffe och vila. \u00c4r man sugen p\u00e5 utflykt varf\u00f6r inte prova n\u00e5gon av dessa. Bes\u00f6k Barcelona Melhavsstaden Barcelona ligger inspr\u00e4ngd mellan berg och hav, och erbjuder s\u00e5v\u00e4l sm\u00e5stadsk\u00e4nsla som storstadsmetropolisk puls. De 1,6 miljoner inv\u00e5narna jobbar [&hellip;]\" \/>\n<meta property=\"og:url\" content=\"https:\/\/inzain.bike\/de\/gir24-aktiviteter\/\" \/>\n<meta property=\"og:site_name\" content=\"INZAIN Cycling EXPERIENCES\" \/>\n<meta property=\"article:publisher\" content=\"https:\/\/www.facebook.com\/Inzain.bike\" \/>\n<meta property=\"article:modified_time\" content=\"2026-01-12T11:13:18+00:00\" \/>\n<meta property=\"og:image\" content=\"https:\/\/inzain.bike\/wp-content\/uploads\/2023\/11\/pexels-spolyakov-16762185-scaled.jpg\" \/>\n\t<meta property=\"og:image:width\" content=\"1978\" \/>\n\t<meta property=\"og:image:height\" content=\"2560\" \/>\n\t<meta property=\"og:image:type\" content=\"image\/jpeg\" \/>\n<meta name=\"twitter:card\" content=\"summary_large_image\" \/>\n<meta name=\"twitter:label1\" content=\"Gesch\u00e4tzte Lesezeit\" \/>\n\t<meta name=\"twitter:data1\" content=\"5\u00a0Minuten\" \/>\n<script type=\"application\/ld+json\" class=\"yoast-schema-graph\">{\"@context\":\"https:\/\/schema.org\",\"@graph\":[{\"@type\":\"WebPage\",\"@id\":\"https:\/\/inzain.bike\/gir24-aktiviteter\/\",\"url\":\"https:\/\/inzain.bike\/gir24-aktiviteter\/\",\"name\":\"Girona Aktiviteter - INZAIN Cycling EXPERIENCES\",\"isPartOf\":{\"@id\":\"https:\/\/inzain.bike\/fr_be\/#website\"},\"primaryImageOfPage\":{\"@id\":\"https:\/\/inzain.bike\/gir24-aktiviteter\/#primaryimage\"},\"image\":{\"@id\":\"https:\/\/inzain.bike\/gir24-aktiviteter\/#primaryimage\"},\"thumbnailUrl\":\"https:\/\/inzain.bike\/wp-content\/uploads\/2023\/11\/pexels-spolyakov-16762185-791x1024.jpg\",\"datePublished\":\"2023-11-11T19:47:14+00:00\",\"dateModified\":\"2026-01-12T11:13:18+00:00\",\"breadcrumb\":{\"@id\":\"https:\/\/inzain.bike\/gir24-aktiviteter\/#breadcrumb\"},\"inLanguage\":\"de\",\"potentialAction\":[{\"@type\":\"ReadAction\",\"target\":[\"https:\/\/inzain.bike\/gir24-aktiviteter\/\"]}]},{\"@type\":\"ImageObject\",\"inLanguage\":\"de\",\"@id\":\"https:\/\/inzain.bike\/gir24-aktiviteter\/#primaryimage\",\"url\":\"https:\/\/inzain.bike\/wp-content\/uploads\/2023\/11\/pexels-spolyakov-16762185-791x1024.jpg\",\"contentUrl\":\"https:\/\/inzain.bike\/wp-content\/uploads\/2023\/11\/pexels-spolyakov-16762185-791x1024.jpg\"},{\"@type\":\"BreadcrumbList\",\"@id\":\"https:\/\/inzain.bike\/gir24-aktiviteter\/#breadcrumb\",\"itemListElement\":[{\"@type\":\"ListItem\",\"position\":1,\"name\":\"Hem\",\"item\":\"https:\/\/inzain.bike\/fr_be\/\"},{\"@type\":\"ListItem\",\"position\":2,\"name\":\"Girona Aktiviteter\"}]},{\"@type\":\"WebSite\",\"@id\":\"https:\/\/inzain.bike\/fr_be\/#website\",\"url\":\"https:\/\/inzain.bike\/fr_be\/\",\"name\":\"INZAIN Cycling EXPERIENCES\",\"description\":\"Cyckling Adventures  - for everyone\",\"publisher\":{\"@id\":\"https:\/\/inzain.bike\/fr_be\/#organization\"},\"alternateName\":\"INZAIN Gravel & Travel\",\"potentialAction\":[{\"@type\":\"SearchAction\",\"target\":{\"@type\":\"EntryPoint\",\"urlTemplate\":\"https:\/\/inzain.bike\/fr_be\/?s={search_term_string}\"},\"query-input\":{\"@type\":\"PropertyValueSpecification\",\"valueRequired\":true,\"valueName\":\"search_term_string\"}}],\"inLanguage\":\"de\"},{\"@type\":\"Organization\",\"@id\":\"https:\/\/inzain.bike\/fr_be\/#organization\",\"name\":\"INZAIN Cycling EXPERIENCES\",\"url\":\"https:\/\/inzain.bike\/fr_be\/\",\"logo\":{\"@type\":\"ImageObject\",\"inLanguage\":\"de\",\"@id\":\"https:\/\/inzain.bike\/fr_be\/#\/schema\/logo\/image\/\",\"url\":\"https:\/\/i0.wp.com\/inzain.bike\/wp-content\/uploads\/2023\/09\/cropped-INZAIN_512x512_white.png?fit=512%2C512&ssl=1\",\"contentUrl\":\"https:\/\/i0.wp.com\/inzain.bike\/wp-content\/uploads\/2023\/09\/cropped-INZAIN_512x512_white.png?fit=512%2C512&ssl=1\",\"width\":512,\"height\":512,\"caption\":\"INZAIN Cycling EXPERIENCES\"},\"image\":{\"@id\":\"https:\/\/inzain.bike\/fr_be\/#\/schema\/logo\/image\/\"},\"sameAs\":[\"https:\/\/www.facebook.com\/Inzain.bike\",\"https:\/\/www.instagram.com\/inzainbike\"]}]}<\/script>\n<!-- \/ Yoast SEO plugin. -->","yoast_head_json":{"title":"Aktivit\u00e4ten in Girona - INZAIN Cycling EXPERIENCES","robots":{"index":"index","follow":"follow","max-snippet":"max-snippet:-1","max-image-preview":"max-image-preview:large","max-video-preview":"max-video-preview:-1"},"canonical":"https:\/\/inzain.bike\/de\/gir24-aktiviteter\/","og_locale":"de_DE","og_type":"article","og_title":"Girona Aktiviteter - INZAIN Cycling EXPERIENCES","og_description":"P\u00e5 v\u00e5r vilodag s\u00e5 finns flera val. Kanske vill man bara ta det lugnt, utforska Girona, dricka lite gott kaffe och vila. \u00c4r man sugen p\u00e5 utflykt varf\u00f6r inte prova n\u00e5gon av dessa. Bes\u00f6k Barcelona Melhavsstaden Barcelona ligger inspr\u00e4ngd mellan berg och hav, och erbjuder s\u00e5v\u00e4l sm\u00e5stadsk\u00e4nsla som storstadsmetropolisk puls. De 1,6 miljoner inv\u00e5narna jobbar [&hellip;]","og_url":"https:\/\/inzain.bike\/de\/gir24-aktiviteter\/","og_site_name":"INZAIN Cycling EXPERIENCES","article_publisher":"https:\/\/www.facebook.com\/Inzain.bike","article_modified_time":"2026-01-12T11:13:18+00:00","og_image":[{"width":1978,"height":2560,"url":"https:\/\/inzain.bike\/wp-content\/uploads\/2023\/11\/pexels-spolyakov-16762185-scaled.jpg","type":"image\/jpeg"}],"twitter_card":"summary_large_image","twitter_misc":{"Gesch\u00e4tzte Lesezeit":"5\u00a0Minuten"},"schema":{"@context":"https:\/\/schema.org","@graph":[{"@type":"WebPage","@id":"https:\/\/inzain.bike\/gir24-aktiviteter\/","url":"https:\/\/inzain.bike\/gir24-aktiviteter\/","name":"Aktivit\u00e4ten in Girona - INZAIN Cycling EXPERIENCES","isPartOf":{"@id":"https:\/\/inzain.bike\/fr_be\/#website"},"primaryImageOfPage":{"@id":"https:\/\/inzain.bike\/gir24-aktiviteter\/#primaryimage"},"image":{"@id":"https:\/\/inzain.bike\/gir24-aktiviteter\/#primaryimage"},"thumbnailUrl":"https:\/\/inzain.bike\/wp-content\/uploads\/2023\/11\/pexels-spolyakov-16762185-791x1024.jpg","datePublished":"2023-11-11T19:47:14+00:00","dateModified":"2026-01-12T11:13:18+00:00","breadcrumb":{"@id":"https:\/\/inzain.bike\/gir24-aktiviteter\/#breadcrumb"},"inLanguage":"de","potentialAction":[{"@type":"ReadAction","target":["https:\/\/inzain.bike\/gir24-aktiviteter\/"]}]},{"@type":"ImageObject","inLanguage":"de","@id":"https:\/\/inzain.bike\/gir24-aktiviteter\/#primaryimage","url":"https:\/\/inzain.bike\/wp-content\/uploads\/2023\/11\/pexels-spolyakov-16762185-791x1024.jpg","contentUrl":"https:\/\/inzain.bike\/wp-content\/uploads\/2023\/11\/pexels-spolyakov-16762185-791x1024.jpg"},{"@type":"BreadcrumbList","@id":"https:\/\/inzain.bike\/gir24-aktiviteter\/#breadcrumb","itemListElement":[{"@type":"ListItem","position":1,"name":"Hem","item":"https:\/\/inzain.bike\/fr_be\/"},{"@type":"ListItem","position":2,"name":"Girona Aktiviteter"}]},{"@type":"WebSite","@id":"https:\/\/inzain.bike\/fr_be\/#website","url":"https:\/\/inzain.bike\/fr_be\/","name":"INZAIN-Raderlebnisse","description":"Radabenteuer \u2013 f\u00fcr jedermann","publisher":{"@id":"https:\/\/inzain.bike\/fr_be\/#organization"},"alternateName":"INZAIN Gravel & Travel","potentialAction":[{"@type":"SearchAction","target":{"@type":"EntryPoint","urlTemplate":"https:\/\/inzain.bike\/fr_be\/?s={search_term_string}"},"query-input":{"@type":"PropertyValueSpecification","valueRequired":true,"valueName":"search_term_string"}}],"inLanguage":"de"},{"@type":"Organization","@id":"https:\/\/inzain.bike\/fr_be\/#organization","name":"INZAIN-Raderlebnisse","url":"https:\/\/inzain.bike\/fr_be\/","logo":{"@type":"ImageObject","inLanguage":"de","@id":"https:\/\/inzain.bike\/fr_be\/#\/schema\/logo\/image\/","url":"https:\/\/i0.wp.com\/inzain.bike\/wp-content\/uploads\/2023\/09\/cropped-INZAIN_512x512_white.png?fit=512%2C512&ssl=1","contentUrl":"https:\/\/i0.wp.com\/inzain.bike\/wp-content\/uploads\/2023\/09\/cropped-INZAIN_512x512_white.png?fit=512%2C512&ssl=1","width":512,"height":512,"caption":"INZAIN Cycling EXPERIENCES"},"image":{"@id":"https:\/\/inzain.bike\/fr_be\/#\/schema\/logo\/image\/"},"sameAs":["https:\/\/www.facebook.com\/Inzain.bike","https:\/\/www.instagram.com\/inzainbike"]}]}},"amp_enabled":true,"_links":{"self":[{"href":"https:\/\/inzain.bike\/de\/wp-json\/wp\/v2\/pages\/5144","targetHints":{"allow":["GET"]}}],"collection":[{"href":"https:\/\/inzain.bike\/de\/wp-json\/wp\/v2\/pages"}],"about":[{"href":"https:\/\/inzain.bike\/de\/wp-json\/wp\/v2\/types\/page"}],"author":[{"embeddable":true,"href":"https:\/\/inzain.bike\/de\/wp-json\/wp\/v2\/users\/135133094"}],"replies":[{"embeddable":true,"href":"https:\/\/inzain.bike\/de\/wp-json\/wp\/v2\/comments?post=5144"}],"version-history":[{"count":1,"href":"https:\/\/inzain.bike\/de\/wp-json\/wp\/v2\/pages\/5144\/revisions"}],"predecessor-version":[{"id":9057,"href":"https:\/\/inzain.bike\/de\/wp-json\/wp\/v2\/pages\/5144\/revisions\/9057"}],"wp:attachment":[{"href":"https:\/\/inzain.bike\/de\/wp-json\/wp\/v2\/media?parent=5144"}],"curies":[{"name":"wp","href":"https:\/\/api.w.org\/{rel}","templated":true}]}}