{"id":5232,"date":"2023-11-15T15:38:13","date_gmt":"2023-11-15T14:38:13","guid":{"rendered":"https:\/\/inzain.bike\/?page_id=5232"},"modified":"2023-11-15T15:53:37","modified_gmt":"2023-11-15T14:53:37","slug":"om-aland","status":"publish","type":"page","link":"https:\/\/inzain.bike\/de\/om-aland\/","title":{"rendered":"\u00dcber \u00c5land"},"content":{"rendered":"<div class=\"wp-block-columns alignwide is-layout-flex wp-container-core-columns-is-layout-28f84493 wp-block-columns-is-layout-flex\">\n<div class=\"wp-block-column is-layout-flow wp-block-column-is-layout-flow\">\n<figure class=\"wp-block-image size-full\"><img loading=\"lazy\" decoding=\"async\" width=\"640\" height=\"425\" src=\"https:\/\/inzain.bike\/wp-content\/uploads\/2023\/11\/Aland.jpg\" alt=\"\" class=\"wp-image-5230\" srcset=\"https:\/\/inzain.bike\/wp-content\/uploads\/2023\/11\/Aland.jpg 640w, https:\/\/inzain.bike\/wp-content\/uploads\/2023\/11\/Aland-300x199.jpg 300w, https:\/\/inzain.bike\/wp-content\/uploads\/2023\/11\/Aland-18x12.jpg 18w, https:\/\/inzain.bike\/wp-content\/uploads\/2023\/11\/Aland-600x398.jpg 600w\" sizes=\"auto, (max-width: 640px) 100vw, 640px\" \/><\/figure>\n\n\n\n<p>Auf \u00c5land finden Sie den sch\u00f6nsten Sch\u00e4rengarten der Welt und jede Menge unber\u00fchrte Natur. Hier k\u00f6nnen Sie ein Leben genie\u00dfen, in dem die Inselzeit herrscht. Die N\u00e4he zu allem bedeutet, dass Sie mehr Zeit f\u00fcr das Leben haben. Sie haben 10 Minuten Zeit f\u00fcr die Karriere. 10 Minuten zum Kindergarten und zur Schule. 10 Minuten zu Freizeit und Aktivit\u00e4ten.<\/p>\n\n\n\n<h2 class=\"wp-block-heading\">Mitten in den nordischen L\u00e4ndern<\/h2>\n\n\n\n<p>\u00c5land geh\u00f6rt zu Finnland, aber die N\u00e4he zu Schweden ist in Kultur und Gewohnheiten deutlich zu erkennen. Klassische nordische Gerichte wie Fleischb\u00e4llchen zum Beispiel schmecken genauso \u00e5l\u00e4ndisch wie schwedisch. Die \u00c5l\u00e4nder sprechen auch Schwedisch und schauen gerne schwedisches Fernsehen.<\/p>\n\n\n\n<h2 class=\"wp-block-heading\">Sch\u00e4ren, Landschaft und viel Sonnenschein<\/h2>\n\n\n\n<p>Die Umgebung ist abwechslungsreich, von den schroffen Klippen des \u00e4u\u00dferen Sch\u00e4rengartens bis hin zu W\u00e4ldern und fruchtbaren Agrarlandschaften auf dem festen \u00c5land.<\/p>\n\n\n\n<p>Das Klima ist typisch maritimes Klima mit relativ milden Wintern, k\u00fchlen Fr\u00fchlingen, normalen Sommern und einem etwas w\u00e4rmeren Herbst. Die Insel hat im Sommerhalbjahr die meisten Sonnenstunden in den nordischen L\u00e4ndern.<\/p>\n\n\n\n<h2 class=\"wp-block-heading\">Stra\u00dfennetz mit roten Stra\u00dfen, Br\u00fccken und Autof\u00e4hren<\/h2>\n\n\n\n<p>Die Landstra\u00dfen sind rot, die Farbe kommt vom roten Felsgranit. Hier gibt es weder Z\u00fcge noch U-Bahnen, aber dort, wo die Stra\u00dfen enden, k\u00f6nnen Sie die Reise stattdessen mit der Autof\u00e4hre zu den Inseln im Archipel fortsetzen.<\/p>\n\n\n\n<p>Die Geschichte von \u00c5land begann damals mit der heutigen Landfl\u00e4che&nbsp;<a href=\"https:\/\/sv.wikipedia.org\/wiki\/%C3%85land\">Ein Land<\/a>&nbsp;etwa 4200 v. Chr. besiedelt \u00c5land wurde im fr\u00fchen 11. Jahrhundert christianisiert. \u00c5land geh\u00f6rte dazu&nbsp;<a href=\"https:\/\/sv.wikipedia.org\/wiki\/Sverige\">Schweden<\/a>bis 1809 dann&nbsp;<a href=\"https:\/\/sv.wikipedia.org\/wiki\/Finland\">Finnland<\/a>&nbsp;einschlie\u00dflich \u00c5land i&nbsp;<a href=\"https:\/\/sv.wikipedia.org\/wiki\/Freden_i_Fredrikshamn\">Frieden in Fredrikshamn<\/a>&nbsp;fiel an Russland. <\/p>\n\n\n\n<p>W\u00e4hrend der russischen Zeit, 1809\u20131917, wurde gebaut&nbsp;<a href=\"https:\/\/sv.wikipedia.org\/wiki\/Bomarsunds_f%C3%A4stning\">Bomarsunds Festung<\/a>&nbsp;Und&nbsp;<a href=\"https:\/\/sv.wikipedia.org\/wiki\/Mariehamn\">Mariehamn<\/a>&nbsp;wurde gegr\u00fcndet. Nach&nbsp;<a href=\"https:\/\/sv.wikipedia.org\/wiki\/Finlands_sj%C3%A4lvst%C3%A4ndighet\">Finnland erkl\u00e4rte seine Unabh\u00e4ngigkeit<\/a>&nbsp;wollte die Wiedervereinigung der \u00c5l\u00e4nder mit Schweden. Stattdessen bekam \u00c5land&nbsp;<a href=\"https:\/\/sv.wikipedia.org\/wiki\/%C3%85lands_sj%C3%A4lvstyrelse\">Autonomie<\/a>&nbsp;1922 nach Intervention des V\u00f6lkerbundes. Die Selbstverwaltungslandschaft erhielt von 1922 bis heute eine erweiterte Autonomie.<\/p>\n<\/div>\n<\/div>","protected":false},"excerpt":{"rendered":"<p>P\u00e5 \u00c5land hittar du v\u00e4rldens vackraste sk\u00e4rg\u00e5rd och m\u00e4ngder av or\u00f6rd natur. H\u00e4r kan du njuta av ett liv d\u00e4r \u00f6-tiden styr. N\u00e4rheten till allt betyder att du f\u00e5r mer tid till livet. Du har 10 minuter till karri\u00e4ren. 10 minuter till dagis och skola. 10 minuter till fritid och aktiviteter. Mitt i Norden \u00c5land [&hellip;]<\/p>\n","protected":false},"author":135133094,"featured_media":0,"parent":0,"menu_order":0,"comment_status":"closed","ping_status":"closed","template":"","meta":{"_coblocks_attr":"","_coblocks_dimensions":"","_coblocks_responsive_height":"","_coblocks_accordion_ie_support":"","footnotes":""},"class_list":["post-5232","page","type-page","status-publish","hentry"],"yoast_head":"<!-- This site is optimized with the Yoast SEO plugin v27.2 - https:\/\/yoast.com\/product\/yoast-seo-wordpress\/ -->\n<title>Om \u00c5land - INZAIN Cycling EXPERIENCES<\/title>\n<meta name=\"robots\" content=\"index, follow, max-snippet:-1, max-image-preview:large, max-video-preview:-1\" \/>\n<link rel=\"canonical\" href=\"https:\/\/inzain.bike\/de\/om-aland\/\" \/>\n<meta property=\"og:locale\" content=\"de_DE\" \/>\n<meta property=\"og:type\" content=\"article\" \/>\n<meta property=\"og:title\" content=\"Om \u00c5land - INZAIN Cycling EXPERIENCES\" \/>\n<meta property=\"og:description\" content=\"P\u00e5 \u00c5land hittar du v\u00e4rldens vackraste sk\u00e4rg\u00e5rd och m\u00e4ngder av or\u00f6rd natur. H\u00e4r kan du njuta av ett liv d\u00e4r \u00f6-tiden styr. N\u00e4rheten till allt betyder att du f\u00e5r mer tid till livet. Du har 10 minuter till karri\u00e4ren. 10 minuter till dagis och skola. 10 minuter till fritid och aktiviteter. Mitt i Norden \u00c5land [&hellip;]\" \/>\n<meta property=\"og:url\" content=\"https:\/\/inzain.bike\/de\/om-aland\/\" \/>\n<meta property=\"og:site_name\" content=\"INZAIN Cycling EXPERIENCES\" \/>\n<meta property=\"article:publisher\" content=\"https:\/\/www.facebook.com\/Inzain.bike\" \/>\n<meta property=\"article:modified_time\" content=\"2023-11-15T14:53:37+00:00\" \/>\n<meta property=\"og:image\" content=\"https:\/\/inzain.bike\/wp-content\/uploads\/2023\/11\/Aland.jpg\" \/>\n<meta name=\"twitter:card\" content=\"summary_large_image\" \/>\n<meta name=\"twitter:label1\" content=\"Gesch\u00e4tzte Lesezeit\" \/>\n\t<meta name=\"twitter:data1\" content=\"2\u00a0Minuten\" \/>\n<script type=\"application\/ld+json\" class=\"yoast-schema-graph\">{\"@context\":\"https:\/\/schema.org\",\"@graph\":[{\"@type\":\"WebPage\",\"@id\":\"https:\/\/inzain.bike\/en_gb\/om-aland\/\",\"url\":\"https:\/\/inzain.bike\/en_gb\/om-aland\/\",\"name\":\"Om \u00c5land - INZAIN Cycling EXPERIENCES\",\"isPartOf\":{\"@id\":\"https:\/\/inzain.bike\/fr_be\/#website\"},\"primaryImageOfPage\":{\"@id\":\"https:\/\/inzain.bike\/en_gb\/om-aland\/#primaryimage\"},\"image\":{\"@id\":\"https:\/\/inzain.bike\/en_gb\/om-aland\/#primaryimage\"},\"thumbnailUrl\":\"https:\/\/inzain.bike\/wp-content\/uploads\/2023\/11\/Aland.jpg\",\"datePublished\":\"2023-11-15T14:38:13+00:00\",\"dateModified\":\"2023-11-15T14:53:37+00:00\",\"breadcrumb\":{\"@id\":\"https:\/\/inzain.bike\/en_gb\/om-aland\/#breadcrumb\"},\"inLanguage\":\"de\",\"potentialAction\":[{\"@type\":\"ReadAction\",\"target\":[\"https:\/\/inzain.bike\/en_gb\/om-aland\/\"]}]},{\"@type\":\"ImageObject\",\"inLanguage\":\"de\",\"@id\":\"https:\/\/inzain.bike\/en_gb\/om-aland\/#primaryimage\",\"url\":\"https:\/\/inzain.bike\/wp-content\/uploads\/2023\/11\/Aland.jpg\",\"contentUrl\":\"https:\/\/inzain.bike\/wp-content\/uploads\/2023\/11\/Aland.jpg\"},{\"@type\":\"BreadcrumbList\",\"@id\":\"https:\/\/inzain.bike\/en_gb\/om-aland\/#breadcrumb\",\"itemListElement\":[{\"@type\":\"ListItem\",\"position\":1,\"name\":\"Hem\",\"item\":\"https:\/\/inzain.bike\/fr_be\/\"},{\"@type\":\"ListItem\",\"position\":2,\"name\":\"Om \u00c5land\"}]},{\"@type\":\"WebSite\",\"@id\":\"https:\/\/inzain.bike\/fr_be\/#website\",\"url\":\"https:\/\/inzain.bike\/fr_be\/\",\"name\":\"INZAIN Cycling EXPERIENCES\",\"description\":\"Cyckling Adventures  - for everyone\",\"publisher\":{\"@id\":\"https:\/\/inzain.bike\/fr_be\/#organization\"},\"alternateName\":\"INZAIN Gravel & Travel\",\"potentialAction\":[{\"@type\":\"SearchAction\",\"target\":{\"@type\":\"EntryPoint\",\"urlTemplate\":\"https:\/\/inzain.bike\/fr_be\/?s={search_term_string}\"},\"query-input\":{\"@type\":\"PropertyValueSpecification\",\"valueRequired\":true,\"valueName\":\"search_term_string\"}}],\"inLanguage\":\"de\"},{\"@type\":\"Organization\",\"@id\":\"https:\/\/inzain.bike\/fr_be\/#organization\",\"name\":\"INZAIN Cycling EXPERIENCES\",\"url\":\"https:\/\/inzain.bike\/fr_be\/\",\"logo\":{\"@type\":\"ImageObject\",\"inLanguage\":\"de\",\"@id\":\"https:\/\/inzain.bike\/fr_be\/#\/schema\/logo\/image\/\",\"url\":\"https:\/\/i0.wp.com\/inzain.bike\/wp-content\/uploads\/2023\/09\/cropped-INZAIN_512x512_white.png?fit=512%2C512&ssl=1\",\"contentUrl\":\"https:\/\/i0.wp.com\/inzain.bike\/wp-content\/uploads\/2023\/09\/cropped-INZAIN_512x512_white.png?fit=512%2C512&ssl=1\",\"width\":512,\"height\":512,\"caption\":\"INZAIN Cycling EXPERIENCES\"},\"image\":{\"@id\":\"https:\/\/inzain.bike\/fr_be\/#\/schema\/logo\/image\/\"},\"sameAs\":[\"https:\/\/www.facebook.com\/Inzain.bike\",\"https:\/\/www.instagram.com\/inzainbike\"]}]}<\/script>\n<!-- \/ Yoast SEO plugin. -->","yoast_head_json":{"title":"\u00dcber \u00c5land - INZAIN Cycling EXPERIENCES","robots":{"index":"index","follow":"follow","max-snippet":"max-snippet:-1","max-image-preview":"max-image-preview:large","max-video-preview":"max-video-preview:-1"},"canonical":"https:\/\/inzain.bike\/de\/om-aland\/","og_locale":"de_DE","og_type":"article","og_title":"Om \u00c5land - INZAIN Cycling EXPERIENCES","og_description":"P\u00e5 \u00c5land hittar du v\u00e4rldens vackraste sk\u00e4rg\u00e5rd och m\u00e4ngder av or\u00f6rd natur. H\u00e4r kan du njuta av ett liv d\u00e4r \u00f6-tiden styr. N\u00e4rheten till allt betyder att du f\u00e5r mer tid till livet. Du har 10 minuter till karri\u00e4ren. 10 minuter till dagis och skola. 10 minuter till fritid och aktiviteter. Mitt i Norden \u00c5land [&hellip;]","og_url":"https:\/\/inzain.bike\/de\/om-aland\/","og_site_name":"INZAIN Cycling EXPERIENCES","article_publisher":"https:\/\/www.facebook.com\/Inzain.bike","article_modified_time":"2023-11-15T14:53:37+00:00","og_image":[{"url":"https:\/\/inzain.bike\/wp-content\/uploads\/2023\/11\/Aland.jpg","type":"","width":"","height":""}],"twitter_card":"summary_large_image","twitter_misc":{"Gesch\u00e4tzte Lesezeit":"2\u00a0Minuten"},"schema":{"@context":"https:\/\/schema.org","@graph":[{"@type":"WebPage","@id":"https:\/\/inzain.bike\/en_gb\/om-aland\/","url":"https:\/\/inzain.bike\/en_gb\/om-aland\/","name":"\u00dcber \u00c5land - INZAIN Cycling EXPERIENCES","isPartOf":{"@id":"https:\/\/inzain.bike\/fr_be\/#website"},"primaryImageOfPage":{"@id":"https:\/\/inzain.bike\/en_gb\/om-aland\/#primaryimage"},"image":{"@id":"https:\/\/inzain.bike\/en_gb\/om-aland\/#primaryimage"},"thumbnailUrl":"https:\/\/inzain.bike\/wp-content\/uploads\/2023\/11\/Aland.jpg","datePublished":"2023-11-15T14:38:13+00:00","dateModified":"2023-11-15T14:53:37+00:00","breadcrumb":{"@id":"https:\/\/inzain.bike\/en_gb\/om-aland\/#breadcrumb"},"inLanguage":"de","potentialAction":[{"@type":"ReadAction","target":["https:\/\/inzain.bike\/en_gb\/om-aland\/"]}]},{"@type":"ImageObject","inLanguage":"de","@id":"https:\/\/inzain.bike\/en_gb\/om-aland\/#primaryimage","url":"https:\/\/inzain.bike\/wp-content\/uploads\/2023\/11\/Aland.jpg","contentUrl":"https:\/\/inzain.bike\/wp-content\/uploads\/2023\/11\/Aland.jpg"},{"@type":"BreadcrumbList","@id":"https:\/\/inzain.bike\/en_gb\/om-aland\/#breadcrumb","itemListElement":[{"@type":"ListItem","position":1,"name":"Hem","item":"https:\/\/inzain.bike\/fr_be\/"},{"@type":"ListItem","position":2,"name":"Om \u00c5land"}]},{"@type":"WebSite","@id":"https:\/\/inzain.bike\/fr_be\/#website","url":"https:\/\/inzain.bike\/fr_be\/","name":"INZAIN-Raderlebnisse","description":"Radabenteuer \u2013 f\u00fcr jedermann","publisher":{"@id":"https:\/\/inzain.bike\/fr_be\/#organization"},"alternateName":"INZAIN Gravel & Travel","potentialAction":[{"@type":"SearchAction","target":{"@type":"EntryPoint","urlTemplate":"https:\/\/inzain.bike\/fr_be\/?s={search_term_string}"},"query-input":{"@type":"PropertyValueSpecification","valueRequired":true,"valueName":"search_term_string"}}],"inLanguage":"de"},{"@type":"Organization","@id":"https:\/\/inzain.bike\/fr_be\/#organization","name":"INZAIN-Raderlebnisse","url":"https:\/\/inzain.bike\/fr_be\/","logo":{"@type":"ImageObject","inLanguage":"de","@id":"https:\/\/inzain.bike\/fr_be\/#\/schema\/logo\/image\/","url":"https:\/\/i0.wp.com\/inzain.bike\/wp-content\/uploads\/2023\/09\/cropped-INZAIN_512x512_white.png?fit=512%2C512&ssl=1","contentUrl":"https:\/\/i0.wp.com\/inzain.bike\/wp-content\/uploads\/2023\/09\/cropped-INZAIN_512x512_white.png?fit=512%2C512&ssl=1","width":512,"height":512,"caption":"INZAIN Cycling EXPERIENCES"},"image":{"@id":"https:\/\/inzain.bike\/fr_be\/#\/schema\/logo\/image\/"},"sameAs":["https:\/\/www.facebook.com\/Inzain.bike","https:\/\/www.instagram.com\/inzainbike"]}]}},"amp_enabled":true,"_links":{"self":[{"href":"https:\/\/inzain.bike\/de\/wp-json\/wp\/v2\/pages\/5232","targetHints":{"allow":["GET"]}}],"collection":[{"href":"https:\/\/inzain.bike\/de\/wp-json\/wp\/v2\/pages"}],"about":[{"href":"https:\/\/inzain.bike\/de\/wp-json\/wp\/v2\/types\/page"}],"author":[{"embeddable":true,"href":"https:\/\/inzain.bike\/de\/wp-json\/wp\/v2\/users\/135133094"}],"replies":[{"embeddable":true,"href":"https:\/\/inzain.bike\/de\/wp-json\/wp\/v2\/comments?post=5232"}],"version-history":[{"count":0,"href":"https:\/\/inzain.bike\/de\/wp-json\/wp\/v2\/pages\/5232\/revisions"}],"wp:attachment":[{"href":"https:\/\/inzain.bike\/de\/wp-json\/wp\/v2\/media?parent=5232"}],"curies":[{"name":"wp","href":"https:\/\/api.w.org\/{rel}","templated":true}]}}