{"id":5244,"date":"2023-11-15T16:02:49","date_gmt":"2023-11-15T15:02:49","guid":{"rendered":"https:\/\/inzain.bike\/?page_id=5244"},"modified":"2026-02-17T12:12:34","modified_gmt":"2026-02-17T11:12:34","slug":"aland-cykling","status":"publish","type":"page","link":"https:\/\/inzain.bike\/de\/aland-cykling\/","title":{"rendered":"Radfahren auf \u00c5land"},"content":{"rendered":"<div class=\"wp-block-columns alignwide is-layout-flex wp-container-core-columns-is-layout-28f84493 wp-block-columns-is-layout-flex\">\n<div class=\"wp-block-column is-layout-flow wp-block-column-is-layout-flow\">\n<p><strong>Ein Erlebnis \u2013 kein Rennen<\/strong><\/p>\n\n\n\n<p>\u00c5land Runt bietet f\u00fcr jeden etwas. Wir teilen uns je nach Wunsch der Teilnehmer in Geschwindigkeitsgruppen ein. Rechtzeitig vor der Veranstaltung f\u00fcllen Sie bitte ein Formular aus und geben Ihre Pr\u00e4ferenzen bez\u00fcglich Geschwindigkeit, Distanz und der gew\u00fcnschten Fahrstrecke (Asphalt, Schotter oder beides) an.<br><br>Wir bilden dann Gruppen mit jeweils einem Gruppenleiter. Letztes Mal hatten wir in den drei verschiedenen Asphaltgruppen und einer sch\u00f6nen Schottergruppe Strecken zwischen 50 und 150 km und Geschwindigkeiten zwischen 22 und 33 km\/h.<\/p>\n<\/div>\n\n\n\n<div class=\"wp-block-column is-layout-flow wp-block-column-is-layout-flow\">\n<figure class=\"wp-block-image size-full\"><img loading=\"lazy\" decoding=\"async\" width=\"960\" height=\"958\" src=\"https:\/\/inzain.bike\/wp-content\/uploads\/2026\/01\/70510497_10157158071191677_5376288916938686464_n-1.jpg\" alt=\"\" class=\"wp-image-9107\" srcset=\"https:\/\/inzain.bike\/wp-content\/uploads\/2026\/01\/70510497_10157158071191677_5376288916938686464_n-1.jpg 960w, https:\/\/inzain.bike\/wp-content\/uploads\/2026\/01\/70510497_10157158071191677_5376288916938686464_n-1-300x300.jpg 300w, https:\/\/inzain.bike\/wp-content\/uploads\/2026\/01\/70510497_10157158071191677_5376288916938686464_n-1-150x150.jpg 150w, https:\/\/inzain.bike\/wp-content\/uploads\/2026\/01\/70510497_10157158071191677_5376288916938686464_n-1-768x766.jpg 768w, https:\/\/inzain.bike\/wp-content\/uploads\/2026\/01\/70510497_10157158071191677_5376288916938686464_n-1-12x12.jpg 12w, https:\/\/inzain.bike\/wp-content\/uploads\/2026\/01\/70510497_10157158071191677_5376288916938686464_n-1-600x599.jpg 600w, https:\/\/inzain.bike\/wp-content\/uploads\/2026\/01\/70510497_10157158071191677_5376288916938686464_n-1-100x100.jpg 100w\" sizes=\"auto, (max-width: 960px) 100vw, 960px\" \/><\/figure>\n<\/div>\n<\/div>\n\n\n\n<div class=\"wp-block-columns alignwide is-layout-flex wp-container-core-columns-is-layout-28f84493 wp-block-columns-is-layout-flex\">\n<div class=\"wp-block-column is-layout-flow wp-block-column-is-layout-flow\">\n<figure class=\"wp-block-image size-large\"><img loading=\"lazy\" decoding=\"async\" width=\"1024\" height=\"768\" src=\"https:\/\/inzain.bike\/wp-content\/uploads\/2023\/11\/374958723_7204552529559208_9062345286145157299_n-1-1024x768.jpg\" alt=\"\" class=\"wp-image-5246\" srcset=\"https:\/\/inzain.bike\/wp-content\/uploads\/2023\/11\/374958723_7204552529559208_9062345286145157299_n-1-1024x768.jpg 1024w, https:\/\/inzain.bike\/wp-content\/uploads\/2023\/11\/374958723_7204552529559208_9062345286145157299_n-1-300x225.jpg 300w, https:\/\/inzain.bike\/wp-content\/uploads\/2023\/11\/374958723_7204552529559208_9062345286145157299_n-1-768x576.jpg 768w, https:\/\/inzain.bike\/wp-content\/uploads\/2023\/11\/374958723_7204552529559208_9062345286145157299_n-1-1536x1152.jpg 1536w, https:\/\/inzain.bike\/wp-content\/uploads\/2023\/11\/374958723_7204552529559208_9062345286145157299_n-1-16x12.jpg 16w, https:\/\/inzain.bike\/wp-content\/uploads\/2023\/11\/374958723_7204552529559208_9062345286145157299_n-1-1320x990.jpg 1320w, https:\/\/inzain.bike\/wp-content\/uploads\/2023\/11\/374958723_7204552529559208_9062345286145157299_n-1-600x450.jpg 600w, https:\/\/inzain.bike\/wp-content\/uploads\/2023\/11\/374958723_7204552529559208_9062345286145157299_n-1.jpg 2048w\" sizes=\"auto, (max-width: 1024px) 100vw, 1024px\" \/><\/figure>\n<\/div>\n\n\n\n<div class=\"wp-block-column is-layout-flow wp-block-column-is-layout-flow\">\n<p><strong>Asphalt<\/strong><\/p>\n\n\n\n<p>\u00c5land hat fantastische Stra\u00dfen. Die Wartung ist erstklassig und es gibt nur wenige Autos.<br>Wir radeln in verschiedenen Geschwindigkeitsgruppen und halten zusammen.<br>Das Mittagessen ist im Preis inbegriffen und wenn jeder m\u00f6chte, machen wir auch eine Kaffeepause.<\/p>\n<\/div>\n<\/div>\n\n\n\n<div class=\"wp-block-columns alignwide is-layout-flex wp-container-core-columns-is-layout-28f84493 wp-block-columns-is-layout-flex\">\n<div class=\"wp-block-column is-layout-flow wp-block-column-is-layout-flow\">\n<p><strong>Kies<\/strong><\/p>\n\n\n\n<p>Im Jahr 2023 beschlossen wir, uns die unbefestigten Stra\u00dfen auf \u00c5land anzusehen.<br>Was wir erleben durften, war wirklich gro\u00dfartig. Glatte, sch\u00f6ne Stra\u00dfen mit einigen Elementen sanfter Wege.<br>Es war so gut!<br><br>Warum entdecken Sie nicht mit uns Schotter auf \u00c5land 2026, oder wie w\u00e4re es mit einer Mischung aus einem Tag Schotter und einem Tag Asphalt?<\/p>\n<\/div>\n\n\n\n<div class=\"wp-block-column is-layout-flow wp-block-column-is-layout-flow\">\n<figure class=\"wp-block-image size-large\"><img loading=\"lazy\" decoding=\"async\" width=\"1024\" height=\"768\" src=\"https:\/\/inzain.bike\/wp-content\/uploads\/2023\/11\/20230903_101314-1024x768.jpg\" alt=\"\" class=\"wp-image-5249\" srcset=\"https:\/\/inzain.bike\/wp-content\/uploads\/2023\/11\/20230903_101314-1024x768.jpg 1024w, https:\/\/inzain.bike\/wp-content\/uploads\/2023\/11\/20230903_101314-300x225.jpg 300w, https:\/\/inzain.bike\/wp-content\/uploads\/2023\/11\/20230903_101314-768x576.jpg 768w, https:\/\/inzain.bike\/wp-content\/uploads\/2023\/11\/20230903_101314-1536x1152.jpg 1536w, https:\/\/inzain.bike\/wp-content\/uploads\/2023\/11\/20230903_101314-2048x1536.jpg 2048w, https:\/\/inzain.bike\/wp-content\/uploads\/2023\/11\/20230903_101314-16x12.jpg 16w, https:\/\/inzain.bike\/wp-content\/uploads\/2023\/11\/20230903_101314-1320x990.jpg 1320w, https:\/\/inzain.bike\/wp-content\/uploads\/2023\/11\/20230903_101314-600x450.jpg 600w\" sizes=\"auto, (max-width: 1024px) 100vw, 1024px\" \/><\/figure>\n<\/div>\n<\/div>\n\n\n\n<div class=\"wp-block-columns alignwide is-layout-flex wp-container-core-columns-is-layout-28f84493 wp-block-columns-is-layout-flex\">\n<div class=\"wp-block-column is-layout-flow wp-block-column-is-layout-flow\">\n<p class=\"wp-embed-aspect-16-9 wp-has-aspect-ratio\">Ein Kurzfilm von den Schotterstra\u00dfen auf \u00c5land<\/p>\n\n\n\n<figure class=\"wp-block-embed is-type-video is-provider-youtube wp-block-embed-youtube wp-embed-aspect-16-9 wp-has-aspect-ratio\"><div class=\"wp-block-embed__wrapper\">\n<iframe loading=\"lazy\" title=\"\u00c5land Um 2023\" width=\"500\" height=\"281\" src=\"https:\/\/www.youtube.com\/embed\/b_B6OJSrEjg?feature=oembed\" frameborder=\"0\" allow=\"accelerometer; autoplay; clipboard-write; encrypted-media; gyroscope; picture-in-picture; web-share\" referrerpolicy=\"strict-origin-when-cross-origin\" allowfullscreen><\/iframe>\n<\/div><\/figure>\n<\/div>\n<\/div>","protected":false},"excerpt":{"rendered":"<p>En upplevelse &#8211; inte ett lopp \u00c5land Runt har n\u00e5got f\u00f6r alla. Vi kommer dela in oss i fartgrupper efter deltagarnas \u00f6nskem\u00e5l. I god tid f\u00f6r eventet fyller man i ett formul\u00e4r och anger sina preferenser p\u00e5 fart, str\u00e4cka och om man vill cykla asfalt, gravel eller b\u00e5de och. Vi skapar sedan grupper, med ledare [&hellip;]<\/p>\n","protected":false},"author":135133094,"featured_media":0,"parent":0,"menu_order":0,"comment_status":"closed","ping_status":"closed","template":"","meta":{"_coblocks_attr":"","_coblocks_dimensions":"","_coblocks_responsive_height":"","_coblocks_accordion_ie_support":"","footnotes":""},"class_list":["post-5244","page","type-page","status-publish","hentry"],"yoast_head":"<!-- This site is optimized with the Yoast SEO plugin v27.2 - https:\/\/yoast.com\/product\/yoast-seo-wordpress\/ -->\n<title>\u00c5land Cykling - INZAIN Cycling EXPERIENCES<\/title>\n<meta name=\"robots\" content=\"index, follow, max-snippet:-1, max-image-preview:large, max-video-preview:-1\" \/>\n<link rel=\"canonical\" href=\"https:\/\/inzain.bike\/de\/aland-cykling\/\" \/>\n<meta property=\"og:locale\" content=\"de_DE\" \/>\n<meta property=\"og:type\" content=\"article\" \/>\n<meta property=\"og:title\" content=\"\u00c5land Cykling - INZAIN Cycling EXPERIENCES\" \/>\n<meta property=\"og:description\" content=\"En upplevelse &#8211; inte ett lopp \u00c5land Runt har n\u00e5got f\u00f6r alla. Vi kommer dela in oss i fartgrupper efter deltagarnas \u00f6nskem\u00e5l. I god tid f\u00f6r eventet fyller man i ett formul\u00e4r och anger sina preferenser p\u00e5 fart, str\u00e4cka och om man vill cykla asfalt, gravel eller b\u00e5de och. Vi skapar sedan grupper, med ledare [&hellip;]\" \/>\n<meta property=\"og:url\" content=\"https:\/\/inzain.bike\/de\/aland-cykling\/\" \/>\n<meta property=\"og:site_name\" content=\"INZAIN Cycling EXPERIENCES\" \/>\n<meta property=\"article:publisher\" content=\"https:\/\/www.facebook.com\/Inzain.bike\" \/>\n<meta property=\"article:modified_time\" content=\"2026-02-17T11:12:34+00:00\" \/>\n<meta property=\"og:image\" content=\"https:\/\/inzain.bike\/wp-content\/uploads\/2026\/01\/70510497_10157158071191677_5376288916938686464_n-1.jpg\" \/>\n\t<meta property=\"og:image:width\" content=\"960\" \/>\n\t<meta property=\"og:image:height\" content=\"958\" \/>\n\t<meta property=\"og:image:type\" content=\"image\/jpeg\" \/>\n<meta name=\"twitter:card\" content=\"summary_large_image\" \/>\n<meta name=\"twitter:label1\" content=\"Gesch\u00e4tzte Lesezeit\" \/>\n\t<meta name=\"twitter:data1\" content=\"2\u00a0Minuten\" \/>\n<script type=\"application\/ld+json\" class=\"yoast-schema-graph\">{\"@context\":\"https:\/\/schema.org\",\"@graph\":[{\"@type\":\"WebPage\",\"@id\":\"https:\/\/inzain.bike\/aland-cykling\/\",\"url\":\"https:\/\/inzain.bike\/aland-cykling\/\",\"name\":\"\u00c5land Cykling - INZAIN Cycling EXPERIENCES\",\"isPartOf\":{\"@id\":\"https:\/\/inzain.bike\/fr_be\/#website\"},\"primaryImageOfPage\":{\"@id\":\"https:\/\/inzain.bike\/aland-cykling\/#primaryimage\"},\"image\":{\"@id\":\"https:\/\/inzain.bike\/aland-cykling\/#primaryimage\"},\"thumbnailUrl\":\"https:\/\/inzain.bike\/wp-content\/uploads\/2026\/01\/70510497_10157158071191677_5376288916938686464_n-1.jpg\",\"datePublished\":\"2023-11-15T15:02:49+00:00\",\"dateModified\":\"2026-02-17T11:12:34+00:00\",\"breadcrumb\":{\"@id\":\"https:\/\/inzain.bike\/aland-cykling\/#breadcrumb\"},\"inLanguage\":\"de\",\"potentialAction\":[{\"@type\":\"ReadAction\",\"target\":[\"https:\/\/inzain.bike\/aland-cykling\/\"]}]},{\"@type\":\"ImageObject\",\"inLanguage\":\"de\",\"@id\":\"https:\/\/inzain.bike\/aland-cykling\/#primaryimage\",\"url\":\"https:\/\/inzain.bike\/wp-content\/uploads\/2026\/01\/70510497_10157158071191677_5376288916938686464_n-1.jpg\",\"contentUrl\":\"https:\/\/inzain.bike\/wp-content\/uploads\/2026\/01\/70510497_10157158071191677_5376288916938686464_n-1.jpg\"},{\"@type\":\"BreadcrumbList\",\"@id\":\"https:\/\/inzain.bike\/aland-cykling\/#breadcrumb\",\"itemListElement\":[{\"@type\":\"ListItem\",\"position\":1,\"name\":\"Hem\",\"item\":\"https:\/\/inzain.bike\/fr_be\/\"},{\"@type\":\"ListItem\",\"position\":2,\"name\":\"\u00c5land Cykling\"}]},{\"@type\":\"WebSite\",\"@id\":\"https:\/\/inzain.bike\/fr_be\/#website\",\"url\":\"https:\/\/inzain.bike\/fr_be\/\",\"name\":\"INZAIN Cycling EXPERIENCES\",\"description\":\"Cyckling Adventures  - for everyone\",\"publisher\":{\"@id\":\"https:\/\/inzain.bike\/fr_be\/#organization\"},\"alternateName\":\"INZAIN Gravel & Travel\",\"potentialAction\":[{\"@type\":\"SearchAction\",\"target\":{\"@type\":\"EntryPoint\",\"urlTemplate\":\"https:\/\/inzain.bike\/fr_be\/?s={search_term_string}\"},\"query-input\":{\"@type\":\"PropertyValueSpecification\",\"valueRequired\":true,\"valueName\":\"search_term_string\"}}],\"inLanguage\":\"de\"},{\"@type\":\"Organization\",\"@id\":\"https:\/\/inzain.bike\/fr_be\/#organization\",\"name\":\"INZAIN Cycling EXPERIENCES\",\"url\":\"https:\/\/inzain.bike\/fr_be\/\",\"logo\":{\"@type\":\"ImageObject\",\"inLanguage\":\"de\",\"@id\":\"https:\/\/inzain.bike\/fr_be\/#\/schema\/logo\/image\/\",\"url\":\"https:\/\/i0.wp.com\/inzain.bike\/wp-content\/uploads\/2023\/09\/cropped-INZAIN_512x512_white.png?fit=512%2C512&ssl=1\",\"contentUrl\":\"https:\/\/i0.wp.com\/inzain.bike\/wp-content\/uploads\/2023\/09\/cropped-INZAIN_512x512_white.png?fit=512%2C512&ssl=1\",\"width\":512,\"height\":512,\"caption\":\"INZAIN Cycling EXPERIENCES\"},\"image\":{\"@id\":\"https:\/\/inzain.bike\/fr_be\/#\/schema\/logo\/image\/\"},\"sameAs\":[\"https:\/\/www.facebook.com\/Inzain.bike\",\"https:\/\/www.instagram.com\/inzainbike\"]}]}<\/script>\n<!-- \/ Yoast SEO plugin. -->","yoast_head_json":{"title":"\u00c5land Radfahren - INZAIN Radsport-ERLEBNISSE","robots":{"index":"index","follow":"follow","max-snippet":"max-snippet:-1","max-image-preview":"max-image-preview:large","max-video-preview":"max-video-preview:-1"},"canonical":"https:\/\/inzain.bike\/de\/aland-cykling\/","og_locale":"de_DE","og_type":"article","og_title":"\u00c5land Cykling - INZAIN Cycling EXPERIENCES","og_description":"En upplevelse &#8211; inte ett lopp \u00c5land Runt har n\u00e5got f\u00f6r alla. Vi kommer dela in oss i fartgrupper efter deltagarnas \u00f6nskem\u00e5l. I god tid f\u00f6r eventet fyller man i ett formul\u00e4r och anger sina preferenser p\u00e5 fart, str\u00e4cka och om man vill cykla asfalt, gravel eller b\u00e5de och. Vi skapar sedan grupper, med ledare [&hellip;]","og_url":"https:\/\/inzain.bike\/de\/aland-cykling\/","og_site_name":"INZAIN Cycling EXPERIENCES","article_publisher":"https:\/\/www.facebook.com\/Inzain.bike","article_modified_time":"2026-02-17T11:12:34+00:00","og_image":[{"width":960,"height":958,"url":"https:\/\/inzain.bike\/wp-content\/uploads\/2026\/01\/70510497_10157158071191677_5376288916938686464_n-1.jpg","type":"image\/jpeg"}],"twitter_card":"summary_large_image","twitter_misc":{"Gesch\u00e4tzte Lesezeit":"2\u00a0Minuten"},"schema":{"@context":"https:\/\/schema.org","@graph":[{"@type":"WebPage","@id":"https:\/\/inzain.bike\/aland-cykling\/","url":"https:\/\/inzain.bike\/aland-cykling\/","name":"\u00c5land Radfahren - INZAIN Radsport-ERLEBNISSE","isPartOf":{"@id":"https:\/\/inzain.bike\/fr_be\/#website"},"primaryImageOfPage":{"@id":"https:\/\/inzain.bike\/aland-cykling\/#primaryimage"},"image":{"@id":"https:\/\/inzain.bike\/aland-cykling\/#primaryimage"},"thumbnailUrl":"https:\/\/inzain.bike\/wp-content\/uploads\/2026\/01\/70510497_10157158071191677_5376288916938686464_n-1.jpg","datePublished":"2023-11-15T15:02:49+00:00","dateModified":"2026-02-17T11:12:34+00:00","breadcrumb":{"@id":"https:\/\/inzain.bike\/aland-cykling\/#breadcrumb"},"inLanguage":"de","potentialAction":[{"@type":"ReadAction","target":["https:\/\/inzain.bike\/aland-cykling\/"]}]},{"@type":"ImageObject","inLanguage":"de","@id":"https:\/\/inzain.bike\/aland-cykling\/#primaryimage","url":"https:\/\/inzain.bike\/wp-content\/uploads\/2026\/01\/70510497_10157158071191677_5376288916938686464_n-1.jpg","contentUrl":"https:\/\/inzain.bike\/wp-content\/uploads\/2026\/01\/70510497_10157158071191677_5376288916938686464_n-1.jpg"},{"@type":"BreadcrumbList","@id":"https:\/\/inzain.bike\/aland-cykling\/#breadcrumb","itemListElement":[{"@type":"ListItem","position":1,"name":"Hem","item":"https:\/\/inzain.bike\/fr_be\/"},{"@type":"ListItem","position":2,"name":"\u00c5land Cykling"}]},{"@type":"WebSite","@id":"https:\/\/inzain.bike\/fr_be\/#website","url":"https:\/\/inzain.bike\/fr_be\/","name":"INZAIN-Raderlebnisse","description":"Radabenteuer \u2013 f\u00fcr jedermann","publisher":{"@id":"https:\/\/inzain.bike\/fr_be\/#organization"},"alternateName":"INZAIN Gravel & Travel","potentialAction":[{"@type":"SearchAction","target":{"@type":"EntryPoint","urlTemplate":"https:\/\/inzain.bike\/fr_be\/?s={search_term_string}"},"query-input":{"@type":"PropertyValueSpecification","valueRequired":true,"valueName":"search_term_string"}}],"inLanguage":"de"},{"@type":"Organization","@id":"https:\/\/inzain.bike\/fr_be\/#organization","name":"INZAIN-Raderlebnisse","url":"https:\/\/inzain.bike\/fr_be\/","logo":{"@type":"ImageObject","inLanguage":"de","@id":"https:\/\/inzain.bike\/fr_be\/#\/schema\/logo\/image\/","url":"https:\/\/i0.wp.com\/inzain.bike\/wp-content\/uploads\/2023\/09\/cropped-INZAIN_512x512_white.png?fit=512%2C512&ssl=1","contentUrl":"https:\/\/i0.wp.com\/inzain.bike\/wp-content\/uploads\/2023\/09\/cropped-INZAIN_512x512_white.png?fit=512%2C512&ssl=1","width":512,"height":512,"caption":"INZAIN Cycling EXPERIENCES"},"image":{"@id":"https:\/\/inzain.bike\/fr_be\/#\/schema\/logo\/image\/"},"sameAs":["https:\/\/www.facebook.com\/Inzain.bike","https:\/\/www.instagram.com\/inzainbike"]}]}},"amp_enabled":true,"_links":{"self":[{"href":"https:\/\/inzain.bike\/de\/wp-json\/wp\/v2\/pages\/5244","targetHints":{"allow":["GET"]}}],"collection":[{"href":"https:\/\/inzain.bike\/de\/wp-json\/wp\/v2\/pages"}],"about":[{"href":"https:\/\/inzain.bike\/de\/wp-json\/wp\/v2\/types\/page"}],"author":[{"embeddable":true,"href":"https:\/\/inzain.bike\/de\/wp-json\/wp\/v2\/users\/135133094"}],"replies":[{"embeddable":true,"href":"https:\/\/inzain.bike\/de\/wp-json\/wp\/v2\/comments?post=5244"}],"version-history":[{"count":2,"href":"https:\/\/inzain.bike\/de\/wp-json\/wp\/v2\/pages\/5244\/revisions"}],"predecessor-version":[{"id":10116,"href":"https:\/\/inzain.bike\/de\/wp-json\/wp\/v2\/pages\/5244\/revisions\/10116"}],"wp:attachment":[{"href":"https:\/\/inzain.bike\/de\/wp-json\/wp\/v2\/media?parent=5244"}],"curies":[{"name":"wp","href":"https:\/\/api.w.org\/{rel}","templated":true}]}}