{"id":5442,"date":"2023-11-17T12:29:52","date_gmt":"2023-11-17T11:29:52","guid":{"rendered":"https:\/\/inzain.bike\/?page_id=5442"},"modified":"2024-12-07T12:48:18","modified_gmt":"2024-12-07T11:48:18","slug":"mal25_mallorca","status":"publish","type":"page","link":"https:\/\/inzain.bike\/de\/mal25_mallorca\/","title":{"rendered":"\u00dcber Mallorca"},"content":{"rendered":"<div class=\"wp-block-columns alignwide is-layout-flex wp-container-core-columns-is-layout-28f84493 wp-block-columns-is-layout-flex\">\n<div class=\"wp-block-column is-layout-flow wp-block-column-is-layout-flow\">\n<p><strong>Mallorca hat eine sehr abwechslungsreiche Landschaft mit hohen Berggipfeln, weiten Ebenen und langen Str\u00e4nden<\/strong>. Im Tramuntana-Gebirge (Sierra de Tramuntana) liegt der h\u00f6chste Gipfel der Insel, der Puig Major, 1.436 m \u00fcber dem Meeresspiegel. <\/p>\n\n\n\n<p>Die Insel hat alles, was das Herz begehrt! Sonne, Str\u00e4nde, Ausfl\u00fcge, Golfpl\u00e4tze, Wander- und Radwege, Nachtleben, Kultur, Shopping usw. <\/p>\n\n\n\n<p>Sie ist die gr\u00f6\u00dfte Insel der Balearengruppe, die im westlichen Teil des Mittelmeers liegt und zu Spanien geh\u00f6rt. Die anderen Inseln der Gruppe sind Menorca, Ibiza und Formentera. Mallorca ist etwas gr\u00f6\u00dfer als Gotland und misst etwa 10 x 8 Meilen.<\/p>\n\n\n\n<p>Der Gro\u00dfteil der Inselbev\u00f6lkerung, etwa 70 %, lebt vom Tourismus, etwa 20 % von der Landwirtschaft und der Rest von der Industrie, die sich haupts\u00e4chlich mit Glas, Keramik und M\u00f6beln besch\u00e4ftigt.<\/p>\n\n\n\n<p>Mallorca ist eines der beliebtesten Reiseziele Europas und jedes Jahr kommen mehr als zehnmal so viele Touristen wie st\u00e4ndige Einwohner auf die Insel. Die Besucher kommen aus der ganzen Welt, aber nat\u00fcrlich haupts\u00e4chlich aus Europa. Die gro\u00dfen Touristengruppen kommen aus Deutschland, England und Skandinavien sowie vom Festland, von wo aus auch viele Spanier gerne Mallorca besuchen.<\/p>\n\n\n\n<p><br><\/p>\n\n\n\n<div class=\"wp-block-jetpack-tiled-gallery aligncenter is-style-rectangular\"><div class=\"tiled-gallery__gallery\"><div class=\"tiled-gallery__row\"><div class=\"tiled-gallery__col\" style=\"flex-basis:44.53880%\"><figure class=\"tiled-gallery__item\"><img decoding=\"async\" alt=\"\" data-height=\"933\" data-id=\"5446\" data-link=\"https:\/\/inzain.bike\/mal24_mallorca\/mallorca_en-us\/\" data-url=\"https:\/\/inzain.bike\/wp-content\/uploads\/2023\/11\/mallorca_en-US-1024x682.png\" data-width=\"1400\" src=\"https:\/\/i2.wp.com\/inzain.bike\/wp-content\/uploads\/2023\/11\/mallorca_en-US-1024x682.png?ssl=1\" data-amp-layout=\"responsive\"\/><\/figure><figure class=\"tiled-gallery__item\"><img decoding=\"async\" alt=\"\" data-height=\"630\" data-id=\"5447\" data-link=\"https:\/\/inzain.bike\/mal24_mallorca\/mallorca-unsplash\/\" data-url=\"https:\/\/inzain.bike\/wp-content\/uploads\/2023\/11\/mallorca-unsplash-1024x538.jpg\" data-width=\"1200\" src=\"https:\/\/i2.wp.com\/inzain.bike\/wp-content\/uploads\/2023\/11\/mallorca-unsplash-1024x538.jpg?ssl=1\" data-amp-layout=\"responsive\"\/><\/figure><figure class=\"tiled-gallery__item\"><img decoding=\"async\" alt=\"\" data-height=\"183\" data-id=\"5448\" data-link=\"https:\/\/inzain.bike\/mal24_mallorca\/nedladdning-2\/\" data-url=\"https:\/\/inzain.bike\/wp-content\/uploads\/2023\/11\/nedladdning.jpg\" data-width=\"275\" src=\"https:\/\/i1.wp.com\/inzain.bike\/wp-content\/uploads\/2023\/11\/nedladdning.jpg?ssl=1\" data-amp-layout=\"responsive\"\/><\/figure><\/div><div class=\"tiled-gallery__col\" style=\"flex-basis:55.46120%\"><figure class=\"tiled-gallery__item\"><img decoding=\"async\" alt=\"\" data-height=\"5752\" data-id=\"5449\" data-link=\"https:\/\/inzain.bike\/mal24_mallorca\/pexels-ira-11741465\/\" data-url=\"https:\/\/inzain.bike\/wp-content\/uploads\/2023\/11\/pexels-ira-11741465-683x1024.jpg\" data-width=\"3835\" src=\"https:\/\/i0.wp.com\/inzain.bike\/wp-content\/uploads\/2023\/11\/pexels-ira-11741465-683x1024.jpg?ssl=1\" data-amp-layout=\"responsive\"\/><\/figure><\/div><\/div><div class=\"tiled-gallery__row\"><div class=\"tiled-gallery__col\" style=\"flex-basis:64.97033%\"><figure class=\"tiled-gallery__item\"><img decoding=\"async\" alt=\"\" data-height=\"2374\" data-id=\"5451\" data-link=\"https:\/\/inzain.bike\/mal24_mallorca\/pexels-mali-maeder-42093\/\" data-url=\"https:\/\/inzain.bike\/wp-content\/uploads\/2023\/11\/pexels-mali-maeder-42093-1024x680.jpg\" data-width=\"3574\" src=\"https:\/\/i2.wp.com\/inzain.bike\/wp-content\/uploads\/2023\/11\/pexels-mali-maeder-42093-1024x680.jpg?ssl=1\" data-amp-layout=\"responsive\"\/><\/figure><\/div><div class=\"tiled-gallery__col\" style=\"flex-basis:35.02967%\"><figure class=\"tiled-gallery__item\"><img decoding=\"async\" alt=\"\" data-height=\"168\" data-id=\"5452\" data-link=\"https:\/\/inzain.bike\/mal24_mallorca\/sacalobra-2\/\" data-url=\"https:\/\/inzain.bike\/wp-content\/uploads\/2023\/11\/sacalobra.jpg\" data-width=\"300\" src=\"https:\/\/i2.wp.com\/inzain.bike\/wp-content\/uploads\/2023\/11\/sacalobra.jpg?ssl=1\" data-amp-layout=\"responsive\"\/><\/figure><figure class=\"tiled-gallery__item\"><img decoding=\"async\" alt=\"\" data-height=\"500\" data-id=\"5453\" data-link=\"https:\/\/inzain.bike\/mal24_mallorca\/small_climb2706pic9126-2\/\" data-url=\"https:\/\/inzain.bike\/wp-content\/uploads\/2023\/11\/small_climb2706pic9126.jpeg\" data-width=\"749\" src=\"https:\/\/i2.wp.com\/inzain.bike\/wp-content\/uploads\/2023\/11\/small_climb2706pic9126.jpeg?ssl=1\" data-amp-layout=\"responsive\"\/><\/figure><\/div><\/div><div class=\"tiled-gallery__row\"><div class=\"tiled-gallery__col\" style=\"flex-basis:100.00000%\"><figure class=\"tiled-gallery__item\"><img decoding=\"async\" alt=\"\" data-height=\"600\" data-id=\"5454\" data-link=\"https:\/\/inzain.bike\/mal24_mallorca\/vandreferie-paa-mallorca\/\" data-url=\"https:\/\/inzain.bike\/wp-content\/uploads\/2023\/11\/vandreferie-paa-mallorca-1024x576.jpg\" data-width=\"1067\" src=\"https:\/\/i1.wp.com\/inzain.bike\/wp-content\/uploads\/2023\/11\/vandreferie-paa-mallorca-1024x576.jpg?ssl=1\" data-amp-layout=\"responsive\"\/><\/figure><\/div><\/div><\/div><\/div>\n\n\n\n<p>Neben dem Radfahren gibt es viel zu entdecken. Ein Ausflug nach Palma, einer lebhaften Stadt mit einer fantastischen Promenade, die sich hervorragend f\u00fcr ruhige Caf\u00e9-Radtouren eignet.<br>Die MA-10, eine Stra\u00dfe, die sich um die Berge schl\u00e4ngelt, sollten Sie sich nicht entgehen lassen. Mieten Sie sich doch ein Auto und erkunden Sie sie am violetten Tag.<\/p>\n\n\n\n<p>Fragen Sie unsere Guides, wenn Sie etwas Besonderes erleben m\u00f6chten, und wir werden versuchen, es bestm\u00f6glich zu arrangieren.<\/p>\n<\/div>\n<\/div>","protected":false},"excerpt":{"rendered":"<p>Mallorca har ett mycket varierande landskap, med h\u00f6ga bergstoppar, stora sl\u00e4tter och l\u00e5nga str\u00e4nder. I Tramuntanabergen (Sierra de Tramuntana) ligger \u00f6ns h\u00f6gsta bergstopp Puig Major, 1 436 m \u00f6 h. \u00d6n har allt man kan \u00f6nska sig! Sol, str\u00e4nder, utflykter, golfbanor, vandrings- och cykelleder, nattliv, kultur, shopping, m.m. Den \u00e4r den st\u00f6rsta av \u00f6arna i [&hellip;]<\/p>\n","protected":false},"author":135133094,"featured_media":0,"parent":0,"menu_order":0,"comment_status":"closed","ping_status":"closed","template":"","meta":{"_coblocks_attr":"","_coblocks_dimensions":"","_coblocks_responsive_height":"","_coblocks_accordion_ie_support":"","footnotes":""},"class_list":["post-5442","page","type-page","status-publish","hentry"],"yoast_head":"<!-- This site is optimized with the Yoast SEO plugin v27.2 - https:\/\/yoast.com\/product\/yoast-seo-wordpress\/ -->\n<title>Om Mallorca - INZAIN Cycling EXPERIENCES<\/title>\n<meta name=\"robots\" content=\"index, follow, max-snippet:-1, max-image-preview:large, max-video-preview:-1\" \/>\n<link rel=\"canonical\" href=\"https:\/\/inzain.bike\/de\/mal25_mallorca\/\" \/>\n<meta property=\"og:locale\" content=\"de_DE\" \/>\n<meta property=\"og:type\" content=\"article\" \/>\n<meta property=\"og:title\" content=\"Om Mallorca - INZAIN Cycling EXPERIENCES\" \/>\n<meta property=\"og:description\" content=\"Mallorca har ett mycket varierande landskap, med h\u00f6ga bergstoppar, stora sl\u00e4tter och l\u00e5nga str\u00e4nder. I Tramuntanabergen (Sierra de Tramuntana) ligger \u00f6ns h\u00f6gsta bergstopp Puig Major, 1 436 m \u00f6 h. \u00d6n har allt man kan \u00f6nska sig! Sol, str\u00e4nder, utflykter, golfbanor, vandrings- och cykelleder, nattliv, kultur, shopping, m.m. Den \u00e4r den st\u00f6rsta av \u00f6arna i [&hellip;]\" \/>\n<meta property=\"og:url\" content=\"https:\/\/inzain.bike\/de\/mal25_mallorca\/\" \/>\n<meta property=\"og:site_name\" content=\"INZAIN Cycling EXPERIENCES\" \/>\n<meta property=\"article:publisher\" content=\"https:\/\/www.facebook.com\/Inzain.bike\" \/>\n<meta property=\"article:modified_time\" content=\"2024-12-07T11:48:18+00:00\" \/>\n<meta property=\"og:image\" content=\"https:\/\/i2.wp.com\/inzain.bike\/wp-content\/uploads\/2023\/11\/mallorca_en-US-1024x682.png?ssl=1\" \/>\n<meta name=\"twitter:card\" content=\"summary_large_image\" \/>\n<meta name=\"twitter:label1\" content=\"Gesch\u00e4tzte Lesezeit\" \/>\n\t<meta name=\"twitter:data1\" content=\"3\u00a0Minuten\" \/>\n<script type=\"application\/ld+json\" class=\"yoast-schema-graph\">{\"@context\":\"https:\/\/schema.org\",\"@graph\":[{\"@type\":\"WebPage\",\"@id\":\"https:\/\/inzain.bike\/en\/mal25_mallorca\/\",\"url\":\"https:\/\/inzain.bike\/en\/mal25_mallorca\/\",\"name\":\"Om Mallorca - INZAIN Cycling EXPERIENCES\",\"isPartOf\":{\"@id\":\"https:\/\/inzain.bike\/fr_be\/#website\"},\"primaryImageOfPage\":{\"@id\":\"https:\/\/inzain.bike\/en\/mal25_mallorca\/#primaryimage\"},\"image\":{\"@id\":\"https:\/\/inzain.bike\/en\/mal25_mallorca\/#primaryimage\"},\"thumbnailUrl\":\"https:\/\/i2.wp.com\/inzain.bike\/wp-content\/uploads\/2023\/11\/mallorca_en-US-1024x682.png?ssl=1\",\"datePublished\":\"2023-11-17T11:29:52+00:00\",\"dateModified\":\"2024-12-07T11:48:18+00:00\",\"breadcrumb\":{\"@id\":\"https:\/\/inzain.bike\/en\/mal25_mallorca\/#breadcrumb\"},\"inLanguage\":\"de\",\"potentialAction\":[{\"@type\":\"ReadAction\",\"target\":[\"https:\/\/inzain.bike\/en\/mal25_mallorca\/\"]}]},{\"@type\":\"ImageObject\",\"inLanguage\":\"de\",\"@id\":\"https:\/\/inzain.bike\/en\/mal25_mallorca\/#primaryimage\",\"url\":\"https:\/\/i2.wp.com\/inzain.bike\/wp-content\/uploads\/2023\/11\/mallorca_en-US-1024x682.png?ssl=1\",\"contentUrl\":\"https:\/\/i2.wp.com\/inzain.bike\/wp-content\/uploads\/2023\/11\/mallorca_en-US-1024x682.png?ssl=1\"},{\"@type\":\"BreadcrumbList\",\"@id\":\"https:\/\/inzain.bike\/en\/mal25_mallorca\/#breadcrumb\",\"itemListElement\":[{\"@type\":\"ListItem\",\"position\":1,\"name\":\"Hem\",\"item\":\"https:\/\/inzain.bike\/fr_be\/\"},{\"@type\":\"ListItem\",\"position\":2,\"name\":\"Om Mallorca\"}]},{\"@type\":\"WebSite\",\"@id\":\"https:\/\/inzain.bike\/fr_be\/#website\",\"url\":\"https:\/\/inzain.bike\/fr_be\/\",\"name\":\"INZAIN Cycling EXPERIENCES\",\"description\":\"Cyckling Adventures  - for everyone\",\"publisher\":{\"@id\":\"https:\/\/inzain.bike\/fr_be\/#organization\"},\"alternateName\":\"INZAIN Gravel & Travel\",\"potentialAction\":[{\"@type\":\"SearchAction\",\"target\":{\"@type\":\"EntryPoint\",\"urlTemplate\":\"https:\/\/inzain.bike\/fr_be\/?s={search_term_string}\"},\"query-input\":{\"@type\":\"PropertyValueSpecification\",\"valueRequired\":true,\"valueName\":\"search_term_string\"}}],\"inLanguage\":\"de\"},{\"@type\":\"Organization\",\"@id\":\"https:\/\/inzain.bike\/fr_be\/#organization\",\"name\":\"INZAIN Cycling EXPERIENCES\",\"url\":\"https:\/\/inzain.bike\/fr_be\/\",\"logo\":{\"@type\":\"ImageObject\",\"inLanguage\":\"de\",\"@id\":\"https:\/\/inzain.bike\/fr_be\/#\/schema\/logo\/image\/\",\"url\":\"https:\/\/i0.wp.com\/inzain.bike\/wp-content\/uploads\/2023\/09\/cropped-INZAIN_512x512_white.png?fit=512%2C512&ssl=1\",\"contentUrl\":\"https:\/\/i0.wp.com\/inzain.bike\/wp-content\/uploads\/2023\/09\/cropped-INZAIN_512x512_white.png?fit=512%2C512&ssl=1\",\"width\":512,\"height\":512,\"caption\":\"INZAIN Cycling EXPERIENCES\"},\"image\":{\"@id\":\"https:\/\/inzain.bike\/fr_be\/#\/schema\/logo\/image\/\"},\"sameAs\":[\"https:\/\/www.facebook.com\/Inzain.bike\",\"https:\/\/www.instagram.com\/inzainbike\"]}]}<\/script>\n<!-- \/ Yoast SEO plugin. -->","yoast_head_json":{"title":"\u00dcber Mallorca - INZAIN Cycling EXPERIENCES","robots":{"index":"index","follow":"follow","max-snippet":"max-snippet:-1","max-image-preview":"max-image-preview:large","max-video-preview":"max-video-preview:-1"},"canonical":"https:\/\/inzain.bike\/de\/mal25_mallorca\/","og_locale":"de_DE","og_type":"article","og_title":"Om Mallorca - INZAIN Cycling EXPERIENCES","og_description":"Mallorca har ett mycket varierande landskap, med h\u00f6ga bergstoppar, stora sl\u00e4tter och l\u00e5nga str\u00e4nder. I Tramuntanabergen (Sierra de Tramuntana) ligger \u00f6ns h\u00f6gsta bergstopp Puig Major, 1 436 m \u00f6 h. \u00d6n har allt man kan \u00f6nska sig! Sol, str\u00e4nder, utflykter, golfbanor, vandrings- och cykelleder, nattliv, kultur, shopping, m.m. Den \u00e4r den st\u00f6rsta av \u00f6arna i [&hellip;]","og_url":"https:\/\/inzain.bike\/de\/mal25_mallorca\/","og_site_name":"INZAIN Cycling EXPERIENCES","article_publisher":"https:\/\/www.facebook.com\/Inzain.bike","article_modified_time":"2024-12-07T11:48:18+00:00","og_image":[{"url":"https:\/\/i2.wp.com\/inzain.bike\/wp-content\/uploads\/2023\/11\/mallorca_en-US-1024x682.png?ssl=1","type":"","width":"","height":""}],"twitter_card":"summary_large_image","twitter_misc":{"Gesch\u00e4tzte Lesezeit":"3\u00a0Minuten"},"schema":{"@context":"https:\/\/schema.org","@graph":[{"@type":"WebPage","@id":"https:\/\/inzain.bike\/en\/mal25_mallorca\/","url":"https:\/\/inzain.bike\/en\/mal25_mallorca\/","name":"\u00dcber Mallorca - INZAIN Cycling EXPERIENCES","isPartOf":{"@id":"https:\/\/inzain.bike\/fr_be\/#website"},"primaryImageOfPage":{"@id":"https:\/\/inzain.bike\/en\/mal25_mallorca\/#primaryimage"},"image":{"@id":"https:\/\/inzain.bike\/en\/mal25_mallorca\/#primaryimage"},"thumbnailUrl":"https:\/\/i2.wp.com\/inzain.bike\/wp-content\/uploads\/2023\/11\/mallorca_en-US-1024x682.png?ssl=1","datePublished":"2023-11-17T11:29:52+00:00","dateModified":"2024-12-07T11:48:18+00:00","breadcrumb":{"@id":"https:\/\/inzain.bike\/en\/mal25_mallorca\/#breadcrumb"},"inLanguage":"de","potentialAction":[{"@type":"ReadAction","target":["https:\/\/inzain.bike\/en\/mal25_mallorca\/"]}]},{"@type":"ImageObject","inLanguage":"de","@id":"https:\/\/inzain.bike\/en\/mal25_mallorca\/#primaryimage","url":"https:\/\/i2.wp.com\/inzain.bike\/wp-content\/uploads\/2023\/11\/mallorca_en-US-1024x682.png?ssl=1","contentUrl":"https:\/\/i2.wp.com\/inzain.bike\/wp-content\/uploads\/2023\/11\/mallorca_en-US-1024x682.png?ssl=1"},{"@type":"BreadcrumbList","@id":"https:\/\/inzain.bike\/en\/mal25_mallorca\/#breadcrumb","itemListElement":[{"@type":"ListItem","position":1,"name":"Hem","item":"https:\/\/inzain.bike\/fr_be\/"},{"@type":"ListItem","position":2,"name":"Om Mallorca"}]},{"@type":"WebSite","@id":"https:\/\/inzain.bike\/fr_be\/#website","url":"https:\/\/inzain.bike\/fr_be\/","name":"INZAIN-Raderlebnisse","description":"Radabenteuer \u2013 f\u00fcr jedermann","publisher":{"@id":"https:\/\/inzain.bike\/fr_be\/#organization"},"alternateName":"INZAIN Gravel & Travel","potentialAction":[{"@type":"SearchAction","target":{"@type":"EntryPoint","urlTemplate":"https:\/\/inzain.bike\/fr_be\/?s={search_term_string}"},"query-input":{"@type":"PropertyValueSpecification","valueRequired":true,"valueName":"search_term_string"}}],"inLanguage":"de"},{"@type":"Organization","@id":"https:\/\/inzain.bike\/fr_be\/#organization","name":"INZAIN-Raderlebnisse","url":"https:\/\/inzain.bike\/fr_be\/","logo":{"@type":"ImageObject","inLanguage":"de","@id":"https:\/\/inzain.bike\/fr_be\/#\/schema\/logo\/image\/","url":"https:\/\/i0.wp.com\/inzain.bike\/wp-content\/uploads\/2023\/09\/cropped-INZAIN_512x512_white.png?fit=512%2C512&ssl=1","contentUrl":"https:\/\/i0.wp.com\/inzain.bike\/wp-content\/uploads\/2023\/09\/cropped-INZAIN_512x512_white.png?fit=512%2C512&ssl=1","width":512,"height":512,"caption":"INZAIN Cycling EXPERIENCES"},"image":{"@id":"https:\/\/inzain.bike\/fr_be\/#\/schema\/logo\/image\/"},"sameAs":["https:\/\/www.facebook.com\/Inzain.bike","https:\/\/www.instagram.com\/inzainbike"]}]}},"amp_enabled":true,"_links":{"self":[{"href":"https:\/\/inzain.bike\/de\/wp-json\/wp\/v2\/pages\/5442","targetHints":{"allow":["GET"]}}],"collection":[{"href":"https:\/\/inzain.bike\/de\/wp-json\/wp\/v2\/pages"}],"about":[{"href":"https:\/\/inzain.bike\/de\/wp-json\/wp\/v2\/types\/page"}],"author":[{"embeddable":true,"href":"https:\/\/inzain.bike\/de\/wp-json\/wp\/v2\/users\/135133094"}],"replies":[{"embeddable":true,"href":"https:\/\/inzain.bike\/de\/wp-json\/wp\/v2\/comments?post=5442"}],"version-history":[{"count":1,"href":"https:\/\/inzain.bike\/de\/wp-json\/wp\/v2\/pages\/5442\/revisions"}],"predecessor-version":[{"id":7697,"href":"https:\/\/inzain.bike\/de\/wp-json\/wp\/v2\/pages\/5442\/revisions\/7697"}],"wp:attachment":[{"href":"https:\/\/inzain.bike\/de\/wp-json\/wp\/v2\/media?parent=5442"}],"curies":[{"name":"wp","href":"https:\/\/api.w.org\/{rel}","templated":true}]}}