{"id":5808,"date":"2023-11-22T19:14:43","date_gmt":"2023-11-22T18:14:43","guid":{"rendered":"https:\/\/inzain.bike\/?page_id=5808"},"modified":"2025-03-17T16:13:49","modified_gmt":"2025-03-17T15:13:49","slug":"sor25-cykling","status":"publish","type":"page","link":"https:\/\/inzain.bike\/de\/sor25-cykling\/","title":{"rendered":"S\u00f6rmland Radfahren"},"content":{"rendered":"<p>Willkommen im INZAIN Gravel Camp in S\u00f6rmland. Dies ist das vierte Mal, dass wir hier im Gravel-Mekka Schwedens ein Camp veranstalten. Dieses Mal sind wir mitten im Geschehen und leben und arbeiten von Eskilstuna aus.<br><br>Unsere Gravelcamps sind f\u00fcr jeden geeignet. Willst du schnell fahren, es gem\u00fctlich angehen lassen oder Abwechslung? Es l\u00e4uft gro\u00dfartig. Es wird Strecken unterschiedlicher L\u00e4nge geben, die meisten davon k\u00f6nnen auch abgek\u00fcrzt werden. F\u00fcr den Fall, dass ein Fahrrad oder Radfahrer versorgt werden muss, verf\u00fcgen wir auch \u00fcber ein Begleitfahrzeug.<\/p>\n\n\n\n<p>Wir glauben, dass Kaffee und Essen wichtig sind, deshalb kommen wir an sch\u00f6nen Orten vorbei, wo Sie Ihrem Magen etwas Gutes tun k\u00f6nnen.<br>Bei gro\u00dfer Hitze steht das Begleitfahrzeug mit zus\u00e4tzlichem Wasser und anderen Dingen zur Verf\u00fcgung.<\/p>\n\n\n\n<div class=\"wp-block-columns alignwide is-layout-flex wp-container-core-columns-is-layout-28f84493 wp-block-columns-is-layout-flex\">\n<div class=\"wp-block-column is-layout-flow wp-block-column-is-layout-flow\">\n<figure class=\"wp-block-image size-large\"><img loading=\"lazy\" decoding=\"async\" width=\"990\" height=\"1024\" src=\"https:\/\/inzain.bike\/wp-content\/uploads\/2023\/11\/20220522_141723-990x1024.jpg\" alt=\"\" class=\"wp-image-5792\" srcset=\"https:\/\/inzain.bike\/wp-content\/uploads\/2023\/11\/20220522_141723-990x1024.jpg 990w, https:\/\/inzain.bike\/wp-content\/uploads\/2023\/11\/20220522_141723-290x300.jpg 290w, https:\/\/inzain.bike\/wp-content\/uploads\/2023\/11\/20220522_141723-768x794.jpg 768w, https:\/\/inzain.bike\/wp-content\/uploads\/2023\/11\/20220522_141723-1485x1536.jpg 1485w, https:\/\/inzain.bike\/wp-content\/uploads\/2023\/11\/20220522_141723-1980x2048.jpg 1980w, https:\/\/inzain.bike\/wp-content\/uploads\/2023\/11\/20220522_141723-12x12.jpg 12w, https:\/\/inzain.bike\/wp-content\/uploads\/2023\/11\/20220522_141723-1320x1365.jpg 1320w, https:\/\/inzain.bike\/wp-content\/uploads\/2023\/11\/20220522_141723-600x621.jpg 600w\" sizes=\"auto, (max-width: 990px) 100vw, 990px\" \/><\/figure>\n<\/div>\n\n\n\n<div class=\"wp-block-column is-layout-flow wp-block-column-is-layout-flow\">\n<div style=\"height:254px\" aria-hidden=\"true\" class=\"wp-block-spacer\"><\/div>\n\n\n\n<p class=\"has-roboto-font-family has-custom-font\" style=\"font-family:Roboto\">Die beiden Tage haben einen deutlich unterschiedlichen Charakter, aber beide sind absolut fantastische Touren. Unsere Guides sorgen daf\u00fcr, dass alle eine gute Zeit haben und wir passen das Tempo an die Gruppe an. Wenn es das Beste wird, teilen wir uns in verschiedene Geschwindigkeitsgruppen auf, aber unabh\u00e4ngig von der Geschwindigkeit k\u00f6nnen wir versprechen, dass jeder zwei fantastische Tage haben wird.<\/p>\n\n\n\n<p>Rechtzeitig vor dem Wochenende versenden wir unseren ber\u00fchmten Riders Guide, ein Dokument, das alle Informationen zu Routen, Kaffee, Mittagessen und vielem mehr enth\u00e4lt.<\/p>\n<\/div>\n<\/div>\n\n\n\n<div class=\"wp-block-columns alignwide is-layout-flex wp-container-core-columns-is-layout-28f84493 wp-block-columns-is-layout-flex\">\n<div class=\"wp-block-column is-layout-flow wp-block-column-is-layout-flow\">\n<p class=\"has-roboto-font-family has-custom-font\" style=\"font-family:Roboto;font-size:52px\">Zeitplan<\/p>\n\n\n\n<div style=\"height:65px\" aria-hidden=\"true\" class=\"wp-block-spacer\"><\/div>\n<\/div>\n<\/div>\n\n\n\n<div class=\"wp-block-columns alignwide is-layout-flex wp-container-core-columns-is-layout-28f84493 wp-block-columns-is-layout-flex\">\n<div class=\"wp-block-column is-layout-flow wp-block-column-is-layout-flow\">\n<figure class=\"wp-block-image size-large\"><img loading=\"lazy\" decoding=\"async\" width=\"768\" height=\"1024\" src=\"https:\/\/inzain.bike\/wp-content\/uploads\/2025\/03\/442445534_384192111250484_1074260929087877590_n-768x1024.jpg\" alt=\"\" class=\"wp-image-7858\" srcset=\"https:\/\/inzain.bike\/wp-content\/uploads\/2025\/03\/442445534_384192111250484_1074260929087877590_n-768x1024.jpg 768w, https:\/\/inzain.bike\/wp-content\/uploads\/2025\/03\/442445534_384192111250484_1074260929087877590_n-225x300.jpg 225w, https:\/\/inzain.bike\/wp-content\/uploads\/2025\/03\/442445534_384192111250484_1074260929087877590_n-1152x1536.jpg 1152w, https:\/\/inzain.bike\/wp-content\/uploads\/2025\/03\/442445534_384192111250484_1074260929087877590_n-9x12.jpg 9w, https:\/\/inzain.bike\/wp-content\/uploads\/2025\/03\/442445534_384192111250484_1074260929087877590_n-1320x1760.jpg 1320w, https:\/\/inzain.bike\/wp-content\/uploads\/2025\/03\/442445534_384192111250484_1074260929087877590_n-600x800.jpg 600w, https:\/\/inzain.bike\/wp-content\/uploads\/2025\/03\/442445534_384192111250484_1074260929087877590_n.jpg 1536w\" sizes=\"auto, (max-width: 768px) 100vw, 768px\" \/><\/figure>\n<\/div>\n\n\n\n<div class=\"wp-block-column is-layout-flow wp-block-column-is-layout-flow\">\n<div style=\"height:200px\" aria-hidden=\"true\" class=\"wp-block-spacer\"><\/div>\n\n\n\n<p><strong>Freitag<\/strong><br>Check-in im Hotel und Begr\u00fc\u00dfungstreffen, wo unsere Guides das Wochenende verbringen. Wenn etwas schief gelaufen ist, k\u00f6nnen wir bei den meisten Dingen helfen. Wir haben einige Ersatzteile, Pumpen, Zahnstangen und mehr in unserem Anh\u00e4nger.<\/p>\n<\/div>\n<\/div>\n\n\n\n<div class=\"wp-block-columns alignwide is-layout-flex wp-container-core-columns-is-layout-28f84493 wp-block-columns-is-layout-flex\">\n<div class=\"wp-block-column is-layout-flow wp-block-column-is-layout-flow\">\n<figure class=\"wp-block-image size-full\"><img loading=\"lazy\" decoding=\"async\" width=\"2048\" height=\"1152\" src=\"https:\/\/inzain.bike\/wp-content\/uploads\/2025\/03\/444137743_10220282087841186_161621335968714480_n.jpg\" alt=\"\" class=\"wp-image-7859\" srcset=\"https:\/\/inzain.bike\/wp-content\/uploads\/2025\/03\/444137743_10220282087841186_161621335968714480_n.jpg 2048w, https:\/\/inzain.bike\/wp-content\/uploads\/2025\/03\/444137743_10220282087841186_161621335968714480_n-300x169.jpg 300w, https:\/\/inzain.bike\/wp-content\/uploads\/2025\/03\/444137743_10220282087841186_161621335968714480_n-1024x576.jpg 1024w, https:\/\/inzain.bike\/wp-content\/uploads\/2025\/03\/444137743_10220282087841186_161621335968714480_n-768x432.jpg 768w, https:\/\/inzain.bike\/wp-content\/uploads\/2025\/03\/444137743_10220282087841186_161621335968714480_n-1536x864.jpg 1536w, https:\/\/inzain.bike\/wp-content\/uploads\/2025\/03\/444137743_10220282087841186_161621335968714480_n-18x10.jpg 18w, https:\/\/inzain.bike\/wp-content\/uploads\/2025\/03\/444137743_10220282087841186_161621335968714480_n-1320x743.jpg 1320w, https:\/\/inzain.bike\/wp-content\/uploads\/2025\/03\/444137743_10220282087841186_161621335968714480_n-600x338.jpg 600w\" sizes=\"auto, (max-width: 2048px) 100vw, 2048px\" \/><\/figure>\n<\/div>\n\n\n\n<div class=\"wp-block-column is-layout-flow wp-block-column-is-layout-flow\">\n<div style=\"height:148px\" aria-hidden=\"true\" class=\"wp-block-spacer\"><\/div>\n\n\n\n<p><strong>Samstag<\/strong><br>Wir radeln auf sehr sch\u00f6nen und abwechslungsreichen Stra\u00dfen Richtung Osten. Zur\u00fcck zum Hotel radeln wir auf einer sehr sch\u00f6nen Strecke.<\/p>\n<\/div>\n<\/div>\n\n\n\n<div class=\"wp-block-columns alignwide is-layout-flex wp-container-core-columns-is-layout-28f84493 wp-block-columns-is-layout-flex\">\n<div class=\"wp-block-column is-layout-flow wp-block-column-is-layout-flow\">\n<div style=\"height:200px\" aria-hidden=\"true\" class=\"wp-block-spacer\"><\/div>\n\n\n\n<p><strong>Sonntag<\/strong><br>Die Tour f\u00fchrt Richtung Westen \u00fcber Felder und W\u00e4lder. Der Gro\u00dfteil der Strecke besteht aus Schotterstra\u00dfen, es gibt aber auch einige sch\u00f6ne Wanderwege. <\/p>\n<\/div>\n\n\n\n<div class=\"wp-block-column is-layout-flow wp-block-column-is-layout-flow\">\n<figure class=\"wp-block-image size-full\"><img loading=\"lazy\" decoding=\"async\" width=\"2048\" height=\"1536\" src=\"https:\/\/inzain.bike\/wp-content\/uploads\/2025\/03\/440840536_1030803585079291_8100511238053424564_n.jpg\" alt=\"\" class=\"wp-image-7861\" srcset=\"https:\/\/inzain.bike\/wp-content\/uploads\/2025\/03\/440840536_1030803585079291_8100511238053424564_n.jpg 2048w, https:\/\/inzain.bike\/wp-content\/uploads\/2025\/03\/440840536_1030803585079291_8100511238053424564_n-300x225.jpg 300w, https:\/\/inzain.bike\/wp-content\/uploads\/2025\/03\/440840536_1030803585079291_8100511238053424564_n-1024x768.jpg 1024w, https:\/\/inzain.bike\/wp-content\/uploads\/2025\/03\/440840536_1030803585079291_8100511238053424564_n-768x576.jpg 768w, https:\/\/inzain.bike\/wp-content\/uploads\/2025\/03\/440840536_1030803585079291_8100511238053424564_n-1536x1152.jpg 1536w, https:\/\/inzain.bike\/wp-content\/uploads\/2025\/03\/440840536_1030803585079291_8100511238053424564_n-16x12.jpg 16w, https:\/\/inzain.bike\/wp-content\/uploads\/2025\/03\/440840536_1030803585079291_8100511238053424564_n-1320x990.jpg 1320w, https:\/\/inzain.bike\/wp-content\/uploads\/2025\/03\/440840536_1030803585079291_8100511238053424564_n-600x450.jpg 600w\" sizes=\"auto, (max-width: 2048px) 100vw, 2048px\" \/><\/figure>\n<\/div>\n<\/div>","protected":false},"excerpt":{"rendered":"<p>V\u00e4lkommen till INZAIN Gravel Camp i S\u00f6rmland. Det \u00e4r fj\u00e4rde g\u00e5ngen vi k\u00f6r ett camp, h\u00e4r i Sveriges grusmecka. Denna g\u00e5ng l\u00e4gger vi oss mitt i gr\u00e4ddfilen och bor och utg\u00e5r fr\u00e5n Eskilstuna. V\u00e5ra gravelcamp \u00e4r till f\u00f6r alla, vill du cykla snabbt, ta det lugnt eller mixa? Det g\u00e5r utm\u00e4rkt. Det kommer finnas rutter [&hellip;]<\/p>\n","protected":false},"author":135133094,"featured_media":0,"parent":0,"menu_order":0,"comment_status":"closed","ping_status":"closed","template":"","meta":{"_coblocks_attr":"Roboto,Roboto","_coblocks_dimensions":"","_coblocks_responsive_height":"","_coblocks_accordion_ie_support":"","footnotes":""},"class_list":["post-5808","page","type-page","status-publish","hentry"],"yoast_head":"<!-- This site is optimized with the Yoast SEO plugin v27.2 - https:\/\/yoast.com\/product\/yoast-seo-wordpress\/ -->\n<title>S\u00f6rmland Cykling - INZAIN Cycling EXPERIENCES<\/title>\n<meta name=\"robots\" content=\"index, follow, max-snippet:-1, max-image-preview:large, max-video-preview:-1\" \/>\n<link rel=\"canonical\" href=\"https:\/\/inzain.bike\/de\/sor25-cykling\/\" \/>\n<meta property=\"og:locale\" content=\"de_DE\" \/>\n<meta property=\"og:type\" content=\"article\" \/>\n<meta property=\"og:title\" content=\"S\u00f6rmland Cykling - INZAIN Cycling EXPERIENCES\" \/>\n<meta property=\"og:description\" content=\"V\u00e4lkommen till INZAIN Gravel Camp i S\u00f6rmland. Det \u00e4r fj\u00e4rde g\u00e5ngen vi k\u00f6r ett camp, h\u00e4r i Sveriges grusmecka. Denna g\u00e5ng l\u00e4gger vi oss mitt i gr\u00e4ddfilen och bor och utg\u00e5r fr\u00e5n Eskilstuna. V\u00e5ra gravelcamp \u00e4r till f\u00f6r alla, vill du cykla snabbt, ta det lugnt eller mixa? Det g\u00e5r utm\u00e4rkt. Det kommer finnas rutter [&hellip;]\" \/>\n<meta property=\"og:url\" content=\"https:\/\/inzain.bike\/de\/sor25-cykling\/\" \/>\n<meta property=\"og:site_name\" content=\"INZAIN Cycling EXPERIENCES\" \/>\n<meta property=\"article:publisher\" content=\"https:\/\/www.facebook.com\/Inzain.bike\" \/>\n<meta property=\"article:modified_time\" content=\"2025-03-17T15:13:49+00:00\" \/>\n<meta property=\"og:image\" content=\"https:\/\/inzain.bike\/wp-content\/uploads\/2023\/11\/20220522_141723-990x1024.jpg\" \/>\n<meta name=\"twitter:card\" content=\"summary_large_image\" \/>\n<meta name=\"twitter:label1\" content=\"Gesch\u00e4tzte Lesezeit\" \/>\n\t<meta name=\"twitter:data1\" content=\"3\u00a0Minuten\" \/>\n<script type=\"application\/ld+json\" class=\"yoast-schema-graph\">{\"@context\":\"https:\/\/schema.org\",\"@graph\":[{\"@type\":\"WebPage\",\"@id\":\"https:\/\/inzain.bike\/en\/sor25-cykling\/\",\"url\":\"https:\/\/inzain.bike\/en\/sor25-cykling\/\",\"name\":\"S\u00f6rmland Cykling - INZAIN Cycling EXPERIENCES\",\"isPartOf\":{\"@id\":\"https:\/\/inzain.bike\/fr_be\/#website\"},\"primaryImageOfPage\":{\"@id\":\"https:\/\/inzain.bike\/en\/sor25-cykling\/#primaryimage\"},\"image\":{\"@id\":\"https:\/\/inzain.bike\/en\/sor25-cykling\/#primaryimage\"},\"thumbnailUrl\":\"https:\/\/inzain.bike\/wp-content\/uploads\/2023\/11\/20220522_141723-990x1024.jpg\",\"datePublished\":\"2023-11-22T18:14:43+00:00\",\"dateModified\":\"2025-03-17T15:13:49+00:00\",\"breadcrumb\":{\"@id\":\"https:\/\/inzain.bike\/en\/sor25-cykling\/#breadcrumb\"},\"inLanguage\":\"de\",\"potentialAction\":[{\"@type\":\"ReadAction\",\"target\":[\"https:\/\/inzain.bike\/en\/sor25-cykling\/\"]}]},{\"@type\":\"ImageObject\",\"inLanguage\":\"de\",\"@id\":\"https:\/\/inzain.bike\/en\/sor25-cykling\/#primaryimage\",\"url\":\"https:\/\/inzain.bike\/wp-content\/uploads\/2023\/11\/20220522_141723-990x1024.jpg\",\"contentUrl\":\"https:\/\/inzain.bike\/wp-content\/uploads\/2023\/11\/20220522_141723-990x1024.jpg\"},{\"@type\":\"BreadcrumbList\",\"@id\":\"https:\/\/inzain.bike\/en\/sor25-cykling\/#breadcrumb\",\"itemListElement\":[{\"@type\":\"ListItem\",\"position\":1,\"name\":\"Hem\",\"item\":\"https:\/\/inzain.bike\/fr_be\/\"},{\"@type\":\"ListItem\",\"position\":2,\"name\":\"S\u00f6rmland Cykling\"}]},{\"@type\":\"WebSite\",\"@id\":\"https:\/\/inzain.bike\/fr_be\/#website\",\"url\":\"https:\/\/inzain.bike\/fr_be\/\",\"name\":\"INZAIN Cycling EXPERIENCES\",\"description\":\"Cyckling Adventures  - for everyone\",\"publisher\":{\"@id\":\"https:\/\/inzain.bike\/fr_be\/#organization\"},\"alternateName\":\"INZAIN Gravel & Travel\",\"potentialAction\":[{\"@type\":\"SearchAction\",\"target\":{\"@type\":\"EntryPoint\",\"urlTemplate\":\"https:\/\/inzain.bike\/fr_be\/?s={search_term_string}\"},\"query-input\":{\"@type\":\"PropertyValueSpecification\",\"valueRequired\":true,\"valueName\":\"search_term_string\"}}],\"inLanguage\":\"de\"},{\"@type\":\"Organization\",\"@id\":\"https:\/\/inzain.bike\/fr_be\/#organization\",\"name\":\"INZAIN Cycling EXPERIENCES\",\"url\":\"https:\/\/inzain.bike\/fr_be\/\",\"logo\":{\"@type\":\"ImageObject\",\"inLanguage\":\"de\",\"@id\":\"https:\/\/inzain.bike\/fr_be\/#\/schema\/logo\/image\/\",\"url\":\"https:\/\/i0.wp.com\/inzain.bike\/wp-content\/uploads\/2023\/09\/cropped-INZAIN_512x512_white.png?fit=512%2C512&ssl=1\",\"contentUrl\":\"https:\/\/i0.wp.com\/inzain.bike\/wp-content\/uploads\/2023\/09\/cropped-INZAIN_512x512_white.png?fit=512%2C512&ssl=1\",\"width\":512,\"height\":512,\"caption\":\"INZAIN Cycling EXPERIENCES\"},\"image\":{\"@id\":\"https:\/\/inzain.bike\/fr_be\/#\/schema\/logo\/image\/\"},\"sameAs\":[\"https:\/\/www.facebook.com\/Inzain.bike\",\"https:\/\/www.instagram.com\/inzainbike\"]}]}<\/script>\n<!-- \/ Yoast SEO plugin. -->","yoast_head_json":{"title":"S\u00f6rmland Radfahren - INZAIN Cycling EXPERIENCES","robots":{"index":"index","follow":"follow","max-snippet":"max-snippet:-1","max-image-preview":"max-image-preview:large","max-video-preview":"max-video-preview:-1"},"canonical":"https:\/\/inzain.bike\/de\/sor25-cykling\/","og_locale":"de_DE","og_type":"article","og_title":"S\u00f6rmland Cykling - INZAIN Cycling EXPERIENCES","og_description":"V\u00e4lkommen till INZAIN Gravel Camp i S\u00f6rmland. Det \u00e4r fj\u00e4rde g\u00e5ngen vi k\u00f6r ett camp, h\u00e4r i Sveriges grusmecka. Denna g\u00e5ng l\u00e4gger vi oss mitt i gr\u00e4ddfilen och bor och utg\u00e5r fr\u00e5n Eskilstuna. V\u00e5ra gravelcamp \u00e4r till f\u00f6r alla, vill du cykla snabbt, ta det lugnt eller mixa? Det g\u00e5r utm\u00e4rkt. Det kommer finnas rutter [&hellip;]","og_url":"https:\/\/inzain.bike\/de\/sor25-cykling\/","og_site_name":"INZAIN Cycling EXPERIENCES","article_publisher":"https:\/\/www.facebook.com\/Inzain.bike","article_modified_time":"2025-03-17T15:13:49+00:00","og_image":[{"url":"https:\/\/inzain.bike\/wp-content\/uploads\/2023\/11\/20220522_141723-990x1024.jpg","type":"","width":"","height":""}],"twitter_card":"summary_large_image","twitter_misc":{"Gesch\u00e4tzte Lesezeit":"3\u00a0Minuten"},"schema":{"@context":"https:\/\/schema.org","@graph":[{"@type":"WebPage","@id":"https:\/\/inzain.bike\/en\/sor25-cykling\/","url":"https:\/\/inzain.bike\/en\/sor25-cykling\/","name":"S\u00f6rmland Radfahren - INZAIN Cycling EXPERIENCES","isPartOf":{"@id":"https:\/\/inzain.bike\/fr_be\/#website"},"primaryImageOfPage":{"@id":"https:\/\/inzain.bike\/en\/sor25-cykling\/#primaryimage"},"image":{"@id":"https:\/\/inzain.bike\/en\/sor25-cykling\/#primaryimage"},"thumbnailUrl":"https:\/\/inzain.bike\/wp-content\/uploads\/2023\/11\/20220522_141723-990x1024.jpg","datePublished":"2023-11-22T18:14:43+00:00","dateModified":"2025-03-17T15:13:49+00:00","breadcrumb":{"@id":"https:\/\/inzain.bike\/en\/sor25-cykling\/#breadcrumb"},"inLanguage":"de","potentialAction":[{"@type":"ReadAction","target":["https:\/\/inzain.bike\/en\/sor25-cykling\/"]}]},{"@type":"ImageObject","inLanguage":"de","@id":"https:\/\/inzain.bike\/en\/sor25-cykling\/#primaryimage","url":"https:\/\/inzain.bike\/wp-content\/uploads\/2023\/11\/20220522_141723-990x1024.jpg","contentUrl":"https:\/\/inzain.bike\/wp-content\/uploads\/2023\/11\/20220522_141723-990x1024.jpg"},{"@type":"BreadcrumbList","@id":"https:\/\/inzain.bike\/en\/sor25-cykling\/#breadcrumb","itemListElement":[{"@type":"ListItem","position":1,"name":"Hem","item":"https:\/\/inzain.bike\/fr_be\/"},{"@type":"ListItem","position":2,"name":"S\u00f6rmland Cykling"}]},{"@type":"WebSite","@id":"https:\/\/inzain.bike\/fr_be\/#website","url":"https:\/\/inzain.bike\/fr_be\/","name":"INZAIN-Raderlebnisse","description":"Radabenteuer \u2013 f\u00fcr jedermann","publisher":{"@id":"https:\/\/inzain.bike\/fr_be\/#organization"},"alternateName":"INZAIN Gravel & Travel","potentialAction":[{"@type":"SearchAction","target":{"@type":"EntryPoint","urlTemplate":"https:\/\/inzain.bike\/fr_be\/?s={search_term_string}"},"query-input":{"@type":"PropertyValueSpecification","valueRequired":true,"valueName":"search_term_string"}}],"inLanguage":"de"},{"@type":"Organization","@id":"https:\/\/inzain.bike\/fr_be\/#organization","name":"INZAIN-Raderlebnisse","url":"https:\/\/inzain.bike\/fr_be\/","logo":{"@type":"ImageObject","inLanguage":"de","@id":"https:\/\/inzain.bike\/fr_be\/#\/schema\/logo\/image\/","url":"https:\/\/i0.wp.com\/inzain.bike\/wp-content\/uploads\/2023\/09\/cropped-INZAIN_512x512_white.png?fit=512%2C512&ssl=1","contentUrl":"https:\/\/i0.wp.com\/inzain.bike\/wp-content\/uploads\/2023\/09\/cropped-INZAIN_512x512_white.png?fit=512%2C512&ssl=1","width":512,"height":512,"caption":"INZAIN Cycling EXPERIENCES"},"image":{"@id":"https:\/\/inzain.bike\/fr_be\/#\/schema\/logo\/image\/"},"sameAs":["https:\/\/www.facebook.com\/Inzain.bike","https:\/\/www.instagram.com\/inzainbike"]}]}},"amp_enabled":true,"_links":{"self":[{"href":"https:\/\/inzain.bike\/de\/wp-json\/wp\/v2\/pages\/5808","targetHints":{"allow":["GET"]}}],"collection":[{"href":"https:\/\/inzain.bike\/de\/wp-json\/wp\/v2\/pages"}],"about":[{"href":"https:\/\/inzain.bike\/de\/wp-json\/wp\/v2\/types\/page"}],"author":[{"embeddable":true,"href":"https:\/\/inzain.bike\/de\/wp-json\/wp\/v2\/users\/135133094"}],"replies":[{"embeddable":true,"href":"https:\/\/inzain.bike\/de\/wp-json\/wp\/v2\/comments?post=5808"}],"version-history":[{"count":3,"href":"https:\/\/inzain.bike\/de\/wp-json\/wp\/v2\/pages\/5808\/revisions"}],"predecessor-version":[{"id":7864,"href":"https:\/\/inzain.bike\/de\/wp-json\/wp\/v2\/pages\/5808\/revisions\/7864"}],"wp:attachment":[{"href":"https:\/\/inzain.bike\/de\/wp-json\/wp\/v2\/media?parent=5808"}],"curies":[{"name":"wp","href":"https:\/\/api.w.org\/{rel}","templated":true}]}}