{"id":5870,"date":"2023-11-23T15:24:56","date_gmt":"2023-11-23T14:24:56","guid":{"rendered":"https:\/\/inzain.bike\/?page_id=5870"},"modified":"2023-11-23T15:24:59","modified_gmt":"2023-11-23T14:24:59","slug":"ost24-accomodation","status":"publish","type":"page","link":"https:\/\/inzain.bike\/de\/ost24-accomodation\/","title":{"rendered":"Unterk\u00fcnfte in \u00d6sterg\u00f6tland"},"content":{"rendered":"<div class=\"wp-block-jetpack-tiled-gallery alignwide is-style-rectangular\"><div class=\"tiled-gallery__gallery\"><div class=\"tiled-gallery__row\"><div class=\"tiled-gallery__col\" style=\"flex-basis:27.09375%\"><figure class=\"tiled-gallery__item\"><img decoding=\"async\" alt=\"\" data-height=\"756\" data-id=\"5872\" data-link=\"https:\/\/inzain.bike\/?attachment_id=5872\" data-url=\"https:\/\/inzain.bike\/wp-content\/uploads\/2023\/11\/226089561.jpg\" data-width=\"1008\" src=\"https:\/\/i2.wp.com\/inzain.bike\/wp-content\/uploads\/2023\/11\/226089561.jpg?ssl=1\" data-amp-layout=\"responsive\"\/><\/figure><\/div><div class=\"tiled-gallery__col\" style=\"flex-basis:15.27083%\"><figure class=\"tiled-gallery__item\"><img decoding=\"async\" alt=\"\" data-height=\"900\" data-id=\"5873\" data-link=\"https:\/\/inzain.bike\/?attachment_id=5873\" data-url=\"https:\/\/inzain.bike\/wp-content\/uploads\/2023\/11\/226089916.jpg\" data-width=\"675\" src=\"https:\/\/i2.wp.com\/inzain.bike\/wp-content\/uploads\/2023\/11\/226089916.jpg?ssl=1\" data-amp-layout=\"responsive\"\/><\/figure><\/div><div class=\"tiled-gallery__col\" style=\"flex-basis:15.27083%\"><figure class=\"tiled-gallery__item\"><img decoding=\"async\" alt=\"\" data-height=\"900\" data-id=\"5874\" data-link=\"https:\/\/inzain.bike\/?attachment_id=5874\" data-url=\"https:\/\/inzain.bike\/wp-content\/uploads\/2023\/11\/227238512.jpg\" data-width=\"675\" src=\"https:\/\/i2.wp.com\/inzain.bike\/wp-content\/uploads\/2023\/11\/227238512.jpg?ssl=1\" data-amp-layout=\"responsive\"\/><\/figure><\/div><div class=\"tiled-gallery__col\" style=\"flex-basis:27.09375%\"><figure class=\"tiled-gallery__item\"><img decoding=\"async\" alt=\"\" data-height=\"756\" data-id=\"5875\" data-link=\"https:\/\/inzain.bike\/?attachment_id=5875\" data-url=\"https:\/\/inzain.bike\/wp-content\/uploads\/2023\/11\/227238644.jpg\" data-width=\"1008\" src=\"https:\/\/i1.wp.com\/inzain.bike\/wp-content\/uploads\/2023\/11\/227238644.jpg?ssl=1\" data-amp-layout=\"responsive\"\/><\/figure><\/div><div class=\"tiled-gallery__col\" style=\"flex-basis:15.27083%\"><figure class=\"tiled-gallery__item\"><img decoding=\"async\" alt=\"\" data-height=\"900\" data-id=\"5876\" data-link=\"https:\/\/inzain.bike\/?attachment_id=5876\" data-url=\"https:\/\/inzain.bike\/wp-content\/uploads\/2023\/11\/227239233.jpg\" data-width=\"675\" src=\"https:\/\/i2.wp.com\/inzain.bike\/wp-content\/uploads\/2023\/11\/227239233.jpg?ssl=1\" data-amp-layout=\"responsive\"\/><\/figure><\/div><\/div><div class=\"tiled-gallery__row\"><div class=\"tiled-gallery__col\" style=\"flex-basis:25.00000%\"><figure class=\"tiled-gallery__item\"><img decoding=\"async\" alt=\"\" data-height=\"900\" data-id=\"5877\" data-link=\"https:\/\/inzain.bike\/?attachment_id=5877\" data-url=\"https:\/\/inzain.bike\/wp-content\/uploads\/2023\/11\/297083969.jpg\" data-width=\"599\" src=\"https:\/\/i0.wp.com\/inzain.bike\/wp-content\/uploads\/2023\/11\/297083969.jpg?ssl=1\" data-amp-layout=\"responsive\"\/><\/figure><\/div><div class=\"tiled-gallery__col\" style=\"flex-basis:25.00000%\"><figure class=\"tiled-gallery__item\"><img decoding=\"async\" alt=\"\" data-height=\"900\" data-id=\"5878\" data-link=\"https:\/\/inzain.bike\/?attachment_id=5878\" data-url=\"https:\/\/inzain.bike\/wp-content\/uploads\/2023\/11\/297083995.jpg\" data-width=\"599\" src=\"https:\/\/i2.wp.com\/inzain.bike\/wp-content\/uploads\/2023\/11\/297083995.jpg?ssl=1\" data-amp-layout=\"responsive\"\/><\/figure><\/div><div class=\"tiled-gallery__col\" style=\"flex-basis:25.00000%\"><figure class=\"tiled-gallery__item\"><img decoding=\"async\" alt=\"\" data-height=\"900\" data-id=\"5879\" data-link=\"https:\/\/inzain.bike\/?attachment_id=5879\" data-url=\"https:\/\/inzain.bike\/wp-content\/uploads\/2023\/11\/297084085-1.jpg\" data-width=\"599\" src=\"https:\/\/i0.wp.com\/inzain.bike\/wp-content\/uploads\/2023\/11\/297084085-1.jpg?ssl=1\" data-amp-layout=\"responsive\"\/><\/figure><\/div><div class=\"tiled-gallery__col\" style=\"flex-basis:25.00000%\"><figure class=\"tiled-gallery__item\"><img decoding=\"async\" alt=\"\" data-height=\"900\" data-id=\"5880\" data-link=\"https:\/\/inzain.bike\/?attachment_id=5880\" data-url=\"https:\/\/inzain.bike\/wp-content\/uploads\/2023\/11\/297084129.jpg\" data-width=\"599\" src=\"https:\/\/i2.wp.com\/inzain.bike\/wp-content\/uploads\/2023\/11\/297084129.jpg?ssl=1\" data-amp-layout=\"responsive\"\/><\/figure><\/div><\/div><div class=\"tiled-gallery__row\"><div class=\"tiled-gallery__col\" style=\"flex-basis:43.41314%\"><figure class=\"tiled-gallery__item\"><img decoding=\"async\" alt=\"\" data-height=\"410\" data-id=\"5881\" data-link=\"https:\/\/inzain.bike\/?attachment_id=5881\" data-url=\"https:\/\/inzain.bike\/wp-content\/uploads\/2023\/11\/399165782-1.jpg\" data-width=\"1024\" src=\"https:\/\/i2.wp.com\/inzain.bike\/wp-content\/uploads\/2023\/11\/399165782-1.jpg?ssl=1\" data-amp-layout=\"responsive\"\/><\/figure><\/div><div class=\"tiled-gallery__col\" style=\"flex-basis:43.45540%\"><figure class=\"tiled-gallery__item\"><img decoding=\"async\" alt=\"\" data-height=\"512\" data-id=\"5882\" data-link=\"https:\/\/inzain.bike\/?attachment_id=5882\" data-url=\"https:\/\/inzain.bike\/wp-content\/uploads\/2023\/11\/399166317-1024x410.jpg\" data-width=\"1280\" src=\"https:\/\/i0.wp.com\/inzain.bike\/wp-content\/uploads\/2023\/11\/399166317-1024x410.jpg?ssl=1\" data-amp-layout=\"responsive\"\/><\/figure><\/div><div class=\"tiled-gallery__col\" style=\"flex-basis:13.13146%\"><figure class=\"tiled-gallery__item\"><img decoding=\"async\" alt=\"\" data-height=\"900\" data-id=\"5883\" data-link=\"https:\/\/inzain.bike\/?attachment_id=5883\" data-url=\"https:\/\/inzain.bike\/wp-content\/uploads\/2023\/11\/502647472.jpg\" data-width=\"675\" src=\"https:\/\/i2.wp.com\/inzain.bike\/wp-content\/uploads\/2023\/11\/502647472.jpg?ssl=1\" data-amp-layout=\"responsive\"\/><\/figure><\/div><\/div><\/div><\/div>\n\n\n\n<div class=\"wp-block-columns alignwide is-layout-flex wp-container-core-columns-is-layout-28f84493 wp-block-columns-is-layout-flex\">\n<div class=\"wp-block-column is-layout-flow wp-block-column-is-layout-flow\">\n<p>Das Hotel Carl Friman in Motala ist ein sehr sch\u00f6nes und beliebtes Hotel. <br>Es liegt in Motala, 49 km vom Bahnhof Link\u00f6ping entfernt. Es bietet Unterk\u00fcnfte mit einem Restaurant, einer Terrasse, einem Fitnessraum und kostenlosen G\u00e4steparkpl\u00e4tzen. In der Hotelbar k\u00f6nnen Sie einen Drink genie\u00dfen und das Schloss Vadstena liegt etwa 17 km entfernt. Die Unterkunft ist allergikerfreundlich und liegt 31 km vom Mantorp Park entfernt. In jedem Zimmer gibt es einen Sitzbereich. Die Zimmer im Hotell Carl Friman verf\u00fcgen \u00fcber ein eigenes Bad mit Dusche und kostenlosen Pflegeprodukten. Alle verf\u00fcgen \u00fcber kostenfreies WLAN und einige Zimmer bieten Stadtblick. Au\u00dferdem gibt es in jedem Zimmer einen Flachbildfernseher und einen Haartrockner. Der n\u00e4chstgelegene Flughafen ist der 52 km entfernte Stadtflughafen Link\u00f6ping.<\/p>\n\n\n\n<p><\/p>\n<\/div>\n<\/div>","protected":false},"excerpt":{"rendered":"<p>Hotel Carl Friman i motala \u00e4r ett mycket trevligt och omtyckt hotell. Det ligger i Motala, 49\u00a0km fr\u00e5n Link\u00f6pings t\u00e5gstation. H\u00e4r erbjuds boende med en restaurang, en terrass, ett gym och gratis g\u00e4stparkering. Du kan ta en drink i hotellbaren och till Vadstena slott \u00e4r det cirka 17\u00a0km. Boendet \u00e4r allergiv\u00e4nligt och ligger 31\u00a0km fr\u00e5n [&hellip;]<\/p>\n","protected":false},"author":135133094,"featured_media":0,"parent":0,"menu_order":0,"comment_status":"closed","ping_status":"closed","template":"","meta":{"_coblocks_attr":"","_coblocks_dimensions":"","_coblocks_responsive_height":"","_coblocks_accordion_ie_support":"","footnotes":""},"class_list":["post-5870","page","type-page","status-publish","hentry"],"yoast_head":"<!-- This site is optimized with the Yoast SEO plugin v27.2 - https:\/\/yoast.com\/product\/yoast-seo-wordpress\/ -->\n<title>\u00d6sterg\u00f6tland Boende - INZAIN Cycling EXPERIENCES<\/title>\n<meta name=\"robots\" content=\"index, follow, max-snippet:-1, max-image-preview:large, max-video-preview:-1\" \/>\n<link rel=\"canonical\" href=\"https:\/\/inzain.bike\/de\/ost24-accomodation\/\" \/>\n<meta property=\"og:locale\" content=\"de_DE\" \/>\n<meta property=\"og:type\" content=\"article\" \/>\n<meta property=\"og:title\" content=\"\u00d6sterg\u00f6tland Boende - INZAIN Cycling EXPERIENCES\" \/>\n<meta property=\"og:description\" content=\"Hotel Carl Friman i motala \u00e4r ett mycket trevligt och omtyckt hotell. Det ligger i Motala, 49\u00a0km fr\u00e5n Link\u00f6pings t\u00e5gstation. H\u00e4r erbjuds boende med en restaurang, en terrass, ett gym och gratis g\u00e4stparkering. Du kan ta en drink i hotellbaren och till Vadstena slott \u00e4r det cirka 17\u00a0km. Boendet \u00e4r allergiv\u00e4nligt och ligger 31\u00a0km fr\u00e5n [&hellip;]\" \/>\n<meta property=\"og:url\" content=\"https:\/\/inzain.bike\/de\/ost24-accomodation\/\" \/>\n<meta property=\"og:site_name\" content=\"INZAIN Cycling EXPERIENCES\" \/>\n<meta property=\"article:publisher\" content=\"https:\/\/www.facebook.com\/Inzain.bike\" \/>\n<meta property=\"article:modified_time\" content=\"2023-11-23T14:24:59+00:00\" \/>\n<meta property=\"og:image\" content=\"https:\/\/i2.wp.com\/inzain.bike\/wp-content\/uploads\/2023\/11\/226089561.jpg?ssl=1\" \/>\n<meta name=\"twitter:card\" content=\"summary_large_image\" \/>\n<meta name=\"twitter:label1\" content=\"Gesch\u00e4tzte Lesezeit\" \/>\n\t<meta name=\"twitter:data1\" content=\"3\u00a0Minuten\" \/>\n<script type=\"application\/ld+json\" class=\"yoast-schema-graph\">{\"@context\":\"https:\/\/schema.org\",\"@graph\":[{\"@type\":\"WebPage\",\"@id\":\"https:\/\/inzain.bike\/sv_se\/ost24-accomodation\/\",\"url\":\"https:\/\/inzain.bike\/sv_se\/ost24-accomodation\/\",\"name\":\"\u00d6sterg\u00f6tland Boende - INZAIN Cycling EXPERIENCES\",\"isPartOf\":{\"@id\":\"https:\/\/inzain.bike\/fr_be\/#website\"},\"primaryImageOfPage\":{\"@id\":\"https:\/\/inzain.bike\/sv_se\/ost24-accomodation\/#primaryimage\"},\"image\":{\"@id\":\"https:\/\/inzain.bike\/sv_se\/ost24-accomodation\/#primaryimage\"},\"thumbnailUrl\":\"https:\/\/i2.wp.com\/inzain.bike\/wp-content\/uploads\/2023\/11\/226089561.jpg?ssl=1\",\"datePublished\":\"2023-11-23T14:24:56+00:00\",\"dateModified\":\"2023-11-23T14:24:59+00:00\",\"breadcrumb\":{\"@id\":\"https:\/\/inzain.bike\/sv_se\/ost24-accomodation\/#breadcrumb\"},\"inLanguage\":\"de\",\"potentialAction\":[{\"@type\":\"ReadAction\",\"target\":[\"https:\/\/inzain.bike\/sv_se\/ost24-accomodation\/\"]}]},{\"@type\":\"ImageObject\",\"inLanguage\":\"de\",\"@id\":\"https:\/\/inzain.bike\/sv_se\/ost24-accomodation\/#primaryimage\",\"url\":\"https:\/\/i2.wp.com\/inzain.bike\/wp-content\/uploads\/2023\/11\/226089561.jpg?ssl=1\",\"contentUrl\":\"https:\/\/i2.wp.com\/inzain.bike\/wp-content\/uploads\/2023\/11\/226089561.jpg?ssl=1\"},{\"@type\":\"BreadcrumbList\",\"@id\":\"https:\/\/inzain.bike\/sv_se\/ost24-accomodation\/#breadcrumb\",\"itemListElement\":[{\"@type\":\"ListItem\",\"position\":1,\"name\":\"Hem\",\"item\":\"https:\/\/inzain.bike\/fr_be\/\"},{\"@type\":\"ListItem\",\"position\":2,\"name\":\"\u00d6sterg\u00f6tland Boende\"}]},{\"@type\":\"WebSite\",\"@id\":\"https:\/\/inzain.bike\/fr_be\/#website\",\"url\":\"https:\/\/inzain.bike\/fr_be\/\",\"name\":\"INZAIN Cycling EXPERIENCES\",\"description\":\"Cyckling Adventures  - for everyone\",\"publisher\":{\"@id\":\"https:\/\/inzain.bike\/fr_be\/#organization\"},\"alternateName\":\"INZAIN Gravel & Travel\",\"potentialAction\":[{\"@type\":\"SearchAction\",\"target\":{\"@type\":\"EntryPoint\",\"urlTemplate\":\"https:\/\/inzain.bike\/fr_be\/?s={search_term_string}\"},\"query-input\":{\"@type\":\"PropertyValueSpecification\",\"valueRequired\":true,\"valueName\":\"search_term_string\"}}],\"inLanguage\":\"de\"},{\"@type\":\"Organization\",\"@id\":\"https:\/\/inzain.bike\/fr_be\/#organization\",\"name\":\"INZAIN Cycling EXPERIENCES\",\"url\":\"https:\/\/inzain.bike\/fr_be\/\",\"logo\":{\"@type\":\"ImageObject\",\"inLanguage\":\"de\",\"@id\":\"https:\/\/inzain.bike\/fr_be\/#\/schema\/logo\/image\/\",\"url\":\"https:\/\/i0.wp.com\/inzain.bike\/wp-content\/uploads\/2023\/09\/cropped-INZAIN_512x512_white.png?fit=512%2C512&ssl=1\",\"contentUrl\":\"https:\/\/i0.wp.com\/inzain.bike\/wp-content\/uploads\/2023\/09\/cropped-INZAIN_512x512_white.png?fit=512%2C512&ssl=1\",\"width\":512,\"height\":512,\"caption\":\"INZAIN Cycling EXPERIENCES\"},\"image\":{\"@id\":\"https:\/\/inzain.bike\/fr_be\/#\/schema\/logo\/image\/\"},\"sameAs\":[\"https:\/\/www.facebook.com\/Inzain.bike\",\"https:\/\/www.instagram.com\/inzainbike\"]}]}<\/script>\n<!-- \/ Yoast SEO plugin. -->","yoast_head_json":{"title":"\u00d6sterg\u00f6tland Unterkunft - INZAIN Cycling EXPERIENCES","robots":{"index":"index","follow":"follow","max-snippet":"max-snippet:-1","max-image-preview":"max-image-preview:large","max-video-preview":"max-video-preview:-1"},"canonical":"https:\/\/inzain.bike\/de\/ost24-accomodation\/","og_locale":"de_DE","og_type":"article","og_title":"\u00d6sterg\u00f6tland Boende - INZAIN Cycling EXPERIENCES","og_description":"Hotel Carl Friman i motala \u00e4r ett mycket trevligt och omtyckt hotell. Det ligger i Motala, 49\u00a0km fr\u00e5n Link\u00f6pings t\u00e5gstation. H\u00e4r erbjuds boende med en restaurang, en terrass, ett gym och gratis g\u00e4stparkering. Du kan ta en drink i hotellbaren och till Vadstena slott \u00e4r det cirka 17\u00a0km. Boendet \u00e4r allergiv\u00e4nligt och ligger 31\u00a0km fr\u00e5n [&hellip;]","og_url":"https:\/\/inzain.bike\/de\/ost24-accomodation\/","og_site_name":"INZAIN Cycling EXPERIENCES","article_publisher":"https:\/\/www.facebook.com\/Inzain.bike","article_modified_time":"2023-11-23T14:24:59+00:00","og_image":[{"url":"https:\/\/i2.wp.com\/inzain.bike\/wp-content\/uploads\/2023\/11\/226089561.jpg?ssl=1","type":"","width":"","height":""}],"twitter_card":"summary_large_image","twitter_misc":{"Gesch\u00e4tzte Lesezeit":"3\u00a0Minuten"},"schema":{"@context":"https:\/\/schema.org","@graph":[{"@type":"WebPage","@id":"https:\/\/inzain.bike\/sv_se\/ost24-accomodation\/","url":"https:\/\/inzain.bike\/sv_se\/ost24-accomodation\/","name":"\u00d6sterg\u00f6tland Unterkunft - INZAIN Cycling EXPERIENCES","isPartOf":{"@id":"https:\/\/inzain.bike\/fr_be\/#website"},"primaryImageOfPage":{"@id":"https:\/\/inzain.bike\/sv_se\/ost24-accomodation\/#primaryimage"},"image":{"@id":"https:\/\/inzain.bike\/sv_se\/ost24-accomodation\/#primaryimage"},"thumbnailUrl":"https:\/\/i2.wp.com\/inzain.bike\/wp-content\/uploads\/2023\/11\/226089561.jpg?ssl=1","datePublished":"2023-11-23T14:24:56+00:00","dateModified":"2023-11-23T14:24:59+00:00","breadcrumb":{"@id":"https:\/\/inzain.bike\/sv_se\/ost24-accomodation\/#breadcrumb"},"inLanguage":"de","potentialAction":[{"@type":"ReadAction","target":["https:\/\/inzain.bike\/sv_se\/ost24-accomodation\/"]}]},{"@type":"ImageObject","inLanguage":"de","@id":"https:\/\/inzain.bike\/sv_se\/ost24-accomodation\/#primaryimage","url":"https:\/\/i2.wp.com\/inzain.bike\/wp-content\/uploads\/2023\/11\/226089561.jpg?ssl=1","contentUrl":"https:\/\/i2.wp.com\/inzain.bike\/wp-content\/uploads\/2023\/11\/226089561.jpg?ssl=1"},{"@type":"BreadcrumbList","@id":"https:\/\/inzain.bike\/sv_se\/ost24-accomodation\/#breadcrumb","itemListElement":[{"@type":"ListItem","position":1,"name":"Hem","item":"https:\/\/inzain.bike\/fr_be\/"},{"@type":"ListItem","position":2,"name":"\u00d6sterg\u00f6tland Boende"}]},{"@type":"WebSite","@id":"https:\/\/inzain.bike\/fr_be\/#website","url":"https:\/\/inzain.bike\/fr_be\/","name":"INZAIN-Raderlebnisse","description":"Radabenteuer \u2013 f\u00fcr jedermann","publisher":{"@id":"https:\/\/inzain.bike\/fr_be\/#organization"},"alternateName":"INZAIN Gravel & Travel","potentialAction":[{"@type":"SearchAction","target":{"@type":"EntryPoint","urlTemplate":"https:\/\/inzain.bike\/fr_be\/?s={search_term_string}"},"query-input":{"@type":"PropertyValueSpecification","valueRequired":true,"valueName":"search_term_string"}}],"inLanguage":"de"},{"@type":"Organization","@id":"https:\/\/inzain.bike\/fr_be\/#organization","name":"INZAIN-Raderlebnisse","url":"https:\/\/inzain.bike\/fr_be\/","logo":{"@type":"ImageObject","inLanguage":"de","@id":"https:\/\/inzain.bike\/fr_be\/#\/schema\/logo\/image\/","url":"https:\/\/i0.wp.com\/inzain.bike\/wp-content\/uploads\/2023\/09\/cropped-INZAIN_512x512_white.png?fit=512%2C512&ssl=1","contentUrl":"https:\/\/i0.wp.com\/inzain.bike\/wp-content\/uploads\/2023\/09\/cropped-INZAIN_512x512_white.png?fit=512%2C512&ssl=1","width":512,"height":512,"caption":"INZAIN Cycling EXPERIENCES"},"image":{"@id":"https:\/\/inzain.bike\/fr_be\/#\/schema\/logo\/image\/"},"sameAs":["https:\/\/www.facebook.com\/Inzain.bike","https:\/\/www.instagram.com\/inzainbike"]}]}},"amp_enabled":true,"_links":{"self":[{"href":"https:\/\/inzain.bike\/de\/wp-json\/wp\/v2\/pages\/5870","targetHints":{"allow":["GET"]}}],"collection":[{"href":"https:\/\/inzain.bike\/de\/wp-json\/wp\/v2\/pages"}],"about":[{"href":"https:\/\/inzain.bike\/de\/wp-json\/wp\/v2\/types\/page"}],"author":[{"embeddable":true,"href":"https:\/\/inzain.bike\/de\/wp-json\/wp\/v2\/users\/135133094"}],"replies":[{"embeddable":true,"href":"https:\/\/inzain.bike\/de\/wp-json\/wp\/v2\/comments?post=5870"}],"version-history":[{"count":0,"href":"https:\/\/inzain.bike\/de\/wp-json\/wp\/v2\/pages\/5870\/revisions"}],"wp:attachment":[{"href":"https:\/\/inzain.bike\/de\/wp-json\/wp\/v2\/media?parent=5870"}],"curies":[{"name":"wp","href":"https:\/\/api.w.org\/{rel}","templated":true}]}}