{"id":5886,"date":"2023-11-23T15:32:27","date_gmt":"2023-11-23T14:32:27","guid":{"rendered":"https:\/\/inzain.bike\/?page_id=5886"},"modified":"2025-04-09T08:47:51","modified_gmt":"2025-04-09T06:47:51","slug":"ost24-cykling","status":"publish","type":"page","link":"https:\/\/inzain.bike\/de\/ost24-cykling\/","title":{"rendered":"\u00d6sterg\u00f6tland Radfahren"},"content":{"rendered":"<div class=\"wp-block-columns alignwide is-layout-flex wp-container-core-columns-is-layout-28f84493 wp-block-columns-is-layout-flex\">\n<div class=\"wp-block-column is-layout-flow wp-block-column-is-layout-flow\">\n<figure class=\"wp-block-image size-large\"><img loading=\"lazy\" decoding=\"async\" width=\"1024\" height=\"768\" src=\"https:\/\/inzain.bike\/wp-content\/uploads\/2023\/11\/20210605_104540-1-1024x768.jpg\" alt=\"\" class=\"wp-image-5887\" srcset=\"https:\/\/inzain.bike\/wp-content\/uploads\/2023\/11\/20210605_104540-1-1024x768.jpg 1024w, https:\/\/inzain.bike\/wp-content\/uploads\/2023\/11\/20210605_104540-1-300x225.jpg 300w, https:\/\/inzain.bike\/wp-content\/uploads\/2023\/11\/20210605_104540-1-768x576.jpg 768w, https:\/\/inzain.bike\/wp-content\/uploads\/2023\/11\/20210605_104540-1-1536x1152.jpg 1536w, https:\/\/inzain.bike\/wp-content\/uploads\/2023\/11\/20210605_104540-1-2048x1536.jpg 2048w, https:\/\/inzain.bike\/wp-content\/uploads\/2023\/11\/20210605_104540-1-16x12.jpg 16w, https:\/\/inzain.bike\/wp-content\/uploads\/2023\/11\/20210605_104540-1-1320x990.jpg 1320w, https:\/\/inzain.bike\/wp-content\/uploads\/2023\/11\/20210605_104540-1-600x450.jpg 600w\" sizes=\"auto, (max-width: 1024px) 100vw, 1024px\" \/><\/figure>\n<\/div>\n\n\n\n<div class=\"wp-block-column is-layout-flow wp-block-column-is-layout-flow\">\n<div style=\"height:120px\" aria-hidden=\"true\" class=\"wp-block-spacer\"><\/div>\n\n\n\n<p class=\"has-roboto-font-family has-custom-font\" style=\"font-family:Roboto;font-size:20px\">Die beiden Tage haben einen deutlich unterschiedlichen Charakter, aber beide sind absolut fantastische Touren. Unsere Guides sorgen daf\u00fcr, dass alle eine gute Zeit haben und wir passen das Tempo an die Gruppe an. Wenn es das Beste wird, teilen wir uns in verschiedene Geschwindigkeitsgruppen auf, aber unabh\u00e4ngig von der Geschwindigkeit k\u00f6nnen wir versprechen, dass jeder zwei fantastische Tage haben wird.<\/p>\n\n\n\n<p>Rechtzeitig vor dem Wochenende verschicken wir unsere ber\u00fchmten <em>Fahrerf\u00fchrer<\/em>, ein Dokument, das alle Informationen zu Routen, Kaffee, Mittagessen und vielem mehr enth\u00e4lt.<\/p>\n<\/div>\n<\/div>\n\n\n\n<div class=\"wp-block-columns alignwide is-layout-flex wp-container-core-columns-is-layout-28f84493 wp-block-columns-is-layout-flex\">\n<div class=\"wp-block-column is-layout-flow wp-block-column-is-layout-flow\">\n<p class=\"has-roboto-font-family has-custom-font\" style=\"font-family:Roboto;font-size:52px\">Zeitplan<\/p>\n\n\n\n<div style=\"height:65px\" aria-hidden=\"true\" class=\"wp-block-spacer\"><\/div>\n<\/div>\n<\/div>\n\n\n\n<div class=\"wp-block-columns alignwide is-layout-flex wp-container-core-columns-is-layout-28f84493 wp-block-columns-is-layout-flex\">\n<div class=\"wp-block-column is-layout-flow wp-block-column-is-layout-flow\">\n<div style=\"height:200px\" aria-hidden=\"true\" class=\"wp-block-spacer\"><\/div>\n\n\n\n<p><strong>Freitag<\/strong><br>Check-in im Hotel und Begr\u00fc\u00dfungstreffen, wo unsere Guides das Wochenende verbringen. Wenn etwas schief gelaufen ist, k\u00f6nnen wir bei den meisten Dingen helfen. Wir haben einige Ersatzteile, Pumpen, Zahnstangen und mehr in unserem Anh\u00e4nger.<\/p>\n<\/div>\n\n\n\n<div class=\"wp-block-column is-layout-flow wp-block-column-is-layout-flow\">\n<figure class=\"wp-block-image size-large\"><img decoding=\"async\" src=\"https:\/\/inzain.bike\/wp-content\/uploads\/2023\/11\/20210606_111525-768x1024.jpg\" alt=\"\" class=\"wp-image-5888\"\/><\/figure>\n<\/div>\n<\/div>\n\n\n\n<div class=\"wp-block-columns alignwide is-layout-flex wp-container-core-columns-is-layout-28f84493 wp-block-columns-is-layout-flex\">\n<div class=\"wp-block-column is-layout-flow wp-block-column-is-layout-flow\">\n<figure class=\"wp-block-image size-full\"><img decoding=\"async\" src=\"https:\/\/inzain.bike\/wp-content\/uploads\/2023\/11\/20210714_141158.jpg\" alt=\"\" class=\"wp-image-5889\"\/><\/figure>\n<\/div>\n\n\n\n<div class=\"wp-block-column is-layout-flow wp-block-column-is-layout-flow\">\n<div style=\"height:148px\" aria-hidden=\"true\" class=\"wp-block-spacer\"><\/div>\n\n\n\n<p><strong>Samstag<\/strong><br>Wir fahren nach S\u00f6derk\u00f6ping und machen einen Ausflug in die Sch\u00e4ren. Wundersch\u00f6n und einige H\u00fcgel.<br>Es gibt Abk\u00fcrzungen und gute, aber recht einfache Caf\u00e9s. Wenn wir zur\u00fcck sind, holen wir uns vielleicht noch ein Eis und gehen dann ins Hotel.<\/p>\n<\/div>\n<\/div>\n\n\n\n<div class=\"wp-block-columns alignwide is-layout-flex wp-container-core-columns-is-layout-28f84493 wp-block-columns-is-layout-flex\">\n<div class=\"wp-block-column is-layout-flow wp-block-column-is-layout-flow\">\n<div style=\"height:155px\" aria-hidden=\"true\" class=\"wp-block-spacer\"><\/div>\n\n\n\n<p><strong>Sonntag<\/strong><br>Wir beginnen entlang des wundersch\u00f6nen G\u00f6ta-Kanals, wo wir wahrscheinlich Schafe und viele V\u00f6gel treffen werden. Wir kommen zu Bergs Schleusen, um ein Eis zu essen und vielleicht ein oder zwei Fotos zu machen.<br>Anschlie\u00dfend trinken wir Kaffee im fantastischen Bost\u00e4llet, bevor wir zum Mittagessen nach Vadstena radeln.<br>Zufrieden, gl\u00fccklich und vielleicht auch etwas m\u00fcde kehren wir nach Motala zur\u00fcck.<\/p>\n<\/div>\n\n\n\n<div class=\"wp-block-column is-layout-flow wp-block-column-is-layout-flow\">\n<figure class=\"wp-block-image size-full\"><img decoding=\"async\" src=\"https:\/\/inzain.bike\/wp-content\/uploads\/2023\/11\/G0010338.jpg\" alt=\"\" class=\"wp-image-5890\"\/><\/figure>\n<\/div>\n<\/div>","protected":false},"excerpt":{"rendered":"<p>De tv\u00e5 dagarna har distinkt olika karakt\u00e4r, men b\u00e5de \u00e4r helt fantastiska turer. V\u00e5ra guider ser till att alla har det bra och vi anpassar farten efter gruppen. Om det visar sig b\u00e4st s\u00e5 kommer vi dela in oss i olika fartgrupper, men oavsett fart s\u00e5 kan vi lova att alla kommer f\u00e5 tv\u00e5 fantastiska [&hellip;]<\/p>\n","protected":false},"author":135133094,"featured_media":0,"parent":0,"menu_order":0,"comment_status":"closed","ping_status":"closed","template":"","meta":{"_coblocks_attr":"","_coblocks_dimensions":"","_coblocks_responsive_height":"","_coblocks_accordion_ie_support":"","footnotes":""},"class_list":["post-5886","page","type-page","status-publish","hentry"],"yoast_head":"<!-- This site is optimized with the Yoast SEO plugin v27.2 - https:\/\/yoast.com\/product\/yoast-seo-wordpress\/ -->\n<title>\u00d6sterg\u00f6tland Cykling - INZAIN Cycling EXPERIENCES<\/title>\n<meta name=\"robots\" content=\"index, follow, max-snippet:-1, max-image-preview:large, max-video-preview:-1\" \/>\n<link rel=\"canonical\" href=\"https:\/\/inzain.bike\/de\/ost24-cykling\/\" \/>\n<meta property=\"og:locale\" content=\"de_DE\" \/>\n<meta property=\"og:type\" content=\"article\" \/>\n<meta property=\"og:title\" content=\"\u00d6sterg\u00f6tland Cykling - INZAIN Cycling EXPERIENCES\" \/>\n<meta property=\"og:description\" content=\"De tv\u00e5 dagarna har distinkt olika karakt\u00e4r, men b\u00e5de \u00e4r helt fantastiska turer. V\u00e5ra guider ser till att alla har det bra och vi anpassar farten efter gruppen. Om det visar sig b\u00e4st s\u00e5 kommer vi dela in oss i olika fartgrupper, men oavsett fart s\u00e5 kan vi lova att alla kommer f\u00e5 tv\u00e5 fantastiska [&hellip;]\" \/>\n<meta property=\"og:url\" content=\"https:\/\/inzain.bike\/de\/ost24-cykling\/\" \/>\n<meta property=\"og:site_name\" content=\"INZAIN Cycling EXPERIENCES\" \/>\n<meta property=\"article:publisher\" content=\"https:\/\/www.facebook.com\/Inzain.bike\" \/>\n<meta property=\"article:modified_time\" content=\"2025-04-09T06:47:51+00:00\" \/>\n<meta property=\"og:image\" content=\"https:\/\/inzain.bike\/wp-content\/uploads\/2023\/11\/20210605_104540-1-1024x768.jpg\" \/>\n<meta name=\"twitter:card\" content=\"summary_large_image\" \/>\n<meta name=\"twitter:label1\" content=\"Gesch\u00e4tzte Lesezeit\" \/>\n\t<meta name=\"twitter:data1\" content=\"2\u00a0Minuten\" \/>\n<script type=\"application\/ld+json\" class=\"yoast-schema-graph\">{\"@context\":\"https:\/\/schema.org\",\"@graph\":[{\"@type\":\"WebPage\",\"@id\":\"https:\/\/inzain.bike\/fr_be\/ost24-cykling\/\",\"url\":\"https:\/\/inzain.bike\/fr_be\/ost24-cykling\/\",\"name\":\"\u00d6sterg\u00f6tland Cykling - INZAIN Cycling EXPERIENCES\",\"isPartOf\":{\"@id\":\"https:\/\/inzain.bike\/fr_be\/#website\"},\"primaryImageOfPage\":{\"@id\":\"https:\/\/inzain.bike\/fr_be\/ost24-cykling\/#primaryimage\"},\"image\":{\"@id\":\"https:\/\/inzain.bike\/fr_be\/ost24-cykling\/#primaryimage\"},\"thumbnailUrl\":\"https:\/\/inzain.bike\/wp-content\/uploads\/2023\/11\/20210605_104540-1-1024x768.jpg\",\"datePublished\":\"2023-11-23T14:32:27+00:00\",\"dateModified\":\"2025-04-09T06:47:51+00:00\",\"breadcrumb\":{\"@id\":\"https:\/\/inzain.bike\/fr_be\/ost24-cykling\/#breadcrumb\"},\"inLanguage\":\"de\",\"potentialAction\":[{\"@type\":\"ReadAction\",\"target\":[\"https:\/\/inzain.bike\/fr_be\/ost24-cykling\/\"]}]},{\"@type\":\"ImageObject\",\"inLanguage\":\"de\",\"@id\":\"https:\/\/inzain.bike\/fr_be\/ost24-cykling\/#primaryimage\",\"url\":\"https:\/\/inzain.bike\/wp-content\/uploads\/2023\/11\/20210605_104540-1-1024x768.jpg\",\"contentUrl\":\"https:\/\/inzain.bike\/wp-content\/uploads\/2023\/11\/20210605_104540-1-1024x768.jpg\"},{\"@type\":\"BreadcrumbList\",\"@id\":\"https:\/\/inzain.bike\/fr_be\/ost24-cykling\/#breadcrumb\",\"itemListElement\":[{\"@type\":\"ListItem\",\"position\":1,\"name\":\"Hem\",\"item\":\"https:\/\/inzain.bike\/fr_be\/\"},{\"@type\":\"ListItem\",\"position\":2,\"name\":\"\u00d6sterg\u00f6tland Cykling\"}]},{\"@type\":\"WebSite\",\"@id\":\"https:\/\/inzain.bike\/fr_be\/#website\",\"url\":\"https:\/\/inzain.bike\/fr_be\/\",\"name\":\"INZAIN Cycling EXPERIENCES\",\"description\":\"Cyckling Adventures  - for everyone\",\"publisher\":{\"@id\":\"https:\/\/inzain.bike\/fr_be\/#organization\"},\"alternateName\":\"INZAIN Gravel & Travel\",\"potentialAction\":[{\"@type\":\"SearchAction\",\"target\":{\"@type\":\"EntryPoint\",\"urlTemplate\":\"https:\/\/inzain.bike\/fr_be\/?s={search_term_string}\"},\"query-input\":{\"@type\":\"PropertyValueSpecification\",\"valueRequired\":true,\"valueName\":\"search_term_string\"}}],\"inLanguage\":\"de\"},{\"@type\":\"Organization\",\"@id\":\"https:\/\/inzain.bike\/fr_be\/#organization\",\"name\":\"INZAIN Cycling EXPERIENCES\",\"url\":\"https:\/\/inzain.bike\/fr_be\/\",\"logo\":{\"@type\":\"ImageObject\",\"inLanguage\":\"de\",\"@id\":\"https:\/\/inzain.bike\/fr_be\/#\/schema\/logo\/image\/\",\"url\":\"https:\/\/i0.wp.com\/inzain.bike\/wp-content\/uploads\/2023\/09\/cropped-INZAIN_512x512_white.png?fit=512%2C512&ssl=1\",\"contentUrl\":\"https:\/\/i0.wp.com\/inzain.bike\/wp-content\/uploads\/2023\/09\/cropped-INZAIN_512x512_white.png?fit=512%2C512&ssl=1\",\"width\":512,\"height\":512,\"caption\":\"INZAIN Cycling EXPERIENCES\"},\"image\":{\"@id\":\"https:\/\/inzain.bike\/fr_be\/#\/schema\/logo\/image\/\"},\"sameAs\":[\"https:\/\/www.facebook.com\/Inzain.bike\",\"https:\/\/www.instagram.com\/inzainbike\"]}]}<\/script>\n<!-- \/ Yoast SEO plugin. -->","yoast_head_json":{"title":"\u00d6sterg\u00f6tland Radfahren - INZAIN Cycling EXPERIENCES","robots":{"index":"index","follow":"follow","max-snippet":"max-snippet:-1","max-image-preview":"max-image-preview:large","max-video-preview":"max-video-preview:-1"},"canonical":"https:\/\/inzain.bike\/de\/ost24-cykling\/","og_locale":"de_DE","og_type":"article","og_title":"\u00d6sterg\u00f6tland Cykling - INZAIN Cycling EXPERIENCES","og_description":"De tv\u00e5 dagarna har distinkt olika karakt\u00e4r, men b\u00e5de \u00e4r helt fantastiska turer. V\u00e5ra guider ser till att alla har det bra och vi anpassar farten efter gruppen. Om det visar sig b\u00e4st s\u00e5 kommer vi dela in oss i olika fartgrupper, men oavsett fart s\u00e5 kan vi lova att alla kommer f\u00e5 tv\u00e5 fantastiska [&hellip;]","og_url":"https:\/\/inzain.bike\/de\/ost24-cykling\/","og_site_name":"INZAIN Cycling EXPERIENCES","article_publisher":"https:\/\/www.facebook.com\/Inzain.bike","article_modified_time":"2025-04-09T06:47:51+00:00","og_image":[{"url":"https:\/\/inzain.bike\/wp-content\/uploads\/2023\/11\/20210605_104540-1-1024x768.jpg","type":"","width":"","height":""}],"twitter_card":"summary_large_image","twitter_misc":{"Gesch\u00e4tzte Lesezeit":"2\u00a0Minuten"},"schema":{"@context":"https:\/\/schema.org","@graph":[{"@type":"WebPage","@id":"https:\/\/inzain.bike\/fr_be\/ost24-cykling\/","url":"https:\/\/inzain.bike\/fr_be\/ost24-cykling\/","name":"\u00d6sterg\u00f6tland Radfahren - INZAIN Cycling EXPERIENCES","isPartOf":{"@id":"https:\/\/inzain.bike\/fr_be\/#website"},"primaryImageOfPage":{"@id":"https:\/\/inzain.bike\/fr_be\/ost24-cykling\/#primaryimage"},"image":{"@id":"https:\/\/inzain.bike\/fr_be\/ost24-cykling\/#primaryimage"},"thumbnailUrl":"https:\/\/inzain.bike\/wp-content\/uploads\/2023\/11\/20210605_104540-1-1024x768.jpg","datePublished":"2023-11-23T14:32:27+00:00","dateModified":"2025-04-09T06:47:51+00:00","breadcrumb":{"@id":"https:\/\/inzain.bike\/fr_be\/ost24-cykling\/#breadcrumb"},"inLanguage":"de","potentialAction":[{"@type":"ReadAction","target":["https:\/\/inzain.bike\/fr_be\/ost24-cykling\/"]}]},{"@type":"ImageObject","inLanguage":"de","@id":"https:\/\/inzain.bike\/fr_be\/ost24-cykling\/#primaryimage","url":"https:\/\/inzain.bike\/wp-content\/uploads\/2023\/11\/20210605_104540-1-1024x768.jpg","contentUrl":"https:\/\/inzain.bike\/wp-content\/uploads\/2023\/11\/20210605_104540-1-1024x768.jpg"},{"@type":"BreadcrumbList","@id":"https:\/\/inzain.bike\/fr_be\/ost24-cykling\/#breadcrumb","itemListElement":[{"@type":"ListItem","position":1,"name":"Hem","item":"https:\/\/inzain.bike\/fr_be\/"},{"@type":"ListItem","position":2,"name":"\u00d6sterg\u00f6tland Cykling"}]},{"@type":"WebSite","@id":"https:\/\/inzain.bike\/fr_be\/#website","url":"https:\/\/inzain.bike\/fr_be\/","name":"INZAIN-Raderlebnisse","description":"Radabenteuer \u2013 f\u00fcr jedermann","publisher":{"@id":"https:\/\/inzain.bike\/fr_be\/#organization"},"alternateName":"INZAIN Gravel & Travel","potentialAction":[{"@type":"SearchAction","target":{"@type":"EntryPoint","urlTemplate":"https:\/\/inzain.bike\/fr_be\/?s={search_term_string}"},"query-input":{"@type":"PropertyValueSpecification","valueRequired":true,"valueName":"search_term_string"}}],"inLanguage":"de"},{"@type":"Organization","@id":"https:\/\/inzain.bike\/fr_be\/#organization","name":"INZAIN-Raderlebnisse","url":"https:\/\/inzain.bike\/fr_be\/","logo":{"@type":"ImageObject","inLanguage":"de","@id":"https:\/\/inzain.bike\/fr_be\/#\/schema\/logo\/image\/","url":"https:\/\/i0.wp.com\/inzain.bike\/wp-content\/uploads\/2023\/09\/cropped-INZAIN_512x512_white.png?fit=512%2C512&ssl=1","contentUrl":"https:\/\/i0.wp.com\/inzain.bike\/wp-content\/uploads\/2023\/09\/cropped-INZAIN_512x512_white.png?fit=512%2C512&ssl=1","width":512,"height":512,"caption":"INZAIN Cycling EXPERIENCES"},"image":{"@id":"https:\/\/inzain.bike\/fr_be\/#\/schema\/logo\/image\/"},"sameAs":["https:\/\/www.facebook.com\/Inzain.bike","https:\/\/www.instagram.com\/inzainbike"]}]}},"amp_enabled":true,"_links":{"self":[{"href":"https:\/\/inzain.bike\/de\/wp-json\/wp\/v2\/pages\/5886","targetHints":{"allow":["GET"]}}],"collection":[{"href":"https:\/\/inzain.bike\/de\/wp-json\/wp\/v2\/pages"}],"about":[{"href":"https:\/\/inzain.bike\/de\/wp-json\/wp\/v2\/types\/page"}],"author":[{"embeddable":true,"href":"https:\/\/inzain.bike\/de\/wp-json\/wp\/v2\/users\/135133094"}],"replies":[{"embeddable":true,"href":"https:\/\/inzain.bike\/de\/wp-json\/wp\/v2\/comments?post=5886"}],"version-history":[{"count":1,"href":"https:\/\/inzain.bike\/de\/wp-json\/wp\/v2\/pages\/5886\/revisions"}],"predecessor-version":[{"id":8108,"href":"https:\/\/inzain.bike\/de\/wp-json\/wp\/v2\/pages\/5886\/revisions\/8108"}],"wp:attachment":[{"href":"https:\/\/inzain.bike\/de\/wp-json\/wp\/v2\/media?parent=5886"}],"curies":[{"name":"wp","href":"https:\/\/api.w.org\/{rel}","templated":true}]}}