{"id":5958,"date":"2023-11-24T16:30:13","date_gmt":"2023-11-24T15:30:13","guid":{"rendered":"https:\/\/inzain.bike\/?page_id=5958"},"modified":"2023-11-24T19:43:01","modified_gmt":"2023-11-24T18:43:01","slug":"vrg24-accomodation","status":"publish","type":"page","link":"https:\/\/inzain.bike\/de\/vrg24-accomodation\/","title":{"rendered":"VRG-Unterkunft"},"content":{"rendered":"<div class=\"wp-block-columns alignwide is-layout-flex wp-container-core-columns-is-layout-28f84493 wp-block-columns-is-layout-flex\">\n<div class=\"wp-block-column is-layout-flow wp-block-column-is-layout-flow\">\n<p><strong>J\u00f6nk\u00f6ping \u2013 Erste Nacht VRG und VRG XL<\/strong><br><br><strong>Gro\u00dfes Elite-Hotel <\/strong>befindet sich in einem wundersch\u00f6nen Geb\u00e4ude aus dem 19. Jahrhundert in J\u00f6nk\u00f6ping und bietet einen sch\u00f6nen Blick auf den V\u00e4tternsee und eine g\u00fcnstige Lage in der Stadt. Es bietet Zimmer mit Flachbild-TVs und kostenfreiem WLAN.<\/p>\n\n\n\n<p>Alle Zimmer im Elite J\u00f6nk\u00f6ping verf\u00fcgen \u00fcber ein eigenes Bad, eine Minibar, einen Schreibtisch und einen Haartrockner. Die meisten Zimmer blicken auf den V\u00e4tternsee oder den Innenhof, w\u00e4hrend einige auf eine Fu\u00dfg\u00e4ngerzone blicken.<\/p>\n\n\n\n<p>Nach einem langen Tag k\u00f6nnen Sie in der Sauna entspannen oder im Fitnessstudio trainieren.<\/p>\n\n\n\n<p>Der Bishop&#039;s Arms Pub bietet Mahlzeiten und eine gro\u00dfe Auswahl an Bieren und Whiskeys in entspannter und eleganter Atmosph\u00e4re. F\u00fcr Bankette und Veranstaltungen steht der klassische Spiegelsaal zur Verf\u00fcgung.<\/p>\n\n\n\n<p><\/p>\n\n\n\n<p><\/p>\n\n\n\n<p><br><\/p>\n<\/div>\n\n\n\n<div class=\"wp-block-column is-layout-flow wp-block-column-is-layout-flow\">\n<div class=\"wp-block-jetpack-tiled-gallery aligncenter is-style-rectangular\"><div class=\"tiled-gallery__gallery\"><div class=\"tiled-gallery__row\"><div class=\"tiled-gallery__col\" style=\"flex-basis:66.90932%\"><figure class=\"tiled-gallery__item\"><img decoding=\"async\" alt=\"\" data-height=\"680\" data-id=\"5980\" data-link=\"https:\/\/inzain.bike\/vrg24-accomodation\/20230811_085931-1\/\" data-url=\"https:\/\/inzain.bike\/wp-content\/uploads\/2023\/11\/20230811_085931-1.jpg\" data-width=\"1024\" src=\"https:\/\/i1.wp.com\/inzain.bike\/wp-content\/uploads\/2023\/11\/20230811_085931-1.jpg?ssl=1\" data-amp-layout=\"responsive\"\/><\/figure><\/div><div class=\"tiled-gallery__col\" style=\"flex-basis:33.09068%\"><figure class=\"tiled-gallery__item\"><img decoding=\"async\" alt=\"\" data-height=\"683\" data-id=\"5981\" data-link=\"https:\/\/inzain.bike\/vrg24-accomodation\/attachment\/223759325\/\" data-url=\"https:\/\/inzain.bike\/wp-content\/uploads\/2023\/11\/223759325.jpg\" data-width=\"1024\" src=\"https:\/\/i2.wp.com\/inzain.bike\/wp-content\/uploads\/2023\/11\/223759325.jpg?ssl=1\" data-amp-layout=\"responsive\"\/><\/figure><figure class=\"tiled-gallery__item\"><img decoding=\"async\" alt=\"\" data-height=\"683\" data-id=\"5982\" data-link=\"https:\/\/inzain.bike\/vrg24-accomodation\/attachment\/329046107\/\" data-url=\"https:\/\/inzain.bike\/wp-content\/uploads\/2023\/11\/329046107.jpg\" data-width=\"1024\" src=\"https:\/\/i2.wp.com\/inzain.bike\/wp-content\/uploads\/2023\/11\/329046107.jpg?ssl=1\" data-amp-layout=\"responsive\"\/><\/figure><\/div><\/div><div class=\"tiled-gallery__row\"><div class=\"tiled-gallery__col\" style=\"flex-basis:100.00000%\"><figure class=\"tiled-gallery__item\"><img decoding=\"async\" alt=\"\" data-height=\"446\" data-id=\"5983\" data-link=\"https:\/\/inzain.bike\/vrg24-accomodation\/attachment\/329050079\/\" data-url=\"https:\/\/inzain.bike\/wp-content\/uploads\/2023\/11\/329050079.jpg\" data-width=\"1024\" src=\"https:\/\/i2.wp.com\/inzain.bike\/wp-content\/uploads\/2023\/11\/329050079.jpg?ssl=1\" data-amp-layout=\"responsive\"\/><\/figure><\/div><\/div><\/div><\/div>\n<\/div>\n<\/div>\n\n\n\n<div class=\"wp-block-columns alignwide is-layout-flex wp-container-core-columns-is-layout-28f84493 wp-block-columns-is-layout-flex\">\n<div class=\"wp-block-column is-layout-flow wp-block-column-is-layout-flow\">\n<div class=\"wp-block-jetpack-tiled-gallery aligncenter is-style-rectangular\"><div class=\"tiled-gallery__gallery\"><div class=\"tiled-gallery__row\"><div class=\"tiled-gallery__col\" style=\"flex-basis:68.05515%\"><figure class=\"tiled-gallery__item\"><img decoding=\"async\" alt=\"\" data-height=\"680\" data-id=\"5988\" data-link=\"https:\/\/inzain.bike\/vrg24-accomodation\/attachment\/189075047\/\" data-url=\"https:\/\/inzain.bike\/wp-content\/uploads\/2023\/11\/189075047.jpg\" data-width=\"1024\" src=\"https:\/\/i0.wp.com\/inzain.bike\/wp-content\/uploads\/2023\/11\/189075047.jpg?ssl=1\" data-amp-layout=\"responsive\"\/><\/figure><\/div><div class=\"tiled-gallery__col\" style=\"flex-basis:31.94485%\"><figure class=\"tiled-gallery__item\"><img decoding=\"async\" alt=\"\" data-height=\"720\" data-id=\"5989\" data-link=\"https:\/\/inzain.bike\/vrg24-accomodation\/attachment\/250517665\/\" data-url=\"https:\/\/inzain.bike\/wp-content\/uploads\/2023\/11\/250517665.jpg\" data-width=\"1024\" src=\"https:\/\/i0.wp.com\/inzain.bike\/wp-content\/uploads\/2023\/11\/250517665.jpg?ssl=1\" data-amp-layout=\"responsive\"\/><\/figure><figure class=\"tiled-gallery__item\"><img decoding=\"async\" alt=\"\" data-height=\"720\" data-id=\"5990\" data-link=\"https:\/\/inzain.bike\/vrg24-accomodation\/attachment\/250714667\/\" data-url=\"https:\/\/inzain.bike\/wp-content\/uploads\/2023\/11\/250714667.jpg\" data-width=\"1024\" src=\"https:\/\/i1.wp.com\/inzain.bike\/wp-content\/uploads\/2023\/11\/250714667.jpg?ssl=1\" data-amp-layout=\"responsive\"\/><\/figure><\/div><\/div><div class=\"tiled-gallery__row\"><div class=\"tiled-gallery__col\" style=\"flex-basis:100.00000%\"><figure class=\"tiled-gallery__item\"><img decoding=\"async\" alt=\"\" data-height=\"720\" data-id=\"5991\" data-link=\"https:\/\/inzain.bike\/vrg24-accomodation\/attachment\/250714672\/\" data-url=\"https:\/\/inzain.bike\/wp-content\/uploads\/2023\/11\/250714672.jpg\" data-width=\"1024\" src=\"https:\/\/i0.wp.com\/inzain.bike\/wp-content\/uploads\/2023\/11\/250714672.jpg?ssl=1\" data-amp-layout=\"responsive\"\/><\/figure><\/div><\/div><\/div><\/div>\n<\/div>\n\n\n\n<div class=\"wp-block-column is-layout-flow wp-block-column-is-layout-flow\">\n<p><strong>HJO \u2013 Zweite Nacht VRG<\/strong><br><br><strong>Hotel Bellevue<\/strong> liegt im Stadsparken im Zentrum von Hjo, direkt am V\u00e4tternsee. Es bietet kostenfreies WLAN, Privatparkpl\u00e4tze und einen Ruhebereich mit Sauna.<\/p>\n\n\n\n<p>Einige Zimmer befinden sich im Hauptgeb\u00e4ude und andere in der Villa Viktoria. Alle Zimmer im Hotel verf\u00fcgen \u00fcber einen TV und viele bieten Aussicht auf den Park oder den nahe gelegenen Yachthafen.<\/p>\n\n\n\n<p>Einige Teile des Hotels stammen aus dem sp\u00e4ten 19. Jahrhundert. Zu den allgemeinen Einrichtungen im Hotel Bellevue geh\u00f6rt eine Lounge mit einem Flachbild-TV.<\/p>\n\n\n\n<p>Sehensw\u00fcrdigkeiten wie die Festung Karlsborg und den G\u00f6ta-Kanal erreichen Sie innerhalb von 30 Autominuten und der Golfplatz H\u00f6kens\u00e5s liegt nur 10 km entfernt.<\/p>\n\n\n\n<p><br><\/p>\n<\/div>\n<\/div>\n\n\n\n<div class=\"wp-block-columns alignwide is-layout-flex wp-container-core-columns-is-layout-28f84493 wp-block-columns-is-layout-flex\">\n<div class=\"wp-block-column is-layout-flow wp-block-column-is-layout-flow\">\n<p>Std<strong>Hotel &amp; Bistro R\u00f6desund<\/strong> Das Hotel liegt in Karlsborg, 47 km von der Sk\u00f6vde Arena entfernt und verf\u00fcgt \u00fcber eine Bar, Nichtraucherzimmer und kostenfreies WLAN. <\/p>\n\n\n\n<p>Das Hotel verf\u00fcgt \u00fcber Familienzimmer. Die Zimmer im Hotel sind mit einem Schreibtisch, einem Flachbild-TV, einem eigenen Bad, Bettw\u00e4sche und Handt\u00fcchern ausgestattet. <\/p>\n\n\n\n<p>Die Zimmer verf\u00fcgen \u00fcber einen Kleiderschrank. Das Hotell &amp; Bistro R\u00f6desund bietet ein vegetarisches oder glutenfreies Fr\u00fchst\u00fcck. In der Unterkunft finden Sie ein Restaurant, das lokale und internationale Gerichte serviert. Vegetarische, milchfreie und glutenfreie Optionen sind ebenfalls auf Anfrage erh\u00e4ltlich.<\/p>\n\n\n\n<p> <\/p>\n\n\n\n<p><br><\/p>\n<\/div>\n\n\n\n<div class=\"wp-block-column is-layout-flow wp-block-column-is-layout-flow\">\n<div class=\"wp-block-jetpack-tiled-gallery aligncenter is-style-rectangular\"><div class=\"tiled-gallery__gallery\"><div class=\"tiled-gallery__row\"><div class=\"tiled-gallery__col\" style=\"flex-basis:34.22094%\"><figure class=\"tiled-gallery__item\"><img decoding=\"async\" alt=\"\" data-height=\"768\" data-id=\"5996\" data-link=\"https:\/\/inzain.bike\/vrg24-accomodation\/attachment\/283200671\/\" data-url=\"https:\/\/inzain.bike\/wp-content\/uploads\/2023\/11\/283200671.jpg\" data-width=\"576\" src=\"https:\/\/i0.wp.com\/inzain.bike\/wp-content\/uploads\/2023\/11\/283200671.jpg?ssl=1\" data-amp-layout=\"responsive\"\/><\/figure><\/div><div class=\"tiled-gallery__col\" style=\"flex-basis:33.44326%\"><figure class=\"tiled-gallery__item\"><img decoding=\"async\" alt=\"\" data-height=\"563\" data-id=\"5995\" data-link=\"https:\/\/inzain.bike\/vrg24-accomodation\/20230811_085931-2\/\" data-url=\"https:\/\/inzain.bike\/wp-content\/uploads\/2023\/11\/20230811_085931-2.jpg\" data-width=\"828\" src=\"https:\/\/i1.wp.com\/inzain.bike\/wp-content\/uploads\/2023\/11\/20230811_085931-2.jpg?ssl=1\" data-amp-layout=\"responsive\"\/><\/figure><figure class=\"tiled-gallery__item\"><img decoding=\"async\" alt=\"\" data-height=\"683\" data-id=\"5997\" data-link=\"https:\/\/inzain.bike\/vrg24-accomodation\/attachment\/285977668\/\" data-url=\"https:\/\/inzain.bike\/wp-content\/uploads\/2023\/11\/285977668.jpg\" data-width=\"1024\" src=\"https:\/\/i0.wp.com\/inzain.bike\/wp-content\/uploads\/2023\/11\/285977668.jpg?ssl=1\" data-amp-layout=\"responsive\"\/><\/figure><\/div><div class=\"tiled-gallery__col\" style=\"flex-basis:32.33581%\"><figure class=\"tiled-gallery__item\"><img decoding=\"async\" alt=\"\" data-height=\"768\" data-id=\"5998\" data-link=\"https:\/\/inzain.bike\/vrg24-accomodation\/attachment\/299119572\/\" data-url=\"https:\/\/inzain.bike\/wp-content\/uploads\/2023\/11\/299119572.jpg\" data-width=\"544\" src=\"https:\/\/i1.wp.com\/inzain.bike\/wp-content\/uploads\/2023\/11\/299119572.jpg?ssl=1\" data-amp-layout=\"responsive\"\/><\/figure><\/div><\/div><\/div><\/div>\n<\/div>\n<\/div>\n\n\n\n<div class=\"wp-block-columns alignwide is-layout-flex wp-container-core-columns-is-layout-28f84493 wp-block-columns-is-layout-flex\">\n<div class=\"wp-block-column is-layout-flow wp-block-column-is-layout-flow\">\n<div class=\"wp-block-jetpack-tiled-gallery aligncenter is-style-rectangular\"><div class=\"tiled-gallery__gallery\"><div class=\"tiled-gallery__row\"><div class=\"tiled-gallery__col\" style=\"flex-basis:66.81216%\"><figure class=\"tiled-gallery__item\"><img decoding=\"async\" alt=\"\" data-height=\"683\" data-id=\"6002\" data-link=\"https:\/\/inzain.bike\/vrg24-accomodation\/attachment\/406454239\/\" data-url=\"https:\/\/inzain.bike\/wp-content\/uploads\/2023\/11\/406454239.jpg\" data-width=\"1024\" src=\"https:\/\/i2.wp.com\/inzain.bike\/wp-content\/uploads\/2023\/11\/406454239.jpg?ssl=1\" data-amp-layout=\"responsive\"\/><\/figure><\/div><div class=\"tiled-gallery__col\" style=\"flex-basis:33.18784%\"><figure class=\"tiled-gallery__item\"><img decoding=\"async\" alt=\"\" data-height=\"683\" data-id=\"6003\" data-link=\"https:\/\/inzain.bike\/vrg24-accomodation\/attachment\/406454285\/\" data-url=\"https:\/\/inzain.bike\/wp-content\/uploads\/2023\/11\/406454285.jpg\" data-width=\"1024\" src=\"https:\/\/i2.wp.com\/inzain.bike\/wp-content\/uploads\/2023\/11\/406454285.jpg?ssl=1\" data-amp-layout=\"responsive\"\/><\/figure><figure class=\"tiled-gallery__item\"><img decoding=\"async\" alt=\"\" data-height=\"683\" data-id=\"6004\" data-link=\"https:\/\/inzain.bike\/vrg24-accomodation\/attachment\/406454315\/\" data-url=\"https:\/\/inzain.bike\/wp-content\/uploads\/2023\/11\/406454315.jpg\" data-width=\"1024\" src=\"https:\/\/i1.wp.com\/inzain.bike\/wp-content\/uploads\/2023\/11\/406454315.jpg?ssl=1\" data-amp-layout=\"responsive\"\/><\/figure><\/div><\/div><div class=\"tiled-gallery__row\"><div class=\"tiled-gallery__col\" style=\"flex-basis:100.00000%\"><figure class=\"tiled-gallery__item\"><img decoding=\"async\" alt=\"\" data-height=\"683\" data-id=\"6005\" data-link=\"https:\/\/inzain.bike\/vrg24-accomodation\/attachment\/406454347\/\" data-url=\"https:\/\/inzain.bike\/wp-content\/uploads\/2023\/11\/406454347.jpg\" data-width=\"1024\" src=\"https:\/\/i1.wp.com\/inzain.bike\/wp-content\/uploads\/2023\/11\/406454347.jpg?ssl=1\" data-amp-layout=\"responsive\"\/><\/figure><\/div><\/div><\/div><\/div>\n<\/div>\n\n\n\n<div class=\"wp-block-column is-layout-flow wp-block-column-is-layout-flow\">\n<p><strong>Askersund Dritte Nacht VRG<\/strong><br><\/p>\n\n\n\n<p><strong>Best Western Norra V\u00e4ttern<\/strong><br>Das Hotel liegt in Askersund, 500 Meter vom n\u00f6rdlichen V\u00e4tternviken entfernt. Es bietet kostenfreien Zugang zur Sauna, ein Restaurant mit Hafenblick und Zimmer mit Flachbild-TVs.<\/p>\n\n\n\n<p>Die Zimmer im Best Western Hotel Norra V\u00e4ttern verf\u00fcgen \u00fcber Holzb\u00f6den und einen Schreibtisch. Eine Tee- und Kaffeemaschine ist in jedem Zimmer vorhanden.<\/p>\n\n\n\n<p>Das Restaurant im Hotel Norra V\u00e4ttern bietet 3-G\u00e4nge-Men\u00fcs und \u00c0-la-carte-Gerichte. K\u00fchle Biere und abendliche Cocktails werden in der Bar serviert, wo Sie Billard oder Darts spielen k\u00f6nnen.<\/p>\n\n\n\n<p><\/p>\n\n\n\n<p><br><\/p>\n\n\n\n<p><br><\/p>\n<\/div>\n<\/div>","protected":false},"excerpt":{"rendered":"<p>J\u00f6nk\u00f6ping &#8211; F\u00f6rsta natten VRG och VRG XL Elite Stora Hotellet ligger i en vacker 1800-talsbyggnad i J\u00f6nk\u00f6ping och har vacker utsikt \u00f6ver V\u00e4ttern och ett bekv\u00e4mt l\u00e4ge i staden. H\u00e4r erbjuds rum med platt-TV och gratis WiFi. Alla rum p\u00e5 Elite J\u00f6nk\u00f6ping har eget badrum, minibar, skrivbord och h\u00e5rtork. De flesta rum har utsikt [&hellip;]<\/p>\n","protected":false},"author":135133094,"featured_media":0,"parent":0,"menu_order":0,"comment_status":"closed","ping_status":"closed","template":"","meta":{"_coblocks_attr":"Roboto","_coblocks_dimensions":"","_coblocks_responsive_height":"","_coblocks_accordion_ie_support":"","footnotes":""},"class_list":["post-5958","page","type-page","status-publish","hentry"],"yoast_head":"<!-- This site is optimized with the Yoast SEO plugin v27.2 - https:\/\/yoast.com\/product\/yoast-seo-wordpress\/ -->\n<title>VRG Boende - INZAIN Cycling EXPERIENCES<\/title>\n<meta name=\"robots\" content=\"index, follow, max-snippet:-1, max-image-preview:large, max-video-preview:-1\" \/>\n<link rel=\"canonical\" href=\"https:\/\/inzain.bike\/de\/vrg24-accomodation\/\" \/>\n<meta property=\"og:locale\" content=\"de_DE\" \/>\n<meta property=\"og:type\" content=\"article\" \/>\n<meta property=\"og:title\" content=\"VRG Boende - INZAIN Cycling EXPERIENCES\" \/>\n<meta property=\"og:description\" content=\"J\u00f6nk\u00f6ping &#8211; F\u00f6rsta natten VRG och VRG XL Elite Stora Hotellet ligger i en vacker 1800-talsbyggnad i J\u00f6nk\u00f6ping och har vacker utsikt \u00f6ver V\u00e4ttern och ett bekv\u00e4mt l\u00e4ge i staden. H\u00e4r erbjuds rum med platt-TV och gratis WiFi. Alla rum p\u00e5 Elite J\u00f6nk\u00f6ping har eget badrum, minibar, skrivbord och h\u00e5rtork. De flesta rum har utsikt [&hellip;]\" \/>\n<meta property=\"og:url\" content=\"https:\/\/inzain.bike\/de\/vrg24-accomodation\/\" \/>\n<meta property=\"og:site_name\" content=\"INZAIN Cycling EXPERIENCES\" \/>\n<meta property=\"article:publisher\" content=\"https:\/\/www.facebook.com\/Inzain.bike\" \/>\n<meta property=\"article:modified_time\" content=\"2023-11-24T18:43:01+00:00\" \/>\n<meta property=\"og:image\" content=\"https:\/\/i1.wp.com\/inzain.bike\/wp-content\/uploads\/2023\/11\/20230811_085931-1.jpg?ssl=1\" \/>\n<meta name=\"twitter:card\" content=\"summary_large_image\" \/>\n<meta name=\"twitter:label1\" content=\"Gesch\u00e4tzte Lesezeit\" \/>\n\t<meta name=\"twitter:data1\" content=\"5\u00a0Minuten\" \/>\n<script type=\"application\/ld+json\" class=\"yoast-schema-graph\">{\"@context\":\"https:\/\/schema.org\",\"@graph\":[{\"@type\":\"WebPage\",\"@id\":\"https:\/\/inzain.bike\/en\/vrg24-accomodation\/\",\"url\":\"https:\/\/inzain.bike\/en\/vrg24-accomodation\/\",\"name\":\"VRG Boende - INZAIN Cycling EXPERIENCES\",\"isPartOf\":{\"@id\":\"https:\/\/inzain.bike\/fr_be\/#website\"},\"primaryImageOfPage\":{\"@id\":\"https:\/\/inzain.bike\/en\/vrg24-accomodation\/#primaryimage\"},\"image\":{\"@id\":\"https:\/\/inzain.bike\/en\/vrg24-accomodation\/#primaryimage\"},\"thumbnailUrl\":\"https:\/\/i1.wp.com\/inzain.bike\/wp-content\/uploads\/2023\/11\/20230811_085931-1.jpg?ssl=1\",\"datePublished\":\"2023-11-24T15:30:13+00:00\",\"dateModified\":\"2023-11-24T18:43:01+00:00\",\"breadcrumb\":{\"@id\":\"https:\/\/inzain.bike\/en\/vrg24-accomodation\/#breadcrumb\"},\"inLanguage\":\"de\",\"potentialAction\":[{\"@type\":\"ReadAction\",\"target\":[\"https:\/\/inzain.bike\/en\/vrg24-accomodation\/\"]}]},{\"@type\":\"ImageObject\",\"inLanguage\":\"de\",\"@id\":\"https:\/\/inzain.bike\/en\/vrg24-accomodation\/#primaryimage\",\"url\":\"https:\/\/i1.wp.com\/inzain.bike\/wp-content\/uploads\/2023\/11\/20230811_085931-1.jpg?ssl=1\",\"contentUrl\":\"https:\/\/i1.wp.com\/inzain.bike\/wp-content\/uploads\/2023\/11\/20230811_085931-1.jpg?ssl=1\"},{\"@type\":\"BreadcrumbList\",\"@id\":\"https:\/\/inzain.bike\/en\/vrg24-accomodation\/#breadcrumb\",\"itemListElement\":[{\"@type\":\"ListItem\",\"position\":1,\"name\":\"Hem\",\"item\":\"https:\/\/inzain.bike\/fr_be\/\"},{\"@type\":\"ListItem\",\"position\":2,\"name\":\"VRG Boende\"}]},{\"@type\":\"WebSite\",\"@id\":\"https:\/\/inzain.bike\/fr_be\/#website\",\"url\":\"https:\/\/inzain.bike\/fr_be\/\",\"name\":\"INZAIN Cycling EXPERIENCES\",\"description\":\"Cyckling Adventures  - for everyone\",\"publisher\":{\"@id\":\"https:\/\/inzain.bike\/fr_be\/#organization\"},\"alternateName\":\"INZAIN Gravel & Travel\",\"potentialAction\":[{\"@type\":\"SearchAction\",\"target\":{\"@type\":\"EntryPoint\",\"urlTemplate\":\"https:\/\/inzain.bike\/fr_be\/?s={search_term_string}\"},\"query-input\":{\"@type\":\"PropertyValueSpecification\",\"valueRequired\":true,\"valueName\":\"search_term_string\"}}],\"inLanguage\":\"de\"},{\"@type\":\"Organization\",\"@id\":\"https:\/\/inzain.bike\/fr_be\/#organization\",\"name\":\"INZAIN Cycling EXPERIENCES\",\"url\":\"https:\/\/inzain.bike\/fr_be\/\",\"logo\":{\"@type\":\"ImageObject\",\"inLanguage\":\"de\",\"@id\":\"https:\/\/inzain.bike\/fr_be\/#\/schema\/logo\/image\/\",\"url\":\"https:\/\/i0.wp.com\/inzain.bike\/wp-content\/uploads\/2023\/09\/cropped-INZAIN_512x512_white.png?fit=512%2C512&ssl=1\",\"contentUrl\":\"https:\/\/i0.wp.com\/inzain.bike\/wp-content\/uploads\/2023\/09\/cropped-INZAIN_512x512_white.png?fit=512%2C512&ssl=1\",\"width\":512,\"height\":512,\"caption\":\"INZAIN Cycling EXPERIENCES\"},\"image\":{\"@id\":\"https:\/\/inzain.bike\/fr_be\/#\/schema\/logo\/image\/\"},\"sameAs\":[\"https:\/\/www.facebook.com\/Inzain.bike\",\"https:\/\/www.instagram.com\/inzainbike\"]}]}<\/script>\n<!-- \/ Yoast SEO plugin. -->","yoast_head_json":{"title":"VRG-Unterkunft - INZAIN Cycling EXPERIENCES","robots":{"index":"index","follow":"follow","max-snippet":"max-snippet:-1","max-image-preview":"max-image-preview:large","max-video-preview":"max-video-preview:-1"},"canonical":"https:\/\/inzain.bike\/de\/vrg24-accomodation\/","og_locale":"de_DE","og_type":"article","og_title":"VRG Boende - INZAIN Cycling EXPERIENCES","og_description":"J\u00f6nk\u00f6ping &#8211; F\u00f6rsta natten VRG och VRG XL Elite Stora Hotellet ligger i en vacker 1800-talsbyggnad i J\u00f6nk\u00f6ping och har vacker utsikt \u00f6ver V\u00e4ttern och ett bekv\u00e4mt l\u00e4ge i staden. H\u00e4r erbjuds rum med platt-TV och gratis WiFi. Alla rum p\u00e5 Elite J\u00f6nk\u00f6ping har eget badrum, minibar, skrivbord och h\u00e5rtork. De flesta rum har utsikt [&hellip;]","og_url":"https:\/\/inzain.bike\/de\/vrg24-accomodation\/","og_site_name":"INZAIN Cycling EXPERIENCES","article_publisher":"https:\/\/www.facebook.com\/Inzain.bike","article_modified_time":"2023-11-24T18:43:01+00:00","og_image":[{"url":"https:\/\/i1.wp.com\/inzain.bike\/wp-content\/uploads\/2023\/11\/20230811_085931-1.jpg?ssl=1","type":"","width":"","height":""}],"twitter_card":"summary_large_image","twitter_misc":{"Gesch\u00e4tzte Lesezeit":"5\u00a0Minuten"},"schema":{"@context":"https:\/\/schema.org","@graph":[{"@type":"WebPage","@id":"https:\/\/inzain.bike\/en\/vrg24-accomodation\/","url":"https:\/\/inzain.bike\/en\/vrg24-accomodation\/","name":"VRG-Unterkunft - INZAIN Cycling EXPERIENCES","isPartOf":{"@id":"https:\/\/inzain.bike\/fr_be\/#website"},"primaryImageOfPage":{"@id":"https:\/\/inzain.bike\/en\/vrg24-accomodation\/#primaryimage"},"image":{"@id":"https:\/\/inzain.bike\/en\/vrg24-accomodation\/#primaryimage"},"thumbnailUrl":"https:\/\/i1.wp.com\/inzain.bike\/wp-content\/uploads\/2023\/11\/20230811_085931-1.jpg?ssl=1","datePublished":"2023-11-24T15:30:13+00:00","dateModified":"2023-11-24T18:43:01+00:00","breadcrumb":{"@id":"https:\/\/inzain.bike\/en\/vrg24-accomodation\/#breadcrumb"},"inLanguage":"de","potentialAction":[{"@type":"ReadAction","target":["https:\/\/inzain.bike\/en\/vrg24-accomodation\/"]}]},{"@type":"ImageObject","inLanguage":"de","@id":"https:\/\/inzain.bike\/en\/vrg24-accomodation\/#primaryimage","url":"https:\/\/i1.wp.com\/inzain.bike\/wp-content\/uploads\/2023\/11\/20230811_085931-1.jpg?ssl=1","contentUrl":"https:\/\/i1.wp.com\/inzain.bike\/wp-content\/uploads\/2023\/11\/20230811_085931-1.jpg?ssl=1"},{"@type":"BreadcrumbList","@id":"https:\/\/inzain.bike\/en\/vrg24-accomodation\/#breadcrumb","itemListElement":[{"@type":"ListItem","position":1,"name":"Hem","item":"https:\/\/inzain.bike\/fr_be\/"},{"@type":"ListItem","position":2,"name":"VRG Boende"}]},{"@type":"WebSite","@id":"https:\/\/inzain.bike\/fr_be\/#website","url":"https:\/\/inzain.bike\/fr_be\/","name":"INZAIN-Raderlebnisse","description":"Radabenteuer \u2013 f\u00fcr jedermann","publisher":{"@id":"https:\/\/inzain.bike\/fr_be\/#organization"},"alternateName":"INZAIN Gravel & Travel","potentialAction":[{"@type":"SearchAction","target":{"@type":"EntryPoint","urlTemplate":"https:\/\/inzain.bike\/fr_be\/?s={search_term_string}"},"query-input":{"@type":"PropertyValueSpecification","valueRequired":true,"valueName":"search_term_string"}}],"inLanguage":"de"},{"@type":"Organization","@id":"https:\/\/inzain.bike\/fr_be\/#organization","name":"INZAIN-Raderlebnisse","url":"https:\/\/inzain.bike\/fr_be\/","logo":{"@type":"ImageObject","inLanguage":"de","@id":"https:\/\/inzain.bike\/fr_be\/#\/schema\/logo\/image\/","url":"https:\/\/i0.wp.com\/inzain.bike\/wp-content\/uploads\/2023\/09\/cropped-INZAIN_512x512_white.png?fit=512%2C512&ssl=1","contentUrl":"https:\/\/i0.wp.com\/inzain.bike\/wp-content\/uploads\/2023\/09\/cropped-INZAIN_512x512_white.png?fit=512%2C512&ssl=1","width":512,"height":512,"caption":"INZAIN Cycling EXPERIENCES"},"image":{"@id":"https:\/\/inzain.bike\/fr_be\/#\/schema\/logo\/image\/"},"sameAs":["https:\/\/www.facebook.com\/Inzain.bike","https:\/\/www.instagram.com\/inzainbike"]}]}},"amp_enabled":true,"_links":{"self":[{"href":"https:\/\/inzain.bike\/de\/wp-json\/wp\/v2\/pages\/5958","targetHints":{"allow":["GET"]}}],"collection":[{"href":"https:\/\/inzain.bike\/de\/wp-json\/wp\/v2\/pages"}],"about":[{"href":"https:\/\/inzain.bike\/de\/wp-json\/wp\/v2\/types\/page"}],"author":[{"embeddable":true,"href":"https:\/\/inzain.bike\/de\/wp-json\/wp\/v2\/users\/135133094"}],"replies":[{"embeddable":true,"href":"https:\/\/inzain.bike\/de\/wp-json\/wp\/v2\/comments?post=5958"}],"version-history":[{"count":0,"href":"https:\/\/inzain.bike\/de\/wp-json\/wp\/v2\/pages\/5958\/revisions"}],"wp:attachment":[{"href":"https:\/\/inzain.bike\/de\/wp-json\/wp\/v2\/media?parent=5958"}],"curies":[{"name":"wp","href":"https:\/\/api.w.org\/{rel}","templated":true}]}}