{"id":5963,"date":"2023-11-24T16:33:15","date_gmt":"2023-11-24T15:33:15","guid":{"rendered":"https:\/\/inzain.bike\/?page_id=5963"},"modified":"2023-11-25T18:06:46","modified_gmt":"2023-11-25T17:06:46","slug":"vrg24-vrg","status":"publish","type":"page","link":"https:\/\/inzain.bike\/de\/vrg24-vrg\/","title":{"rendered":"VRG 4 Tage"},"content":{"rendered":"<div class=\"wp-block-columns alignwide is-layout-flex wp-container-core-columns-is-layout-28f84493 wp-block-columns-is-layout-flex\">\n<div class=\"wp-block-column is-layout-flow wp-block-column-is-layout-flow\">\n<p><strong>Begleitwagen<\/strong>. <br>Darin werden einige Ersatzteile, zus\u00e4tzliche Reifen, eine Pumpe usw. enthalten sein. Sie k\u00f6nnen EINE Tasche im Auto haben. Es wird zum Hotel transportiert, sodass Sie das Fahrrad nicht einpacken m\u00fcssen, wenn Sie es nicht m\u00f6chten.<br>Das nachfolgende Auto wird zum Rettungswagen, wenn etwas schief geht.<br>Alle Informationen dazu finden Sie im Riders Guide.<\/p>\n<\/div>\n\n\n\n<div class=\"wp-block-column is-layout-flow wp-block-column-is-layout-flow\">\n<p><img loading=\"lazy\" decoding=\"async\" src=\"https:\/\/lh7-us.googleusercontent.com\/8LukKv_BBAfS7atLNzbQW2hWh2uJ4Gg0uBZ_A1L0w5F4dfpO9LVy5XLzjqMabYH3y_FnabAy9hm7xMEI7q5-A8MRmJzSCXTP3Gh7vrtNfHPZafDV9R2X0JS6Ir_6IIS6tBPiOPr4pWvwUGyruF2BBgI\" width=\"278\" height=\"283\"><\/p>\n<\/div>\n<\/div>\n\n\n\n<div class=\"wp-block-columns alignwide is-layout-flex wp-container-core-columns-is-layout-28f84493 wp-block-columns-is-layout-flex\">\n<div class=\"wp-block-column is-layout-flow wp-block-column-is-layout-flow\">\n<p><strong>Tag eins<\/strong><br>Start in \u00d6desh\u00f6g, Ziel in J\u00f6nk\u00f6ping xx km\/jj hm.<br>Es ist im Wesentlichen die gleiche Route wie die VRG XL, jedoch etwas k\u00fcrzer und einige der h\u00e4rtesten Steigungen wurden durch flacheres Gel\u00e4nde ersetzt.<br><br>Einige der Pisten sind hart, aber keine ist unm\u00f6glich. Omberg ist ein Favorit, man hat einen herrlichen Blick auf den V\u00e4tternsee. \u00d6desh\u00f6g und Gr\u00e4nna sind gute Orte zum Mittagessen oder Kaffee, aber es gibt noch mehr<\/p>\n\n\n\n<p>Die letzten Meilen nach J\u00f6nk\u00f6ping bringen auch einige Herausforderungen mit sich, sind aber angenehmer als die auf dem VRG-XL.<\/p>\n\n\n\n<p>Dort angekommen wird es sich bestimmt gut anf\u00fchlen, etwas zu essen und zu trinken, das gemeinsame Abendessen mit der VRG-XL-Gang wird sch\u00f6n sein und es wird sicherlich sowohl gelacht als auch einige Geschichten ausgetauscht werden.<\/p>\n<\/div>\n\n\n\n<div class=\"wp-block-column is-layout-flow wp-block-column-is-layout-flow\">\n<figure class=\"wp-block-image size-large\"><img loading=\"lazy\" decoding=\"async\" width=\"1024\" height=\"768\" src=\"https:\/\/inzain.bike\/wp-content\/uploads\/2023\/11\/363801870_1217475535593582_7994119103792755863_n-1024x768.jpg\" alt=\"\" class=\"wp-image-6014\" srcset=\"https:\/\/inzain.bike\/wp-content\/uploads\/2023\/11\/363801870_1217475535593582_7994119103792755863_n-1024x768.jpg 1024w, https:\/\/inzain.bike\/wp-content\/uploads\/2023\/11\/363801870_1217475535593582_7994119103792755863_n-300x225.jpg 300w, https:\/\/inzain.bike\/wp-content\/uploads\/2023\/11\/363801870_1217475535593582_7994119103792755863_n-768x576.jpg 768w, https:\/\/inzain.bike\/wp-content\/uploads\/2023\/11\/363801870_1217475535593582_7994119103792755863_n-1536x1152.jpg 1536w, https:\/\/inzain.bike\/wp-content\/uploads\/2023\/11\/363801870_1217475535593582_7994119103792755863_n-2048x1536.jpg 2048w, https:\/\/inzain.bike\/wp-content\/uploads\/2023\/11\/363801870_1217475535593582_7994119103792755863_n-16x12.jpg 16w, https:\/\/inzain.bike\/wp-content\/uploads\/2023\/11\/363801870_1217475535593582_7994119103792755863_n-1320x990.jpg 1320w, https:\/\/inzain.bike\/wp-content\/uploads\/2023\/11\/363801870_1217475535593582_7994119103792755863_n-600x450.jpg 600w\" sizes=\"auto, (max-width: 1024px) 100vw, 1024px\" \/><\/figure>\n<\/div>\n<\/div>\n\n\n\n<div class=\"wp-block-columns alignwide is-layout-flex wp-container-core-columns-is-layout-28f84493 wp-block-columns-is-layout-flex\">\n<div class=\"wp-block-column is-layout-flow wp-block-column-is-layout-flow\">\n<figure class=\"wp-block-image size-large\"><img loading=\"lazy\" decoding=\"async\" width=\"1024\" height=\"768\" src=\"https:\/\/inzain.bike\/wp-content\/uploads\/2023\/11\/365413801_291211740172065_4077923866698018764_n-1024x768.jpg\" alt=\"\" class=\"wp-image-6017\" srcset=\"https:\/\/inzain.bike\/wp-content\/uploads\/2023\/11\/365413801_291211740172065_4077923866698018764_n-1024x768.jpg 1024w, https:\/\/inzain.bike\/wp-content\/uploads\/2023\/11\/365413801_291211740172065_4077923866698018764_n-300x225.jpg 300w, https:\/\/inzain.bike\/wp-content\/uploads\/2023\/11\/365413801_291211740172065_4077923866698018764_n-768x576.jpg 768w, https:\/\/inzain.bike\/wp-content\/uploads\/2023\/11\/365413801_291211740172065_4077923866698018764_n-1536x1152.jpg 1536w, https:\/\/inzain.bike\/wp-content\/uploads\/2023\/11\/365413801_291211740172065_4077923866698018764_n-2048x1536.jpg 2048w, https:\/\/inzain.bike\/wp-content\/uploads\/2023\/11\/365413801_291211740172065_4077923866698018764_n-16x12.jpg 16w, https:\/\/inzain.bike\/wp-content\/uploads\/2023\/11\/365413801_291211740172065_4077923866698018764_n-1320x990.jpg 1320w, https:\/\/inzain.bike\/wp-content\/uploads\/2023\/11\/365413801_291211740172065_4077923866698018764_n-600x450.jpg 600w\" sizes=\"auto, (max-width: 1024px) 100vw, 1024px\" \/><\/figure>\n<\/div>\n\n\n\n<div class=\"wp-block-column is-layout-flow wp-block-column-is-layout-flow\">\n<p><strong>Tag zwei<\/strong><br>Start in J\u00f6nk\u00f6ping, Ziel in Hjo xx km\/yy hm<br><br>Der sch\u00f6nste Tag der Tour, etwas k\u00fcrzer, aber nicht weniger angenehm.<br>Es gibt mehrere gute M\u00f6glichkeiten zum Mittagessen und Kaffee.<br><br>Sobald Sie in Hjo angekommen sind, besteht die M\u00f6glichkeit zum Schwimmen und Abendessen.<\/p>\n\n\n\n<p><\/p>\n<\/div>\n<\/div>\n\n\n\n<div class=\"wp-block-columns alignwide is-layout-flex wp-container-core-columns-is-layout-28f84493 wp-block-columns-is-layout-flex\">\n<div class=\"wp-block-column is-layout-flow wp-block-column-is-layout-flow\">\n<p><strong>Tag drei<\/strong><br>Start in Hjo, Ziel in Askersund xx km\/jj hm.<br><br>Dies ist der l\u00e4ngste Tag der Reise, daher ist ein k\u00fcrzerer Tag gestern sicherlich von Vorteil.<br>Wir folgen dem Ufer des V\u00e4ttern und schl\u00e4ngeln uns \u00fcber sehr feine Feldwege.<br>Karlsborg ist ein ausgezeichneter Ort zum Mittagessen, aber es gibt auch andere.<\/p>\n\n\n\n<p>Das Tagesziel ist Askersund, vielleicht reichen ein Saunagang, ein Bier und etwas Abendessen, bevor wir den letzten Tag in Angriff nehmen<\/p>\n<\/div>\n\n\n\n<div class=\"wp-block-column is-layout-flow wp-block-column-is-layout-flow\">\n<figure class=\"wp-block-image size-large\"><img loading=\"lazy\" decoding=\"async\" width=\"1024\" height=\"768\" src=\"https:\/\/inzain.bike\/wp-content\/uploads\/2023\/11\/365391868_6213548712090424_5992656904957099597_n-1-1024x768.jpg\" alt=\"\" class=\"wp-image-6043\" srcset=\"https:\/\/inzain.bike\/wp-content\/uploads\/2023\/11\/365391868_6213548712090424_5992656904957099597_n-1-1024x768.jpg 1024w, https:\/\/inzain.bike\/wp-content\/uploads\/2023\/11\/365391868_6213548712090424_5992656904957099597_n-1-300x225.jpg 300w, https:\/\/inzain.bike\/wp-content\/uploads\/2023\/11\/365391868_6213548712090424_5992656904957099597_n-1-768x576.jpg 768w, https:\/\/inzain.bike\/wp-content\/uploads\/2023\/11\/365391868_6213548712090424_5992656904957099597_n-1-1536x1152.jpg 1536w, https:\/\/inzain.bike\/wp-content\/uploads\/2023\/11\/365391868_6213548712090424_5992656904957099597_n-1-2048x1536.jpg 2048w, https:\/\/inzain.bike\/wp-content\/uploads\/2023\/11\/365391868_6213548712090424_5992656904957099597_n-1-16x12.jpg 16w, https:\/\/inzain.bike\/wp-content\/uploads\/2023\/11\/365391868_6213548712090424_5992656904957099597_n-1-1320x990.jpg 1320w, https:\/\/inzain.bike\/wp-content\/uploads\/2023\/11\/365391868_6213548712090424_5992656904957099597_n-1-600x450.jpg 600w\" sizes=\"auto, (max-width: 1024px) 100vw, 1024px\" \/><\/figure>\n<\/div>\n<\/div>\n\n\n\n<div class=\"wp-block-columns alignwide is-layout-flex wp-container-core-columns-is-layout-28f84493 wp-block-columns-is-layout-flex\">\n<div class=\"wp-block-column is-layout-flow wp-block-column-is-layout-flow\">\n<figure class=\"wp-block-image size-large\"><img loading=\"lazy\" decoding=\"async\" width=\"1024\" height=\"768\" src=\"https:\/\/inzain.bike\/wp-content\/uploads\/2023\/11\/365424185_813854620325273_7923172625436586217_n-1024x768.jpg\" alt=\"\" class=\"wp-image-6045\" srcset=\"https:\/\/inzain.bike\/wp-content\/uploads\/2023\/11\/365424185_813854620325273_7923172625436586217_n-1024x768.jpg 1024w, https:\/\/inzain.bike\/wp-content\/uploads\/2023\/11\/365424185_813854620325273_7923172625436586217_n-300x225.jpg 300w, https:\/\/inzain.bike\/wp-content\/uploads\/2023\/11\/365424185_813854620325273_7923172625436586217_n-768x576.jpg 768w, https:\/\/inzain.bike\/wp-content\/uploads\/2023\/11\/365424185_813854620325273_7923172625436586217_n-1536x1152.jpg 1536w, https:\/\/inzain.bike\/wp-content\/uploads\/2023\/11\/365424185_813854620325273_7923172625436586217_n-2048x1536.jpg 2048w, https:\/\/inzain.bike\/wp-content\/uploads\/2023\/11\/365424185_813854620325273_7923172625436586217_n-16x12.jpg 16w, https:\/\/inzain.bike\/wp-content\/uploads\/2023\/11\/365424185_813854620325273_7923172625436586217_n-1320x990.jpg 1320w, https:\/\/inzain.bike\/wp-content\/uploads\/2023\/11\/365424185_813854620325273_7923172625436586217_n-600x450.jpg 600w\" sizes=\"auto, (max-width: 1024px) 100vw, 1024px\" \/><\/figure>\n<\/div>\n\n\n\n<div class=\"wp-block-column is-layout-flow wp-block-column-is-layout-flow\">\n<p><strong>Tag vier<\/strong><br>Start in Askersund, Ziel in Motala 80 km\/Jahr hm<br><br>Jetzt ist es Zeit f\u00fcr den k\u00fcrzesten Teil der Tour, aber es gibt einen echten H\u00fcgel, der so gut ist, dass noch etwas Kraft in den Beinen \u00fcbrig ist.<br><br>Wir essen bei Zinkgruvan zu Mittag und vielleicht auch Kaffee bei Bona Tr\u00e4dg\u00e5rd, bevor wir weiter Richtung Motala rollen.<\/p>\n\n\n\n<p>Vielleicht nimmst du noch ein Bad im See, bevor du ins Ziel marschierst?<br>Herzlichen Gl\u00fcckwunsch zum Abschluss von VRG 2024!<\/p>\n<\/div>\n<\/div>\n\n\n\n<div class=\"wp-block-columns alignwide is-layout-flex wp-container-core-columns-is-layout-28f84493 wp-block-columns-is-layout-flex\">\n<div class=\"wp-block-column is-layout-flow wp-block-column-is-layout-flow\">\n<div class=\"wp-block-buttons is-content-justification-center is-layout-flex wp-container-core-buttons-is-layout-a89b3969 wp-block-buttons-is-layout-flex\">\n<div class=\"wp-block-button has-custom-width wp-block-button__width-50 is-style-circular\"><a class=\"wp-block-button__link has-vivid-cyan-blue-background-color has-background wp-element-button\" href=\"https:\/\/inzain.bike\/de\/vrg24-registration\/\">Zur Buchung<\/a><\/div>\n<\/div>\n<\/div>\n<\/div>","protected":false},"excerpt":{"rendered":"<p>F\u00f6ljebil. I den kommer det finnas lite reservdelar, extra d\u00e4ck, pump mm. Du kan ha EN bag i bilen. Den kommer transporteras till hotellet, s\u00e5 du beh\u00f6ver inte ha packning p\u00e5 cykeln om du inte vill.F\u00f6ljebilen blir en r\u00e4ddningsbil om n\u00e5got g\u00e5r p\u00e5 tok.All information om detta finns i Riders Guide. Dag EttStart i \u00d6desh\u00f6g [&hellip;]<\/p>\n","protected":false},"author":135133094,"featured_media":0,"parent":0,"menu_order":0,"comment_status":"closed","ping_status":"closed","template":"","meta":{"_coblocks_attr":"Roboto,Roboto","_coblocks_dimensions":"","_coblocks_responsive_height":"","_coblocks_accordion_ie_support":"","footnotes":""},"class_list":["post-5963","page","type-page","status-publish","hentry"],"yoast_head":"<!-- This site is optimized with the Yoast SEO plugin v27.2 - https:\/\/yoast.com\/product\/yoast-seo-wordpress\/ -->\n<title>VRG 4 Dagar - INZAIN Cycling EXPERIENCES<\/title>\n<meta name=\"robots\" content=\"index, follow, max-snippet:-1, max-image-preview:large, max-video-preview:-1\" \/>\n<link rel=\"canonical\" href=\"https:\/\/inzain.bike\/de\/vrg24-vrg\/\" \/>\n<meta property=\"og:locale\" content=\"de_DE\" \/>\n<meta property=\"og:type\" content=\"article\" \/>\n<meta property=\"og:title\" content=\"VRG 4 Dagar - INZAIN Cycling EXPERIENCES\" \/>\n<meta property=\"og:description\" content=\"F\u00f6ljebil. I den kommer det finnas lite reservdelar, extra d\u00e4ck, pump mm. Du kan ha EN bag i bilen. Den kommer transporteras till hotellet, s\u00e5 du beh\u00f6ver inte ha packning p\u00e5 cykeln om du inte vill.F\u00f6ljebilen blir en r\u00e4ddningsbil om n\u00e5got g\u00e5r p\u00e5 tok.All information om detta finns i Riders Guide. Dag EttStart i \u00d6desh\u00f6g [&hellip;]\" \/>\n<meta property=\"og:url\" content=\"https:\/\/inzain.bike\/de\/vrg24-vrg\/\" \/>\n<meta property=\"og:site_name\" content=\"INZAIN Cycling EXPERIENCES\" \/>\n<meta property=\"article:publisher\" content=\"https:\/\/www.facebook.com\/Inzain.bike\" \/>\n<meta property=\"article:modified_time\" content=\"2023-11-25T17:06:46+00:00\" \/>\n<meta property=\"og:image\" content=\"https:\/\/lh7-us.googleusercontent.com\/8LukKv_BBAfS7atLNzbQW2hWh2uJ4Gg0uBZ_A1L0w5F4dfpO9LVy5XLzjqMabYH3y_FnabAy9hm7xMEI7q5-A8MRmJzSCXTP3Gh7vrtNfHPZafDV9R2X0JS6Ir_6IIS6tBPiOPr4pWvwUGyruF2BBgI\" \/>\n<meta name=\"twitter:card\" content=\"summary_large_image\" \/>\n<meta name=\"twitter:label1\" content=\"Gesch\u00e4tzte Lesezeit\" \/>\n\t<meta name=\"twitter:data1\" content=\"3\u00a0Minuten\" \/>\n<script type=\"application\/ld+json\" class=\"yoast-schema-graph\">{\"@context\":\"https:\/\/schema.org\",\"@graph\":[{\"@type\":\"WebPage\",\"@id\":\"https:\/\/inzain.bike\/nb\/vrg24-vrg\/\",\"url\":\"https:\/\/inzain.bike\/nb\/vrg24-vrg\/\",\"name\":\"VRG 4 Dagar - INZAIN Cycling EXPERIENCES\",\"isPartOf\":{\"@id\":\"https:\/\/inzain.bike\/fr_be\/#website\"},\"primaryImageOfPage\":{\"@id\":\"https:\/\/inzain.bike\/nb\/vrg24-vrg\/#primaryimage\"},\"image\":{\"@id\":\"https:\/\/inzain.bike\/nb\/vrg24-vrg\/#primaryimage\"},\"thumbnailUrl\":\"https:\/\/lh7-us.googleusercontent.com\/8LukKv_BBAfS7atLNzbQW2hWh2uJ4Gg0uBZ_A1L0w5F4dfpO9LVy5XLzjqMabYH3y_FnabAy9hm7xMEI7q5-A8MRmJzSCXTP3Gh7vrtNfHPZafDV9R2X0JS6Ir_6IIS6tBPiOPr4pWvwUGyruF2BBgI\",\"datePublished\":\"2023-11-24T15:33:15+00:00\",\"dateModified\":\"2023-11-25T17:06:46+00:00\",\"breadcrumb\":{\"@id\":\"https:\/\/inzain.bike\/nb\/vrg24-vrg\/#breadcrumb\"},\"inLanguage\":\"de\",\"potentialAction\":[{\"@type\":\"ReadAction\",\"target\":[\"https:\/\/inzain.bike\/nb\/vrg24-vrg\/\"]}]},{\"@type\":\"ImageObject\",\"inLanguage\":\"de\",\"@id\":\"https:\/\/inzain.bike\/nb\/vrg24-vrg\/#primaryimage\",\"url\":\"https:\/\/lh7-us.googleusercontent.com\/8LukKv_BBAfS7atLNzbQW2hWh2uJ4Gg0uBZ_A1L0w5F4dfpO9LVy5XLzjqMabYH3y_FnabAy9hm7xMEI7q5-A8MRmJzSCXTP3Gh7vrtNfHPZafDV9R2X0JS6Ir_6IIS6tBPiOPr4pWvwUGyruF2BBgI\",\"contentUrl\":\"https:\/\/lh7-us.googleusercontent.com\/8LukKv_BBAfS7atLNzbQW2hWh2uJ4Gg0uBZ_A1L0w5F4dfpO9LVy5XLzjqMabYH3y_FnabAy9hm7xMEI7q5-A8MRmJzSCXTP3Gh7vrtNfHPZafDV9R2X0JS6Ir_6IIS6tBPiOPr4pWvwUGyruF2BBgI\"},{\"@type\":\"BreadcrumbList\",\"@id\":\"https:\/\/inzain.bike\/nb\/vrg24-vrg\/#breadcrumb\",\"itemListElement\":[{\"@type\":\"ListItem\",\"position\":1,\"name\":\"Hem\",\"item\":\"https:\/\/inzain.bike\/fr_be\/\"},{\"@type\":\"ListItem\",\"position\":2,\"name\":\"VRG 4 Dagar\"}]},{\"@type\":\"WebSite\",\"@id\":\"https:\/\/inzain.bike\/fr_be\/#website\",\"url\":\"https:\/\/inzain.bike\/fr_be\/\",\"name\":\"INZAIN Cycling EXPERIENCES\",\"description\":\"Cyckling Adventures  - for everyone\",\"publisher\":{\"@id\":\"https:\/\/inzain.bike\/fr_be\/#organization\"},\"alternateName\":\"INZAIN Gravel & Travel\",\"potentialAction\":[{\"@type\":\"SearchAction\",\"target\":{\"@type\":\"EntryPoint\",\"urlTemplate\":\"https:\/\/inzain.bike\/fr_be\/?s={search_term_string}\"},\"query-input\":{\"@type\":\"PropertyValueSpecification\",\"valueRequired\":true,\"valueName\":\"search_term_string\"}}],\"inLanguage\":\"de\"},{\"@type\":\"Organization\",\"@id\":\"https:\/\/inzain.bike\/fr_be\/#organization\",\"name\":\"INZAIN Cycling EXPERIENCES\",\"url\":\"https:\/\/inzain.bike\/fr_be\/\",\"logo\":{\"@type\":\"ImageObject\",\"inLanguage\":\"de\",\"@id\":\"https:\/\/inzain.bike\/fr_be\/#\/schema\/logo\/image\/\",\"url\":\"https:\/\/i0.wp.com\/inzain.bike\/wp-content\/uploads\/2023\/09\/cropped-INZAIN_512x512_white.png?fit=512%2C512&ssl=1\",\"contentUrl\":\"https:\/\/i0.wp.com\/inzain.bike\/wp-content\/uploads\/2023\/09\/cropped-INZAIN_512x512_white.png?fit=512%2C512&ssl=1\",\"width\":512,\"height\":512,\"caption\":\"INZAIN Cycling EXPERIENCES\"},\"image\":{\"@id\":\"https:\/\/inzain.bike\/fr_be\/#\/schema\/logo\/image\/\"},\"sameAs\":[\"https:\/\/www.facebook.com\/Inzain.bike\",\"https:\/\/www.instagram.com\/inzainbike\"]}]}<\/script>\n<!-- \/ Yoast SEO plugin. -->","yoast_head_json":{"title":"VRG 4 Tage - INZAIN Cycling EXPERIENCES","robots":{"index":"index","follow":"follow","max-snippet":"max-snippet:-1","max-image-preview":"max-image-preview:large","max-video-preview":"max-video-preview:-1"},"canonical":"https:\/\/inzain.bike\/de\/vrg24-vrg\/","og_locale":"de_DE","og_type":"article","og_title":"VRG 4 Dagar - INZAIN Cycling EXPERIENCES","og_description":"F\u00f6ljebil. I den kommer det finnas lite reservdelar, extra d\u00e4ck, pump mm. Du kan ha EN bag i bilen. Den kommer transporteras till hotellet, s\u00e5 du beh\u00f6ver inte ha packning p\u00e5 cykeln om du inte vill.F\u00f6ljebilen blir en r\u00e4ddningsbil om n\u00e5got g\u00e5r p\u00e5 tok.All information om detta finns i Riders Guide. Dag EttStart i \u00d6desh\u00f6g [&hellip;]","og_url":"https:\/\/inzain.bike\/de\/vrg24-vrg\/","og_site_name":"INZAIN Cycling EXPERIENCES","article_publisher":"https:\/\/www.facebook.com\/Inzain.bike","article_modified_time":"2023-11-25T17:06:46+00:00","og_image":[{"url":"https:\/\/lh7-us.googleusercontent.com\/8LukKv_BBAfS7atLNzbQW2hWh2uJ4Gg0uBZ_A1L0w5F4dfpO9LVy5XLzjqMabYH3y_FnabAy9hm7xMEI7q5-A8MRmJzSCXTP3Gh7vrtNfHPZafDV9R2X0JS6Ir_6IIS6tBPiOPr4pWvwUGyruF2BBgI","type":"","width":"","height":""}],"twitter_card":"summary_large_image","twitter_misc":{"Gesch\u00e4tzte Lesezeit":"3\u00a0Minuten"},"schema":{"@context":"https:\/\/schema.org","@graph":[{"@type":"WebPage","@id":"https:\/\/inzain.bike\/nb\/vrg24-vrg\/","url":"https:\/\/inzain.bike\/nb\/vrg24-vrg\/","name":"VRG 4 Tage - INZAIN Cycling EXPERIENCES","isPartOf":{"@id":"https:\/\/inzain.bike\/fr_be\/#website"},"primaryImageOfPage":{"@id":"https:\/\/inzain.bike\/nb\/vrg24-vrg\/#primaryimage"},"image":{"@id":"https:\/\/inzain.bike\/nb\/vrg24-vrg\/#primaryimage"},"thumbnailUrl":"https:\/\/lh7-us.googleusercontent.com\/8LukKv_BBAfS7atLNzbQW2hWh2uJ4Gg0uBZ_A1L0w5F4dfpO9LVy5XLzjqMabYH3y_FnabAy9hm7xMEI7q5-A8MRmJzSCXTP3Gh7vrtNfHPZafDV9R2X0JS6Ir_6IIS6tBPiOPr4pWvwUGyruF2BBgI","datePublished":"2023-11-24T15:33:15+00:00","dateModified":"2023-11-25T17:06:46+00:00","breadcrumb":{"@id":"https:\/\/inzain.bike\/nb\/vrg24-vrg\/#breadcrumb"},"inLanguage":"de","potentialAction":[{"@type":"ReadAction","target":["https:\/\/inzain.bike\/nb\/vrg24-vrg\/"]}]},{"@type":"ImageObject","inLanguage":"de","@id":"https:\/\/inzain.bike\/nb\/vrg24-vrg\/#primaryimage","url":"https:\/\/lh7-us.googleusercontent.com\/8LukKv_BBAfS7atLNzbQW2hWh2uJ4Gg0uBZ_A1L0w5F4dfpO9LVy5XLzjqMabYH3y_FnabAy9hm7xMEI7q5-A8MRmJzSCXTP3Gh7vrtNfHPZafDV9R2X0JS6Ir_6IIS6tBPiOPr4pWvwUGyruF2BBgI","contentUrl":"https:\/\/lh7-us.googleusercontent.com\/8LukKv_BBAfS7atLNzbQW2hWh2uJ4Gg0uBZ_A1L0w5F4dfpO9LVy5XLzjqMabYH3y_FnabAy9hm7xMEI7q5-A8MRmJzSCXTP3Gh7vrtNfHPZafDV9R2X0JS6Ir_6IIS6tBPiOPr4pWvwUGyruF2BBgI"},{"@type":"BreadcrumbList","@id":"https:\/\/inzain.bike\/nb\/vrg24-vrg\/#breadcrumb","itemListElement":[{"@type":"ListItem","position":1,"name":"Hem","item":"https:\/\/inzain.bike\/fr_be\/"},{"@type":"ListItem","position":2,"name":"VRG 4 Dagar"}]},{"@type":"WebSite","@id":"https:\/\/inzain.bike\/fr_be\/#website","url":"https:\/\/inzain.bike\/fr_be\/","name":"INZAIN-Raderlebnisse","description":"Radabenteuer \u2013 f\u00fcr jedermann","publisher":{"@id":"https:\/\/inzain.bike\/fr_be\/#organization"},"alternateName":"INZAIN Gravel & Travel","potentialAction":[{"@type":"SearchAction","target":{"@type":"EntryPoint","urlTemplate":"https:\/\/inzain.bike\/fr_be\/?s={search_term_string}"},"query-input":{"@type":"PropertyValueSpecification","valueRequired":true,"valueName":"search_term_string"}}],"inLanguage":"de"},{"@type":"Organization","@id":"https:\/\/inzain.bike\/fr_be\/#organization","name":"INZAIN-Raderlebnisse","url":"https:\/\/inzain.bike\/fr_be\/","logo":{"@type":"ImageObject","inLanguage":"de","@id":"https:\/\/inzain.bike\/fr_be\/#\/schema\/logo\/image\/","url":"https:\/\/i0.wp.com\/inzain.bike\/wp-content\/uploads\/2023\/09\/cropped-INZAIN_512x512_white.png?fit=512%2C512&ssl=1","contentUrl":"https:\/\/i0.wp.com\/inzain.bike\/wp-content\/uploads\/2023\/09\/cropped-INZAIN_512x512_white.png?fit=512%2C512&ssl=1","width":512,"height":512,"caption":"INZAIN Cycling EXPERIENCES"},"image":{"@id":"https:\/\/inzain.bike\/fr_be\/#\/schema\/logo\/image\/"},"sameAs":["https:\/\/www.facebook.com\/Inzain.bike","https:\/\/www.instagram.com\/inzainbike"]}]}},"amp_enabled":true,"_links":{"self":[{"href":"https:\/\/inzain.bike\/de\/wp-json\/wp\/v2\/pages\/5963","targetHints":{"allow":["GET"]}}],"collection":[{"href":"https:\/\/inzain.bike\/de\/wp-json\/wp\/v2\/pages"}],"about":[{"href":"https:\/\/inzain.bike\/de\/wp-json\/wp\/v2\/types\/page"}],"author":[{"embeddable":true,"href":"https:\/\/inzain.bike\/de\/wp-json\/wp\/v2\/users\/135133094"}],"replies":[{"embeddable":true,"href":"https:\/\/inzain.bike\/de\/wp-json\/wp\/v2\/comments?post=5963"}],"version-history":[{"count":0,"href":"https:\/\/inzain.bike\/de\/wp-json\/wp\/v2\/pages\/5963\/revisions"}],"wp:attachment":[{"href":"https:\/\/inzain.bike\/de\/wp-json\/wp\/v2\/media?parent=5963"}],"curies":[{"name":"wp","href":"https:\/\/api.w.org\/{rel}","templated":true}]}}