{"id":6172,"date":"2023-11-25T20:33:28","date_gmt":"2023-11-25T19:33:28","guid":{"rendered":"https:\/\/inzain.bike\/?page_id=6172"},"modified":"2024-01-08T10:51:51","modified_gmt":"2024-01-08T09:51:51","slug":"jap24-cykling","status":"publish","type":"page","link":"https:\/\/inzain.bike\/de\/jap24-cykling\/","title":{"rendered":"Japan Radfahren"},"content":{"rendered":"<div class=\"wp-block-columns alignwide is-layout-flex wp-container-core-columns-is-layout-28f84493 wp-block-columns-is-layout-flex\">\n<div class=\"wp-block-column is-layout-flow wp-block-column-is-layout-flow\">\n<p class=\"has-roboto-font-family has-custom-font\" style=\"font-family:Roboto\">In Japan ist alles freundlich und bescheiden, auch das Radfahren. Wir bleiben daher oft unter 10 Meilen pro Tag und rund 1.000 H\u00f6henmetern. Die Gegend n\u00f6rdlich von Nikko ist absolut fantastisch und der dortige Nationalpark steht nat\u00fcrlich auf der UNESCO-Liste. Wir werden in einer Umgebung radeln, die von Wasserf\u00e4llen, Seen, Bergd\u00f6rfern, Tempeln und Kl\u00f6stern umgeben ist. Um dieses Gebiet auf einfachste Weise zu beschreiben, \u00e4hnelt es tats\u00e4chlich einer Szene aus \u201eDer Herr der Ringe\u201c und dann nat\u00fcrlich Lorien, der Heimat der Elfen.<\/p>\n\n\n\n<p class=\"has-roboto-font-family has-custom-font\" style=\"font-family:Roboto\">Wir werden uns auf Stra\u00dfen mit sehr wenig Verkehr bewegen. Und wenn wir Autos treffen, sind sie sehr r\u00fccksichtsvoll. Die meisten Tage enden mit einem wunderbaren Bad in einer der vielen hei\u00dfen Quellen\/Onsen in der Umgebung. <\/p>\n<\/div>\n<\/div>\n\n\n\n<p class=\"has-text-align-left has-roboto-font-family has-custom-font has-custom-weight\" style=\"font-family:Roboto;font-weight:bold;font-size:30px\">Zeitplan<\/p>\n\n\n\n<div class=\"wp-block-columns alignwide is-layout-flex wp-container-core-columns-is-layout-28f84493 wp-block-columns-is-layout-flex\">\n<div class=\"wp-block-column is-layout-flow wp-block-column-is-layout-flow\">\n<figure class=\"wp-block-image size-full\"><img decoding=\"async\" src=\"https:\/\/inzain.bike\/wp-content\/uploads\/2024\/01\/pexels-axp-photography-18848782.jpg\" alt=\"\" class=\"wp-image-6585\"\/><\/figure>\n<\/div>\n\n\n\n<div class=\"wp-block-column is-layout-flow wp-block-column-is-layout-flow\">\n<p><strong>Tag eins <\/strong><\/p>\n\n\n\n<p>Nach einem fr\u00fchen Start mit dem Bus von unserem Hotel in Tokio erreichen wir den Ausgangspunkt der Reise, Nikko. Bevor wir Richtung Chuzenji-See rollen, besuchen wir nat\u00fcrlich einen der vielen Tempel in Nikko. Dieser Tag ist etwas ruhiger, es stehen ca. 5 Meilen auf dem Programm.<\/p>\n<\/div>\n<\/div>\n\n\n\n<div class=\"wp-block-columns alignwide is-layout-flex wp-container-core-columns-is-layout-28f84493 wp-block-columns-is-layout-flex\">\n<div class=\"wp-block-column is-layout-flow wp-block-column-is-layout-flow\">\n<p><strong>Tag zwei <\/strong><\/p>\n\n\n\n<p>Nach einem herrlichen Fr\u00fchst\u00fcck unten am Chuzenji-See, der auch See des Gl\u00fccks genannt wird, machen wir uns auf den Weg nach Osten in Richtung Kawai, wo wir in Ichityukaku \u00fcbernachten und die herrlichen Onsen-B\u00e4der genie\u00dfen k\u00f6nnen.<\/p>\n<\/div>\n\n\n\n<div class=\"wp-block-column is-layout-flow wp-block-column-is-layout-flow\">\n<figure class=\"wp-block-image size-full\"><img decoding=\"async\" src=\"https:\/\/inzain.bike\/wp-content\/uploads\/2024\/01\/pexels-ryutaro-tsukata-6249515.jpg\" alt=\"\" class=\"wp-image-6587\"\/><\/figure>\n<\/div>\n<\/div>\n\n\n\n<div class=\"wp-block-columns alignwide is-layout-flex wp-container-core-columns-is-layout-28f84493 wp-block-columns-is-layout-flex\">\n<div class=\"wp-block-column is-layout-flow wp-block-column-is-layout-flow\">\n<figure class=\"wp-block-image size-full is-resized\"><img decoding=\"async\" src=\"https:\/\/inzain.bike\/wp-content\/uploads\/2024\/01\/pexels-satoshi-hirayama-1876568.jpg\" alt=\"\" class=\"wp-image-6588\" style=\"width:350px;height:auto\"\/><\/figure>\n<\/div>\n\n\n\n<div class=\"wp-block-column is-layout-flow wp-block-column-is-layout-flow\">\n<p><strong>Tag drei <\/strong><\/p>\n\n\n\n<p>Nach zwei etwas ruhigeren Tagen fahren wir nun direkt nach Osten in Richtung Kitakata. Die Stadt und die Gegend sind f\u00fcr ihre Sake-Produktion bekannt. Wenn wir es noch nicht ausprobiert haben, wird es f\u00fcr viele von uns sicherlich ein Zielbild sein. Heute ist die Radtour etwas l\u00e4nger, 9 Meilen und 800 H\u00f6henmeter.<\/p>\n<\/div>\n<\/div>\n\n\n\n<div class=\"wp-block-columns alignwide is-layout-flex wp-container-core-columns-is-layout-28f84493 wp-block-columns-is-layout-flex\">\n<div class=\"wp-block-column is-layout-flow wp-block-column-is-layout-flow\">\n<p><strong>Tag vier <\/strong><\/p>\n\n\n\n<p>Heute Morgen starten wir etwas fr\u00fcher. Unser Ziel ist die Stadt Nagai, die fast 12 Meilen n\u00f6rdlich liegt. Deshalb ist das Radfahren heute etwas anspruchsvoller, denn die wundersch\u00f6nen Bergh\u00e4nge haben uns heute insgesamt fast 1.800 H\u00f6henmeter auf und ab gef\u00fchrt. Eine hei\u00dfe Quelle und kaltes lokales Bier erwarten Sie!!<\/p>\n<\/div>\n\n\n\n<div class=\"wp-block-column is-layout-flow wp-block-column-is-layout-flow\">\n<figure class=\"wp-block-image size-full\"><img decoding=\"async\" src=\"https:\/\/inzain.bike\/wp-content\/uploads\/2024\/01\/pexels-rajesh-tp-2098085.jpg\" alt=\"\" class=\"wp-image-6589\"\/><\/figure>\n<\/div>\n<\/div>\n\n\n\n<div class=\"wp-block-columns alignwide is-layout-flex wp-container-core-columns-is-layout-28f84493 wp-block-columns-is-layout-flex\">\n<div class=\"wp-block-column is-layout-flow wp-block-column-is-layout-flow\">\n<figure class=\"wp-block-image size-full\"><img decoding=\"async\" src=\"https:\/\/inzain.bike\/wp-content\/uploads\/2024\/01\/pexels-arthouse-studio-4534200.jpg\" alt=\"\" class=\"wp-image-6590\"\/><\/figure>\n<\/div>\n\n\n\n<div class=\"wp-block-column is-layout-flow wp-block-column-is-layout-flow\">\n<p><strong>Tag f\u00fcnf <\/strong><\/p>\n\n\n\n<p>Heute etwas ruhiger nach der gestrigen Entlassung. Heute ist er weniger als 10 Meilen lang und kaum 600 Meter hoch. Trotzdem ist es herrlich sch\u00f6n, auf diesem Plateau zu starten und uns dann hinunter in Richtung Shinjo zu bringen. <\/p>\n<\/div>\n<\/div>\n\n\n\n<div class=\"wp-block-columns alignwide is-layout-flex wp-container-core-columns-is-layout-28f84493 wp-block-columns-is-layout-flex\">\n<div class=\"wp-block-column is-layout-flow wp-block-column-is-layout-flow\">\n<p><strong>Tag sechs <\/strong><\/p>\n\n\n\n<p>Heute ist das Radfahren etwas anspruchsvoller, denn wir fahren geradeaus nach Osten in Richtung Ichinoseki. 11 Meilen und fast 1.200 H\u00f6henmeter. Aber bis dahin sind wir v\u00f6llig akklimatisiert und in die Wunderbarkeit des einfachen \u201eSeins\u201c eingetaucht. Und essen, fahren und schlafen.<\/p>\n<\/div>\n\n\n\n<div class=\"wp-block-column is-layout-flow wp-block-column-is-layout-flow\">\n<figure class=\"wp-block-image size-full\"><img decoding=\"async\" src=\"https:\/\/inzain.bike\/wp-content\/uploads\/2024\/01\/pexels-aleksandar-pasaric-2339009.jpg\" alt=\"\" class=\"wp-image-6591\"\/><\/figure>\n<\/div>\n<\/div>\n\n\n\n<div class=\"wp-block-columns is-layout-flex wp-container-core-columns-is-layout-28f84493 wp-block-columns-is-layout-flex\">\n<div class=\"wp-block-column is-layout-flow wp-block-column-is-layout-flow\" style=\"flex-basis:100%\">\n<p><br><\/p>\n\n\n\n<div class=\"wp-block-columns alignwide is-layout-flex wp-container-core-columns-is-layout-28f84493 wp-block-columns-is-layout-flex\">\n<div class=\"wp-block-column is-layout-flow wp-block-column-is-layout-flow\">\n<figure class=\"wp-block-image size-full\"><img decoding=\"async\" src=\"https:\/\/inzain.bike\/wp-content\/uploads\/2024\/01\/pexels-enric-cruz-lopez-9989617.jpg\" alt=\"\" class=\"wp-image-6592\"\/><\/figure>\n<\/div>\n\n\n\n<div class=\"wp-block-column is-layout-flow wp-block-column-is-layout-flow\">\n<p><strong>Tag <\/strong>Sieben<\/p>\n\n\n\n<p>Heute ist es eine ziemlich lange Radtour. 9 Meilen und 1.100 H\u00f6henmeter. Das Tagesziel ist die Stadt Nishiwaga. Und der wunderbar sch\u00f6ne Kinshu-See. Dies ist der letzte Radtag von morgens bis abends.  <\/p>\n<\/div>\n<\/div>\n<\/div>\n<\/div>\n\n\n\n<div class=\"wp-block-columns alignwide is-layout-flex wp-container-core-columns-is-layout-28f84493 wp-block-columns-is-layout-flex\">\n<div class=\"wp-block-column is-layout-flow wp-block-column-is-layout-flow\">\n<p><strong>Tag <\/strong>Acht<\/p>\n\n\n\n<p>Relativ fr\u00fcher Start von Nishiwaga. Heute radeln wir nur einen halben Tag. Unser Ziel ist die Stadt Morika, wo unser Expresszug\/Shinkansen, der uns zur\u00fcck nach Tokio bringt, auf uns wartet. Wenn wir Gl\u00fcck haben, haben wir beide Zeit, Morioka Reimen zu essen, die ber\u00fchmte Nudelsuppe, f\u00fcr die die Stadt bekannt ist. <\/p>\n\n\n\n<div class=\"wp-block-columns is-layout-flex wp-container-core-columns-is-layout-28f84493 wp-block-columns-is-layout-flex\">\n<div class=\"wp-block-column is-layout-flow wp-block-column-is-layout-flow\" style=\"flex-basis:100%\">\n<p><br><\/p>\n\n\n\n<div class=\"wp-block-columns alignwide is-layout-flex wp-container-core-columns-is-layout-28f84493 wp-block-columns-is-layout-flex\"><\/div>\n<\/div>\n<\/div>\n<\/div>\n\n\n\n<div class=\"wp-block-column is-layout-flow wp-block-column-is-layout-flow\">\n<figure class=\"wp-block-image size-full\"><img decoding=\"async\" src=\"https:\/\/inzain.bike\/wp-content\/uploads\/2024\/01\/pexels-justin-brinkhoff-5194487.jpg\" alt=\"\" class=\"wp-image-6593\"\/><\/figure>\n<\/div>\n<\/div>","protected":false},"excerpt":{"rendered":"<p>I Japan \u00e4r allt sn\u00e4llt och \u00f6dmjukt s\u00e5 \u00e4ven cyklingen. Vi h\u00e5ller oss d\u00e4rf\u00f6r ofta under 10 mil om dagen och runt 1.000 h\u00f6jdmeter. Omr\u00e5det norr om Nikko \u00e4r helt fantastiskt och nationalparken d\u00e4r \u00e4r sj\u00e4lvklart med p\u00e5 UNESCOS lista. Vi kommer att cykla i en milj\u00f6 som \u00e4r omgiven av vattenfall, sj\u00f6ar, bergsbyar, tempel [&hellip;]<\/p>\n","protected":false},"author":135133094,"featured_media":0,"parent":0,"menu_order":0,"comment_status":"closed","ping_status":"closed","template":"","meta":{"_coblocks_attr":"","_coblocks_dimensions":"","_coblocks_responsive_height":"","_coblocks_accordion_ie_support":"","footnotes":""},"class_list":["post-6172","page","type-page","status-publish","hentry"],"yoast_head":"<!-- This site is optimized with the Yoast SEO plugin v27.2 - https:\/\/yoast.com\/product\/yoast-seo-wordpress\/ -->\n<title>Japan Cykling - INZAIN Cycling EXPERIENCES<\/title>\n<meta name=\"robots\" content=\"index, follow, max-snippet:-1, max-image-preview:large, max-video-preview:-1\" \/>\n<link rel=\"canonical\" href=\"https:\/\/inzain.bike\/de\/jap24-cykling\/\" \/>\n<meta property=\"og:locale\" content=\"de_DE\" \/>\n<meta property=\"og:type\" content=\"article\" \/>\n<meta property=\"og:title\" content=\"Japan Cykling - INZAIN Cycling EXPERIENCES\" \/>\n<meta property=\"og:description\" content=\"I Japan \u00e4r allt sn\u00e4llt och \u00f6dmjukt s\u00e5 \u00e4ven cyklingen. Vi h\u00e5ller oss d\u00e4rf\u00f6r ofta under 10 mil om dagen och runt 1.000 h\u00f6jdmeter. Omr\u00e5det norr om Nikko \u00e4r helt fantastiskt och nationalparken d\u00e4r \u00e4r sj\u00e4lvklart med p\u00e5 UNESCOS lista. Vi kommer att cykla i en milj\u00f6 som \u00e4r omgiven av vattenfall, sj\u00f6ar, bergsbyar, tempel [&hellip;]\" \/>\n<meta property=\"og:url\" content=\"https:\/\/inzain.bike\/de\/jap24-cykling\/\" \/>\n<meta property=\"og:site_name\" content=\"INZAIN Cycling EXPERIENCES\" \/>\n<meta property=\"article:publisher\" content=\"https:\/\/www.facebook.com\/Inzain.bike\" \/>\n<meta property=\"article:modified_time\" content=\"2024-01-08T09:51:51+00:00\" \/>\n<meta property=\"og:image\" content=\"https:\/\/inzain.bike\/wp-content\/uploads\/2024\/01\/pexels-axp-photography-18848782.jpg\" \/>\n<meta name=\"twitter:card\" content=\"summary_large_image\" \/>\n<meta name=\"twitter:label1\" content=\"Gesch\u00e4tzte Lesezeit\" \/>\n\t<meta name=\"twitter:data1\" content=\"4\u00a0Minuten\" \/>\n<script type=\"application\/ld+json\" class=\"yoast-schema-graph\">{\"@context\":\"https:\/\/schema.org\",\"@graph\":[{\"@type\":\"WebPage\",\"@id\":\"https:\/\/inzain.bike\/en_gb\/jap24-cykling\/\",\"url\":\"https:\/\/inzain.bike\/en_gb\/jap24-cykling\/\",\"name\":\"Japan Cykling - INZAIN Cycling EXPERIENCES\",\"isPartOf\":{\"@id\":\"https:\/\/inzain.bike\/fr_be\/#website\"},\"primaryImageOfPage\":{\"@id\":\"https:\/\/inzain.bike\/en_gb\/jap24-cykling\/#primaryimage\"},\"image\":{\"@id\":\"https:\/\/inzain.bike\/en_gb\/jap24-cykling\/#primaryimage\"},\"thumbnailUrl\":\"https:\/\/inzain.bike\/wp-content\/uploads\/2024\/01\/pexels-axp-photography-18848782.jpg\",\"datePublished\":\"2023-11-25T19:33:28+00:00\",\"dateModified\":\"2024-01-08T09:51:51+00:00\",\"breadcrumb\":{\"@id\":\"https:\/\/inzain.bike\/en_gb\/jap24-cykling\/#breadcrumb\"},\"inLanguage\":\"de\",\"potentialAction\":[{\"@type\":\"ReadAction\",\"target\":[\"https:\/\/inzain.bike\/en_gb\/jap24-cykling\/\"]}]},{\"@type\":\"ImageObject\",\"inLanguage\":\"de\",\"@id\":\"https:\/\/inzain.bike\/en_gb\/jap24-cykling\/#primaryimage\",\"url\":\"https:\/\/inzain.bike\/wp-content\/uploads\/2024\/01\/pexels-axp-photography-18848782.jpg\",\"contentUrl\":\"https:\/\/inzain.bike\/wp-content\/uploads\/2024\/01\/pexels-axp-photography-18848782.jpg\"},{\"@type\":\"BreadcrumbList\",\"@id\":\"https:\/\/inzain.bike\/en_gb\/jap24-cykling\/#breadcrumb\",\"itemListElement\":[{\"@type\":\"ListItem\",\"position\":1,\"name\":\"Hem\",\"item\":\"https:\/\/inzain.bike\/fr_be\/\"},{\"@type\":\"ListItem\",\"position\":2,\"name\":\"Japan Cykling\"}]},{\"@type\":\"WebSite\",\"@id\":\"https:\/\/inzain.bike\/fr_be\/#website\",\"url\":\"https:\/\/inzain.bike\/fr_be\/\",\"name\":\"INZAIN Cycling EXPERIENCES\",\"description\":\"Cyckling Adventures  - for everyone\",\"publisher\":{\"@id\":\"https:\/\/inzain.bike\/fr_be\/#organization\"},\"alternateName\":\"INZAIN Gravel & Travel\",\"potentialAction\":[{\"@type\":\"SearchAction\",\"target\":{\"@type\":\"EntryPoint\",\"urlTemplate\":\"https:\/\/inzain.bike\/fr_be\/?s={search_term_string}\"},\"query-input\":{\"@type\":\"PropertyValueSpecification\",\"valueRequired\":true,\"valueName\":\"search_term_string\"}}],\"inLanguage\":\"de\"},{\"@type\":\"Organization\",\"@id\":\"https:\/\/inzain.bike\/fr_be\/#organization\",\"name\":\"INZAIN Cycling EXPERIENCES\",\"url\":\"https:\/\/inzain.bike\/fr_be\/\",\"logo\":{\"@type\":\"ImageObject\",\"inLanguage\":\"de\",\"@id\":\"https:\/\/inzain.bike\/fr_be\/#\/schema\/logo\/image\/\",\"url\":\"https:\/\/i0.wp.com\/inzain.bike\/wp-content\/uploads\/2023\/09\/cropped-INZAIN_512x512_white.png?fit=512%2C512&ssl=1\",\"contentUrl\":\"https:\/\/i0.wp.com\/inzain.bike\/wp-content\/uploads\/2023\/09\/cropped-INZAIN_512x512_white.png?fit=512%2C512&ssl=1\",\"width\":512,\"height\":512,\"caption\":\"INZAIN Cycling EXPERIENCES\"},\"image\":{\"@id\":\"https:\/\/inzain.bike\/fr_be\/#\/schema\/logo\/image\/\"},\"sameAs\":[\"https:\/\/www.facebook.com\/Inzain.bike\",\"https:\/\/www.instagram.com\/inzainbike\"]}]}<\/script>\n<!-- \/ Yoast SEO plugin. -->","yoast_head_json":{"title":"Radfahren in Japan - INZAIN Cycling EXPERIENCES","robots":{"index":"index","follow":"follow","max-snippet":"max-snippet:-1","max-image-preview":"max-image-preview:large","max-video-preview":"max-video-preview:-1"},"canonical":"https:\/\/inzain.bike\/de\/jap24-cykling\/","og_locale":"de_DE","og_type":"article","og_title":"Japan Cykling - INZAIN Cycling EXPERIENCES","og_description":"I Japan \u00e4r allt sn\u00e4llt och \u00f6dmjukt s\u00e5 \u00e4ven cyklingen. Vi h\u00e5ller oss d\u00e4rf\u00f6r ofta under 10 mil om dagen och runt 1.000 h\u00f6jdmeter. Omr\u00e5det norr om Nikko \u00e4r helt fantastiskt och nationalparken d\u00e4r \u00e4r sj\u00e4lvklart med p\u00e5 UNESCOS lista. Vi kommer att cykla i en milj\u00f6 som \u00e4r omgiven av vattenfall, sj\u00f6ar, bergsbyar, tempel [&hellip;]","og_url":"https:\/\/inzain.bike\/de\/jap24-cykling\/","og_site_name":"INZAIN Cycling EXPERIENCES","article_publisher":"https:\/\/www.facebook.com\/Inzain.bike","article_modified_time":"2024-01-08T09:51:51+00:00","og_image":[{"url":"https:\/\/inzain.bike\/wp-content\/uploads\/2024\/01\/pexels-axp-photography-18848782.jpg","type":"","width":"","height":""}],"twitter_card":"summary_large_image","twitter_misc":{"Gesch\u00e4tzte Lesezeit":"4\u00a0Minuten"},"schema":{"@context":"https:\/\/schema.org","@graph":[{"@type":"WebPage","@id":"https:\/\/inzain.bike\/en_gb\/jap24-cykling\/","url":"https:\/\/inzain.bike\/en_gb\/jap24-cykling\/","name":"Radfahren in Japan - INZAIN Cycling EXPERIENCES","isPartOf":{"@id":"https:\/\/inzain.bike\/fr_be\/#website"},"primaryImageOfPage":{"@id":"https:\/\/inzain.bike\/en_gb\/jap24-cykling\/#primaryimage"},"image":{"@id":"https:\/\/inzain.bike\/en_gb\/jap24-cykling\/#primaryimage"},"thumbnailUrl":"https:\/\/inzain.bike\/wp-content\/uploads\/2024\/01\/pexels-axp-photography-18848782.jpg","datePublished":"2023-11-25T19:33:28+00:00","dateModified":"2024-01-08T09:51:51+00:00","breadcrumb":{"@id":"https:\/\/inzain.bike\/en_gb\/jap24-cykling\/#breadcrumb"},"inLanguage":"de","potentialAction":[{"@type":"ReadAction","target":["https:\/\/inzain.bike\/en_gb\/jap24-cykling\/"]}]},{"@type":"ImageObject","inLanguage":"de","@id":"https:\/\/inzain.bike\/en_gb\/jap24-cykling\/#primaryimage","url":"https:\/\/inzain.bike\/wp-content\/uploads\/2024\/01\/pexels-axp-photography-18848782.jpg","contentUrl":"https:\/\/inzain.bike\/wp-content\/uploads\/2024\/01\/pexels-axp-photography-18848782.jpg"},{"@type":"BreadcrumbList","@id":"https:\/\/inzain.bike\/en_gb\/jap24-cykling\/#breadcrumb","itemListElement":[{"@type":"ListItem","position":1,"name":"Hem","item":"https:\/\/inzain.bike\/fr_be\/"},{"@type":"ListItem","position":2,"name":"Japan Cykling"}]},{"@type":"WebSite","@id":"https:\/\/inzain.bike\/fr_be\/#website","url":"https:\/\/inzain.bike\/fr_be\/","name":"INZAIN-Raderlebnisse","description":"Radabenteuer \u2013 f\u00fcr jedermann","publisher":{"@id":"https:\/\/inzain.bike\/fr_be\/#organization"},"alternateName":"INZAIN Gravel & Travel","potentialAction":[{"@type":"SearchAction","target":{"@type":"EntryPoint","urlTemplate":"https:\/\/inzain.bike\/fr_be\/?s={search_term_string}"},"query-input":{"@type":"PropertyValueSpecification","valueRequired":true,"valueName":"search_term_string"}}],"inLanguage":"de"},{"@type":"Organization","@id":"https:\/\/inzain.bike\/fr_be\/#organization","name":"INZAIN-Raderlebnisse","url":"https:\/\/inzain.bike\/fr_be\/","logo":{"@type":"ImageObject","inLanguage":"de","@id":"https:\/\/inzain.bike\/fr_be\/#\/schema\/logo\/image\/","url":"https:\/\/i0.wp.com\/inzain.bike\/wp-content\/uploads\/2023\/09\/cropped-INZAIN_512x512_white.png?fit=512%2C512&ssl=1","contentUrl":"https:\/\/i0.wp.com\/inzain.bike\/wp-content\/uploads\/2023\/09\/cropped-INZAIN_512x512_white.png?fit=512%2C512&ssl=1","width":512,"height":512,"caption":"INZAIN Cycling EXPERIENCES"},"image":{"@id":"https:\/\/inzain.bike\/fr_be\/#\/schema\/logo\/image\/"},"sameAs":["https:\/\/www.facebook.com\/Inzain.bike","https:\/\/www.instagram.com\/inzainbike"]}]}},"amp_enabled":true,"_links":{"self":[{"href":"https:\/\/inzain.bike\/de\/wp-json\/wp\/v2\/pages\/6172","targetHints":{"allow":["GET"]}}],"collection":[{"href":"https:\/\/inzain.bike\/de\/wp-json\/wp\/v2\/pages"}],"about":[{"href":"https:\/\/inzain.bike\/de\/wp-json\/wp\/v2\/types\/page"}],"author":[{"embeddable":true,"href":"https:\/\/inzain.bike\/de\/wp-json\/wp\/v2\/users\/135133094"}],"replies":[{"embeddable":true,"href":"https:\/\/inzain.bike\/de\/wp-json\/wp\/v2\/comments?post=6172"}],"version-history":[{"count":0,"href":"https:\/\/inzain.bike\/de\/wp-json\/wp\/v2\/pages\/6172\/revisions"}],"wp:attachment":[{"href":"https:\/\/inzain.bike\/de\/wp-json\/wp\/v2\/media?parent=6172"}],"curies":[{"name":"wp","href":"https:\/\/api.w.org\/{rel}","templated":true}]}}