{"id":6189,"date":"2023-11-25T20:42:45","date_gmt":"2023-11-25T19:42:45","guid":{"rendered":"https:\/\/inzain.bike\/?page_id=6189"},"modified":"2024-01-17T22:49:06","modified_gmt":"2024-01-17T21:49:06","slug":"jap24-food","status":"publish","type":"page","link":"https:\/\/inzain.bike\/de\/jap24-food\/","title":{"rendered":"japanisches Essen"},"content":{"rendered":"<div class=\"wp-block-columns alignwide is-layout-flex wp-container-core-columns-is-layout-28f84493 wp-block-columns-is-layout-flex\">\n<div class=\"wp-block-column is-layout-flow wp-block-column-is-layout-flow\">\n<figure class=\"wp-block-image size-large\"><img loading=\"lazy\" decoding=\"async\" width=\"1024\" height=\"683\" src=\"https:\/\/inzain.bike\/wp-content\/uploads\/2024\/01\/pexels-cats-coming-1907228-1024x683.jpg\" alt=\"\" class=\"wp-image-6683\" srcset=\"https:\/\/inzain.bike\/wp-content\/uploads\/2024\/01\/pexels-cats-coming-1907228-1024x683.jpg 1024w, https:\/\/inzain.bike\/wp-content\/uploads\/2024\/01\/pexels-cats-coming-1907228-300x200.jpg 300w, https:\/\/inzain.bike\/wp-content\/uploads\/2024\/01\/pexels-cats-coming-1907228-768x512.jpg 768w, https:\/\/inzain.bike\/wp-content\/uploads\/2024\/01\/pexels-cats-coming-1907228-1536x1024.jpg 1536w, https:\/\/inzain.bike\/wp-content\/uploads\/2024\/01\/pexels-cats-coming-1907228-2048x1365.jpg 2048w, https:\/\/inzain.bike\/wp-content\/uploads\/2024\/01\/pexels-cats-coming-1907228-18x12.jpg 18w, https:\/\/inzain.bike\/wp-content\/uploads\/2024\/01\/pexels-cats-coming-1907228-1320x880.jpg 1320w, https:\/\/inzain.bike\/wp-content\/uploads\/2024\/01\/pexels-cats-coming-1907228-600x400.jpg 600w\" sizes=\"auto, (max-width: 1024px) 100vw, 1024px\" \/><\/figure>\n<\/div>\n\n\n\n<div class=\"wp-block-column is-layout-flow wp-block-column-is-layout-flow\">\n<div style=\"height:114px\" aria-hidden=\"true\" class=\"wp-block-spacer\"><\/div>\n\n\n\n<p class=\"has-roboto-font-family has-custom-font\" style=\"font-family:Roboto\">Japanisches Essen bedarf kaum einer weiteren Beschreibung oder Erkl\u00e4rung. Aber jeder von uns, der diese Reisen schon einmal gemacht hat, wei\u00df, wie gut es schmeckt, wie gut man sich f\u00fchlt und wie gut es dem K\u00f6rper zu tun scheint. Es kann kein Zufall sein, dass Japans Bev\u00f6lkerung zu den \u00e4ltesten der Welt geh\u00f6rt. Und ich denke, einer der Hauptgr\u00fcnde ist, dass Japan gro\u00dfen Wert darauf legt, dass alle Lebensmittel unraffiniert und unverarbeitet sind. <\/p>\n\n\n\n<pre id=\"tw-target-text\" class=\"wp-block-preformatted\"><\/pre>\n<\/div>\n<\/div>\n\n\n\n<div class=\"wp-block-columns alignwide is-layout-flex wp-container-core-columns-is-layout-28f84493 wp-block-columns-is-layout-flex\">\n<div class=\"wp-block-column is-layout-flow wp-block-column-is-layout-flow\">\n<h1 class=\"wp-block-heading\" id=\"h-Densvenskafikakulturen\">Sushi<\/h1>\n\n\n\n<p>Gut zu wissen vor der Reise:<\/p>\n\n\n\n<ol class=\"wp-block-list\">\n<li>Zu viel Soja zu verwenden gilt als unh\u00f6flich<\/li>\n\n\n\n<li>Sushi ist unter anderem wegen seines Omega-3- und Vitamin A-Gehalts sehr n\u00fctzlich.<\/li>\n\n\n\n<li>Es ist in Ordnung, sowohl mit St\u00e4bchen als auch mit den H\u00e4nden zu essen.<\/li>\n\n\n\n<li>Im 12. Jahrhundert galt Sushi als so wertvoll, dass man damit Steuern zahlen konnte.<\/li>\n\n\n\n<li>Von Anfang an wurde der Reis nicht gegessen, er diente nur der Lagerung.<\/li>\n<\/ol>\n\n\n\n<p><\/p>\n<\/div>\n\n\n\n<div class=\"wp-block-column is-layout-flow wp-block-column-is-layout-flow\">\n<figure class=\"wp-block-image size-full\"><img decoding=\"async\" src=\"https:\/\/inzain.bike\/wp-content\/uploads\/2024\/01\/pexels-rajesh-tp-2098085-1.jpg\" alt=\"\" class=\"wp-image-6684\"\/><\/figure>\n<\/div>\n<\/div>","protected":false},"excerpt":{"rendered":"<p>Japansk mat beh\u00f6ver v\u00e4l knappt n\u00e5gon \u00f6vrig beskrivning eller f\u00f6rklaring. Men alla vi som varit med p\u00e5 dessa resor tidigare vet hur v\u00e4l det smakar, hur bra man m\u00e5r, och hur v\u00e4l det verkar g\u00f6ra kroppen. Kan inte vara en slump att Japans befolkning \u00e4r bland den \u00e4ldsta i v\u00e4rlden. Och en av de stora [&hellip;]<\/p>\n","protected":false},"author":135133094,"featured_media":0,"parent":0,"menu_order":0,"comment_status":"closed","ping_status":"closed","template":"","meta":{"_coblocks_attr":"","_coblocks_dimensions":"","_coblocks_responsive_height":"","_coblocks_accordion_ie_support":"","footnotes":""},"class_list":["post-6189","page","type-page","status-publish","hentry"],"yoast_head":"<!-- This site is optimized with the Yoast SEO plugin v27.2 - https:\/\/yoast.com\/product\/yoast-seo-wordpress\/ -->\n<title>Japan mat - INZAIN Cycling EXPERIENCES<\/title>\n<meta name=\"robots\" content=\"index, follow, max-snippet:-1, max-image-preview:large, max-video-preview:-1\" \/>\n<link rel=\"canonical\" href=\"https:\/\/inzain.bike\/de\/jap24-food\/\" \/>\n<meta property=\"og:locale\" content=\"de_DE\" \/>\n<meta property=\"og:type\" content=\"article\" \/>\n<meta property=\"og:title\" content=\"Japan mat - INZAIN Cycling EXPERIENCES\" \/>\n<meta property=\"og:description\" content=\"Japansk mat beh\u00f6ver v\u00e4l knappt n\u00e5gon \u00f6vrig beskrivning eller f\u00f6rklaring. Men alla vi som varit med p\u00e5 dessa resor tidigare vet hur v\u00e4l det smakar, hur bra man m\u00e5r, och hur v\u00e4l det verkar g\u00f6ra kroppen. Kan inte vara en slump att Japans befolkning \u00e4r bland den \u00e4ldsta i v\u00e4rlden. Och en av de stora [&hellip;]\" \/>\n<meta property=\"og:url\" content=\"https:\/\/inzain.bike\/de\/jap24-food\/\" \/>\n<meta property=\"og:site_name\" content=\"INZAIN Cycling EXPERIENCES\" \/>\n<meta property=\"article:publisher\" content=\"https:\/\/www.facebook.com\/Inzain.bike\" \/>\n<meta property=\"article:modified_time\" content=\"2024-01-17T21:49:06+00:00\" \/>\n<meta property=\"og:image\" content=\"https:\/\/inzain.bike\/wp-content\/uploads\/2024\/01\/pexels-cats-coming-1907228-1024x683.jpg\" \/>\n<meta name=\"twitter:card\" content=\"summary_large_image\" \/>\n<meta name=\"twitter:label1\" content=\"Gesch\u00e4tzte Lesezeit\" \/>\n\t<meta name=\"twitter:data1\" content=\"2\u00a0Minuten\" \/>\n<script type=\"application\/ld+json\" class=\"yoast-schema-graph\">{\"@context\":\"https:\/\/schema.org\",\"@graph\":[{\"@type\":\"WebPage\",\"@id\":\"https:\/\/inzain.bike\/nb\/jap24-food\/\",\"url\":\"https:\/\/inzain.bike\/nb\/jap24-food\/\",\"name\":\"Japan mat - INZAIN Cycling EXPERIENCES\",\"isPartOf\":{\"@id\":\"https:\/\/inzain.bike\/fr_be\/#website\"},\"primaryImageOfPage\":{\"@id\":\"https:\/\/inzain.bike\/nb\/jap24-food\/#primaryimage\"},\"image\":{\"@id\":\"https:\/\/inzain.bike\/nb\/jap24-food\/#primaryimage\"},\"thumbnailUrl\":\"https:\/\/inzain.bike\/wp-content\/uploads\/2024\/01\/pexels-cats-coming-1907228-1024x683.jpg\",\"datePublished\":\"2023-11-25T19:42:45+00:00\",\"dateModified\":\"2024-01-17T21:49:06+00:00\",\"breadcrumb\":{\"@id\":\"https:\/\/inzain.bike\/nb\/jap24-food\/#breadcrumb\"},\"inLanguage\":\"de\",\"potentialAction\":[{\"@type\":\"ReadAction\",\"target\":[\"https:\/\/inzain.bike\/nb\/jap24-food\/\"]}]},{\"@type\":\"ImageObject\",\"inLanguage\":\"de\",\"@id\":\"https:\/\/inzain.bike\/nb\/jap24-food\/#primaryimage\",\"url\":\"https:\/\/inzain.bike\/wp-content\/uploads\/2024\/01\/pexels-cats-coming-1907228-1024x683.jpg\",\"contentUrl\":\"https:\/\/inzain.bike\/wp-content\/uploads\/2024\/01\/pexels-cats-coming-1907228-1024x683.jpg\"},{\"@type\":\"BreadcrumbList\",\"@id\":\"https:\/\/inzain.bike\/nb\/jap24-food\/#breadcrumb\",\"itemListElement\":[{\"@type\":\"ListItem\",\"position\":1,\"name\":\"Hem\",\"item\":\"https:\/\/inzain.bike\/fr_be\/\"},{\"@type\":\"ListItem\",\"position\":2,\"name\":\"Japan mat\"}]},{\"@type\":\"WebSite\",\"@id\":\"https:\/\/inzain.bike\/fr_be\/#website\",\"url\":\"https:\/\/inzain.bike\/fr_be\/\",\"name\":\"INZAIN Cycling EXPERIENCES\",\"description\":\"Cyckling Adventures  - for everyone\",\"publisher\":{\"@id\":\"https:\/\/inzain.bike\/fr_be\/#organization\"},\"alternateName\":\"INZAIN Gravel & Travel\",\"potentialAction\":[{\"@type\":\"SearchAction\",\"target\":{\"@type\":\"EntryPoint\",\"urlTemplate\":\"https:\/\/inzain.bike\/fr_be\/?s={search_term_string}\"},\"query-input\":{\"@type\":\"PropertyValueSpecification\",\"valueRequired\":true,\"valueName\":\"search_term_string\"}}],\"inLanguage\":\"de\"},{\"@type\":\"Organization\",\"@id\":\"https:\/\/inzain.bike\/fr_be\/#organization\",\"name\":\"INZAIN Cycling EXPERIENCES\",\"url\":\"https:\/\/inzain.bike\/fr_be\/\",\"logo\":{\"@type\":\"ImageObject\",\"inLanguage\":\"de\",\"@id\":\"https:\/\/inzain.bike\/fr_be\/#\/schema\/logo\/image\/\",\"url\":\"https:\/\/i0.wp.com\/inzain.bike\/wp-content\/uploads\/2023\/09\/cropped-INZAIN_512x512_white.png?fit=512%2C512&ssl=1\",\"contentUrl\":\"https:\/\/i0.wp.com\/inzain.bike\/wp-content\/uploads\/2023\/09\/cropped-INZAIN_512x512_white.png?fit=512%2C512&ssl=1\",\"width\":512,\"height\":512,\"caption\":\"INZAIN Cycling EXPERIENCES\"},\"image\":{\"@id\":\"https:\/\/inzain.bike\/fr_be\/#\/schema\/logo\/image\/\"},\"sameAs\":[\"https:\/\/www.facebook.com\/Inzain.bike\",\"https:\/\/www.instagram.com\/inzainbike\"]}]}<\/script>\n<!-- \/ Yoast SEO plugin. -->","yoast_head_json":{"title":"Japanisches Essen - INZAIN Cycling EXPERIENCES","robots":{"index":"index","follow":"follow","max-snippet":"max-snippet:-1","max-image-preview":"max-image-preview:large","max-video-preview":"max-video-preview:-1"},"canonical":"https:\/\/inzain.bike\/de\/jap24-food\/","og_locale":"de_DE","og_type":"article","og_title":"Japan mat - INZAIN Cycling EXPERIENCES","og_description":"Japansk mat beh\u00f6ver v\u00e4l knappt n\u00e5gon \u00f6vrig beskrivning eller f\u00f6rklaring. Men alla vi som varit med p\u00e5 dessa resor tidigare vet hur v\u00e4l det smakar, hur bra man m\u00e5r, och hur v\u00e4l det verkar g\u00f6ra kroppen. Kan inte vara en slump att Japans befolkning \u00e4r bland den \u00e4ldsta i v\u00e4rlden. Och en av de stora [&hellip;]","og_url":"https:\/\/inzain.bike\/de\/jap24-food\/","og_site_name":"INZAIN Cycling EXPERIENCES","article_publisher":"https:\/\/www.facebook.com\/Inzain.bike","article_modified_time":"2024-01-17T21:49:06+00:00","og_image":[{"url":"https:\/\/inzain.bike\/wp-content\/uploads\/2024\/01\/pexels-cats-coming-1907228-1024x683.jpg","type":"","width":"","height":""}],"twitter_card":"summary_large_image","twitter_misc":{"Gesch\u00e4tzte Lesezeit":"2\u00a0Minuten"},"schema":{"@context":"https:\/\/schema.org","@graph":[{"@type":"WebPage","@id":"https:\/\/inzain.bike\/nb\/jap24-food\/","url":"https:\/\/inzain.bike\/nb\/jap24-food\/","name":"Japanisches Essen - INZAIN Cycling EXPERIENCES","isPartOf":{"@id":"https:\/\/inzain.bike\/fr_be\/#website"},"primaryImageOfPage":{"@id":"https:\/\/inzain.bike\/nb\/jap24-food\/#primaryimage"},"image":{"@id":"https:\/\/inzain.bike\/nb\/jap24-food\/#primaryimage"},"thumbnailUrl":"https:\/\/inzain.bike\/wp-content\/uploads\/2024\/01\/pexels-cats-coming-1907228-1024x683.jpg","datePublished":"2023-11-25T19:42:45+00:00","dateModified":"2024-01-17T21:49:06+00:00","breadcrumb":{"@id":"https:\/\/inzain.bike\/nb\/jap24-food\/#breadcrumb"},"inLanguage":"de","potentialAction":[{"@type":"ReadAction","target":["https:\/\/inzain.bike\/nb\/jap24-food\/"]}]},{"@type":"ImageObject","inLanguage":"de","@id":"https:\/\/inzain.bike\/nb\/jap24-food\/#primaryimage","url":"https:\/\/inzain.bike\/wp-content\/uploads\/2024\/01\/pexels-cats-coming-1907228-1024x683.jpg","contentUrl":"https:\/\/inzain.bike\/wp-content\/uploads\/2024\/01\/pexels-cats-coming-1907228-1024x683.jpg"},{"@type":"BreadcrumbList","@id":"https:\/\/inzain.bike\/nb\/jap24-food\/#breadcrumb","itemListElement":[{"@type":"ListItem","position":1,"name":"Hem","item":"https:\/\/inzain.bike\/fr_be\/"},{"@type":"ListItem","position":2,"name":"Japan mat"}]},{"@type":"WebSite","@id":"https:\/\/inzain.bike\/fr_be\/#website","url":"https:\/\/inzain.bike\/fr_be\/","name":"INZAIN-Raderlebnisse","description":"Radabenteuer \u2013 f\u00fcr jedermann","publisher":{"@id":"https:\/\/inzain.bike\/fr_be\/#organization"},"alternateName":"INZAIN Gravel & Travel","potentialAction":[{"@type":"SearchAction","target":{"@type":"EntryPoint","urlTemplate":"https:\/\/inzain.bike\/fr_be\/?s={search_term_string}"},"query-input":{"@type":"PropertyValueSpecification","valueRequired":true,"valueName":"search_term_string"}}],"inLanguage":"de"},{"@type":"Organization","@id":"https:\/\/inzain.bike\/fr_be\/#organization","name":"INZAIN-Raderlebnisse","url":"https:\/\/inzain.bike\/fr_be\/","logo":{"@type":"ImageObject","inLanguage":"de","@id":"https:\/\/inzain.bike\/fr_be\/#\/schema\/logo\/image\/","url":"https:\/\/i0.wp.com\/inzain.bike\/wp-content\/uploads\/2023\/09\/cropped-INZAIN_512x512_white.png?fit=512%2C512&ssl=1","contentUrl":"https:\/\/i0.wp.com\/inzain.bike\/wp-content\/uploads\/2023\/09\/cropped-INZAIN_512x512_white.png?fit=512%2C512&ssl=1","width":512,"height":512,"caption":"INZAIN Cycling EXPERIENCES"},"image":{"@id":"https:\/\/inzain.bike\/fr_be\/#\/schema\/logo\/image\/"},"sameAs":["https:\/\/www.facebook.com\/Inzain.bike","https:\/\/www.instagram.com\/inzainbike"]}]}},"amp_enabled":true,"_links":{"self":[{"href":"https:\/\/inzain.bike\/de\/wp-json\/wp\/v2\/pages\/6189","targetHints":{"allow":["GET"]}}],"collection":[{"href":"https:\/\/inzain.bike\/de\/wp-json\/wp\/v2\/pages"}],"about":[{"href":"https:\/\/inzain.bike\/de\/wp-json\/wp\/v2\/types\/page"}],"author":[{"embeddable":true,"href":"https:\/\/inzain.bike\/de\/wp-json\/wp\/v2\/users\/135133094"}],"replies":[{"embeddable":true,"href":"https:\/\/inzain.bike\/de\/wp-json\/wp\/v2\/comments?post=6189"}],"version-history":[{"count":0,"href":"https:\/\/inzain.bike\/de\/wp-json\/wp\/v2\/pages\/6189\/revisions"}],"wp:attachment":[{"href":"https:\/\/inzain.bike\/de\/wp-json\/wp\/v2\/media?parent=6189"}],"curies":[{"name":"wp","href":"https:\/\/api.w.org\/{rel}","templated":true}]}}