{"id":67,"date":"2021-03-25T15:39:17","date_gmt":"2021-03-25T14:39:17","guid":{"rendered":"https:\/\/inzain.bike\/?page_id=67"},"modified":"2023-08-30T10:54:30","modified_gmt":"2023-08-30T08:54:30","slug":"event","status":"publish","type":"page","link":"https:\/\/inzain.bike\/de\/event\/","title":{"rendered":"Veranstaltungen"},"content":{"rendered":"<p>Ziel von INZAIN Gravel ist es, erstklassige Gravel-Events zu organisieren.<\/p>\n\n\n\n<p>Wir m\u00f6chten fantastische Routen, feinen Kaffee und einen Fokus auf Sicherheit und Freude bieten. Gleichzeitig wird wahrscheinlich jeder von uns durch die Herausforderung, schneller und weiter zu radeln als zuvor, angeregt.<br><br><strong>Veranstaltungen f\u00fcr 2023<\/strong><\/p>\n\n\n\n<p><s><a href=\"https:\/\/inzain.bike\/de\/inzain-casacalma-gran-canaria-gravel-camp\/\">27. Januar \u2013 4. Februar Gran Canaria Gravel Camp<\/a> <\/s>ERLEDIGT<br> <s><a href=\"https:\/\/inzain.bike\/de\/lanzarote-gravel-camp-2023\/\">20.-27. Februar Lanzarote Gravel Camp<\/a><\/s>ERLEDIGT<br><s><a href=\"https:\/\/inzain.bike\/de\/inzain-mallorca-camp-easter-2023\/\">7.-16. April Mallorca Gravel Camp<\/a><\/s> ERLEDIGT<br><s><a href=\"https:\/\/inzain.bike\/de\/girona-gravel-camp-2023\/\">6.-14. Mai Girona Gravel Camp<\/a> <\/s>ERLEDIGT<br> <s><a href=\"https:\/\/inzain.bike\/de\/sormland-gravel-camp\/\">20.-21. Mai S\u00f6rmland Gravel Camp<\/a><\/s> ERLEDIGT<br> <s><a href=\"https:\/\/inzain.bike\/de\/finland-gravel-randonee\/\">3. bis 6. Juni Finnland-Gravel-Tour<\/a><\/s> ERLEDIGT<br> <s><a href=\"https:\/\/inzain.bike\/de\/dalsland-gravel-camp\/\">17.-18. Juni Dalsland Gravel Camp<\/a><\/s> ERLEDIGT <br> <s><a href=\"https:\/\/inzain.bike\/de\/inzain-solstice-gravel-ride-2023\/\">22.\u201323. Juni Sonnenwendefahrt<\/a><\/s> ERLEDIGT<br><s><a href=\"https:\/\/inzain.bike\/de\/savenfors-gravel-camp\/\">29.-30. Juli S\u00e4venfors Gravel Camp<\/a><\/s> ERLEDIGT<br><s><a href=\"https:\/\/inzain.bike\/de\/vattern-runt-gravel-tour\/\">11.-13. August V\u00e4ttern Runt, auf Schotter!<\/a><\/s> ERLEDIGT<br><s><a href=\"https:\/\/inzain.bike\/de\/bubo-falun-gravel-weekend\/\">25.-27. August BuBo Bubo Gravel Camp Falun<\/a><\/s> ERLEDIGT<br>\n<a href=\"https:\/\/inzain.bike\/de\/gotland-gravel-camp-2023\/\">21.-24. September Gotland Aur Camp<\/a> NOCH NOCH EINIGE PL\u00c4TZE<br>\n<a href=\"https:\/\/inzain.bike\/de\/toscana-gravel-tour-2023\/\">7. bis 15. Oktober: Schottertour durch die Toskana<\/a>AUSGEBUCHT<br><\/p>\n\n\n\n<p><strong>Veranstaltung, die wir im Jahr 2022 organisiert haben<\/strong><\/p>\n\n\n\n<p><a href=\"https:\/\/inzain.bike\/de\/inzain-lanzarote-gravel-2022\/\">14.-21. Februar Lanzarote Gravel<\/a><br><a href=\"https:\/\/inzain.bike\/de\/inzain-mallorca-camp-easter-2022\/\">8.-18. April 2022 Mallorca Gravel Camp<\/a><br><a href=\"https:\/\/inzain.bike\/de\/inzain-ostergotland-gravel-camp\/\">14.-15. Mai \u00d6sterg\u00f6tland Gravel Weekend<\/a><br><a href=\"https:\/\/inzain.bike\/de\/falun-gravel-weekend\/\">21.-22. Mai Falun Kieslager<\/a><br><a href=\"https:\/\/inzain.bike\/de\/inzain-skane-gravel-adventure\/\">4. bis 6. Juni Sk\u00e5ne Gravel Tour<\/a><br><a href=\"https:\/\/inzain.bike\/de\/inzain-orebro-gravel-camp\/\">18.-19. Juni Bergslagen Gravel Weekend<\/a><br><a href=\"https:\/\/inzain.bike\/de\/inzain-solstice-gravel-ride\/\">23. Juni Sonnenwendefahrt Stockholm<\/a><br><a href=\"https:\/\/inzain.bike\/de\/inzain-smaland-gravel-camp\/\">13.-14. August Sm\u00e5land Gravel Weekend<\/a><br>\n<a href=\"https:\/\/inzain.bike\/de\/inzain-toscana-gravel-tour-2022\/\">8. bis 16. Oktober Toskana-Kies Randonn\u00e9e<\/a><\/p>\n\n\n\n<p><br><strong>Veranstaltung, die wir im Jahr 2021 organisiert haben<\/strong>:<br>W\u00e4hrend der warmen Jahreszeit organisierten wir einen Ausflug an einem Wochentag abends und eine etwas l\u00e4ngere Strecke am Wochenende. Die meisten davon im M\u00e4lardalen. Die Fahrten waren zwischen 70 und 140 km lang, oft mit der M\u00f6glichkeit der Verk\u00fcrzung und immer zusammen.<\/p>\n\n\n\n<p>Hier seht ihr eine kleine Odyssee \u00fcber das Gravel-Jahr 2021.<\/p>\n\n\n\n<figure class=\"wp-block-embed is-type-video is-provider-youtube wp-block-embed-youtube wp-embed-aspect-16-9 wp-has-aspect-ratio\"><div class=\"wp-block-embed__wrapper\">\n<iframe loading=\"lazy\" title=\"Schotter 2021\" width=\"500\" height=\"281\" src=\"https:\/\/www.youtube.com\/embed\/oHZObhfHCC0?feature=oembed\" frameborder=\"0\" allow=\"accelerometer; autoplay; clipboard-write; encrypted-media; gyroscope; picture-in-picture; web-share\" referrerpolicy=\"strict-origin-when-cross-origin\" allowfullscreen><\/iframe>\n<\/div><figcaption class=\"wp-element-caption\">2021 Inzain Gravel<\/figcaption><\/figure>\n\n\n\n<p><br><br><br><strong>Gran Canaria im Februar 2021<\/strong><\/p>\n\n\n\n<p>Pioniere bei GC zusammen mit Carl-Johan Paulin. Wirklich sch\u00f6n, aber auch hart.<br>Hier ist ein Film \u00fcber das Abenteuer.<\/p>\n\n\n\n<figure class=\"wp-block-embed is-type-video is-provider-youtube wp-block-embed-youtube wp-embed-aspect-16-9 wp-has-aspect-ratio\"><div class=\"wp-block-embed__wrapper\">\n<iframe loading=\"lazy\" title=\"Kanarischer Kies Aldea\" width=\"500\" height=\"281\" src=\"https:\/\/www.youtube.com\/embed\/Ju-kwHqkF3A?feature=oembed\" frameborder=\"0\" allow=\"accelerometer; autoplay; clipboard-write; encrypted-media; gyroscope; picture-in-picture; web-share\" referrerpolicy=\"strict-origin-when-cross-origin\" allowfullscreen><\/iframe>\n<\/div><figcaption class=\"wp-element-caption\">Giebel auf Gran Canaria<\/figcaption><\/figure>\n\n\n\n<p><br><\/p>\n\n\n\n<p><strong>IGG200 Juli 2021<\/strong><\/p>\n\n\n\n<p><em>F\u00fcr die meisten Menschen kann es sich unerschwinglich, ja einfach wahnsinnig weit anf\u00fchlen, 100 Meilen oder ca. 160 km auf unbefestigten Stra\u00dfen und Wegen zu radeln. Eine sogenannte \u201eCentury-Fahrt\u201c und dann ganze 200 Meilen bzw. 322 Kilometer mit dem Rad zur\u00fcckzulegen, ist einfach verr\u00fcckt weit. Einfach <\/em>INZAIN!  <\/p>\n\n\n\n<p>Wir haben Ende Juli 2021 zu einem sogenannten \u201eDouble Century Gravel Grinder\u201c in die Gegend um Uppsala eingeladen. Dabei konnte zwischen den Distanzen 50, 100 und 200 Meilen oder 80, 161 und 322 km gew\u00e4hlt werden.<\/p>\n\n\n\n<p><a href=\"https:\/\/inzain.bike\/de\/inzain-200-100-50-mile-gravel-grinder\/\">Inzain 200 Mile Gravel Uppland Juli 2021<\/a><\/p>\n\n\n\n<p>Die Landschaft rund um Uppsala, Uppland, bietet im Allgemeinen ein recht \u201efreundliches\u201c Gel\u00e4nde, weshalb wir dachten, dass viele Menschen es bei Tageslicht zu unserem \u201eDouble Century\u201c schaffen w\u00fcrden. Bis Ende Juli waren die Schatten jedoch etwas l\u00e4nger und die Tage k\u00fcrzer geworden, sodass es doch eine echte Herausforderung war.<\/p>\n\n\n\n<p>Wir setzten zwei Gruppen von Radfahrern los, einige bei 100 Meilen (161 km) und andere bei 200 Meilen (322 km). Es war ein unglaublich sch\u00f6ner und auch warmer Tag. 27 Grad am Nachmittag hinterlie\u00dfen bei den Teilnehmern ihre Spuren. Wir, die wir an der Box waren, haben wahrscheinlich noch nie so begeisterte Teilnehmer getroffen. Das Radfahren verlief gut und die meisten schafften es schlie\u00dflich bis zur Ziellinie. Die zweite H\u00e4lfte der langen Runde war wahrscheinlich die h\u00e4rteste. Mehrere Abschnitte waren mit neuem Grobkies bedeckt, was die Fahrt zus\u00e4tzlich erschwerte. Dennoch unternahmen die mutigen Teilnehmer mehrere heldenhafte Anstrengungen.<br><br><br><strong>Schotter auf Mallorca im Oktober 2021<\/strong><\/p>\n\n\n\n<p>Inzain hat im Oktober 2021 eine Reise nach Mallorca mit fantastischem Gravel organisiert. Wir waren im April beim Angeln und hatten jetzt etwas ganz Besonderes geschaffen.<br><br>Lesen Sie hier alles: <a href=\"https:\/\/inzain.bike\/de\/mallorca-gravel-oktober-2021\/\">https:\/\/inzain.bike\/mallorca-gravel-oktober-2021\/<\/a><\/p>\n\n\n\n<p><\/p>","protected":false},"excerpt":{"rendered":"<p>INZAIN Gravel har som m\u00e5ls\u00e4ttning att arrangera h\u00f6gklassiga Gravel-event. Vi vill erbjuda fantastiska rutter, fina fikor och fokus p\u00e5 s\u00e4kerhet och gl\u00e4dje. Samtidigt triggas vi v\u00e4l var och en av att utmana oss sj\u00e4lva till att cykla b\u00e5de snabbare och l\u00e4ngre \u00e4n f\u00f6rut. Event f\u00f6r 2023 27 jan &#8211; 4 februari Gran Canaria Gravel Camp [&hellip;]<\/p>\n","protected":false},"author":135133094,"featured_media":0,"parent":0,"menu_order":0,"comment_status":"closed","ping_status":"closed","template":"","meta":{"_coblocks_attr":"","_coblocks_dimensions":"","_coblocks_responsive_height":"","_coblocks_accordion_ie_support":"","footnotes":""},"class_list":["post-67","page","type-page","status-publish","hentry"],"yoast_head":"<!-- This site is optimized with the Yoast SEO plugin v27.2 - https:\/\/yoast.com\/product\/yoast-seo-wordpress\/ -->\n<title>Event - INZAIN Cycling EXPERIENCES<\/title>\n<meta name=\"robots\" content=\"index, follow, max-snippet:-1, max-image-preview:large, max-video-preview:-1\" \/>\n<link rel=\"canonical\" href=\"https:\/\/inzain.bike\/de\/event\/\" \/>\n<meta property=\"og:locale\" content=\"de_DE\" \/>\n<meta property=\"og:type\" content=\"article\" \/>\n<meta property=\"og:title\" content=\"Event - INZAIN Cycling EXPERIENCES\" \/>\n<meta property=\"og:description\" content=\"INZAIN Gravel har som m\u00e5ls\u00e4ttning att arrangera h\u00f6gklassiga Gravel-event. Vi vill erbjuda fantastiska rutter, fina fikor och fokus p\u00e5 s\u00e4kerhet och gl\u00e4dje. Samtidigt triggas vi v\u00e4l var och en av att utmana oss sj\u00e4lva till att cykla b\u00e5de snabbare och l\u00e4ngre \u00e4n f\u00f6rut. Event f\u00f6r 2023 27 jan &#8211; 4 februari Gran Canaria Gravel Camp [&hellip;]\" \/>\n<meta property=\"og:url\" content=\"https:\/\/inzain.bike\/de\/event\/\" \/>\n<meta property=\"og:site_name\" content=\"INZAIN Cycling EXPERIENCES\" \/>\n<meta property=\"article:publisher\" content=\"https:\/\/www.facebook.com\/Inzain.bike\" \/>\n<meta property=\"article:modified_time\" content=\"2023-08-30T08:54:30+00:00\" \/>\n<meta name=\"twitter:card\" content=\"summary_large_image\" \/>\n<meta name=\"twitter:label1\" content=\"Gesch\u00e4tzte Lesezeit\" \/>\n\t<meta name=\"twitter:data1\" content=\"3\u00a0Minuten\" \/>\n<script type=\"application\/ld+json\" class=\"yoast-schema-graph\">{\"@context\":\"https:\/\/schema.org\",\"@graph\":[{\"@type\":\"WebPage\",\"@id\":\"https:\/\/inzain.bike\/en\/event\/\",\"url\":\"https:\/\/inzain.bike\/en\/event\/\",\"name\":\"Event - INZAIN Cycling EXPERIENCES\",\"isPartOf\":{\"@id\":\"https:\/\/inzain.bike\/fr_be\/#website\"},\"datePublished\":\"2021-03-25T14:39:17+00:00\",\"dateModified\":\"2023-08-30T08:54:30+00:00\",\"breadcrumb\":{\"@id\":\"https:\/\/inzain.bike\/en\/event\/#breadcrumb\"},\"inLanguage\":\"de\",\"potentialAction\":[{\"@type\":\"ReadAction\",\"target\":[\"https:\/\/inzain.bike\/en\/event\/\"]}]},{\"@type\":\"BreadcrumbList\",\"@id\":\"https:\/\/inzain.bike\/en\/event\/#breadcrumb\",\"itemListElement\":[{\"@type\":\"ListItem\",\"position\":1,\"name\":\"Hem\",\"item\":\"https:\/\/inzain.bike\/fr_be\/\"},{\"@type\":\"ListItem\",\"position\":2,\"name\":\"Event\"}]},{\"@type\":\"WebSite\",\"@id\":\"https:\/\/inzain.bike\/fr_be\/#website\",\"url\":\"https:\/\/inzain.bike\/fr_be\/\",\"name\":\"INZAIN Cycling EXPERIENCES\",\"description\":\"Cyckling Adventures  - for everyone\",\"publisher\":{\"@id\":\"https:\/\/inzain.bike\/fr_be\/#organization\"},\"alternateName\":\"INZAIN Gravel & Travel\",\"potentialAction\":[{\"@type\":\"SearchAction\",\"target\":{\"@type\":\"EntryPoint\",\"urlTemplate\":\"https:\/\/inzain.bike\/fr_be\/?s={search_term_string}\"},\"query-input\":{\"@type\":\"PropertyValueSpecification\",\"valueRequired\":true,\"valueName\":\"search_term_string\"}}],\"inLanguage\":\"de\"},{\"@type\":\"Organization\",\"@id\":\"https:\/\/inzain.bike\/fr_be\/#organization\",\"name\":\"INZAIN Cycling EXPERIENCES\",\"url\":\"https:\/\/inzain.bike\/fr_be\/\",\"logo\":{\"@type\":\"ImageObject\",\"inLanguage\":\"de\",\"@id\":\"https:\/\/inzain.bike\/fr_be\/#\/schema\/logo\/image\/\",\"url\":\"https:\/\/i0.wp.com\/inzain.bike\/wp-content\/uploads\/2023\/09\/cropped-INZAIN_512x512_white.png?fit=512%2C512&ssl=1\",\"contentUrl\":\"https:\/\/i0.wp.com\/inzain.bike\/wp-content\/uploads\/2023\/09\/cropped-INZAIN_512x512_white.png?fit=512%2C512&ssl=1\",\"width\":512,\"height\":512,\"caption\":\"INZAIN Cycling EXPERIENCES\"},\"image\":{\"@id\":\"https:\/\/inzain.bike\/fr_be\/#\/schema\/logo\/image\/\"},\"sameAs\":[\"https:\/\/www.facebook.com\/Inzain.bike\",\"https:\/\/www.instagram.com\/inzainbike\"]}]}<\/script>\n<!-- \/ Yoast SEO plugin. -->","yoast_head_json":{"title":"Veranstaltung - INZAIN Cycling EXPERIENCES","robots":{"index":"index","follow":"follow","max-snippet":"max-snippet:-1","max-image-preview":"max-image-preview:large","max-video-preview":"max-video-preview:-1"},"canonical":"https:\/\/inzain.bike\/de\/event\/","og_locale":"de_DE","og_type":"article","og_title":"Event - INZAIN Cycling EXPERIENCES","og_description":"INZAIN Gravel har som m\u00e5ls\u00e4ttning att arrangera h\u00f6gklassiga Gravel-event. Vi vill erbjuda fantastiska rutter, fina fikor och fokus p\u00e5 s\u00e4kerhet och gl\u00e4dje. Samtidigt triggas vi v\u00e4l var och en av att utmana oss sj\u00e4lva till att cykla b\u00e5de snabbare och l\u00e4ngre \u00e4n f\u00f6rut. Event f\u00f6r 2023 27 jan &#8211; 4 februari Gran Canaria Gravel Camp [&hellip;]","og_url":"https:\/\/inzain.bike\/de\/event\/","og_site_name":"INZAIN Cycling EXPERIENCES","article_publisher":"https:\/\/www.facebook.com\/Inzain.bike","article_modified_time":"2023-08-30T08:54:30+00:00","twitter_card":"summary_large_image","twitter_misc":{"Gesch\u00e4tzte Lesezeit":"3\u00a0Minuten"},"schema":{"@context":"https:\/\/schema.org","@graph":[{"@type":"WebPage","@id":"https:\/\/inzain.bike\/en\/event\/","url":"https:\/\/inzain.bike\/en\/event\/","name":"Veranstaltung - INZAIN Cycling EXPERIENCES","isPartOf":{"@id":"https:\/\/inzain.bike\/fr_be\/#website"},"datePublished":"2021-03-25T14:39:17+00:00","dateModified":"2023-08-30T08:54:30+00:00","breadcrumb":{"@id":"https:\/\/inzain.bike\/en\/event\/#breadcrumb"},"inLanguage":"de","potentialAction":[{"@type":"ReadAction","target":["https:\/\/inzain.bike\/en\/event\/"]}]},{"@type":"BreadcrumbList","@id":"https:\/\/inzain.bike\/en\/event\/#breadcrumb","itemListElement":[{"@type":"ListItem","position":1,"name":"Hem","item":"https:\/\/inzain.bike\/fr_be\/"},{"@type":"ListItem","position":2,"name":"Event"}]},{"@type":"WebSite","@id":"https:\/\/inzain.bike\/fr_be\/#website","url":"https:\/\/inzain.bike\/fr_be\/","name":"INZAIN-Raderlebnisse","description":"Radabenteuer \u2013 f\u00fcr jedermann","publisher":{"@id":"https:\/\/inzain.bike\/fr_be\/#organization"},"alternateName":"INZAIN Gravel & Travel","potentialAction":[{"@type":"SearchAction","target":{"@type":"EntryPoint","urlTemplate":"https:\/\/inzain.bike\/fr_be\/?s={search_term_string}"},"query-input":{"@type":"PropertyValueSpecification","valueRequired":true,"valueName":"search_term_string"}}],"inLanguage":"de"},{"@type":"Organization","@id":"https:\/\/inzain.bike\/fr_be\/#organization","name":"INZAIN-Raderlebnisse","url":"https:\/\/inzain.bike\/fr_be\/","logo":{"@type":"ImageObject","inLanguage":"de","@id":"https:\/\/inzain.bike\/fr_be\/#\/schema\/logo\/image\/","url":"https:\/\/i0.wp.com\/inzain.bike\/wp-content\/uploads\/2023\/09\/cropped-INZAIN_512x512_white.png?fit=512%2C512&ssl=1","contentUrl":"https:\/\/i0.wp.com\/inzain.bike\/wp-content\/uploads\/2023\/09\/cropped-INZAIN_512x512_white.png?fit=512%2C512&ssl=1","width":512,"height":512,"caption":"INZAIN Cycling EXPERIENCES"},"image":{"@id":"https:\/\/inzain.bike\/fr_be\/#\/schema\/logo\/image\/"},"sameAs":["https:\/\/www.facebook.com\/Inzain.bike","https:\/\/www.instagram.com\/inzainbike"]}]}},"amp_enabled":true,"_links":{"self":[{"href":"https:\/\/inzain.bike\/de\/wp-json\/wp\/v2\/pages\/67","targetHints":{"allow":["GET"]}}],"collection":[{"href":"https:\/\/inzain.bike\/de\/wp-json\/wp\/v2\/pages"}],"about":[{"href":"https:\/\/inzain.bike\/de\/wp-json\/wp\/v2\/types\/page"}],"author":[{"embeddable":true,"href":"https:\/\/inzain.bike\/de\/wp-json\/wp\/v2\/users\/135133094"}],"replies":[{"embeddable":true,"href":"https:\/\/inzain.bike\/de\/wp-json\/wp\/v2\/comments?post=67"}],"version-history":[{"count":0,"href":"https:\/\/inzain.bike\/de\/wp-json\/wp\/v2\/pages\/67\/revisions"}],"wp:attachment":[{"href":"https:\/\/inzain.bike\/de\/wp-json\/wp\/v2\/media?parent=67"}],"curies":[{"name":"wp","href":"https:\/\/api.w.org\/{rel}","templated":true}]}}