{"id":7054,"date":"2024-03-19T08:28:26","date_gmt":"2024-03-19T07:28:26","guid":{"rendered":"https:\/\/inzain.bike\/?page_id=7054"},"modified":"2024-03-19T08:28:29","modified_gmt":"2024-03-19T07:28:29","slug":"cal24-about","status":"publish","type":"page","link":"https:\/\/inzain.bike\/de\/cal24-about\/","title":{"rendered":"\u00dcber Kalifornien"},"content":{"rendered":"<div class=\"wp-block-columns alignwide is-layout-flex wp-container-core-columns-is-layout-28f84493 wp-block-columns-is-layout-flex\">\n<div class=\"wp-block-column is-layout-flow wp-block-column-is-layout-flow\">\n<p class=\"has-roboto-font-family has-custom-font\" style=\"font-family:Roboto\"><strong>Toskana <\/strong>Viele halten sie f\u00fcr eine der sch\u00f6nsten Landschaften Italiens. Die toskanische K\u00fcche ist weltweit bekannt, ebenso wie die erlesenen Weine der Region aus den Bezirken Chianti, Morellino di Scansano und Brunello di Montalcino. Eine vergleichsweise gro\u00dfe Anzahl italienischer K\u00fcnstler und Schriftsteller der Renaissance stammten hier, weshalb die Toskana als Zentrum der europ\u00e4ischen Kulturentwicklung w\u00e4hrend der Renaissance bezeichnet werden kann.<\/p>\n\n\n\n<figure class=\"wp-block-image size-large\"><img loading=\"lazy\" decoding=\"async\" width=\"925\" height=\"1024\" src=\"https:\/\/inzain.bike\/wp-content\/uploads\/2023\/11\/1920px-Map_of_region_of_Tuscany_Italy_with_provinces-it.svg_-925x1024.png\" alt=\"\" class=\"wp-image-5598\" srcset=\"https:\/\/inzain.bike\/wp-content\/uploads\/2023\/11\/1920px-Map_of_region_of_Tuscany_Italy_with_provinces-it.svg_-925x1024.png 925w, https:\/\/inzain.bike\/wp-content\/uploads\/2023\/11\/1920px-Map_of_region_of_Tuscany_Italy_with_provinces-it.svg_-271x300.png 271w, https:\/\/inzain.bike\/wp-content\/uploads\/2023\/11\/1920px-Map_of_region_of_Tuscany_Italy_with_provinces-it.svg_-768x850.png 768w, https:\/\/inzain.bike\/wp-content\/uploads\/2023\/11\/1920px-Map_of_region_of_Tuscany_Italy_with_provinces-it.svg_-1388x1536.png 1388w, https:\/\/inzain.bike\/wp-content\/uploads\/2023\/11\/1920px-Map_of_region_of_Tuscany_Italy_with_provinces-it.svg_-1850x2048.png 1850w, https:\/\/inzain.bike\/wp-content\/uploads\/2023\/11\/1920px-Map_of_region_of_Tuscany_Italy_with_provinces-it.svg_-11x12.png 11w, https:\/\/inzain.bike\/wp-content\/uploads\/2023\/11\/1920px-Map_of_region_of_Tuscany_Italy_with_provinces-it.svg_-1320x1461.png 1320w, https:\/\/inzain.bike\/wp-content\/uploads\/2023\/11\/1920px-Map_of_region_of_Tuscany_Italy_with_provinces-it.svg_-600x664.png 600w, https:\/\/inzain.bike\/wp-content\/uploads\/2023\/11\/1920px-Map_of_region_of_Tuscany_Italy_with_provinces-it.svg_.png 1920w\" sizes=\"auto, (max-width: 925px) 100vw, 925px\" \/><\/figure>\n\n\n\n<p>Die Toskana hat alles, was wir als Synonym f\u00fcr Italien betrachten: eine gr\u00fcne H\u00fcgellandschaft mit Zypressen, atemberaubende mittelalterliche St\u00e4dte, alte Burgen (von denen viele heute in Hotels umgewandelt wurden), mit Marmor geschm\u00fcckte Kl\u00f6ster, Weltklasse-Weine und fantastische K\u00fcche \u2013 denken Sie nur auf sch\u00f6n&nbsp;<em>bistecca fiorentina<\/em>, Bohneneintopf, Pasta und&nbsp;<em>panfort<\/em>. Dar\u00fcber hinaus gibt es mehrere interessante Kirchen und Kl\u00f6ster, in denen Sie Fresken und Mosaike aus der Renaissance bewundern k\u00f6nnen. <\/p>\n\n\n\n<p><strong>Siena<\/strong><\/p>\n\n\n\n<figure class=\"wp-block-image size-large\"><img loading=\"lazy\" decoding=\"async\" width=\"1024\" height=\"564\" src=\"https:\/\/inzain.bike\/wp-content\/uploads\/2023\/11\/20210311182031-enit-siena-1-1024x564.png\" alt=\"\" class=\"wp-image-5615\" srcset=\"https:\/\/inzain.bike\/wp-content\/uploads\/2023\/11\/20210311182031-enit-siena-1-1024x564.png 1024w, https:\/\/inzain.bike\/wp-content\/uploads\/2023\/11\/20210311182031-enit-siena-1-300x165.png 300w, https:\/\/inzain.bike\/wp-content\/uploads\/2023\/11\/20210311182031-enit-siena-1-768x423.png 768w, https:\/\/inzain.bike\/wp-content\/uploads\/2023\/11\/20210311182031-enit-siena-1-1536x847.png 1536w, https:\/\/inzain.bike\/wp-content\/uploads\/2023\/11\/20210311182031-enit-siena-1-18x10.png 18w, https:\/\/inzain.bike\/wp-content\/uploads\/2023\/11\/20210311182031-enit-siena-1-1320x728.png 1320w, https:\/\/inzain.bike\/wp-content\/uploads\/2023\/11\/20210311182031-enit-siena-1-600x331.png 600w, https:\/\/inzain.bike\/wp-content\/uploads\/2023\/11\/20210311182031-enit-siena-1.png 1600w\" sizes=\"auto, (max-width: 1024px) 100vw, 1024px\" \/><\/figure>\n\n\n\n<p>Die Stadt war einst eine unabh\u00e4ngige Republik und hatte im sp\u00e4teren Mittelalter mehr Einwohner als Paris. Auch heute noch herrscht in der Stadt eine mittelalterliche Atmosph\u00e4re, und es gibt hier praktisch keinen Verkehr. Das hei\u00dft, Sie k\u00f6nnen in einem Ferienhaus etwas au\u00dferhalb der Stadt \u00fcbernachten und dann ins Zentrum gehen, um durch die gem\u00fctlichen kleinen Gassen zu schlendern, die sich von hier aus in die wundersch\u00f6ne Umgebung erstrecken Piazza del Campo. Es gibt zwei Dinge, die Sie in der Stadt unbedingt sehen m\u00fcssen: Zum einen die atemberaubende Kathedrale mit Zebrastreifen aus dem 13. Jahrhundert und all ihren Marmorgew\u00f6lben. Dar\u00fcber hinaus m\u00fcssen Sie auch den Palazzo Publico besichtigen, das Rathaus der Stadt am zentralen Platz, wo sich auch ein Museum befindet, in dem Sie Lorenzettis ber\u00fchmte Werke besichtigen k\u00f6nnen&nbsp;<em>Das gute Brett<\/em>. Sie k\u00f6nnen auch die 503 Stufen des Mangia-Turms hinaufsteigen und dort die herrliche Aussicht auf die Piazza del Campo genie\u00dfen.<\/p>\n\n\n\n<p><strong>Val d&#039;Orcia<\/strong><\/p>\n\n\n\n<p>Das Tal ist von einer h\u00fcgeligen Landschaft mit Lehmboden umgeben, der je nach Jahreszeit ein aufregendes Aussehen verleiht und sich in Gr\u00fcn, Gelb oder Braun ver\u00e4ndert. Nur ein einfacher Baum oder ein kleines Steinhaus st\u00f6rt das Bild. Viele dieser Steinh\u00e4user sind auf einem H\u00fcgel gebaut, von wo aus man die beste Aussicht hat, und den ersten Platz f\u00fcr die beste Aussicht erh\u00e4lt das Restaurant La Bandita. Hier kann man viele gute Bilder machen, aber seien Sie darauf vorbereitet, dass es in den Sommermonaten sehr hei\u00df und staubig sein kann.<\/p>\n\n\n\n<p><strong>Montalcino <\/strong><\/p>\n\n\n\n<p>Montalcino war lange Zeit der letzte Au\u00dfenposten der Sieneser gegen die R\u00f6mer und Montalcino mit seiner Festung hat viele Kriege \u00fcberstanden.<\/p>\n\n\n\n<p>Montalcino mit seiner umliegenden Gemeinde ist die Heimat des Weins und der DOCG-Appellation Brunello di Montalcino. Neben Brunello di Montalcino werden auch Rosso di Montalcino und Moscadello di Montalcino hergestellt. Rosso wird normalerweise auf \u00e4hnliche Weise wie ein Brunello-Wein hergestellt, aber die Trauben stammen von j\u00fcngeren Reben und die Reifung des Weins ist k\u00fcrzer, was auch bedeutet, dass der Wein nicht so lange reifen kann wie ein Brunello.<\/p>\n\n\n\n<figure class=\"wp-block-image alignright size-large\"><img loading=\"lazy\" decoding=\"async\" width=\"1024\" height=\"576\" src=\"https:\/\/inzain.bike\/wp-content\/uploads\/2023\/11\/rosso-di-montalcino-3774-1-3-1024x576.png\" alt=\"\" class=\"wp-image-5616\" srcset=\"https:\/\/inzain.bike\/wp-content\/uploads\/2023\/11\/rosso-di-montalcino-3774-1-3-1024x576.png 1024w, https:\/\/inzain.bike\/wp-content\/uploads\/2023\/11\/rosso-di-montalcino-3774-1-3-300x169.png 300w, https:\/\/inzain.bike\/wp-content\/uploads\/2023\/11\/rosso-di-montalcino-3774-1-3-768x432.png 768w, https:\/\/inzain.bike\/wp-content\/uploads\/2023\/11\/rosso-di-montalcino-3774-1-3-1536x863.png 1536w, https:\/\/inzain.bike\/wp-content\/uploads\/2023\/11\/rosso-di-montalcino-3774-1-3-2048x1151.png 2048w, https:\/\/inzain.bike\/wp-content\/uploads\/2023\/11\/rosso-di-montalcino-3774-1-3-18x10.png 18w, https:\/\/inzain.bike\/wp-content\/uploads\/2023\/11\/rosso-di-montalcino-3774-1-3-1320x742.png 1320w, https:\/\/inzain.bike\/wp-content\/uploads\/2023\/11\/rosso-di-montalcino-3774-1-3-600x337.png 600w\" sizes=\"auto, (max-width: 1024px) 100vw, 1024px\" \/><\/figure>\n\n\n\n<p><strong>Pienza<\/strong><\/p>\n\n\n\n<p>Diese kleine Landstadt ist so klein, dass man sie in f\u00fcnf Minuten zu Fu\u00df durchqueren kann \u2013 aber es gibt so viel Kunst und Architektur in der Stadt, dass man einen ganzen Tag dort bleiben k\u00f6nnte. Die Stadt wurde von Aenas Piccolomini, der sp\u00e4ter als Papst Pius II. bekannt wurde, gegr\u00fcndet oder vielleicht besser gesagt wiederentdeckt. Er stellte sich die Stadt als utopischen Ferienort auf dem Land vor, der als Modellstadt f\u00fcr alle anderen St\u00e4dte in der Toskana dienen w\u00fcrde \u2013 er vollendete sein Projekt jedoch nie. Man kann aber mehrere Geb\u00e4ude aus dem 15. und 16. Jahrhundert besichtigen, darunter mehrere Pal\u00e4ste, eine Kathedrale und ein Museum. Hier gibt es auch mehrere gute Restaurants, z.B. Falco und Latte di Luna.<\/p>\n\n\n\n<figure class=\"wp-block-image size-large\"><img loading=\"lazy\" decoding=\"async\" width=\"1024\" height=\"405\" src=\"https:\/\/inzain.bike\/wp-content\/uploads\/2023\/11\/pienza-view-1024x405.jpg\" alt=\"\" class=\"wp-image-5617\" srcset=\"https:\/\/inzain.bike\/wp-content\/uploads\/2023\/11\/pienza-view-1024x405.jpg 1024w, https:\/\/inzain.bike\/wp-content\/uploads\/2023\/11\/pienza-view-300x119.jpg 300w, https:\/\/inzain.bike\/wp-content\/uploads\/2023\/11\/pienza-view-768x304.jpg 768w, https:\/\/inzain.bike\/wp-content\/uploads\/2023\/11\/pienza-view-18x7.jpg 18w, https:\/\/inzain.bike\/wp-content\/uploads\/2023\/11\/pienza-view-1320x523.jpg 1320w, https:\/\/inzain.bike\/wp-content\/uploads\/2023\/11\/pienza-view-600x238.jpg 600w, https:\/\/inzain.bike\/wp-content\/uploads\/2023\/11\/pienza-view.jpg 1440w\" sizes=\"auto, (max-width: 1024px) 100vw, 1024px\" \/><\/figure>\n\n\n\n<p>Nach der Weinprobe k\u00f6nnen Sie \u00fcber die Stra\u00dfe zum Caf\u00e9 aus dem 19. Jahrhundert gehen,&nbsp;<em>Fiaschetteria Italiana<\/em>, wo man wunderbar sitzen und die Passanten beobachten kann. Etwas au\u00dferhalb der Stadt k\u00f6nnen Sie die fantastische Natur genie\u00dfen und das wundersch\u00f6ne cremefarbene Kloster Sant&#039;Antimo besuchen. Von hier aus k\u00f6nnen Sie eine halbt\u00e4gige Wanderung nach Bagno Vignoni unternehmen, durch die Orcia-Schlucht, wo Sie ein wundersch\u00f6nes Tal mit einem Fluss und einigen mittelalterlichen Burgen finden. Allerdings sollten Sie sich einen Kompass, eine Karte oder ein sehr gutes Ortsgesp\u00fcr merken.<\/p>\n\n\n\n<p><br><br>Bagno Vignoni ist einer der Orte in der Toskana, der trotz seiner sehr geringen Gr\u00f6\u00dfe sehr beliebt ist. Warum? Weil es bezaubernd und charmant ist \u2026 und weil es hei\u00dfe Quellen hat! Machen Sie hier einen Halt, um auch die herrliche Aussicht auf das Val d&#039;Orcia rund um die kleine Stadt zu genie\u00dfen, einschlie\u00dflich der Rocca di Tentennano in Castiglione d&#039;Orcia in der Ferne. Bagno Vignoni ist einzigartig: Nirgendwo sonst in Italien finden Sie seinen zentralen Platz mit einem mit hei\u00dfen Quellen gef\u00fcllten Becken. Die 49 Meter lange und 29 Meter breite Renaissance-Piazza wurde direkt \u00fcber der urspr\u00fcnglichen Quelle der hei\u00dfen Quellen der R\u00f6mer errichtet.<\/p>\n\n\n\n<figure class=\"wp-block-image size-large\"><img decoding=\"async\" src=\"https:\/\/inzain.bike\/wp-content\/uploads\/2023\/11\/20231012_104114-768x1024.jpg\" alt=\"\" class=\"wp-image-5603\"\/><\/figure>\n\n\n\n<figure class=\"wp-block-image size-large\"><img loading=\"lazy\" decoding=\"async\" width=\"1024\" height=\"768\" src=\"https:\/\/inzain.bike\/wp-content\/uploads\/2023\/11\/20231012_111648-1024x768.jpg\" alt=\"\" class=\"wp-image-5604\" srcset=\"https:\/\/inzain.bike\/wp-content\/uploads\/2023\/11\/20231012_111648-1024x768.jpg 1024w, https:\/\/inzain.bike\/wp-content\/uploads\/2023\/11\/20231012_111648-300x225.jpg 300w, https:\/\/inzain.bike\/wp-content\/uploads\/2023\/11\/20231012_111648-768x576.jpg 768w, https:\/\/inzain.bike\/wp-content\/uploads\/2023\/11\/20231012_111648-1536x1152.jpg 1536w, https:\/\/inzain.bike\/wp-content\/uploads\/2023\/11\/20231012_111648-2048x1536.jpg 2048w, https:\/\/inzain.bike\/wp-content\/uploads\/2023\/11\/20231012_111648-16x12.jpg 16w, https:\/\/inzain.bike\/wp-content\/uploads\/2023\/11\/20231012_111648-1320x990.jpg 1320w, https:\/\/inzain.bike\/wp-content\/uploads\/2023\/11\/20231012_111648-600x450.jpg 600w\" sizes=\"auto, (max-width: 1024px) 100vw, 1024px\" \/><\/figure>\n<\/div>\n<\/div>\n\n\n\n<p><\/p>","protected":false},"excerpt":{"rendered":"<p>Toscana r\u00e4knas av m\u00e5nga som ett av de vackraste landskapen i Italien. Det toskanska k\u00f6ket \u00e4r k\u00e4nt \u00f6ver hela v\u00e4rlden, liksom regionens fina viner fr\u00e5n distrikten Chianti, Morellino di Scansano och Brunello di Montalcino. Ett j\u00e4mf\u00f6relsevis stort antal av Italiens ren\u00e4ssanskonstn\u00e4rer och f\u00f6rfattare h\u00e4rstammar h\u00e4rifr\u00e5n, varf\u00f6r Toscana kan s\u00e4gas vara ett centrum f\u00f6r den europeiska [&hellip;]<\/p>\n","protected":false},"author":135133094,"featured_media":0,"parent":0,"menu_order":0,"comment_status":"closed","ping_status":"closed","template":"","meta":{"_coblocks_attr":"","_coblocks_dimensions":"","_coblocks_responsive_height":"","_coblocks_accordion_ie_support":"","footnotes":""},"class_list":["post-7054","page","type-page","status-publish","hentry"],"yoast_head":"<!-- This site is optimized with the Yoast SEO plugin v27.2 - https:\/\/yoast.com\/product\/yoast-seo-wordpress\/ -->\n<title>Om Kalifornien - INZAIN Cycling EXPERIENCES<\/title>\n<meta name=\"robots\" content=\"index, follow, max-snippet:-1, max-image-preview:large, max-video-preview:-1\" \/>\n<link rel=\"canonical\" href=\"https:\/\/inzain.bike\/de\/cal24-about\/\" \/>\n<meta property=\"og:locale\" content=\"de_DE\" \/>\n<meta property=\"og:type\" content=\"article\" \/>\n<meta property=\"og:title\" content=\"Om Kalifornien - INZAIN Cycling EXPERIENCES\" \/>\n<meta property=\"og:description\" content=\"Toscana r\u00e4knas av m\u00e5nga som ett av de vackraste landskapen i Italien. Det toskanska k\u00f6ket \u00e4r k\u00e4nt \u00f6ver hela v\u00e4rlden, liksom regionens fina viner fr\u00e5n distrikten Chianti, Morellino di Scansano och Brunello di Montalcino. Ett j\u00e4mf\u00f6relsevis stort antal av Italiens ren\u00e4ssanskonstn\u00e4rer och f\u00f6rfattare h\u00e4rstammar h\u00e4rifr\u00e5n, varf\u00f6r Toscana kan s\u00e4gas vara ett centrum f\u00f6r den europeiska [&hellip;]\" \/>\n<meta property=\"og:url\" content=\"https:\/\/inzain.bike\/de\/cal24-about\/\" \/>\n<meta property=\"og:site_name\" content=\"INZAIN Cycling EXPERIENCES\" \/>\n<meta property=\"article:publisher\" content=\"https:\/\/www.facebook.com\/Inzain.bike\" \/>\n<meta property=\"article:modified_time\" content=\"2024-03-19T07:28:29+00:00\" \/>\n<meta property=\"og:image\" content=\"https:\/\/inzain.bike\/wp-content\/uploads\/2023\/11\/1920px-Map_of_region_of_Tuscany_Italy_with_provinces-it.svg_-925x1024.png\" \/>\n<meta name=\"twitter:card\" content=\"summary_large_image\" \/>\n<meta name=\"twitter:label1\" content=\"Gesch\u00e4tzte Lesezeit\" \/>\n\t<meta name=\"twitter:data1\" content=\"5\u00a0Minuten\" \/>\n<script type=\"application\/ld+json\" class=\"yoast-schema-graph\">{\"@context\":\"https:\/\/schema.org\",\"@graph\":[{\"@type\":\"WebPage\",\"@id\":\"https:\/\/inzain.bike\/en_gb\/cal24-about\/\",\"url\":\"https:\/\/inzain.bike\/en_gb\/cal24-about\/\",\"name\":\"Om Kalifornien - INZAIN Cycling EXPERIENCES\",\"isPartOf\":{\"@id\":\"https:\/\/inzain.bike\/fr_be\/#website\"},\"primaryImageOfPage\":{\"@id\":\"https:\/\/inzain.bike\/en_gb\/cal24-about\/#primaryimage\"},\"image\":{\"@id\":\"https:\/\/inzain.bike\/en_gb\/cal24-about\/#primaryimage\"},\"thumbnailUrl\":\"https:\/\/inzain.bike\/wp-content\/uploads\/2023\/11\/1920px-Map_of_region_of_Tuscany_Italy_with_provinces-it.svg_-925x1024.png\",\"datePublished\":\"2024-03-19T07:28:26+00:00\",\"dateModified\":\"2024-03-19T07:28:29+00:00\",\"breadcrumb\":{\"@id\":\"https:\/\/inzain.bike\/en_gb\/cal24-about\/#breadcrumb\"},\"inLanguage\":\"de\",\"potentialAction\":[{\"@type\":\"ReadAction\",\"target\":[\"https:\/\/inzain.bike\/en_gb\/cal24-about\/\"]}]},{\"@type\":\"ImageObject\",\"inLanguage\":\"de\",\"@id\":\"https:\/\/inzain.bike\/en_gb\/cal24-about\/#primaryimage\",\"url\":\"https:\/\/inzain.bike\/wp-content\/uploads\/2023\/11\/1920px-Map_of_region_of_Tuscany_Italy_with_provinces-it.svg_-925x1024.png\",\"contentUrl\":\"https:\/\/inzain.bike\/wp-content\/uploads\/2023\/11\/1920px-Map_of_region_of_Tuscany_Italy_with_provinces-it.svg_-925x1024.png\"},{\"@type\":\"BreadcrumbList\",\"@id\":\"https:\/\/inzain.bike\/en_gb\/cal24-about\/#breadcrumb\",\"itemListElement\":[{\"@type\":\"ListItem\",\"position\":1,\"name\":\"Hem\",\"item\":\"https:\/\/inzain.bike\/fr_be\/\"},{\"@type\":\"ListItem\",\"position\":2,\"name\":\"Om Kalifornien\"}]},{\"@type\":\"WebSite\",\"@id\":\"https:\/\/inzain.bike\/fr_be\/#website\",\"url\":\"https:\/\/inzain.bike\/fr_be\/\",\"name\":\"INZAIN Cycling EXPERIENCES\",\"description\":\"Cyckling Adventures  - for everyone\",\"publisher\":{\"@id\":\"https:\/\/inzain.bike\/fr_be\/#organization\"},\"alternateName\":\"INZAIN Gravel & Travel\",\"potentialAction\":[{\"@type\":\"SearchAction\",\"target\":{\"@type\":\"EntryPoint\",\"urlTemplate\":\"https:\/\/inzain.bike\/fr_be\/?s={search_term_string}\"},\"query-input\":{\"@type\":\"PropertyValueSpecification\",\"valueRequired\":true,\"valueName\":\"search_term_string\"}}],\"inLanguage\":\"de\"},{\"@type\":\"Organization\",\"@id\":\"https:\/\/inzain.bike\/fr_be\/#organization\",\"name\":\"INZAIN Cycling EXPERIENCES\",\"url\":\"https:\/\/inzain.bike\/fr_be\/\",\"logo\":{\"@type\":\"ImageObject\",\"inLanguage\":\"de\",\"@id\":\"https:\/\/inzain.bike\/fr_be\/#\/schema\/logo\/image\/\",\"url\":\"https:\/\/i0.wp.com\/inzain.bike\/wp-content\/uploads\/2023\/09\/cropped-INZAIN_512x512_white.png?fit=512%2C512&ssl=1\",\"contentUrl\":\"https:\/\/i0.wp.com\/inzain.bike\/wp-content\/uploads\/2023\/09\/cropped-INZAIN_512x512_white.png?fit=512%2C512&ssl=1\",\"width\":512,\"height\":512,\"caption\":\"INZAIN Cycling EXPERIENCES\"},\"image\":{\"@id\":\"https:\/\/inzain.bike\/fr_be\/#\/schema\/logo\/image\/\"},\"sameAs\":[\"https:\/\/www.facebook.com\/Inzain.bike\",\"https:\/\/www.instagram.com\/inzainbike\"]}]}<\/script>\n<!-- \/ Yoast SEO plugin. -->","yoast_head_json":{"title":"\u00dcber Kalifornien - INZAIN Cycling EXPERIENCES","robots":{"index":"index","follow":"follow","max-snippet":"max-snippet:-1","max-image-preview":"max-image-preview:large","max-video-preview":"max-video-preview:-1"},"canonical":"https:\/\/inzain.bike\/de\/cal24-about\/","og_locale":"de_DE","og_type":"article","og_title":"Om Kalifornien - INZAIN Cycling EXPERIENCES","og_description":"Toscana r\u00e4knas av m\u00e5nga som ett av de vackraste landskapen i Italien. Det toskanska k\u00f6ket \u00e4r k\u00e4nt \u00f6ver hela v\u00e4rlden, liksom regionens fina viner fr\u00e5n distrikten Chianti, Morellino di Scansano och Brunello di Montalcino. Ett j\u00e4mf\u00f6relsevis stort antal av Italiens ren\u00e4ssanskonstn\u00e4rer och f\u00f6rfattare h\u00e4rstammar h\u00e4rifr\u00e5n, varf\u00f6r Toscana kan s\u00e4gas vara ett centrum f\u00f6r den europeiska [&hellip;]","og_url":"https:\/\/inzain.bike\/de\/cal24-about\/","og_site_name":"INZAIN Cycling EXPERIENCES","article_publisher":"https:\/\/www.facebook.com\/Inzain.bike","article_modified_time":"2024-03-19T07:28:29+00:00","og_image":[{"url":"https:\/\/inzain.bike\/wp-content\/uploads\/2023\/11\/1920px-Map_of_region_of_Tuscany_Italy_with_provinces-it.svg_-925x1024.png","type":"","width":"","height":""}],"twitter_card":"summary_large_image","twitter_misc":{"Gesch\u00e4tzte Lesezeit":"5\u00a0Minuten"},"schema":{"@context":"https:\/\/schema.org","@graph":[{"@type":"WebPage","@id":"https:\/\/inzain.bike\/en_gb\/cal24-about\/","url":"https:\/\/inzain.bike\/en_gb\/cal24-about\/","name":"\u00dcber Kalifornien - INZAIN Cycling EXPERIENCES","isPartOf":{"@id":"https:\/\/inzain.bike\/fr_be\/#website"},"primaryImageOfPage":{"@id":"https:\/\/inzain.bike\/en_gb\/cal24-about\/#primaryimage"},"image":{"@id":"https:\/\/inzain.bike\/en_gb\/cal24-about\/#primaryimage"},"thumbnailUrl":"https:\/\/inzain.bike\/wp-content\/uploads\/2023\/11\/1920px-Map_of_region_of_Tuscany_Italy_with_provinces-it.svg_-925x1024.png","datePublished":"2024-03-19T07:28:26+00:00","dateModified":"2024-03-19T07:28:29+00:00","breadcrumb":{"@id":"https:\/\/inzain.bike\/en_gb\/cal24-about\/#breadcrumb"},"inLanguage":"de","potentialAction":[{"@type":"ReadAction","target":["https:\/\/inzain.bike\/en_gb\/cal24-about\/"]}]},{"@type":"ImageObject","inLanguage":"de","@id":"https:\/\/inzain.bike\/en_gb\/cal24-about\/#primaryimage","url":"https:\/\/inzain.bike\/wp-content\/uploads\/2023\/11\/1920px-Map_of_region_of_Tuscany_Italy_with_provinces-it.svg_-925x1024.png","contentUrl":"https:\/\/inzain.bike\/wp-content\/uploads\/2023\/11\/1920px-Map_of_region_of_Tuscany_Italy_with_provinces-it.svg_-925x1024.png"},{"@type":"BreadcrumbList","@id":"https:\/\/inzain.bike\/en_gb\/cal24-about\/#breadcrumb","itemListElement":[{"@type":"ListItem","position":1,"name":"Hem","item":"https:\/\/inzain.bike\/fr_be\/"},{"@type":"ListItem","position":2,"name":"Om Kalifornien"}]},{"@type":"WebSite","@id":"https:\/\/inzain.bike\/fr_be\/#website","url":"https:\/\/inzain.bike\/fr_be\/","name":"INZAIN-Raderlebnisse","description":"Radabenteuer \u2013 f\u00fcr jedermann","publisher":{"@id":"https:\/\/inzain.bike\/fr_be\/#organization"},"alternateName":"INZAIN Gravel & Travel","potentialAction":[{"@type":"SearchAction","target":{"@type":"EntryPoint","urlTemplate":"https:\/\/inzain.bike\/fr_be\/?s={search_term_string}"},"query-input":{"@type":"PropertyValueSpecification","valueRequired":true,"valueName":"search_term_string"}}],"inLanguage":"de"},{"@type":"Organization","@id":"https:\/\/inzain.bike\/fr_be\/#organization","name":"INZAIN-Raderlebnisse","url":"https:\/\/inzain.bike\/fr_be\/","logo":{"@type":"ImageObject","inLanguage":"de","@id":"https:\/\/inzain.bike\/fr_be\/#\/schema\/logo\/image\/","url":"https:\/\/i0.wp.com\/inzain.bike\/wp-content\/uploads\/2023\/09\/cropped-INZAIN_512x512_white.png?fit=512%2C512&ssl=1","contentUrl":"https:\/\/i0.wp.com\/inzain.bike\/wp-content\/uploads\/2023\/09\/cropped-INZAIN_512x512_white.png?fit=512%2C512&ssl=1","width":512,"height":512,"caption":"INZAIN Cycling EXPERIENCES"},"image":{"@id":"https:\/\/inzain.bike\/fr_be\/#\/schema\/logo\/image\/"},"sameAs":["https:\/\/www.facebook.com\/Inzain.bike","https:\/\/www.instagram.com\/inzainbike"]}]}},"amp_enabled":true,"_links":{"self":[{"href":"https:\/\/inzain.bike\/de\/wp-json\/wp\/v2\/pages\/7054","targetHints":{"allow":["GET"]}}],"collection":[{"href":"https:\/\/inzain.bike\/de\/wp-json\/wp\/v2\/pages"}],"about":[{"href":"https:\/\/inzain.bike\/de\/wp-json\/wp\/v2\/types\/page"}],"author":[{"embeddable":true,"href":"https:\/\/inzain.bike\/de\/wp-json\/wp\/v2\/users\/135133094"}],"replies":[{"embeddable":true,"href":"https:\/\/inzain.bike\/de\/wp-json\/wp\/v2\/comments?post=7054"}],"version-history":[{"count":0,"href":"https:\/\/inzain.bike\/de\/wp-json\/wp\/v2\/pages\/7054\/revisions"}],"wp:attachment":[{"href":"https:\/\/inzain.bike\/de\/wp-json\/wp\/v2\/media?parent=7054"}],"curies":[{"name":"wp","href":"https:\/\/api.w.org\/{rel}","templated":true}]}}